{"id":9392,"date":"2025-10-02T10:16:09","date_gmt":"2025-10-02T08:16:09","guid":{"rendered":"https:\/\/www.credimex.ch\/product\/betaseal-8000-1f-glass-adhesive\/"},"modified":"2025-10-27T12:06:53","modified_gmt":"2025-10-27T11:06:53","slug":"betaseal-8000-1f-glass-adhesive","status":"publish","type":"product","link":"https:\/\/www.credimex.ch\/de\/produkt\/betaseal-8000-1f-glass-adhesive\/","title":{"rendered":"BETASEAL 8000-1F Glaskleber"},"content":{"rendered":"<h2>Eigenschaften von BETASEAL 8000-1F:<\/h2>\n<ul>\n<li>Mittlere Viskosit\u00e4t<\/li>\n<li>Hervorragende UV-Stabilit\u00e4t<\/li>\n<li>Einkomponentig<\/li>\n<li>Feuchtigkeitsh\u00e4rtung<\/li>\n<li>L\u00f6semittelfrei<\/li>\n<li>Hervorragende Durchbiegungs- und Abperleigenschaften<\/li>\n<\/ul>\n<h2>Anwendung:<\/h2>\n<ul>\n<li>Autoglasverklebung<\/li>\n<\/ul>\n","protected":false},"excerpt":{"rendered":"<p>Eigenschaften von BETASEAL 8000-1F: Mittlere Viskosit\u00e4t Hervorragende UV-Stabilit\u00e4t Einkomponentig Feuchtigkeitsh\u00e4rtung L\u00f6semittelfrei Hervorragende Durchbiegungs- und Abperleigenschaften Anwendung: Autoglasverklebung<\/p>\n","protected":false},"featured_media":9382,"comment_status":"closed","ping_status":"closed","template":"","meta":{"_acf_changed":false},"product_brand":[],"product_cat":[468,890],"product_tag":[],"class_list":{"0":"post-9392","1":"product","2":"type-product","3":"status-publish","4":"has-post-thumbnail","6":"product_cat-polyurethan-klebstoffe","7":"product_cat-dupont","9":"first","10":"instock","11":"shipping-taxable","12":"product-type-simple"},"acf":[],"_yoast_wpseo_focuskw":null,"_yoast_wpseo_metadesc":"BETASEAL 8000-1F Glasverklebungsklebstoff f\u00fcr die Automobilindustrie und den Aftermarket. Kontaktieren Sie uns f\u00fcr technische Unterst\u00fctzung und Angebote.","yoast_head":"<!-- This site is optimized with the Yoast SEO Premium plugin v21.6 (Yoast SEO v27.4) - https:\/\/yoast.com\/product\/yoast-seo-premium-wordpress\/ -->\n<title>BETASEAL 8000-1F Glaskleber - CREDIMEX<\/title>\n<meta name=\"description\" content=\"BETASEAL 8000-1F Glasverklebungsklebstoff f\u00fcr die Automobilindustrie und den Aftermarket. Kontaktieren Sie uns f\u00fcr technische Unterst\u00fctzung und Angebote.\" \/>\n<meta name=\"robots\" content=\"index, follow, max-snippet:-1, max-image-preview:large, max-video-preview:-1\" \/>\n<link rel=\"canonical\" href=\"https:\/\/www.credimex.ch\/de\/produkt\/betaseal-8000-1f-glass-adhesive\/\" \/>\n<meta property=\"og:locale\" content=\"de_DE\" \/>\n<meta property=\"og:type\" content=\"article\" \/>\n<meta property=\"og:title\" content=\"BETASEAL 8000-1F Glaskleber\" \/>\n<meta property=\"og:description\" content=\"BETASEAL 8000-1F Glasverklebungsklebstoff f\u00fcr die Automobilindustrie und den Aftermarket. Kontaktieren Sie uns f\u00fcr technische Unterst\u00fctzung und Angebote.\" \/>\n<meta property=\"og:url\" content=\"https:\/\/www.credimex.ch\/de\/produkt\/betaseal-8000-1f-glass-adhesive\/\" \/>\n<meta property=\"og:site_name\" content=\"CREDIMEX\" \/>\n<meta property=\"article:publisher\" content=\"https:\/\/www.facebook.com\/credimex.alpnach\/\" \/>\n<meta property=\"article:modified_time\" content=\"2025-10-27T11:06:53+00:00\" \/>\n<meta property=\"og:image\" content=\"https:\/\/www.credimex.ch\/wp-content\/uploads\/2025\/10\/Betaseal-1590CT-1.webp\" \/>\n\t<meta property=\"og:image:width\" content=\"1200\" \/>\n\t<meta property=\"og:image:height\" content=\"1262\" \/>\n\t<meta property=\"og:image:type\" content=\"image\/webp\" \/>\n<meta name=\"twitter:card\" content=\"summary_large_image\" \/>\n<meta name=\"twitter:label1\" content=\"Gesch\u00e4tzte Lesezeit\" \/>\n\t<meta name=\"twitter:data1\" content=\"1\u00a0Minute\" \/>\n<script type=\"application\/ld+json\" class=\"yoast-schema-graph\">{\"@context\":\"https:\\\/\\\/schema.org\",\"@graph\":[{\"@type\":\"WebPage\",\"@id\":\"https:\\\/\\\/www.credimex.ch\\\/de\\\/produkt\\\/betaseal-8000-1f-glass-adhesive\\\/\",\"url\":\"https:\\\/\\\/www.credimex.ch\\\/de\\\/produkt\\\/betaseal-8000-1f-glass-adhesive\\\/\",\"name\":\"BETASEAL 8000-1F Glaskleber - CREDIMEX\",\"isPartOf\":{\"@id\":\"https:\\\/\\\/www.credimex.ch\\\/de\\\/#website\"},\"primaryImageOfPage\":{\"@id\":\"https:\\\/\\\/www.credimex.ch\\\/de\\\/produkt\\\/betaseal-8000-1f-glass-adhesive\\\/#primaryimage\"},\"image\":{\"@id\":\"https:\\\/\\\/www.credimex.ch\\\/de\\\/produkt\\\/betaseal-8000-1f-glass-adhesive\\\/#primaryimage\"},\"thumbnailUrl\":\"https:\\\/\\\/www.credimex.ch\\\/wp-content\\\/uploads\\\/2025\\\/10\\\/Betaseal-1590CT-1.webp\",\"datePublished\":\"2025-10-02T08:16:09+00:00\",\"dateModified\":\"2025-10-27T11:06:53+00:00\",\"description\":\"BETASEAL 8000-1F Glasverklebungsklebstoff f\u00fcr die Automobilindustrie und den Aftermarket. Kontaktieren Sie uns f\u00fcr technische Unterst\u00fctzung und Angebote.\",\"breadcrumb\":{\"@id\":\"https:\\\/\\\/www.credimex.ch\\\/de\\\/produkt\\\/betaseal-8000-1f-glass-adhesive\\\/#breadcrumb\"},\"inLanguage\":\"de\",\"potentialAction\":[{\"@type\":\"ReadAction\",\"target\":[\"https:\\\/\\\/www.credimex.ch\\\/de\\\/produkt\\\/betaseal-8000-1f-glass-adhesive\\\/\"]}]},{\"@type\":\"ImageObject\",\"inLanguage\":\"de\",\"@id\":\"https:\\\/\\\/www.credimex.ch\\\/de\\\/produkt\\\/betaseal-8000-1f-glass-adhesive\\\/#primaryimage\",\"url\":\"https:\\\/\\\/www.credimex.ch\\\/wp-content\\\/uploads\\\/2025\\\/10\\\/Betaseal-1590CT-1.webp\",\"contentUrl\":\"https:\\\/\\\/www.credimex.ch\\\/wp-content\\\/uploads\\\/2025\\\/10\\\/Betaseal-1590CT-1.webp\",\"width\":1200,\"height\":1262},{\"@type\":\"BreadcrumbList\",\"@id\":\"https:\\\/\\\/www.credimex.ch\\\/de\\\/produkt\\\/betaseal-8000-1f-glass-adhesive\\\/#breadcrumb\",\"itemListElement\":[{\"@type\":\"ListItem\",\"position\":1,\"name\":\"Home\",\"item\":\"https:\\\/\\\/www.credimex.ch\\\/de\\\/\"},{\"@type\":\"ListItem\",\"position\":2,\"name\":\"Produkte\",\"item\":\"https:\\\/\\\/www.credimex.ch\\\/de\\\/produkte\\\/\"},{\"@type\":\"ListItem\",\"position\":3,\"name\":\"BETASEAL 8000-1F Glaskleber\"}]},{\"@type\":\"WebSite\",\"@id\":\"https:\\\/\\\/www.credimex.ch\\\/de\\\/#website\",\"url\":\"https:\\\/\\\/www.credimex.ch\\\/de\\\/\",\"name\":\"CREDIMEX\",\"description\":\"Partner of Swiss Industrial Market\",\"publisher\":{\"@id\":\"https:\\\/\\\/www.credimex.ch\\\/de\\\/#organization\"},\"potentialAction\":[{\"@type\":\"SearchAction\",\"target\":{\"@type\":\"EntryPoint\",\"urlTemplate\":\"https:\\\/\\\/www.credimex.ch\\\/de\\\/?s={search_term_string}\"},\"query-input\":{\"@type\":\"PropertyValueSpecification\",\"valueRequired\":true,\"valueName\":\"search_term_string\"}}],\"inLanguage\":\"de\"},{\"@type\":\"Organization\",\"@id\":\"https:\\\/\\\/www.credimex.ch\\\/de\\\/#organization\",\"name\":\"credimex\",\"url\":\"https:\\\/\\\/www.credimex.ch\\\/de\\\/\",\"logo\":{\"@type\":\"ImageObject\",\"inLanguage\":\"de\",\"@id\":\"https:\\\/\\\/www.credimex.ch\\\/de\\\/#\\\/schema\\\/logo\\\/image\\\/\",\"url\":\"https:\\\/\\\/www.credimex.ch\\\/wp-content\\\/uploads\\\/2022\\\/03\\\/cropped-logo-credimex.png\",\"contentUrl\":\"https:\\\/\\\/www.credimex.ch\\\/wp-content\\\/uploads\\\/2022\\\/03\\\/cropped-logo-credimex.png\",\"width\":512,\"height\":512,\"caption\":\"credimex\"},\"image\":{\"@id\":\"https:\\\/\\\/www.credimex.ch\\\/de\\\/#\\\/schema\\\/logo\\\/image\\\/\"},\"sameAs\":[\"https:\\\/\\\/www.facebook.com\\\/credimex.alpnach\\\/\",\"https:\\\/\\\/www.linkedin.com\\\/company\\\/credimex\\\/\",\"https:\\\/\\\/www.youtube.com\\\/@CREDIMEX?sub_confirmation=1\"]}]}<\/script>\n<!-- \/ Yoast SEO Premium plugin. -->","yoast_head_json":{"title":"BETASEAL 8000-1F Glaskleber - CREDIMEX","description":"BETASEAL 8000-1F Glasverklebungsklebstoff f\u00fcr die Automobilindustrie und den Aftermarket. Kontaktieren Sie uns f\u00fcr technische Unterst\u00fctzung und Angebote.","robots":{"index":"index","follow":"follow","max-snippet":"max-snippet:-1","max-image-preview":"max-image-preview:large","max-video-preview":"max-video-preview:-1"},"canonical":"https:\/\/www.credimex.ch\/de\/produkt\/betaseal-8000-1f-glass-adhesive\/","og_locale":"de_DE","og_type":"article","og_title":"BETASEAL 8000-1F Glaskleber","og_description":"BETASEAL 8000-1F Glasverklebungsklebstoff f\u00fcr die Automobilindustrie und den Aftermarket. Kontaktieren Sie uns f\u00fcr technische Unterst\u00fctzung und Angebote.","og_url":"https:\/\/www.credimex.ch\/de\/produkt\/betaseal-8000-1f-glass-adhesive\/","og_site_name":"CREDIMEX","article_publisher":"https:\/\/www.facebook.com\/credimex.alpnach\/","article_modified_time":"2025-10-27T11:06:53+00:00","og_image":[{"width":1200,"height":1262,"url":"https:\/\/www.credimex.ch\/wp-content\/uploads\/2025\/10\/Betaseal-1590CT-1.webp","type":"image\/webp"}],"twitter_card":"summary_large_image","twitter_misc":{"Gesch\u00e4tzte Lesezeit":"1\u00a0Minute"},"schema":{"@context":"https:\/\/schema.org","@graph":[{"@type":"WebPage","@id":"https:\/\/www.credimex.ch\/de\/produkt\/betaseal-8000-1f-glass-adhesive\/","url":"https:\/\/www.credimex.ch\/de\/produkt\/betaseal-8000-1f-glass-adhesive\/","name":"BETASEAL 8000-1F Glaskleber - CREDIMEX","isPartOf":{"@id":"https:\/\/www.credimex.ch\/de\/#website"},"primaryImageOfPage":{"@id":"https:\/\/www.credimex.ch\/de\/produkt\/betaseal-8000-1f-glass-adhesive\/#primaryimage"},"image":{"@id":"https:\/\/www.credimex.ch\/de\/produkt\/betaseal-8000-1f-glass-adhesive\/#primaryimage"},"thumbnailUrl":"https:\/\/www.credimex.ch\/wp-content\/uploads\/2025\/10\/Betaseal-1590CT-1.webp","datePublished":"2025-10-02T08:16:09+00:00","dateModified":"2025-10-27T11:06:53+00:00","description":"BETASEAL 8000-1F Glasverklebungsklebstoff f\u00fcr die Automobilindustrie und den Aftermarket. Kontaktieren Sie uns f\u00fcr technische Unterst\u00fctzung und Angebote.","breadcrumb":{"@id":"https:\/\/www.credimex.ch\/de\/produkt\/betaseal-8000-1f-glass-adhesive\/#breadcrumb"},"inLanguage":"de","potentialAction":[{"@type":"ReadAction","target":["https:\/\/www.credimex.ch\/de\/produkt\/betaseal-8000-1f-glass-adhesive\/"]}]},{"@type":"ImageObject","inLanguage":"de","@id":"https:\/\/www.credimex.ch\/de\/produkt\/betaseal-8000-1f-glass-adhesive\/#primaryimage","url":"https:\/\/www.credimex.ch\/wp-content\/uploads\/2025\/10\/Betaseal-1590CT-1.webp","contentUrl":"https:\/\/www.credimex.ch\/wp-content\/uploads\/2025\/10\/Betaseal-1590CT-1.webp","width":1200,"height":1262},{"@type":"BreadcrumbList","@id":"https:\/\/www.credimex.ch\/de\/produkt\/betaseal-8000-1f-glass-adhesive\/#breadcrumb","itemListElement":[{"@type":"ListItem","position":1,"name":"Home","item":"https:\/\/www.credimex.ch\/de\/"},{"@type":"ListItem","position":2,"name":"Produkte","item":"https:\/\/www.credimex.ch\/de\/produkte\/"},{"@type":"ListItem","position":3,"name":"BETASEAL 8000-1F Glaskleber"}]},{"@type":"WebSite","@id":"https:\/\/www.credimex.ch\/de\/#website","url":"https:\/\/www.credimex.ch\/de\/","name":"CREDIMEX","description":"Partner of Swiss Industrial Market","publisher":{"@id":"https:\/\/www.credimex.ch\/de\/#organization"},"potentialAction":[{"@type":"SearchAction","target":{"@type":"EntryPoint","urlTemplate":"https:\/\/www.credimex.ch\/de\/?s={search_term_string}"},"query-input":{"@type":"PropertyValueSpecification","valueRequired":true,"valueName":"search_term_string"}}],"inLanguage":"de"},{"@type":"Organization","@id":"https:\/\/www.credimex.ch\/de\/#organization","name":"credimex","url":"https:\/\/www.credimex.ch\/de\/","logo":{"@type":"ImageObject","inLanguage":"de","@id":"https:\/\/www.credimex.ch\/de\/#\/schema\/logo\/image\/","url":"https:\/\/www.credimex.ch\/wp-content\/uploads\/2022\/03\/cropped-logo-credimex.png","contentUrl":"https:\/\/www.credimex.ch\/wp-content\/uploads\/2022\/03\/cropped-logo-credimex.png","width":512,"height":512,"caption":"credimex"},"image":{"@id":"https:\/\/www.credimex.ch\/de\/#\/schema\/logo\/image\/"},"sameAs":["https:\/\/www.facebook.com\/credimex.alpnach\/","https:\/\/www.linkedin.com\/company\/credimex\/","https:\/\/www.youtube.com\/@CREDIMEX?sub_confirmation=1"]}]}},"_links":{"self":[{"href":"https:\/\/www.credimex.ch\/de\/wp-json\/wp\/v2\/product\/9392","targetHints":{"allow":["GET"]}}],"collection":[{"href":"https:\/\/www.credimex.ch\/de\/wp-json\/wp\/v2\/product"}],"about":[{"href":"https:\/\/www.credimex.ch\/de\/wp-json\/wp\/v2\/types\/product"}],"replies":[{"embeddable":true,"href":"https:\/\/www.credimex.ch\/de\/wp-json\/wp\/v2\/comments?post=9392"}],"wp:featuredmedia":[{"embeddable":true,"href":"https:\/\/www.credimex.ch\/de\/wp-json\/wp\/v2\/media\/9382"}],"wp:attachment":[{"href":"https:\/\/www.credimex.ch\/de\/wp-json\/wp\/v2\/media?parent=9392"}],"wp:term":[{"taxonomy":"product_brand","embeddable":true,"href":"https:\/\/www.credimex.ch\/de\/wp-json\/wp\/v2\/product_brand?post=9392"},{"taxonomy":"product_cat","embeddable":true,"href":"https:\/\/www.credimex.ch\/de\/wp-json\/wp\/v2\/product_cat?post=9392"},{"taxonomy":"product_tag","embeddable":true,"href":"https:\/\/www.credimex.ch\/de\/wp-json\/wp\/v2\/product_tag?post=9392"}],"curies":[{"name":"wp","href":"https:\/\/api.w.org\/{rel}","templated":true}]}}