{"id":9404,"date":"2025-10-02T10:34:22","date_gmt":"2025-10-02T08:34:22","guid":{"rendered":"https:\/\/www.credimex.ch\/product\/betaforce-9050-2k-polyurethane-structural-adhesive\/"},"modified":"2025-10-27T11:58:09","modified_gmt":"2025-10-27T10:58:09","slug":"betaforce-9050-2k-polyurethane-structural-adhesive","status":"publish","type":"product","link":"https:\/\/www.credimex.ch\/de\/produkt\/betaforce-9050-2k-polyurethane-structural-adhesive\/","title":{"rendered":"Betaforce 9050 \u2013 2k Polyurethan-Strukturklebstoff"},"content":{"rendered":"<p>Betaforce 9050 ist ein Strukturklebstoff auf Polyurethanbasis mit hoher mechanischer Festigkeit und Bruchdehnung.<br \/>\nMit seiner ausgezeichneten Feuchtigkeitsbest\u00e4ndigkeit bietet Betaforce 9050 eine gute Haftung auf Kunststoffen, Verbundwerkstoffen, lackierten Oberfl\u00e4chen und beschichteten Metalloberfl\u00e4chen.<\/p>\n<h2>Erh\u00e4ltlich mit kurzer und langer offener Zeit:<\/h2>\n<ul>\n<li>Betaforce 9050S \u2013 6-9 Min.<\/li>\n<li>Betaforce 9050L \u2013 40 Min.<\/li>\n<\/ul>\n<h2>Anwendung:<\/h2>\n<ul>\n<li>Ideal f\u00fcr den Einsatz im Automobilbereich.<\/li>\n<\/ul>\n<h2>Eigenschaften:<\/h2>\n<ul>\n<li>Gute Haftung auf Kunststoffen, Verbundwerkstoffen und lackierten Oberfl\u00e4chen<\/li>\n<li>Gute Haftung auf beschichteten Metalloberfl\u00e4chen<\/li>\n<li>Primerlose Haftung auf vielen Verbundwerkstoffen<\/li>\n<li>Optimiert f\u00fcr beschleunigte Verklebung bei erh\u00f6hten Temperaturen<\/li>\n<li>Sehr hohe mechanische Festigkeit und hohe Bruchdehnung<\/li>\n<li>Geringe Temperaturabh\u00e4ngigkeit des Moduls<\/li>\n<li>Glas\u00fcbergangstemperatur ausserhalb des Anwendungsbereichs<\/li>\n<\/ul>\n","protected":false},"excerpt":{"rendered":"<p>Betaforce 9050 ist ein Strukturklebstoff auf Polyurethanbasis mit hoher mechanischer Festigkeit und Bruchdehnung. Mit seiner ausgezeichneten Feuchtigkeitsbest\u00e4ndigkeit bietet Betaforce 9050 eine gute Haftung auf Kunststoffen, Verbundwerkstoffen, lackierten Oberfl\u00e4chen und beschichteten Metalloberfl\u00e4chen. Erh\u00e4ltlich mit kurzer und langer offener Zeit: Betaforce 9050S \u2013 6-9 Min. Betaforce 9050L \u2013 40 Min. Anwendung: Ideal f\u00fcr den Einsatz im Automobilbereich. [&hellip;]<\/p>\n","protected":false},"featured_media":9401,"comment_status":"closed","ping_status":"closed","template":"","meta":{"_acf_changed":false},"product_brand":[],"product_cat":[457,468,890],"product_tag":[],"class_list":{"0":"post-9404","1":"product","2":"type-product","3":"status-publish","4":"has-post-thumbnail","6":"product_cat-klebstoffe-und-dichtungsmittel","7":"product_cat-polyurethan-klebstoffe","8":"product_cat-dupont","10":"first","11":"instock","12":"shipping-taxable","13":"product-type-simple"},"acf":[],"_yoast_wpseo_focuskw":null,"_yoast_wpseo_metadesc":"Dow Betaforce 9050S est un adh\u00e9sif structurel \u00e0 base de polyur\u00e9thane 2K pr\u00e9sentant une r\u00e9sistance m\u00e9canique \u00e9lev\u00e9e, destin\u00e9 au collage de composites dans les applications automobiles.","yoast_head":"<!-- This site is optimized with the Yoast SEO Premium plugin v21.6 (Yoast SEO v27.4) - https:\/\/yoast.com\/product\/yoast-seo-premium-wordpress\/ -->\n<title>Betaforce 9050 \u2013 2k Polyurethan-Strukturklebstoff - CREDIMEX<\/title>\n<meta name=\"description\" content=\"Dow Betaforce 9050S est un adh\u00e9sif structurel \u00e0 base de polyur\u00e9thane 2K pr\u00e9sentant une r\u00e9sistance m\u00e9canique \u00e9lev\u00e9e, destin\u00e9 au collage de composites dans les applications automobiles.\" \/>\n<meta name=\"robots\" content=\"index, follow, max-snippet:-1, max-image-preview:large, max-video-preview:-1\" \/>\n<link rel=\"canonical\" href=\"https:\/\/www.credimex.ch\/de\/produkt\/betaforce-9050-2k-polyurethane-structural-adhesive\/\" \/>\n<meta property=\"og:locale\" content=\"de_DE\" \/>\n<meta property=\"og:type\" content=\"article\" \/>\n<meta property=\"og:title\" content=\"Betaforce 9050 \u2013 2k Polyurethan-Strukturklebstoff\" \/>\n<meta property=\"og:description\" content=\"Dow Betaforce 9050S est un adh\u00e9sif structurel \u00e0 base de polyur\u00e9thane 2K pr\u00e9sentant une r\u00e9sistance m\u00e9canique \u00e9lev\u00e9e, destin\u00e9 au collage de composites dans les applications automobiles.\" \/>\n<meta property=\"og:url\" content=\"https:\/\/www.credimex.ch\/de\/produkt\/betaforce-9050-2k-polyurethane-structural-adhesive\/\" \/>\n<meta property=\"og:site_name\" content=\"CREDIMEX\" \/>\n<meta property=\"article:publisher\" content=\"https:\/\/www.facebook.com\/credimex.alpnach\/\" \/>\n<meta property=\"article:modified_time\" content=\"2025-10-27T10:58:09+00:00\" \/>\n<meta property=\"og:image\" content=\"https:\/\/www.credimex.ch\/wp-content\/uploads\/2025\/10\/Betaforce.webp\" \/>\n\t<meta property=\"og:image:width\" content=\"1396\" \/>\n\t<meta property=\"og:image:height\" content=\"1468\" \/>\n\t<meta property=\"og:image:type\" content=\"image\/webp\" \/>\n<meta name=\"twitter:card\" content=\"summary_large_image\" \/>\n<meta name=\"twitter:label1\" content=\"Gesch\u00e4tzte Lesezeit\" \/>\n\t<meta name=\"twitter:data1\" content=\"1\u00a0Minute\" \/>\n<script type=\"application\/ld+json\" class=\"yoast-schema-graph\">{\"@context\":\"https:\\\/\\\/schema.org\",\"@graph\":[{\"@type\":\"WebPage\",\"@id\":\"https:\\\/\\\/www.credimex.ch\\\/de\\\/produkt\\\/betaforce-9050-2k-polyurethane-structural-adhesive\\\/\",\"url\":\"https:\\\/\\\/www.credimex.ch\\\/de\\\/produkt\\\/betaforce-9050-2k-polyurethane-structural-adhesive\\\/\",\"name\":\"Betaforce 9050 \u2013 2k Polyurethan-Strukturklebstoff - CREDIMEX\",\"isPartOf\":{\"@id\":\"https:\\\/\\\/www.credimex.ch\\\/de\\\/#website\"},\"primaryImageOfPage\":{\"@id\":\"https:\\\/\\\/www.credimex.ch\\\/de\\\/produkt\\\/betaforce-9050-2k-polyurethane-structural-adhesive\\\/#primaryimage\"},\"image\":{\"@id\":\"https:\\\/\\\/www.credimex.ch\\\/de\\\/produkt\\\/betaforce-9050-2k-polyurethane-structural-adhesive\\\/#primaryimage\"},\"thumbnailUrl\":\"https:\\\/\\\/www.credimex.ch\\\/wp-content\\\/uploads\\\/2025\\\/10\\\/Betaforce.webp\",\"datePublished\":\"2025-10-02T08:34:22+00:00\",\"dateModified\":\"2025-10-27T10:58:09+00:00\",\"description\":\"Dow Betaforce 9050S est un adh\u00e9sif structurel \u00e0 base de polyur\u00e9thane 2K pr\u00e9sentant une r\u00e9sistance m\u00e9canique \u00e9lev\u00e9e, destin\u00e9 au collage de composites dans les applications automobiles.\",\"breadcrumb\":{\"@id\":\"https:\\\/\\\/www.credimex.ch\\\/de\\\/produkt\\\/betaforce-9050-2k-polyurethane-structural-adhesive\\\/#breadcrumb\"},\"inLanguage\":\"de\",\"potentialAction\":[{\"@type\":\"ReadAction\",\"target\":[\"https:\\\/\\\/www.credimex.ch\\\/de\\\/produkt\\\/betaforce-9050-2k-polyurethane-structural-adhesive\\\/\"]}]},{\"@type\":\"ImageObject\",\"inLanguage\":\"de\",\"@id\":\"https:\\\/\\\/www.credimex.ch\\\/de\\\/produkt\\\/betaforce-9050-2k-polyurethane-structural-adhesive\\\/#primaryimage\",\"url\":\"https:\\\/\\\/www.credimex.ch\\\/wp-content\\\/uploads\\\/2025\\\/10\\\/Betaforce.webp\",\"contentUrl\":\"https:\\\/\\\/www.credimex.ch\\\/wp-content\\\/uploads\\\/2025\\\/10\\\/Betaforce.webp\",\"width\":1396,\"height\":1468},{\"@type\":\"BreadcrumbList\",\"@id\":\"https:\\\/\\\/www.credimex.ch\\\/de\\\/produkt\\\/betaforce-9050-2k-polyurethane-structural-adhesive\\\/#breadcrumb\",\"itemListElement\":[{\"@type\":\"ListItem\",\"position\":1,\"name\":\"Home\",\"item\":\"https:\\\/\\\/www.credimex.ch\\\/de\\\/\"},{\"@type\":\"ListItem\",\"position\":2,\"name\":\"Produkte\",\"item\":\"https:\\\/\\\/www.credimex.ch\\\/de\\\/produkte\\\/\"},{\"@type\":\"ListItem\",\"position\":3,\"name\":\"Betaforce 9050 \u2013 2k Polyurethan-Strukturklebstoff\"}]},{\"@type\":\"WebSite\",\"@id\":\"https:\\\/\\\/www.credimex.ch\\\/de\\\/#website\",\"url\":\"https:\\\/\\\/www.credimex.ch\\\/de\\\/\",\"name\":\"CREDIMEX\",\"description\":\"Partner of Swiss Industrial Market\",\"publisher\":{\"@id\":\"https:\\\/\\\/www.credimex.ch\\\/de\\\/#organization\"},\"potentialAction\":[{\"@type\":\"SearchAction\",\"target\":{\"@type\":\"EntryPoint\",\"urlTemplate\":\"https:\\\/\\\/www.credimex.ch\\\/de\\\/?s={search_term_string}\"},\"query-input\":{\"@type\":\"PropertyValueSpecification\",\"valueRequired\":true,\"valueName\":\"search_term_string\"}}],\"inLanguage\":\"de\"},{\"@type\":\"Organization\",\"@id\":\"https:\\\/\\\/www.credimex.ch\\\/de\\\/#organization\",\"name\":\"credimex\",\"url\":\"https:\\\/\\\/www.credimex.ch\\\/de\\\/\",\"logo\":{\"@type\":\"ImageObject\",\"inLanguage\":\"de\",\"@id\":\"https:\\\/\\\/www.credimex.ch\\\/de\\\/#\\\/schema\\\/logo\\\/image\\\/\",\"url\":\"https:\\\/\\\/www.credimex.ch\\\/wp-content\\\/uploads\\\/2022\\\/03\\\/cropped-logo-credimex.png\",\"contentUrl\":\"https:\\\/\\\/www.credimex.ch\\\/wp-content\\\/uploads\\\/2022\\\/03\\\/cropped-logo-credimex.png\",\"width\":512,\"height\":512,\"caption\":\"credimex\"},\"image\":{\"@id\":\"https:\\\/\\\/www.credimex.ch\\\/de\\\/#\\\/schema\\\/logo\\\/image\\\/\"},\"sameAs\":[\"https:\\\/\\\/www.facebook.com\\\/credimex.alpnach\\\/\",\"https:\\\/\\\/www.linkedin.com\\\/company\\\/credimex\\\/\",\"https:\\\/\\\/www.youtube.com\\\/@CREDIMEX?sub_confirmation=1\"]}]}<\/script>\n<!-- \/ Yoast SEO Premium plugin. -->","yoast_head_json":{"title":"Betaforce 9050 \u2013 2k Polyurethan-Strukturklebstoff - CREDIMEX","description":"Dow Betaforce 9050S est un adh\u00e9sif structurel \u00e0 base de polyur\u00e9thane 2K pr\u00e9sentant une r\u00e9sistance m\u00e9canique \u00e9lev\u00e9e, destin\u00e9 au collage de composites dans les applications automobiles.","robots":{"index":"index","follow":"follow","max-snippet":"max-snippet:-1","max-image-preview":"max-image-preview:large","max-video-preview":"max-video-preview:-1"},"canonical":"https:\/\/www.credimex.ch\/de\/produkt\/betaforce-9050-2k-polyurethane-structural-adhesive\/","og_locale":"de_DE","og_type":"article","og_title":"Betaforce 9050 \u2013 2k Polyurethan-Strukturklebstoff","og_description":"Dow Betaforce 9050S est un adh\u00e9sif structurel \u00e0 base de polyur\u00e9thane 2K pr\u00e9sentant une r\u00e9sistance m\u00e9canique \u00e9lev\u00e9e, destin\u00e9 au collage de composites dans les applications automobiles.","og_url":"https:\/\/www.credimex.ch\/de\/produkt\/betaforce-9050-2k-polyurethane-structural-adhesive\/","og_site_name":"CREDIMEX","article_publisher":"https:\/\/www.facebook.com\/credimex.alpnach\/","article_modified_time":"2025-10-27T10:58:09+00:00","og_image":[{"width":1396,"height":1468,"url":"https:\/\/www.credimex.ch\/wp-content\/uploads\/2025\/10\/Betaforce.webp","type":"image\/webp"}],"twitter_card":"summary_large_image","twitter_misc":{"Gesch\u00e4tzte Lesezeit":"1\u00a0Minute"},"schema":{"@context":"https:\/\/schema.org","@graph":[{"@type":"WebPage","@id":"https:\/\/www.credimex.ch\/de\/produkt\/betaforce-9050-2k-polyurethane-structural-adhesive\/","url":"https:\/\/www.credimex.ch\/de\/produkt\/betaforce-9050-2k-polyurethane-structural-adhesive\/","name":"Betaforce 9050 \u2013 2k Polyurethan-Strukturklebstoff - CREDIMEX","isPartOf":{"@id":"https:\/\/www.credimex.ch\/de\/#website"},"primaryImageOfPage":{"@id":"https:\/\/www.credimex.ch\/de\/produkt\/betaforce-9050-2k-polyurethane-structural-adhesive\/#primaryimage"},"image":{"@id":"https:\/\/www.credimex.ch\/de\/produkt\/betaforce-9050-2k-polyurethane-structural-adhesive\/#primaryimage"},"thumbnailUrl":"https:\/\/www.credimex.ch\/wp-content\/uploads\/2025\/10\/Betaforce.webp","datePublished":"2025-10-02T08:34:22+00:00","dateModified":"2025-10-27T10:58:09+00:00","description":"Dow Betaforce 9050S est un adh\u00e9sif structurel \u00e0 base de polyur\u00e9thane 2K pr\u00e9sentant une r\u00e9sistance m\u00e9canique \u00e9lev\u00e9e, destin\u00e9 au collage de composites dans les applications automobiles.","breadcrumb":{"@id":"https:\/\/www.credimex.ch\/de\/produkt\/betaforce-9050-2k-polyurethane-structural-adhesive\/#breadcrumb"},"inLanguage":"de","potentialAction":[{"@type":"ReadAction","target":["https:\/\/www.credimex.ch\/de\/produkt\/betaforce-9050-2k-polyurethane-structural-adhesive\/"]}]},{"@type":"ImageObject","inLanguage":"de","@id":"https:\/\/www.credimex.ch\/de\/produkt\/betaforce-9050-2k-polyurethane-structural-adhesive\/#primaryimage","url":"https:\/\/www.credimex.ch\/wp-content\/uploads\/2025\/10\/Betaforce.webp","contentUrl":"https:\/\/www.credimex.ch\/wp-content\/uploads\/2025\/10\/Betaforce.webp","width":1396,"height":1468},{"@type":"BreadcrumbList","@id":"https:\/\/www.credimex.ch\/de\/produkt\/betaforce-9050-2k-polyurethane-structural-adhesive\/#breadcrumb","itemListElement":[{"@type":"ListItem","position":1,"name":"Home","item":"https:\/\/www.credimex.ch\/de\/"},{"@type":"ListItem","position":2,"name":"Produkte","item":"https:\/\/www.credimex.ch\/de\/produkte\/"},{"@type":"ListItem","position":3,"name":"Betaforce 9050 \u2013 2k Polyurethan-Strukturklebstoff"}]},{"@type":"WebSite","@id":"https:\/\/www.credimex.ch\/de\/#website","url":"https:\/\/www.credimex.ch\/de\/","name":"CREDIMEX","description":"Partner of Swiss Industrial Market","publisher":{"@id":"https:\/\/www.credimex.ch\/de\/#organization"},"potentialAction":[{"@type":"SearchAction","target":{"@type":"EntryPoint","urlTemplate":"https:\/\/www.credimex.ch\/de\/?s={search_term_string}"},"query-input":{"@type":"PropertyValueSpecification","valueRequired":true,"valueName":"search_term_string"}}],"inLanguage":"de"},{"@type":"Organization","@id":"https:\/\/www.credimex.ch\/de\/#organization","name":"credimex","url":"https:\/\/www.credimex.ch\/de\/","logo":{"@type":"ImageObject","inLanguage":"de","@id":"https:\/\/www.credimex.ch\/de\/#\/schema\/logo\/image\/","url":"https:\/\/www.credimex.ch\/wp-content\/uploads\/2022\/03\/cropped-logo-credimex.png","contentUrl":"https:\/\/www.credimex.ch\/wp-content\/uploads\/2022\/03\/cropped-logo-credimex.png","width":512,"height":512,"caption":"credimex"},"image":{"@id":"https:\/\/www.credimex.ch\/de\/#\/schema\/logo\/image\/"},"sameAs":["https:\/\/www.facebook.com\/credimex.alpnach\/","https:\/\/www.linkedin.com\/company\/credimex\/","https:\/\/www.youtube.com\/@CREDIMEX?sub_confirmation=1"]}]}},"_links":{"self":[{"href":"https:\/\/www.credimex.ch\/de\/wp-json\/wp\/v2\/product\/9404","targetHints":{"allow":["GET"]}}],"collection":[{"href":"https:\/\/www.credimex.ch\/de\/wp-json\/wp\/v2\/product"}],"about":[{"href":"https:\/\/www.credimex.ch\/de\/wp-json\/wp\/v2\/types\/product"}],"replies":[{"embeddable":true,"href":"https:\/\/www.credimex.ch\/de\/wp-json\/wp\/v2\/comments?post=9404"}],"wp:featuredmedia":[{"embeddable":true,"href":"https:\/\/www.credimex.ch\/de\/wp-json\/wp\/v2\/media\/9401"}],"wp:attachment":[{"href":"https:\/\/www.credimex.ch\/de\/wp-json\/wp\/v2\/media?parent=9404"}],"wp:term":[{"taxonomy":"product_brand","embeddable":true,"href":"https:\/\/www.credimex.ch\/de\/wp-json\/wp\/v2\/product_brand?post=9404"},{"taxonomy":"product_cat","embeddable":true,"href":"https:\/\/www.credimex.ch\/de\/wp-json\/wp\/v2\/product_cat?post=9404"},{"taxonomy":"product_tag","embeddable":true,"href":"https:\/\/www.credimex.ch\/de\/wp-json\/wp\/v2\/product_tag?post=9404"}],"curies":[{"name":"wp","href":"https:\/\/api.w.org\/{rel}","templated":true}]}}