{"id":9424,"date":"2025-10-02T11:44:58","date_gmt":"2025-10-02T09:44:58","guid":{"rendered":"https:\/\/www.credimex.ch\/product\/betamate-2090-crash-resistant-structural-adhesive\/"},"modified":"2025-10-27T12:00:53","modified_gmt":"2025-10-27T11:00:53","slug":"betamate-2090-crash-resistant-structural-adhesive","status":"publish","type":"product","link":"https:\/\/www.credimex.ch\/de\/produkt\/betamate-2090-crash-resistant-structural-adhesive\/","title":{"rendered":"Betamate 2090 \u2013 Crash Resistant Structural Adhesive"},"content":{"rendered":"<p>Hochleistungsf\u00e4higer Strukturklebstoff mit schneller Grundfestigkeit.<br \/>\nAusgelegt f\u00fcr hohe Glas\u00fcbergangstemperatur und schnelle Aush\u00e4rtung.<br \/>\nExzellente Haftung auf Stahl und vorbehandeltem Aluminium.<br \/>\nThatcham-zugelassen f\u00fcr Automobilindustrie. <\/p>\n<h2>Anwendung:<\/h2>\n<ul>\n<li>Busse, LKW, Schienenfahrzeuge, Automobile<\/li>\n<\/ul>\n<h2>Eigenschaften:<\/h2>\n<ul>\n<li>Hervorragende Haftung auf Automobilst\u00e4hlen inkl. beschichteten St\u00e4hlen und vorbehandeltem Aluminium<\/li>\n<li>Hohe Glas\u00fcbergangstemperatur<\/li>\n<li>Schnelle Aush\u00e4rtung, handfest ca. 1 Stunde<\/li>\n<li>Erh\u00f6ht Steifigkeit und Crash-Stabilit\u00e4t<\/li>\n<li>Kompatibel mit mechanischen\/thermischen Verbindungstechniken<\/li>\n<li>Thatcham-zugelassen<\/li>\n<\/ul>\n","protected":false},"excerpt":{"rendered":"<p>Hochleistungsf\u00e4higer Strukturklebstoff mit schneller Grundfestigkeit. Ausgelegt f\u00fcr hohe Glas\u00fcbergangstemperatur und schnelle Aush\u00e4rtung. Exzellente Haftung auf Stahl und vorbehandeltem Aluminium. Thatcham-zugelassen f\u00fcr Automobilindustrie. Anwendung: Busse, LKW, Schienenfahrzeuge, Automobile Eigenschaften: Hervorragende Haftung auf Automobilst\u00e4hlen inkl. beschichteten St\u00e4hlen und vorbehandeltem Aluminium Hohe Glas\u00fcbergangstemperatur Schnelle Aush\u00e4rtung, handfest ca. 1 Stunde Erh\u00f6ht Steifigkeit und Crash-Stabilit\u00e4t Kompatibel mit mechanischen\/thermischen Verbindungstechniken Thatcham-zugelassen<\/p>\n","protected":false},"featured_media":9422,"comment_status":"closed","ping_status":"closed","template":"","meta":{"_acf_changed":false},"product_brand":[],"product_cat":[642,457,890],"product_tag":[],"class_list":{"0":"post-9424","1":"product","2":"type-product","3":"status-publish","4":"has-post-thumbnail","6":"product_cat-epoxid-klebstoffe","7":"product_cat-klebstoffe-und-dichtungsmittel","8":"product_cat-dupont","10":"first","11":"instock","12":"shipping-taxable","13":"product-type-simple"},"acf":[],"_yoast_wpseo_focuskw":null,"_yoast_wpseo_metadesc":"Dow Betamate 2090 ist ein hochleistungsf\u00e4higer Epoxidklebstoff, der zur Erh\u00f6hung der Betriebsdauer, der Crash-Sicherheit und der Karosseriesteifigkeit in Fahrzeugen eingesetzt wird.","yoast_head":"<!-- This site is optimized with the Yoast SEO Premium plugin v21.6 (Yoast SEO v27.4) - https:\/\/yoast.com\/product\/yoast-seo-premium-wordpress\/ -->\n<title>Betamate 2090 \u2013 Crash Resistant Structural Adhesive - CREDIMEX<\/title>\n<meta name=\"description\" content=\"Dow Betamate 2090 ist ein hochleistungsf\u00e4higer Epoxidklebstoff, der zur Erh\u00f6hung der Betriebsdauer, der Crash-Sicherheit und der Karosseriesteifigkeit in Fahrzeugen eingesetzt wird.\" \/>\n<meta name=\"robots\" content=\"index, follow, max-snippet:-1, max-image-preview:large, max-video-preview:-1\" \/>\n<link rel=\"canonical\" href=\"https:\/\/www.credimex.ch\/de\/produkt\/betamate-2090-crash-resistant-structural-adhesive\/\" \/>\n<meta property=\"og:locale\" content=\"de_DE\" \/>\n<meta property=\"og:type\" content=\"article\" \/>\n<meta property=\"og:title\" content=\"Betamate 2090 \u2013 Crash Resistant Structural Adhesive\" \/>\n<meta property=\"og:description\" content=\"Dow Betamate 2090 ist ein hochleistungsf\u00e4higer Epoxidklebstoff, der zur Erh\u00f6hung der Betriebsdauer, der Crash-Sicherheit und der Karosseriesteifigkeit in Fahrzeugen eingesetzt wird.\" \/>\n<meta property=\"og:url\" content=\"https:\/\/www.credimex.ch\/de\/produkt\/betamate-2090-crash-resistant-structural-adhesive\/\" \/>\n<meta property=\"og:site_name\" content=\"CREDIMEX\" \/>\n<meta property=\"article:publisher\" content=\"https:\/\/www.facebook.com\/credimex.alpnach\/\" \/>\n<meta property=\"article:modified_time\" content=\"2025-10-27T11:00:53+00:00\" \/>\n<meta property=\"og:image\" content=\"https:\/\/www.credimex.ch\/wp-content\/uploads\/2025\/10\/betamate-2090-with-thatcham-approval.webp\" \/>\n\t<meta property=\"og:image:width\" content=\"380\" \/>\n\t<meta property=\"og:image:height\" content=\"400\" \/>\n\t<meta property=\"og:image:type\" content=\"image\/webp\" \/>\n<meta name=\"twitter:card\" content=\"summary_large_image\" \/>\n<meta name=\"twitter:label1\" content=\"Gesch\u00e4tzte Lesezeit\" \/>\n\t<meta name=\"twitter:data1\" content=\"1\u00a0Minute\" \/>\n<script type=\"application\/ld+json\" class=\"yoast-schema-graph\">{\"@context\":\"https:\\\/\\\/schema.org\",\"@graph\":[{\"@type\":\"WebPage\",\"@id\":\"https:\\\/\\\/www.credimex.ch\\\/de\\\/produkt\\\/betamate-2090-crash-resistant-structural-adhesive\\\/\",\"url\":\"https:\\\/\\\/www.credimex.ch\\\/de\\\/produkt\\\/betamate-2090-crash-resistant-structural-adhesive\\\/\",\"name\":\"Betamate 2090 \u2013 Crash Resistant Structural Adhesive - CREDIMEX\",\"isPartOf\":{\"@id\":\"https:\\\/\\\/www.credimex.ch\\\/de\\\/#website\"},\"primaryImageOfPage\":{\"@id\":\"https:\\\/\\\/www.credimex.ch\\\/de\\\/produkt\\\/betamate-2090-crash-resistant-structural-adhesive\\\/#primaryimage\"},\"image\":{\"@id\":\"https:\\\/\\\/www.credimex.ch\\\/de\\\/produkt\\\/betamate-2090-crash-resistant-structural-adhesive\\\/#primaryimage\"},\"thumbnailUrl\":\"https:\\\/\\\/www.credimex.ch\\\/wp-content\\\/uploads\\\/2025\\\/10\\\/betamate-2090-with-thatcham-approval.webp\",\"datePublished\":\"2025-10-02T09:44:58+00:00\",\"dateModified\":\"2025-10-27T11:00:53+00:00\",\"description\":\"Dow Betamate 2090 ist ein hochleistungsf\u00e4higer Epoxidklebstoff, der zur Erh\u00f6hung der Betriebsdauer, der Crash-Sicherheit und der Karosseriesteifigkeit in Fahrzeugen eingesetzt wird.\",\"breadcrumb\":{\"@id\":\"https:\\\/\\\/www.credimex.ch\\\/de\\\/produkt\\\/betamate-2090-crash-resistant-structural-adhesive\\\/#breadcrumb\"},\"inLanguage\":\"de\",\"potentialAction\":[{\"@type\":\"ReadAction\",\"target\":[\"https:\\\/\\\/www.credimex.ch\\\/de\\\/produkt\\\/betamate-2090-crash-resistant-structural-adhesive\\\/\"]}]},{\"@type\":\"ImageObject\",\"inLanguage\":\"de\",\"@id\":\"https:\\\/\\\/www.credimex.ch\\\/de\\\/produkt\\\/betamate-2090-crash-resistant-structural-adhesive\\\/#primaryimage\",\"url\":\"https:\\\/\\\/www.credimex.ch\\\/wp-content\\\/uploads\\\/2025\\\/10\\\/betamate-2090-with-thatcham-approval.webp\",\"contentUrl\":\"https:\\\/\\\/www.credimex.ch\\\/wp-content\\\/uploads\\\/2025\\\/10\\\/betamate-2090-with-thatcham-approval.webp\",\"width\":380,\"height\":400},{\"@type\":\"BreadcrumbList\",\"@id\":\"https:\\\/\\\/www.credimex.ch\\\/de\\\/produkt\\\/betamate-2090-crash-resistant-structural-adhesive\\\/#breadcrumb\",\"itemListElement\":[{\"@type\":\"ListItem\",\"position\":1,\"name\":\"Home\",\"item\":\"https:\\\/\\\/www.credimex.ch\\\/de\\\/\"},{\"@type\":\"ListItem\",\"position\":2,\"name\":\"Produkte\",\"item\":\"https:\\\/\\\/www.credimex.ch\\\/de\\\/produkte\\\/\"},{\"@type\":\"ListItem\",\"position\":3,\"name\":\"Betamate 2090 \u2013 Crash Resistant Structural Adhesive\"}]},{\"@type\":\"WebSite\",\"@id\":\"https:\\\/\\\/www.credimex.ch\\\/de\\\/#website\",\"url\":\"https:\\\/\\\/www.credimex.ch\\\/de\\\/\",\"name\":\"CREDIMEX\",\"description\":\"Partner of Swiss Industrial Market\",\"publisher\":{\"@id\":\"https:\\\/\\\/www.credimex.ch\\\/de\\\/#organization\"},\"potentialAction\":[{\"@type\":\"SearchAction\",\"target\":{\"@type\":\"EntryPoint\",\"urlTemplate\":\"https:\\\/\\\/www.credimex.ch\\\/de\\\/?s={search_term_string}\"},\"query-input\":{\"@type\":\"PropertyValueSpecification\",\"valueRequired\":true,\"valueName\":\"search_term_string\"}}],\"inLanguage\":\"de\"},{\"@type\":\"Organization\",\"@id\":\"https:\\\/\\\/www.credimex.ch\\\/de\\\/#organization\",\"name\":\"credimex\",\"url\":\"https:\\\/\\\/www.credimex.ch\\\/de\\\/\",\"logo\":{\"@type\":\"ImageObject\",\"inLanguage\":\"de\",\"@id\":\"https:\\\/\\\/www.credimex.ch\\\/de\\\/#\\\/schema\\\/logo\\\/image\\\/\",\"url\":\"https:\\\/\\\/www.credimex.ch\\\/wp-content\\\/uploads\\\/2022\\\/03\\\/cropped-logo-credimex.png\",\"contentUrl\":\"https:\\\/\\\/www.credimex.ch\\\/wp-content\\\/uploads\\\/2022\\\/03\\\/cropped-logo-credimex.png\",\"width\":512,\"height\":512,\"caption\":\"credimex\"},\"image\":{\"@id\":\"https:\\\/\\\/www.credimex.ch\\\/de\\\/#\\\/schema\\\/logo\\\/image\\\/\"},\"sameAs\":[\"https:\\\/\\\/www.facebook.com\\\/credimex.alpnach\\\/\",\"https:\\\/\\\/www.linkedin.com\\\/company\\\/credimex\\\/\",\"https:\\\/\\\/www.youtube.com\\\/@CREDIMEX?sub_confirmation=1\"]}]}<\/script>\n<!-- \/ Yoast SEO Premium plugin. -->","yoast_head_json":{"title":"Betamate 2090 \u2013 Crash Resistant Structural Adhesive - CREDIMEX","description":"Dow Betamate 2090 ist ein hochleistungsf\u00e4higer Epoxidklebstoff, der zur Erh\u00f6hung der Betriebsdauer, der Crash-Sicherheit und der Karosseriesteifigkeit in Fahrzeugen eingesetzt wird.","robots":{"index":"index","follow":"follow","max-snippet":"max-snippet:-1","max-image-preview":"max-image-preview:large","max-video-preview":"max-video-preview:-1"},"canonical":"https:\/\/www.credimex.ch\/de\/produkt\/betamate-2090-crash-resistant-structural-adhesive\/","og_locale":"de_DE","og_type":"article","og_title":"Betamate 2090 \u2013 Crash Resistant Structural Adhesive","og_description":"Dow Betamate 2090 ist ein hochleistungsf\u00e4higer Epoxidklebstoff, der zur Erh\u00f6hung der Betriebsdauer, der Crash-Sicherheit und der Karosseriesteifigkeit in Fahrzeugen eingesetzt wird.","og_url":"https:\/\/www.credimex.ch\/de\/produkt\/betamate-2090-crash-resistant-structural-adhesive\/","og_site_name":"CREDIMEX","article_publisher":"https:\/\/www.facebook.com\/credimex.alpnach\/","article_modified_time":"2025-10-27T11:00:53+00:00","og_image":[{"width":380,"height":400,"url":"https:\/\/www.credimex.ch\/wp-content\/uploads\/2025\/10\/betamate-2090-with-thatcham-approval.webp","type":"image\/webp"}],"twitter_card":"summary_large_image","twitter_misc":{"Gesch\u00e4tzte Lesezeit":"1\u00a0Minute"},"schema":{"@context":"https:\/\/schema.org","@graph":[{"@type":"WebPage","@id":"https:\/\/www.credimex.ch\/de\/produkt\/betamate-2090-crash-resistant-structural-adhesive\/","url":"https:\/\/www.credimex.ch\/de\/produkt\/betamate-2090-crash-resistant-structural-adhesive\/","name":"Betamate 2090 \u2013 Crash Resistant Structural Adhesive - CREDIMEX","isPartOf":{"@id":"https:\/\/www.credimex.ch\/de\/#website"},"primaryImageOfPage":{"@id":"https:\/\/www.credimex.ch\/de\/produkt\/betamate-2090-crash-resistant-structural-adhesive\/#primaryimage"},"image":{"@id":"https:\/\/www.credimex.ch\/de\/produkt\/betamate-2090-crash-resistant-structural-adhesive\/#primaryimage"},"thumbnailUrl":"https:\/\/www.credimex.ch\/wp-content\/uploads\/2025\/10\/betamate-2090-with-thatcham-approval.webp","datePublished":"2025-10-02T09:44:58+00:00","dateModified":"2025-10-27T11:00:53+00:00","description":"Dow Betamate 2090 ist ein hochleistungsf\u00e4higer Epoxidklebstoff, der zur Erh\u00f6hung der Betriebsdauer, der Crash-Sicherheit und der Karosseriesteifigkeit in Fahrzeugen eingesetzt wird.","breadcrumb":{"@id":"https:\/\/www.credimex.ch\/de\/produkt\/betamate-2090-crash-resistant-structural-adhesive\/#breadcrumb"},"inLanguage":"de","potentialAction":[{"@type":"ReadAction","target":["https:\/\/www.credimex.ch\/de\/produkt\/betamate-2090-crash-resistant-structural-adhesive\/"]}]},{"@type":"ImageObject","inLanguage":"de","@id":"https:\/\/www.credimex.ch\/de\/produkt\/betamate-2090-crash-resistant-structural-adhesive\/#primaryimage","url":"https:\/\/www.credimex.ch\/wp-content\/uploads\/2025\/10\/betamate-2090-with-thatcham-approval.webp","contentUrl":"https:\/\/www.credimex.ch\/wp-content\/uploads\/2025\/10\/betamate-2090-with-thatcham-approval.webp","width":380,"height":400},{"@type":"BreadcrumbList","@id":"https:\/\/www.credimex.ch\/de\/produkt\/betamate-2090-crash-resistant-structural-adhesive\/#breadcrumb","itemListElement":[{"@type":"ListItem","position":1,"name":"Home","item":"https:\/\/www.credimex.ch\/de\/"},{"@type":"ListItem","position":2,"name":"Produkte","item":"https:\/\/www.credimex.ch\/de\/produkte\/"},{"@type":"ListItem","position":3,"name":"Betamate 2090 \u2013 Crash Resistant Structural Adhesive"}]},{"@type":"WebSite","@id":"https:\/\/www.credimex.ch\/de\/#website","url":"https:\/\/www.credimex.ch\/de\/","name":"CREDIMEX","description":"Partner of Swiss Industrial Market","publisher":{"@id":"https:\/\/www.credimex.ch\/de\/#organization"},"potentialAction":[{"@type":"SearchAction","target":{"@type":"EntryPoint","urlTemplate":"https:\/\/www.credimex.ch\/de\/?s={search_term_string}"},"query-input":{"@type":"PropertyValueSpecification","valueRequired":true,"valueName":"search_term_string"}}],"inLanguage":"de"},{"@type":"Organization","@id":"https:\/\/www.credimex.ch\/de\/#organization","name":"credimex","url":"https:\/\/www.credimex.ch\/de\/","logo":{"@type":"ImageObject","inLanguage":"de","@id":"https:\/\/www.credimex.ch\/de\/#\/schema\/logo\/image\/","url":"https:\/\/www.credimex.ch\/wp-content\/uploads\/2022\/03\/cropped-logo-credimex.png","contentUrl":"https:\/\/www.credimex.ch\/wp-content\/uploads\/2022\/03\/cropped-logo-credimex.png","width":512,"height":512,"caption":"credimex"},"image":{"@id":"https:\/\/www.credimex.ch\/de\/#\/schema\/logo\/image\/"},"sameAs":["https:\/\/www.facebook.com\/credimex.alpnach\/","https:\/\/www.linkedin.com\/company\/credimex\/","https:\/\/www.youtube.com\/@CREDIMEX?sub_confirmation=1"]}]}},"_links":{"self":[{"href":"https:\/\/www.credimex.ch\/de\/wp-json\/wp\/v2\/product\/9424","targetHints":{"allow":["GET"]}}],"collection":[{"href":"https:\/\/www.credimex.ch\/de\/wp-json\/wp\/v2\/product"}],"about":[{"href":"https:\/\/www.credimex.ch\/de\/wp-json\/wp\/v2\/types\/product"}],"replies":[{"embeddable":true,"href":"https:\/\/www.credimex.ch\/de\/wp-json\/wp\/v2\/comments?post=9424"}],"wp:featuredmedia":[{"embeddable":true,"href":"https:\/\/www.credimex.ch\/de\/wp-json\/wp\/v2\/media\/9422"}],"wp:attachment":[{"href":"https:\/\/www.credimex.ch\/de\/wp-json\/wp\/v2\/media?parent=9424"}],"wp:term":[{"taxonomy":"product_brand","embeddable":true,"href":"https:\/\/www.credimex.ch\/de\/wp-json\/wp\/v2\/product_brand?post=9424"},{"taxonomy":"product_cat","embeddable":true,"href":"https:\/\/www.credimex.ch\/de\/wp-json\/wp\/v2\/product_cat?post=9424"},{"taxonomy":"product_tag","embeddable":true,"href":"https:\/\/www.credimex.ch\/de\/wp-json\/wp\/v2\/product_tag?post=9424"}],"curies":[{"name":"wp","href":"https:\/\/api.w.org\/{rel}","templated":true}]}}