{"id":7338,"date":"2022-05-12T17:48:12","date_gmt":"2022-05-12T15:48:12","guid":{"rendered":"https:\/\/www.credimex.ch\/conditions-generales\/"},"modified":"2025-10-07T17:12:17","modified_gmt":"2025-10-07T15:12:17","slug":"conditions-generales","status":"publish","type":"page","link":"https:\/\/www.credimex.ch\/fr\/conditions-generales\/","title":{"rendered":"Modalit\u00e9s et conditions"},"content":{"rendered":"\t\t<div data-elementor-type=\"wp-page\" data-elementor-id=\"7338\" class=\"elementor elementor-7338 elementor-519\" data-elementor-post-type=\"page\">\n\t\t\t\t\t\t<section class=\"elementor-section elementor-top-section elementor-element elementor-element-44ee8394 elementor-section-boxed elementor-section-height-default elementor-section-height-default\" data-id=\"44ee8394\" data-element_type=\"section\" data-e-type=\"section\">\n\t\t\t\t\t\t<div class=\"elementor-container elementor-column-gap-default\">\n\t\t\t\t\t<div class=\"elementor-column elementor-col-100 elementor-top-column elementor-element elementor-element-2caa6a7d\" data-id=\"2caa6a7d\" data-element_type=\"column\" data-e-type=\"column\">\n\t\t\t<div class=\"elementor-widget-wrap elementor-element-populated\">\n\t\t\t\t\t\t<div class=\"elementor-element elementor-element-78d7bee2 elementor-widget elementor-widget-text-editor\" data-id=\"78d7bee2\" data-element_type=\"widget\" data-e-type=\"widget\" data-widget_type=\"text-editor.default\">\n\t\t\t\t<div class=\"elementor-widget-container\">\n\t\t\t\t\t\t\t\t\t<p><strong>1. Objectif<\/strong><br \/>Les pr\u00e9sentes Conditions g\u00e9n\u00e9rales de vente et de livraison s\u2019appliquent en compl\u00e9ment aux accords de livraison sp\u00e9cifiques et r\u00e9gissent l\u2019ensemble des relations commerciales existant entre vous, notre client (revendeur ou client direct) et nous, la Credimex AG.<\/p><p><strong>2. Accord de livraison<\/strong><br \/>La conclusion de l\u2019accord de livraison se fait soit oralement (t\u00e9l\u00e9phone) soit par \u00e9crit (fax, lettre, message \u00e9lectronique).<\/p><p><strong>3. Prix<\/strong><br \/>Les prix s\u2019entendent en CHF, nets d\u00e9part usine, frais de douane compris. Sont exclus la TVA, autres imp\u00f4ts, taxes et droits ainsi que les frais de transport et primes d\u2019assurance. Nous nous r\u00e9servons le droit de pr\u00e9lever pour les quantit\u00e9s de moindre importance un suppl\u00e9ment de prix pour petites quantit\u00e9s ou bien nous appliquons un montant minimal de facturation.<\/p><p><strong>4. Conditions de paiement<\/strong><br \/>Le d\u00e9lai de paiement est g\u00e9n\u00e9ralement de 30 jours nets \u00e0 partir de la date de facturation. Nous acceptons le r\u00e8glement par ch\u00e8que ou traite, nets de tout frais, dans la mesure o\u00f9 ce mode de paiement a \u00e9t\u00e9 sp\u00e9cialement convenu. Toute livraison partielle sera r\u00e9gl\u00e9e au fur et \u00e0 mesure selon son volume. Vous serez tenu de respecter les d\u00e9lais de paiement au cas o\u00f9 la livraison, le transport, le montage, la mise en service ou la r\u00e9ception seront retard\u00e9s pour des raisons qui ne pourront nous \u00eatre imput\u00e9es. Vous n\u2019\u00eates pas autoris\u00e9 ni \u00e0 r\u00e9duire les paiements ni \u00e0 les retenir pour des raisons de r\u00e9clamation ou d\u2019exigences non accept\u00e9es. En cas de retard de paiement, nous appliquerons sans autre avertissement les int\u00e9r\u00eats bancaires en vigueur et facturerons, si besoin est, les \u00e9ventuels frais engendr\u00e9s.<\/p><p><strong>5. D\u00e9lais de livraison<\/strong><br \/>Les d\u00e9lais de livraison sont convenus dans le cadre de l\u2019accord de livraison proprement dit. Nous serons en droit de prolonger les d\u00e9lais de livraison de mani\u00e8re appropri\u00e9e dans la mesure o\u00f9 un cas de force majeure ou d\u2019autres \u00e9v\u00e9nements qui ne pourront nous \u00eatre imput\u00e9s, emp\u00eacheraient la livraison dans les d\u00e9lais impartis. Il en serait de m\u00eame si les paiements provenant de livraisons pr\u00e9c\u00e9dentes n\u2019\u00e9taient pas effectu\u00e9s dans les d\u00e9lais impartis. En cas de retard de livraison, vous n\u2019aurez droit ni \u00e0 des dommages-int\u00e9r\u00eats ni au versement de p\u00e9nalit\u00e9s de retard. Lorsque la livraison est retard\u00e9e ou rendue impossible pour des raisons dont nous ne sommes pas tenus responsables, nous entreposerons la marchandise \u00e0 vos risques et \u00e0 vos frais.<\/p><p><strong>6. Transport et assurance<\/strong><br \/>Le transport est \u00e0 vos risques et \u00e0 vos frais. Nous choisirons cependant toujours le mode d\u2019exp\u00e9dition le plus appropri\u00e9 pour chaque cas. Nous vous prions d\u2019adresser toute r\u00e9clamation directement au transporteur. Nos clients sont tenus de souscrire eux-m\u00eames aux assurances de transport et \u00e0 toute autre assurance qui s\u2019av\u00e9rerait n\u00e9cessaire. Sur votre demande et \u00e0 vos frais, nous souscrirons toutefois aux assurances requises.<\/p><p><strong>7. Transfert de propri\u00e9t\u00e9 et des risques<\/strong><br \/>Le transfert de propri\u00e9t\u00e9 et des risques a lieu soit \u00e0 l\u2019exp\u00e9dition de la marchandise d\u00e9part usine soit \u00e0 l\u2019entreposage pour raisons de retard de livraison ou de non livraison.<\/p><p><strong>8. R\u00e9serve de propri\u00e9t\u00e9<\/strong><br \/>La marchandise livr\u00e9e ou entrepos\u00e9e restera notre propri\u00e9t\u00e9 jusqu\u2019au r\u00e8glement int\u00e9gral du prix d\u2019achat. Nous sommes en droit de faire ins\u00e9rer la r\u00e9serve de propri\u00e9t\u00e9 dans les conditions de vente. Vous \u00eates tenu de contribuer \u00e0 la r\u00e9alisation des mesures n\u00e9cessaires pour la protection de la propri\u00e9t\u00e9.<\/p><p><strong>9. R\u00e9ception<\/strong><br \/>Vous \u00eates tenu de v\u00e9rifier la marchandise livr\u00e9e dans un d\u00e9lai de dix jours et de nous aviser des \u00e9ventuels d\u00e9fauts en joignant le bon de livraison. La marchandise est consid\u00e9r\u00e9e comme r\u00e9ceptionn\u00e9e si vous omettez de nous faire part d\u2019\u00e9ventuels d\u00e9fauts dans les d\u00e9lais impartis.<\/p><p><strong>10. Garantie<\/strong><br \/>En tant qu\u2019entreprise commerciale, nous garantissons dans le cadre des garanties fournisseur l\u2019absence de d\u00e9fauts et le parfait fonctionnement de la marchandise livr\u00e9e. Toutefois, il se peut qu\u2019un d\u00e9faut subsiste. Nous traitons les \u00e9ventuelles r\u00e9clamations dans les meilleurs d\u00e9lais et \u00e0 l\u2019amiable. D\u2019\u00e9ventuels d\u00e9fauts survenus durant la p\u00e9riode de garantie, seront r\u00e9par\u00e9s gratuitement par nos soins dans la mesure o\u00f9 ils ont \u00e9t\u00e9 r\u00e9clam\u00e9s dans les d\u00e9lais et dans les formes et qu\u2019ils n\u2019ont pas \u00e9t\u00e9 provoqu\u00e9s par votre faute et ne vous sont pas imputables. Nous nous r\u00e9servons le droit de proc\u00e9der au choix soit \u00e0 la r\u00e9paration soit au remplacement de la pi\u00e8ce d\u00e9fectueuse. La marchandise r\u00e9clam\u00e9e nous sera retourn\u00e9e dans son emballage d\u2019origine. Nous sommes responsables du remplacement des pi\u00e8ces d\u00e9fectueuses mais non pas des frais engendr\u00e9s ult\u00e9rieurement suite \u00e0 des composants d\u00e9fectueux.<\/p><p><strong>11. Autres<\/strong><br \/>D\u2019\u00e9ventuelles autres clauses invoqu\u00e9es, comme par exemples vos propres clauses, ne s\u2019appliqueront que dans la mesure o\u00f9 nous les avons accept\u00e9es par \u00e9crit.<\/p><p><strong>12. Lieu d\u2019ex\u00e9cution, droit applicable et juridiction<\/strong><br \/>Le lieu d\u2019ex\u00e9cution est notre si\u00e8ge \u00e0 l\u2019adresse suivante : Industriestrasse 25, CH-6060 Sarnen. Le pr\u00e9sent contrat est soumis exclusivement au droit suisse.<br \/>Dans la mesure du possible, nous tenons \u00e0 r\u00e9gler les \u00e9ventuelles divergences \u00e0 l\u2019amiable. Si aucun accord \u00e0 l\u2019amiable ne pouvait toutefois \u00eatre trouv\u00e9, nous ferions appel aux tribunaux ordinaires. Le lieu de juridiction est Sarnen, OW.<\/p><p>CREDIMEX AG, Sarnen, mars 2010<\/p>\t\t\t\t\t\t\t\t<\/div>\n\t\t\t\t<\/div>\n\t\t\t\t\t<\/div>\n\t\t<\/div>\n\t\t\t\t\t<\/div>\n\t\t<\/section>\n\t\t\t\t<\/div>\n\t\t","protected":false},"excerpt":{"rendered":"<p>1. ObjectifLes pr\u00e9sentes Conditions g\u00e9n\u00e9rales de vente et de livraison s\u2019appliquent en compl\u00e9ment aux accords de livraison sp\u00e9cifiques et r\u00e9gissent l\u2019ensemble des relations commerciales existant entre vous, notre client (revendeur ou client direct) et nous, la Credimex AG. 2. Accord de livraisonLa conclusion de l\u2019accord de livraison se fait soit oralement (t\u00e9l\u00e9phone) soit par \u00e9crit [&hellip;]<\/p>\n","protected":false},"author":8,"featured_media":0,"parent":0,"menu_order":0,"comment_status":"closed","ping_status":"closed","template":"elementor_header_footer","meta":{"_acf_changed":false,"footnotes":""},"class_list":["post-7338","page","type-page","status-publish","hentry"],"acf":[],"_yoast_wpseo_focuskw":null,"_yoast_wpseo_metadesc":null,"yoast_head":"<!-- This site is optimized with the Yoast SEO Premium plugin v21.6 (Yoast SEO v27.4) - https:\/\/yoast.com\/product\/yoast-seo-premium-wordpress\/ -->\n<title>Modalit\u00e9s et conditions - CREDIMEX<\/title>\n<meta name=\"robots\" content=\"index, follow, max-snippet:-1, max-image-preview:large, max-video-preview:-1\" \/>\n<link rel=\"canonical\" href=\"https:\/\/www.credimex.ch\/fr\/conditions-generales\/\" \/>\n<meta property=\"og:locale\" content=\"fr_FR\" \/>\n<meta property=\"og:type\" content=\"article\" \/>\n<meta property=\"og:title\" content=\"Modalit\u00e9s et conditions\" \/>\n<meta property=\"og:description\" content=\"1. ObjectifLes pr\u00e9sentes Conditions g\u00e9n\u00e9rales de vente et de livraison s\u2019appliquent en compl\u00e9ment aux accords de livraison sp\u00e9cifiques et r\u00e9gissent l\u2019ensemble des relations commerciales existant entre vous, notre client (revendeur ou client direct) et nous, la Credimex AG. 2. Accord de livraisonLa conclusion de l\u2019accord de livraison se fait soit oralement (t\u00e9l\u00e9phone) soit par \u00e9crit [&hellip;]\" \/>\n<meta property=\"og:url\" content=\"https:\/\/www.credimex.ch\/fr\/conditions-generales\/\" \/>\n<meta property=\"og:site_name\" content=\"CREDIMEX\" \/>\n<meta property=\"article:publisher\" content=\"https:\/\/www.facebook.com\/credimex.alpnach\/\" \/>\n<meta property=\"article:modified_time\" content=\"2025-10-07T15:12:17+00:00\" \/>\n<meta property=\"og:image\" content=\"https:\/\/www.credimex.ch\/wp-content\/uploads\/2023\/02\/credimex.jpg\" \/>\n\t<meta property=\"og:image:width\" content=\"1331\" \/>\n\t<meta property=\"og:image:height\" content=\"886\" \/>\n\t<meta property=\"og:image:type\" content=\"image\/jpeg\" \/>\n<meta name=\"twitter:card\" content=\"summary_large_image\" \/>\n<meta name=\"twitter:label1\" content=\"Dur\u00e9e de lecture estim\u00e9e\" \/>\n\t<meta name=\"twitter:data1\" content=\"5 minutes\" \/>\n<script type=\"application\/ld+json\" class=\"yoast-schema-graph\">{\"@context\":\"https:\\\/\\\/schema.org\",\"@graph\":[{\"@type\":\"WebPage\",\"@id\":\"https:\\\/\\\/www.credimex.ch\\\/fr\\\/conditions-generales\\\/\",\"url\":\"https:\\\/\\\/www.credimex.ch\\\/fr\\\/conditions-generales\\\/\",\"name\":\"Modalit\u00e9s et conditions - CREDIMEX\",\"isPartOf\":{\"@id\":\"https:\\\/\\\/www.credimex.ch\\\/fr\\\/#website\"},\"datePublished\":\"2022-05-12T15:48:12+00:00\",\"dateModified\":\"2025-10-07T15:12:17+00:00\",\"breadcrumb\":{\"@id\":\"https:\\\/\\\/www.credimex.ch\\\/fr\\\/conditions-generales\\\/#breadcrumb\"},\"inLanguage\":\"fr-FR\",\"potentialAction\":[{\"@type\":\"ReadAction\",\"target\":[\"https:\\\/\\\/www.credimex.ch\\\/fr\\\/conditions-generales\\\/\"]}]},{\"@type\":\"BreadcrumbList\",\"@id\":\"https:\\\/\\\/www.credimex.ch\\\/fr\\\/conditions-generales\\\/#breadcrumb\",\"itemListElement\":[{\"@type\":\"ListItem\",\"position\":1,\"name\":\"Home\",\"item\":\"https:\\\/\\\/www.credimex.ch\\\/fr\\\/\"},{\"@type\":\"ListItem\",\"position\":2,\"name\":\"Modalit\u00e9s et conditions\"}]},{\"@type\":\"WebSite\",\"@id\":\"https:\\\/\\\/www.credimex.ch\\\/fr\\\/#website\",\"url\":\"https:\\\/\\\/www.credimex.ch\\\/fr\\\/\",\"name\":\"CREDIMEX\",\"description\":\"Partner of Swiss Industrial Market\",\"publisher\":{\"@id\":\"https:\\\/\\\/www.credimex.ch\\\/fr\\\/#organization\"},\"potentialAction\":[{\"@type\":\"SearchAction\",\"target\":{\"@type\":\"EntryPoint\",\"urlTemplate\":\"https:\\\/\\\/www.credimex.ch\\\/fr\\\/?s={search_term_string}\"},\"query-input\":{\"@type\":\"PropertyValueSpecification\",\"valueRequired\":true,\"valueName\":\"search_term_string\"}}],\"inLanguage\":\"fr-FR\"},{\"@type\":\"Organization\",\"@id\":\"https:\\\/\\\/www.credimex.ch\\\/fr\\\/#organization\",\"name\":\"credimex\",\"url\":\"https:\\\/\\\/www.credimex.ch\\\/fr\\\/\",\"logo\":{\"@type\":\"ImageObject\",\"inLanguage\":\"fr-FR\",\"@id\":\"https:\\\/\\\/www.credimex.ch\\\/fr\\\/#\\\/schema\\\/logo\\\/image\\\/\",\"url\":\"https:\\\/\\\/www.credimex.ch\\\/wp-content\\\/uploads\\\/2022\\\/03\\\/cropped-logo-credimex.png\",\"contentUrl\":\"https:\\\/\\\/www.credimex.ch\\\/wp-content\\\/uploads\\\/2022\\\/03\\\/cropped-logo-credimex.png\",\"width\":512,\"height\":512,\"caption\":\"credimex\"},\"image\":{\"@id\":\"https:\\\/\\\/www.credimex.ch\\\/fr\\\/#\\\/schema\\\/logo\\\/image\\\/\"},\"sameAs\":[\"https:\\\/\\\/www.facebook.com\\\/credimex.alpnach\\\/\",\"https:\\\/\\\/www.linkedin.com\\\/company\\\/credimex\\\/\",\"https:\\\/\\\/www.youtube.com\\\/@CREDIMEX?sub_confirmation=1\"]}]}<\/script>\n<!-- \/ Yoast SEO Premium plugin. -->","yoast_head_json":{"title":"Modalit\u00e9s et conditions - CREDIMEX","robots":{"index":"index","follow":"follow","max-snippet":"max-snippet:-1","max-image-preview":"max-image-preview:large","max-video-preview":"max-video-preview:-1"},"canonical":"https:\/\/www.credimex.ch\/fr\/conditions-generales\/","og_locale":"fr_FR","og_type":"article","og_title":"Modalit\u00e9s et conditions","og_description":"1. ObjectifLes pr\u00e9sentes Conditions g\u00e9n\u00e9rales de vente et de livraison s\u2019appliquent en compl\u00e9ment aux accords de livraison sp\u00e9cifiques et r\u00e9gissent l\u2019ensemble des relations commerciales existant entre vous, notre client (revendeur ou client direct) et nous, la Credimex AG. 2. Accord de livraisonLa conclusion de l\u2019accord de livraison se fait soit oralement (t\u00e9l\u00e9phone) soit par \u00e9crit [&hellip;]","og_url":"https:\/\/www.credimex.ch\/fr\/conditions-generales\/","og_site_name":"CREDIMEX","article_publisher":"https:\/\/www.facebook.com\/credimex.alpnach\/","article_modified_time":"2025-10-07T15:12:17+00:00","og_image":[{"width":1331,"height":886,"url":"https:\/\/www.credimex.ch\/wp-content\/uploads\/2023\/02\/credimex.jpg","type":"image\/jpeg"}],"twitter_card":"summary_large_image","twitter_misc":{"Dur\u00e9e de lecture estim\u00e9e":"5 minutes"},"schema":{"@context":"https:\/\/schema.org","@graph":[{"@type":"WebPage","@id":"https:\/\/www.credimex.ch\/fr\/conditions-generales\/","url":"https:\/\/www.credimex.ch\/fr\/conditions-generales\/","name":"Modalit\u00e9s et conditions - CREDIMEX","isPartOf":{"@id":"https:\/\/www.credimex.ch\/fr\/#website"},"datePublished":"2022-05-12T15:48:12+00:00","dateModified":"2025-10-07T15:12:17+00:00","breadcrumb":{"@id":"https:\/\/www.credimex.ch\/fr\/conditions-generales\/#breadcrumb"},"inLanguage":"fr-FR","potentialAction":[{"@type":"ReadAction","target":["https:\/\/www.credimex.ch\/fr\/conditions-generales\/"]}]},{"@type":"BreadcrumbList","@id":"https:\/\/www.credimex.ch\/fr\/conditions-generales\/#breadcrumb","itemListElement":[{"@type":"ListItem","position":1,"name":"Home","item":"https:\/\/www.credimex.ch\/fr\/"},{"@type":"ListItem","position":2,"name":"Modalit\u00e9s et conditions"}]},{"@type":"WebSite","@id":"https:\/\/www.credimex.ch\/fr\/#website","url":"https:\/\/www.credimex.ch\/fr\/","name":"CREDIMEX","description":"Partner of Swiss Industrial Market","publisher":{"@id":"https:\/\/www.credimex.ch\/fr\/#organization"},"potentialAction":[{"@type":"SearchAction","target":{"@type":"EntryPoint","urlTemplate":"https:\/\/www.credimex.ch\/fr\/?s={search_term_string}"},"query-input":{"@type":"PropertyValueSpecification","valueRequired":true,"valueName":"search_term_string"}}],"inLanguage":"fr-FR"},{"@type":"Organization","@id":"https:\/\/www.credimex.ch\/fr\/#organization","name":"credimex","url":"https:\/\/www.credimex.ch\/fr\/","logo":{"@type":"ImageObject","inLanguage":"fr-FR","@id":"https:\/\/www.credimex.ch\/fr\/#\/schema\/logo\/image\/","url":"https:\/\/www.credimex.ch\/wp-content\/uploads\/2022\/03\/cropped-logo-credimex.png","contentUrl":"https:\/\/www.credimex.ch\/wp-content\/uploads\/2022\/03\/cropped-logo-credimex.png","width":512,"height":512,"caption":"credimex"},"image":{"@id":"https:\/\/www.credimex.ch\/fr\/#\/schema\/logo\/image\/"},"sameAs":["https:\/\/www.facebook.com\/credimex.alpnach\/","https:\/\/www.linkedin.com\/company\/credimex\/","https:\/\/www.youtube.com\/@CREDIMEX?sub_confirmation=1"]}]}},"_links":{"self":[{"href":"https:\/\/www.credimex.ch\/fr\/wp-json\/wp\/v2\/pages\/7338","targetHints":{"allow":["GET"]}}],"collection":[{"href":"https:\/\/www.credimex.ch\/fr\/wp-json\/wp\/v2\/pages"}],"about":[{"href":"https:\/\/www.credimex.ch\/fr\/wp-json\/wp\/v2\/types\/page"}],"author":[{"embeddable":true,"href":"https:\/\/www.credimex.ch\/fr\/wp-json\/wp\/v2\/users\/8"}],"replies":[{"embeddable":true,"href":"https:\/\/www.credimex.ch\/fr\/wp-json\/wp\/v2\/comments?post=7338"}],"version-history":[{"count":4,"href":"https:\/\/www.credimex.ch\/fr\/wp-json\/wp\/v2\/pages\/7338\/revisions"}],"predecessor-version":[{"id":9468,"href":"https:\/\/www.credimex.ch\/fr\/wp-json\/wp\/v2\/pages\/7338\/revisions\/9468"}],"wp:attachment":[{"href":"https:\/\/www.credimex.ch\/fr\/wp-json\/wp\/v2\/media?parent=7338"}],"curies":[{"name":"wp","href":"https:\/\/api.w.org\/{rel}","templated":true}]}}