{"id":7340,"date":"2022-03-15T07:19:16","date_gmt":"2022-03-15T06:19:16","guid":{"rendered":"https:\/\/www.credimex.ch\/politique-de-confidentialite\/"},"modified":"2023-05-24T17:47:01","modified_gmt":"2023-05-24T15:47:01","slug":"politique-de-confidentialite","status":"publish","type":"page","link":"https:\/\/www.credimex.ch\/fr\/politique-de-confidentialite\/","title":{"rendered":"Politique de confidentialit\u00e9"},"content":{"rendered":"\r\n<p>Credimex s&rsquo;engage \u00e0 prot\u00e9ger toutes les informations que vous fournissez lorsque vous utilisez notre site web, notre site web mobile ou nos services.<br \/><br \/>La pr\u00e9sente politique de confidentialit\u00e9 r\u00e9git nos pratiques en mati\u00e8re de collecte, de traitement et d&rsquo;utilisation des donn\u00e9es.<br \/><br \/>Toute information personnelle identifiable que vous nous fournissez sera trait\u00e9e conform\u00e9ment \u00e0 cette politique de confidentialit\u00e9.<br \/><br \/>Nous n&rsquo;utiliserons ni ne partagerons vos informations avec aucune autre organisation, sauf dans les cas d\u00e9crits dans la pr\u00e9sente d\u00e9claration de confidentialit\u00e9.\u00a0 Vos donn\u00e9es seront gard\u00e9es confidentielles par tout fournisseur de services qui traite les donn\u00e9es en notre nom.<br \/><br \/>Nous pouvons mettre \u00e0 jour cette politique de confidentialit\u00e9 de temps \u00e0 autre. Toute modification de la politique de confidentialit\u00e9 sera publi\u00e9e sur cette page et entrera en vigueur imm\u00e9diatement.\u00a0 Nous vous conseillons de consulter cette page pour prendre connaissance des \u00e9ventuelles modifications.<\/p>\r\n<h2 class=\"wp-block-heading\"><span style=\"font-weight: 400;\">Quelles sont les informations personnelles que nous recueillons ?<\/span><\/h2>\r\n<p>Nous pouvons recueillir certaines informations personnelles identifiables qui peuvent \u00eatre utilis\u00e9es pour vous contacter ou vous identifier de diff\u00e9rentes mani\u00e8res:<br \/><br \/>Certaines informations personnelles sont collect\u00e9es lorsque vous remplissez ou soumettez un formulaire sur notre site web. Les formulaires comprennent notre formulaire de contact, une demande de devis, un commentaire sur un article, un formulaire de divergence et l&rsquo;abonnement \u00e0 nos articles ou \u00e0 notre lettre d&rsquo;information. Les informations personnelles peuvent inclure votre nom, votre fonction, votre adresse \u00e9lectronique, votre num\u00e9ro de t\u00e9l\u00e9phone, votre code postal, vos pr\u00e9f\u00e9rences et vos int\u00e9r\u00eats, ainsi que toute autre information vous concernant ou concernant votre entreprise. Nous pouvons conserver des copies des informations que vous avez soumises dans les formulaires \u00e0 des fins de contr\u00f4le.<br \/><br \/>Certaines informations personnelles peuvent \u00eatre collect\u00e9es lorsque vous r\u00e9pondez \u00e0 une enqu\u00eate aupr\u00e8s des clients.<br \/><br \/>Nous recueillons des donn\u00e9es relatives au navigateur et \u00e0 l&rsquo;appareil, telles que l&rsquo;adresse IP (Internet Protocol) de votre ordinateur, sa localisation g\u00e9ographique, le type et la version de votre navigateur, la source de r\u00e9f\u00e9rence, les pages consult\u00e9es, l&rsquo;heure et la date de votre visite, le temps pass\u00e9 sur ces pages et d&rsquo;autres statistiques.<br \/><br \/>Nous recueillons des donn\u00e9es sur les taux d&rsquo;ouverture des courriels et les clics sur notre lettre d&rsquo;information mensuelle. Ces donn\u00e9es nous permettent de contr\u00f4ler et d&rsquo;am\u00e9liorer notre lettre d&rsquo;information \u00e9lectronique.<\/p>\r\n<h2><span style=\"font-weight: 400;\">Comment utilisons-nous ces informations ?<\/span><\/h2>\r\n<p>Nous pouvons utiliser vos informations personnelles pour comprendre vos besoins et pour revoir, d\u00e9velopper et am\u00e9liorer les produits et services que nous offrons. En outre, pour les raisons suivantes:<\/p>\r\n<ul>\r\n<li>Pour l&rsquo;ex\u00e9cution des commandes<\/li>\r\n<li>Pour r\u00e9pondre aux demandes de renseignements et fournir une assistance \u00e0 la client\u00e8le<\/li>\r\n<li>Pour envoyer des avis de service ou de produit susceptibles de vous concerner<\/li>\r\n<li>Pour envoyer des communications commerciales telles que des bulletins d&rsquo;information et d&rsquo;autres informations susceptibles de vous int\u00e9resser. Si vous ne souhaitez pas recevoir ces communications de notre part, vous pouvez vous d\u00e9sinscrire en cliquant sur le lien de d\u00e9sinscription figurant au bas des courriels ou en nous contactant \u00e0 l&rsquo;adresse marketing@Credimex.co.uk.<\/li>\r\n<li>\u00c0 des fins d&rsquo;\u00e9tude de march\u00e9. Nous pouvons vous contacter par courrier \u00e9lectronique, par t\u00e9l\u00e9phone ou par courrier postal.<\/li>\r\n<li>Pour nous aider \u00e0 \u00e9valuer l&rsquo;efficacit\u00e9 des campagnes de marketing.<\/li>\r\n<li>Pour am\u00e9liorer la conception et la convivialit\u00e9 de notre site web.<\/li>\r\n<\/ul>\r\n<h2><span style=\"font-weight: 400;\">Avec qui partageons-nous ces informations ?<\/span><\/h2>\r\n<p><span style=\"font-weight: 400;\">Credimex Ltd est membre du groupe DGE, un r\u00e9seau d&rsquo;entreprises chimiques sp\u00e9cialis\u00e9es dans toute l&rsquo;Europe. Nous pouvons partager les informations recueillies sur ce site web avec d&rsquo;autres membres de ce groupe. Les membres de ce groupe ne vendent, ne louent ou ne donnent jamais \u00e0 des tiers des informations permettant d&rsquo;identifier personnellement les clients, sauf lorsque des \u00e9l\u00e9ments de l&rsquo;entreprise ont \u00e9t\u00e9 externalis\u00e9s et que la fourniture de ces informations est n\u00e9cessaire \u00e0 la prestation du service. Pour plus d&rsquo;informations sur le groupe DGE, veuillez consulter le site suivant <\/span><a href=\"http:\/\/www.dge-europe.com\/\"><span style=\"font-weight: 400;\">www.dge-europe.com\/<\/span><\/a><\/p>\r\n<p>Vos donn\u00e9es personnelles peuvent \u00e9galement \u00eatre divulgu\u00e9es \u00e0 des tiers, tels que des fournisseurs et des revendeurs, afin d&rsquo;assurer la fourniture de produits et de trouver des solutions \u00e0 vos demandes.<br \/><br \/>Dans de telles circonstances, la s\u00e9curit\u00e9 et la confidentialit\u00e9 des informations personnelles font partie de l&rsquo;accord juridique entre nous et le fournisseur. De temps \u00e0 autre, nous pouvons communiquer des statistiques marketing agr\u00e9g\u00e9es et anonymes \u00e0 nos partenaires commerciaux, ou les utiliser dans des communiqu\u00e9s de presse, des publicit\u00e9s ou des rapports publi\u00e9s. Nous ne vous identifierons personnellement, vous ou tout autre client, dans ces communiqu\u00e9s de presse, publicit\u00e9s ou rapports qu&rsquo;avec votre consentement pr\u00e9alable.<\/p>\r\n<h2><span style=\"font-weight: 400;\">Prestataires de services <\/span><\/h2>\r\n<p>Nous pouvons employer des soci\u00e9t\u00e9s et des personnes tierces pour faciliter nos services et fournir les services en notre nom, pour effectuer des services li\u00e9s au service ou pour nous aider \u00e0 analyser la fa\u00e7on dont notre service est utilis\u00e9.<br \/><br \/>Ces tiers n&rsquo;ont acc\u00e8s \u00e0 vos informations personnelles que pour effectuer ces t\u00e2ches en notre nom et sont tenus de ne pas les divulguer ou les utiliser \u00e0 d&rsquo;autres fins.<br \/><br \/>Notre site web\u00a0<a href=\"https:\/\/www.credimex.ch\/\">www.credimex.ch<\/a> est h\u00e9berg\u00e9 par une soci\u00e9t\u00e9 tierce, Asazalorea sl, bas\u00e9e en Espagne.<\/p>\r\n<h2><span style=\"font-weight: 400;\">Respect des lois<\/span><\/h2>\r\n<p>Nous nous r\u00e9servons le droit d&rsquo;utiliser ou de divulguer des informations personnelles si la loi l&rsquo;exige ou si nous estimons raisonnablement que l&rsquo;utilisation ou la divulgation est n\u00e9cessaire pour prot\u00e9ger nos droits, votre s\u00e9curit\u00e9 ou celle d&rsquo;autrui, enqu\u00eater sur des fraudes ou nous conformer \u00e0 une loi, \u00e0 une d\u00e9cision de justice ou \u00e0 une proc\u00e9dure judiciaire.<\/p>\r\n<h2><span style=\"font-weight: 400;\">Comment prot\u00e9geons-nous ces informations ?<\/span><\/h2>\r\n<p>Nous nous engageons \u00e0 garantir la s\u00e9curit\u00e9 de vos informations. Pour emp\u00eacher tout acc\u00e8s ou toute divulgation non autoris\u00e9s, nous avons mis en place des proc\u00e9dures physiques, \u00e9lectroniques et de gestion appropri\u00e9es pour sauvegarder et s\u00e9curiser les informations que nous recueillons en ligne. En cas de violation de donn\u00e9es susceptible d&rsquo;entra\u00eener un risque \u00e9lev\u00e9 pour les droits et libert\u00e9s de l&rsquo;individu, nous en informerons ce dernier dans les plus brefs d\u00e9lais. Nous informerons \u00e9galement l&rsquo;Information Commissioner&rsquo;s Office (ICO) dans les 72 heures apr\u00e8s en avoir pris connaissance.<\/p>\r\n<p>&nbsp;<\/p>\r\n","protected":false},"excerpt":{"rendered":"<p>Credimex s&rsquo;engage \u00e0 prot\u00e9ger toutes les informations que vous fournissez lorsque vous utilisez notre site web, notre site web mobile ou nos services. La pr\u00e9sente politique de confidentialit\u00e9 r\u00e9git nos pratiques en mati\u00e8re de collecte, de traitement et d&rsquo;utilisation des donn\u00e9es. Toute information personnelle identifiable que vous nous fournissez sera trait\u00e9e conform\u00e9ment \u00e0 cette politique [&hellip;]<\/p>\n","protected":false},"author":8,"featured_media":0,"parent":0,"menu_order":0,"comment_status":"closed","ping_status":"open","template":"","meta":{"_acf_changed":false,"footnotes":""},"class_list":["post-7340","page","type-page","status-publish","hentry"],"acf":[],"_yoast_wpseo_focuskw":"Politique de confidentialit\u00e9","_yoast_wpseo_metadesc":"Credimex s'engage \u00e0 prot\u00e9ger toutes les informations que vous fournissez lorsque vous utilisez notre site web, notre site web mobile ou nos services.","yoast_head":"<!-- This site is optimized with the Yoast SEO Premium plugin v21.6 (Yoast SEO v27.4) - https:\/\/yoast.com\/product\/yoast-seo-premium-wordpress\/ -->\n<title>Politique de confidentialit\u00e9 - CREDIMEX<\/title>\n<meta name=\"description\" content=\"Credimex s&#039;engage \u00e0 prot\u00e9ger toutes les informations que vous fournissez lorsque vous utilisez notre site web, notre site web mobile ou nos services.\" \/>\n<meta name=\"robots\" content=\"index, follow, max-snippet:-1, max-image-preview:large, max-video-preview:-1\" \/>\n<link rel=\"canonical\" href=\"https:\/\/www.credimex.ch\/fr\/politique-de-confidentialite\/\" \/>\n<meta property=\"og:locale\" content=\"fr_FR\" \/>\n<meta property=\"og:type\" content=\"article\" \/>\n<meta property=\"og:title\" content=\"Politique de confidentialit\u00e9\" \/>\n<meta property=\"og:description\" content=\"Credimex s&#039;engage \u00e0 prot\u00e9ger toutes les informations que vous fournissez lorsque vous utilisez notre site web, notre site web mobile ou nos services.\" \/>\n<meta property=\"og:url\" content=\"https:\/\/www.credimex.ch\/fr\/politique-de-confidentialite\/\" \/>\n<meta property=\"og:site_name\" content=\"CREDIMEX\" \/>\n<meta property=\"article:publisher\" content=\"https:\/\/www.facebook.com\/credimex.alpnach\/\" \/>\n<meta property=\"article:modified_time\" content=\"2023-05-24T15:47:01+00:00\" \/>\n<meta property=\"og:image\" content=\"https:\/\/www.credimex.ch\/wp-content\/uploads\/2023\/02\/credimex.jpg\" \/>\n\t<meta property=\"og:image:width\" content=\"1331\" \/>\n\t<meta property=\"og:image:height\" content=\"886\" \/>\n\t<meta property=\"og:image:type\" content=\"image\/jpeg\" \/>\n<meta name=\"twitter:card\" content=\"summary_large_image\" \/>\n<meta name=\"twitter:label1\" content=\"Dur\u00e9e de lecture estim\u00e9e\" \/>\n\t<meta name=\"twitter:data1\" content=\"5 minutes\" \/>\n<script type=\"application\/ld+json\" class=\"yoast-schema-graph\">{\"@context\":\"https:\\\/\\\/schema.org\",\"@graph\":[{\"@type\":\"WebPage\",\"@id\":\"https:\\\/\\\/www.credimex.ch\\\/fr\\\/politique-de-confidentialite\\\/\",\"url\":\"https:\\\/\\\/www.credimex.ch\\\/fr\\\/politique-de-confidentialite\\\/\",\"name\":\"Politique de confidentialit\u00e9 - CREDIMEX\",\"isPartOf\":{\"@id\":\"https:\\\/\\\/www.credimex.ch\\\/fr\\\/#website\"},\"datePublished\":\"2022-03-15T06:19:16+00:00\",\"dateModified\":\"2023-05-24T15:47:01+00:00\",\"description\":\"Credimex s'engage \u00e0 prot\u00e9ger toutes les informations que vous fournissez lorsque vous utilisez notre site web, notre site web mobile ou nos services.\",\"breadcrumb\":{\"@id\":\"https:\\\/\\\/www.credimex.ch\\\/fr\\\/politique-de-confidentialite\\\/#breadcrumb\"},\"inLanguage\":\"fr-FR\",\"potentialAction\":[{\"@type\":\"ReadAction\",\"target\":[\"https:\\\/\\\/www.credimex.ch\\\/fr\\\/politique-de-confidentialite\\\/\"]}]},{\"@type\":\"BreadcrumbList\",\"@id\":\"https:\\\/\\\/www.credimex.ch\\\/fr\\\/politique-de-confidentialite\\\/#breadcrumb\",\"itemListElement\":[{\"@type\":\"ListItem\",\"position\":1,\"name\":\"Home\",\"item\":\"https:\\\/\\\/www.credimex.ch\\\/fr\\\/\"},{\"@type\":\"ListItem\",\"position\":2,\"name\":\"Politique de confidentialit\u00e9\"}]},{\"@type\":\"WebSite\",\"@id\":\"https:\\\/\\\/www.credimex.ch\\\/fr\\\/#website\",\"url\":\"https:\\\/\\\/www.credimex.ch\\\/fr\\\/\",\"name\":\"CREDIMEX\",\"description\":\"Partner of Swiss Industrial Market\",\"publisher\":{\"@id\":\"https:\\\/\\\/www.credimex.ch\\\/fr\\\/#organization\"},\"potentialAction\":[{\"@type\":\"SearchAction\",\"target\":{\"@type\":\"EntryPoint\",\"urlTemplate\":\"https:\\\/\\\/www.credimex.ch\\\/fr\\\/?s={search_term_string}\"},\"query-input\":{\"@type\":\"PropertyValueSpecification\",\"valueRequired\":true,\"valueName\":\"search_term_string\"}}],\"inLanguage\":\"fr-FR\"},{\"@type\":\"Organization\",\"@id\":\"https:\\\/\\\/www.credimex.ch\\\/fr\\\/#organization\",\"name\":\"credimex\",\"url\":\"https:\\\/\\\/www.credimex.ch\\\/fr\\\/\",\"logo\":{\"@type\":\"ImageObject\",\"inLanguage\":\"fr-FR\",\"@id\":\"https:\\\/\\\/www.credimex.ch\\\/fr\\\/#\\\/schema\\\/logo\\\/image\\\/\",\"url\":\"https:\\\/\\\/www.credimex.ch\\\/wp-content\\\/uploads\\\/2022\\\/03\\\/cropped-logo-credimex.png\",\"contentUrl\":\"https:\\\/\\\/www.credimex.ch\\\/wp-content\\\/uploads\\\/2022\\\/03\\\/cropped-logo-credimex.png\",\"width\":512,\"height\":512,\"caption\":\"credimex\"},\"image\":{\"@id\":\"https:\\\/\\\/www.credimex.ch\\\/fr\\\/#\\\/schema\\\/logo\\\/image\\\/\"},\"sameAs\":[\"https:\\\/\\\/www.facebook.com\\\/credimex.alpnach\\\/\",\"https:\\\/\\\/www.linkedin.com\\\/company\\\/credimex\\\/\",\"https:\\\/\\\/www.youtube.com\\\/@CREDIMEX?sub_confirmation=1\"]}]}<\/script>\n<!-- \/ Yoast SEO Premium plugin. -->","yoast_head_json":{"title":"Politique de confidentialit\u00e9 - CREDIMEX","description":"Credimex s'engage \u00e0 prot\u00e9ger toutes les informations que vous fournissez lorsque vous utilisez notre site web, notre site web mobile ou nos services.","robots":{"index":"index","follow":"follow","max-snippet":"max-snippet:-1","max-image-preview":"max-image-preview:large","max-video-preview":"max-video-preview:-1"},"canonical":"https:\/\/www.credimex.ch\/fr\/politique-de-confidentialite\/","og_locale":"fr_FR","og_type":"article","og_title":"Politique de confidentialit\u00e9","og_description":"Credimex s'engage \u00e0 prot\u00e9ger toutes les informations que vous fournissez lorsque vous utilisez notre site web, notre site web mobile ou nos services.","og_url":"https:\/\/www.credimex.ch\/fr\/politique-de-confidentialite\/","og_site_name":"CREDIMEX","article_publisher":"https:\/\/www.facebook.com\/credimex.alpnach\/","article_modified_time":"2023-05-24T15:47:01+00:00","og_image":[{"width":1331,"height":886,"url":"https:\/\/www.credimex.ch\/wp-content\/uploads\/2023\/02\/credimex.jpg","type":"image\/jpeg"}],"twitter_card":"summary_large_image","twitter_misc":{"Dur\u00e9e de lecture estim\u00e9e":"5 minutes"},"schema":{"@context":"https:\/\/schema.org","@graph":[{"@type":"WebPage","@id":"https:\/\/www.credimex.ch\/fr\/politique-de-confidentialite\/","url":"https:\/\/www.credimex.ch\/fr\/politique-de-confidentialite\/","name":"Politique de confidentialit\u00e9 - CREDIMEX","isPartOf":{"@id":"https:\/\/www.credimex.ch\/fr\/#website"},"datePublished":"2022-03-15T06:19:16+00:00","dateModified":"2023-05-24T15:47:01+00:00","description":"Credimex s'engage \u00e0 prot\u00e9ger toutes les informations que vous fournissez lorsque vous utilisez notre site web, notre site web mobile ou nos services.","breadcrumb":{"@id":"https:\/\/www.credimex.ch\/fr\/politique-de-confidentialite\/#breadcrumb"},"inLanguage":"fr-FR","potentialAction":[{"@type":"ReadAction","target":["https:\/\/www.credimex.ch\/fr\/politique-de-confidentialite\/"]}]},{"@type":"BreadcrumbList","@id":"https:\/\/www.credimex.ch\/fr\/politique-de-confidentialite\/#breadcrumb","itemListElement":[{"@type":"ListItem","position":1,"name":"Home","item":"https:\/\/www.credimex.ch\/fr\/"},{"@type":"ListItem","position":2,"name":"Politique de confidentialit\u00e9"}]},{"@type":"WebSite","@id":"https:\/\/www.credimex.ch\/fr\/#website","url":"https:\/\/www.credimex.ch\/fr\/","name":"CREDIMEX","description":"Partner of Swiss Industrial Market","publisher":{"@id":"https:\/\/www.credimex.ch\/fr\/#organization"},"potentialAction":[{"@type":"SearchAction","target":{"@type":"EntryPoint","urlTemplate":"https:\/\/www.credimex.ch\/fr\/?s={search_term_string}"},"query-input":{"@type":"PropertyValueSpecification","valueRequired":true,"valueName":"search_term_string"}}],"inLanguage":"fr-FR"},{"@type":"Organization","@id":"https:\/\/www.credimex.ch\/fr\/#organization","name":"credimex","url":"https:\/\/www.credimex.ch\/fr\/","logo":{"@type":"ImageObject","inLanguage":"fr-FR","@id":"https:\/\/www.credimex.ch\/fr\/#\/schema\/logo\/image\/","url":"https:\/\/www.credimex.ch\/wp-content\/uploads\/2022\/03\/cropped-logo-credimex.png","contentUrl":"https:\/\/www.credimex.ch\/wp-content\/uploads\/2022\/03\/cropped-logo-credimex.png","width":512,"height":512,"caption":"credimex"},"image":{"@id":"https:\/\/www.credimex.ch\/fr\/#\/schema\/logo\/image\/"},"sameAs":["https:\/\/www.facebook.com\/credimex.alpnach\/","https:\/\/www.linkedin.com\/company\/credimex\/","https:\/\/www.youtube.com\/@CREDIMEX?sub_confirmation=1"]}]}},"_links":{"self":[{"href":"https:\/\/www.credimex.ch\/fr\/wp-json\/wp\/v2\/pages\/7340","targetHints":{"allow":["GET"]}}],"collection":[{"href":"https:\/\/www.credimex.ch\/fr\/wp-json\/wp\/v2\/pages"}],"about":[{"href":"https:\/\/www.credimex.ch\/fr\/wp-json\/wp\/v2\/types\/page"}],"author":[{"embeddable":true,"href":"https:\/\/www.credimex.ch\/fr\/wp-json\/wp\/v2\/users\/8"}],"replies":[{"embeddable":true,"href":"https:\/\/www.credimex.ch\/fr\/wp-json\/wp\/v2\/comments?post=7340"}],"version-history":[{"count":6,"href":"https:\/\/www.credimex.ch\/fr\/wp-json\/wp\/v2\/pages\/7340\/revisions"}],"predecessor-version":[{"id":7384,"href":"https:\/\/www.credimex.ch\/fr\/wp-json\/wp\/v2\/pages\/7340\/revisions\/7384"}],"wp:attachment":[{"href":"https:\/\/www.credimex.ch\/fr\/wp-json\/wp\/v2\/media?parent=7340"}],"curies":[{"name":"wp","href":"https:\/\/api.w.org\/{rel}","templated":true}]}}