{"id":7392,"date":"2023-05-25T09:43:49","date_gmt":"2023-05-25T07:43:49","guid":{"rendered":"https:\/\/www.credimex.ch\/politique-relative-aux-cookies\/"},"modified":"2023-05-25T10:18:15","modified_gmt":"2023-05-25T08:18:15","slug":"politique-relative-aux-cookies","status":"publish","type":"page","link":"https:\/\/www.credimex.ch\/fr\/politique-relative-aux-cookies\/","title":{"rendered":"Politique en mati\u00e8re de cookies"},"content":{"rendered":"<h2><span style=\"font-weight: 400;\">Que sont les cookies et comment les utilisons-nous ?<\/span><\/h2>\n<p><span style=\"font-weight: 400;\">Notre site web et notre site web mobile utilisent des cookies pour collecter des informations sur votre visite et sur la mani\u00e8re dont vous utilisez notre site web. Cela nous permet d&rsquo;analyser le trafic sur notre site web et d&rsquo;am\u00e9liorer l&rsquo;exp\u00e9rience que vous en retirez.<\/span><\/p>\n<p><span style=\"font-weight: 400;\">Un cookie est un petit fichier plac\u00e9 sur le disque dur de votre ordinateur par un serveur web.<\/span><\/p>\n<p>Vous pouvez choisir d&rsquo;accepter ou de refuser les cookies. Par d\u00e9faut, la plupart des navigateurs de sites web acceptent automatiquement les cookies, mais vous pouvez modifier les param\u00e8tres de votre navigateur pour les d\u00e9sactiver.<\/p>\n<p>Certains des cookies que nous utilisons proviennent de soci\u00e9t\u00e9s tierces telles que Google Analytics, Mailjet, Mailpoet, Hubspot, qui nous fournissent des analyses et des informations sur notre site web. Ces soci\u00e9t\u00e9s utilisent un code de programmation pour collecter des informations sur votre interaction avec nos sites, telles que les pages que vous visitez, les liens sur lesquels vous cliquez et la dur\u00e9e de votre visite sur nos sites, ainsi que d&rsquo;autres informations. Ces services tiers ont leurs propres politiques de confidentialit\u00e9 et de s\u00e9curit\u00e9 concernant la mani\u00e8re dont ils utilisent et prot\u00e8gent vos informations. Nous vous sugg\u00e9rons de consulter leurs politiques de confidentialit\u00e9 car Credimex n&rsquo;a aucun contr\u00f4le ni aucune responsabilit\u00e9 sur ces sites web et ils ne sont pas r\u00e9gis par la pr\u00e9sente d\u00e9claration de confidentialit\u00e9.<\/p>\n<p>&nbsp;<\/p>\n<table>\n<tbody>\n<tr>\n<td><b>Cookie<\/b><\/td>\n<td><b>Domaine<\/b><\/td>\n<td><b>Type\u00a0<\/b><\/td>\n<td><b>Description<\/b><\/td>\n<td><b>Duration<\/b><\/td>\n<\/tr>\n<tr>\n<td><span style=\"font-weight: 400;\">test_cookie<\/span><\/td>\n<td><span style=\"font-weight: 400;\">.doubleclick.net<\/span><\/td>\n<td>Publicit\u00e9<\/td>\n<td>Le test_cookie est d\u00e9fini par doubleclick.net et est utilis\u00e9 pour d\u00e9terminer si le navigateur de l&rsquo;utilisateur prend en charge les cookies.<\/td>\n<td><span style=\"font-weight: 400;\">15 minutes<\/span><\/td>\n<\/tr>\n<tr>\n<td><span style=\"font-weight: 400;\">IDE<\/span><\/td>\n<td><span style=\"font-weight: 400;\">.doubleclick.net<\/span><\/td>\n<td>Publicit\u00e9<\/td>\n<td><span style=\"font-weight: 400;\">Les cookies DoubleClick IDE de Google sont utilis\u00e9s pour stocker des informations sur la fa\u00e7on dont l&rsquo;utilisateur utilise le site web afin de lui pr\u00e9senter des annonces pertinentes en fonction de son profil d&rsquo;utilisateur.<\/span><\/td>\n<td><span style=\"font-weight: 400;\">1 ann\u00e9e 24 jours<\/span><\/td>\n<\/tr>\n<tr>\n<td><span style=\"font-weight: 400;\">_gcl_au<\/span><\/td>\n<td><span style=\"font-weight: 400;\">.credimex.ch<\/span><\/td>\n<td>Analyse<\/td>\n<td><span style=\"font-weight: 400;\">Fourni par Google Tag Manager pour exp\u00e9rimenter l&rsquo;efficacit\u00e9 publicitaire des sites web utilisant leurs services.<\/span><\/td>\n<td><span style=\"font-weight: 400;\">3 mois<\/span><\/td>\n<\/tr>\n<tr>\n<td><span style=\"font-weight: 400;\">_ga<\/span><\/td>\n<td><span style=\"font-weight: 400;\">.credimex.ch<\/span><\/td>\n<td>Analyse<\/td>\n<td><span style=\"font-weight: 400;\">Le cookie _ga, install\u00e9 par Google Analytics, calcule les donn\u00e9es relatives aux visiteurs, aux sessions et aux campagnes et conserve \u00e9galement une trace de l&rsquo;utilisation du site pour le rapport d&rsquo;analyse du site. Le cookie stocke les informations de mani\u00e8re anonyme et attribue un num\u00e9ro g\u00e9n\u00e9r\u00e9 de mani\u00e8re al\u00e9atoire pour reconna\u00eetre les visiteurs uniques.<\/span><\/td>\n<td><span style=\"font-weight: 400;\">2 ann\u00e9es<\/span><\/td>\n<\/tr>\n<tr>\n<td><span style=\"font-weight: 400;\">_gid<\/span><\/td>\n<td><span style=\"font-weight: 400;\">.credimex.ch<\/span><\/td>\n<td>Analyse<\/td>\n<td><span style=\"font-weight: 400;\">Install\u00e9 par Google Analytics, le cookie _gid stocke des informations sur la mani\u00e8re dont les visiteurs utilisent un site web, tout en cr\u00e9ant un rapport d&rsquo;analyse des performances du site. Parmi les donn\u00e9es collect\u00e9es figurent le nombre de visiteurs, leur source et les pages qu&rsquo;ils visitent de mani\u00e8re anonyme.<\/span><\/td>\n<td><span style=\"font-weight: 400;\">1 jour<\/span><\/td>\n<\/tr>\n<tr>\n<td><span style=\"font-weight: 400;\">_gat_UA-76405524-1<\/span><\/td>\n<td><span style=\"font-weight: 400;\">.credimex.ch<\/span><\/td>\n<td>Analyse<\/td>\n<td><span style=\"font-weight: 400;\">Variante du cookie _gat mis en place par Google Analytics et Google Tag Manager pour permettre aux propri\u00e9taires de sites web de suivre le comportement des visiteurs et de mesurer les performances du site. L&rsquo;\u00e9l\u00e9ment de motif du nom contient le num\u00e9ro d&rsquo;identit\u00e9 unique du compte ou du site web auquel il se rapporte.<\/span><\/td>\n<td><span style=\"font-weight: 400;\">1 minute<\/span><\/td>\n<\/tr>\n<tr>\n<td><span style=\"font-weight: 400;\">_hjid<\/span><\/td>\n<td><span style=\"font-weight: 400;\">.credimex.ch<\/span><\/td>\n<td>Analyse<\/td>\n<td>Il s&rsquo;agit d&rsquo;un cookie Hotjar qui est d\u00e9fini lorsque le client arrive pour la premi\u00e8re fois sur une page utilisant le script Hotjar.<\/td>\n<td><span style=\"font-weight: 400;\">1 ann\u00e9e<\/span><\/td>\n<\/tr>\n<tr>\n<td><span style=\"font-weight: 400;\">_hjFirstSeen<\/span><\/td>\n<td><span style=\"font-weight: 400;\">.credimex.ch<\/span><\/td>\n<td>Analyse<\/td>\n<td>Hotjar d\u00e9finit ce cookie pour identifier la premi\u00e8re session d&rsquo;un nouvel utilisateur. Il stocke une valeur vrai\/faux, indiquant si c&rsquo;est la premi\u00e8re fois que Hotjar voit cet utilisateur.<\/td>\n<td><span style=\"font-weight: 400;\">30 minutes<\/span><\/td>\n<\/tr>\n<tr>\n<td><span style=\"font-weight: 400;\">_hjIncludedInPageviewSample<\/span><\/td>\n<td><span style=\"font-weight: 400;\">www.credimex.ch<\/span><\/td>\n<td>Analyse<\/td>\n<td>Hotjar d\u00e9finit ce cookie pour savoir si un utilisateur est inclus dans l&rsquo;\u00e9chantillonnage de donn\u00e9es d\u00e9fini par la limite de pages vues du site.<\/td>\n<td><span style=\"font-weight: 400;\">2 minutes<\/span><\/td>\n<\/tr>\n<tr>\n<td><span style=\"font-weight: 400;\">_hjAbsoluteSessionInProgress<\/span><\/td>\n<td><span style=\"font-weight: 400;\">.credimex.ch<\/span><\/td>\n<td>Analyse<\/td>\n<td>Hotjar utilise ce cookie pour d\u00e9tecter la premi\u00e8re session de consultation de page d&rsquo;un utilisateur. Il s&rsquo;agit d&rsquo;un indicateur vrai\/faux d\u00e9fini par le cookie.<\/td>\n<td><span style=\"font-weight: 400;\">30 minutes<\/span><\/td>\n<\/tr>\n<tr>\n<td><span style=\"font-weight: 400;\">elementor<\/span><\/td>\n<td><span style=\"font-weight: 400;\">credimex.ch<\/span><\/td>\n<td>N\u00e9cessaire<\/td>\n<td>Ce cookie est utilis\u00e9 par le th\u00e8me WordPress du site web. Il permet au propri\u00e9taire du site de mettre en \u0153uvre ou de modifier le contenu du site en temps r\u00e9el.<\/td>\n<td><span style=\"font-weight: 400;\">jamais<\/span><\/td>\n<\/tr>\n<\/tbody>\n<\/table>\n<h2><span style=\"font-weight: 400;\">Liens vers d&rsquo;autres sites web<\/span><\/h2>\n<p><span style=\"font-weight: 400;\">Notre site web comporte des liens vers d&rsquo;autres sites web susceptibles de collecter des informations personnellement identifiables vous concernant. Les pratiques en mati\u00e8re d&rsquo;information de ces sites web li\u00e9s \u00e0 www.credimex.ch ne sont pas couvertes par la pr\u00e9sente politique de confidentialit\u00e9. Nous n&rsquo;avons aucun contr\u00f4le et n&rsquo;assumons aucune responsabilit\u00e9 quant au contenu, aux politiques de confidentialit\u00e9 ou aux pratiques de ces sites ou services tiers. Nous vous recommandons vivement de consulter la politique de confidentialit\u00e9 de chaque site web que vous visitez.<\/span><\/p>\n<h2><span style=\"font-weight: 400;\">Contactez nous<\/span><\/h2>\n<p>Si vous avez des questions sur la pr\u00e9sente politique de confidentialit\u00e9 ou si vous pensez que vos informations personnelles sont inexactes, veuillez envoyer un courriel \u00e0 info@credimex.ch.<\/p>\n<p>La pr\u00e9sente politique est r\u00e9gie et interpr\u00e9t\u00e9e conform\u00e9ment aux lois suisses, sans tenir compte des dispositions relatives aux conflits de lois.<\/p>\n","protected":false},"excerpt":{"rendered":"<p>Que sont les cookies et comment les utilisons-nous ? Notre site web et notre site web mobile utilisent des cookies pour collecter des informations sur votre visite et sur la mani\u00e8re dont vous utilisez notre site web. Cela nous permet d&rsquo;analyser le trafic sur notre site web et d&rsquo;am\u00e9liorer l&rsquo;exp\u00e9rience que vous en retirez. Un [&hellip;]<\/p>\n","protected":false},"author":8,"featured_media":0,"parent":0,"menu_order":0,"comment_status":"closed","ping_status":"open","template":"","meta":{"_acf_changed":false,"footnotes":""},"class_list":["post-7392","page","type-page","status-publish","hentry"],"acf":[],"_yoast_wpseo_focuskw":"Politique de confidentialit\u00e9","_yoast_wpseo_metadesc":"Credimex s'engage \u00e0 prot\u00e9ger toutes les informations que vous fournissez lorsque vous utilisez notre site web, notre site web mobile ou nos services.","yoast_head":"<!-- This site is optimized with the Yoast SEO Premium plugin v21.6 (Yoast SEO v27.4) - https:\/\/yoast.com\/product\/yoast-seo-premium-wordpress\/ -->\n<title>Politique en mati\u00e8re de cookies - CREDIMEX<\/title>\n<meta name=\"description\" content=\"Credimex s&#039;engage \u00e0 prot\u00e9ger toutes les informations que vous fournissez lorsque vous utilisez notre site web, notre site web mobile ou nos services.\" \/>\n<meta name=\"robots\" content=\"index, follow, max-snippet:-1, max-image-preview:large, max-video-preview:-1\" \/>\n<link rel=\"canonical\" href=\"https:\/\/www.credimex.ch\/fr\/politique-relative-aux-cookies\/\" \/>\n<meta property=\"og:locale\" content=\"fr_FR\" \/>\n<meta property=\"og:type\" content=\"article\" \/>\n<meta property=\"og:title\" content=\"Politique en mati\u00e8re de cookies\" \/>\n<meta property=\"og:description\" content=\"Credimex s&#039;engage \u00e0 prot\u00e9ger toutes les informations que vous fournissez lorsque vous utilisez notre site web, notre site web mobile ou nos services.\" \/>\n<meta property=\"og:url\" content=\"https:\/\/www.credimex.ch\/fr\/politique-relative-aux-cookies\/\" \/>\n<meta property=\"og:site_name\" content=\"CREDIMEX\" \/>\n<meta property=\"article:publisher\" content=\"https:\/\/www.facebook.com\/credimex.alpnach\/\" \/>\n<meta property=\"article:modified_time\" content=\"2023-05-25T08:18:15+00:00\" \/>\n<meta property=\"og:image\" content=\"https:\/\/www.credimex.ch\/wp-content\/uploads\/2023\/02\/credimex.jpg\" \/>\n\t<meta property=\"og:image:width\" content=\"1331\" \/>\n\t<meta property=\"og:image:height\" content=\"886\" \/>\n\t<meta property=\"og:image:type\" content=\"image\/jpeg\" \/>\n<meta name=\"twitter:card\" content=\"summary_large_image\" \/>\n<meta name=\"twitter:label1\" content=\"Dur\u00e9e de lecture estim\u00e9e\" \/>\n\t<meta name=\"twitter:data1\" content=\"4 minutes\" \/>\n<script type=\"application\/ld+json\" class=\"yoast-schema-graph\">{\"@context\":\"https:\\\/\\\/schema.org\",\"@graph\":[{\"@type\":\"WebPage\",\"@id\":\"https:\\\/\\\/www.credimex.ch\\\/fr\\\/politique-relative-aux-cookies\\\/\",\"url\":\"https:\\\/\\\/www.credimex.ch\\\/fr\\\/politique-relative-aux-cookies\\\/\",\"name\":\"Politique en mati\u00e8re de cookies - CREDIMEX\",\"isPartOf\":{\"@id\":\"https:\\\/\\\/www.credimex.ch\\\/fr\\\/#website\"},\"datePublished\":\"2023-05-25T07:43:49+00:00\",\"dateModified\":\"2023-05-25T08:18:15+00:00\",\"description\":\"Credimex s'engage \u00e0 prot\u00e9ger toutes les informations que vous fournissez lorsque vous utilisez notre site web, notre site web mobile ou nos services.\",\"breadcrumb\":{\"@id\":\"https:\\\/\\\/www.credimex.ch\\\/fr\\\/politique-relative-aux-cookies\\\/#breadcrumb\"},\"inLanguage\":\"fr-FR\",\"potentialAction\":[{\"@type\":\"ReadAction\",\"target\":[\"https:\\\/\\\/www.credimex.ch\\\/fr\\\/politique-relative-aux-cookies\\\/\"]}]},{\"@type\":\"BreadcrumbList\",\"@id\":\"https:\\\/\\\/www.credimex.ch\\\/fr\\\/politique-relative-aux-cookies\\\/#breadcrumb\",\"itemListElement\":[{\"@type\":\"ListItem\",\"position\":1,\"name\":\"Home\",\"item\":\"https:\\\/\\\/www.credimex.ch\\\/fr\\\/\"},{\"@type\":\"ListItem\",\"position\":2,\"name\":\"Politique en mati\u00e8re de cookies\"}]},{\"@type\":\"WebSite\",\"@id\":\"https:\\\/\\\/www.credimex.ch\\\/fr\\\/#website\",\"url\":\"https:\\\/\\\/www.credimex.ch\\\/fr\\\/\",\"name\":\"CREDIMEX\",\"description\":\"Partner of Swiss Industrial Market\",\"publisher\":{\"@id\":\"https:\\\/\\\/www.credimex.ch\\\/fr\\\/#organization\"},\"potentialAction\":[{\"@type\":\"SearchAction\",\"target\":{\"@type\":\"EntryPoint\",\"urlTemplate\":\"https:\\\/\\\/www.credimex.ch\\\/fr\\\/?s={search_term_string}\"},\"query-input\":{\"@type\":\"PropertyValueSpecification\",\"valueRequired\":true,\"valueName\":\"search_term_string\"}}],\"inLanguage\":\"fr-FR\"},{\"@type\":\"Organization\",\"@id\":\"https:\\\/\\\/www.credimex.ch\\\/fr\\\/#organization\",\"name\":\"credimex\",\"url\":\"https:\\\/\\\/www.credimex.ch\\\/fr\\\/\",\"logo\":{\"@type\":\"ImageObject\",\"inLanguage\":\"fr-FR\",\"@id\":\"https:\\\/\\\/www.credimex.ch\\\/fr\\\/#\\\/schema\\\/logo\\\/image\\\/\",\"url\":\"https:\\\/\\\/www.credimex.ch\\\/wp-content\\\/uploads\\\/2022\\\/03\\\/cropped-logo-credimex.png\",\"contentUrl\":\"https:\\\/\\\/www.credimex.ch\\\/wp-content\\\/uploads\\\/2022\\\/03\\\/cropped-logo-credimex.png\",\"width\":512,\"height\":512,\"caption\":\"credimex\"},\"image\":{\"@id\":\"https:\\\/\\\/www.credimex.ch\\\/fr\\\/#\\\/schema\\\/logo\\\/image\\\/\"},\"sameAs\":[\"https:\\\/\\\/www.facebook.com\\\/credimex.alpnach\\\/\",\"https:\\\/\\\/www.linkedin.com\\\/company\\\/credimex\\\/\",\"https:\\\/\\\/www.youtube.com\\\/@CREDIMEX?sub_confirmation=1\"]}]}<\/script>\n<!-- \/ Yoast SEO Premium plugin. -->","yoast_head_json":{"title":"Politique en mati\u00e8re de cookies - CREDIMEX","description":"Credimex s'engage \u00e0 prot\u00e9ger toutes les informations que vous fournissez lorsque vous utilisez notre site web, notre site web mobile ou nos services.","robots":{"index":"index","follow":"follow","max-snippet":"max-snippet:-1","max-image-preview":"max-image-preview:large","max-video-preview":"max-video-preview:-1"},"canonical":"https:\/\/www.credimex.ch\/fr\/politique-relative-aux-cookies\/","og_locale":"fr_FR","og_type":"article","og_title":"Politique en mati\u00e8re de cookies","og_description":"Credimex s'engage \u00e0 prot\u00e9ger toutes les informations que vous fournissez lorsque vous utilisez notre site web, notre site web mobile ou nos services.","og_url":"https:\/\/www.credimex.ch\/fr\/politique-relative-aux-cookies\/","og_site_name":"CREDIMEX","article_publisher":"https:\/\/www.facebook.com\/credimex.alpnach\/","article_modified_time":"2023-05-25T08:18:15+00:00","og_image":[{"width":1331,"height":886,"url":"https:\/\/www.credimex.ch\/wp-content\/uploads\/2023\/02\/credimex.jpg","type":"image\/jpeg"}],"twitter_card":"summary_large_image","twitter_misc":{"Dur\u00e9e de lecture estim\u00e9e":"4 minutes"},"schema":{"@context":"https:\/\/schema.org","@graph":[{"@type":"WebPage","@id":"https:\/\/www.credimex.ch\/fr\/politique-relative-aux-cookies\/","url":"https:\/\/www.credimex.ch\/fr\/politique-relative-aux-cookies\/","name":"Politique en mati\u00e8re de cookies - CREDIMEX","isPartOf":{"@id":"https:\/\/www.credimex.ch\/fr\/#website"},"datePublished":"2023-05-25T07:43:49+00:00","dateModified":"2023-05-25T08:18:15+00:00","description":"Credimex s'engage \u00e0 prot\u00e9ger toutes les informations que vous fournissez lorsque vous utilisez notre site web, notre site web mobile ou nos services.","breadcrumb":{"@id":"https:\/\/www.credimex.ch\/fr\/politique-relative-aux-cookies\/#breadcrumb"},"inLanguage":"fr-FR","potentialAction":[{"@type":"ReadAction","target":["https:\/\/www.credimex.ch\/fr\/politique-relative-aux-cookies\/"]}]},{"@type":"BreadcrumbList","@id":"https:\/\/www.credimex.ch\/fr\/politique-relative-aux-cookies\/#breadcrumb","itemListElement":[{"@type":"ListItem","position":1,"name":"Home","item":"https:\/\/www.credimex.ch\/fr\/"},{"@type":"ListItem","position":2,"name":"Politique en mati\u00e8re de cookies"}]},{"@type":"WebSite","@id":"https:\/\/www.credimex.ch\/fr\/#website","url":"https:\/\/www.credimex.ch\/fr\/","name":"CREDIMEX","description":"Partner of Swiss Industrial Market","publisher":{"@id":"https:\/\/www.credimex.ch\/fr\/#organization"},"potentialAction":[{"@type":"SearchAction","target":{"@type":"EntryPoint","urlTemplate":"https:\/\/www.credimex.ch\/fr\/?s={search_term_string}"},"query-input":{"@type":"PropertyValueSpecification","valueRequired":true,"valueName":"search_term_string"}}],"inLanguage":"fr-FR"},{"@type":"Organization","@id":"https:\/\/www.credimex.ch\/fr\/#organization","name":"credimex","url":"https:\/\/www.credimex.ch\/fr\/","logo":{"@type":"ImageObject","inLanguage":"fr-FR","@id":"https:\/\/www.credimex.ch\/fr\/#\/schema\/logo\/image\/","url":"https:\/\/www.credimex.ch\/wp-content\/uploads\/2022\/03\/cropped-logo-credimex.png","contentUrl":"https:\/\/www.credimex.ch\/wp-content\/uploads\/2022\/03\/cropped-logo-credimex.png","width":512,"height":512,"caption":"credimex"},"image":{"@id":"https:\/\/www.credimex.ch\/fr\/#\/schema\/logo\/image\/"},"sameAs":["https:\/\/www.facebook.com\/credimex.alpnach\/","https:\/\/www.linkedin.com\/company\/credimex\/","https:\/\/www.youtube.com\/@CREDIMEX?sub_confirmation=1"]}]}},"_links":{"self":[{"href":"https:\/\/www.credimex.ch\/fr\/wp-json\/wp\/v2\/pages\/7392","targetHints":{"allow":["GET"]}}],"collection":[{"href":"https:\/\/www.credimex.ch\/fr\/wp-json\/wp\/v2\/pages"}],"about":[{"href":"https:\/\/www.credimex.ch\/fr\/wp-json\/wp\/v2\/types\/page"}],"author":[{"embeddable":true,"href":"https:\/\/www.credimex.ch\/fr\/wp-json\/wp\/v2\/users\/8"}],"replies":[{"embeddable":true,"href":"https:\/\/www.credimex.ch\/fr\/wp-json\/wp\/v2\/comments?post=7392"}],"version-history":[{"count":4,"href":"https:\/\/www.credimex.ch\/fr\/wp-json\/wp\/v2\/pages\/7392\/revisions"}],"predecessor-version":[{"id":7400,"href":"https:\/\/www.credimex.ch\/fr\/wp-json\/wp\/v2\/pages\/7392\/revisions\/7400"}],"wp:attachment":[{"href":"https:\/\/www.credimex.ch\/fr\/wp-json\/wp\/v2\/media?parent=7392"}],"curies":[{"name":"wp","href":"https:\/\/api.w.org\/{rel}","templated":true}]}}