{"id":3826,"date":"2022-09-09T16:25:33","date_gmt":"2022-09-09T14:25:33","guid":{"rendered":"https:\/\/www.credimex.ch.mialias.net\/product\/graisse-lubrifiante-molykote-hp-300\/"},"modified":"2026-02-03T12:01:16","modified_gmt":"2026-02-03T11:01:16","slug":"molykote-hp-300-graisse-lubrifiante","status":"publish","type":"product","link":"https:\/\/www.credimex.ch\/fr\/produit\/molykote-hp-300-graisse-lubrifiante\/","title":{"rendered":"Graisse lubrifiante Molykote HP-300"},"content":{"rendered":"<h3><span style=\"vertical-align: inherit;\">Composition Molykote HP-300<\/span><\/h3>\n<ul>\n<li><span style=\"vertical-align: inherit;\">Poly\u00e9ther perfluor\u00e9<\/span><\/li>\n<li><span style=\"vertical-align: inherit;\">Polym\u00e8re fluor\u00e9<\/span><\/li>\n<\/ul>\n<h3><span style=\"vertical-align: inherit;\">Propri\u00e9t\u00e9s Molykote HP-300<\/span><\/h3>\n<ul>\n<li><span style=\"vertical-align: inherit;\">Bonne r\u00e9sistance chimique<\/span><\/li>\n<li><span style=\"vertical-align: inherit;\">Bonne stabilit\u00e9 oxydative<\/span><\/li>\n<li><span style=\"vertical-align: inherit;\">Bonne compatibilit\u00e9 du plastique et du caoutchouc<\/span><\/li>\n<li><span style=\"vertical-align: inherit;\">Performances \u00e0 basse temp\u00e9rature<\/span><\/li>\n<li><span style=\"vertical-align: inherit;\">Performances \u00e0 haute temp\u00e9rature<\/span><\/li>\n<li><span style=\"vertical-align: inherit;\">Large gamme de temp\u00e9ratures<\/span><\/li>\n<\/ul>\n<h3><span style=\"vertical-align: inherit;\">Applications de Molykote HP-300<\/span><\/h3>\n<ul>\n<li><span style=\"vertical-align: inherit;\">Il est largement utilis\u00e9 dans des conditions difficiles, telles que des temp\u00e9ratures basses ou \u00e9lev\u00e9es, des produits corrosifs, des solvants, des gaz naturels liqu\u00e9fi\u00e9s, etc.<\/span><\/li>\n<li><span style=\"vertical-align: inherit;\">\u00c9quipement de fabrication de semi-conducteurs o\u00f9 la volatilisation du mat\u00e9riau lubrifiant est ind\u00e9sirable.<\/span><\/li>\n<\/ul>\n<p>&nbsp;<\/p>\n","protected":false},"excerpt":{"rendered":"<p><strong><br \/>\n<span style=\"vertical-align: inherit;\">Molykote HP-300 <\/span><br \/>\n<\/strong><span style=\"vertical-align: inherit;\"> est une graisse enti\u00e8rement fluor\u00e9e qui offre des performances exceptionnelles dans des conditions extr\u00eames.<\/span><\/p>\n","protected":false},"featured_media":3762,"comment_status":"open","ping_status":"closed","template":"","meta":{"_acf_changed":false},"product_brand":[],"product_cat":[362,361,360,363,342,359],"product_tag":[],"class_list":{"0":"post-3826","1":"product","2":"type-product","3":"status-publish","4":"has-post-thumbnail","6":"product_cat-graisses","7":"product_cat-industrie-alimentaire","8":"product_cat-industrie-generale","9":"product_cat-lubrifiants-de-qualite-alimentaire","10":"product_cat-lubrifiants-industriels","11":"product_cat-molykote","12":"pa_brands-molykote-fr","14":"first","15":"instock","16":"shipping-taxable","17":"product-type-simple"},"acf":[],"_yoast_wpseo_focuskw":"Graisse lubrifiante Molykote HP-300","_yoast_wpseo_metadesc":"Graisse lubrifiante Molykote HP-300 pour applications industrielles. Lubrification prolong\u00e9e des composants. Contactez-nous pour obtenir un devis et une assistance technique.","yoast_head":"<!-- This site is optimized with the Yoast SEO Premium plugin v21.6 (Yoast SEO v27.4) - https:\/\/yoast.com\/product\/yoast-seo-premium-wordpress\/ -->\n<title>Graisse lubrifiante Molykote HP-300 - CREDIMEX<\/title>\n<meta name=\"description\" content=\"Graisse lubrifiante Molykote HP-300 pour applications industrielles. Lubrification prolong\u00e9e des composants. Contactez-nous pour obtenir un devis et une assistance technique.\" \/>\n<meta name=\"robots\" content=\"index, follow, max-snippet:-1, max-image-preview:large, max-video-preview:-1\" \/>\n<link rel=\"canonical\" href=\"https:\/\/www.credimex.ch\/fr\/produit\/molykote-hp-300-graisse-lubrifiante\/\" \/>\n<meta property=\"og:locale\" content=\"fr_FR\" \/>\n<meta property=\"og:type\" content=\"article\" \/>\n<meta property=\"og:title\" content=\"Graisse lubrifiante Molykote HP-300\" \/>\n<meta property=\"og:description\" content=\"Graisse lubrifiante Molykote HP-300 pour applications industrielles. Lubrification prolong\u00e9e des composants. Contactez-nous pour obtenir un devis et une assistance technique.\" \/>\n<meta property=\"og:url\" content=\"https:\/\/www.credimex.ch\/fr\/produit\/molykote-hp-300-graisse-lubrifiante\/\" \/>\n<meta property=\"og:site_name\" content=\"CREDIMEX\" \/>\n<meta property=\"article:publisher\" content=\"https:\/\/www.facebook.com\/credimex.alpnach\/\" \/>\n<meta property=\"article:modified_time\" content=\"2026-02-03T11:01:16+00:00\" \/>\n<meta property=\"og:image\" content=\"https:\/\/www.credimex.ch\/wp-content\/uploads\/2022\/09\/MOLYKOTE\u2122-HP-300.jpg\" \/>\n\t<meta property=\"og:image:width\" content=\"400\" \/>\n\t<meta property=\"og:image:height\" content=\"400\" \/>\n\t<meta property=\"og:image:type\" content=\"image\/jpeg\" \/>\n<meta name=\"twitter:card\" content=\"summary_large_image\" \/>\n<meta name=\"twitter:label1\" content=\"Dur\u00e9e de lecture estim\u00e9e\" \/>\n\t<meta name=\"twitter:data1\" content=\"1 minute\" \/>\n<script type=\"application\/ld+json\" class=\"yoast-schema-graph\">{\"@context\":\"https:\\\/\\\/schema.org\",\"@graph\":[{\"@type\":\"WebPage\",\"@id\":\"https:\\\/\\\/www.credimex.ch\\\/fr\\\/produit\\\/molykote-hp-300-graisse-lubrifiante\\\/\",\"url\":\"https:\\\/\\\/www.credimex.ch\\\/fr\\\/produit\\\/molykote-hp-300-graisse-lubrifiante\\\/\",\"name\":\"Graisse lubrifiante Molykote HP-300 - CREDIMEX\",\"isPartOf\":{\"@id\":\"https:\\\/\\\/www.credimex.ch\\\/fr\\\/#website\"},\"primaryImageOfPage\":{\"@id\":\"https:\\\/\\\/www.credimex.ch\\\/fr\\\/produit\\\/molykote-hp-300-graisse-lubrifiante\\\/#primaryimage\"},\"image\":{\"@id\":\"https:\\\/\\\/www.credimex.ch\\\/fr\\\/produit\\\/molykote-hp-300-graisse-lubrifiante\\\/#primaryimage\"},\"thumbnailUrl\":\"https:\\\/\\\/www.credimex.ch\\\/wp-content\\\/uploads\\\/2022\\\/09\\\/MOLYKOTE\u2122-HP-300.jpg\",\"datePublished\":\"2022-09-09T14:25:33+00:00\",\"dateModified\":\"2026-02-03T11:01:16+00:00\",\"description\":\"Graisse lubrifiante Molykote HP-300 pour applications industrielles. Lubrification prolong\u00e9e des composants. Contactez-nous pour obtenir un devis et une assistance technique.\",\"breadcrumb\":{\"@id\":\"https:\\\/\\\/www.credimex.ch\\\/fr\\\/produit\\\/molykote-hp-300-graisse-lubrifiante\\\/#breadcrumb\"},\"inLanguage\":\"fr-FR\",\"potentialAction\":[{\"@type\":\"ReadAction\",\"target\":[\"https:\\\/\\\/www.credimex.ch\\\/fr\\\/produit\\\/molykote-hp-300-graisse-lubrifiante\\\/\"]}]},{\"@type\":\"ImageObject\",\"inLanguage\":\"fr-FR\",\"@id\":\"https:\\\/\\\/www.credimex.ch\\\/fr\\\/produit\\\/molykote-hp-300-graisse-lubrifiante\\\/#primaryimage\",\"url\":\"https:\\\/\\\/www.credimex.ch\\\/wp-content\\\/uploads\\\/2022\\\/09\\\/MOLYKOTE\u2122-HP-300.jpg\",\"contentUrl\":\"https:\\\/\\\/www.credimex.ch\\\/wp-content\\\/uploads\\\/2022\\\/09\\\/MOLYKOTE\u2122-HP-300.jpg\",\"width\":400,\"height\":400},{\"@type\":\"BreadcrumbList\",\"@id\":\"https:\\\/\\\/www.credimex.ch\\\/fr\\\/produit\\\/molykote-hp-300-graisse-lubrifiante\\\/#breadcrumb\",\"itemListElement\":[{\"@type\":\"ListItem\",\"position\":1,\"name\":\"Home\",\"item\":\"https:\\\/\\\/www.credimex.ch\\\/fr\\\/\"},{\"@type\":\"ListItem\",\"position\":2,\"name\":\"Produits\",\"item\":\"https:\\\/\\\/www.credimex.ch\\\/fr\\\/produits\\\/\"},{\"@type\":\"ListItem\",\"position\":3,\"name\":\"Graisse lubrifiante Molykote HP-300\"}]},{\"@type\":\"WebSite\",\"@id\":\"https:\\\/\\\/www.credimex.ch\\\/fr\\\/#website\",\"url\":\"https:\\\/\\\/www.credimex.ch\\\/fr\\\/\",\"name\":\"CREDIMEX\",\"description\":\"Partner of Swiss Industrial Market\",\"publisher\":{\"@id\":\"https:\\\/\\\/www.credimex.ch\\\/fr\\\/#organization\"},\"potentialAction\":[{\"@type\":\"SearchAction\",\"target\":{\"@type\":\"EntryPoint\",\"urlTemplate\":\"https:\\\/\\\/www.credimex.ch\\\/fr\\\/?s={search_term_string}\"},\"query-input\":{\"@type\":\"PropertyValueSpecification\",\"valueRequired\":true,\"valueName\":\"search_term_string\"}}],\"inLanguage\":\"fr-FR\"},{\"@type\":\"Organization\",\"@id\":\"https:\\\/\\\/www.credimex.ch\\\/fr\\\/#organization\",\"name\":\"credimex\",\"url\":\"https:\\\/\\\/www.credimex.ch\\\/fr\\\/\",\"logo\":{\"@type\":\"ImageObject\",\"inLanguage\":\"fr-FR\",\"@id\":\"https:\\\/\\\/www.credimex.ch\\\/fr\\\/#\\\/schema\\\/logo\\\/image\\\/\",\"url\":\"https:\\\/\\\/www.credimex.ch\\\/wp-content\\\/uploads\\\/2022\\\/03\\\/cropped-logo-credimex.png\",\"contentUrl\":\"https:\\\/\\\/www.credimex.ch\\\/wp-content\\\/uploads\\\/2022\\\/03\\\/cropped-logo-credimex.png\",\"width\":512,\"height\":512,\"caption\":\"credimex\"},\"image\":{\"@id\":\"https:\\\/\\\/www.credimex.ch\\\/fr\\\/#\\\/schema\\\/logo\\\/image\\\/\"},\"sameAs\":[\"https:\\\/\\\/www.facebook.com\\\/credimex.alpnach\\\/\",\"https:\\\/\\\/www.linkedin.com\\\/company\\\/credimex\\\/\",\"https:\\\/\\\/www.youtube.com\\\/@CREDIMEX?sub_confirmation=1\"]}]}<\/script>\n<!-- \/ Yoast SEO Premium plugin. -->","yoast_head_json":{"title":"Graisse lubrifiante Molykote HP-300 - CREDIMEX","description":"Graisse lubrifiante Molykote HP-300 pour applications industrielles. Lubrification prolong\u00e9e des composants. Contactez-nous pour obtenir un devis et une assistance technique.","robots":{"index":"index","follow":"follow","max-snippet":"max-snippet:-1","max-image-preview":"max-image-preview:large","max-video-preview":"max-video-preview:-1"},"canonical":"https:\/\/www.credimex.ch\/fr\/produit\/molykote-hp-300-graisse-lubrifiante\/","og_locale":"fr_FR","og_type":"article","og_title":"Graisse lubrifiante Molykote HP-300","og_description":"Graisse lubrifiante Molykote HP-300 pour applications industrielles. Lubrification prolong\u00e9e des composants. Contactez-nous pour obtenir un devis et une assistance technique.","og_url":"https:\/\/www.credimex.ch\/fr\/produit\/molykote-hp-300-graisse-lubrifiante\/","og_site_name":"CREDIMEX","article_publisher":"https:\/\/www.facebook.com\/credimex.alpnach\/","article_modified_time":"2026-02-03T11:01:16+00:00","og_image":[{"width":400,"height":400,"url":"https:\/\/www.credimex.ch\/wp-content\/uploads\/2022\/09\/MOLYKOTE\u2122-HP-300.jpg","type":"image\/jpeg"}],"twitter_card":"summary_large_image","twitter_misc":{"Dur\u00e9e de lecture estim\u00e9e":"1 minute"},"schema":{"@context":"https:\/\/schema.org","@graph":[{"@type":"WebPage","@id":"https:\/\/www.credimex.ch\/fr\/produit\/molykote-hp-300-graisse-lubrifiante\/","url":"https:\/\/www.credimex.ch\/fr\/produit\/molykote-hp-300-graisse-lubrifiante\/","name":"Graisse lubrifiante Molykote HP-300 - CREDIMEX","isPartOf":{"@id":"https:\/\/www.credimex.ch\/fr\/#website"},"primaryImageOfPage":{"@id":"https:\/\/www.credimex.ch\/fr\/produit\/molykote-hp-300-graisse-lubrifiante\/#primaryimage"},"image":{"@id":"https:\/\/www.credimex.ch\/fr\/produit\/molykote-hp-300-graisse-lubrifiante\/#primaryimage"},"thumbnailUrl":"https:\/\/www.credimex.ch\/wp-content\/uploads\/2022\/09\/MOLYKOTE\u2122-HP-300.jpg","datePublished":"2022-09-09T14:25:33+00:00","dateModified":"2026-02-03T11:01:16+00:00","description":"Graisse lubrifiante Molykote HP-300 pour applications industrielles. Lubrification prolong\u00e9e des composants. Contactez-nous pour obtenir un devis et une assistance technique.","breadcrumb":{"@id":"https:\/\/www.credimex.ch\/fr\/produit\/molykote-hp-300-graisse-lubrifiante\/#breadcrumb"},"inLanguage":"fr-FR","potentialAction":[{"@type":"ReadAction","target":["https:\/\/www.credimex.ch\/fr\/produit\/molykote-hp-300-graisse-lubrifiante\/"]}]},{"@type":"ImageObject","inLanguage":"fr-FR","@id":"https:\/\/www.credimex.ch\/fr\/produit\/molykote-hp-300-graisse-lubrifiante\/#primaryimage","url":"https:\/\/www.credimex.ch\/wp-content\/uploads\/2022\/09\/MOLYKOTE\u2122-HP-300.jpg","contentUrl":"https:\/\/www.credimex.ch\/wp-content\/uploads\/2022\/09\/MOLYKOTE\u2122-HP-300.jpg","width":400,"height":400},{"@type":"BreadcrumbList","@id":"https:\/\/www.credimex.ch\/fr\/produit\/molykote-hp-300-graisse-lubrifiante\/#breadcrumb","itemListElement":[{"@type":"ListItem","position":1,"name":"Home","item":"https:\/\/www.credimex.ch\/fr\/"},{"@type":"ListItem","position":2,"name":"Produits","item":"https:\/\/www.credimex.ch\/fr\/produits\/"},{"@type":"ListItem","position":3,"name":"Graisse lubrifiante Molykote HP-300"}]},{"@type":"WebSite","@id":"https:\/\/www.credimex.ch\/fr\/#website","url":"https:\/\/www.credimex.ch\/fr\/","name":"CREDIMEX","description":"Partner of Swiss Industrial Market","publisher":{"@id":"https:\/\/www.credimex.ch\/fr\/#organization"},"potentialAction":[{"@type":"SearchAction","target":{"@type":"EntryPoint","urlTemplate":"https:\/\/www.credimex.ch\/fr\/?s={search_term_string}"},"query-input":{"@type":"PropertyValueSpecification","valueRequired":true,"valueName":"search_term_string"}}],"inLanguage":"fr-FR"},{"@type":"Organization","@id":"https:\/\/www.credimex.ch\/fr\/#organization","name":"credimex","url":"https:\/\/www.credimex.ch\/fr\/","logo":{"@type":"ImageObject","inLanguage":"fr-FR","@id":"https:\/\/www.credimex.ch\/fr\/#\/schema\/logo\/image\/","url":"https:\/\/www.credimex.ch\/wp-content\/uploads\/2022\/03\/cropped-logo-credimex.png","contentUrl":"https:\/\/www.credimex.ch\/wp-content\/uploads\/2022\/03\/cropped-logo-credimex.png","width":512,"height":512,"caption":"credimex"},"image":{"@id":"https:\/\/www.credimex.ch\/fr\/#\/schema\/logo\/image\/"},"sameAs":["https:\/\/www.facebook.com\/credimex.alpnach\/","https:\/\/www.linkedin.com\/company\/credimex\/","https:\/\/www.youtube.com\/@CREDIMEX?sub_confirmation=1"]}]}},"_links":{"self":[{"href":"https:\/\/www.credimex.ch\/fr\/wp-json\/wp\/v2\/product\/3826","targetHints":{"allow":["GET"]}}],"collection":[{"href":"https:\/\/www.credimex.ch\/fr\/wp-json\/wp\/v2\/product"}],"about":[{"href":"https:\/\/www.credimex.ch\/fr\/wp-json\/wp\/v2\/types\/product"}],"replies":[{"embeddable":true,"href":"https:\/\/www.credimex.ch\/fr\/wp-json\/wp\/v2\/comments?post=3826"}],"wp:featuredmedia":[{"embeddable":true,"href":"https:\/\/www.credimex.ch\/fr\/wp-json\/wp\/v2\/media\/3762"}],"wp:attachment":[{"href":"https:\/\/www.credimex.ch\/fr\/wp-json\/wp\/v2\/media?parent=3826"}],"wp:term":[{"taxonomy":"product_brand","embeddable":true,"href":"https:\/\/www.credimex.ch\/fr\/wp-json\/wp\/v2\/product_brand?post=3826"},{"taxonomy":"product_cat","embeddable":true,"href":"https:\/\/www.credimex.ch\/fr\/wp-json\/wp\/v2\/product_cat?post=3826"},{"taxonomy":"product_tag","embeddable":true,"href":"https:\/\/www.credimex.ch\/fr\/wp-json\/wp\/v2\/product_tag?post=3826"}],"curies":[{"name":"wp","href":"https:\/\/api.w.org\/{rel}","templated":true}]}}