{"id":3830,"date":"2022-09-09T16:18:06","date_gmt":"2022-09-09T14:18:06","guid":{"rendered":"https:\/\/www.credimex.ch.mialias.net\/product\/molykote-multilub\/"},"modified":"2022-09-09T16:18:06","modified_gmt":"2022-09-09T14:18:06","slug":"molykote-multilub-2","status":"publish","type":"product","link":"https:\/\/www.credimex.ch\/fr\/produit\/molykote-multilub-2\/","title":{"rendered":"Molykote Multilub"},"content":{"rendered":"<p><span style=\"vertical-align: inherit;\">Molykote Multilub est une graisse utilis\u00e9e pour tous les types de dispositifs de levage, de guides et de rouleaux coulissants, de roulements, etc., m\u00eame en pr\u00e9sence d&rsquo;humidit\u00e9.<\/span><\/p>\n<h3><span style=\"vertical-align: inherit;\">Composition Molykote Multilub<\/span><\/h3>\n<ul>\n<li><span style=\"vertical-align: inherit;\">Huile min\u00e9rale<\/span><\/li>\n<li><span style=\"vertical-align: inherit;\">Savon au lithium<\/span><\/li>\n<li><span style=\"vertical-align: inherit;\">Additif EP<\/span><\/li>\n<li><span style=\"vertical-align: inherit;\">Inhibiteurs de corrosion<\/span><\/li>\n<\/ul>\n<h3><span style=\"vertical-align: inherit;\">Propri\u00e9t\u00e9s de Molykote Multilub<\/span><\/h3>\n<ul>\n<li><span style=\"vertical-align: inherit;\">Bonne capacit\u00e9 de charge<\/span><\/li>\n<li><span style=\"vertical-align: inherit;\">Convient \u00e0 la lubrification \u00e0 long terme gr\u00e2ce \u00e0 la faible \u00e9vaporation de l&rsquo;huile.<\/span><\/li>\n<li><span style=\"vertical-align: inherit;\">Bonne r\u00e9sistance au lavage \u00e0 l&rsquo;eau<\/span><\/li>\n<li><span style=\"vertical-align: inherit;\">Bonne protection contre la corrosion (degr\u00e9 de corrosion 0-1 dans le test SKF-Emcor)<\/span><\/li>\n<li><span style=\"vertical-align: inherit;\">Bonne r\u00e9sistance \u00e0 l&rsquo;oxydation<\/span><\/li>\n<li><span style=\"vertical-align: inherit;\">R\u00e9duction de l&rsquo;usure et des striations<\/span><\/li>\n<\/ul>\n<h3><span style=\"vertical-align: inherit;\">Applications de Molykote Multilub<\/span><\/h3>\n<ul>\n<li><span style=\"vertical-align: inherit;\">Lubrification des contacts avec des charges l\u00e9g\u00e8res \u00e0 moyennes et des vitesses faibles \u00e0 \u00e9lev\u00e9es, m\u00eame en pr\u00e9sence d&rsquo;humidit\u00e9 et d&#8217;embruns.<\/span><\/li>\n<li><span style=\"vertical-align: inherit;\">Il est utilis\u00e9 dans les roulements \u00e0 rouleaux, les paliers lisses, les glissi\u00e8res, les guides \u00e0 rouleaux, les joints \u00e0 billes, les arbres cannel\u00e9s et les broches filet\u00e9es.<\/span><\/li>\n<li><span style=\"vertical-align: inherit;\">Il est utilis\u00e9 pour la lubrification du ch\u00e2ssis des grues, des chariots \u00e9l\u00e9vateurs \u00e0 fourche et des appareils de levage.<\/span><\/li>\n<\/ul>\n","protected":false},"excerpt":{"rendered":"<p><strong><br \/>\n  <span style=\"vertical-align: inherit;\">Molykote Multilub<\/span><br \/>\n<\/strong><span style=\"vertical-align: inherit;\"> est une graisse haute performance pour les combinaisons m\u00e9tal\/m\u00e9tal impliquant des mouvements lents \u00e0 rapides et des charges moyennes \u00e0 \u00e9lev\u00e9es. <\/span><span style=\"vertical-align: inherit;\">Molykote<\/span><span style=\"vertical-align: inherit;\"> est un leader dans le domaine des lubrifiants industriels depuis plus de 60 ans.<\/span><\/p>\n","protected":false},"featured_media":3760,"comment_status":"open","ping_status":"closed","template":"","meta":{"_acf_changed":false},"product_brand":[],"product_cat":[385,376,384,386,360,359],"product_tag":[],"class_list":{"0":"post-3830","1":"product","2":"type-product","3":"status-publish","4":"has-post-thumbnail","6":"product_cat-centrale-hydroelectrique","7":"product_cat-e-mobilite","8":"product_cat-energie","9":"product_cat-energie-solaire","10":"product_cat-industrie-generale","11":"product_cat-molykote","12":"pa_brands-molykote-fr","14":"first","15":"instock","16":"shipping-taxable","17":"product-type-simple"},"acf":[],"_yoast_wpseo_focuskw":"Molykote Multilub","_yoast_wpseo_metadesc":"Graisse lubrifiante industrielle Molykote Multilub pour une dur\u00e9e de vie prolong\u00e9e des composants. Contactez-nous pour obtenir un devis et une assistance technique.","yoast_head":"<!-- This site is optimized with the Yoast SEO Premium plugin v21.6 (Yoast SEO v27.4) - https:\/\/yoast.com\/product\/yoast-seo-premium-wordpress\/ -->\n<title>Molykote Multilub - CREDIMEX<\/title>\n<meta name=\"description\" content=\"Graisse lubrifiante industrielle Molykote Multilub pour une dur\u00e9e de vie prolong\u00e9e des composants. Contactez-nous pour obtenir un devis et une assistance technique.\" \/>\n<meta name=\"robots\" content=\"index, follow, max-snippet:-1, max-image-preview:large, max-video-preview:-1\" \/>\n<link rel=\"canonical\" href=\"https:\/\/www.credimex.ch\/fr\/produit\/molykote-multilub-2\/\" \/>\n<meta property=\"og:locale\" content=\"fr_FR\" \/>\n<meta property=\"og:type\" content=\"article\" \/>\n<meta property=\"og:title\" content=\"Molykote Multilub\" \/>\n<meta property=\"og:description\" content=\"Graisse lubrifiante industrielle Molykote Multilub pour une dur\u00e9e de vie prolong\u00e9e des composants. Contactez-nous pour obtenir un devis et une assistance technique.\" \/>\n<meta property=\"og:url\" content=\"https:\/\/www.credimex.ch\/fr\/produit\/molykote-multilub-2\/\" \/>\n<meta property=\"og:site_name\" content=\"CREDIMEX\" \/>\n<meta property=\"article:publisher\" content=\"https:\/\/www.facebook.com\/credimex.alpnach\/\" \/>\n<meta property=\"og:image\" content=\"https:\/\/www.credimex.ch\/wp-content\/uploads\/2022\/09\/Molykote_Generic_1_Can.png\" \/>\n\t<meta property=\"og:image:width\" content=\"400\" \/>\n\t<meta property=\"og:image:height\" content=\"400\" \/>\n\t<meta property=\"og:image:type\" content=\"image\/png\" \/>\n<meta name=\"twitter:card\" content=\"summary_large_image\" \/>\n<meta name=\"twitter:label1\" content=\"Dur\u00e9e de lecture estim\u00e9e\" \/>\n\t<meta name=\"twitter:data1\" content=\"1 minute\" \/>\n<script type=\"application\/ld+json\" class=\"yoast-schema-graph\">{\"@context\":\"https:\\\/\\\/schema.org\",\"@graph\":[{\"@type\":\"WebPage\",\"@id\":\"https:\\\/\\\/www.credimex.ch\\\/fr\\\/produit\\\/molykote-multilub-2\\\/\",\"url\":\"https:\\\/\\\/www.credimex.ch\\\/fr\\\/produit\\\/molykote-multilub-2\\\/\",\"name\":\"Molykote Multilub - CREDIMEX\",\"isPartOf\":{\"@id\":\"https:\\\/\\\/www.credimex.ch\\\/fr\\\/#website\"},\"primaryImageOfPage\":{\"@id\":\"https:\\\/\\\/www.credimex.ch\\\/fr\\\/produit\\\/molykote-multilub-2\\\/#primaryimage\"},\"image\":{\"@id\":\"https:\\\/\\\/www.credimex.ch\\\/fr\\\/produit\\\/molykote-multilub-2\\\/#primaryimage\"},\"thumbnailUrl\":\"https:\\\/\\\/www.credimex.ch\\\/wp-content\\\/uploads\\\/2022\\\/09\\\/Molykote_Generic_1_Can.png\",\"datePublished\":\"2022-09-09T14:18:06+00:00\",\"description\":\"Graisse lubrifiante industrielle Molykote Multilub pour une dur\u00e9e de vie prolong\u00e9e des composants. Contactez-nous pour obtenir un devis et une assistance technique.\",\"breadcrumb\":{\"@id\":\"https:\\\/\\\/www.credimex.ch\\\/fr\\\/produit\\\/molykote-multilub-2\\\/#breadcrumb\"},\"inLanguage\":\"fr-FR\",\"potentialAction\":[{\"@type\":\"ReadAction\",\"target\":[\"https:\\\/\\\/www.credimex.ch\\\/fr\\\/produit\\\/molykote-multilub-2\\\/\"]}]},{\"@type\":\"ImageObject\",\"inLanguage\":\"fr-FR\",\"@id\":\"https:\\\/\\\/www.credimex.ch\\\/fr\\\/produit\\\/molykote-multilub-2\\\/#primaryimage\",\"url\":\"https:\\\/\\\/www.credimex.ch\\\/wp-content\\\/uploads\\\/2022\\\/09\\\/Molykote_Generic_1_Can.png\",\"contentUrl\":\"https:\\\/\\\/www.credimex.ch\\\/wp-content\\\/uploads\\\/2022\\\/09\\\/Molykote_Generic_1_Can.png\",\"width\":400,\"height\":400},{\"@type\":\"BreadcrumbList\",\"@id\":\"https:\\\/\\\/www.credimex.ch\\\/fr\\\/produit\\\/molykote-multilub-2\\\/#breadcrumb\",\"itemListElement\":[{\"@type\":\"ListItem\",\"position\":1,\"name\":\"Home\",\"item\":\"https:\\\/\\\/www.credimex.ch\\\/fr\\\/\"},{\"@type\":\"ListItem\",\"position\":2,\"name\":\"Produits\",\"item\":\"https:\\\/\\\/www.credimex.ch\\\/fr\\\/produits\\\/\"},{\"@type\":\"ListItem\",\"position\":3,\"name\":\"Molykote Multilub\"}]},{\"@type\":\"WebSite\",\"@id\":\"https:\\\/\\\/www.credimex.ch\\\/fr\\\/#website\",\"url\":\"https:\\\/\\\/www.credimex.ch\\\/fr\\\/\",\"name\":\"CREDIMEX\",\"description\":\"Partner of Swiss Industrial Market\",\"publisher\":{\"@id\":\"https:\\\/\\\/www.credimex.ch\\\/fr\\\/#organization\"},\"potentialAction\":[{\"@type\":\"SearchAction\",\"target\":{\"@type\":\"EntryPoint\",\"urlTemplate\":\"https:\\\/\\\/www.credimex.ch\\\/fr\\\/?s={search_term_string}\"},\"query-input\":{\"@type\":\"PropertyValueSpecification\",\"valueRequired\":true,\"valueName\":\"search_term_string\"}}],\"inLanguage\":\"fr-FR\"},{\"@type\":\"Organization\",\"@id\":\"https:\\\/\\\/www.credimex.ch\\\/fr\\\/#organization\",\"name\":\"credimex\",\"url\":\"https:\\\/\\\/www.credimex.ch\\\/fr\\\/\",\"logo\":{\"@type\":\"ImageObject\",\"inLanguage\":\"fr-FR\",\"@id\":\"https:\\\/\\\/www.credimex.ch\\\/fr\\\/#\\\/schema\\\/logo\\\/image\\\/\",\"url\":\"https:\\\/\\\/www.credimex.ch\\\/wp-content\\\/uploads\\\/2022\\\/03\\\/cropped-logo-credimex.png\",\"contentUrl\":\"https:\\\/\\\/www.credimex.ch\\\/wp-content\\\/uploads\\\/2022\\\/03\\\/cropped-logo-credimex.png\",\"width\":512,\"height\":512,\"caption\":\"credimex\"},\"image\":{\"@id\":\"https:\\\/\\\/www.credimex.ch\\\/fr\\\/#\\\/schema\\\/logo\\\/image\\\/\"},\"sameAs\":[\"https:\\\/\\\/www.facebook.com\\\/credimex.alpnach\\\/\",\"https:\\\/\\\/www.linkedin.com\\\/company\\\/credimex\\\/\",\"https:\\\/\\\/www.youtube.com\\\/@CREDIMEX?sub_confirmation=1\"]}]}<\/script>\n<!-- \/ Yoast SEO Premium plugin. -->","yoast_head_json":{"title":"Molykote Multilub - CREDIMEX","description":"Graisse lubrifiante industrielle Molykote Multilub pour une dur\u00e9e de vie prolong\u00e9e des composants. Contactez-nous pour obtenir un devis et une assistance technique.","robots":{"index":"index","follow":"follow","max-snippet":"max-snippet:-1","max-image-preview":"max-image-preview:large","max-video-preview":"max-video-preview:-1"},"canonical":"https:\/\/www.credimex.ch\/fr\/produit\/molykote-multilub-2\/","og_locale":"fr_FR","og_type":"article","og_title":"Molykote Multilub","og_description":"Graisse lubrifiante industrielle Molykote Multilub pour une dur\u00e9e de vie prolong\u00e9e des composants. Contactez-nous pour obtenir un devis et une assistance technique.","og_url":"https:\/\/www.credimex.ch\/fr\/produit\/molykote-multilub-2\/","og_site_name":"CREDIMEX","article_publisher":"https:\/\/www.facebook.com\/credimex.alpnach\/","og_image":[{"width":400,"height":400,"url":"https:\/\/www.credimex.ch\/wp-content\/uploads\/2022\/09\/Molykote_Generic_1_Can.png","type":"image\/png"}],"twitter_card":"summary_large_image","twitter_misc":{"Dur\u00e9e de lecture estim\u00e9e":"1 minute"},"schema":{"@context":"https:\/\/schema.org","@graph":[{"@type":"WebPage","@id":"https:\/\/www.credimex.ch\/fr\/produit\/molykote-multilub-2\/","url":"https:\/\/www.credimex.ch\/fr\/produit\/molykote-multilub-2\/","name":"Molykote Multilub - CREDIMEX","isPartOf":{"@id":"https:\/\/www.credimex.ch\/fr\/#website"},"primaryImageOfPage":{"@id":"https:\/\/www.credimex.ch\/fr\/produit\/molykote-multilub-2\/#primaryimage"},"image":{"@id":"https:\/\/www.credimex.ch\/fr\/produit\/molykote-multilub-2\/#primaryimage"},"thumbnailUrl":"https:\/\/www.credimex.ch\/wp-content\/uploads\/2022\/09\/Molykote_Generic_1_Can.png","datePublished":"2022-09-09T14:18:06+00:00","description":"Graisse lubrifiante industrielle Molykote Multilub pour une dur\u00e9e de vie prolong\u00e9e des composants. Contactez-nous pour obtenir un devis et une assistance technique.","breadcrumb":{"@id":"https:\/\/www.credimex.ch\/fr\/produit\/molykote-multilub-2\/#breadcrumb"},"inLanguage":"fr-FR","potentialAction":[{"@type":"ReadAction","target":["https:\/\/www.credimex.ch\/fr\/produit\/molykote-multilub-2\/"]}]},{"@type":"ImageObject","inLanguage":"fr-FR","@id":"https:\/\/www.credimex.ch\/fr\/produit\/molykote-multilub-2\/#primaryimage","url":"https:\/\/www.credimex.ch\/wp-content\/uploads\/2022\/09\/Molykote_Generic_1_Can.png","contentUrl":"https:\/\/www.credimex.ch\/wp-content\/uploads\/2022\/09\/Molykote_Generic_1_Can.png","width":400,"height":400},{"@type":"BreadcrumbList","@id":"https:\/\/www.credimex.ch\/fr\/produit\/molykote-multilub-2\/#breadcrumb","itemListElement":[{"@type":"ListItem","position":1,"name":"Home","item":"https:\/\/www.credimex.ch\/fr\/"},{"@type":"ListItem","position":2,"name":"Produits","item":"https:\/\/www.credimex.ch\/fr\/produits\/"},{"@type":"ListItem","position":3,"name":"Molykote Multilub"}]},{"@type":"WebSite","@id":"https:\/\/www.credimex.ch\/fr\/#website","url":"https:\/\/www.credimex.ch\/fr\/","name":"CREDIMEX","description":"Partner of Swiss Industrial Market","publisher":{"@id":"https:\/\/www.credimex.ch\/fr\/#organization"},"potentialAction":[{"@type":"SearchAction","target":{"@type":"EntryPoint","urlTemplate":"https:\/\/www.credimex.ch\/fr\/?s={search_term_string}"},"query-input":{"@type":"PropertyValueSpecification","valueRequired":true,"valueName":"search_term_string"}}],"inLanguage":"fr-FR"},{"@type":"Organization","@id":"https:\/\/www.credimex.ch\/fr\/#organization","name":"credimex","url":"https:\/\/www.credimex.ch\/fr\/","logo":{"@type":"ImageObject","inLanguage":"fr-FR","@id":"https:\/\/www.credimex.ch\/fr\/#\/schema\/logo\/image\/","url":"https:\/\/www.credimex.ch\/wp-content\/uploads\/2022\/03\/cropped-logo-credimex.png","contentUrl":"https:\/\/www.credimex.ch\/wp-content\/uploads\/2022\/03\/cropped-logo-credimex.png","width":512,"height":512,"caption":"credimex"},"image":{"@id":"https:\/\/www.credimex.ch\/fr\/#\/schema\/logo\/image\/"},"sameAs":["https:\/\/www.facebook.com\/credimex.alpnach\/","https:\/\/www.linkedin.com\/company\/credimex\/","https:\/\/www.youtube.com\/@CREDIMEX?sub_confirmation=1"]}]}},"_links":{"self":[{"href":"https:\/\/www.credimex.ch\/fr\/wp-json\/wp\/v2\/product\/3830","targetHints":{"allow":["GET"]}}],"collection":[{"href":"https:\/\/www.credimex.ch\/fr\/wp-json\/wp\/v2\/product"}],"about":[{"href":"https:\/\/www.credimex.ch\/fr\/wp-json\/wp\/v2\/types\/product"}],"replies":[{"embeddable":true,"href":"https:\/\/www.credimex.ch\/fr\/wp-json\/wp\/v2\/comments?post=3830"}],"wp:featuredmedia":[{"embeddable":true,"href":"https:\/\/www.credimex.ch\/fr\/wp-json\/wp\/v2\/media\/3760"}],"wp:attachment":[{"href":"https:\/\/www.credimex.ch\/fr\/wp-json\/wp\/v2\/media?parent=3830"}],"wp:term":[{"taxonomy":"product_brand","embeddable":true,"href":"https:\/\/www.credimex.ch\/fr\/wp-json\/wp\/v2\/product_brand?post=3830"},{"taxonomy":"product_cat","embeddable":true,"href":"https:\/\/www.credimex.ch\/fr\/wp-json\/wp\/v2\/product_cat?post=3830"},{"taxonomy":"product_tag","embeddable":true,"href":"https:\/\/www.credimex.ch\/fr\/wp-json\/wp\/v2\/product_tag?post=3830"}],"curies":[{"name":"wp","href":"https:\/\/api.w.org\/{rel}","templated":true}]}}