{"id":3836,"date":"2022-09-09T16:07:08","date_gmt":"2022-09-09T14:07:08","guid":{"rendered":"https:\/\/www.credimex.ch.mialias.net\/product\/molykote-3400-a-revetement-anti-friction\/"},"modified":"2022-11-04T10:34:09","modified_gmt":"2022-11-04T09:34:09","slug":"molykote-3400-a-revetement-anti-friction","status":"publish","type":"product","link":"https:\/\/www.credimex.ch\/fr\/produit\/molykote-3400-a-revetement-anti-friction\/","title":{"rendered":"Molykote 3400 A &#8211; Rev\u00eatement anti-friction"},"content":{"rendered":"<h3><span style=\"vertical-align: inherit;\">Composition Molykote 3400 A<\/span><\/h3>\n<ul>\n<li><span style=\"vertical-align: inherit;\">Lubrifiants solides<\/span><\/li>\n<li><span style=\"vertical-align: inherit;\">R\u00e9sine organique<\/span><\/li>\n<li><span style=\"vertical-align: inherit;\">Solvant organique<\/span><\/li>\n<\/ul>\n<h3><span style=\"vertical-align: inherit;\">Propri\u00e9t\u00e9s Molykote 3400 A<\/span><\/h3>\n<ul>\n<li><span style=\"vertical-align: inherit;\">Bonne protection contre la corrosion<\/span><\/li>\n<li><span style=\"vertical-align: inherit;\">Bonne r\u00e9sistance chimique<\/span><\/li>\n<li><span style=\"vertical-align: inherit;\">Capacit\u00e9 de charge \u00e9lev\u00e9e<\/span><\/li>\n<li><span style=\"vertical-align: inherit;\">Faible coefficient de friction<\/span><\/li>\n<li><span style=\"vertical-align: inherit;\">Excellente adh\u00e9rence au m\u00e9tal<\/span><\/li>\n<\/ul>\n<h3><span style=\"vertical-align: inherit;\">Applications de Molykote 3400 A<\/span><\/h3>\n<ul>\n<li><span style=\"vertical-align: inherit;\">Contact combin\u00e9 m\u00e9tal\/m\u00e9tal glissant avec des mouvements lents \u00e0 mod\u00e9r\u00e9ment rapides et des charges \u00e9lev\u00e9es.<\/span><\/li>\n<li><span style=\"vertical-align: inherit;\">Utilis\u00e9 avec succ\u00e8s dans les applications automobiles telles que les axes, les ressorts, les charni\u00e8res, etc.<\/span><\/li>\n<li><span style=\"vertical-align: inherit;\">Pi\u00e8ces mobiles dans les serrures, interrupteurs, commandes de ventilation et servom\u00e9canismes.<\/span><\/li>\n<li><span style=\"vertical-align: inherit;\">Liens sous le capot expos\u00e9s \u00e0 la poussi\u00e8re, \u00e0 l&rsquo;humidit\u00e9, aux carburants, aux huiles et \u00e0 d&rsquo;autres contaminants.<\/span><\/li>\n<li><span style=\"vertical-align: inherit;\">Connexions et fixations filet\u00e9es<\/span><\/li>\n<\/ul>\n","protected":false},"excerpt":{"rendered":"<p><strong><br \/>\n  <span style=\"vertical-align: inherit;\">Molykote 3400 A<\/span><br \/>\n<\/strong><span style=\"vertical-align: inherit;\"> est un lubrifiant sec thermodurcissable pour <\/span><strong><br \/>\n  <span style=\"vertical-align: inherit;\">combinaisons m\u00e9tal\/m\u00e9tal<\/span><br \/>\n<\/strong><span style=\"vertical-align: inherit;\"> impliquant des mouvements lents \u00e0 moyennement rapides et des charges moyennes \u00e0 lourdes.<\/span><\/p>\n","protected":false},"featured_media":3756,"comment_status":"open","ping_status":"closed","template":"","meta":{"_acf_changed":false},"product_brand":[],"product_cat":[341,342,359,416],"product_tag":[],"class_list":{"0":"post-3836","1":"product","2":"type-product","3":"status-publish","4":"has-post-thumbnail","6":"product_cat-aerospatiale","7":"product_cat-lubrifiants-industriels","8":"product_cat-molykote","9":"product_cat-revetement-antifriction","10":"pa_brands-molykote-fr","12":"first","13":"instock","14":"shipping-taxable","15":"product-type-simple"},"acf":[],"_yoast_wpseo_focuskw":"Molykote 3400 A","_yoast_wpseo_metadesc":"Molykote 3400 A est un lubrifiant sec thermodurcissable pour les combinaisons m\u00e9tal\/m\u00e9tal impliquant des mouvements lents \u00e0 moyennement rapides et des charges moyennes \u00e0 lourdes.","yoast_head":"<!-- This site is optimized with the Yoast SEO Premium plugin v21.6 (Yoast SEO v27.4) - https:\/\/yoast.com\/product\/yoast-seo-premium-wordpress\/ -->\n<title>Molykote 3400 A - Rev\u00eatement anti-friction - CREDIMEX<\/title>\n<meta name=\"description\" content=\"Molykote 3400 A est un lubrifiant sec thermodurcissable pour les combinaisons m\u00e9tal\/m\u00e9tal impliquant des mouvements lents \u00e0 moyennement rapides et des charges moyennes \u00e0 lourdes.\" \/>\n<meta name=\"robots\" content=\"index, follow, max-snippet:-1, max-image-preview:large, max-video-preview:-1\" \/>\n<link rel=\"canonical\" href=\"https:\/\/www.credimex.ch\/fr\/produit\/molykote-3400-a-revetement-anti-friction\/\" \/>\n<meta property=\"og:locale\" content=\"fr_FR\" \/>\n<meta property=\"og:type\" content=\"article\" \/>\n<meta property=\"og:title\" content=\"Molykote 3400 A - Rev\u00eatement anti-friction\" \/>\n<meta property=\"og:description\" content=\"Molykote 3400 A est un lubrifiant sec thermodurcissable pour les combinaisons m\u00e9tal\/m\u00e9tal impliquant des mouvements lents \u00e0 moyennement rapides et des charges moyennes \u00e0 lourdes.\" \/>\n<meta property=\"og:url\" content=\"https:\/\/www.credimex.ch\/fr\/produit\/molykote-3400-a-revetement-anti-friction\/\" \/>\n<meta property=\"og:site_name\" content=\"CREDIMEX\" \/>\n<meta property=\"article:publisher\" content=\"https:\/\/www.facebook.com\/credimex.alpnach\/\" \/>\n<meta property=\"article:modified_time\" content=\"2022-11-04T09:34:09+00:00\" \/>\n<meta property=\"og:image\" content=\"https:\/\/www.credimex.ch\/wp-content\/uploads\/2022\/09\/dupont-molykote-3400a-anti-friction-coating-charcoal-1kg_431x431.webp\" \/>\n\t<meta property=\"og:image:width\" content=\"431\" \/>\n\t<meta property=\"og:image:height\" content=\"431\" \/>\n\t<meta property=\"og:image:type\" content=\"image\/webp\" \/>\n<meta name=\"twitter:card\" content=\"summary_large_image\" \/>\n<meta name=\"twitter:label1\" content=\"Dur\u00e9e de lecture estim\u00e9e\" \/>\n\t<meta name=\"twitter:data1\" content=\"1 minute\" \/>\n<script type=\"application\/ld+json\" class=\"yoast-schema-graph\">{\"@context\":\"https:\\\/\\\/schema.org\",\"@graph\":[{\"@type\":\"WebPage\",\"@id\":\"https:\\\/\\\/www.credimex.ch\\\/fr\\\/produit\\\/molykote-3400-a-revetement-anti-friction\\\/\",\"url\":\"https:\\\/\\\/www.credimex.ch\\\/fr\\\/produit\\\/molykote-3400-a-revetement-anti-friction\\\/\",\"name\":\"Molykote 3400 A - Rev\u00eatement anti-friction - CREDIMEX\",\"isPartOf\":{\"@id\":\"https:\\\/\\\/www.credimex.ch\\\/fr\\\/#website\"},\"primaryImageOfPage\":{\"@id\":\"https:\\\/\\\/www.credimex.ch\\\/fr\\\/produit\\\/molykote-3400-a-revetement-anti-friction\\\/#primaryimage\"},\"image\":{\"@id\":\"https:\\\/\\\/www.credimex.ch\\\/fr\\\/produit\\\/molykote-3400-a-revetement-anti-friction\\\/#primaryimage\"},\"thumbnailUrl\":\"https:\\\/\\\/www.credimex.ch\\\/wp-content\\\/uploads\\\/2022\\\/09\\\/dupont-molykote-3400a-anti-friction-coating-charcoal-1kg_431x431.webp\",\"datePublished\":\"2022-09-09T14:07:08+00:00\",\"dateModified\":\"2022-11-04T09:34:09+00:00\",\"description\":\"Molykote 3400 A est un lubrifiant sec thermodurcissable pour les combinaisons m\u00e9tal\\\/m\u00e9tal impliquant des mouvements lents \u00e0 moyennement rapides et des charges moyennes \u00e0 lourdes.\",\"breadcrumb\":{\"@id\":\"https:\\\/\\\/www.credimex.ch\\\/fr\\\/produit\\\/molykote-3400-a-revetement-anti-friction\\\/#breadcrumb\"},\"inLanguage\":\"fr-FR\",\"potentialAction\":[{\"@type\":\"ReadAction\",\"target\":[\"https:\\\/\\\/www.credimex.ch\\\/fr\\\/produit\\\/molykote-3400-a-revetement-anti-friction\\\/\"]}]},{\"@type\":\"ImageObject\",\"inLanguage\":\"fr-FR\",\"@id\":\"https:\\\/\\\/www.credimex.ch\\\/fr\\\/produit\\\/molykote-3400-a-revetement-anti-friction\\\/#primaryimage\",\"url\":\"https:\\\/\\\/www.credimex.ch\\\/wp-content\\\/uploads\\\/2022\\\/09\\\/dupont-molykote-3400a-anti-friction-coating-charcoal-1kg_431x431.webp\",\"contentUrl\":\"https:\\\/\\\/www.credimex.ch\\\/wp-content\\\/uploads\\\/2022\\\/09\\\/dupont-molykote-3400a-anti-friction-coating-charcoal-1kg_431x431.webp\",\"width\":431,\"height\":431},{\"@type\":\"BreadcrumbList\",\"@id\":\"https:\\\/\\\/www.credimex.ch\\\/fr\\\/produit\\\/molykote-3400-a-revetement-anti-friction\\\/#breadcrumb\",\"itemListElement\":[{\"@type\":\"ListItem\",\"position\":1,\"name\":\"Home\",\"item\":\"https:\\\/\\\/www.credimex.ch\\\/fr\\\/\"},{\"@type\":\"ListItem\",\"position\":2,\"name\":\"Produits\",\"item\":\"https:\\\/\\\/www.credimex.ch\\\/fr\\\/produits\\\/\"},{\"@type\":\"ListItem\",\"position\":3,\"name\":\"Molykote 3400 A &#8211; Rev\u00eatement anti-friction\"}]},{\"@type\":\"WebSite\",\"@id\":\"https:\\\/\\\/www.credimex.ch\\\/fr\\\/#website\",\"url\":\"https:\\\/\\\/www.credimex.ch\\\/fr\\\/\",\"name\":\"CREDIMEX\",\"description\":\"Partner of Swiss Industrial Market\",\"publisher\":{\"@id\":\"https:\\\/\\\/www.credimex.ch\\\/fr\\\/#organization\"},\"potentialAction\":[{\"@type\":\"SearchAction\",\"target\":{\"@type\":\"EntryPoint\",\"urlTemplate\":\"https:\\\/\\\/www.credimex.ch\\\/fr\\\/?s={search_term_string}\"},\"query-input\":{\"@type\":\"PropertyValueSpecification\",\"valueRequired\":true,\"valueName\":\"search_term_string\"}}],\"inLanguage\":\"fr-FR\"},{\"@type\":\"Organization\",\"@id\":\"https:\\\/\\\/www.credimex.ch\\\/fr\\\/#organization\",\"name\":\"credimex\",\"url\":\"https:\\\/\\\/www.credimex.ch\\\/fr\\\/\",\"logo\":{\"@type\":\"ImageObject\",\"inLanguage\":\"fr-FR\",\"@id\":\"https:\\\/\\\/www.credimex.ch\\\/fr\\\/#\\\/schema\\\/logo\\\/image\\\/\",\"url\":\"https:\\\/\\\/www.credimex.ch\\\/wp-content\\\/uploads\\\/2022\\\/03\\\/cropped-logo-credimex.png\",\"contentUrl\":\"https:\\\/\\\/www.credimex.ch\\\/wp-content\\\/uploads\\\/2022\\\/03\\\/cropped-logo-credimex.png\",\"width\":512,\"height\":512,\"caption\":\"credimex\"},\"image\":{\"@id\":\"https:\\\/\\\/www.credimex.ch\\\/fr\\\/#\\\/schema\\\/logo\\\/image\\\/\"},\"sameAs\":[\"https:\\\/\\\/www.facebook.com\\\/credimex.alpnach\\\/\",\"https:\\\/\\\/www.linkedin.com\\\/company\\\/credimex\\\/\",\"https:\\\/\\\/www.youtube.com\\\/@CREDIMEX?sub_confirmation=1\"]}]}<\/script>\n<!-- \/ Yoast SEO Premium plugin. -->","yoast_head_json":{"title":"Molykote 3400 A - Rev\u00eatement anti-friction - CREDIMEX","description":"Molykote 3400 A est un lubrifiant sec thermodurcissable pour les combinaisons m\u00e9tal\/m\u00e9tal impliquant des mouvements lents \u00e0 moyennement rapides et des charges moyennes \u00e0 lourdes.","robots":{"index":"index","follow":"follow","max-snippet":"max-snippet:-1","max-image-preview":"max-image-preview:large","max-video-preview":"max-video-preview:-1"},"canonical":"https:\/\/www.credimex.ch\/fr\/produit\/molykote-3400-a-revetement-anti-friction\/","og_locale":"fr_FR","og_type":"article","og_title":"Molykote 3400 A - Rev\u00eatement anti-friction","og_description":"Molykote 3400 A est un lubrifiant sec thermodurcissable pour les combinaisons m\u00e9tal\/m\u00e9tal impliquant des mouvements lents \u00e0 moyennement rapides et des charges moyennes \u00e0 lourdes.","og_url":"https:\/\/www.credimex.ch\/fr\/produit\/molykote-3400-a-revetement-anti-friction\/","og_site_name":"CREDIMEX","article_publisher":"https:\/\/www.facebook.com\/credimex.alpnach\/","article_modified_time":"2022-11-04T09:34:09+00:00","og_image":[{"width":431,"height":431,"url":"https:\/\/www.credimex.ch\/wp-content\/uploads\/2022\/09\/dupont-molykote-3400a-anti-friction-coating-charcoal-1kg_431x431.webp","type":"image\/webp"}],"twitter_card":"summary_large_image","twitter_misc":{"Dur\u00e9e de lecture estim\u00e9e":"1 minute"},"schema":{"@context":"https:\/\/schema.org","@graph":[{"@type":"WebPage","@id":"https:\/\/www.credimex.ch\/fr\/produit\/molykote-3400-a-revetement-anti-friction\/","url":"https:\/\/www.credimex.ch\/fr\/produit\/molykote-3400-a-revetement-anti-friction\/","name":"Molykote 3400 A - Rev\u00eatement anti-friction - CREDIMEX","isPartOf":{"@id":"https:\/\/www.credimex.ch\/fr\/#website"},"primaryImageOfPage":{"@id":"https:\/\/www.credimex.ch\/fr\/produit\/molykote-3400-a-revetement-anti-friction\/#primaryimage"},"image":{"@id":"https:\/\/www.credimex.ch\/fr\/produit\/molykote-3400-a-revetement-anti-friction\/#primaryimage"},"thumbnailUrl":"https:\/\/www.credimex.ch\/wp-content\/uploads\/2022\/09\/dupont-molykote-3400a-anti-friction-coating-charcoal-1kg_431x431.webp","datePublished":"2022-09-09T14:07:08+00:00","dateModified":"2022-11-04T09:34:09+00:00","description":"Molykote 3400 A est un lubrifiant sec thermodurcissable pour les combinaisons m\u00e9tal\/m\u00e9tal impliquant des mouvements lents \u00e0 moyennement rapides et des charges moyennes \u00e0 lourdes.","breadcrumb":{"@id":"https:\/\/www.credimex.ch\/fr\/produit\/molykote-3400-a-revetement-anti-friction\/#breadcrumb"},"inLanguage":"fr-FR","potentialAction":[{"@type":"ReadAction","target":["https:\/\/www.credimex.ch\/fr\/produit\/molykote-3400-a-revetement-anti-friction\/"]}]},{"@type":"ImageObject","inLanguage":"fr-FR","@id":"https:\/\/www.credimex.ch\/fr\/produit\/molykote-3400-a-revetement-anti-friction\/#primaryimage","url":"https:\/\/www.credimex.ch\/wp-content\/uploads\/2022\/09\/dupont-molykote-3400a-anti-friction-coating-charcoal-1kg_431x431.webp","contentUrl":"https:\/\/www.credimex.ch\/wp-content\/uploads\/2022\/09\/dupont-molykote-3400a-anti-friction-coating-charcoal-1kg_431x431.webp","width":431,"height":431},{"@type":"BreadcrumbList","@id":"https:\/\/www.credimex.ch\/fr\/produit\/molykote-3400-a-revetement-anti-friction\/#breadcrumb","itemListElement":[{"@type":"ListItem","position":1,"name":"Home","item":"https:\/\/www.credimex.ch\/fr\/"},{"@type":"ListItem","position":2,"name":"Produits","item":"https:\/\/www.credimex.ch\/fr\/produits\/"},{"@type":"ListItem","position":3,"name":"Molykote 3400 A &#8211; Rev\u00eatement anti-friction"}]},{"@type":"WebSite","@id":"https:\/\/www.credimex.ch\/fr\/#website","url":"https:\/\/www.credimex.ch\/fr\/","name":"CREDIMEX","description":"Partner of Swiss Industrial Market","publisher":{"@id":"https:\/\/www.credimex.ch\/fr\/#organization"},"potentialAction":[{"@type":"SearchAction","target":{"@type":"EntryPoint","urlTemplate":"https:\/\/www.credimex.ch\/fr\/?s={search_term_string}"},"query-input":{"@type":"PropertyValueSpecification","valueRequired":true,"valueName":"search_term_string"}}],"inLanguage":"fr-FR"},{"@type":"Organization","@id":"https:\/\/www.credimex.ch\/fr\/#organization","name":"credimex","url":"https:\/\/www.credimex.ch\/fr\/","logo":{"@type":"ImageObject","inLanguage":"fr-FR","@id":"https:\/\/www.credimex.ch\/fr\/#\/schema\/logo\/image\/","url":"https:\/\/www.credimex.ch\/wp-content\/uploads\/2022\/03\/cropped-logo-credimex.png","contentUrl":"https:\/\/www.credimex.ch\/wp-content\/uploads\/2022\/03\/cropped-logo-credimex.png","width":512,"height":512,"caption":"credimex"},"image":{"@id":"https:\/\/www.credimex.ch\/fr\/#\/schema\/logo\/image\/"},"sameAs":["https:\/\/www.facebook.com\/credimex.alpnach\/","https:\/\/www.linkedin.com\/company\/credimex\/","https:\/\/www.youtube.com\/@CREDIMEX?sub_confirmation=1"]}]}},"_links":{"self":[{"href":"https:\/\/www.credimex.ch\/fr\/wp-json\/wp\/v2\/product\/3836","targetHints":{"allow":["GET"]}}],"collection":[{"href":"https:\/\/www.credimex.ch\/fr\/wp-json\/wp\/v2\/product"}],"about":[{"href":"https:\/\/www.credimex.ch\/fr\/wp-json\/wp\/v2\/types\/product"}],"replies":[{"embeddable":true,"href":"https:\/\/www.credimex.ch\/fr\/wp-json\/wp\/v2\/comments?post=3836"}],"wp:featuredmedia":[{"embeddable":true,"href":"https:\/\/www.credimex.ch\/fr\/wp-json\/wp\/v2\/media\/3756"}],"wp:attachment":[{"href":"https:\/\/www.credimex.ch\/fr\/wp-json\/wp\/v2\/media?parent=3836"}],"wp:term":[{"taxonomy":"product_brand","embeddable":true,"href":"https:\/\/www.credimex.ch\/fr\/wp-json\/wp\/v2\/product_brand?post=3836"},{"taxonomy":"product_cat","embeddable":true,"href":"https:\/\/www.credimex.ch\/fr\/wp-json\/wp\/v2\/product_cat?post=3836"},{"taxonomy":"product_tag","embeddable":true,"href":"https:\/\/www.credimex.ch\/fr\/wp-json\/wp\/v2\/product_tag?post=3836"}],"curies":[{"name":"wp","href":"https:\/\/api.w.org\/{rel}","templated":true}]}}