{"id":3840,"date":"2022-09-09T16:00:10","date_gmt":"2022-09-09T14:00:10","guid":{"rendered":"https:\/\/www.credimex.ch.mialias.net\/product\/compose-de-demoulage-molykote-7\/"},"modified":"2022-09-09T16:00:10","modified_gmt":"2022-09-09T14:00:10","slug":"compose-de-molykote-7-release","status":"publish","type":"product","link":"https:\/\/www.credimex.ch\/fr\/produit\/compose-de-molykote-7-release\/","title":{"rendered":"Compos\u00e9 de d\u00e9moulage Molykote 7"},"content":{"rendered":"<h3>Composition Molykote 7 Release Compound<\/h3>\n<ul>\n<li>Charge de silice amorphe inerte en combinaison<\/li>\n<li>Fluides polydim\u00e9thylsilicone s\u00e9lectionn\u00e9s<\/li>\n<\/ul>\n<h3>Propri\u00e9t\u00e9s du compos\u00e9 de d\u00e9moulage Molykote 7<\/h3>\n<ul>\n<li>Barri\u00e8re contre l&rsquo;humidit\u00e9<\/li>\n<li>Bonne compatibilit\u00e9 du plastique et du caoutchouc<\/li>\n<li>Approbation r\u00e9glementaire de l&rsquo;eau potable<\/li>\n<li>Temp\u00e9rature de service \u00e9lev\u00e9e<\/li>\n<\/ul>\n<h3>Applications du compos\u00e9 antiadh\u00e9sif Molykote 7<\/h3>\n<ul>\n<li>Agent de d\u00e9moulage pour les moules de fonderie et les noyaux de fonderie<\/li>\n<li>Traitement d&rsquo;insertion des vessies dans les presses \u00e0 pneus<\/li>\n<li>Lubrifiant et conservateur de caoutchouc<\/li>\n<li>Agent de d\u00e9moulage pour les adh\u00e9sifs et les colles<\/li>\n<li>Lubrifiant de tirage de c\u00e2ble pour tirer un c\u00e2ble recouvert de caoutchouc dans un conduit.<\/li>\n<li>Agent de d\u00e9moulage pour les extrudeuses et les \u00e9quipements de transformation du plastique<\/li>\n<\/ul>\n","protected":false},"excerpt":{"rendered":"<p>Le compos\u00e9 de d\u00e9moulage Molykote 7 est un agent de d\u00e9moulage silicone polyvalent, stable \u00e0 la chaleur et tr\u00e8s efficace.<\/p>\n","protected":false},"featured_media":3752,"comment_status":"open","ping_status":"closed","template":"","meta":{"_acf_changed":false},"product_brand":[],"product_cat":[340,424,376,411,342,359],"product_tag":[],"class_list":{"0":"post-3840","1":"product","2":"type-product","3":"status-publish","4":"has-post-thumbnail","6":"product_cat-automobile","7":"product_cat-compose","8":"product_cat-e-mobilite","9":"product_cat-electronique","10":"product_cat-lubrifiants-industriels","11":"product_cat-molykote","12":"pa_brands-molykote-fr","14":"first","15":"instock","16":"shipping-taxable","17":"product-type-simple"},"acf":[],"_yoast_wpseo_focuskw":"Compos\u00e9 de d\u00e9moulage Molykote 7","_yoast_wpseo_metadesc":"Le compos\u00e9 de d\u00e9moulage Molykote 7 est un agent de d\u00e9moulage silicone polyvalent, stable \u00e0 la chaleur et tr\u00e8s efficace.","yoast_head":"<!-- This site is optimized with the Yoast SEO Premium plugin v21.6 (Yoast SEO v27.4) - https:\/\/yoast.com\/product\/yoast-seo-premium-wordpress\/ -->\n<title>Compos\u00e9 de d\u00e9moulage Molykote 7 - CREDIMEX<\/title>\n<meta name=\"description\" content=\"Le compos\u00e9 de d\u00e9moulage Molykote 7 est un agent de d\u00e9moulage silicone polyvalent, stable \u00e0 la chaleur et tr\u00e8s efficace.\" \/>\n<meta name=\"robots\" content=\"index, follow, max-snippet:-1, max-image-preview:large, max-video-preview:-1\" \/>\n<link rel=\"canonical\" href=\"https:\/\/www.credimex.ch\/fr\/produit\/compose-de-molykote-7-release\/\" \/>\n<meta property=\"og:locale\" content=\"fr_FR\" \/>\n<meta property=\"og:type\" content=\"article\" \/>\n<meta property=\"og:title\" content=\"Compos\u00e9 de d\u00e9moulage Molykote 7\" \/>\n<meta property=\"og:description\" content=\"Le compos\u00e9 de d\u00e9moulage Molykote 7 est un agent de d\u00e9moulage silicone polyvalent, stable \u00e0 la chaleur et tr\u00e8s efficace.\" \/>\n<meta property=\"og:url\" content=\"https:\/\/www.credimex.ch\/fr\/produit\/compose-de-molykote-7-release\/\" \/>\n<meta property=\"og:site_name\" content=\"CREDIMEX\" \/>\n<meta property=\"article:publisher\" content=\"https:\/\/www.facebook.com\/credimex.alpnach\/\" \/>\n<meta property=\"og:image\" content=\"https:\/\/www.credimex.ch\/wp-content\/uploads\/2022\/09\/dupont-molykote-7-release-compound-white-150g_431x431.webp\" \/>\n\t<meta property=\"og:image:width\" content=\"431\" \/>\n\t<meta property=\"og:image:height\" content=\"431\" \/>\n\t<meta property=\"og:image:type\" content=\"image\/webp\" \/>\n<meta name=\"twitter:card\" content=\"summary_large_image\" \/>\n<meta name=\"twitter:label1\" content=\"Dur\u00e9e de lecture estim\u00e9e\" \/>\n\t<meta name=\"twitter:data1\" content=\"1 minute\" \/>\n<script type=\"application\/ld+json\" class=\"yoast-schema-graph\">{\"@context\":\"https:\\\/\\\/schema.org\",\"@graph\":[{\"@type\":\"WebPage\",\"@id\":\"https:\\\/\\\/www.credimex.ch\\\/fr\\\/produit\\\/compose-de-molykote-7-release\\\/\",\"url\":\"https:\\\/\\\/www.credimex.ch\\\/fr\\\/produit\\\/compose-de-molykote-7-release\\\/\",\"name\":\"Compos\u00e9 de d\u00e9moulage Molykote 7 - CREDIMEX\",\"isPartOf\":{\"@id\":\"https:\\\/\\\/www.credimex.ch\\\/fr\\\/#website\"},\"primaryImageOfPage\":{\"@id\":\"https:\\\/\\\/www.credimex.ch\\\/fr\\\/produit\\\/compose-de-molykote-7-release\\\/#primaryimage\"},\"image\":{\"@id\":\"https:\\\/\\\/www.credimex.ch\\\/fr\\\/produit\\\/compose-de-molykote-7-release\\\/#primaryimage\"},\"thumbnailUrl\":\"https:\\\/\\\/www.credimex.ch\\\/wp-content\\\/uploads\\\/2022\\\/09\\\/dupont-molykote-7-release-compound-white-150g_431x431.webp\",\"datePublished\":\"2022-09-09T14:00:10+00:00\",\"description\":\"Le compos\u00e9 de d\u00e9moulage Molykote 7 est un agent de d\u00e9moulage silicone polyvalent, stable \u00e0 la chaleur et tr\u00e8s efficace.\",\"breadcrumb\":{\"@id\":\"https:\\\/\\\/www.credimex.ch\\\/fr\\\/produit\\\/compose-de-molykote-7-release\\\/#breadcrumb\"},\"inLanguage\":\"fr-FR\",\"potentialAction\":[{\"@type\":\"ReadAction\",\"target\":[\"https:\\\/\\\/www.credimex.ch\\\/fr\\\/produit\\\/compose-de-molykote-7-release\\\/\"]}]},{\"@type\":\"ImageObject\",\"inLanguage\":\"fr-FR\",\"@id\":\"https:\\\/\\\/www.credimex.ch\\\/fr\\\/produit\\\/compose-de-molykote-7-release\\\/#primaryimage\",\"url\":\"https:\\\/\\\/www.credimex.ch\\\/wp-content\\\/uploads\\\/2022\\\/09\\\/dupont-molykote-7-release-compound-white-150g_431x431.webp\",\"contentUrl\":\"https:\\\/\\\/www.credimex.ch\\\/wp-content\\\/uploads\\\/2022\\\/09\\\/dupont-molykote-7-release-compound-white-150g_431x431.webp\",\"width\":431,\"height\":431},{\"@type\":\"BreadcrumbList\",\"@id\":\"https:\\\/\\\/www.credimex.ch\\\/fr\\\/produit\\\/compose-de-molykote-7-release\\\/#breadcrumb\",\"itemListElement\":[{\"@type\":\"ListItem\",\"position\":1,\"name\":\"Home\",\"item\":\"https:\\\/\\\/www.credimex.ch\\\/fr\\\/\"},{\"@type\":\"ListItem\",\"position\":2,\"name\":\"Produits\",\"item\":\"https:\\\/\\\/www.credimex.ch\\\/fr\\\/produits\\\/\"},{\"@type\":\"ListItem\",\"position\":3,\"name\":\"Compos\u00e9 de d\u00e9moulage Molykote 7\"}]},{\"@type\":\"WebSite\",\"@id\":\"https:\\\/\\\/www.credimex.ch\\\/fr\\\/#website\",\"url\":\"https:\\\/\\\/www.credimex.ch\\\/fr\\\/\",\"name\":\"CREDIMEX\",\"description\":\"Partner of Swiss Industrial Market\",\"publisher\":{\"@id\":\"https:\\\/\\\/www.credimex.ch\\\/fr\\\/#organization\"},\"potentialAction\":[{\"@type\":\"SearchAction\",\"target\":{\"@type\":\"EntryPoint\",\"urlTemplate\":\"https:\\\/\\\/www.credimex.ch\\\/fr\\\/?s={search_term_string}\"},\"query-input\":{\"@type\":\"PropertyValueSpecification\",\"valueRequired\":true,\"valueName\":\"search_term_string\"}}],\"inLanguage\":\"fr-FR\"},{\"@type\":\"Organization\",\"@id\":\"https:\\\/\\\/www.credimex.ch\\\/fr\\\/#organization\",\"name\":\"credimex\",\"url\":\"https:\\\/\\\/www.credimex.ch\\\/fr\\\/\",\"logo\":{\"@type\":\"ImageObject\",\"inLanguage\":\"fr-FR\",\"@id\":\"https:\\\/\\\/www.credimex.ch\\\/fr\\\/#\\\/schema\\\/logo\\\/image\\\/\",\"url\":\"https:\\\/\\\/www.credimex.ch\\\/wp-content\\\/uploads\\\/2022\\\/03\\\/cropped-logo-credimex.png\",\"contentUrl\":\"https:\\\/\\\/www.credimex.ch\\\/wp-content\\\/uploads\\\/2022\\\/03\\\/cropped-logo-credimex.png\",\"width\":512,\"height\":512,\"caption\":\"credimex\"},\"image\":{\"@id\":\"https:\\\/\\\/www.credimex.ch\\\/fr\\\/#\\\/schema\\\/logo\\\/image\\\/\"},\"sameAs\":[\"https:\\\/\\\/www.facebook.com\\\/credimex.alpnach\\\/\",\"https:\\\/\\\/www.linkedin.com\\\/company\\\/credimex\\\/\",\"https:\\\/\\\/www.youtube.com\\\/@CREDIMEX?sub_confirmation=1\"]}]}<\/script>\n<!-- \/ Yoast SEO Premium plugin. -->","yoast_head_json":{"title":"Compos\u00e9 de d\u00e9moulage Molykote 7 - CREDIMEX","description":"Le compos\u00e9 de d\u00e9moulage Molykote 7 est un agent de d\u00e9moulage silicone polyvalent, stable \u00e0 la chaleur et tr\u00e8s efficace.","robots":{"index":"index","follow":"follow","max-snippet":"max-snippet:-1","max-image-preview":"max-image-preview:large","max-video-preview":"max-video-preview:-1"},"canonical":"https:\/\/www.credimex.ch\/fr\/produit\/compose-de-molykote-7-release\/","og_locale":"fr_FR","og_type":"article","og_title":"Compos\u00e9 de d\u00e9moulage Molykote 7","og_description":"Le compos\u00e9 de d\u00e9moulage Molykote 7 est un agent de d\u00e9moulage silicone polyvalent, stable \u00e0 la chaleur et tr\u00e8s efficace.","og_url":"https:\/\/www.credimex.ch\/fr\/produit\/compose-de-molykote-7-release\/","og_site_name":"CREDIMEX","article_publisher":"https:\/\/www.facebook.com\/credimex.alpnach\/","og_image":[{"width":431,"height":431,"url":"https:\/\/www.credimex.ch\/wp-content\/uploads\/2022\/09\/dupont-molykote-7-release-compound-white-150g_431x431.webp","type":"image\/webp"}],"twitter_card":"summary_large_image","twitter_misc":{"Dur\u00e9e de lecture estim\u00e9e":"1 minute"},"schema":{"@context":"https:\/\/schema.org","@graph":[{"@type":"WebPage","@id":"https:\/\/www.credimex.ch\/fr\/produit\/compose-de-molykote-7-release\/","url":"https:\/\/www.credimex.ch\/fr\/produit\/compose-de-molykote-7-release\/","name":"Compos\u00e9 de d\u00e9moulage Molykote 7 - CREDIMEX","isPartOf":{"@id":"https:\/\/www.credimex.ch\/fr\/#website"},"primaryImageOfPage":{"@id":"https:\/\/www.credimex.ch\/fr\/produit\/compose-de-molykote-7-release\/#primaryimage"},"image":{"@id":"https:\/\/www.credimex.ch\/fr\/produit\/compose-de-molykote-7-release\/#primaryimage"},"thumbnailUrl":"https:\/\/www.credimex.ch\/wp-content\/uploads\/2022\/09\/dupont-molykote-7-release-compound-white-150g_431x431.webp","datePublished":"2022-09-09T14:00:10+00:00","description":"Le compos\u00e9 de d\u00e9moulage Molykote 7 est un agent de d\u00e9moulage silicone polyvalent, stable \u00e0 la chaleur et tr\u00e8s efficace.","breadcrumb":{"@id":"https:\/\/www.credimex.ch\/fr\/produit\/compose-de-molykote-7-release\/#breadcrumb"},"inLanguage":"fr-FR","potentialAction":[{"@type":"ReadAction","target":["https:\/\/www.credimex.ch\/fr\/produit\/compose-de-molykote-7-release\/"]}]},{"@type":"ImageObject","inLanguage":"fr-FR","@id":"https:\/\/www.credimex.ch\/fr\/produit\/compose-de-molykote-7-release\/#primaryimage","url":"https:\/\/www.credimex.ch\/wp-content\/uploads\/2022\/09\/dupont-molykote-7-release-compound-white-150g_431x431.webp","contentUrl":"https:\/\/www.credimex.ch\/wp-content\/uploads\/2022\/09\/dupont-molykote-7-release-compound-white-150g_431x431.webp","width":431,"height":431},{"@type":"BreadcrumbList","@id":"https:\/\/www.credimex.ch\/fr\/produit\/compose-de-molykote-7-release\/#breadcrumb","itemListElement":[{"@type":"ListItem","position":1,"name":"Home","item":"https:\/\/www.credimex.ch\/fr\/"},{"@type":"ListItem","position":2,"name":"Produits","item":"https:\/\/www.credimex.ch\/fr\/produits\/"},{"@type":"ListItem","position":3,"name":"Compos\u00e9 de d\u00e9moulage Molykote 7"}]},{"@type":"WebSite","@id":"https:\/\/www.credimex.ch\/fr\/#website","url":"https:\/\/www.credimex.ch\/fr\/","name":"CREDIMEX","description":"Partner of Swiss Industrial Market","publisher":{"@id":"https:\/\/www.credimex.ch\/fr\/#organization"},"potentialAction":[{"@type":"SearchAction","target":{"@type":"EntryPoint","urlTemplate":"https:\/\/www.credimex.ch\/fr\/?s={search_term_string}"},"query-input":{"@type":"PropertyValueSpecification","valueRequired":true,"valueName":"search_term_string"}}],"inLanguage":"fr-FR"},{"@type":"Organization","@id":"https:\/\/www.credimex.ch\/fr\/#organization","name":"credimex","url":"https:\/\/www.credimex.ch\/fr\/","logo":{"@type":"ImageObject","inLanguage":"fr-FR","@id":"https:\/\/www.credimex.ch\/fr\/#\/schema\/logo\/image\/","url":"https:\/\/www.credimex.ch\/wp-content\/uploads\/2022\/03\/cropped-logo-credimex.png","contentUrl":"https:\/\/www.credimex.ch\/wp-content\/uploads\/2022\/03\/cropped-logo-credimex.png","width":512,"height":512,"caption":"credimex"},"image":{"@id":"https:\/\/www.credimex.ch\/fr\/#\/schema\/logo\/image\/"},"sameAs":["https:\/\/www.facebook.com\/credimex.alpnach\/","https:\/\/www.linkedin.com\/company\/credimex\/","https:\/\/www.youtube.com\/@CREDIMEX?sub_confirmation=1"]}]}},"_links":{"self":[{"href":"https:\/\/www.credimex.ch\/fr\/wp-json\/wp\/v2\/product\/3840","targetHints":{"allow":["GET"]}}],"collection":[{"href":"https:\/\/www.credimex.ch\/fr\/wp-json\/wp\/v2\/product"}],"about":[{"href":"https:\/\/www.credimex.ch\/fr\/wp-json\/wp\/v2\/types\/product"}],"replies":[{"embeddable":true,"href":"https:\/\/www.credimex.ch\/fr\/wp-json\/wp\/v2\/comments?post=3840"}],"wp:featuredmedia":[{"embeddable":true,"href":"https:\/\/www.credimex.ch\/fr\/wp-json\/wp\/v2\/media\/3752"}],"wp:attachment":[{"href":"https:\/\/www.credimex.ch\/fr\/wp-json\/wp\/v2\/media?parent=3840"}],"wp:term":[{"taxonomy":"product_brand","embeddable":true,"href":"https:\/\/www.credimex.ch\/fr\/wp-json\/wp\/v2\/product_brand?post=3840"},{"taxonomy":"product_cat","embeddable":true,"href":"https:\/\/www.credimex.ch\/fr\/wp-json\/wp\/v2\/product_cat?post=3840"},{"taxonomy":"product_tag","embeddable":true,"href":"https:\/\/www.credimex.ch\/fr\/wp-json\/wp\/v2\/product_tag?post=3840"}],"curies":[{"name":"wp","href":"https:\/\/api.w.org\/{rel}","templated":true}]}}