{"id":3842,"date":"2022-09-09T15:56:32","date_gmt":"2022-09-09T13:56:32","guid":{"rendered":"https:\/\/www.credimex.ch.mialias.net\/product\/compose-disolation-electrique-molykote-4\/"},"modified":"2022-09-09T15:56:32","modified_gmt":"2022-09-09T13:56:32","slug":"molykote-4-compose-disolation-electrique","status":"publish","type":"product","link":"https:\/\/www.credimex.ch\/fr\/produit\/molykote-4-compose-disolation-electrique\/","title":{"rendered":"Compos\u00e9 d&rsquo;isolation \u00e9lectrique MOLYKOTE\u00ae 4"},"content":{"rendered":"<h3>Caract\u00e9ristiques du compos\u00e9 d&rsquo;isolation \u00e9lectrique MOLYKOTE\u00ae 4<\/h3>\n<ul>\n<li>Rigidit\u00e9 di\u00e9lectrique \u00e9lev\u00e9e<\/li>\n<li>Faible volatilit\u00e9<\/li>\n<li>R\u00e9sistant \u00e0 l&rsquo;humidit\u00e9<\/li>\n<li>Bonne oxydation thermique et stabilit\u00e9 chimique<\/li>\n<li>R\u00e9pond aux exigences de la norme SAE AS 8660<\/li>\n<li>Certification selon NSF 51 et 61<\/li>\n<li>R\u00e9pond aux exigences de la FDA 21 CFR 175.300<\/li>\n<li>Conserve sa consistance graisseuse de -40\u00b0C ( -40\u00b0F) \u00e0 +200\u00b0C (392\u00b0F)<\/li>\n<li>Inodore<\/li>\n<li>Hautement hydrofuge<\/li>\n<li>Adh\u00e8re facilement aux m\u00e9taux secs, c\u00e9ramiques, caoutchouc, plastiques et r\u00e9sines isolantes.<\/li>\n<\/ul>\n<h3>Applications<\/h3>\n<p>Un joint \u00e9tanche \u00e0 l&rsquo;humidit\u00e9 pour les syst\u00e8mes d&rsquo;allumage et les connexions de bougies d&rsquo;allumage d&rsquo;avions, d&rsquo;automobiles et de bateaux, les jonctions de d\u00e9connexion dans les syst\u00e8mes de c\u00e2blage \u00e9lectrique, ainsi que dans les assemblages \u00e9lectriques et les syst\u00e8mes d&rsquo;\u00e9clairage.<br \/>\nterminaux. Utilis\u00e9 comme joint et lubrifiant pour les connecteurs de c\u00e2ble, les bornes de batterie, les joints de porte en caoutchouc, les interrupteurs et les joints toriques en caoutchouc et en plastique, et comme lubrifiant d&rsquo;assemblage pour diverses combinaisons m\u00e9tal-plastique et m\u00e9tal-caoutchouc.<\/p>\n","protected":false},"excerpt":{"rendered":"<div class=\"elementor-element elementor-element-8d5cd24 elementor-widget elementor-widget-woocommerce-product-short-description\" data-id=\"8d5cd24\" data-element_type=\"widget\" data-widget_type=\"woocommerce-product-short-description.default\">\n<div class=\"elementor-widget-container\">\n<div class=\"woocommerce-product-details__short-description\">\n<p>Le compos\u00e9 d&rsquo;isolation \u00e9lectrique MOLYKOTE\u00ae 4 est une mati\u00e8re grasse contenant une charge de silice inerte en combinaison avec des fluides de silicone polydim\u00e9thyle s\u00e9lectionn\u00e9s.<\/p>\n<\/div>\n<\/div>\n<\/div>\n<div class=\"elementor-element elementor-element-2612888b elementor-align-justify elementor-widget elementor-widget-button\" data-id=\"2612888b\" data-element_type=\"widget\" data-widget_type=\"button.default\">\n<div class=\"elementor-widget-container\">\n<div class=\"elementor-button-wrapper\"><\/div>\n<\/div>\n<\/div>\n","protected":false},"featured_media":3750,"comment_status":"open","ping_status":"closed","template":"","meta":{"_acf_changed":false},"product_brand":[],"product_cat":[340,376,360,359],"product_tag":[],"class_list":{"0":"post-3842","1":"product","2":"type-product","3":"status-publish","4":"has-post-thumbnail","6":"product_cat-automobile","7":"product_cat-e-mobilite","8":"product_cat-industrie-generale","9":"product_cat-molykote","10":"pa_brands-molykote-fr","12":"first","13":"instock","14":"shipping-taxable","15":"product-type-simple"},"acf":[],"_yoast_wpseo_focuskw":"Compos\u00e9 d'isolation \u00e9lectrique MOLYKOTE\u00ae 4","_yoast_wpseo_metadesc":"Le compos\u00e9 d'isolation \u00e9lectrique MOLYKOTE\u00ae 4 est une mati\u00e8re grasse contenant une charge de silice inerte en combinaison avec des fluides de silicone polydim\u00e9thyle s\u00e9lectionn\u00e9s.","yoast_head":"<!-- This site is optimized with the Yoast SEO Premium plugin v21.6 (Yoast SEO v27.4) - https:\/\/yoast.com\/product\/yoast-seo-premium-wordpress\/ -->\n<title>Compos\u00e9 d&#039;isolation \u00e9lectrique MOLYKOTE\u00ae 4 - CREDIMEX<\/title>\n<meta name=\"description\" content=\"Le compos\u00e9 d&#039;isolation \u00e9lectrique MOLYKOTE\u00ae 4 est une mati\u00e8re grasse contenant une charge de silice inerte en combinaison avec des fluides de silicone polydim\u00e9thyle s\u00e9lectionn\u00e9s.\" \/>\n<meta name=\"robots\" content=\"index, follow, max-snippet:-1, max-image-preview:large, max-video-preview:-1\" \/>\n<link rel=\"canonical\" href=\"https:\/\/www.credimex.ch\/fr\/produit\/molykote-4-compose-disolation-electrique\/\" \/>\n<meta property=\"og:locale\" content=\"fr_FR\" \/>\n<meta property=\"og:type\" content=\"article\" \/>\n<meta property=\"og:title\" content=\"Compos\u00e9 d&#039;isolation \u00e9lectrique MOLYKOTE\u00ae 4\" \/>\n<meta property=\"og:description\" content=\"Le compos\u00e9 d&#039;isolation \u00e9lectrique MOLYKOTE\u00ae 4 est une mati\u00e8re grasse contenant une charge de silice inerte en combinaison avec des fluides de silicone polydim\u00e9thyle s\u00e9lectionn\u00e9s.\" \/>\n<meta property=\"og:url\" content=\"https:\/\/www.credimex.ch\/fr\/produit\/molykote-4-compose-disolation-electrique\/\" \/>\n<meta property=\"og:site_name\" content=\"CREDIMEX\" \/>\n<meta property=\"article:publisher\" content=\"https:\/\/www.facebook.com\/credimex.alpnach\/\" \/>\n<meta property=\"og:image\" content=\"https:\/\/www.credimex.ch\/wp-content\/uploads\/2022\/09\/dupont-molykote-4-white-3-6kg_431x431.webp\" \/>\n\t<meta property=\"og:image:width\" content=\"431\" \/>\n\t<meta property=\"og:image:height\" content=\"431\" \/>\n\t<meta property=\"og:image:type\" content=\"image\/webp\" \/>\n<meta name=\"twitter:card\" content=\"summary_large_image\" \/>\n<meta name=\"twitter:label1\" content=\"Dur\u00e9e de lecture estim\u00e9e\" \/>\n\t<meta name=\"twitter:data1\" content=\"1 minute\" \/>\n<script type=\"application\/ld+json\" class=\"yoast-schema-graph\">{\"@context\":\"https:\\\/\\\/schema.org\",\"@graph\":[{\"@type\":\"WebPage\",\"@id\":\"https:\\\/\\\/www.credimex.ch\\\/fr\\\/produit\\\/molykote-4-compose-disolation-electrique\\\/\",\"url\":\"https:\\\/\\\/www.credimex.ch\\\/fr\\\/produit\\\/molykote-4-compose-disolation-electrique\\\/\",\"name\":\"Compos\u00e9 d'isolation \u00e9lectrique MOLYKOTE\u00ae 4 - CREDIMEX\",\"isPartOf\":{\"@id\":\"https:\\\/\\\/www.credimex.ch\\\/fr\\\/#website\"},\"primaryImageOfPage\":{\"@id\":\"https:\\\/\\\/www.credimex.ch\\\/fr\\\/produit\\\/molykote-4-compose-disolation-electrique\\\/#primaryimage\"},\"image\":{\"@id\":\"https:\\\/\\\/www.credimex.ch\\\/fr\\\/produit\\\/molykote-4-compose-disolation-electrique\\\/#primaryimage\"},\"thumbnailUrl\":\"https:\\\/\\\/www.credimex.ch\\\/wp-content\\\/uploads\\\/2022\\\/09\\\/dupont-molykote-4-white-3-6kg_431x431.webp\",\"datePublished\":\"2022-09-09T13:56:32+00:00\",\"description\":\"Le compos\u00e9 d'isolation \u00e9lectrique MOLYKOTE\u00ae 4 est une mati\u00e8re grasse contenant une charge de silice inerte en combinaison avec des fluides de silicone polydim\u00e9thyle s\u00e9lectionn\u00e9s.\",\"breadcrumb\":{\"@id\":\"https:\\\/\\\/www.credimex.ch\\\/fr\\\/produit\\\/molykote-4-compose-disolation-electrique\\\/#breadcrumb\"},\"inLanguage\":\"fr-FR\",\"potentialAction\":[{\"@type\":\"ReadAction\",\"target\":[\"https:\\\/\\\/www.credimex.ch\\\/fr\\\/produit\\\/molykote-4-compose-disolation-electrique\\\/\"]}]},{\"@type\":\"ImageObject\",\"inLanguage\":\"fr-FR\",\"@id\":\"https:\\\/\\\/www.credimex.ch\\\/fr\\\/produit\\\/molykote-4-compose-disolation-electrique\\\/#primaryimage\",\"url\":\"https:\\\/\\\/www.credimex.ch\\\/wp-content\\\/uploads\\\/2022\\\/09\\\/dupont-molykote-4-white-3-6kg_431x431.webp\",\"contentUrl\":\"https:\\\/\\\/www.credimex.ch\\\/wp-content\\\/uploads\\\/2022\\\/09\\\/dupont-molykote-4-white-3-6kg_431x431.webp\",\"width\":431,\"height\":431},{\"@type\":\"BreadcrumbList\",\"@id\":\"https:\\\/\\\/www.credimex.ch\\\/fr\\\/produit\\\/molykote-4-compose-disolation-electrique\\\/#breadcrumb\",\"itemListElement\":[{\"@type\":\"ListItem\",\"position\":1,\"name\":\"Home\",\"item\":\"https:\\\/\\\/www.credimex.ch\\\/fr\\\/\"},{\"@type\":\"ListItem\",\"position\":2,\"name\":\"Produits\",\"item\":\"https:\\\/\\\/www.credimex.ch\\\/fr\\\/produits\\\/\"},{\"@type\":\"ListItem\",\"position\":3,\"name\":\"Compos\u00e9 d&rsquo;isolation \u00e9lectrique MOLYKOTE\u00ae 4\"}]},{\"@type\":\"WebSite\",\"@id\":\"https:\\\/\\\/www.credimex.ch\\\/fr\\\/#website\",\"url\":\"https:\\\/\\\/www.credimex.ch\\\/fr\\\/\",\"name\":\"CREDIMEX\",\"description\":\"Partner of Swiss Industrial Market\",\"publisher\":{\"@id\":\"https:\\\/\\\/www.credimex.ch\\\/fr\\\/#organization\"},\"potentialAction\":[{\"@type\":\"SearchAction\",\"target\":{\"@type\":\"EntryPoint\",\"urlTemplate\":\"https:\\\/\\\/www.credimex.ch\\\/fr\\\/?s={search_term_string}\"},\"query-input\":{\"@type\":\"PropertyValueSpecification\",\"valueRequired\":true,\"valueName\":\"search_term_string\"}}],\"inLanguage\":\"fr-FR\"},{\"@type\":\"Organization\",\"@id\":\"https:\\\/\\\/www.credimex.ch\\\/fr\\\/#organization\",\"name\":\"credimex\",\"url\":\"https:\\\/\\\/www.credimex.ch\\\/fr\\\/\",\"logo\":{\"@type\":\"ImageObject\",\"inLanguage\":\"fr-FR\",\"@id\":\"https:\\\/\\\/www.credimex.ch\\\/fr\\\/#\\\/schema\\\/logo\\\/image\\\/\",\"url\":\"https:\\\/\\\/www.credimex.ch\\\/wp-content\\\/uploads\\\/2022\\\/03\\\/cropped-logo-credimex.png\",\"contentUrl\":\"https:\\\/\\\/www.credimex.ch\\\/wp-content\\\/uploads\\\/2022\\\/03\\\/cropped-logo-credimex.png\",\"width\":512,\"height\":512,\"caption\":\"credimex\"},\"image\":{\"@id\":\"https:\\\/\\\/www.credimex.ch\\\/fr\\\/#\\\/schema\\\/logo\\\/image\\\/\"},\"sameAs\":[\"https:\\\/\\\/www.facebook.com\\\/credimex.alpnach\\\/\",\"https:\\\/\\\/www.linkedin.com\\\/company\\\/credimex\\\/\",\"https:\\\/\\\/www.youtube.com\\\/@CREDIMEX?sub_confirmation=1\"]}]}<\/script>\n<!-- \/ Yoast SEO Premium plugin. -->","yoast_head_json":{"title":"Compos\u00e9 d'isolation \u00e9lectrique MOLYKOTE\u00ae 4 - CREDIMEX","description":"Le compos\u00e9 d'isolation \u00e9lectrique MOLYKOTE\u00ae 4 est une mati\u00e8re grasse contenant une charge de silice inerte en combinaison avec des fluides de silicone polydim\u00e9thyle s\u00e9lectionn\u00e9s.","robots":{"index":"index","follow":"follow","max-snippet":"max-snippet:-1","max-image-preview":"max-image-preview:large","max-video-preview":"max-video-preview:-1"},"canonical":"https:\/\/www.credimex.ch\/fr\/produit\/molykote-4-compose-disolation-electrique\/","og_locale":"fr_FR","og_type":"article","og_title":"Compos\u00e9 d'isolation \u00e9lectrique MOLYKOTE\u00ae 4","og_description":"Le compos\u00e9 d'isolation \u00e9lectrique MOLYKOTE\u00ae 4 est une mati\u00e8re grasse contenant une charge de silice inerte en combinaison avec des fluides de silicone polydim\u00e9thyle s\u00e9lectionn\u00e9s.","og_url":"https:\/\/www.credimex.ch\/fr\/produit\/molykote-4-compose-disolation-electrique\/","og_site_name":"CREDIMEX","article_publisher":"https:\/\/www.facebook.com\/credimex.alpnach\/","og_image":[{"width":431,"height":431,"url":"https:\/\/www.credimex.ch\/wp-content\/uploads\/2022\/09\/dupont-molykote-4-white-3-6kg_431x431.webp","type":"image\/webp"}],"twitter_card":"summary_large_image","twitter_misc":{"Dur\u00e9e de lecture estim\u00e9e":"1 minute"},"schema":{"@context":"https:\/\/schema.org","@graph":[{"@type":"WebPage","@id":"https:\/\/www.credimex.ch\/fr\/produit\/molykote-4-compose-disolation-electrique\/","url":"https:\/\/www.credimex.ch\/fr\/produit\/molykote-4-compose-disolation-electrique\/","name":"Compos\u00e9 d'isolation \u00e9lectrique MOLYKOTE\u00ae 4 - CREDIMEX","isPartOf":{"@id":"https:\/\/www.credimex.ch\/fr\/#website"},"primaryImageOfPage":{"@id":"https:\/\/www.credimex.ch\/fr\/produit\/molykote-4-compose-disolation-electrique\/#primaryimage"},"image":{"@id":"https:\/\/www.credimex.ch\/fr\/produit\/molykote-4-compose-disolation-electrique\/#primaryimage"},"thumbnailUrl":"https:\/\/www.credimex.ch\/wp-content\/uploads\/2022\/09\/dupont-molykote-4-white-3-6kg_431x431.webp","datePublished":"2022-09-09T13:56:32+00:00","description":"Le compos\u00e9 d'isolation \u00e9lectrique MOLYKOTE\u00ae 4 est une mati\u00e8re grasse contenant une charge de silice inerte en combinaison avec des fluides de silicone polydim\u00e9thyle s\u00e9lectionn\u00e9s.","breadcrumb":{"@id":"https:\/\/www.credimex.ch\/fr\/produit\/molykote-4-compose-disolation-electrique\/#breadcrumb"},"inLanguage":"fr-FR","potentialAction":[{"@type":"ReadAction","target":["https:\/\/www.credimex.ch\/fr\/produit\/molykote-4-compose-disolation-electrique\/"]}]},{"@type":"ImageObject","inLanguage":"fr-FR","@id":"https:\/\/www.credimex.ch\/fr\/produit\/molykote-4-compose-disolation-electrique\/#primaryimage","url":"https:\/\/www.credimex.ch\/wp-content\/uploads\/2022\/09\/dupont-molykote-4-white-3-6kg_431x431.webp","contentUrl":"https:\/\/www.credimex.ch\/wp-content\/uploads\/2022\/09\/dupont-molykote-4-white-3-6kg_431x431.webp","width":431,"height":431},{"@type":"BreadcrumbList","@id":"https:\/\/www.credimex.ch\/fr\/produit\/molykote-4-compose-disolation-electrique\/#breadcrumb","itemListElement":[{"@type":"ListItem","position":1,"name":"Home","item":"https:\/\/www.credimex.ch\/fr\/"},{"@type":"ListItem","position":2,"name":"Produits","item":"https:\/\/www.credimex.ch\/fr\/produits\/"},{"@type":"ListItem","position":3,"name":"Compos\u00e9 d&rsquo;isolation \u00e9lectrique MOLYKOTE\u00ae 4"}]},{"@type":"WebSite","@id":"https:\/\/www.credimex.ch\/fr\/#website","url":"https:\/\/www.credimex.ch\/fr\/","name":"CREDIMEX","description":"Partner of Swiss Industrial Market","publisher":{"@id":"https:\/\/www.credimex.ch\/fr\/#organization"},"potentialAction":[{"@type":"SearchAction","target":{"@type":"EntryPoint","urlTemplate":"https:\/\/www.credimex.ch\/fr\/?s={search_term_string}"},"query-input":{"@type":"PropertyValueSpecification","valueRequired":true,"valueName":"search_term_string"}}],"inLanguage":"fr-FR"},{"@type":"Organization","@id":"https:\/\/www.credimex.ch\/fr\/#organization","name":"credimex","url":"https:\/\/www.credimex.ch\/fr\/","logo":{"@type":"ImageObject","inLanguage":"fr-FR","@id":"https:\/\/www.credimex.ch\/fr\/#\/schema\/logo\/image\/","url":"https:\/\/www.credimex.ch\/wp-content\/uploads\/2022\/03\/cropped-logo-credimex.png","contentUrl":"https:\/\/www.credimex.ch\/wp-content\/uploads\/2022\/03\/cropped-logo-credimex.png","width":512,"height":512,"caption":"credimex"},"image":{"@id":"https:\/\/www.credimex.ch\/fr\/#\/schema\/logo\/image\/"},"sameAs":["https:\/\/www.facebook.com\/credimex.alpnach\/","https:\/\/www.linkedin.com\/company\/credimex\/","https:\/\/www.youtube.com\/@CREDIMEX?sub_confirmation=1"]}]}},"_links":{"self":[{"href":"https:\/\/www.credimex.ch\/fr\/wp-json\/wp\/v2\/product\/3842","targetHints":{"allow":["GET"]}}],"collection":[{"href":"https:\/\/www.credimex.ch\/fr\/wp-json\/wp\/v2\/product"}],"about":[{"href":"https:\/\/www.credimex.ch\/fr\/wp-json\/wp\/v2\/types\/product"}],"replies":[{"embeddable":true,"href":"https:\/\/www.credimex.ch\/fr\/wp-json\/wp\/v2\/comments?post=3842"}],"wp:featuredmedia":[{"embeddable":true,"href":"https:\/\/www.credimex.ch\/fr\/wp-json\/wp\/v2\/media\/3750"}],"wp:attachment":[{"href":"https:\/\/www.credimex.ch\/fr\/wp-json\/wp\/v2\/media?parent=3842"}],"wp:term":[{"taxonomy":"product_brand","embeddable":true,"href":"https:\/\/www.credimex.ch\/fr\/wp-json\/wp\/v2\/product_brand?post=3842"},{"taxonomy":"product_cat","embeddable":true,"href":"https:\/\/www.credimex.ch\/fr\/wp-json\/wp\/v2\/product_cat?post=3842"},{"taxonomy":"product_tag","embeddable":true,"href":"https:\/\/www.credimex.ch\/fr\/wp-json\/wp\/v2\/product_tag?post=3842"}],"curies":[{"name":"wp","href":"https:\/\/api.w.org\/{rel}","templated":true}]}}