{"id":3844,"date":"2022-09-09T12:33:06","date_gmt":"2022-09-09T10:33:06","guid":{"rendered":"https:\/\/www.credimex.ch.mialias.net\/product\/remplissage-de-silicone-xe-202-w14\/"},"modified":"2023-02-13T13:38:14","modified_gmt":"2023-02-13T12:38:14","slug":"xe-202-w14-epoxy-potting-2","status":"publish","type":"product","link":"https:\/\/www.credimex.ch\/fr\/produit\/xe-202-w14-epoxy-potting-2\/","title":{"rendered":"Remplissage de \u00e9poxy XE 202 W14"},"content":{"rendered":"<h2>Caract\u00e9ristiques<\/h2>\n<ul>\n<li>Dissipation thermique \u00e9lev\u00e9e am\u00e9liorant le transfert de chaleur du cuivre de l&rsquo;enroulement vers le bo\u00eetier afin de r\u00e9duire la temp\u00e9rature du moteur lors des op\u00e9rations \u00e0 forte puissance.<\/li>\n<li>R\u00e9duction des vibrations harmoniques et du bruit gr\u00e2ce \u00e0 une excellente r\u00e9sistance \u00e0 la fissuration pour un essai prolong\u00e9 de chocs thermiques -40\u00b0C \/ + 220\u00b0C et -40\u00b0C\/+180\u00b0C.<\/li>\n<li>Aucun vide. D\u00e9charge partielle gratuite. Remplissage rapide gr\u00e2ce \u00e0 un m\u00e9lange \u00e0 tr\u00e8s faible viscosit\u00e9, adapt\u00e9 aux moteurs \u00e0 haute densit\u00e9. L&rsquo;encapsulation sans vide est garantie.<\/li>\n<li>Haute r\u00e9sistance \u00e0 la temp\u00e9rature et \u00e0 l&rsquo;humidit\u00e9.<\/li>\n<li>Bonnes propri\u00e9t\u00e9s \u00e9lectriques et m\u00e9caniques.<\/li>\n<\/ul>\n<p><strong>Le syst\u00e8me est en totale conformit\u00e9 avec :<\/strong><\/p>\n<p>REACH, ELV &#8211; RoHS (I-II-II) Directives europ\u00e9ennes.<\/p>\n<h2>Syst\u00e8me d&rsquo;isolation \u00e9lectrique<\/h2>\n<ul>\n<li>Classe 180 (H) Dossier E511310<\/li>\n<li>Classe 155 (F) Dossier E511310<\/li>\n<\/ul>\n<h2>Applications<\/h2>\n<ul>\n<li><span dir=\"ltr\" role=\"presentation\">Tranformateurs<\/span><\/li>\n<li><span dir=\"ltr\" role=\"presentation\">Moteurs<\/span><\/li>\n<li>Condensateurs<\/li>\n<li><span dir=\"ltr\" role=\"presentation\">Composants \u00e9lectriques et \u00e9lectroniques<\/span><\/li>\n<\/ul>\n","protected":false},"excerpt":{"rendered":"<p>XE 661 LV + DK50_60 est un syst\u00e8me \u00e9poxy charg\u00e9 thermoconducteur \u00e0 deux composants, sans solvant ni halog\u00e8ne. Auto-extinguible selon UL 94<\/p>\n","protected":false},"featured_media":3720,"comment_status":"open","ping_status":"closed","template":"","meta":{"_acf_changed":false},"product_brand":[],"product_cat":[341,340,413,429,376,411,384,375,360,431,430,414,412],"product_tag":[],"class_list":{"0":"post-3844","1":"product","2":"type-product","3":"status-publish","4":"has-post-thumbnail","6":"product_cat-aerospatiale","7":"product_cat-automobile","8":"product_cat-batteries","9":"product_cat-demak","10":"product_cat-e-mobilite","11":"product_cat-electronique","12":"product_cat-energie","13":"product_cat-ferroviaire","14":"product_cat-industrie-generale","15":"product_cat-masses-denrobage-de-silicone","16":"product_cat-masses-de-scellement","17":"product_cat-medical","18":"product_cat-telepheriques","19":"pa_brands-demax-fr","21":"first","22":"instock","23":"shipping-taxable","24":"product-type-simple"},"acf":[],"_yoast_wpseo_focuskw":"XE 661 LV + DK50_60","_yoast_wpseo_metadesc":"Syst\u00e8me \u00e9poxy charg\u00e9 \u00e0 deux composants, sans solvant ni halog\u00e8ne. Faible r\u00e9traction pendant la polym\u00e9risation. Bonnes propri\u00e9t\u00e9s \u00e9lectriques et m\u00e9caniques.","yoast_head":"<!-- This site is optimized with the Yoast SEO Premium plugin v21.6 (Yoast SEO v27.4) - https:\/\/yoast.com\/product\/yoast-seo-premium-wordpress\/ -->\n<title>Remplissage de \u00e9poxy XE 202 W14 - CREDIMEX<\/title>\n<meta name=\"description\" content=\"Syst\u00e8me \u00e9poxy charg\u00e9 \u00e0 deux composants, sans solvant ni halog\u00e8ne. Faible r\u00e9traction pendant la polym\u00e9risation. Bonnes propri\u00e9t\u00e9s \u00e9lectriques et m\u00e9caniques.\" \/>\n<meta name=\"robots\" content=\"index, follow, max-snippet:-1, max-image-preview:large, max-video-preview:-1\" \/>\n<link rel=\"canonical\" href=\"https:\/\/www.credimex.ch\/fr\/produit\/xe-202-w14-epoxy-potting-2\/\" \/>\n<meta property=\"og:locale\" content=\"fr_FR\" \/>\n<meta property=\"og:type\" content=\"article\" \/>\n<meta property=\"og:title\" content=\"Remplissage de \u00e9poxy XE 202 W14\" \/>\n<meta property=\"og:description\" content=\"Syst\u00e8me \u00e9poxy charg\u00e9 \u00e0 deux composants, sans solvant ni halog\u00e8ne. Faible r\u00e9traction pendant la polym\u00e9risation. Bonnes propri\u00e9t\u00e9s \u00e9lectriques et m\u00e9caniques.\" \/>\n<meta property=\"og:url\" content=\"https:\/\/www.credimex.ch\/fr\/produit\/xe-202-w14-epoxy-potting-2\/\" \/>\n<meta property=\"og:site_name\" content=\"CREDIMEX\" \/>\n<meta property=\"article:publisher\" content=\"https:\/\/www.facebook.com\/credimex.alpnach\/\" \/>\n<meta property=\"article:modified_time\" content=\"2023-02-13T12:38:14+00:00\" \/>\n<meta property=\"og:image\" content=\"https:\/\/www.credimex.ch\/wp-content\/uploads\/2022\/09\/XE-661-LV-DK50_60.webp\" \/>\n\t<meta property=\"og:image:width\" content=\"300\" \/>\n\t<meta property=\"og:image:height\" content=\"222\" \/>\n\t<meta property=\"og:image:type\" content=\"image\/webp\" \/>\n<meta name=\"twitter:card\" content=\"summary_large_image\" \/>\n<meta name=\"twitter:label1\" content=\"Dur\u00e9e de lecture estim\u00e9e\" \/>\n\t<meta name=\"twitter:data1\" content=\"1 minute\" \/>\n<script type=\"application\/ld+json\" class=\"yoast-schema-graph\">{\"@context\":\"https:\\\/\\\/schema.org\",\"@graph\":[{\"@type\":\"WebPage\",\"@id\":\"https:\\\/\\\/www.credimex.ch\\\/fr\\\/produit\\\/xe-202-w14-epoxy-potting-2\\\/\",\"url\":\"https:\\\/\\\/www.credimex.ch\\\/fr\\\/produit\\\/xe-202-w14-epoxy-potting-2\\\/\",\"name\":\"Remplissage de \u00e9poxy XE 202 W14 - CREDIMEX\",\"isPartOf\":{\"@id\":\"https:\\\/\\\/www.credimex.ch\\\/fr\\\/#website\"},\"primaryImageOfPage\":{\"@id\":\"https:\\\/\\\/www.credimex.ch\\\/fr\\\/produit\\\/xe-202-w14-epoxy-potting-2\\\/#primaryimage\"},\"image\":{\"@id\":\"https:\\\/\\\/www.credimex.ch\\\/fr\\\/produit\\\/xe-202-w14-epoxy-potting-2\\\/#primaryimage\"},\"thumbnailUrl\":\"https:\\\/\\\/www.credimex.ch\\\/wp-content\\\/uploads\\\/2022\\\/09\\\/XE-661-LV-DK50_60.webp\",\"datePublished\":\"2022-09-09T10:33:06+00:00\",\"dateModified\":\"2023-02-13T12:38:14+00:00\",\"description\":\"Syst\u00e8me \u00e9poxy charg\u00e9 \u00e0 deux composants, sans solvant ni halog\u00e8ne. Faible r\u00e9traction pendant la polym\u00e9risation. Bonnes propri\u00e9t\u00e9s \u00e9lectriques et m\u00e9caniques.\",\"breadcrumb\":{\"@id\":\"https:\\\/\\\/www.credimex.ch\\\/fr\\\/produit\\\/xe-202-w14-epoxy-potting-2\\\/#breadcrumb\"},\"inLanguage\":\"fr-FR\",\"potentialAction\":[{\"@type\":\"ReadAction\",\"target\":[\"https:\\\/\\\/www.credimex.ch\\\/fr\\\/produit\\\/xe-202-w14-epoxy-potting-2\\\/\"]}]},{\"@type\":\"ImageObject\",\"inLanguage\":\"fr-FR\",\"@id\":\"https:\\\/\\\/www.credimex.ch\\\/fr\\\/produit\\\/xe-202-w14-epoxy-potting-2\\\/#primaryimage\",\"url\":\"https:\\\/\\\/www.credimex.ch\\\/wp-content\\\/uploads\\\/2022\\\/09\\\/XE-661-LV-DK50_60.webp\",\"contentUrl\":\"https:\\\/\\\/www.credimex.ch\\\/wp-content\\\/uploads\\\/2022\\\/09\\\/XE-661-LV-DK50_60.webp\",\"width\":300,\"height\":222},{\"@type\":\"BreadcrumbList\",\"@id\":\"https:\\\/\\\/www.credimex.ch\\\/fr\\\/produit\\\/xe-202-w14-epoxy-potting-2\\\/#breadcrumb\",\"itemListElement\":[{\"@type\":\"ListItem\",\"position\":1,\"name\":\"Home\",\"item\":\"https:\\\/\\\/www.credimex.ch\\\/fr\\\/\"},{\"@type\":\"ListItem\",\"position\":2,\"name\":\"Produits\",\"item\":\"https:\\\/\\\/www.credimex.ch\\\/fr\\\/produits\\\/\"},{\"@type\":\"ListItem\",\"position\":3,\"name\":\"Remplissage de \u00e9poxy XE 202 W14\"}]},{\"@type\":\"WebSite\",\"@id\":\"https:\\\/\\\/www.credimex.ch\\\/fr\\\/#website\",\"url\":\"https:\\\/\\\/www.credimex.ch\\\/fr\\\/\",\"name\":\"CREDIMEX\",\"description\":\"Partner of Swiss Industrial Market\",\"publisher\":{\"@id\":\"https:\\\/\\\/www.credimex.ch\\\/fr\\\/#organization\"},\"potentialAction\":[{\"@type\":\"SearchAction\",\"target\":{\"@type\":\"EntryPoint\",\"urlTemplate\":\"https:\\\/\\\/www.credimex.ch\\\/fr\\\/?s={search_term_string}\"},\"query-input\":{\"@type\":\"PropertyValueSpecification\",\"valueRequired\":true,\"valueName\":\"search_term_string\"}}],\"inLanguage\":\"fr-FR\"},{\"@type\":\"Organization\",\"@id\":\"https:\\\/\\\/www.credimex.ch\\\/fr\\\/#organization\",\"name\":\"credimex\",\"url\":\"https:\\\/\\\/www.credimex.ch\\\/fr\\\/\",\"logo\":{\"@type\":\"ImageObject\",\"inLanguage\":\"fr-FR\",\"@id\":\"https:\\\/\\\/www.credimex.ch\\\/fr\\\/#\\\/schema\\\/logo\\\/image\\\/\",\"url\":\"https:\\\/\\\/www.credimex.ch\\\/wp-content\\\/uploads\\\/2022\\\/03\\\/cropped-logo-credimex.png\",\"contentUrl\":\"https:\\\/\\\/www.credimex.ch\\\/wp-content\\\/uploads\\\/2022\\\/03\\\/cropped-logo-credimex.png\",\"width\":512,\"height\":512,\"caption\":\"credimex\"},\"image\":{\"@id\":\"https:\\\/\\\/www.credimex.ch\\\/fr\\\/#\\\/schema\\\/logo\\\/image\\\/\"},\"sameAs\":[\"https:\\\/\\\/www.facebook.com\\\/credimex.alpnach\\\/\",\"https:\\\/\\\/www.linkedin.com\\\/company\\\/credimex\\\/\",\"https:\\\/\\\/www.youtube.com\\\/@CREDIMEX?sub_confirmation=1\"]}]}<\/script>\n<!-- \/ Yoast SEO Premium plugin. -->","yoast_head_json":{"title":"Remplissage de \u00e9poxy XE 202 W14 - CREDIMEX","description":"Syst\u00e8me \u00e9poxy charg\u00e9 \u00e0 deux composants, sans solvant ni halog\u00e8ne. Faible r\u00e9traction pendant la polym\u00e9risation. Bonnes propri\u00e9t\u00e9s \u00e9lectriques et m\u00e9caniques.","robots":{"index":"index","follow":"follow","max-snippet":"max-snippet:-1","max-image-preview":"max-image-preview:large","max-video-preview":"max-video-preview:-1"},"canonical":"https:\/\/www.credimex.ch\/fr\/produit\/xe-202-w14-epoxy-potting-2\/","og_locale":"fr_FR","og_type":"article","og_title":"Remplissage de \u00e9poxy XE 202 W14","og_description":"Syst\u00e8me \u00e9poxy charg\u00e9 \u00e0 deux composants, sans solvant ni halog\u00e8ne. Faible r\u00e9traction pendant la polym\u00e9risation. Bonnes propri\u00e9t\u00e9s \u00e9lectriques et m\u00e9caniques.","og_url":"https:\/\/www.credimex.ch\/fr\/produit\/xe-202-w14-epoxy-potting-2\/","og_site_name":"CREDIMEX","article_publisher":"https:\/\/www.facebook.com\/credimex.alpnach\/","article_modified_time":"2023-02-13T12:38:14+00:00","og_image":[{"width":300,"height":222,"url":"https:\/\/www.credimex.ch\/wp-content\/uploads\/2022\/09\/XE-661-LV-DK50_60.webp","type":"image\/webp"}],"twitter_card":"summary_large_image","twitter_misc":{"Dur\u00e9e de lecture estim\u00e9e":"1 minute"},"schema":{"@context":"https:\/\/schema.org","@graph":[{"@type":"WebPage","@id":"https:\/\/www.credimex.ch\/fr\/produit\/xe-202-w14-epoxy-potting-2\/","url":"https:\/\/www.credimex.ch\/fr\/produit\/xe-202-w14-epoxy-potting-2\/","name":"Remplissage de \u00e9poxy XE 202 W14 - CREDIMEX","isPartOf":{"@id":"https:\/\/www.credimex.ch\/fr\/#website"},"primaryImageOfPage":{"@id":"https:\/\/www.credimex.ch\/fr\/produit\/xe-202-w14-epoxy-potting-2\/#primaryimage"},"image":{"@id":"https:\/\/www.credimex.ch\/fr\/produit\/xe-202-w14-epoxy-potting-2\/#primaryimage"},"thumbnailUrl":"https:\/\/www.credimex.ch\/wp-content\/uploads\/2022\/09\/XE-661-LV-DK50_60.webp","datePublished":"2022-09-09T10:33:06+00:00","dateModified":"2023-02-13T12:38:14+00:00","description":"Syst\u00e8me \u00e9poxy charg\u00e9 \u00e0 deux composants, sans solvant ni halog\u00e8ne. Faible r\u00e9traction pendant la polym\u00e9risation. Bonnes propri\u00e9t\u00e9s \u00e9lectriques et m\u00e9caniques.","breadcrumb":{"@id":"https:\/\/www.credimex.ch\/fr\/produit\/xe-202-w14-epoxy-potting-2\/#breadcrumb"},"inLanguage":"fr-FR","potentialAction":[{"@type":"ReadAction","target":["https:\/\/www.credimex.ch\/fr\/produit\/xe-202-w14-epoxy-potting-2\/"]}]},{"@type":"ImageObject","inLanguage":"fr-FR","@id":"https:\/\/www.credimex.ch\/fr\/produit\/xe-202-w14-epoxy-potting-2\/#primaryimage","url":"https:\/\/www.credimex.ch\/wp-content\/uploads\/2022\/09\/XE-661-LV-DK50_60.webp","contentUrl":"https:\/\/www.credimex.ch\/wp-content\/uploads\/2022\/09\/XE-661-LV-DK50_60.webp","width":300,"height":222},{"@type":"BreadcrumbList","@id":"https:\/\/www.credimex.ch\/fr\/produit\/xe-202-w14-epoxy-potting-2\/#breadcrumb","itemListElement":[{"@type":"ListItem","position":1,"name":"Home","item":"https:\/\/www.credimex.ch\/fr\/"},{"@type":"ListItem","position":2,"name":"Produits","item":"https:\/\/www.credimex.ch\/fr\/produits\/"},{"@type":"ListItem","position":3,"name":"Remplissage de \u00e9poxy XE 202 W14"}]},{"@type":"WebSite","@id":"https:\/\/www.credimex.ch\/fr\/#website","url":"https:\/\/www.credimex.ch\/fr\/","name":"CREDIMEX","description":"Partner of Swiss Industrial Market","publisher":{"@id":"https:\/\/www.credimex.ch\/fr\/#organization"},"potentialAction":[{"@type":"SearchAction","target":{"@type":"EntryPoint","urlTemplate":"https:\/\/www.credimex.ch\/fr\/?s={search_term_string}"},"query-input":{"@type":"PropertyValueSpecification","valueRequired":true,"valueName":"search_term_string"}}],"inLanguage":"fr-FR"},{"@type":"Organization","@id":"https:\/\/www.credimex.ch\/fr\/#organization","name":"credimex","url":"https:\/\/www.credimex.ch\/fr\/","logo":{"@type":"ImageObject","inLanguage":"fr-FR","@id":"https:\/\/www.credimex.ch\/fr\/#\/schema\/logo\/image\/","url":"https:\/\/www.credimex.ch\/wp-content\/uploads\/2022\/03\/cropped-logo-credimex.png","contentUrl":"https:\/\/www.credimex.ch\/wp-content\/uploads\/2022\/03\/cropped-logo-credimex.png","width":512,"height":512,"caption":"credimex"},"image":{"@id":"https:\/\/www.credimex.ch\/fr\/#\/schema\/logo\/image\/"},"sameAs":["https:\/\/www.facebook.com\/credimex.alpnach\/","https:\/\/www.linkedin.com\/company\/credimex\/","https:\/\/www.youtube.com\/@CREDIMEX?sub_confirmation=1"]}]}},"_links":{"self":[{"href":"https:\/\/www.credimex.ch\/fr\/wp-json\/wp\/v2\/product\/3844","targetHints":{"allow":["GET"]}}],"collection":[{"href":"https:\/\/www.credimex.ch\/fr\/wp-json\/wp\/v2\/product"}],"about":[{"href":"https:\/\/www.credimex.ch\/fr\/wp-json\/wp\/v2\/types\/product"}],"replies":[{"embeddable":true,"href":"https:\/\/www.credimex.ch\/fr\/wp-json\/wp\/v2\/comments?post=3844"}],"wp:featuredmedia":[{"embeddable":true,"href":"https:\/\/www.credimex.ch\/fr\/wp-json\/wp\/v2\/media\/3720"}],"wp:attachment":[{"href":"https:\/\/www.credimex.ch\/fr\/wp-json\/wp\/v2\/media?parent=3844"}],"wp:term":[{"taxonomy":"product_brand","embeddable":true,"href":"https:\/\/www.credimex.ch\/fr\/wp-json\/wp\/v2\/product_brand?post=3844"},{"taxonomy":"product_cat","embeddable":true,"href":"https:\/\/www.credimex.ch\/fr\/wp-json\/wp\/v2\/product_cat?post=3844"},{"taxonomy":"product_tag","embeddable":true,"href":"https:\/\/www.credimex.ch\/fr\/wp-json\/wp\/v2\/product_tag?post=3844"}],"curies":[{"name":"wp","href":"https:\/\/api.w.org\/{rel}","templated":true}]}}