{"id":3848,"date":"2022-09-09T11:19:46","date_gmt":"2022-09-09T09:19:46","guid":{"rendered":"https:\/\/www.credimex.ch.mialias.net\/product\/xp-116fr-dk-001\/"},"modified":"2022-09-09T11:19:46","modified_gmt":"2022-09-09T09:19:46","slug":"xp-116fr-dk-001-2","status":"publish","type":"product","link":"https:\/\/www.credimex.ch\/fr\/produit\/xp-116fr-dk-001-2\/","title":{"rendered":"XP 116FR + DK 001"},"content":{"rendered":"<p>Syst\u00e8me polyur\u00e9thane bicomposant charg\u00e9 de charges inorganiques non abrasives. Sans solvant ni halog\u00e8ne.<\/p>\n<p>Auto-extinguible (fichier UL E358582)<\/p>\n<p>PU souple et flexible qui pr\u00e9serve de la rupture par choc thermique gr\u00e2ce \u00e0 une caract\u00e9ristique \u00e9lastique \u00e9lev\u00e9e<\/p>\n<p>Tr\u00e8s faible viscosit\u00e9.<\/p>\n<p>Bonne d\u00e9perlance et bonne protection contre l&rsquo;humidit\u00e9 et la p\u00e9n\u00e9tration de l&rsquo;eau.<\/p>\n<p>Le tassement de la charge est tr\u00e8s faible<\/p>\n<p>Faible r\u00e9tr\u00e9cissement lors de la polym\u00e9risation<\/p>\n<p>Bonnes propri\u00e9t\u00e9s \u00e9lectriques<\/p>\n<p>Il a une faible sensibilit\u00e9 \u00e0 l&rsquo;humidit\u00e9<\/p>\n<p>Une fois durci, il pr\u00e9sente une bonne adh\u00e9rence \u00e0 la plupart des substrats et conserve une certaine souplesse pour prot\u00e9ger les composants d\u00e9licats.<\/p>\n<p>Le syst\u00e8me est en totale conformit\u00e9 avec : REACH ( liste SVCH), UL94, ELV &#8211; RoHS (I-II-II) Directives europ\u00e9ennes.<\/p>\n<p>&nbsp;<\/p>\n<h2>Application<\/h2>\n<ul>\n<li>Transformateurs \u00e9lectroniques &#8211; petits transformateurs<\/li>\n<li>Composants inductifs<\/li>\n<li>R\u00e9gulateurs de tension<\/li>\n<li>PCB<\/li>\n<li>Appareils \u00e9lectriques et \u00e9lectroniques<\/li>\n<li>Reed rel\u00e8<\/li>\n<li>Thermocapteurs<\/li>\n<li>Prximit\u00e9s<\/li>\n<li>Transducteurs<\/li>\n<\/ul>\n","protected":false},"excerpt":{"rendered":"<p><span dir=\"ltr\" role=\"presentation\">Encapsulation en polyur\u00e9thane ignifuge \u00e0 2 composants<\/span><\/p>\n","protected":false},"featured_media":3722,"comment_status":"open","ping_status":"closed","template":"","meta":{"_acf_changed":false},"product_brand":[],"product_cat":[341,340,413,429,376,411,384,375,360,430,414,437,412],"product_tag":[],"class_list":{"0":"post-3848","1":"product","2":"type-product","3":"status-publish","4":"has-post-thumbnail","6":"product_cat-aerospatiale","7":"product_cat-automobile","8":"product_cat-batteries","9":"product_cat-demak","10":"product_cat-e-mobilite","11":"product_cat-electronique","12":"product_cat-energie","13":"product_cat-ferroviaire","14":"product_cat-industrie-generale","15":"product_cat-masses-de-scellement","16":"product_cat-medical","17":"product_cat-resines-epoxy","18":"product_cat-telepheriques","19":"pa_brands-demax-fr","21":"first","22":"instock","23":"shipping-taxable","24":"product-type-simple"},"acf":[],"_yoast_wpseo_focuskw":"XP 116FR + DK 001","_yoast_wpseo_metadesc":"DESCRIPTION : Syst\u00e8me de polyur\u00e9thane \u00e0 deux composants rempli de charges inorganiques non abrasives. Sans solvant ni halog\u00e8ne. Auto-extinguible (fichier UL E358582)","yoast_head":"<!-- This site is optimized with the Yoast SEO Premium plugin v21.6 (Yoast SEO v27.4) - https:\/\/yoast.com\/product\/yoast-seo-premium-wordpress\/ -->\n<title>XP 116FR + DK 001 - CREDIMEX<\/title>\n<meta name=\"description\" content=\"DESCRIPTION : Syst\u00e8me de polyur\u00e9thane \u00e0 deux composants rempli de charges inorganiques non abrasives. Sans solvant ni halog\u00e8ne. Auto-extinguible (fichier UL E358582)\" \/>\n<meta name=\"robots\" content=\"index, follow, max-snippet:-1, max-image-preview:large, max-video-preview:-1\" \/>\n<link rel=\"canonical\" href=\"https:\/\/www.credimex.ch\/fr\/produit\/xp-116fr-dk-001-2\/\" \/>\n<meta property=\"og:locale\" content=\"fr_FR\" \/>\n<meta property=\"og:type\" content=\"article\" \/>\n<meta property=\"og:title\" content=\"XP 116FR + DK 001\" \/>\n<meta property=\"og:description\" content=\"DESCRIPTION : Syst\u00e8me de polyur\u00e9thane \u00e0 deux composants rempli de charges inorganiques non abrasives. Sans solvant ni halog\u00e8ne. Auto-extinguible (fichier UL E358582)\" \/>\n<meta property=\"og:url\" content=\"https:\/\/www.credimex.ch\/fr\/produit\/xp-116fr-dk-001-2\/\" \/>\n<meta property=\"og:site_name\" content=\"CREDIMEX\" \/>\n<meta property=\"article:publisher\" content=\"https:\/\/www.facebook.com\/credimex.alpnach\/\" \/>\n<meta property=\"og:image\" content=\"https:\/\/www.credimex.ch\/wp-content\/uploads\/2022\/09\/XP-116-FRDK-001-.jpg\" \/>\n\t<meta property=\"og:image:width\" content=\"342\" \/>\n\t<meta property=\"og:image:height\" content=\"342\" \/>\n\t<meta property=\"og:image:type\" content=\"image\/jpeg\" \/>\n<meta name=\"twitter:card\" content=\"summary_large_image\" \/>\n<meta name=\"twitter:label1\" content=\"Dur\u00e9e de lecture estim\u00e9e\" \/>\n\t<meta name=\"twitter:data1\" content=\"1 minute\" \/>\n<script type=\"application\/ld+json\" class=\"yoast-schema-graph\">{\"@context\":\"https:\\\/\\\/schema.org\",\"@graph\":[{\"@type\":\"WebPage\",\"@id\":\"https:\\\/\\\/www.credimex.ch\\\/fr\\\/produit\\\/xp-116fr-dk-001-2\\\/\",\"url\":\"https:\\\/\\\/www.credimex.ch\\\/fr\\\/produit\\\/xp-116fr-dk-001-2\\\/\",\"name\":\"XP 116FR + DK 001 - CREDIMEX\",\"isPartOf\":{\"@id\":\"https:\\\/\\\/www.credimex.ch\\\/fr\\\/#website\"},\"primaryImageOfPage\":{\"@id\":\"https:\\\/\\\/www.credimex.ch\\\/fr\\\/produit\\\/xp-116fr-dk-001-2\\\/#primaryimage\"},\"image\":{\"@id\":\"https:\\\/\\\/www.credimex.ch\\\/fr\\\/produit\\\/xp-116fr-dk-001-2\\\/#primaryimage\"},\"thumbnailUrl\":\"https:\\\/\\\/www.credimex.ch\\\/wp-content\\\/uploads\\\/2022\\\/09\\\/XP-116-FRDK-001-.jpg\",\"datePublished\":\"2022-09-09T09:19:46+00:00\",\"description\":\"DESCRIPTION : Syst\u00e8me de polyur\u00e9thane \u00e0 deux composants rempli de charges inorganiques non abrasives. Sans solvant ni halog\u00e8ne. Auto-extinguible (fichier UL E358582)\",\"breadcrumb\":{\"@id\":\"https:\\\/\\\/www.credimex.ch\\\/fr\\\/produit\\\/xp-116fr-dk-001-2\\\/#breadcrumb\"},\"inLanguage\":\"fr-FR\",\"potentialAction\":[{\"@type\":\"ReadAction\",\"target\":[\"https:\\\/\\\/www.credimex.ch\\\/fr\\\/produit\\\/xp-116fr-dk-001-2\\\/\"]}]},{\"@type\":\"ImageObject\",\"inLanguage\":\"fr-FR\",\"@id\":\"https:\\\/\\\/www.credimex.ch\\\/fr\\\/produit\\\/xp-116fr-dk-001-2\\\/#primaryimage\",\"url\":\"https:\\\/\\\/www.credimex.ch\\\/wp-content\\\/uploads\\\/2022\\\/09\\\/XP-116-FRDK-001-.jpg\",\"contentUrl\":\"https:\\\/\\\/www.credimex.ch\\\/wp-content\\\/uploads\\\/2022\\\/09\\\/XP-116-FRDK-001-.jpg\",\"width\":342,\"height\":342},{\"@type\":\"BreadcrumbList\",\"@id\":\"https:\\\/\\\/www.credimex.ch\\\/fr\\\/produit\\\/xp-116fr-dk-001-2\\\/#breadcrumb\",\"itemListElement\":[{\"@type\":\"ListItem\",\"position\":1,\"name\":\"Home\",\"item\":\"https:\\\/\\\/www.credimex.ch\\\/fr\\\/\"},{\"@type\":\"ListItem\",\"position\":2,\"name\":\"Produits\",\"item\":\"https:\\\/\\\/www.credimex.ch\\\/fr\\\/produits\\\/\"},{\"@type\":\"ListItem\",\"position\":3,\"name\":\"XP 116FR + DK 001\"}]},{\"@type\":\"WebSite\",\"@id\":\"https:\\\/\\\/www.credimex.ch\\\/fr\\\/#website\",\"url\":\"https:\\\/\\\/www.credimex.ch\\\/fr\\\/\",\"name\":\"CREDIMEX\",\"description\":\"Partner of Swiss Industrial Market\",\"publisher\":{\"@id\":\"https:\\\/\\\/www.credimex.ch\\\/fr\\\/#organization\"},\"potentialAction\":[{\"@type\":\"SearchAction\",\"target\":{\"@type\":\"EntryPoint\",\"urlTemplate\":\"https:\\\/\\\/www.credimex.ch\\\/fr\\\/?s={search_term_string}\"},\"query-input\":{\"@type\":\"PropertyValueSpecification\",\"valueRequired\":true,\"valueName\":\"search_term_string\"}}],\"inLanguage\":\"fr-FR\"},{\"@type\":\"Organization\",\"@id\":\"https:\\\/\\\/www.credimex.ch\\\/fr\\\/#organization\",\"name\":\"credimex\",\"url\":\"https:\\\/\\\/www.credimex.ch\\\/fr\\\/\",\"logo\":{\"@type\":\"ImageObject\",\"inLanguage\":\"fr-FR\",\"@id\":\"https:\\\/\\\/www.credimex.ch\\\/fr\\\/#\\\/schema\\\/logo\\\/image\\\/\",\"url\":\"https:\\\/\\\/www.credimex.ch\\\/wp-content\\\/uploads\\\/2022\\\/03\\\/cropped-logo-credimex.png\",\"contentUrl\":\"https:\\\/\\\/www.credimex.ch\\\/wp-content\\\/uploads\\\/2022\\\/03\\\/cropped-logo-credimex.png\",\"width\":512,\"height\":512,\"caption\":\"credimex\"},\"image\":{\"@id\":\"https:\\\/\\\/www.credimex.ch\\\/fr\\\/#\\\/schema\\\/logo\\\/image\\\/\"},\"sameAs\":[\"https:\\\/\\\/www.facebook.com\\\/credimex.alpnach\\\/\",\"https:\\\/\\\/www.linkedin.com\\\/company\\\/credimex\\\/\",\"https:\\\/\\\/www.youtube.com\\\/@CREDIMEX?sub_confirmation=1\"]}]}<\/script>\n<!-- \/ Yoast SEO Premium plugin. -->","yoast_head_json":{"title":"XP 116FR + DK 001 - CREDIMEX","description":"DESCRIPTION : Syst\u00e8me de polyur\u00e9thane \u00e0 deux composants rempli de charges inorganiques non abrasives. Sans solvant ni halog\u00e8ne. Auto-extinguible (fichier UL E358582)","robots":{"index":"index","follow":"follow","max-snippet":"max-snippet:-1","max-image-preview":"max-image-preview:large","max-video-preview":"max-video-preview:-1"},"canonical":"https:\/\/www.credimex.ch\/fr\/produit\/xp-116fr-dk-001-2\/","og_locale":"fr_FR","og_type":"article","og_title":"XP 116FR + DK 001","og_description":"DESCRIPTION : Syst\u00e8me de polyur\u00e9thane \u00e0 deux composants rempli de charges inorganiques non abrasives. Sans solvant ni halog\u00e8ne. Auto-extinguible (fichier UL E358582)","og_url":"https:\/\/www.credimex.ch\/fr\/produit\/xp-116fr-dk-001-2\/","og_site_name":"CREDIMEX","article_publisher":"https:\/\/www.facebook.com\/credimex.alpnach\/","og_image":[{"width":342,"height":342,"url":"https:\/\/www.credimex.ch\/wp-content\/uploads\/2022\/09\/XP-116-FRDK-001-.jpg","type":"image\/jpeg"}],"twitter_card":"summary_large_image","twitter_misc":{"Dur\u00e9e de lecture estim\u00e9e":"1 minute"},"schema":{"@context":"https:\/\/schema.org","@graph":[{"@type":"WebPage","@id":"https:\/\/www.credimex.ch\/fr\/produit\/xp-116fr-dk-001-2\/","url":"https:\/\/www.credimex.ch\/fr\/produit\/xp-116fr-dk-001-2\/","name":"XP 116FR + DK 001 - CREDIMEX","isPartOf":{"@id":"https:\/\/www.credimex.ch\/fr\/#website"},"primaryImageOfPage":{"@id":"https:\/\/www.credimex.ch\/fr\/produit\/xp-116fr-dk-001-2\/#primaryimage"},"image":{"@id":"https:\/\/www.credimex.ch\/fr\/produit\/xp-116fr-dk-001-2\/#primaryimage"},"thumbnailUrl":"https:\/\/www.credimex.ch\/wp-content\/uploads\/2022\/09\/XP-116-FRDK-001-.jpg","datePublished":"2022-09-09T09:19:46+00:00","description":"DESCRIPTION : Syst\u00e8me de polyur\u00e9thane \u00e0 deux composants rempli de charges inorganiques non abrasives. Sans solvant ni halog\u00e8ne. Auto-extinguible (fichier UL E358582)","breadcrumb":{"@id":"https:\/\/www.credimex.ch\/fr\/produit\/xp-116fr-dk-001-2\/#breadcrumb"},"inLanguage":"fr-FR","potentialAction":[{"@type":"ReadAction","target":["https:\/\/www.credimex.ch\/fr\/produit\/xp-116fr-dk-001-2\/"]}]},{"@type":"ImageObject","inLanguage":"fr-FR","@id":"https:\/\/www.credimex.ch\/fr\/produit\/xp-116fr-dk-001-2\/#primaryimage","url":"https:\/\/www.credimex.ch\/wp-content\/uploads\/2022\/09\/XP-116-FRDK-001-.jpg","contentUrl":"https:\/\/www.credimex.ch\/wp-content\/uploads\/2022\/09\/XP-116-FRDK-001-.jpg","width":342,"height":342},{"@type":"BreadcrumbList","@id":"https:\/\/www.credimex.ch\/fr\/produit\/xp-116fr-dk-001-2\/#breadcrumb","itemListElement":[{"@type":"ListItem","position":1,"name":"Home","item":"https:\/\/www.credimex.ch\/fr\/"},{"@type":"ListItem","position":2,"name":"Produits","item":"https:\/\/www.credimex.ch\/fr\/produits\/"},{"@type":"ListItem","position":3,"name":"XP 116FR + DK 001"}]},{"@type":"WebSite","@id":"https:\/\/www.credimex.ch\/fr\/#website","url":"https:\/\/www.credimex.ch\/fr\/","name":"CREDIMEX","description":"Partner of Swiss Industrial Market","publisher":{"@id":"https:\/\/www.credimex.ch\/fr\/#organization"},"potentialAction":[{"@type":"SearchAction","target":{"@type":"EntryPoint","urlTemplate":"https:\/\/www.credimex.ch\/fr\/?s={search_term_string}"},"query-input":{"@type":"PropertyValueSpecification","valueRequired":true,"valueName":"search_term_string"}}],"inLanguage":"fr-FR"},{"@type":"Organization","@id":"https:\/\/www.credimex.ch\/fr\/#organization","name":"credimex","url":"https:\/\/www.credimex.ch\/fr\/","logo":{"@type":"ImageObject","inLanguage":"fr-FR","@id":"https:\/\/www.credimex.ch\/fr\/#\/schema\/logo\/image\/","url":"https:\/\/www.credimex.ch\/wp-content\/uploads\/2022\/03\/cropped-logo-credimex.png","contentUrl":"https:\/\/www.credimex.ch\/wp-content\/uploads\/2022\/03\/cropped-logo-credimex.png","width":512,"height":512,"caption":"credimex"},"image":{"@id":"https:\/\/www.credimex.ch\/fr\/#\/schema\/logo\/image\/"},"sameAs":["https:\/\/www.facebook.com\/credimex.alpnach\/","https:\/\/www.linkedin.com\/company\/credimex\/","https:\/\/www.youtube.com\/@CREDIMEX?sub_confirmation=1"]}]}},"_links":{"self":[{"href":"https:\/\/www.credimex.ch\/fr\/wp-json\/wp\/v2\/product\/3848","targetHints":{"allow":["GET"]}}],"collection":[{"href":"https:\/\/www.credimex.ch\/fr\/wp-json\/wp\/v2\/product"}],"about":[{"href":"https:\/\/www.credimex.ch\/fr\/wp-json\/wp\/v2\/types\/product"}],"replies":[{"embeddable":true,"href":"https:\/\/www.credimex.ch\/fr\/wp-json\/wp\/v2\/comments?post=3848"}],"wp:featuredmedia":[{"embeddable":true,"href":"https:\/\/www.credimex.ch\/fr\/wp-json\/wp\/v2\/media\/3722"}],"wp:attachment":[{"href":"https:\/\/www.credimex.ch\/fr\/wp-json\/wp\/v2\/media?parent=3848"}],"wp:term":[{"taxonomy":"product_brand","embeddable":true,"href":"https:\/\/www.credimex.ch\/fr\/wp-json\/wp\/v2\/product_brand?post=3848"},{"taxonomy":"product_cat","embeddable":true,"href":"https:\/\/www.credimex.ch\/fr\/wp-json\/wp\/v2\/product_cat?post=3848"},{"taxonomy":"product_tag","embeddable":true,"href":"https:\/\/www.credimex.ch\/fr\/wp-json\/wp\/v2\/product_tag?post=3848"}],"curies":[{"name":"wp","href":"https:\/\/api.w.org\/{rel}","templated":true}]}}