{"id":3850,"date":"2022-09-09T10:46:38","date_gmt":"2022-09-09T08:46:38","guid":{"rendered":"https:\/\/www.credimex.ch.mialias.net\/product\/xe-661-lv-dk50_60\/"},"modified":"2022-09-09T10:46:38","modified_gmt":"2022-09-09T08:46:38","slug":"xe-661-lv-dk50_60-2","status":"publish","type":"product","link":"https:\/\/www.credimex.ch\/fr\/produit\/xe-661-lv-dk50_60-2\/","title":{"rendered":"XE 661 LV + DK50_60"},"content":{"rendered":"<p><span dir=\"ltr\" role=\"presentation\">Deux<\/span><span dir=\"ltr\" role=\"presentation\">&#8211;<\/span><span dir=\"ltr\" role=\"presentation\">syst\u00e8me \u00e9poxy rempli de deux composants, sans solvant ni halog\u00e8ne. <\/span><span dir=\"ltr\" role=\"presentation\">Epoxy \u00e0 temp\u00e9rature ambiante, sans charges d&rsquo;abrasion.<\/span> <br role=\"presentation\"><br role=\"presentation\"><span dir=\"ltr\" role=\"presentation\">Self<\/span><span dir=\"ltr\" role=\"presentation\">&#8211;<\/span><span dir=\"ltr\" role=\"presentation\">auto-extinguible <\/span><span dir=\"ltr\" role=\"presentation\">UV94 V<\/span><span dir=\"ltr\" role=\"presentation\">&#8211;<\/span><span dir=\"ltr\" role=\"presentation\">0 list\u00e9 <\/span><span dir=\"ltr\" role=\"presentation\">fichier E358582<\/span> <br role=\"presentation\"><br role=\"presentation\"><\/p>\n<ul>\n<li><span dir=\"ltr\" role=\"presentation\">Tr\u00e8s faible viscosit\u00e9<\/span> <span dir=\"ltr\" role=\"presentation\">pour le vide<\/span><span dir=\"ltr\" role=\"presentation\">&#8211;<\/span><span dir=\"ltr\" role=\"presentation\">encapsulation sans vide, remplissage rapide <\/span><span dir=\"ltr\" role=\"presentation\">processus<\/span><\/li>\n<li><span dir=\"ltr\" role=\"presentation\">Conductivit\u00e9 thermique \u00e9lev\u00e9e.<\/span><span dir=\"ltr\" role=\"presentation\">assure une tr\u00e8s bonne dissipation <\/span><span dir=\"ltr\" role=\"presentation\">de la chaleur<\/span><\/li>\n<li><span dir=\"ltr\" role=\"presentation\">Longue r\u00e9sistance aux chocs thermiques  <\/span><\/li>\n<\/ul>\n<p>&nbsp;<\/p>\n<p><span dir=\"ltr\" role=\"presentation\">Bonnes propri\u00e9t\u00e9s \u00e9lectriques et m\u00e9caniques. <\/span><span dir=\"ltr\" role=\"presentation\">Faible r\u00e9tr\u00e9cissement <\/span><span dir=\"ltr\" role=\"presentation\">pendant la polym\u00e9risation-<\/span><\/p>\n<p><span dir=\"ltr\" role=\"presentation\">Le syst\u00e8me est en <\/span><span dir=\"ltr\" role=\"presentation\">enti\u00e8rement conforme \u00e0<\/span><span dir=\"ltr\" role=\"presentation\">: <\/span>  <br role=\"presentation\"><span dir=\"ltr\" role=\"presentation\">REACH, VLE <\/span><span dir=\"ltr\" role=\"presentation\">&#8211;<\/span> <span dir=\"ltr\" role=\"presentation\">RoHS (I<\/span><span dir=\"ltr\" role=\"presentation\">&#8211;<\/span><span dir=\"ltr\" role=\"presentation\">II<\/span><span dir=\"ltr\" role=\"presentation\">&#8211;<\/span><span dir=\"ltr\" role=\"presentation\">II) Directives europ\u00e9ennes.<\/span><\/p>\n<p>&nbsp;<\/p>\n<h2>Application<\/h2>\n<ul>\n<li><span dir=\"ltr\" role=\"presentation\">Tranformateurs<\/span><\/li>\n<li><span dir=\"ltr\" role=\"presentation\">Allumeurs<\/span><\/li>\n<li><span dir=\"ltr\" role=\"presentation\">Pompes submersibles<\/span><\/li>\n<li><span dir=\"ltr\" role=\"presentation\">Composants \u00e9lectriques et \u00e9lectroniques  <\/span><\/li>\n<li><span dir=\"ltr\" role=\"presentation\">Filtres r\u00e9ducteurs de bruit  <\/span><\/li>\n<\/ul>\n","protected":false},"excerpt":{"rendered":"<p><span dir=\"ltr\" role=\"presentation\">Encapsulation 2<\/span><span dir=\"ltr\" role=\"presentation\">&#8211;<\/span><span dir=\"ltr\" role=\"presentation\">syst\u00e8me \u00e9poxy ignifug\u00e9 \u00e0 composants<\/span><\/p>\n","protected":false},"featured_media":3720,"comment_status":"open","ping_status":"closed","template":"","meta":{"_acf_changed":false},"product_brand":[],"product_cat":[341,340,413,429,376,411,384,375,360,430,414,437,412],"product_tag":[],"class_list":{"0":"post-3850","1":"product","2":"type-product","3":"status-publish","4":"has-post-thumbnail","6":"product_cat-aerospatiale","7":"product_cat-automobile","8":"product_cat-batteries","9":"product_cat-demak","10":"product_cat-e-mobilite","11":"product_cat-electronique","12":"product_cat-energie","13":"product_cat-ferroviaire","14":"product_cat-industrie-generale","15":"product_cat-masses-de-scellement","16":"product_cat-medical","17":"product_cat-resines-epoxy","18":"product_cat-telepheriques","19":"pa_brands-demax-fr","21":"first","22":"instock","23":"shipping-taxable","24":"product-type-simple"},"acf":[],"_yoast_wpseo_focuskw":"XE 661 LV + DK50_60","_yoast_wpseo_metadesc":"DESCRIPTION : Syst\u00e8me \u00e9poxydique charg\u00e9 \u00e0 deux composants, sans solvant ni halog\u00e8ne. Faible r\u00e9traction pendant la polym\u00e9risation. Bonnes propri\u00e9t\u00e9s \u00e9lectriques et m\u00e9caniques.","yoast_head":"<!-- This site is optimized with the Yoast SEO Premium plugin v21.6 (Yoast SEO v27.4) - https:\/\/yoast.com\/product\/yoast-seo-premium-wordpress\/ -->\n<title>XE 661 LV + DK50_60 - CREDIMEX<\/title>\n<meta name=\"description\" content=\"DESCRIPTION : Syst\u00e8me \u00e9poxydique charg\u00e9 \u00e0 deux composants, sans solvant ni halog\u00e8ne. Faible r\u00e9traction pendant la polym\u00e9risation. Bonnes propri\u00e9t\u00e9s \u00e9lectriques et m\u00e9caniques.\" \/>\n<meta name=\"robots\" content=\"index, follow, max-snippet:-1, max-image-preview:large, max-video-preview:-1\" \/>\n<link rel=\"canonical\" href=\"https:\/\/www.credimex.ch\/fr\/produit\/xe-661-lv-dk50_60-2\/\" \/>\n<meta property=\"og:locale\" content=\"fr_FR\" \/>\n<meta property=\"og:type\" content=\"article\" \/>\n<meta property=\"og:title\" content=\"XE 661 LV + DK50_60\" \/>\n<meta property=\"og:description\" content=\"DESCRIPTION : Syst\u00e8me \u00e9poxydique charg\u00e9 \u00e0 deux composants, sans solvant ni halog\u00e8ne. Faible r\u00e9traction pendant la polym\u00e9risation. Bonnes propri\u00e9t\u00e9s \u00e9lectriques et m\u00e9caniques.\" \/>\n<meta property=\"og:url\" content=\"https:\/\/www.credimex.ch\/fr\/produit\/xe-661-lv-dk50_60-2\/\" \/>\n<meta property=\"og:site_name\" content=\"CREDIMEX\" \/>\n<meta property=\"article:publisher\" content=\"https:\/\/www.facebook.com\/credimex.alpnach\/\" \/>\n<meta property=\"og:image\" content=\"https:\/\/www.credimex.ch\/wp-content\/uploads\/2022\/09\/XE-661-LV-DK50_60.webp\" \/>\n\t<meta property=\"og:image:width\" content=\"300\" \/>\n\t<meta property=\"og:image:height\" content=\"222\" \/>\n\t<meta property=\"og:image:type\" content=\"image\/webp\" \/>\n<meta name=\"twitter:card\" content=\"summary_large_image\" \/>\n<meta name=\"twitter:label1\" content=\"Dur\u00e9e de lecture estim\u00e9e\" \/>\n\t<meta name=\"twitter:data1\" content=\"1 minute\" \/>\n<script type=\"application\/ld+json\" class=\"yoast-schema-graph\">{\"@context\":\"https:\\\/\\\/schema.org\",\"@graph\":[{\"@type\":\"WebPage\",\"@id\":\"https:\\\/\\\/www.credimex.ch\\\/fr\\\/produit\\\/xe-661-lv-dk50_60-2\\\/\",\"url\":\"https:\\\/\\\/www.credimex.ch\\\/fr\\\/produit\\\/xe-661-lv-dk50_60-2\\\/\",\"name\":\"XE 661 LV + DK50_60 - CREDIMEX\",\"isPartOf\":{\"@id\":\"https:\\\/\\\/www.credimex.ch\\\/fr\\\/#website\"},\"primaryImageOfPage\":{\"@id\":\"https:\\\/\\\/www.credimex.ch\\\/fr\\\/produit\\\/xe-661-lv-dk50_60-2\\\/#primaryimage\"},\"image\":{\"@id\":\"https:\\\/\\\/www.credimex.ch\\\/fr\\\/produit\\\/xe-661-lv-dk50_60-2\\\/#primaryimage\"},\"thumbnailUrl\":\"https:\\\/\\\/www.credimex.ch\\\/wp-content\\\/uploads\\\/2022\\\/09\\\/XE-661-LV-DK50_60.webp\",\"datePublished\":\"2022-09-09T08:46:38+00:00\",\"description\":\"DESCRIPTION : Syst\u00e8me \u00e9poxydique charg\u00e9 \u00e0 deux composants, sans solvant ni halog\u00e8ne. Faible r\u00e9traction pendant la polym\u00e9risation. Bonnes propri\u00e9t\u00e9s \u00e9lectriques et m\u00e9caniques.\",\"breadcrumb\":{\"@id\":\"https:\\\/\\\/www.credimex.ch\\\/fr\\\/produit\\\/xe-661-lv-dk50_60-2\\\/#breadcrumb\"},\"inLanguage\":\"fr-FR\",\"potentialAction\":[{\"@type\":\"ReadAction\",\"target\":[\"https:\\\/\\\/www.credimex.ch\\\/fr\\\/produit\\\/xe-661-lv-dk50_60-2\\\/\"]}]},{\"@type\":\"ImageObject\",\"inLanguage\":\"fr-FR\",\"@id\":\"https:\\\/\\\/www.credimex.ch\\\/fr\\\/produit\\\/xe-661-lv-dk50_60-2\\\/#primaryimage\",\"url\":\"https:\\\/\\\/www.credimex.ch\\\/wp-content\\\/uploads\\\/2022\\\/09\\\/XE-661-LV-DK50_60.webp\",\"contentUrl\":\"https:\\\/\\\/www.credimex.ch\\\/wp-content\\\/uploads\\\/2022\\\/09\\\/XE-661-LV-DK50_60.webp\",\"width\":300,\"height\":222},{\"@type\":\"BreadcrumbList\",\"@id\":\"https:\\\/\\\/www.credimex.ch\\\/fr\\\/produit\\\/xe-661-lv-dk50_60-2\\\/#breadcrumb\",\"itemListElement\":[{\"@type\":\"ListItem\",\"position\":1,\"name\":\"Home\",\"item\":\"https:\\\/\\\/www.credimex.ch\\\/fr\\\/\"},{\"@type\":\"ListItem\",\"position\":2,\"name\":\"Produits\",\"item\":\"https:\\\/\\\/www.credimex.ch\\\/fr\\\/produits\\\/\"},{\"@type\":\"ListItem\",\"position\":3,\"name\":\"XE 661 LV + DK50_60\"}]},{\"@type\":\"WebSite\",\"@id\":\"https:\\\/\\\/www.credimex.ch\\\/fr\\\/#website\",\"url\":\"https:\\\/\\\/www.credimex.ch\\\/fr\\\/\",\"name\":\"CREDIMEX\",\"description\":\"Partner of Swiss Industrial Market\",\"publisher\":{\"@id\":\"https:\\\/\\\/www.credimex.ch\\\/fr\\\/#organization\"},\"potentialAction\":[{\"@type\":\"SearchAction\",\"target\":{\"@type\":\"EntryPoint\",\"urlTemplate\":\"https:\\\/\\\/www.credimex.ch\\\/fr\\\/?s={search_term_string}\"},\"query-input\":{\"@type\":\"PropertyValueSpecification\",\"valueRequired\":true,\"valueName\":\"search_term_string\"}}],\"inLanguage\":\"fr-FR\"},{\"@type\":\"Organization\",\"@id\":\"https:\\\/\\\/www.credimex.ch\\\/fr\\\/#organization\",\"name\":\"credimex\",\"url\":\"https:\\\/\\\/www.credimex.ch\\\/fr\\\/\",\"logo\":{\"@type\":\"ImageObject\",\"inLanguage\":\"fr-FR\",\"@id\":\"https:\\\/\\\/www.credimex.ch\\\/fr\\\/#\\\/schema\\\/logo\\\/image\\\/\",\"url\":\"https:\\\/\\\/www.credimex.ch\\\/wp-content\\\/uploads\\\/2022\\\/03\\\/cropped-logo-credimex.png\",\"contentUrl\":\"https:\\\/\\\/www.credimex.ch\\\/wp-content\\\/uploads\\\/2022\\\/03\\\/cropped-logo-credimex.png\",\"width\":512,\"height\":512,\"caption\":\"credimex\"},\"image\":{\"@id\":\"https:\\\/\\\/www.credimex.ch\\\/fr\\\/#\\\/schema\\\/logo\\\/image\\\/\"},\"sameAs\":[\"https:\\\/\\\/www.facebook.com\\\/credimex.alpnach\\\/\",\"https:\\\/\\\/www.linkedin.com\\\/company\\\/credimex\\\/\",\"https:\\\/\\\/www.youtube.com\\\/@CREDIMEX?sub_confirmation=1\"]}]}<\/script>\n<!-- \/ Yoast SEO Premium plugin. -->","yoast_head_json":{"title":"XE 661 LV + DK50_60 - CREDIMEX","description":"DESCRIPTION : Syst\u00e8me \u00e9poxydique charg\u00e9 \u00e0 deux composants, sans solvant ni halog\u00e8ne. Faible r\u00e9traction pendant la polym\u00e9risation. Bonnes propri\u00e9t\u00e9s \u00e9lectriques et m\u00e9caniques.","robots":{"index":"index","follow":"follow","max-snippet":"max-snippet:-1","max-image-preview":"max-image-preview:large","max-video-preview":"max-video-preview:-1"},"canonical":"https:\/\/www.credimex.ch\/fr\/produit\/xe-661-lv-dk50_60-2\/","og_locale":"fr_FR","og_type":"article","og_title":"XE 661 LV + DK50_60","og_description":"DESCRIPTION : Syst\u00e8me \u00e9poxydique charg\u00e9 \u00e0 deux composants, sans solvant ni halog\u00e8ne. Faible r\u00e9traction pendant la polym\u00e9risation. Bonnes propri\u00e9t\u00e9s \u00e9lectriques et m\u00e9caniques.","og_url":"https:\/\/www.credimex.ch\/fr\/produit\/xe-661-lv-dk50_60-2\/","og_site_name":"CREDIMEX","article_publisher":"https:\/\/www.facebook.com\/credimex.alpnach\/","og_image":[{"width":300,"height":222,"url":"https:\/\/www.credimex.ch\/wp-content\/uploads\/2022\/09\/XE-661-LV-DK50_60.webp","type":"image\/webp"}],"twitter_card":"summary_large_image","twitter_misc":{"Dur\u00e9e de lecture estim\u00e9e":"1 minute"},"schema":{"@context":"https:\/\/schema.org","@graph":[{"@type":"WebPage","@id":"https:\/\/www.credimex.ch\/fr\/produit\/xe-661-lv-dk50_60-2\/","url":"https:\/\/www.credimex.ch\/fr\/produit\/xe-661-lv-dk50_60-2\/","name":"XE 661 LV + DK50_60 - CREDIMEX","isPartOf":{"@id":"https:\/\/www.credimex.ch\/fr\/#website"},"primaryImageOfPage":{"@id":"https:\/\/www.credimex.ch\/fr\/produit\/xe-661-lv-dk50_60-2\/#primaryimage"},"image":{"@id":"https:\/\/www.credimex.ch\/fr\/produit\/xe-661-lv-dk50_60-2\/#primaryimage"},"thumbnailUrl":"https:\/\/www.credimex.ch\/wp-content\/uploads\/2022\/09\/XE-661-LV-DK50_60.webp","datePublished":"2022-09-09T08:46:38+00:00","description":"DESCRIPTION : Syst\u00e8me \u00e9poxydique charg\u00e9 \u00e0 deux composants, sans solvant ni halog\u00e8ne. Faible r\u00e9traction pendant la polym\u00e9risation. Bonnes propri\u00e9t\u00e9s \u00e9lectriques et m\u00e9caniques.","breadcrumb":{"@id":"https:\/\/www.credimex.ch\/fr\/produit\/xe-661-lv-dk50_60-2\/#breadcrumb"},"inLanguage":"fr-FR","potentialAction":[{"@type":"ReadAction","target":["https:\/\/www.credimex.ch\/fr\/produit\/xe-661-lv-dk50_60-2\/"]}]},{"@type":"ImageObject","inLanguage":"fr-FR","@id":"https:\/\/www.credimex.ch\/fr\/produit\/xe-661-lv-dk50_60-2\/#primaryimage","url":"https:\/\/www.credimex.ch\/wp-content\/uploads\/2022\/09\/XE-661-LV-DK50_60.webp","contentUrl":"https:\/\/www.credimex.ch\/wp-content\/uploads\/2022\/09\/XE-661-LV-DK50_60.webp","width":300,"height":222},{"@type":"BreadcrumbList","@id":"https:\/\/www.credimex.ch\/fr\/produit\/xe-661-lv-dk50_60-2\/#breadcrumb","itemListElement":[{"@type":"ListItem","position":1,"name":"Home","item":"https:\/\/www.credimex.ch\/fr\/"},{"@type":"ListItem","position":2,"name":"Produits","item":"https:\/\/www.credimex.ch\/fr\/produits\/"},{"@type":"ListItem","position":3,"name":"XE 661 LV + DK50_60"}]},{"@type":"WebSite","@id":"https:\/\/www.credimex.ch\/fr\/#website","url":"https:\/\/www.credimex.ch\/fr\/","name":"CREDIMEX","description":"Partner of Swiss Industrial Market","publisher":{"@id":"https:\/\/www.credimex.ch\/fr\/#organization"},"potentialAction":[{"@type":"SearchAction","target":{"@type":"EntryPoint","urlTemplate":"https:\/\/www.credimex.ch\/fr\/?s={search_term_string}"},"query-input":{"@type":"PropertyValueSpecification","valueRequired":true,"valueName":"search_term_string"}}],"inLanguage":"fr-FR"},{"@type":"Organization","@id":"https:\/\/www.credimex.ch\/fr\/#organization","name":"credimex","url":"https:\/\/www.credimex.ch\/fr\/","logo":{"@type":"ImageObject","inLanguage":"fr-FR","@id":"https:\/\/www.credimex.ch\/fr\/#\/schema\/logo\/image\/","url":"https:\/\/www.credimex.ch\/wp-content\/uploads\/2022\/03\/cropped-logo-credimex.png","contentUrl":"https:\/\/www.credimex.ch\/wp-content\/uploads\/2022\/03\/cropped-logo-credimex.png","width":512,"height":512,"caption":"credimex"},"image":{"@id":"https:\/\/www.credimex.ch\/fr\/#\/schema\/logo\/image\/"},"sameAs":["https:\/\/www.facebook.com\/credimex.alpnach\/","https:\/\/www.linkedin.com\/company\/credimex\/","https:\/\/www.youtube.com\/@CREDIMEX?sub_confirmation=1"]}]}},"_links":{"self":[{"href":"https:\/\/www.credimex.ch\/fr\/wp-json\/wp\/v2\/product\/3850","targetHints":{"allow":["GET"]}}],"collection":[{"href":"https:\/\/www.credimex.ch\/fr\/wp-json\/wp\/v2\/product"}],"about":[{"href":"https:\/\/www.credimex.ch\/fr\/wp-json\/wp\/v2\/types\/product"}],"replies":[{"embeddable":true,"href":"https:\/\/www.credimex.ch\/fr\/wp-json\/wp\/v2\/comments?post=3850"}],"wp:featuredmedia":[{"embeddable":true,"href":"https:\/\/www.credimex.ch\/fr\/wp-json\/wp\/v2\/media\/3720"}],"wp:attachment":[{"href":"https:\/\/www.credimex.ch\/fr\/wp-json\/wp\/v2\/media?parent=3850"}],"wp:term":[{"taxonomy":"product_brand","embeddable":true,"href":"https:\/\/www.credimex.ch\/fr\/wp-json\/wp\/v2\/product_brand?post=3850"},{"taxonomy":"product_cat","embeddable":true,"href":"https:\/\/www.credimex.ch\/fr\/wp-json\/wp\/v2\/product_cat?post=3850"},{"taxonomy":"product_tag","embeddable":true,"href":"https:\/\/www.credimex.ch\/fr\/wp-json\/wp\/v2\/product_tag?post=3850"}],"curies":[{"name":"wp","href":"https:\/\/api.w.org\/{rel}","templated":true}]}}