{"id":3852,"date":"2022-09-09T10:37:46","date_gmt":"2022-09-09T08:37:46","guid":{"rendered":"https:\/\/www.credimex.ch.mialias.net\/product\/xe-661-hv-dk50-06\/"},"modified":"2022-09-09T10:37:46","modified_gmt":"2022-09-09T08:37:46","slug":"xe-661-hv-dk50-06-2","status":"publish","type":"product","link":"https:\/\/www.credimex.ch\/fr\/produit\/xe-661-hv-dk50-06-2\/","title":{"rendered":"XE 661 HV + DK50\/06"},"content":{"rendered":"<p>Syst\u00e8me \u00e9poxy charg\u00e9 \u00e0 deux composants, sans solvant ni halog\u00e8ne. Retardateur de flamme.<\/p>\n<p>Con\u00e7ue pour offrir une excellente conductivit\u00e9 thermique lorsqu&rsquo;une tr\u00e8s bonne<br \/>\nla dissipation de la chaleur est n\u00e9cessaire.<\/p>\n<p>Tr\u00e8s bonne r\u00e9sistance aux chocs thermiques.<\/p>\n<p>Bonnes propri\u00e9t\u00e9s \u00e9lectriques et m\u00e9caniques ; faible pic exothermique.<\/p>\n<p>Le syst\u00e8me est en totale conformit\u00e9 avec :<br \/>\nREACH, ELV &#8211; RoHS (I-II-II) Directives europ\u00e9ennes.<\/p>\n<p>&nbsp;<\/p>\n<h2>Application<\/h2>\n<ul>\n<li><span dir=\"ltr\" role=\"presentation\">Transformateur<\/span><\/li>\n<li><span dir=\"ltr\" role=\"presentation\">Moteurs \u00e9lectriques<\/span><\/li>\n<li><span dir=\"ltr\" role=\"presentation\">Pompes submersibles<\/span><\/li>\n<li><span dir=\"ltr\" role=\"presentation\">Composants \u00e9lectriques et \u00e9lectroniques<\/span><\/li>\n<\/ul>\n<p>&nbsp;<\/p>\n","protected":false},"excerpt":{"rendered":"<p><span dir=\"ltr\" role=\"presentation\">Encapsulation 2<\/span><span dir=\"ltr\" role=\"presentation\">&#8211;<\/span><span dir=\"ltr\" role=\"presentation\">syst\u00e8me \u00e9poxy ignifug\u00e9 \u00e0 composants<\/span><\/p>\n","protected":false},"featured_media":3740,"comment_status":"open","ping_status":"closed","template":"","meta":{"_acf_changed":false},"product_brand":[],"product_cat":[341,340,413,429,376,411,384,375,360,430,414,437,441,412],"product_tag":[],"class_list":{"0":"post-3852","1":"product","2":"type-product","3":"status-publish","4":"has-post-thumbnail","6":"product_cat-aerospatiale","7":"product_cat-automobile","8":"product_cat-batteries","9":"product_cat-demak","10":"product_cat-e-mobilite","11":"product_cat-electronique","12":"product_cat-energie","13":"product_cat-ferroviaire","14":"product_cat-industrie-generale","15":"product_cat-masses-de-scellement","16":"product_cat-medical","17":"product_cat-resines-epoxy","18":"product_cat-segments-de-marche","19":"product_cat-telepheriques","20":"pa_brands-demax-fr","22":"first","23":"instock","24":"shipping-taxable","25":"product-type-simple"},"acf":[],"_yoast_wpseo_focuskw":"XE 661 HV + DK5006","_yoast_wpseo_metadesc":"Syst\u00e8me \u00e9poxy charg\u00e9 \u00e0 deux composants, sans solvant ni halog\u00e8ne. Con\u00e7u pour fournir une conductivit\u00e9 thermique lorsqu'une tr\u00e8s bonne dissipation de la chaleur est requise.","yoast_head":"<!-- This site is optimized with the Yoast SEO Premium plugin v21.6 (Yoast SEO v27.4) - https:\/\/yoast.com\/product\/yoast-seo-premium-wordpress\/ -->\n<title>XE 661 HV + DK50\/06 - CREDIMEX<\/title>\n<meta name=\"description\" content=\"Syst\u00e8me \u00e9poxy charg\u00e9 \u00e0 deux composants, sans solvant ni halog\u00e8ne. Con\u00e7u pour fournir une conductivit\u00e9 thermique lorsqu&#039;une tr\u00e8s bonne dissipation de la chaleur est requise.\" \/>\n<meta name=\"robots\" content=\"index, follow, max-snippet:-1, max-image-preview:large, max-video-preview:-1\" \/>\n<link rel=\"canonical\" href=\"https:\/\/www.credimex.ch\/fr\/produit\/xe-661-hv-dk50-06-2\/\" \/>\n<meta property=\"og:locale\" content=\"fr_FR\" \/>\n<meta property=\"og:type\" content=\"article\" \/>\n<meta property=\"og:title\" content=\"XE 661 HV + DK50\/06\" \/>\n<meta property=\"og:description\" content=\"Syst\u00e8me \u00e9poxy charg\u00e9 \u00e0 deux composants, sans solvant ni halog\u00e8ne. Con\u00e7u pour fournir une conductivit\u00e9 thermique lorsqu&#039;une tr\u00e8s bonne dissipation de la chaleur est requise.\" \/>\n<meta property=\"og:url\" content=\"https:\/\/www.credimex.ch\/fr\/produit\/xe-661-hv-dk50-06-2\/\" \/>\n<meta property=\"og:site_name\" content=\"CREDIMEX\" \/>\n<meta property=\"article:publisher\" content=\"https:\/\/www.facebook.com\/credimex.alpnach\/\" \/>\n<meta property=\"og:image\" content=\"https:\/\/www.credimex.ch\/wp-content\/uploads\/2022\/09\/DK5006.jpeg\" \/>\n\t<meta property=\"og:image:width\" content=\"600\" \/>\n\t<meta property=\"og:image:height\" content=\"600\" \/>\n\t<meta property=\"og:image:type\" content=\"image\/jpeg\" \/>\n<meta name=\"twitter:card\" content=\"summary_large_image\" \/>\n<script type=\"application\/ld+json\" class=\"yoast-schema-graph\">{\"@context\":\"https:\\\/\\\/schema.org\",\"@graph\":[{\"@type\":\"WebPage\",\"@id\":\"https:\\\/\\\/www.credimex.ch\\\/fr\\\/produit\\\/xe-661-hv-dk50-06-2\\\/\",\"url\":\"https:\\\/\\\/www.credimex.ch\\\/fr\\\/produit\\\/xe-661-hv-dk50-06-2\\\/\",\"name\":\"XE 661 HV + DK50\\\/06 - CREDIMEX\",\"isPartOf\":{\"@id\":\"https:\\\/\\\/www.credimex.ch\\\/fr\\\/#website\"},\"primaryImageOfPage\":{\"@id\":\"https:\\\/\\\/www.credimex.ch\\\/fr\\\/produit\\\/xe-661-hv-dk50-06-2\\\/#primaryimage\"},\"image\":{\"@id\":\"https:\\\/\\\/www.credimex.ch\\\/fr\\\/produit\\\/xe-661-hv-dk50-06-2\\\/#primaryimage\"},\"thumbnailUrl\":\"https:\\\/\\\/www.credimex.ch\\\/wp-content\\\/uploads\\\/2022\\\/09\\\/DK5006.jpeg\",\"datePublished\":\"2022-09-09T08:37:46+00:00\",\"description\":\"Syst\u00e8me \u00e9poxy charg\u00e9 \u00e0 deux composants, sans solvant ni halog\u00e8ne. Con\u00e7u pour fournir une conductivit\u00e9 thermique lorsqu'une tr\u00e8s bonne dissipation de la chaleur est requise.\",\"breadcrumb\":{\"@id\":\"https:\\\/\\\/www.credimex.ch\\\/fr\\\/produit\\\/xe-661-hv-dk50-06-2\\\/#breadcrumb\"},\"inLanguage\":\"fr-FR\",\"potentialAction\":[{\"@type\":\"ReadAction\",\"target\":[\"https:\\\/\\\/www.credimex.ch\\\/fr\\\/produit\\\/xe-661-hv-dk50-06-2\\\/\"]}]},{\"@type\":\"ImageObject\",\"inLanguage\":\"fr-FR\",\"@id\":\"https:\\\/\\\/www.credimex.ch\\\/fr\\\/produit\\\/xe-661-hv-dk50-06-2\\\/#primaryimage\",\"url\":\"https:\\\/\\\/www.credimex.ch\\\/wp-content\\\/uploads\\\/2022\\\/09\\\/DK5006.jpeg\",\"contentUrl\":\"https:\\\/\\\/www.credimex.ch\\\/wp-content\\\/uploads\\\/2022\\\/09\\\/DK5006.jpeg\",\"width\":600,\"height\":600},{\"@type\":\"BreadcrumbList\",\"@id\":\"https:\\\/\\\/www.credimex.ch\\\/fr\\\/produit\\\/xe-661-hv-dk50-06-2\\\/#breadcrumb\",\"itemListElement\":[{\"@type\":\"ListItem\",\"position\":1,\"name\":\"Home\",\"item\":\"https:\\\/\\\/www.credimex.ch\\\/fr\\\/\"},{\"@type\":\"ListItem\",\"position\":2,\"name\":\"Produits\",\"item\":\"https:\\\/\\\/www.credimex.ch\\\/fr\\\/produits\\\/\"},{\"@type\":\"ListItem\",\"position\":3,\"name\":\"XE 661 HV + DK50\\\/06\"}]},{\"@type\":\"WebSite\",\"@id\":\"https:\\\/\\\/www.credimex.ch\\\/fr\\\/#website\",\"url\":\"https:\\\/\\\/www.credimex.ch\\\/fr\\\/\",\"name\":\"CREDIMEX\",\"description\":\"Partner of Swiss Industrial Market\",\"publisher\":{\"@id\":\"https:\\\/\\\/www.credimex.ch\\\/fr\\\/#organization\"},\"potentialAction\":[{\"@type\":\"SearchAction\",\"target\":{\"@type\":\"EntryPoint\",\"urlTemplate\":\"https:\\\/\\\/www.credimex.ch\\\/fr\\\/?s={search_term_string}\"},\"query-input\":{\"@type\":\"PropertyValueSpecification\",\"valueRequired\":true,\"valueName\":\"search_term_string\"}}],\"inLanguage\":\"fr-FR\"},{\"@type\":\"Organization\",\"@id\":\"https:\\\/\\\/www.credimex.ch\\\/fr\\\/#organization\",\"name\":\"credimex\",\"url\":\"https:\\\/\\\/www.credimex.ch\\\/fr\\\/\",\"logo\":{\"@type\":\"ImageObject\",\"inLanguage\":\"fr-FR\",\"@id\":\"https:\\\/\\\/www.credimex.ch\\\/fr\\\/#\\\/schema\\\/logo\\\/image\\\/\",\"url\":\"https:\\\/\\\/www.credimex.ch\\\/wp-content\\\/uploads\\\/2022\\\/03\\\/cropped-logo-credimex.png\",\"contentUrl\":\"https:\\\/\\\/www.credimex.ch\\\/wp-content\\\/uploads\\\/2022\\\/03\\\/cropped-logo-credimex.png\",\"width\":512,\"height\":512,\"caption\":\"credimex\"},\"image\":{\"@id\":\"https:\\\/\\\/www.credimex.ch\\\/fr\\\/#\\\/schema\\\/logo\\\/image\\\/\"},\"sameAs\":[\"https:\\\/\\\/www.facebook.com\\\/credimex.alpnach\\\/\",\"https:\\\/\\\/www.linkedin.com\\\/company\\\/credimex\\\/\",\"https:\\\/\\\/www.youtube.com\\\/@CREDIMEX?sub_confirmation=1\"]}]}<\/script>\n<!-- \/ Yoast SEO Premium plugin. -->","yoast_head_json":{"title":"XE 661 HV + DK50\/06 - CREDIMEX","description":"Syst\u00e8me \u00e9poxy charg\u00e9 \u00e0 deux composants, sans solvant ni halog\u00e8ne. Con\u00e7u pour fournir une conductivit\u00e9 thermique lorsqu'une tr\u00e8s bonne dissipation de la chaleur est requise.","robots":{"index":"index","follow":"follow","max-snippet":"max-snippet:-1","max-image-preview":"max-image-preview:large","max-video-preview":"max-video-preview:-1"},"canonical":"https:\/\/www.credimex.ch\/fr\/produit\/xe-661-hv-dk50-06-2\/","og_locale":"fr_FR","og_type":"article","og_title":"XE 661 HV + DK50\/06","og_description":"Syst\u00e8me \u00e9poxy charg\u00e9 \u00e0 deux composants, sans solvant ni halog\u00e8ne. Con\u00e7u pour fournir une conductivit\u00e9 thermique lorsqu'une tr\u00e8s bonne dissipation de la chaleur est requise.","og_url":"https:\/\/www.credimex.ch\/fr\/produit\/xe-661-hv-dk50-06-2\/","og_site_name":"CREDIMEX","article_publisher":"https:\/\/www.facebook.com\/credimex.alpnach\/","og_image":[{"width":600,"height":600,"url":"https:\/\/www.credimex.ch\/wp-content\/uploads\/2022\/09\/DK5006.jpeg","type":"image\/jpeg"}],"twitter_card":"summary_large_image","schema":{"@context":"https:\/\/schema.org","@graph":[{"@type":"WebPage","@id":"https:\/\/www.credimex.ch\/fr\/produit\/xe-661-hv-dk50-06-2\/","url":"https:\/\/www.credimex.ch\/fr\/produit\/xe-661-hv-dk50-06-2\/","name":"XE 661 HV + DK50\/06 - CREDIMEX","isPartOf":{"@id":"https:\/\/www.credimex.ch\/fr\/#website"},"primaryImageOfPage":{"@id":"https:\/\/www.credimex.ch\/fr\/produit\/xe-661-hv-dk50-06-2\/#primaryimage"},"image":{"@id":"https:\/\/www.credimex.ch\/fr\/produit\/xe-661-hv-dk50-06-2\/#primaryimage"},"thumbnailUrl":"https:\/\/www.credimex.ch\/wp-content\/uploads\/2022\/09\/DK5006.jpeg","datePublished":"2022-09-09T08:37:46+00:00","description":"Syst\u00e8me \u00e9poxy charg\u00e9 \u00e0 deux composants, sans solvant ni halog\u00e8ne. Con\u00e7u pour fournir une conductivit\u00e9 thermique lorsqu'une tr\u00e8s bonne dissipation de la chaleur est requise.","breadcrumb":{"@id":"https:\/\/www.credimex.ch\/fr\/produit\/xe-661-hv-dk50-06-2\/#breadcrumb"},"inLanguage":"fr-FR","potentialAction":[{"@type":"ReadAction","target":["https:\/\/www.credimex.ch\/fr\/produit\/xe-661-hv-dk50-06-2\/"]}]},{"@type":"ImageObject","inLanguage":"fr-FR","@id":"https:\/\/www.credimex.ch\/fr\/produit\/xe-661-hv-dk50-06-2\/#primaryimage","url":"https:\/\/www.credimex.ch\/wp-content\/uploads\/2022\/09\/DK5006.jpeg","contentUrl":"https:\/\/www.credimex.ch\/wp-content\/uploads\/2022\/09\/DK5006.jpeg","width":600,"height":600},{"@type":"BreadcrumbList","@id":"https:\/\/www.credimex.ch\/fr\/produit\/xe-661-hv-dk50-06-2\/#breadcrumb","itemListElement":[{"@type":"ListItem","position":1,"name":"Home","item":"https:\/\/www.credimex.ch\/fr\/"},{"@type":"ListItem","position":2,"name":"Produits","item":"https:\/\/www.credimex.ch\/fr\/produits\/"},{"@type":"ListItem","position":3,"name":"XE 661 HV + DK50\/06"}]},{"@type":"WebSite","@id":"https:\/\/www.credimex.ch\/fr\/#website","url":"https:\/\/www.credimex.ch\/fr\/","name":"CREDIMEX","description":"Partner of Swiss Industrial Market","publisher":{"@id":"https:\/\/www.credimex.ch\/fr\/#organization"},"potentialAction":[{"@type":"SearchAction","target":{"@type":"EntryPoint","urlTemplate":"https:\/\/www.credimex.ch\/fr\/?s={search_term_string}"},"query-input":{"@type":"PropertyValueSpecification","valueRequired":true,"valueName":"search_term_string"}}],"inLanguage":"fr-FR"},{"@type":"Organization","@id":"https:\/\/www.credimex.ch\/fr\/#organization","name":"credimex","url":"https:\/\/www.credimex.ch\/fr\/","logo":{"@type":"ImageObject","inLanguage":"fr-FR","@id":"https:\/\/www.credimex.ch\/fr\/#\/schema\/logo\/image\/","url":"https:\/\/www.credimex.ch\/wp-content\/uploads\/2022\/03\/cropped-logo-credimex.png","contentUrl":"https:\/\/www.credimex.ch\/wp-content\/uploads\/2022\/03\/cropped-logo-credimex.png","width":512,"height":512,"caption":"credimex"},"image":{"@id":"https:\/\/www.credimex.ch\/fr\/#\/schema\/logo\/image\/"},"sameAs":["https:\/\/www.facebook.com\/credimex.alpnach\/","https:\/\/www.linkedin.com\/company\/credimex\/","https:\/\/www.youtube.com\/@CREDIMEX?sub_confirmation=1"]}]}},"_links":{"self":[{"href":"https:\/\/www.credimex.ch\/fr\/wp-json\/wp\/v2\/product\/3852","targetHints":{"allow":["GET"]}}],"collection":[{"href":"https:\/\/www.credimex.ch\/fr\/wp-json\/wp\/v2\/product"}],"about":[{"href":"https:\/\/www.credimex.ch\/fr\/wp-json\/wp\/v2\/types\/product"}],"replies":[{"embeddable":true,"href":"https:\/\/www.credimex.ch\/fr\/wp-json\/wp\/v2\/comments?post=3852"}],"wp:featuredmedia":[{"embeddable":true,"href":"https:\/\/www.credimex.ch\/fr\/wp-json\/wp\/v2\/media\/3740"}],"wp:attachment":[{"href":"https:\/\/www.credimex.ch\/fr\/wp-json\/wp\/v2\/media?parent=3852"}],"wp:term":[{"taxonomy":"product_brand","embeddable":true,"href":"https:\/\/www.credimex.ch\/fr\/wp-json\/wp\/v2\/product_brand?post=3852"},{"taxonomy":"product_cat","embeddable":true,"href":"https:\/\/www.credimex.ch\/fr\/wp-json\/wp\/v2\/product_cat?post=3852"},{"taxonomy":"product_tag","embeddable":true,"href":"https:\/\/www.credimex.ch\/fr\/wp-json\/wp\/v2\/product_tag?post=3852"}],"curies":[{"name":"wp","href":"https:\/\/api.w.org\/{rel}","templated":true}]}}