{"id":3870,"date":"2022-09-07T10:52:35","date_gmt":"2022-09-07T08:52:35","guid":{"rendered":"https:\/\/www.credimex.ch.mialias.net\/product\/monopox-eg2596\/"},"modified":"2022-09-07T10:52:35","modified_gmt":"2022-09-07T08:52:35","slug":"monopox-eg2596-2","status":"publish","type":"product","link":"https:\/\/www.credimex.ch\/fr\/produit\/monopox-eg2596-2\/","title":{"rendered":"MONOPOX EG2596"},"content":{"rendered":"<p>Sans solvants, r\u00e9sistant \u00e0 l&rsquo;\u00e9coulement, thixotropique.<\/p>\n<p>&nbsp;<\/p>\n<h2>Caract\u00e9ristiques particuli\u00e8res du produit<\/h2>\n<ul>\n<li>Conforme \u00e0 la directive RoHS 2015\/863\/EU<\/li>\n<li>Sans halog\u00e8ne selon la norme IEC 61249-2-21<\/li>\n<li>Conforme aux limites de la teneur en COV dans les adh\u00e9sifs selon les normes de l&rsquo;UE. selon GB33372-2020<\/li>\n<\/ul>\n<p>&nbsp;<\/p>\n<h2>Fonction<\/h2>\n<ul>\n<li>Adh\u00e9sif \u00e9lectronique<\/li>\n<\/ul>\n<p>&nbsp;<\/p>\n<h2>Domaine d&rsquo;utilisation typique<\/h2>\n<ul>\n<li>-40 &#8211; 180 \u00b0C<\/li>\n<\/ul>\n","protected":false},"excerpt":{"rendered":"<p>R\u00e9sine \u00e9poxy modifi\u00e9e | 1C | durcissement \u00e0 chaud<\/p>\n","protected":false},"featured_media":3698,"comment_status":"open","ping_status":"closed","template":"","meta":{"_acf_changed":false},"product_brand":[],"product_cat":[452,340,451,376,411,384,360],"product_tag":[],"class_list":{"0":"post-3870","1":"product","2":"type-product","3":"status-publish","4":"has-post-thumbnail","6":"product_cat-adhesifs-et-mastics","7":"product_cat-automobile","8":"product_cat-delo","9":"product_cat-e-mobilite","10":"product_cat-electronique","11":"product_cat-energie","12":"product_cat-industrie-generale","13":"pa_brands-delo-fr","15":"first","16":"instock","17":"shipping-taxable","18":"product-type-simple"},"acf":[],"_yoast_wpseo_focuskw":"MONOPOX EG2596","_yoast_wpseo_metadesc":"Produit : DELO\u00ae MONOPOX EG2596 est une r\u00e9sine \u00e9poxy modifi\u00e9e | 1C | thermodurcissable sans solvants | r\u00e9sistante \u00e0 l'\u00e9coulement, thixotropique.","yoast_head":"<!-- This site is optimized with the Yoast SEO Premium plugin v21.6 (Yoast SEO v27.4) - https:\/\/yoast.com\/product\/yoast-seo-premium-wordpress\/ -->\n<title>MONOPOX EG2596 - CREDIMEX<\/title>\n<meta name=\"description\" content=\"Produit : DELO\u00ae MONOPOX EG2596 est une r\u00e9sine \u00e9poxy modifi\u00e9e | 1C | thermodurcissable sans solvants | r\u00e9sistante \u00e0 l&#039;\u00e9coulement, thixotropique.\" \/>\n<meta name=\"robots\" content=\"index, follow, max-snippet:-1, max-image-preview:large, max-video-preview:-1\" \/>\n<link rel=\"canonical\" href=\"https:\/\/www.credimex.ch\/fr\/produit\/monopox-eg2596-2\/\" \/>\n<meta property=\"og:locale\" content=\"fr_FR\" \/>\n<meta property=\"og:type\" content=\"article\" \/>\n<meta property=\"og:title\" content=\"MONOPOX EG2596\" \/>\n<meta property=\"og:description\" content=\"Produit : DELO\u00ae MONOPOX EG2596 est une r\u00e9sine \u00e9poxy modifi\u00e9e | 1C | thermodurcissable sans solvants | r\u00e9sistante \u00e0 l&#039;\u00e9coulement, thixotropique.\" \/>\n<meta property=\"og:url\" content=\"https:\/\/www.credimex.ch\/fr\/produit\/monopox-eg2596-2\/\" \/>\n<meta property=\"og:site_name\" content=\"CREDIMEX\" \/>\n<meta property=\"article:publisher\" content=\"https:\/\/www.facebook.com\/credimex.alpnach\/\" \/>\n<meta property=\"og:image\" content=\"https:\/\/www.credimex.ch\/wp-content\/uploads\/2022\/09\/MONOPOX-EG2596.jpeg\" \/>\n\t<meta property=\"og:image:width\" content=\"600\" \/>\n\t<meta property=\"og:image:height\" content=\"600\" \/>\n\t<meta property=\"og:image:type\" content=\"image\/jpeg\" \/>\n<meta name=\"twitter:card\" content=\"summary_large_image\" \/>\n<script type=\"application\/ld+json\" class=\"yoast-schema-graph\">{\"@context\":\"https:\\\/\\\/schema.org\",\"@graph\":[{\"@type\":\"WebPage\",\"@id\":\"https:\\\/\\\/www.credimex.ch\\\/fr\\\/produit\\\/monopox-eg2596-2\\\/\",\"url\":\"https:\\\/\\\/www.credimex.ch\\\/fr\\\/produit\\\/monopox-eg2596-2\\\/\",\"name\":\"MONOPOX EG2596 - CREDIMEX\",\"isPartOf\":{\"@id\":\"https:\\\/\\\/www.credimex.ch\\\/fr\\\/#website\"},\"primaryImageOfPage\":{\"@id\":\"https:\\\/\\\/www.credimex.ch\\\/fr\\\/produit\\\/monopox-eg2596-2\\\/#primaryimage\"},\"image\":{\"@id\":\"https:\\\/\\\/www.credimex.ch\\\/fr\\\/produit\\\/monopox-eg2596-2\\\/#primaryimage\"},\"thumbnailUrl\":\"https:\\\/\\\/www.credimex.ch\\\/wp-content\\\/uploads\\\/2022\\\/09\\\/MONOPOX-EG2596.jpeg\",\"datePublished\":\"2022-09-07T08:52:35+00:00\",\"description\":\"Produit : DELO\u00ae MONOPOX EG2596 est une r\u00e9sine \u00e9poxy modifi\u00e9e | 1C | thermodurcissable sans solvants | r\u00e9sistante \u00e0 l'\u00e9coulement, thixotropique.\",\"breadcrumb\":{\"@id\":\"https:\\\/\\\/www.credimex.ch\\\/fr\\\/produit\\\/monopox-eg2596-2\\\/#breadcrumb\"},\"inLanguage\":\"fr-FR\",\"potentialAction\":[{\"@type\":\"ReadAction\",\"target\":[\"https:\\\/\\\/www.credimex.ch\\\/fr\\\/produit\\\/monopox-eg2596-2\\\/\"]}]},{\"@type\":\"ImageObject\",\"inLanguage\":\"fr-FR\",\"@id\":\"https:\\\/\\\/www.credimex.ch\\\/fr\\\/produit\\\/monopox-eg2596-2\\\/#primaryimage\",\"url\":\"https:\\\/\\\/www.credimex.ch\\\/wp-content\\\/uploads\\\/2022\\\/09\\\/MONOPOX-EG2596.jpeg\",\"contentUrl\":\"https:\\\/\\\/www.credimex.ch\\\/wp-content\\\/uploads\\\/2022\\\/09\\\/MONOPOX-EG2596.jpeg\",\"width\":600,\"height\":600},{\"@type\":\"BreadcrumbList\",\"@id\":\"https:\\\/\\\/www.credimex.ch\\\/fr\\\/produit\\\/monopox-eg2596-2\\\/#breadcrumb\",\"itemListElement\":[{\"@type\":\"ListItem\",\"position\":1,\"name\":\"Home\",\"item\":\"https:\\\/\\\/www.credimex.ch\\\/fr\\\/\"},{\"@type\":\"ListItem\",\"position\":2,\"name\":\"Produits\",\"item\":\"https:\\\/\\\/www.credimex.ch\\\/fr\\\/produits\\\/\"},{\"@type\":\"ListItem\",\"position\":3,\"name\":\"MONOPOX EG2596\"}]},{\"@type\":\"WebSite\",\"@id\":\"https:\\\/\\\/www.credimex.ch\\\/fr\\\/#website\",\"url\":\"https:\\\/\\\/www.credimex.ch\\\/fr\\\/\",\"name\":\"CREDIMEX\",\"description\":\"Partner of Swiss Industrial Market\",\"publisher\":{\"@id\":\"https:\\\/\\\/www.credimex.ch\\\/fr\\\/#organization\"},\"potentialAction\":[{\"@type\":\"SearchAction\",\"target\":{\"@type\":\"EntryPoint\",\"urlTemplate\":\"https:\\\/\\\/www.credimex.ch\\\/fr\\\/?s={search_term_string}\"},\"query-input\":{\"@type\":\"PropertyValueSpecification\",\"valueRequired\":true,\"valueName\":\"search_term_string\"}}],\"inLanguage\":\"fr-FR\"},{\"@type\":\"Organization\",\"@id\":\"https:\\\/\\\/www.credimex.ch\\\/fr\\\/#organization\",\"name\":\"credimex\",\"url\":\"https:\\\/\\\/www.credimex.ch\\\/fr\\\/\",\"logo\":{\"@type\":\"ImageObject\",\"inLanguage\":\"fr-FR\",\"@id\":\"https:\\\/\\\/www.credimex.ch\\\/fr\\\/#\\\/schema\\\/logo\\\/image\\\/\",\"url\":\"https:\\\/\\\/www.credimex.ch\\\/wp-content\\\/uploads\\\/2022\\\/03\\\/cropped-logo-credimex.png\",\"contentUrl\":\"https:\\\/\\\/www.credimex.ch\\\/wp-content\\\/uploads\\\/2022\\\/03\\\/cropped-logo-credimex.png\",\"width\":512,\"height\":512,\"caption\":\"credimex\"},\"image\":{\"@id\":\"https:\\\/\\\/www.credimex.ch\\\/fr\\\/#\\\/schema\\\/logo\\\/image\\\/\"},\"sameAs\":[\"https:\\\/\\\/www.facebook.com\\\/credimex.alpnach\\\/\",\"https:\\\/\\\/www.linkedin.com\\\/company\\\/credimex\\\/\",\"https:\\\/\\\/www.youtube.com\\\/@CREDIMEX?sub_confirmation=1\"]}]}<\/script>\n<!-- \/ Yoast SEO Premium plugin. -->","yoast_head_json":{"title":"MONOPOX EG2596 - CREDIMEX","description":"Produit : DELO\u00ae MONOPOX EG2596 est une r\u00e9sine \u00e9poxy modifi\u00e9e | 1C | thermodurcissable sans solvants | r\u00e9sistante \u00e0 l'\u00e9coulement, thixotropique.","robots":{"index":"index","follow":"follow","max-snippet":"max-snippet:-1","max-image-preview":"max-image-preview:large","max-video-preview":"max-video-preview:-1"},"canonical":"https:\/\/www.credimex.ch\/fr\/produit\/monopox-eg2596-2\/","og_locale":"fr_FR","og_type":"article","og_title":"MONOPOX EG2596","og_description":"Produit : DELO\u00ae MONOPOX EG2596 est une r\u00e9sine \u00e9poxy modifi\u00e9e | 1C | thermodurcissable sans solvants | r\u00e9sistante \u00e0 l'\u00e9coulement, thixotropique.","og_url":"https:\/\/www.credimex.ch\/fr\/produit\/monopox-eg2596-2\/","og_site_name":"CREDIMEX","article_publisher":"https:\/\/www.facebook.com\/credimex.alpnach\/","og_image":[{"width":600,"height":600,"url":"https:\/\/www.credimex.ch\/wp-content\/uploads\/2022\/09\/MONOPOX-EG2596.jpeg","type":"image\/jpeg"}],"twitter_card":"summary_large_image","schema":{"@context":"https:\/\/schema.org","@graph":[{"@type":"WebPage","@id":"https:\/\/www.credimex.ch\/fr\/produit\/monopox-eg2596-2\/","url":"https:\/\/www.credimex.ch\/fr\/produit\/monopox-eg2596-2\/","name":"MONOPOX EG2596 - CREDIMEX","isPartOf":{"@id":"https:\/\/www.credimex.ch\/fr\/#website"},"primaryImageOfPage":{"@id":"https:\/\/www.credimex.ch\/fr\/produit\/monopox-eg2596-2\/#primaryimage"},"image":{"@id":"https:\/\/www.credimex.ch\/fr\/produit\/monopox-eg2596-2\/#primaryimage"},"thumbnailUrl":"https:\/\/www.credimex.ch\/wp-content\/uploads\/2022\/09\/MONOPOX-EG2596.jpeg","datePublished":"2022-09-07T08:52:35+00:00","description":"Produit : DELO\u00ae MONOPOX EG2596 est une r\u00e9sine \u00e9poxy modifi\u00e9e | 1C | thermodurcissable sans solvants | r\u00e9sistante \u00e0 l'\u00e9coulement, thixotropique.","breadcrumb":{"@id":"https:\/\/www.credimex.ch\/fr\/produit\/monopox-eg2596-2\/#breadcrumb"},"inLanguage":"fr-FR","potentialAction":[{"@type":"ReadAction","target":["https:\/\/www.credimex.ch\/fr\/produit\/monopox-eg2596-2\/"]}]},{"@type":"ImageObject","inLanguage":"fr-FR","@id":"https:\/\/www.credimex.ch\/fr\/produit\/monopox-eg2596-2\/#primaryimage","url":"https:\/\/www.credimex.ch\/wp-content\/uploads\/2022\/09\/MONOPOX-EG2596.jpeg","contentUrl":"https:\/\/www.credimex.ch\/wp-content\/uploads\/2022\/09\/MONOPOX-EG2596.jpeg","width":600,"height":600},{"@type":"BreadcrumbList","@id":"https:\/\/www.credimex.ch\/fr\/produit\/monopox-eg2596-2\/#breadcrumb","itemListElement":[{"@type":"ListItem","position":1,"name":"Home","item":"https:\/\/www.credimex.ch\/fr\/"},{"@type":"ListItem","position":2,"name":"Produits","item":"https:\/\/www.credimex.ch\/fr\/produits\/"},{"@type":"ListItem","position":3,"name":"MONOPOX EG2596"}]},{"@type":"WebSite","@id":"https:\/\/www.credimex.ch\/fr\/#website","url":"https:\/\/www.credimex.ch\/fr\/","name":"CREDIMEX","description":"Partner of Swiss Industrial Market","publisher":{"@id":"https:\/\/www.credimex.ch\/fr\/#organization"},"potentialAction":[{"@type":"SearchAction","target":{"@type":"EntryPoint","urlTemplate":"https:\/\/www.credimex.ch\/fr\/?s={search_term_string}"},"query-input":{"@type":"PropertyValueSpecification","valueRequired":true,"valueName":"search_term_string"}}],"inLanguage":"fr-FR"},{"@type":"Organization","@id":"https:\/\/www.credimex.ch\/fr\/#organization","name":"credimex","url":"https:\/\/www.credimex.ch\/fr\/","logo":{"@type":"ImageObject","inLanguage":"fr-FR","@id":"https:\/\/www.credimex.ch\/fr\/#\/schema\/logo\/image\/","url":"https:\/\/www.credimex.ch\/wp-content\/uploads\/2022\/03\/cropped-logo-credimex.png","contentUrl":"https:\/\/www.credimex.ch\/wp-content\/uploads\/2022\/03\/cropped-logo-credimex.png","width":512,"height":512,"caption":"credimex"},"image":{"@id":"https:\/\/www.credimex.ch\/fr\/#\/schema\/logo\/image\/"},"sameAs":["https:\/\/www.facebook.com\/credimex.alpnach\/","https:\/\/www.linkedin.com\/company\/credimex\/","https:\/\/www.youtube.com\/@CREDIMEX?sub_confirmation=1"]}]}},"_links":{"self":[{"href":"https:\/\/www.credimex.ch\/fr\/wp-json\/wp\/v2\/product\/3870","targetHints":{"allow":["GET"]}}],"collection":[{"href":"https:\/\/www.credimex.ch\/fr\/wp-json\/wp\/v2\/product"}],"about":[{"href":"https:\/\/www.credimex.ch\/fr\/wp-json\/wp\/v2\/types\/product"}],"replies":[{"embeddable":true,"href":"https:\/\/www.credimex.ch\/fr\/wp-json\/wp\/v2\/comments?post=3870"}],"wp:featuredmedia":[{"embeddable":true,"href":"https:\/\/www.credimex.ch\/fr\/wp-json\/wp\/v2\/media\/3698"}],"wp:attachment":[{"href":"https:\/\/www.credimex.ch\/fr\/wp-json\/wp\/v2\/media?parent=3870"}],"wp:term":[{"taxonomy":"product_brand","embeddable":true,"href":"https:\/\/www.credimex.ch\/fr\/wp-json\/wp\/v2\/product_brand?post=3870"},{"taxonomy":"product_cat","embeddable":true,"href":"https:\/\/www.credimex.ch\/fr\/wp-json\/wp\/v2\/product_cat?post=3870"},{"taxonomy":"product_tag","embeddable":true,"href":"https:\/\/www.credimex.ch\/fr\/wp-json\/wp\/v2\/product_tag?post=3870"}],"curies":[{"name":"wp","href":"https:\/\/api.w.org\/{rel}","templated":true}]}}