{"id":3882,"date":"2022-09-07T09:45:01","date_gmt":"2022-09-07T07:45:01","guid":{"rendered":"https:\/\/www.credimex.ch.mialias.net\/product\/lignes-de-produits-personnalisees\/"},"modified":"2022-09-07T09:45:01","modified_gmt":"2022-09-07T07:45:01","slug":"lignes-de-produits-personnalises","status":"publish","type":"product","link":"https:\/\/www.credimex.ch\/fr\/produit\/lignes-de-produits-personnalises\/","title":{"rendered":"Lignes de produits personnalis\u00e9es"},"content":{"rendered":"<p>Ligne automatique pour les capteurs.<\/p>\n<p>&nbsp;<\/p>\n<h2>Application<\/h2>\n<ul>\n<li>Il dispose d&rsquo;une assistance technique \u00e0 distance.<\/li>\n<\/ul>\n","protected":false},"excerpt":{"rendered":"<p>Projets personnalis\u00e9s pour les capteurs<\/p>\n","protected":false},"featured_media":3686,"comment_status":"open","ping_status":"closed","template":"","meta":{"_acf_changed":false},"product_brand":[],"product_cat":[341,340,413,429,498,376,411,384,489,375,360,414,412],"product_tag":[],"class_list":{"0":"post-3882","1":"product","2":"type-product","3":"status-publish","4":"has-post-thumbnail","6":"product_cat-aerospatiale","7":"product_cat-automobile","8":"product_cat-batteries","9":"product_cat-demak","10":"product_cat-dosage-adhesifs-et-pottings","11":"product_cat-e-mobilite","12":"product_cat-electronique","13":"product_cat-energie","14":"product_cat-equipement","15":"product_cat-ferroviaire","16":"product_cat-industrie-generale","17":"product_cat-medical","18":"product_cat-telepheriques","19":"pa_brands-demax-fr","21":"first","22":"instock","23":"shipping-taxable","24":"product-type-simple"},"acf":[],"_yoast_wpseo_focuskw":"Lignes de produits personnalis\u00e9es","_yoast_wpseo_metadesc":"Lignes de produits personnalis\u00e9es : LIGNE AUTOMATIQUE POUR LES CAPTEURS : Projets personnalis\u00e9s pour les capteurs. Il dispose d'une assistance technique \u00e0 distance.","yoast_head":"<!-- This site is optimized with the Yoast SEO Premium plugin v21.6 (Yoast SEO v27.4) - https:\/\/yoast.com\/product\/yoast-seo-premium-wordpress\/ -->\n<title>Lignes de produits personnalis\u00e9es - CREDIMEX<\/title>\n<meta name=\"description\" content=\"Lignes de produits personnalis\u00e9es : LIGNE AUTOMATIQUE POUR LES CAPTEURS : Projets personnalis\u00e9s pour les capteurs. Il dispose d&#039;une assistance technique \u00e0 distance.\" \/>\n<meta name=\"robots\" content=\"index, follow, max-snippet:-1, max-image-preview:large, max-video-preview:-1\" \/>\n<link rel=\"canonical\" href=\"https:\/\/www.credimex.ch\/fr\/produit\/lignes-de-produits-personnalises\/\" \/>\n<meta property=\"og:locale\" content=\"fr_FR\" \/>\n<meta property=\"og:type\" content=\"article\" \/>\n<meta property=\"og:title\" content=\"Lignes de produits personnalis\u00e9es\" \/>\n<meta property=\"og:description\" content=\"Lignes de produits personnalis\u00e9es : LIGNE AUTOMATIQUE POUR LES CAPTEURS : Projets personnalis\u00e9s pour les capteurs. Il dispose d&#039;une assistance technique \u00e0 distance.\" \/>\n<meta property=\"og:url\" content=\"https:\/\/www.credimex.ch\/fr\/produit\/lignes-de-produits-personnalises\/\" \/>\n<meta property=\"og:site_name\" content=\"CREDIMEX\" \/>\n<meta property=\"article:publisher\" content=\"https:\/\/www.facebook.com\/credimex.alpnach\/\" \/>\n<meta property=\"og:image\" content=\"https:\/\/www.credimex.ch\/wp-content\/uploads\/2022\/09\/customized-Product-Lines--e1662536693430.png\" \/>\n\t<meta property=\"og:image:width\" content=\"456\" \/>\n\t<meta property=\"og:image:height\" content=\"456\" \/>\n\t<meta property=\"og:image:type\" content=\"image\/png\" \/>\n<meta name=\"twitter:card\" content=\"summary_large_image\" \/>\n<script type=\"application\/ld+json\" class=\"yoast-schema-graph\">{\"@context\":\"https:\\\/\\\/schema.org\",\"@graph\":[{\"@type\":\"WebPage\",\"@id\":\"https:\\\/\\\/www.credimex.ch\\\/fr\\\/produit\\\/lignes-de-produits-personnalises\\\/\",\"url\":\"https:\\\/\\\/www.credimex.ch\\\/fr\\\/produit\\\/lignes-de-produits-personnalises\\\/\",\"name\":\"Lignes de produits personnalis\u00e9es - CREDIMEX\",\"isPartOf\":{\"@id\":\"https:\\\/\\\/www.credimex.ch\\\/fr\\\/#website\"},\"primaryImageOfPage\":{\"@id\":\"https:\\\/\\\/www.credimex.ch\\\/fr\\\/produit\\\/lignes-de-produits-personnalises\\\/#primaryimage\"},\"image\":{\"@id\":\"https:\\\/\\\/www.credimex.ch\\\/fr\\\/produit\\\/lignes-de-produits-personnalises\\\/#primaryimage\"},\"thumbnailUrl\":\"https:\\\/\\\/www.credimex.ch\\\/wp-content\\\/uploads\\\/2022\\\/09\\\/customized-Product-Lines--e1662536693430.png\",\"datePublished\":\"2022-09-07T07:45:01+00:00\",\"description\":\"Lignes de produits personnalis\u00e9es : LIGNE AUTOMATIQUE POUR LES CAPTEURS : Projets personnalis\u00e9s pour les capteurs. Il dispose d'une assistance technique \u00e0 distance.\",\"breadcrumb\":{\"@id\":\"https:\\\/\\\/www.credimex.ch\\\/fr\\\/produit\\\/lignes-de-produits-personnalises\\\/#breadcrumb\"},\"inLanguage\":\"fr-FR\",\"potentialAction\":[{\"@type\":\"ReadAction\",\"target\":[\"https:\\\/\\\/www.credimex.ch\\\/fr\\\/produit\\\/lignes-de-produits-personnalises\\\/\"]}]},{\"@type\":\"ImageObject\",\"inLanguage\":\"fr-FR\",\"@id\":\"https:\\\/\\\/www.credimex.ch\\\/fr\\\/produit\\\/lignes-de-produits-personnalises\\\/#primaryimage\",\"url\":\"https:\\\/\\\/www.credimex.ch\\\/wp-content\\\/uploads\\\/2022\\\/09\\\/customized-Product-Lines--e1662536693430.png\",\"contentUrl\":\"https:\\\/\\\/www.credimex.ch\\\/wp-content\\\/uploads\\\/2022\\\/09\\\/customized-Product-Lines--e1662536693430.png\",\"width\":456,\"height\":456},{\"@type\":\"BreadcrumbList\",\"@id\":\"https:\\\/\\\/www.credimex.ch\\\/fr\\\/produit\\\/lignes-de-produits-personnalises\\\/#breadcrumb\",\"itemListElement\":[{\"@type\":\"ListItem\",\"position\":1,\"name\":\"Home\",\"item\":\"https:\\\/\\\/www.credimex.ch\\\/fr\\\/\"},{\"@type\":\"ListItem\",\"position\":2,\"name\":\"Produits\",\"item\":\"https:\\\/\\\/www.credimex.ch\\\/fr\\\/produits\\\/\"},{\"@type\":\"ListItem\",\"position\":3,\"name\":\"Lignes de produits personnalis\u00e9es\"}]},{\"@type\":\"WebSite\",\"@id\":\"https:\\\/\\\/www.credimex.ch\\\/fr\\\/#website\",\"url\":\"https:\\\/\\\/www.credimex.ch\\\/fr\\\/\",\"name\":\"CREDIMEX\",\"description\":\"Partner of Swiss Industrial Market\",\"publisher\":{\"@id\":\"https:\\\/\\\/www.credimex.ch\\\/fr\\\/#organization\"},\"potentialAction\":[{\"@type\":\"SearchAction\",\"target\":{\"@type\":\"EntryPoint\",\"urlTemplate\":\"https:\\\/\\\/www.credimex.ch\\\/fr\\\/?s={search_term_string}\"},\"query-input\":{\"@type\":\"PropertyValueSpecification\",\"valueRequired\":true,\"valueName\":\"search_term_string\"}}],\"inLanguage\":\"fr-FR\"},{\"@type\":\"Organization\",\"@id\":\"https:\\\/\\\/www.credimex.ch\\\/fr\\\/#organization\",\"name\":\"credimex\",\"url\":\"https:\\\/\\\/www.credimex.ch\\\/fr\\\/\",\"logo\":{\"@type\":\"ImageObject\",\"inLanguage\":\"fr-FR\",\"@id\":\"https:\\\/\\\/www.credimex.ch\\\/fr\\\/#\\\/schema\\\/logo\\\/image\\\/\",\"url\":\"https:\\\/\\\/www.credimex.ch\\\/wp-content\\\/uploads\\\/2022\\\/03\\\/cropped-logo-credimex.png\",\"contentUrl\":\"https:\\\/\\\/www.credimex.ch\\\/wp-content\\\/uploads\\\/2022\\\/03\\\/cropped-logo-credimex.png\",\"width\":512,\"height\":512,\"caption\":\"credimex\"},\"image\":{\"@id\":\"https:\\\/\\\/www.credimex.ch\\\/fr\\\/#\\\/schema\\\/logo\\\/image\\\/\"},\"sameAs\":[\"https:\\\/\\\/www.facebook.com\\\/credimex.alpnach\\\/\",\"https:\\\/\\\/www.linkedin.com\\\/company\\\/credimex\\\/\",\"https:\\\/\\\/www.youtube.com\\\/@CREDIMEX?sub_confirmation=1\"]}]}<\/script>\n<!-- \/ Yoast SEO Premium plugin. -->","yoast_head_json":{"title":"Lignes de produits personnalis\u00e9es - CREDIMEX","description":"Lignes de produits personnalis\u00e9es : LIGNE AUTOMATIQUE POUR LES CAPTEURS : Projets personnalis\u00e9s pour les capteurs. Il dispose d'une assistance technique \u00e0 distance.","robots":{"index":"index","follow":"follow","max-snippet":"max-snippet:-1","max-image-preview":"max-image-preview:large","max-video-preview":"max-video-preview:-1"},"canonical":"https:\/\/www.credimex.ch\/fr\/produit\/lignes-de-produits-personnalises\/","og_locale":"fr_FR","og_type":"article","og_title":"Lignes de produits personnalis\u00e9es","og_description":"Lignes de produits personnalis\u00e9es : LIGNE AUTOMATIQUE POUR LES CAPTEURS : Projets personnalis\u00e9s pour les capteurs. Il dispose d'une assistance technique \u00e0 distance.","og_url":"https:\/\/www.credimex.ch\/fr\/produit\/lignes-de-produits-personnalises\/","og_site_name":"CREDIMEX","article_publisher":"https:\/\/www.facebook.com\/credimex.alpnach\/","og_image":[{"width":456,"height":456,"url":"https:\/\/www.credimex.ch\/wp-content\/uploads\/2022\/09\/customized-Product-Lines--e1662536693430.png","type":"image\/png"}],"twitter_card":"summary_large_image","schema":{"@context":"https:\/\/schema.org","@graph":[{"@type":"WebPage","@id":"https:\/\/www.credimex.ch\/fr\/produit\/lignes-de-produits-personnalises\/","url":"https:\/\/www.credimex.ch\/fr\/produit\/lignes-de-produits-personnalises\/","name":"Lignes de produits personnalis\u00e9es - CREDIMEX","isPartOf":{"@id":"https:\/\/www.credimex.ch\/fr\/#website"},"primaryImageOfPage":{"@id":"https:\/\/www.credimex.ch\/fr\/produit\/lignes-de-produits-personnalises\/#primaryimage"},"image":{"@id":"https:\/\/www.credimex.ch\/fr\/produit\/lignes-de-produits-personnalises\/#primaryimage"},"thumbnailUrl":"https:\/\/www.credimex.ch\/wp-content\/uploads\/2022\/09\/customized-Product-Lines--e1662536693430.png","datePublished":"2022-09-07T07:45:01+00:00","description":"Lignes de produits personnalis\u00e9es : LIGNE AUTOMATIQUE POUR LES CAPTEURS : Projets personnalis\u00e9s pour les capteurs. Il dispose d'une assistance technique \u00e0 distance.","breadcrumb":{"@id":"https:\/\/www.credimex.ch\/fr\/produit\/lignes-de-produits-personnalises\/#breadcrumb"},"inLanguage":"fr-FR","potentialAction":[{"@type":"ReadAction","target":["https:\/\/www.credimex.ch\/fr\/produit\/lignes-de-produits-personnalises\/"]}]},{"@type":"ImageObject","inLanguage":"fr-FR","@id":"https:\/\/www.credimex.ch\/fr\/produit\/lignes-de-produits-personnalises\/#primaryimage","url":"https:\/\/www.credimex.ch\/wp-content\/uploads\/2022\/09\/customized-Product-Lines--e1662536693430.png","contentUrl":"https:\/\/www.credimex.ch\/wp-content\/uploads\/2022\/09\/customized-Product-Lines--e1662536693430.png","width":456,"height":456},{"@type":"BreadcrumbList","@id":"https:\/\/www.credimex.ch\/fr\/produit\/lignes-de-produits-personnalises\/#breadcrumb","itemListElement":[{"@type":"ListItem","position":1,"name":"Home","item":"https:\/\/www.credimex.ch\/fr\/"},{"@type":"ListItem","position":2,"name":"Produits","item":"https:\/\/www.credimex.ch\/fr\/produits\/"},{"@type":"ListItem","position":3,"name":"Lignes de produits personnalis\u00e9es"}]},{"@type":"WebSite","@id":"https:\/\/www.credimex.ch\/fr\/#website","url":"https:\/\/www.credimex.ch\/fr\/","name":"CREDIMEX","description":"Partner of Swiss Industrial Market","publisher":{"@id":"https:\/\/www.credimex.ch\/fr\/#organization"},"potentialAction":[{"@type":"SearchAction","target":{"@type":"EntryPoint","urlTemplate":"https:\/\/www.credimex.ch\/fr\/?s={search_term_string}"},"query-input":{"@type":"PropertyValueSpecification","valueRequired":true,"valueName":"search_term_string"}}],"inLanguage":"fr-FR"},{"@type":"Organization","@id":"https:\/\/www.credimex.ch\/fr\/#organization","name":"credimex","url":"https:\/\/www.credimex.ch\/fr\/","logo":{"@type":"ImageObject","inLanguage":"fr-FR","@id":"https:\/\/www.credimex.ch\/fr\/#\/schema\/logo\/image\/","url":"https:\/\/www.credimex.ch\/wp-content\/uploads\/2022\/03\/cropped-logo-credimex.png","contentUrl":"https:\/\/www.credimex.ch\/wp-content\/uploads\/2022\/03\/cropped-logo-credimex.png","width":512,"height":512,"caption":"credimex"},"image":{"@id":"https:\/\/www.credimex.ch\/fr\/#\/schema\/logo\/image\/"},"sameAs":["https:\/\/www.facebook.com\/credimex.alpnach\/","https:\/\/www.linkedin.com\/company\/credimex\/","https:\/\/www.youtube.com\/@CREDIMEX?sub_confirmation=1"]}]}},"_links":{"self":[{"href":"https:\/\/www.credimex.ch\/fr\/wp-json\/wp\/v2\/product\/3882","targetHints":{"allow":["GET"]}}],"collection":[{"href":"https:\/\/www.credimex.ch\/fr\/wp-json\/wp\/v2\/product"}],"about":[{"href":"https:\/\/www.credimex.ch\/fr\/wp-json\/wp\/v2\/types\/product"}],"replies":[{"embeddable":true,"href":"https:\/\/www.credimex.ch\/fr\/wp-json\/wp\/v2\/comments?post=3882"}],"wp:featuredmedia":[{"embeddable":true,"href":"https:\/\/www.credimex.ch\/fr\/wp-json\/wp\/v2\/media\/3686"}],"wp:attachment":[{"href":"https:\/\/www.credimex.ch\/fr\/wp-json\/wp\/v2\/media?parent=3882"}],"wp:term":[{"taxonomy":"product_brand","embeddable":true,"href":"https:\/\/www.credimex.ch\/fr\/wp-json\/wp\/v2\/product_brand?post=3882"},{"taxonomy":"product_cat","embeddable":true,"href":"https:\/\/www.credimex.ch\/fr\/wp-json\/wp\/v2\/product_cat?post=3882"},{"taxonomy":"product_tag","embeddable":true,"href":"https:\/\/www.credimex.ch\/fr\/wp-json\/wp\/v2\/product_tag?post=3882"}],"curies":[{"name":"wp","href":"https:\/\/api.w.org\/{rel}","templated":true}]}}