{"id":3898,"date":"2022-09-06T11:31:37","date_gmt":"2022-09-06T09:31:37","guid":{"rendered":"https:\/\/www.credimex.ch.mialias.net\/product\/delo-dot-pn5\/"},"modified":"2022-09-06T11:31:37","modified_gmt":"2022-09-06T09:31:37","slug":"delo-dot-pn5-2","status":"publish","type":"product","link":"https:\/\/www.credimex.ch\/fr\/produit\/delo-dot-pn5-2\/","title":{"rendered":"DELO-DOT PN5"},"content":{"rendered":"<p>La valve \u00e0 jet pneumatique DELO-DOT PN5 est optimale pour les microdistributions complexes. Gr\u00e2ce \u00e0 des temps de cycle tr\u00e8s courts et \u00e0 des processus reproductibles, cette vanne est id\u00e9ale pour la production industrielle en s\u00e9rie. Avec une fr\u00e9quence de d\u00e9pose allant jusqu&rsquo;\u00e0 300 Hz et les vitesses de piston les plus \u00e9lev\u00e9es, la valve offre des performances maximales. M\u00eame les mat\u00e9riaux tr\u00e8s visqueux peuvent \u00eatre appliqu\u00e9s sans aucun contact dans les plus petits diam\u00e8tres de &lt;250 \u00b5m.<\/p>\n<p>&nbsp;<\/p>\n<h2>Avantages<\/h2>\n<p>DELO-DOT PN5 est con\u00e7u pour \u00eatre facile \u00e0 utiliser. La conception modulaire facilite l&rsquo;entretien et le nettoyage. Gr\u00e2ce \u00e0 sa conception peu encombrante, la vanne \u00e0 jet peut \u00eatre int\u00e9gr\u00e9e de mani\u00e8re id\u00e9ale dans toute ligne de production. Le porte-cartouche, qui peut \u00eatre plac\u00e9 \u00e0 un angle de 90\u00b0, permet d&rsquo;alimenter les supports depuis les quatre c\u00f4t\u00e9s de l&rsquo;unit\u00e9, selon le syst\u00e8me.<\/p>\n<ul>\n<li>Distribution fiable et pr\u00e9cise, m\u00eame pour les mat\u00e9riaux complexes et tr\u00e8s visqueux.<\/li>\n<li>R\u00e9sultats reproductibles pour diff\u00e9rentes tailles de gouttes gr\u00e2ce au r\u00e9glage individuel de la puissance et aux buses interchangeables.<\/li>\n<li>Changement sans outil des buses et du piston fluidique gr\u00e2ce \u00e0 la fermeture \u00e0 ba\u00efonnette.<\/li>\n<li>Dimensions compactes de la vanne et du bo\u00eetier de commande pour une int\u00e9gration peu encombrante dans les syst\u00e8mes.<\/li>\n<\/ul>\n","protected":false},"excerpt":{"rendered":"<p><span data-sheets-value=\"{\"1\":2,\"2\":\"DELO-DOT PN5\"}\" data-sheets-userformat=\"{\"2\":2625,\"3\":{\"1\":0},\"9\":0,\"12\":0,\"14\":{\"1\":2,\"2\":4884200}}\">Valve de microdistribution.  <\/span><\/p>\n","protected":false},"featured_media":3670,"comment_status":"open","ping_status":"closed","template":"","meta":{"_acf_changed":false},"product_brand":[],"product_cat":[340,413,451,498,376,411,384,489,360],"product_tag":[],"class_list":{"0":"post-3898","1":"product","2":"type-product","3":"status-publish","4":"has-post-thumbnail","6":"product_cat-automobile","7":"product_cat-batteries","8":"product_cat-delo","9":"product_cat-dosage-adhesifs-et-pottings","10":"product_cat-e-mobilite","11":"product_cat-electronique","12":"product_cat-energie","13":"product_cat-equipement","14":"product_cat-industrie-generale","16":"first","17":"instock","18":"shipping-taxable","19":"product-type-simple"},"acf":[],"_yoast_wpseo_focuskw":"DELO-DOT PN5","_yoast_wpseo_metadesc":"La valve \u00e0 jet pneumatique est optimale pour la microdistribution. Gr\u00e2ce \u00e0 des temps de cycle courts et \u00e0 des processus reproductibles, elle est id\u00e9ale pour la production industrielle en s\u00e9rie.","yoast_head":"<!-- This site is optimized with the Yoast SEO Premium plugin v21.6 (Yoast SEO v27.4) - https:\/\/yoast.com\/product\/yoast-seo-premium-wordpress\/ -->\n<title>DELO-DOT PN5 - CREDIMEX<\/title>\n<meta name=\"description\" content=\"La valve \u00e0 jet pneumatique est optimale pour la microdistribution. Gr\u00e2ce \u00e0 des temps de cycle courts et \u00e0 des processus reproductibles, elle est id\u00e9ale pour la production industrielle en s\u00e9rie.\" \/>\n<meta name=\"robots\" content=\"index, follow, max-snippet:-1, max-image-preview:large, max-video-preview:-1\" \/>\n<link rel=\"canonical\" href=\"https:\/\/www.credimex.ch\/fr\/produit\/delo-dot-pn5-2\/\" \/>\n<meta property=\"og:locale\" content=\"fr_FR\" \/>\n<meta property=\"og:type\" content=\"article\" \/>\n<meta property=\"og:title\" content=\"DELO-DOT PN5\" \/>\n<meta property=\"og:description\" content=\"La valve \u00e0 jet pneumatique est optimale pour la microdistribution. Gr\u00e2ce \u00e0 des temps de cycle courts et \u00e0 des processus reproductibles, elle est id\u00e9ale pour la production industrielle en s\u00e9rie.\" \/>\n<meta property=\"og:url\" content=\"https:\/\/www.credimex.ch\/fr\/produit\/delo-dot-pn5-2\/\" \/>\n<meta property=\"og:site_name\" content=\"CREDIMEX\" \/>\n<meta property=\"article:publisher\" content=\"https:\/\/www.facebook.com\/credimex.alpnach\/\" \/>\n<meta property=\"og:image\" content=\"https:\/\/www.credimex.ch\/wp-content\/uploads\/2022\/09\/DELO-DOT-PN5.jpeg\" \/>\n\t<meta property=\"og:image:width\" content=\"1250\" \/>\n\t<meta property=\"og:image:height\" content=\"1250\" \/>\n\t<meta property=\"og:image:type\" content=\"image\/jpeg\" \/>\n<meta name=\"twitter:card\" content=\"summary_large_image\" \/>\n<meta name=\"twitter:label1\" content=\"Dur\u00e9e de lecture estim\u00e9e\" \/>\n\t<meta name=\"twitter:data1\" content=\"1 minute\" \/>\n<script type=\"application\/ld+json\" class=\"yoast-schema-graph\">{\"@context\":\"https:\\\/\\\/schema.org\",\"@graph\":[{\"@type\":\"WebPage\",\"@id\":\"https:\\\/\\\/www.credimex.ch\\\/fr\\\/produit\\\/delo-dot-pn5-2\\\/\",\"url\":\"https:\\\/\\\/www.credimex.ch\\\/fr\\\/produit\\\/delo-dot-pn5-2\\\/\",\"name\":\"DELO-DOT PN5 - CREDIMEX\",\"isPartOf\":{\"@id\":\"https:\\\/\\\/www.credimex.ch\\\/fr\\\/#website\"},\"primaryImageOfPage\":{\"@id\":\"https:\\\/\\\/www.credimex.ch\\\/fr\\\/produit\\\/delo-dot-pn5-2\\\/#primaryimage\"},\"image\":{\"@id\":\"https:\\\/\\\/www.credimex.ch\\\/fr\\\/produit\\\/delo-dot-pn5-2\\\/#primaryimage\"},\"thumbnailUrl\":\"https:\\\/\\\/www.credimex.ch\\\/wp-content\\\/uploads\\\/2022\\\/09\\\/DELO-DOT-PN5.jpeg\",\"datePublished\":\"2022-09-06T09:31:37+00:00\",\"description\":\"La valve \u00e0 jet pneumatique est optimale pour la microdistribution. Gr\u00e2ce \u00e0 des temps de cycle courts et \u00e0 des processus reproductibles, elle est id\u00e9ale pour la production industrielle en s\u00e9rie.\",\"breadcrumb\":{\"@id\":\"https:\\\/\\\/www.credimex.ch\\\/fr\\\/produit\\\/delo-dot-pn5-2\\\/#breadcrumb\"},\"inLanguage\":\"fr-FR\",\"potentialAction\":[{\"@type\":\"ReadAction\",\"target\":[\"https:\\\/\\\/www.credimex.ch\\\/fr\\\/produit\\\/delo-dot-pn5-2\\\/\"]}]},{\"@type\":\"ImageObject\",\"inLanguage\":\"fr-FR\",\"@id\":\"https:\\\/\\\/www.credimex.ch\\\/fr\\\/produit\\\/delo-dot-pn5-2\\\/#primaryimage\",\"url\":\"https:\\\/\\\/www.credimex.ch\\\/wp-content\\\/uploads\\\/2022\\\/09\\\/DELO-DOT-PN5.jpeg\",\"contentUrl\":\"https:\\\/\\\/www.credimex.ch\\\/wp-content\\\/uploads\\\/2022\\\/09\\\/DELO-DOT-PN5.jpeg\",\"width\":1250,\"height\":1250},{\"@type\":\"BreadcrumbList\",\"@id\":\"https:\\\/\\\/www.credimex.ch\\\/fr\\\/produit\\\/delo-dot-pn5-2\\\/#breadcrumb\",\"itemListElement\":[{\"@type\":\"ListItem\",\"position\":1,\"name\":\"Home\",\"item\":\"https:\\\/\\\/www.credimex.ch\\\/fr\\\/\"},{\"@type\":\"ListItem\",\"position\":2,\"name\":\"Produits\",\"item\":\"https:\\\/\\\/www.credimex.ch\\\/fr\\\/produits\\\/\"},{\"@type\":\"ListItem\",\"position\":3,\"name\":\"DELO-DOT PN5\"}]},{\"@type\":\"WebSite\",\"@id\":\"https:\\\/\\\/www.credimex.ch\\\/fr\\\/#website\",\"url\":\"https:\\\/\\\/www.credimex.ch\\\/fr\\\/\",\"name\":\"CREDIMEX\",\"description\":\"Partner of Swiss Industrial Market\",\"publisher\":{\"@id\":\"https:\\\/\\\/www.credimex.ch\\\/fr\\\/#organization\"},\"potentialAction\":[{\"@type\":\"SearchAction\",\"target\":{\"@type\":\"EntryPoint\",\"urlTemplate\":\"https:\\\/\\\/www.credimex.ch\\\/fr\\\/?s={search_term_string}\"},\"query-input\":{\"@type\":\"PropertyValueSpecification\",\"valueRequired\":true,\"valueName\":\"search_term_string\"}}],\"inLanguage\":\"fr-FR\"},{\"@type\":\"Organization\",\"@id\":\"https:\\\/\\\/www.credimex.ch\\\/fr\\\/#organization\",\"name\":\"credimex\",\"url\":\"https:\\\/\\\/www.credimex.ch\\\/fr\\\/\",\"logo\":{\"@type\":\"ImageObject\",\"inLanguage\":\"fr-FR\",\"@id\":\"https:\\\/\\\/www.credimex.ch\\\/fr\\\/#\\\/schema\\\/logo\\\/image\\\/\",\"url\":\"https:\\\/\\\/www.credimex.ch\\\/wp-content\\\/uploads\\\/2022\\\/03\\\/cropped-logo-credimex.png\",\"contentUrl\":\"https:\\\/\\\/www.credimex.ch\\\/wp-content\\\/uploads\\\/2022\\\/03\\\/cropped-logo-credimex.png\",\"width\":512,\"height\":512,\"caption\":\"credimex\"},\"image\":{\"@id\":\"https:\\\/\\\/www.credimex.ch\\\/fr\\\/#\\\/schema\\\/logo\\\/image\\\/\"},\"sameAs\":[\"https:\\\/\\\/www.facebook.com\\\/credimex.alpnach\\\/\",\"https:\\\/\\\/www.linkedin.com\\\/company\\\/credimex\\\/\",\"https:\\\/\\\/www.youtube.com\\\/@CREDIMEX?sub_confirmation=1\"]}]}<\/script>\n<!-- \/ Yoast SEO Premium plugin. -->","yoast_head_json":{"title":"DELO-DOT PN5 - CREDIMEX","description":"La valve \u00e0 jet pneumatique est optimale pour la microdistribution. Gr\u00e2ce \u00e0 des temps de cycle courts et \u00e0 des processus reproductibles, elle est id\u00e9ale pour la production industrielle en s\u00e9rie.","robots":{"index":"index","follow":"follow","max-snippet":"max-snippet:-1","max-image-preview":"max-image-preview:large","max-video-preview":"max-video-preview:-1"},"canonical":"https:\/\/www.credimex.ch\/fr\/produit\/delo-dot-pn5-2\/","og_locale":"fr_FR","og_type":"article","og_title":"DELO-DOT PN5","og_description":"La valve \u00e0 jet pneumatique est optimale pour la microdistribution. Gr\u00e2ce \u00e0 des temps de cycle courts et \u00e0 des processus reproductibles, elle est id\u00e9ale pour la production industrielle en s\u00e9rie.","og_url":"https:\/\/www.credimex.ch\/fr\/produit\/delo-dot-pn5-2\/","og_site_name":"CREDIMEX","article_publisher":"https:\/\/www.facebook.com\/credimex.alpnach\/","og_image":[{"width":1250,"height":1250,"url":"https:\/\/www.credimex.ch\/wp-content\/uploads\/2022\/09\/DELO-DOT-PN5.jpeg","type":"image\/jpeg"}],"twitter_card":"summary_large_image","twitter_misc":{"Dur\u00e9e de lecture estim\u00e9e":"1 minute"},"schema":{"@context":"https:\/\/schema.org","@graph":[{"@type":"WebPage","@id":"https:\/\/www.credimex.ch\/fr\/produit\/delo-dot-pn5-2\/","url":"https:\/\/www.credimex.ch\/fr\/produit\/delo-dot-pn5-2\/","name":"DELO-DOT PN5 - CREDIMEX","isPartOf":{"@id":"https:\/\/www.credimex.ch\/fr\/#website"},"primaryImageOfPage":{"@id":"https:\/\/www.credimex.ch\/fr\/produit\/delo-dot-pn5-2\/#primaryimage"},"image":{"@id":"https:\/\/www.credimex.ch\/fr\/produit\/delo-dot-pn5-2\/#primaryimage"},"thumbnailUrl":"https:\/\/www.credimex.ch\/wp-content\/uploads\/2022\/09\/DELO-DOT-PN5.jpeg","datePublished":"2022-09-06T09:31:37+00:00","description":"La valve \u00e0 jet pneumatique est optimale pour la microdistribution. Gr\u00e2ce \u00e0 des temps de cycle courts et \u00e0 des processus reproductibles, elle est id\u00e9ale pour la production industrielle en s\u00e9rie.","breadcrumb":{"@id":"https:\/\/www.credimex.ch\/fr\/produit\/delo-dot-pn5-2\/#breadcrumb"},"inLanguage":"fr-FR","potentialAction":[{"@type":"ReadAction","target":["https:\/\/www.credimex.ch\/fr\/produit\/delo-dot-pn5-2\/"]}]},{"@type":"ImageObject","inLanguage":"fr-FR","@id":"https:\/\/www.credimex.ch\/fr\/produit\/delo-dot-pn5-2\/#primaryimage","url":"https:\/\/www.credimex.ch\/wp-content\/uploads\/2022\/09\/DELO-DOT-PN5.jpeg","contentUrl":"https:\/\/www.credimex.ch\/wp-content\/uploads\/2022\/09\/DELO-DOT-PN5.jpeg","width":1250,"height":1250},{"@type":"BreadcrumbList","@id":"https:\/\/www.credimex.ch\/fr\/produit\/delo-dot-pn5-2\/#breadcrumb","itemListElement":[{"@type":"ListItem","position":1,"name":"Home","item":"https:\/\/www.credimex.ch\/fr\/"},{"@type":"ListItem","position":2,"name":"Produits","item":"https:\/\/www.credimex.ch\/fr\/produits\/"},{"@type":"ListItem","position":3,"name":"DELO-DOT PN5"}]},{"@type":"WebSite","@id":"https:\/\/www.credimex.ch\/fr\/#website","url":"https:\/\/www.credimex.ch\/fr\/","name":"CREDIMEX","description":"Partner of Swiss Industrial Market","publisher":{"@id":"https:\/\/www.credimex.ch\/fr\/#organization"},"potentialAction":[{"@type":"SearchAction","target":{"@type":"EntryPoint","urlTemplate":"https:\/\/www.credimex.ch\/fr\/?s={search_term_string}"},"query-input":{"@type":"PropertyValueSpecification","valueRequired":true,"valueName":"search_term_string"}}],"inLanguage":"fr-FR"},{"@type":"Organization","@id":"https:\/\/www.credimex.ch\/fr\/#organization","name":"credimex","url":"https:\/\/www.credimex.ch\/fr\/","logo":{"@type":"ImageObject","inLanguage":"fr-FR","@id":"https:\/\/www.credimex.ch\/fr\/#\/schema\/logo\/image\/","url":"https:\/\/www.credimex.ch\/wp-content\/uploads\/2022\/03\/cropped-logo-credimex.png","contentUrl":"https:\/\/www.credimex.ch\/wp-content\/uploads\/2022\/03\/cropped-logo-credimex.png","width":512,"height":512,"caption":"credimex"},"image":{"@id":"https:\/\/www.credimex.ch\/fr\/#\/schema\/logo\/image\/"},"sameAs":["https:\/\/www.facebook.com\/credimex.alpnach\/","https:\/\/www.linkedin.com\/company\/credimex\/","https:\/\/www.youtube.com\/@CREDIMEX?sub_confirmation=1"]}]}},"_links":{"self":[{"href":"https:\/\/www.credimex.ch\/fr\/wp-json\/wp\/v2\/product\/3898","targetHints":{"allow":["GET"]}}],"collection":[{"href":"https:\/\/www.credimex.ch\/fr\/wp-json\/wp\/v2\/product"}],"about":[{"href":"https:\/\/www.credimex.ch\/fr\/wp-json\/wp\/v2\/types\/product"}],"replies":[{"embeddable":true,"href":"https:\/\/www.credimex.ch\/fr\/wp-json\/wp\/v2\/comments?post=3898"}],"wp:featuredmedia":[{"embeddable":true,"href":"https:\/\/www.credimex.ch\/fr\/wp-json\/wp\/v2\/media\/3670"}],"wp:attachment":[{"href":"https:\/\/www.credimex.ch\/fr\/wp-json\/wp\/v2\/media?parent=3898"}],"wp:term":[{"taxonomy":"product_brand","embeddable":true,"href":"https:\/\/www.credimex.ch\/fr\/wp-json\/wp\/v2\/product_brand?post=3898"},{"taxonomy":"product_cat","embeddable":true,"href":"https:\/\/www.credimex.ch\/fr\/wp-json\/wp\/v2\/product_cat?post=3898"},{"taxonomy":"product_tag","embeddable":true,"href":"https:\/\/www.credimex.ch\/fr\/wp-json\/wp\/v2\/product_tag?post=3898"}],"curies":[{"name":"wp","href":"https:\/\/api.w.org\/{rel}","templated":true}]}}