{"id":3914,"date":"2022-09-06T10:41:38","date_gmt":"2022-09-06T08:41:38","guid":{"rendered":"https:\/\/www.credimex.ch.mialias.net\/product\/dow-corning-1-2577\/"},"modified":"2022-09-06T10:41:38","modified_gmt":"2022-09-06T08:41:38","slug":"dow-corning-1-2577-2","status":"publish","type":"product","link":"https:\/\/www.credimex.ch\/fr\/produit\/dow-corning-1-2577-2\/","title":{"rendered":"Dow Corning\u00ae 1-2577"},"content":{"rendered":"<p>Rev\u00eatement conforme monocomposant, transparent, de viscosit\u00e9 moyenne, avec une surface ferme et r\u00e9sistante \u00e0 l&rsquo;abrasion apr\u00e8s durcissement. Version \u00e0 faible teneur en COV du rev\u00eatement conforme Dow Corning\u00ae1-2577.<\/p>\n<p>&nbsp;<\/p>\n<h2>Applications<\/h2>\n<ul>\n<li>Le rev\u00eatement conforme Dow Corning\u00ae 1-2577 \u00e0 faible teneur en COV est adapt\u00e9 \u00e0 une utilisation comme rev\u00eatement de protection pour les cartes de circuits imprim\u00e9s.<\/li>\n<\/ul>\n<p>&nbsp;<\/p>\n<h2>Caract\u00e9ristiques et avantages<\/h2>\n<ul>\n<li>Forme une surface dure, \u00e9lastoplastique, r\u00e9siliente et r\u00e9sistante \u00e0 l&rsquo;abrasion.<\/li>\n<li>Rev\u00eatement en r\u00e9sine \u00e0 base de solvant avec une odeur beaucoup plus faible.<\/li>\n<li>R\u00e9duction de la teneur en COV<\/li>\n<li>R\u00e9ticulation \u00e0 temp\u00e9rature ambiante avec possibilit\u00e9 d&rsquo;acc\u00e9l\u00e9ration par la chaleur apr\u00e8s l&rsquo;\u00e9vaporation du solvant.<\/li>\n<li>Indicateur UV pour l&rsquo;inspection<\/li>\n<li>Indice d&rsquo;inflammabilit\u00e9 UL-94 V-0<\/li>\n<li>Reconnu par UL 746E<\/li>\n<li>IPC-CC-830A Amendement 1 Approuv\u00e9<\/li>\n<li>Mil-I-46058C, Amend. 7 Approuv\u00e9<\/li>\n<li>Durcissement \u00e0 temp\u00e9rature ambiante, sans four<\/li>\n<li>Une l\u00e9g\u00e8re acc\u00e9l\u00e9ration de la chaleur (apr\u00e8s l&rsquo;\u00e9vaporation du solvant) peut acc\u00e9l\u00e9rer le traitement en ligne.<\/li>\n<li>Bonne adh\u00e9sion<\/li>\n<li>L&rsquo;indicateur UV permet une inspection automatis\u00e9e<\/li>\n<li>La r\u00e9cup\u00e9ration des \u00e9missions peut \u00eatre simplifi\u00e9e pour les COV dans certains \u00c9tats am\u00e9ricains.<\/li>\n<li>Dur et r\u00e9sistant \u00e0 l&rsquo;abrasion apr\u00e8s la polym\u00e9risation<\/li>\n<\/ul>\n","protected":false},"excerpt":{"rendered":"<p>Rev\u00eatement conforme \u00e0 faible teneur en COV.<\/p>\n","protected":false},"featured_media":3654,"comment_status":"open","ping_status":"closed","template":"","meta":{"_acf_changed":false},"product_brand":[],"product_cat":[508],"product_tag":[],"class_list":{"0":"post-3914","1":"product","2":"type-product","3":"status-publish","4":"has-post-thumbnail","6":"product_cat-ne-pas-categoriser","7":"pa_brands-dowsil-fr","9":"first","10":"instock","11":"shipping-taxable","12":"product-type-simple"},"acf":[],"_yoast_wpseo_focuskw":"Dow Corning\u00ae 1-2577","_yoast_wpseo_metadesc":"Rev\u00eatement conforme monocomposant, transparent, de viscosit\u00e9 moyenne, avec une surface ferme et r\u00e9sistante \u00e0 l'abrasion apr\u00e8s cuisson. Version \u00e0 faible teneur en COV de Dow Corning\u00ae1-2577.","yoast_head":"<!-- This site is optimized with the Yoast SEO Premium plugin v21.6 (Yoast SEO v27.4) - https:\/\/yoast.com\/product\/yoast-seo-premium-wordpress\/ -->\n<title>Dow Corning\u00ae 1-2577 - CREDIMEX<\/title>\n<meta name=\"description\" content=\"Rev\u00eatement conforme monocomposant, transparent, de viscosit\u00e9 moyenne, avec une surface ferme et r\u00e9sistante \u00e0 l&#039;abrasion apr\u00e8s cuisson. Version \u00e0 faible teneur en COV de Dow Corning\u00ae1-2577.\" \/>\n<meta name=\"robots\" content=\"index, follow, max-snippet:-1, max-image-preview:large, max-video-preview:-1\" \/>\n<link rel=\"canonical\" href=\"https:\/\/www.credimex.ch\/fr\/produit\/dow-corning-1-2577-2\/\" \/>\n<meta property=\"og:locale\" content=\"fr_FR\" \/>\n<meta property=\"og:type\" content=\"article\" \/>\n<meta property=\"og:title\" content=\"Dow Corning\u00ae 1-2577\" \/>\n<meta property=\"og:description\" content=\"Rev\u00eatement conforme monocomposant, transparent, de viscosit\u00e9 moyenne, avec une surface ferme et r\u00e9sistante \u00e0 l&#039;abrasion apr\u00e8s cuisson. Version \u00e0 faible teneur en COV de Dow Corning\u00ae1-2577.\" \/>\n<meta property=\"og:url\" content=\"https:\/\/www.credimex.ch\/fr\/produit\/dow-corning-1-2577-2\/\" \/>\n<meta property=\"og:site_name\" content=\"CREDIMEX\" \/>\n<meta property=\"article:publisher\" content=\"https:\/\/www.facebook.com\/credimex.alpnach\/\" \/>\n<meta property=\"og:image\" content=\"https:\/\/www.credimex.ch\/wp-content\/uploads\/2022\/09\/dow-corning-1-2577-clear-15kg.jpeg\" \/>\n\t<meta property=\"og:image:width\" content=\"431\" \/>\n\t<meta property=\"og:image:height\" content=\"431\" \/>\n\t<meta property=\"og:image:type\" content=\"image\/jpeg\" \/>\n<meta name=\"twitter:card\" content=\"summary_large_image\" \/>\n<meta name=\"twitter:label1\" content=\"Dur\u00e9e de lecture estim\u00e9e\" \/>\n\t<meta name=\"twitter:data1\" content=\"1 minute\" \/>\n<script type=\"application\/ld+json\" class=\"yoast-schema-graph\">{\"@context\":\"https:\\\/\\\/schema.org\",\"@graph\":[{\"@type\":\"WebPage\",\"@id\":\"https:\\\/\\\/www.credimex.ch\\\/fr\\\/produit\\\/dow-corning-1-2577-2\\\/\",\"url\":\"https:\\\/\\\/www.credimex.ch\\\/fr\\\/produit\\\/dow-corning-1-2577-2\\\/\",\"name\":\"Dow Corning\u00ae 1-2577 - CREDIMEX\",\"isPartOf\":{\"@id\":\"https:\\\/\\\/www.credimex.ch\\\/fr\\\/#website\"},\"primaryImageOfPage\":{\"@id\":\"https:\\\/\\\/www.credimex.ch\\\/fr\\\/produit\\\/dow-corning-1-2577-2\\\/#primaryimage\"},\"image\":{\"@id\":\"https:\\\/\\\/www.credimex.ch\\\/fr\\\/produit\\\/dow-corning-1-2577-2\\\/#primaryimage\"},\"thumbnailUrl\":\"https:\\\/\\\/www.credimex.ch\\\/wp-content\\\/uploads\\\/2022\\\/09\\\/dow-corning-1-2577-clear-15kg.jpeg\",\"datePublished\":\"2022-09-06T08:41:38+00:00\",\"description\":\"Rev\u00eatement conforme monocomposant, transparent, de viscosit\u00e9 moyenne, avec une surface ferme et r\u00e9sistante \u00e0 l'abrasion apr\u00e8s cuisson. Version \u00e0 faible teneur en COV de Dow Corning\u00ae1-2577.\",\"breadcrumb\":{\"@id\":\"https:\\\/\\\/www.credimex.ch\\\/fr\\\/produit\\\/dow-corning-1-2577-2\\\/#breadcrumb\"},\"inLanguage\":\"fr-FR\",\"potentialAction\":[{\"@type\":\"ReadAction\",\"target\":[\"https:\\\/\\\/www.credimex.ch\\\/fr\\\/produit\\\/dow-corning-1-2577-2\\\/\"]}]},{\"@type\":\"ImageObject\",\"inLanguage\":\"fr-FR\",\"@id\":\"https:\\\/\\\/www.credimex.ch\\\/fr\\\/produit\\\/dow-corning-1-2577-2\\\/#primaryimage\",\"url\":\"https:\\\/\\\/www.credimex.ch\\\/wp-content\\\/uploads\\\/2022\\\/09\\\/dow-corning-1-2577-clear-15kg.jpeg\",\"contentUrl\":\"https:\\\/\\\/www.credimex.ch\\\/wp-content\\\/uploads\\\/2022\\\/09\\\/dow-corning-1-2577-clear-15kg.jpeg\",\"width\":431,\"height\":431},{\"@type\":\"BreadcrumbList\",\"@id\":\"https:\\\/\\\/www.credimex.ch\\\/fr\\\/produit\\\/dow-corning-1-2577-2\\\/#breadcrumb\",\"itemListElement\":[{\"@type\":\"ListItem\",\"position\":1,\"name\":\"Home\",\"item\":\"https:\\\/\\\/www.credimex.ch\\\/fr\\\/\"},{\"@type\":\"ListItem\",\"position\":2,\"name\":\"Produits\",\"item\":\"https:\\\/\\\/www.credimex.ch\\\/fr\\\/produits\\\/\"},{\"@type\":\"ListItem\",\"position\":3,\"name\":\"Dow Corning\u00ae 1-2577\"}]},{\"@type\":\"WebSite\",\"@id\":\"https:\\\/\\\/www.credimex.ch\\\/fr\\\/#website\",\"url\":\"https:\\\/\\\/www.credimex.ch\\\/fr\\\/\",\"name\":\"CREDIMEX\",\"description\":\"Partner of Swiss Industrial Market\",\"publisher\":{\"@id\":\"https:\\\/\\\/www.credimex.ch\\\/fr\\\/#organization\"},\"potentialAction\":[{\"@type\":\"SearchAction\",\"target\":{\"@type\":\"EntryPoint\",\"urlTemplate\":\"https:\\\/\\\/www.credimex.ch\\\/fr\\\/?s={search_term_string}\"},\"query-input\":{\"@type\":\"PropertyValueSpecification\",\"valueRequired\":true,\"valueName\":\"search_term_string\"}}],\"inLanguage\":\"fr-FR\"},{\"@type\":\"Organization\",\"@id\":\"https:\\\/\\\/www.credimex.ch\\\/fr\\\/#organization\",\"name\":\"credimex\",\"url\":\"https:\\\/\\\/www.credimex.ch\\\/fr\\\/\",\"logo\":{\"@type\":\"ImageObject\",\"inLanguage\":\"fr-FR\",\"@id\":\"https:\\\/\\\/www.credimex.ch\\\/fr\\\/#\\\/schema\\\/logo\\\/image\\\/\",\"url\":\"https:\\\/\\\/www.credimex.ch\\\/wp-content\\\/uploads\\\/2022\\\/03\\\/cropped-logo-credimex.png\",\"contentUrl\":\"https:\\\/\\\/www.credimex.ch\\\/wp-content\\\/uploads\\\/2022\\\/03\\\/cropped-logo-credimex.png\",\"width\":512,\"height\":512,\"caption\":\"credimex\"},\"image\":{\"@id\":\"https:\\\/\\\/www.credimex.ch\\\/fr\\\/#\\\/schema\\\/logo\\\/image\\\/\"},\"sameAs\":[\"https:\\\/\\\/www.facebook.com\\\/credimex.alpnach\\\/\",\"https:\\\/\\\/www.linkedin.com\\\/company\\\/credimex\\\/\",\"https:\\\/\\\/www.youtube.com\\\/@CREDIMEX?sub_confirmation=1\"]}]}<\/script>\n<!-- \/ Yoast SEO Premium plugin. -->","yoast_head_json":{"title":"Dow Corning\u00ae 1-2577 - CREDIMEX","description":"Rev\u00eatement conforme monocomposant, transparent, de viscosit\u00e9 moyenne, avec une surface ferme et r\u00e9sistante \u00e0 l'abrasion apr\u00e8s cuisson. Version \u00e0 faible teneur en COV de Dow Corning\u00ae1-2577.","robots":{"index":"index","follow":"follow","max-snippet":"max-snippet:-1","max-image-preview":"max-image-preview:large","max-video-preview":"max-video-preview:-1"},"canonical":"https:\/\/www.credimex.ch\/fr\/produit\/dow-corning-1-2577-2\/","og_locale":"fr_FR","og_type":"article","og_title":"Dow Corning\u00ae 1-2577","og_description":"Rev\u00eatement conforme monocomposant, transparent, de viscosit\u00e9 moyenne, avec une surface ferme et r\u00e9sistante \u00e0 l'abrasion apr\u00e8s cuisson. Version \u00e0 faible teneur en COV de Dow Corning\u00ae1-2577.","og_url":"https:\/\/www.credimex.ch\/fr\/produit\/dow-corning-1-2577-2\/","og_site_name":"CREDIMEX","article_publisher":"https:\/\/www.facebook.com\/credimex.alpnach\/","og_image":[{"width":431,"height":431,"url":"https:\/\/www.credimex.ch\/wp-content\/uploads\/2022\/09\/dow-corning-1-2577-clear-15kg.jpeg","type":"image\/jpeg"}],"twitter_card":"summary_large_image","twitter_misc":{"Dur\u00e9e de lecture estim\u00e9e":"1 minute"},"schema":{"@context":"https:\/\/schema.org","@graph":[{"@type":"WebPage","@id":"https:\/\/www.credimex.ch\/fr\/produit\/dow-corning-1-2577-2\/","url":"https:\/\/www.credimex.ch\/fr\/produit\/dow-corning-1-2577-2\/","name":"Dow Corning\u00ae 1-2577 - CREDIMEX","isPartOf":{"@id":"https:\/\/www.credimex.ch\/fr\/#website"},"primaryImageOfPage":{"@id":"https:\/\/www.credimex.ch\/fr\/produit\/dow-corning-1-2577-2\/#primaryimage"},"image":{"@id":"https:\/\/www.credimex.ch\/fr\/produit\/dow-corning-1-2577-2\/#primaryimage"},"thumbnailUrl":"https:\/\/www.credimex.ch\/wp-content\/uploads\/2022\/09\/dow-corning-1-2577-clear-15kg.jpeg","datePublished":"2022-09-06T08:41:38+00:00","description":"Rev\u00eatement conforme monocomposant, transparent, de viscosit\u00e9 moyenne, avec une surface ferme et r\u00e9sistante \u00e0 l'abrasion apr\u00e8s cuisson. Version \u00e0 faible teneur en COV de Dow Corning\u00ae1-2577.","breadcrumb":{"@id":"https:\/\/www.credimex.ch\/fr\/produit\/dow-corning-1-2577-2\/#breadcrumb"},"inLanguage":"fr-FR","potentialAction":[{"@type":"ReadAction","target":["https:\/\/www.credimex.ch\/fr\/produit\/dow-corning-1-2577-2\/"]}]},{"@type":"ImageObject","inLanguage":"fr-FR","@id":"https:\/\/www.credimex.ch\/fr\/produit\/dow-corning-1-2577-2\/#primaryimage","url":"https:\/\/www.credimex.ch\/wp-content\/uploads\/2022\/09\/dow-corning-1-2577-clear-15kg.jpeg","contentUrl":"https:\/\/www.credimex.ch\/wp-content\/uploads\/2022\/09\/dow-corning-1-2577-clear-15kg.jpeg","width":431,"height":431},{"@type":"BreadcrumbList","@id":"https:\/\/www.credimex.ch\/fr\/produit\/dow-corning-1-2577-2\/#breadcrumb","itemListElement":[{"@type":"ListItem","position":1,"name":"Home","item":"https:\/\/www.credimex.ch\/fr\/"},{"@type":"ListItem","position":2,"name":"Produits","item":"https:\/\/www.credimex.ch\/fr\/produits\/"},{"@type":"ListItem","position":3,"name":"Dow Corning\u00ae 1-2577"}]},{"@type":"WebSite","@id":"https:\/\/www.credimex.ch\/fr\/#website","url":"https:\/\/www.credimex.ch\/fr\/","name":"CREDIMEX","description":"Partner of Swiss Industrial Market","publisher":{"@id":"https:\/\/www.credimex.ch\/fr\/#organization"},"potentialAction":[{"@type":"SearchAction","target":{"@type":"EntryPoint","urlTemplate":"https:\/\/www.credimex.ch\/fr\/?s={search_term_string}"},"query-input":{"@type":"PropertyValueSpecification","valueRequired":true,"valueName":"search_term_string"}}],"inLanguage":"fr-FR"},{"@type":"Organization","@id":"https:\/\/www.credimex.ch\/fr\/#organization","name":"credimex","url":"https:\/\/www.credimex.ch\/fr\/","logo":{"@type":"ImageObject","inLanguage":"fr-FR","@id":"https:\/\/www.credimex.ch\/fr\/#\/schema\/logo\/image\/","url":"https:\/\/www.credimex.ch\/wp-content\/uploads\/2022\/03\/cropped-logo-credimex.png","contentUrl":"https:\/\/www.credimex.ch\/wp-content\/uploads\/2022\/03\/cropped-logo-credimex.png","width":512,"height":512,"caption":"credimex"},"image":{"@id":"https:\/\/www.credimex.ch\/fr\/#\/schema\/logo\/image\/"},"sameAs":["https:\/\/www.facebook.com\/credimex.alpnach\/","https:\/\/www.linkedin.com\/company\/credimex\/","https:\/\/www.youtube.com\/@CREDIMEX?sub_confirmation=1"]}]}},"_links":{"self":[{"href":"https:\/\/www.credimex.ch\/fr\/wp-json\/wp\/v2\/product\/3914","targetHints":{"allow":["GET"]}}],"collection":[{"href":"https:\/\/www.credimex.ch\/fr\/wp-json\/wp\/v2\/product"}],"about":[{"href":"https:\/\/www.credimex.ch\/fr\/wp-json\/wp\/v2\/types\/product"}],"replies":[{"embeddable":true,"href":"https:\/\/www.credimex.ch\/fr\/wp-json\/wp\/v2\/comments?post=3914"}],"wp:featuredmedia":[{"embeddable":true,"href":"https:\/\/www.credimex.ch\/fr\/wp-json\/wp\/v2\/media\/3654"}],"wp:attachment":[{"href":"https:\/\/www.credimex.ch\/fr\/wp-json\/wp\/v2\/media?parent=3914"}],"wp:term":[{"taxonomy":"product_brand","embeddable":true,"href":"https:\/\/www.credimex.ch\/fr\/wp-json\/wp\/v2\/product_brand?post=3914"},{"taxonomy":"product_cat","embeddable":true,"href":"https:\/\/www.credimex.ch\/fr\/wp-json\/wp\/v2\/product_cat?post=3914"},{"taxonomy":"product_tag","embeddable":true,"href":"https:\/\/www.credimex.ch\/fr\/wp-json\/wp\/v2\/product_tag?post=3914"}],"curies":[{"name":"wp","href":"https:\/\/api.w.org\/{rel}","templated":true}]}}