{"id":3916,"date":"2022-09-06T10:33:10","date_gmt":"2022-09-06T08:33:10","guid":{"rendered":"https:\/\/www.credimex.ch.mialias.net\/product\/dowsil-340\/"},"modified":"2022-09-06T10:33:10","modified_gmt":"2022-09-06T08:33:10","slug":"dowsil-340-2-2","status":"publish","type":"product","link":"https:\/\/www.credimex.ch\/fr\/produit\/dowsil-340-2-2\/","title":{"rendered":"DOWSIL 340"},"content":{"rendered":"<p>Compos\u00e9 blanc, non coulant, tr\u00e8s charg\u00e9, bonne conductivit\u00e9 thermique.<\/p>\n<p>&nbsp;<\/p>\n<h2>Caract\u00e9ristiques et avantages<\/h2>\n<ul>\n<li>Non-\u00e9coulement<\/li>\n<li>Conductivit\u00e9 thermique mod\u00e9r\u00e9e<\/li>\n<li>Pas besoin de four ou de s\u00e9chage<\/li>\n<li>Un flux de chaleur \u00e9loign\u00e9 des composants du circuit peut augmenter la fiabilit\u00e9<\/li>\n<\/ul>\n<p>&nbsp;<\/p>\n<h2>Composition<\/h2>\n<ul>\n<li>  Oxyde de zinc<\/li>\n<li>Polydim\u00e9thylsiloxane<\/li>\n<\/ul>\n<p>&nbsp;<\/p>\n<h2>Applications<\/h2>\n<ul>\n<li>Le compos\u00e9 pour dissipateur thermique DOWSIL\u2122 340 convient pour le couplage thermique des dispositifs \u00e9lectriques et des assemblages de circuits imprim\u00e9s aux dissipateurs thermiques.<\/li>\n<\/ul>\n","protected":false},"excerpt":{"rendered":"<div class=\"description-wrapper with-margin\">\n<div class=\"description\">Compos\u00e9 blanc, non coulant, tr\u00e8s charg\u00e9, bonne conductivit\u00e9 thermique.<\/div>\n<div class=\"other-wrapper\">\n<div class=\"badge-container\"><\/div>\n<\/div>\n<\/div>\n<div class=\"uses-benefits-wrapper\">\n<div><\/div>\n<\/div>\n","protected":false},"featured_media":3650,"comment_status":"open","ping_status":"closed","template":"","meta":{"_acf_changed":false},"product_brand":[],"product_cat":[340,413,511,376,411,384,375,360,412],"product_tag":[],"class_list":{"0":"post-3916","1":"product","2":"type-product","3":"status-publish","4":"has-post-thumbnail","6":"product_cat-automobile","7":"product_cat-batteries","8":"product_cat-dowsil","9":"product_cat-e-mobilite","10":"product_cat-electronique","11":"product_cat-energie","12":"product_cat-ferroviaire","13":"product_cat-industrie-generale","14":"product_cat-telepheriques","15":"pa_brands-dowsil-fr","17":"first","18":"instock","19":"shipping-taxable","20":"product-type-simple"},"acf":[],"_yoast_wpseo_focuskw":"DOWSIL 340","_yoast_wpseo_metadesc":"Compos\u00e9 blanc, non coulant, tr\u00e8s charg\u00e9, bonne conductivit\u00e9 thermique. Utilisations : Con\u00e7u pour le couplage thermique des dispositifs \u00e9lectriques","yoast_head":"<!-- This site is optimized with the Yoast SEO Premium plugin v21.6 (Yoast SEO v27.4) - https:\/\/yoast.com\/product\/yoast-seo-premium-wordpress\/ -->\n<title>DOWSIL 340 - CREDIMEX<\/title>\n<meta name=\"description\" content=\"Compos\u00e9 blanc, non coulant, tr\u00e8s charg\u00e9, bonne conductivit\u00e9 thermique. Utilisations : Con\u00e7u pour le couplage thermique des dispositifs \u00e9lectriques\" \/>\n<meta name=\"robots\" content=\"index, follow, max-snippet:-1, max-image-preview:large, max-video-preview:-1\" \/>\n<link rel=\"canonical\" href=\"https:\/\/www.credimex.ch\/fr\/produit\/dowsil-340-2-2\/\" \/>\n<meta property=\"og:locale\" content=\"fr_FR\" \/>\n<meta property=\"og:type\" content=\"article\" \/>\n<meta property=\"og:title\" content=\"DOWSIL 340\" \/>\n<meta property=\"og:description\" content=\"Compos\u00e9 blanc, non coulant, tr\u00e8s charg\u00e9, bonne conductivit\u00e9 thermique. Utilisations : Con\u00e7u pour le couplage thermique des dispositifs \u00e9lectriques\" \/>\n<meta property=\"og:url\" content=\"https:\/\/www.credimex.ch\/fr\/produit\/dowsil-340-2-2\/\" \/>\n<meta property=\"og:site_name\" content=\"CREDIMEX\" \/>\n<meta property=\"article:publisher\" content=\"https:\/\/www.facebook.com\/credimex.alpnach\/\" \/>\n<meta property=\"og:image\" content=\"https:\/\/www.credimex.ch\/wp-content\/uploads\/2022\/09\/DOWSIL\u2122-340-.png\" \/>\n\t<meta property=\"og:image:width\" content=\"800\" \/>\n\t<meta property=\"og:image:height\" content=\"800\" \/>\n\t<meta property=\"og:image:type\" content=\"image\/png\" \/>\n<meta name=\"twitter:card\" content=\"summary_large_image\" \/>\n<script type=\"application\/ld+json\" class=\"yoast-schema-graph\">{\"@context\":\"https:\\\/\\\/schema.org\",\"@graph\":[{\"@type\":\"WebPage\",\"@id\":\"https:\\\/\\\/www.credimex.ch\\\/fr\\\/produit\\\/dowsil-340-2-2\\\/\",\"url\":\"https:\\\/\\\/www.credimex.ch\\\/fr\\\/produit\\\/dowsil-340-2-2\\\/\",\"name\":\"DOWSIL 340 - CREDIMEX\",\"isPartOf\":{\"@id\":\"https:\\\/\\\/www.credimex.ch\\\/fr\\\/#website\"},\"primaryImageOfPage\":{\"@id\":\"https:\\\/\\\/www.credimex.ch\\\/fr\\\/produit\\\/dowsil-340-2-2\\\/#primaryimage\"},\"image\":{\"@id\":\"https:\\\/\\\/www.credimex.ch\\\/fr\\\/produit\\\/dowsil-340-2-2\\\/#primaryimage\"},\"thumbnailUrl\":\"https:\\\/\\\/www.credimex.ch\\\/wp-content\\\/uploads\\\/2022\\\/09\\\/DOWSIL\u2122-340-.png\",\"datePublished\":\"2022-09-06T08:33:10+00:00\",\"description\":\"Compos\u00e9 blanc, non coulant, tr\u00e8s charg\u00e9, bonne conductivit\u00e9 thermique. Utilisations : Con\u00e7u pour le couplage thermique des dispositifs \u00e9lectriques\",\"breadcrumb\":{\"@id\":\"https:\\\/\\\/www.credimex.ch\\\/fr\\\/produit\\\/dowsil-340-2-2\\\/#breadcrumb\"},\"inLanguage\":\"fr-FR\",\"potentialAction\":[{\"@type\":\"ReadAction\",\"target\":[\"https:\\\/\\\/www.credimex.ch\\\/fr\\\/produit\\\/dowsil-340-2-2\\\/\"]}]},{\"@type\":\"ImageObject\",\"inLanguage\":\"fr-FR\",\"@id\":\"https:\\\/\\\/www.credimex.ch\\\/fr\\\/produit\\\/dowsil-340-2-2\\\/#primaryimage\",\"url\":\"https:\\\/\\\/www.credimex.ch\\\/wp-content\\\/uploads\\\/2022\\\/09\\\/DOWSIL\u2122-340-.png\",\"contentUrl\":\"https:\\\/\\\/www.credimex.ch\\\/wp-content\\\/uploads\\\/2022\\\/09\\\/DOWSIL\u2122-340-.png\",\"width\":800,\"height\":800},{\"@type\":\"BreadcrumbList\",\"@id\":\"https:\\\/\\\/www.credimex.ch\\\/fr\\\/produit\\\/dowsil-340-2-2\\\/#breadcrumb\",\"itemListElement\":[{\"@type\":\"ListItem\",\"position\":1,\"name\":\"Home\",\"item\":\"https:\\\/\\\/www.credimex.ch\\\/fr\\\/\"},{\"@type\":\"ListItem\",\"position\":2,\"name\":\"Produits\",\"item\":\"https:\\\/\\\/www.credimex.ch\\\/fr\\\/produits\\\/\"},{\"@type\":\"ListItem\",\"position\":3,\"name\":\"DOWSIL 340\"}]},{\"@type\":\"WebSite\",\"@id\":\"https:\\\/\\\/www.credimex.ch\\\/fr\\\/#website\",\"url\":\"https:\\\/\\\/www.credimex.ch\\\/fr\\\/\",\"name\":\"CREDIMEX\",\"description\":\"Partner of Swiss Industrial Market\",\"publisher\":{\"@id\":\"https:\\\/\\\/www.credimex.ch\\\/fr\\\/#organization\"},\"potentialAction\":[{\"@type\":\"SearchAction\",\"target\":{\"@type\":\"EntryPoint\",\"urlTemplate\":\"https:\\\/\\\/www.credimex.ch\\\/fr\\\/?s={search_term_string}\"},\"query-input\":{\"@type\":\"PropertyValueSpecification\",\"valueRequired\":true,\"valueName\":\"search_term_string\"}}],\"inLanguage\":\"fr-FR\"},{\"@type\":\"Organization\",\"@id\":\"https:\\\/\\\/www.credimex.ch\\\/fr\\\/#organization\",\"name\":\"credimex\",\"url\":\"https:\\\/\\\/www.credimex.ch\\\/fr\\\/\",\"logo\":{\"@type\":\"ImageObject\",\"inLanguage\":\"fr-FR\",\"@id\":\"https:\\\/\\\/www.credimex.ch\\\/fr\\\/#\\\/schema\\\/logo\\\/image\\\/\",\"url\":\"https:\\\/\\\/www.credimex.ch\\\/wp-content\\\/uploads\\\/2022\\\/03\\\/cropped-logo-credimex.png\",\"contentUrl\":\"https:\\\/\\\/www.credimex.ch\\\/wp-content\\\/uploads\\\/2022\\\/03\\\/cropped-logo-credimex.png\",\"width\":512,\"height\":512,\"caption\":\"credimex\"},\"image\":{\"@id\":\"https:\\\/\\\/www.credimex.ch\\\/fr\\\/#\\\/schema\\\/logo\\\/image\\\/\"},\"sameAs\":[\"https:\\\/\\\/www.facebook.com\\\/credimex.alpnach\\\/\",\"https:\\\/\\\/www.linkedin.com\\\/company\\\/credimex\\\/\",\"https:\\\/\\\/www.youtube.com\\\/@CREDIMEX?sub_confirmation=1\"]}]}<\/script>\n<!-- \/ Yoast SEO Premium plugin. -->","yoast_head_json":{"title":"DOWSIL 340 - CREDIMEX","description":"Compos\u00e9 blanc, non coulant, tr\u00e8s charg\u00e9, bonne conductivit\u00e9 thermique. Utilisations : Con\u00e7u pour le couplage thermique des dispositifs \u00e9lectriques","robots":{"index":"index","follow":"follow","max-snippet":"max-snippet:-1","max-image-preview":"max-image-preview:large","max-video-preview":"max-video-preview:-1"},"canonical":"https:\/\/www.credimex.ch\/fr\/produit\/dowsil-340-2-2\/","og_locale":"fr_FR","og_type":"article","og_title":"DOWSIL 340","og_description":"Compos\u00e9 blanc, non coulant, tr\u00e8s charg\u00e9, bonne conductivit\u00e9 thermique. Utilisations : Con\u00e7u pour le couplage thermique des dispositifs \u00e9lectriques","og_url":"https:\/\/www.credimex.ch\/fr\/produit\/dowsil-340-2-2\/","og_site_name":"CREDIMEX","article_publisher":"https:\/\/www.facebook.com\/credimex.alpnach\/","og_image":[{"width":800,"height":800,"url":"https:\/\/www.credimex.ch\/wp-content\/uploads\/2022\/09\/DOWSIL\u2122-340-.png","type":"image\/png"}],"twitter_card":"summary_large_image","schema":{"@context":"https:\/\/schema.org","@graph":[{"@type":"WebPage","@id":"https:\/\/www.credimex.ch\/fr\/produit\/dowsil-340-2-2\/","url":"https:\/\/www.credimex.ch\/fr\/produit\/dowsil-340-2-2\/","name":"DOWSIL 340 - CREDIMEX","isPartOf":{"@id":"https:\/\/www.credimex.ch\/fr\/#website"},"primaryImageOfPage":{"@id":"https:\/\/www.credimex.ch\/fr\/produit\/dowsil-340-2-2\/#primaryimage"},"image":{"@id":"https:\/\/www.credimex.ch\/fr\/produit\/dowsil-340-2-2\/#primaryimage"},"thumbnailUrl":"https:\/\/www.credimex.ch\/wp-content\/uploads\/2022\/09\/DOWSIL\u2122-340-.png","datePublished":"2022-09-06T08:33:10+00:00","description":"Compos\u00e9 blanc, non coulant, tr\u00e8s charg\u00e9, bonne conductivit\u00e9 thermique. Utilisations : Con\u00e7u pour le couplage thermique des dispositifs \u00e9lectriques","breadcrumb":{"@id":"https:\/\/www.credimex.ch\/fr\/produit\/dowsil-340-2-2\/#breadcrumb"},"inLanguage":"fr-FR","potentialAction":[{"@type":"ReadAction","target":["https:\/\/www.credimex.ch\/fr\/produit\/dowsil-340-2-2\/"]}]},{"@type":"ImageObject","inLanguage":"fr-FR","@id":"https:\/\/www.credimex.ch\/fr\/produit\/dowsil-340-2-2\/#primaryimage","url":"https:\/\/www.credimex.ch\/wp-content\/uploads\/2022\/09\/DOWSIL\u2122-340-.png","contentUrl":"https:\/\/www.credimex.ch\/wp-content\/uploads\/2022\/09\/DOWSIL\u2122-340-.png","width":800,"height":800},{"@type":"BreadcrumbList","@id":"https:\/\/www.credimex.ch\/fr\/produit\/dowsil-340-2-2\/#breadcrumb","itemListElement":[{"@type":"ListItem","position":1,"name":"Home","item":"https:\/\/www.credimex.ch\/fr\/"},{"@type":"ListItem","position":2,"name":"Produits","item":"https:\/\/www.credimex.ch\/fr\/produits\/"},{"@type":"ListItem","position":3,"name":"DOWSIL 340"}]},{"@type":"WebSite","@id":"https:\/\/www.credimex.ch\/fr\/#website","url":"https:\/\/www.credimex.ch\/fr\/","name":"CREDIMEX","description":"Partner of Swiss Industrial Market","publisher":{"@id":"https:\/\/www.credimex.ch\/fr\/#organization"},"potentialAction":[{"@type":"SearchAction","target":{"@type":"EntryPoint","urlTemplate":"https:\/\/www.credimex.ch\/fr\/?s={search_term_string}"},"query-input":{"@type":"PropertyValueSpecification","valueRequired":true,"valueName":"search_term_string"}}],"inLanguage":"fr-FR"},{"@type":"Organization","@id":"https:\/\/www.credimex.ch\/fr\/#organization","name":"credimex","url":"https:\/\/www.credimex.ch\/fr\/","logo":{"@type":"ImageObject","inLanguage":"fr-FR","@id":"https:\/\/www.credimex.ch\/fr\/#\/schema\/logo\/image\/","url":"https:\/\/www.credimex.ch\/wp-content\/uploads\/2022\/03\/cropped-logo-credimex.png","contentUrl":"https:\/\/www.credimex.ch\/wp-content\/uploads\/2022\/03\/cropped-logo-credimex.png","width":512,"height":512,"caption":"credimex"},"image":{"@id":"https:\/\/www.credimex.ch\/fr\/#\/schema\/logo\/image\/"},"sameAs":["https:\/\/www.facebook.com\/credimex.alpnach\/","https:\/\/www.linkedin.com\/company\/credimex\/","https:\/\/www.youtube.com\/@CREDIMEX?sub_confirmation=1"]}]}},"_links":{"self":[{"href":"https:\/\/www.credimex.ch\/fr\/wp-json\/wp\/v2\/product\/3916","targetHints":{"allow":["GET"]}}],"collection":[{"href":"https:\/\/www.credimex.ch\/fr\/wp-json\/wp\/v2\/product"}],"about":[{"href":"https:\/\/www.credimex.ch\/fr\/wp-json\/wp\/v2\/types\/product"}],"replies":[{"embeddable":true,"href":"https:\/\/www.credimex.ch\/fr\/wp-json\/wp\/v2\/comments?post=3916"}],"wp:featuredmedia":[{"embeddable":true,"href":"https:\/\/www.credimex.ch\/fr\/wp-json\/wp\/v2\/media\/3650"}],"wp:attachment":[{"href":"https:\/\/www.credimex.ch\/fr\/wp-json\/wp\/v2\/media?parent=3916"}],"wp:term":[{"taxonomy":"product_brand","embeddable":true,"href":"https:\/\/www.credimex.ch\/fr\/wp-json\/wp\/v2\/product_brand?post=3916"},{"taxonomy":"product_cat","embeddable":true,"href":"https:\/\/www.credimex.ch\/fr\/wp-json\/wp\/v2\/product_cat?post=3916"},{"taxonomy":"product_tag","embeddable":true,"href":"https:\/\/www.credimex.ch\/fr\/wp-json\/wp\/v2\/product_tag?post=3916"}],"curies":[{"name":"wp","href":"https:\/\/api.w.org\/{rel}","templated":true}]}}