{"id":3920,"date":"2022-09-06T10:23:38","date_gmt":"2022-09-06T08:23:38","guid":{"rendered":"https:\/\/www.credimex.ch.mialias.net\/product\/dowsil-ei-2888\/"},"modified":"2023-06-19T17:12:11","modified_gmt":"2023-06-19T15:12:11","slug":"dowsil-ei-2888","status":"publish","type":"product","link":"https:\/\/www.credimex.ch\/fr\/produit\/dowsil-ei-2888\/","title":{"rendered":"DOWSIL\u2122 EI-2888"},"content":{"rendered":"<p>Encapsulant silicon\u00e9 sans primaire.<\/p>\n<p>&nbsp;<\/p>\n<h2>Caract\u00e9ristiques et avantages<\/h2>\n<ul>\n<li>R\u00e9ticulation \u00e0 temp\u00e9rature ambiante avec acc\u00e9l\u00e9ration thermique en option<\/li>\n<li>Faible viscosit\u00e9 &#8211; facilit\u00e9 de traitement<\/li>\n<li>Auto-amor\u00e7age &#8211; pas besoin d&rsquo;appr\u00eat<\/li>\n<li>Des performances optiques fiables dans des conditions difficiles<\/li>\n<li>Reconnu UL 94<\/li>\n<li>Reconnu UL 746C f1 &#8211; adapt\u00e9 \u00e0 une utilisation en ext\u00e9rieur (exposition aux UV et immersion dans l&rsquo;eau)<\/li>\n<\/ul>\n<h2><\/h2>\n<h2>Applications<\/h2>\n<ul>\n<li>DOWSIL\u2122 EI-2888 Primerless Silicone Encapsulant est particuli\u00e8rement adapt\u00e9 \u00e0 l&rsquo;encapsulation de cartes de circuits imprim\u00e9s rigides et flexibles pour l&rsquo;\u00e9clairage LED int\u00e9rieur et ext\u00e9rieur, les luminaires antid\u00e9flagrants et \u00e0 haute protection contre les agressions ainsi que les applications d&rsquo;affichage ext\u00e9rieur.<\/li>\n<\/ul>\n","protected":false},"excerpt":{"rendered":"<p>Encapsulant silicone auto-amor\u00e7ant, optiquement transparent, en deux parties, rapport de m\u00e9lange 1:1, \u00e0 faible viscosit\u00e9.<\/p>\n","protected":false},"featured_media":7624,"comment_status":"open","ping_status":"closed","template":"","meta":{"_acf_changed":false},"product_brand":[],"product_cat":[340,413,511,376,411,384,375,360,431,430,412],"product_tag":[],"class_list":{"0":"post-3920","1":"product","2":"type-product","3":"status-publish","4":"has-post-thumbnail","6":"product_cat-automobile","7":"product_cat-batteries","8":"product_cat-dowsil","9":"product_cat-e-mobilite","10":"product_cat-electronique","11":"product_cat-energie","12":"product_cat-ferroviaire","13":"product_cat-industrie-generale","14":"product_cat-masses-denrobage-de-silicone","15":"product_cat-masses-de-scellement","16":"product_cat-telepheriques","17":"pa_brands-dowsil-fr","19":"first","20":"instock","21":"shipping-taxable","22":"product-type-simple"},"acf":[],"_yoast_wpseo_focuskw":"EI-2888","_yoast_wpseo_metadesc":"DOWSIL\u2122 EI-2888 Encapsulant silicone sans primaire est fourni sous forme de composant liquide en deux parties. Lorsque les composants liquides sont bien [...]","yoast_head":"<!-- This site is optimized with the Yoast SEO Premium plugin v21.6 (Yoast SEO v27.4) - https:\/\/yoast.com\/product\/yoast-seo-premium-wordpress\/ -->\n<title>DOWSIL\u2122 EI-2888 - CREDIMEX<\/title>\n<meta name=\"description\" content=\"DOWSIL\u2122 EI-2888 Encapsulant silicone sans primaire est fourni sous forme de composant liquide en deux parties. Lorsque les composants liquides sont bien [...]\" \/>\n<meta name=\"robots\" content=\"index, follow, max-snippet:-1, max-image-preview:large, max-video-preview:-1\" \/>\n<link rel=\"canonical\" href=\"https:\/\/www.credimex.ch\/fr\/produit\/dowsil-ei-2888\/\" \/>\n<meta property=\"og:locale\" content=\"fr_FR\" \/>\n<meta property=\"og:type\" content=\"article\" \/>\n<meta property=\"og:title\" content=\"DOWSIL\u2122 EI-2888\" \/>\n<meta property=\"og:description\" content=\"DOWSIL\u2122 EI-2888 Encapsulant silicone sans primaire est fourni sous forme de composant liquide en deux parties. Lorsque les composants liquides sont bien [...]\" \/>\n<meta property=\"og:url\" content=\"https:\/\/www.credimex.ch\/fr\/produit\/dowsil-ei-2888\/\" \/>\n<meta property=\"og:site_name\" content=\"CREDIMEX\" \/>\n<meta property=\"article:publisher\" content=\"https:\/\/www.facebook.com\/credimex.alpnach\/\" \/>\n<meta property=\"article:modified_time\" content=\"2023-06-19T15:12:11+00:00\" \/>\n<meta property=\"og:image\" content=\"https:\/\/www.credimex.ch\/wp-content\/uploads\/2022\/09\/DOWSIL-El-2888-1.webp\" \/>\n\t<meta property=\"og:image:width\" content=\"1190\" \/>\n\t<meta property=\"og:image:height\" content=\"1080\" \/>\n\t<meta property=\"og:image:type\" content=\"image\/webp\" \/>\n<meta name=\"twitter:card\" content=\"summary_large_image\" \/>\n<meta name=\"twitter:label1\" content=\"Dur\u00e9e de lecture estim\u00e9e\" \/>\n\t<meta name=\"twitter:data1\" content=\"1 minute\" \/>\n<script type=\"application\/ld+json\" class=\"yoast-schema-graph\">{\"@context\":\"https:\\\/\\\/schema.org\",\"@graph\":[{\"@type\":\"WebPage\",\"@id\":\"https:\\\/\\\/www.credimex.ch\\\/fr\\\/produit\\\/dowsil-ei-2888\\\/\",\"url\":\"https:\\\/\\\/www.credimex.ch\\\/fr\\\/produit\\\/dowsil-ei-2888\\\/\",\"name\":\"DOWSIL\u2122 EI-2888 - CREDIMEX\",\"isPartOf\":{\"@id\":\"https:\\\/\\\/www.credimex.ch\\\/fr\\\/#website\"},\"primaryImageOfPage\":{\"@id\":\"https:\\\/\\\/www.credimex.ch\\\/fr\\\/produit\\\/dowsil-ei-2888\\\/#primaryimage\"},\"image\":{\"@id\":\"https:\\\/\\\/www.credimex.ch\\\/fr\\\/produit\\\/dowsil-ei-2888\\\/#primaryimage\"},\"thumbnailUrl\":\"https:\\\/\\\/www.credimex.ch\\\/wp-content\\\/uploads\\\/2022\\\/09\\\/DOWSIL-El-2888-1.webp\",\"datePublished\":\"2022-09-06T08:23:38+00:00\",\"dateModified\":\"2023-06-19T15:12:11+00:00\",\"description\":\"DOWSIL\u2122 EI-2888 Encapsulant silicone sans primaire est fourni sous forme de composant liquide en deux parties. Lorsque les composants liquides sont bien [...]\",\"breadcrumb\":{\"@id\":\"https:\\\/\\\/www.credimex.ch\\\/fr\\\/produit\\\/dowsil-ei-2888\\\/#breadcrumb\"},\"inLanguage\":\"fr-FR\",\"potentialAction\":[{\"@type\":\"ReadAction\",\"target\":[\"https:\\\/\\\/www.credimex.ch\\\/fr\\\/produit\\\/dowsil-ei-2888\\\/\"]}]},{\"@type\":\"ImageObject\",\"inLanguage\":\"fr-FR\",\"@id\":\"https:\\\/\\\/www.credimex.ch\\\/fr\\\/produit\\\/dowsil-ei-2888\\\/#primaryimage\",\"url\":\"https:\\\/\\\/www.credimex.ch\\\/wp-content\\\/uploads\\\/2022\\\/09\\\/DOWSIL-El-2888-1.webp\",\"contentUrl\":\"https:\\\/\\\/www.credimex.ch\\\/wp-content\\\/uploads\\\/2022\\\/09\\\/DOWSIL-El-2888-1.webp\",\"width\":1190,\"height\":1080,\"caption\":\"DOWSIL-El-2888-1\"},{\"@type\":\"BreadcrumbList\",\"@id\":\"https:\\\/\\\/www.credimex.ch\\\/fr\\\/produit\\\/dowsil-ei-2888\\\/#breadcrumb\",\"itemListElement\":[{\"@type\":\"ListItem\",\"position\":1,\"name\":\"Home\",\"item\":\"https:\\\/\\\/www.credimex.ch\\\/fr\\\/\"},{\"@type\":\"ListItem\",\"position\":2,\"name\":\"Produits\",\"item\":\"https:\\\/\\\/www.credimex.ch\\\/fr\\\/produits\\\/\"},{\"@type\":\"ListItem\",\"position\":3,\"name\":\"DOWSIL\u2122 EI-2888\"}]},{\"@type\":\"WebSite\",\"@id\":\"https:\\\/\\\/www.credimex.ch\\\/fr\\\/#website\",\"url\":\"https:\\\/\\\/www.credimex.ch\\\/fr\\\/\",\"name\":\"CREDIMEX\",\"description\":\"Partner of Swiss Industrial Market\",\"publisher\":{\"@id\":\"https:\\\/\\\/www.credimex.ch\\\/fr\\\/#organization\"},\"potentialAction\":[{\"@type\":\"SearchAction\",\"target\":{\"@type\":\"EntryPoint\",\"urlTemplate\":\"https:\\\/\\\/www.credimex.ch\\\/fr\\\/?s={search_term_string}\"},\"query-input\":{\"@type\":\"PropertyValueSpecification\",\"valueRequired\":true,\"valueName\":\"search_term_string\"}}],\"inLanguage\":\"fr-FR\"},{\"@type\":\"Organization\",\"@id\":\"https:\\\/\\\/www.credimex.ch\\\/fr\\\/#organization\",\"name\":\"credimex\",\"url\":\"https:\\\/\\\/www.credimex.ch\\\/fr\\\/\",\"logo\":{\"@type\":\"ImageObject\",\"inLanguage\":\"fr-FR\",\"@id\":\"https:\\\/\\\/www.credimex.ch\\\/fr\\\/#\\\/schema\\\/logo\\\/image\\\/\",\"url\":\"https:\\\/\\\/www.credimex.ch\\\/wp-content\\\/uploads\\\/2022\\\/03\\\/cropped-logo-credimex.png\",\"contentUrl\":\"https:\\\/\\\/www.credimex.ch\\\/wp-content\\\/uploads\\\/2022\\\/03\\\/cropped-logo-credimex.png\",\"width\":512,\"height\":512,\"caption\":\"credimex\"},\"image\":{\"@id\":\"https:\\\/\\\/www.credimex.ch\\\/fr\\\/#\\\/schema\\\/logo\\\/image\\\/\"},\"sameAs\":[\"https:\\\/\\\/www.facebook.com\\\/credimex.alpnach\\\/\",\"https:\\\/\\\/www.linkedin.com\\\/company\\\/credimex\\\/\",\"https:\\\/\\\/www.youtube.com\\\/@CREDIMEX?sub_confirmation=1\"]}]}<\/script>\n<!-- \/ Yoast SEO Premium plugin. -->","yoast_head_json":{"title":"DOWSIL\u2122 EI-2888 - CREDIMEX","description":"DOWSIL\u2122 EI-2888 Encapsulant silicone sans primaire est fourni sous forme de composant liquide en deux parties. Lorsque les composants liquides sont bien [...]","robots":{"index":"index","follow":"follow","max-snippet":"max-snippet:-1","max-image-preview":"max-image-preview:large","max-video-preview":"max-video-preview:-1"},"canonical":"https:\/\/www.credimex.ch\/fr\/produit\/dowsil-ei-2888\/","og_locale":"fr_FR","og_type":"article","og_title":"DOWSIL\u2122 EI-2888","og_description":"DOWSIL\u2122 EI-2888 Encapsulant silicone sans primaire est fourni sous forme de composant liquide en deux parties. Lorsque les composants liquides sont bien [...]","og_url":"https:\/\/www.credimex.ch\/fr\/produit\/dowsil-ei-2888\/","og_site_name":"CREDIMEX","article_publisher":"https:\/\/www.facebook.com\/credimex.alpnach\/","article_modified_time":"2023-06-19T15:12:11+00:00","og_image":[{"width":1190,"height":1080,"url":"https:\/\/www.credimex.ch\/wp-content\/uploads\/2022\/09\/DOWSIL-El-2888-1.webp","type":"image\/webp"}],"twitter_card":"summary_large_image","twitter_misc":{"Dur\u00e9e de lecture estim\u00e9e":"1 minute"},"schema":{"@context":"https:\/\/schema.org","@graph":[{"@type":"WebPage","@id":"https:\/\/www.credimex.ch\/fr\/produit\/dowsil-ei-2888\/","url":"https:\/\/www.credimex.ch\/fr\/produit\/dowsil-ei-2888\/","name":"DOWSIL\u2122 EI-2888 - CREDIMEX","isPartOf":{"@id":"https:\/\/www.credimex.ch\/fr\/#website"},"primaryImageOfPage":{"@id":"https:\/\/www.credimex.ch\/fr\/produit\/dowsil-ei-2888\/#primaryimage"},"image":{"@id":"https:\/\/www.credimex.ch\/fr\/produit\/dowsil-ei-2888\/#primaryimage"},"thumbnailUrl":"https:\/\/www.credimex.ch\/wp-content\/uploads\/2022\/09\/DOWSIL-El-2888-1.webp","datePublished":"2022-09-06T08:23:38+00:00","dateModified":"2023-06-19T15:12:11+00:00","description":"DOWSIL\u2122 EI-2888 Encapsulant silicone sans primaire est fourni sous forme de composant liquide en deux parties. Lorsque les composants liquides sont bien [...]","breadcrumb":{"@id":"https:\/\/www.credimex.ch\/fr\/produit\/dowsil-ei-2888\/#breadcrumb"},"inLanguage":"fr-FR","potentialAction":[{"@type":"ReadAction","target":["https:\/\/www.credimex.ch\/fr\/produit\/dowsil-ei-2888\/"]}]},{"@type":"ImageObject","inLanguage":"fr-FR","@id":"https:\/\/www.credimex.ch\/fr\/produit\/dowsil-ei-2888\/#primaryimage","url":"https:\/\/www.credimex.ch\/wp-content\/uploads\/2022\/09\/DOWSIL-El-2888-1.webp","contentUrl":"https:\/\/www.credimex.ch\/wp-content\/uploads\/2022\/09\/DOWSIL-El-2888-1.webp","width":1190,"height":1080,"caption":"DOWSIL-El-2888-1"},{"@type":"BreadcrumbList","@id":"https:\/\/www.credimex.ch\/fr\/produit\/dowsil-ei-2888\/#breadcrumb","itemListElement":[{"@type":"ListItem","position":1,"name":"Home","item":"https:\/\/www.credimex.ch\/fr\/"},{"@type":"ListItem","position":2,"name":"Produits","item":"https:\/\/www.credimex.ch\/fr\/produits\/"},{"@type":"ListItem","position":3,"name":"DOWSIL\u2122 EI-2888"}]},{"@type":"WebSite","@id":"https:\/\/www.credimex.ch\/fr\/#website","url":"https:\/\/www.credimex.ch\/fr\/","name":"CREDIMEX","description":"Partner of Swiss Industrial Market","publisher":{"@id":"https:\/\/www.credimex.ch\/fr\/#organization"},"potentialAction":[{"@type":"SearchAction","target":{"@type":"EntryPoint","urlTemplate":"https:\/\/www.credimex.ch\/fr\/?s={search_term_string}"},"query-input":{"@type":"PropertyValueSpecification","valueRequired":true,"valueName":"search_term_string"}}],"inLanguage":"fr-FR"},{"@type":"Organization","@id":"https:\/\/www.credimex.ch\/fr\/#organization","name":"credimex","url":"https:\/\/www.credimex.ch\/fr\/","logo":{"@type":"ImageObject","inLanguage":"fr-FR","@id":"https:\/\/www.credimex.ch\/fr\/#\/schema\/logo\/image\/","url":"https:\/\/www.credimex.ch\/wp-content\/uploads\/2022\/03\/cropped-logo-credimex.png","contentUrl":"https:\/\/www.credimex.ch\/wp-content\/uploads\/2022\/03\/cropped-logo-credimex.png","width":512,"height":512,"caption":"credimex"},"image":{"@id":"https:\/\/www.credimex.ch\/fr\/#\/schema\/logo\/image\/"},"sameAs":["https:\/\/www.facebook.com\/credimex.alpnach\/","https:\/\/www.linkedin.com\/company\/credimex\/","https:\/\/www.youtube.com\/@CREDIMEX?sub_confirmation=1"]}]}},"_links":{"self":[{"href":"https:\/\/www.credimex.ch\/fr\/wp-json\/wp\/v2\/product\/3920","targetHints":{"allow":["GET"]}}],"collection":[{"href":"https:\/\/www.credimex.ch\/fr\/wp-json\/wp\/v2\/product"}],"about":[{"href":"https:\/\/www.credimex.ch\/fr\/wp-json\/wp\/v2\/types\/product"}],"replies":[{"embeddable":true,"href":"https:\/\/www.credimex.ch\/fr\/wp-json\/wp\/v2\/comments?post=3920"}],"wp:featuredmedia":[{"embeddable":true,"href":"https:\/\/www.credimex.ch\/fr\/wp-json\/wp\/v2\/media\/7624"}],"wp:attachment":[{"href":"https:\/\/www.credimex.ch\/fr\/wp-json\/wp\/v2\/media?parent=3920"}],"wp:term":[{"taxonomy":"product_brand","embeddable":true,"href":"https:\/\/www.credimex.ch\/fr\/wp-json\/wp\/v2\/product_brand?post=3920"},{"taxonomy":"product_cat","embeddable":true,"href":"https:\/\/www.credimex.ch\/fr\/wp-json\/wp\/v2\/product_cat?post=3920"},{"taxonomy":"product_tag","embeddable":true,"href":"https:\/\/www.credimex.ch\/fr\/wp-json\/wp\/v2\/product_tag?post=3920"}],"curies":[{"name":"wp","href":"https:\/\/api.w.org\/{rel}","templated":true}]}}