{"id":3923,"date":"2022-09-06T10:24:53","date_gmt":"2022-09-06T08:24:53","guid":{"rendered":"https:\/\/www.credimex.ch.mialias.net\/product\/duopox-cr-8021\/"},"modified":"2022-09-06T10:24:53","modified_gmt":"2022-09-06T08:24:53","slug":"duopox-cr-8021-2","status":"publish","type":"product","link":"https:\/\/www.credimex.ch\/fr\/produit\/duopox-cr-8021-2\/","title":{"rendered":"DUOPOX CR 8021"},"content":{"rendered":"<p>R\u00e9sine \u00e9poxy modifi\u00e9e | 2C | Durcissement \u00e0 temp\u00e9rature ambiante<br \/>\nNon rempli, fluide, convient aux cartouches c\u00f4te \u00e0 c\u00f4te, tr\u00e8s bonne r\u00e9sistance aux fluides, \u00e9galiseur de tension.<\/p>\n<h2>Caract\u00e9ristiques particuli\u00e8res du produit<\/h2>\n<ul>\n<li>Conforme \u00e0 la directive RoHS 2015\/863\/EU<\/li>\n<li>Possibilit\u00e9 de pr\u00e9chauffage \u00e0 long terme des composants<\/li>\n<li>La formation de bulles pendant l&rsquo;homog\u00e9n\u00e9isation ou le m\u00e9lange peut \u00eatre minimis\u00e9e de mani\u00e8re significative en utilisant un syst\u00e8me de traitement avec unit\u00e9 de vide.<\/li>\n<\/ul>\n<h2>\nFonction<\/h2>\n<ul>\n<li>encapsulant \/ compos\u00e9 d&rsquo;enrobage<\/li>\n<li>encapsulant \u00e9lectronique<\/li>\n<\/ul>\n<h2>Domaine d&rsquo;utilisation typique<\/h2>\n<ul>\n<li>-40 &#8211; 140 \u00b0C<\/li>\n<\/ul>\n","protected":false},"excerpt":{"rendered":"<p>R\u00e9sine \u00e9poxy modifi\u00e9e | 2C | Durcissement \u00e0 temp\u00e9rature ambiante<\/p>\n","protected":false},"featured_media":3648,"comment_status":"open","ping_status":"closed","template":"","meta":{"_acf_changed":false},"product_brand":[],"product_cat":[340,451,376,411,384,360,430,437],"product_tag":[],"class_list":{"0":"post-3923","1":"product","2":"type-product","3":"status-publish","4":"has-post-thumbnail","6":"product_cat-automobile","7":"product_cat-delo","8":"product_cat-e-mobilite","9":"product_cat-electronique","10":"product_cat-energie","11":"product_cat-industrie-generale","12":"product_cat-masses-de-scellement","13":"product_cat-resines-epoxy","14":"pa_brands-delo-fr","16":"first","17":"instock","18":"shipping-taxable","19":"product-type-simple"},"acf":[],"_yoast_wpseo_focuskw":"DUOPOX CR 8021","_yoast_wpseo_metadesc":"DUOPOX CR 8021 est une r\u00e9sine \u00e9poxy modifi\u00e9e. Avec un durcissement \u00e0 temp\u00e9rature ambiante, non rempli, fluide, adapt\u00e9 aux cartouches c\u00f4te \u00e0 c\u00f4te, tr\u00e8s bonne r\u00e9sistance aux m\u00e9dias.","yoast_head":"<!-- This site is optimized with the Yoast SEO Premium plugin v21.6 (Yoast SEO v27.4) - https:\/\/yoast.com\/product\/yoast-seo-premium-wordpress\/ -->\n<title>DUOPOX CR 8021 - CREDIMEX<\/title>\n<meta name=\"description\" content=\"DUOPOX CR 8021 est une r\u00e9sine \u00e9poxy modifi\u00e9e. Avec un durcissement \u00e0 temp\u00e9rature ambiante, non rempli, fluide, adapt\u00e9 aux cartouches c\u00f4te \u00e0 c\u00f4te, tr\u00e8s bonne r\u00e9sistance aux m\u00e9dias.\" \/>\n<meta name=\"robots\" content=\"index, follow, max-snippet:-1, max-image-preview:large, max-video-preview:-1\" \/>\n<link rel=\"canonical\" href=\"https:\/\/www.credimex.ch\/fr\/produit\/duopox-cr-8021-2\/\" \/>\n<meta property=\"og:locale\" content=\"fr_FR\" \/>\n<meta property=\"og:type\" content=\"article\" \/>\n<meta property=\"og:title\" content=\"DUOPOX CR 8021\" \/>\n<meta property=\"og:description\" content=\"DUOPOX CR 8021 est une r\u00e9sine \u00e9poxy modifi\u00e9e. Avec un durcissement \u00e0 temp\u00e9rature ambiante, non rempli, fluide, adapt\u00e9 aux cartouches c\u00f4te \u00e0 c\u00f4te, tr\u00e8s bonne r\u00e9sistance aux m\u00e9dias.\" \/>\n<meta property=\"og:url\" content=\"https:\/\/www.credimex.ch\/fr\/produit\/duopox-cr-8021-2\/\" \/>\n<meta property=\"og:site_name\" content=\"CREDIMEX\" \/>\n<meta property=\"article:publisher\" content=\"https:\/\/www.facebook.com\/credimex.alpnach\/\" \/>\n<meta property=\"og:image\" content=\"https:\/\/www.credimex.ch\/wp-content\/uploads\/2022\/09\/DUOPOX-CR-8021.jpg\" \/>\n\t<meta property=\"og:image:width\" content=\"600\" \/>\n\t<meta property=\"og:image:height\" content=\"600\" \/>\n\t<meta property=\"og:image:type\" content=\"image\/jpeg\" \/>\n<meta name=\"twitter:card\" content=\"summary_large_image\" \/>\n<script type=\"application\/ld+json\" class=\"yoast-schema-graph\">{\"@context\":\"https:\\\/\\\/schema.org\",\"@graph\":[{\"@type\":\"WebPage\",\"@id\":\"https:\\\/\\\/www.credimex.ch\\\/fr\\\/produit\\\/duopox-cr-8021-2\\\/\",\"url\":\"https:\\\/\\\/www.credimex.ch\\\/fr\\\/produit\\\/duopox-cr-8021-2\\\/\",\"name\":\"DUOPOX CR 8021 - CREDIMEX\",\"isPartOf\":{\"@id\":\"https:\\\/\\\/www.credimex.ch\\\/fr\\\/#website\"},\"primaryImageOfPage\":{\"@id\":\"https:\\\/\\\/www.credimex.ch\\\/fr\\\/produit\\\/duopox-cr-8021-2\\\/#primaryimage\"},\"image\":{\"@id\":\"https:\\\/\\\/www.credimex.ch\\\/fr\\\/produit\\\/duopox-cr-8021-2\\\/#primaryimage\"},\"thumbnailUrl\":\"https:\\\/\\\/www.credimex.ch\\\/wp-content\\\/uploads\\\/2022\\\/09\\\/DUOPOX-CR-8021.jpg\",\"datePublished\":\"2022-09-06T08:24:53+00:00\",\"description\":\"DUOPOX CR 8021 est une r\u00e9sine \u00e9poxy modifi\u00e9e. Avec un durcissement \u00e0 temp\u00e9rature ambiante, non rempli, fluide, adapt\u00e9 aux cartouches c\u00f4te \u00e0 c\u00f4te, tr\u00e8s bonne r\u00e9sistance aux m\u00e9dias.\",\"breadcrumb\":{\"@id\":\"https:\\\/\\\/www.credimex.ch\\\/fr\\\/produit\\\/duopox-cr-8021-2\\\/#breadcrumb\"},\"inLanguage\":\"fr-FR\",\"potentialAction\":[{\"@type\":\"ReadAction\",\"target\":[\"https:\\\/\\\/www.credimex.ch\\\/fr\\\/produit\\\/duopox-cr-8021-2\\\/\"]}]},{\"@type\":\"ImageObject\",\"inLanguage\":\"fr-FR\",\"@id\":\"https:\\\/\\\/www.credimex.ch\\\/fr\\\/produit\\\/duopox-cr-8021-2\\\/#primaryimage\",\"url\":\"https:\\\/\\\/www.credimex.ch\\\/wp-content\\\/uploads\\\/2022\\\/09\\\/DUOPOX-CR-8021.jpg\",\"contentUrl\":\"https:\\\/\\\/www.credimex.ch\\\/wp-content\\\/uploads\\\/2022\\\/09\\\/DUOPOX-CR-8021.jpg\",\"width\":600,\"height\":600},{\"@type\":\"BreadcrumbList\",\"@id\":\"https:\\\/\\\/www.credimex.ch\\\/fr\\\/produit\\\/duopox-cr-8021-2\\\/#breadcrumb\",\"itemListElement\":[{\"@type\":\"ListItem\",\"position\":1,\"name\":\"Home\",\"item\":\"https:\\\/\\\/www.credimex.ch\\\/fr\\\/\"},{\"@type\":\"ListItem\",\"position\":2,\"name\":\"Produits\",\"item\":\"https:\\\/\\\/www.credimex.ch\\\/fr\\\/produits\\\/\"},{\"@type\":\"ListItem\",\"position\":3,\"name\":\"DUOPOX CR 8021\"}]},{\"@type\":\"WebSite\",\"@id\":\"https:\\\/\\\/www.credimex.ch\\\/fr\\\/#website\",\"url\":\"https:\\\/\\\/www.credimex.ch\\\/fr\\\/\",\"name\":\"CREDIMEX\",\"description\":\"Partner of Swiss Industrial Market\",\"publisher\":{\"@id\":\"https:\\\/\\\/www.credimex.ch\\\/fr\\\/#organization\"},\"potentialAction\":[{\"@type\":\"SearchAction\",\"target\":{\"@type\":\"EntryPoint\",\"urlTemplate\":\"https:\\\/\\\/www.credimex.ch\\\/fr\\\/?s={search_term_string}\"},\"query-input\":{\"@type\":\"PropertyValueSpecification\",\"valueRequired\":true,\"valueName\":\"search_term_string\"}}],\"inLanguage\":\"fr-FR\"},{\"@type\":\"Organization\",\"@id\":\"https:\\\/\\\/www.credimex.ch\\\/fr\\\/#organization\",\"name\":\"credimex\",\"url\":\"https:\\\/\\\/www.credimex.ch\\\/fr\\\/\",\"logo\":{\"@type\":\"ImageObject\",\"inLanguage\":\"fr-FR\",\"@id\":\"https:\\\/\\\/www.credimex.ch\\\/fr\\\/#\\\/schema\\\/logo\\\/image\\\/\",\"url\":\"https:\\\/\\\/www.credimex.ch\\\/wp-content\\\/uploads\\\/2022\\\/03\\\/cropped-logo-credimex.png\",\"contentUrl\":\"https:\\\/\\\/www.credimex.ch\\\/wp-content\\\/uploads\\\/2022\\\/03\\\/cropped-logo-credimex.png\",\"width\":512,\"height\":512,\"caption\":\"credimex\"},\"image\":{\"@id\":\"https:\\\/\\\/www.credimex.ch\\\/fr\\\/#\\\/schema\\\/logo\\\/image\\\/\"},\"sameAs\":[\"https:\\\/\\\/www.facebook.com\\\/credimex.alpnach\\\/\",\"https:\\\/\\\/www.linkedin.com\\\/company\\\/credimex\\\/\",\"https:\\\/\\\/www.youtube.com\\\/@CREDIMEX?sub_confirmation=1\"]}]}<\/script>\n<!-- \/ Yoast SEO Premium plugin. -->","yoast_head_json":{"title":"DUOPOX CR 8021 - CREDIMEX","description":"DUOPOX CR 8021 est une r\u00e9sine \u00e9poxy modifi\u00e9e. Avec un durcissement \u00e0 temp\u00e9rature ambiante, non rempli, fluide, adapt\u00e9 aux cartouches c\u00f4te \u00e0 c\u00f4te, tr\u00e8s bonne r\u00e9sistance aux m\u00e9dias.","robots":{"index":"index","follow":"follow","max-snippet":"max-snippet:-1","max-image-preview":"max-image-preview:large","max-video-preview":"max-video-preview:-1"},"canonical":"https:\/\/www.credimex.ch\/fr\/produit\/duopox-cr-8021-2\/","og_locale":"fr_FR","og_type":"article","og_title":"DUOPOX CR 8021","og_description":"DUOPOX CR 8021 est une r\u00e9sine \u00e9poxy modifi\u00e9e. Avec un durcissement \u00e0 temp\u00e9rature ambiante, non rempli, fluide, adapt\u00e9 aux cartouches c\u00f4te \u00e0 c\u00f4te, tr\u00e8s bonne r\u00e9sistance aux m\u00e9dias.","og_url":"https:\/\/www.credimex.ch\/fr\/produit\/duopox-cr-8021-2\/","og_site_name":"CREDIMEX","article_publisher":"https:\/\/www.facebook.com\/credimex.alpnach\/","og_image":[{"width":600,"height":600,"url":"https:\/\/www.credimex.ch\/wp-content\/uploads\/2022\/09\/DUOPOX-CR-8021.jpg","type":"image\/jpeg"}],"twitter_card":"summary_large_image","schema":{"@context":"https:\/\/schema.org","@graph":[{"@type":"WebPage","@id":"https:\/\/www.credimex.ch\/fr\/produit\/duopox-cr-8021-2\/","url":"https:\/\/www.credimex.ch\/fr\/produit\/duopox-cr-8021-2\/","name":"DUOPOX CR 8021 - CREDIMEX","isPartOf":{"@id":"https:\/\/www.credimex.ch\/fr\/#website"},"primaryImageOfPage":{"@id":"https:\/\/www.credimex.ch\/fr\/produit\/duopox-cr-8021-2\/#primaryimage"},"image":{"@id":"https:\/\/www.credimex.ch\/fr\/produit\/duopox-cr-8021-2\/#primaryimage"},"thumbnailUrl":"https:\/\/www.credimex.ch\/wp-content\/uploads\/2022\/09\/DUOPOX-CR-8021.jpg","datePublished":"2022-09-06T08:24:53+00:00","description":"DUOPOX CR 8021 est une r\u00e9sine \u00e9poxy modifi\u00e9e. Avec un durcissement \u00e0 temp\u00e9rature ambiante, non rempli, fluide, adapt\u00e9 aux cartouches c\u00f4te \u00e0 c\u00f4te, tr\u00e8s bonne r\u00e9sistance aux m\u00e9dias.","breadcrumb":{"@id":"https:\/\/www.credimex.ch\/fr\/produit\/duopox-cr-8021-2\/#breadcrumb"},"inLanguage":"fr-FR","potentialAction":[{"@type":"ReadAction","target":["https:\/\/www.credimex.ch\/fr\/produit\/duopox-cr-8021-2\/"]}]},{"@type":"ImageObject","inLanguage":"fr-FR","@id":"https:\/\/www.credimex.ch\/fr\/produit\/duopox-cr-8021-2\/#primaryimage","url":"https:\/\/www.credimex.ch\/wp-content\/uploads\/2022\/09\/DUOPOX-CR-8021.jpg","contentUrl":"https:\/\/www.credimex.ch\/wp-content\/uploads\/2022\/09\/DUOPOX-CR-8021.jpg","width":600,"height":600},{"@type":"BreadcrumbList","@id":"https:\/\/www.credimex.ch\/fr\/produit\/duopox-cr-8021-2\/#breadcrumb","itemListElement":[{"@type":"ListItem","position":1,"name":"Home","item":"https:\/\/www.credimex.ch\/fr\/"},{"@type":"ListItem","position":2,"name":"Produits","item":"https:\/\/www.credimex.ch\/fr\/produits\/"},{"@type":"ListItem","position":3,"name":"DUOPOX CR 8021"}]},{"@type":"WebSite","@id":"https:\/\/www.credimex.ch\/fr\/#website","url":"https:\/\/www.credimex.ch\/fr\/","name":"CREDIMEX","description":"Partner of Swiss Industrial Market","publisher":{"@id":"https:\/\/www.credimex.ch\/fr\/#organization"},"potentialAction":[{"@type":"SearchAction","target":{"@type":"EntryPoint","urlTemplate":"https:\/\/www.credimex.ch\/fr\/?s={search_term_string}"},"query-input":{"@type":"PropertyValueSpecification","valueRequired":true,"valueName":"search_term_string"}}],"inLanguage":"fr-FR"},{"@type":"Organization","@id":"https:\/\/www.credimex.ch\/fr\/#organization","name":"credimex","url":"https:\/\/www.credimex.ch\/fr\/","logo":{"@type":"ImageObject","inLanguage":"fr-FR","@id":"https:\/\/www.credimex.ch\/fr\/#\/schema\/logo\/image\/","url":"https:\/\/www.credimex.ch\/wp-content\/uploads\/2022\/03\/cropped-logo-credimex.png","contentUrl":"https:\/\/www.credimex.ch\/wp-content\/uploads\/2022\/03\/cropped-logo-credimex.png","width":512,"height":512,"caption":"credimex"},"image":{"@id":"https:\/\/www.credimex.ch\/fr\/#\/schema\/logo\/image\/"},"sameAs":["https:\/\/www.facebook.com\/credimex.alpnach\/","https:\/\/www.linkedin.com\/company\/credimex\/","https:\/\/www.youtube.com\/@CREDIMEX?sub_confirmation=1"]}]}},"_links":{"self":[{"href":"https:\/\/www.credimex.ch\/fr\/wp-json\/wp\/v2\/product\/3923","targetHints":{"allow":["GET"]}}],"collection":[{"href":"https:\/\/www.credimex.ch\/fr\/wp-json\/wp\/v2\/product"}],"about":[{"href":"https:\/\/www.credimex.ch\/fr\/wp-json\/wp\/v2\/types\/product"}],"replies":[{"embeddable":true,"href":"https:\/\/www.credimex.ch\/fr\/wp-json\/wp\/v2\/comments?post=3923"}],"wp:featuredmedia":[{"embeddable":true,"href":"https:\/\/www.credimex.ch\/fr\/wp-json\/wp\/v2\/media\/3648"}],"wp:attachment":[{"href":"https:\/\/www.credimex.ch\/fr\/wp-json\/wp\/v2\/media?parent=3923"}],"wp:term":[{"taxonomy":"product_brand","embeddable":true,"href":"https:\/\/www.credimex.ch\/fr\/wp-json\/wp\/v2\/product_brand?post=3923"},{"taxonomy":"product_cat","embeddable":true,"href":"https:\/\/www.credimex.ch\/fr\/wp-json\/wp\/v2\/product_cat?post=3923"},{"taxonomy":"product_tag","embeddable":true,"href":"https:\/\/www.credimex.ch\/fr\/wp-json\/wp\/v2\/product_tag?post=3923"}],"curies":[{"name":"wp","href":"https:\/\/api.w.org\/{rel}","templated":true}]}}