{"id":3925,"date":"2022-09-06T10:08:16","date_gmt":"2022-09-06T08:08:16","guid":{"rendered":"https:\/\/www.credimex.ch.mialias.net\/product\/2-k-dos\/"},"modified":"2023-06-19T17:21:03","modified_gmt":"2023-06-19T15:21:03","slug":"2-k-dos","status":"publish","type":"product","link":"https:\/\/www.credimex.ch\/fr\/produit\/2-k-dos\/","title":{"rendered":"2-K-DOS"},"content":{"rendered":"<p>Le syst\u00e8me de m\u00e9lange et de distribution 2-K-DOS permet de m\u00e9langer et de distribuer rapidement et exactement des compos\u00e9s de coul\u00e9e et des adh\u00e9sifs \u00e0 deux composants \u00e0 base de polyur\u00e9thane, d&rsquo;\u00e9poxy ou de silicone. Gr\u00e2ce \u00e0 sa conception modulaire, l&rsquo;appareil peut \u00eatre adapt\u00e9 \u00e0 une tr\u00e8s large gamme d&rsquo;applications.<\/p>\n<p>L&rsquo;unit\u00e9 2-K-DOS m\u00e9lange et distribue rapidement et exactement une multitude de compos\u00e9s de coul\u00e9e et d&rsquo;adh\u00e9sifs \u00e0 deux composants. Le rapport de m\u00e9lange, le taux de distribution et la quantit\u00e9 distribu\u00e9e peuvent \u00eatre s\u00e9lectionn\u00e9s avec un haut niveau de r\u00e9solution et garantissent ainsi un m\u00e9lange et une distribution pr\u00e9cis \u00e0 tout moment. L&rsquo;appareil m\u00e9lange exactement le m\u00e9lange \u00e0 tout moment et fournit un m\u00e9lange exempt de bulles d&rsquo;air.<\/p>\n<p>Un processus contr\u00f4l\u00e9 par ordinateur achemine les deux composants, qui sont stock\u00e9s dans des conteneurs de mat\u00e9riaux int\u00e9gr\u00e9s au dispositif, \u00e0 travers un tube flexible et jusqu&rsquo;\u00e0 la t\u00eate de distribution o\u00f9 un m\u00e9langeur statique facile \u00e0 \u00e9changer les m\u00e9lange.<\/p>\n<p>L&rsquo;appareil peut aider \u00e0 r\u00e9soudre les travaux de scellement les plus divers gr\u00e2ce aux diff\u00e9rentes configurations rendues possibles par la conception modulaire, les diff\u00e9rents dispositifs compl\u00e9mentaires et les accessoires.<\/p>\n<p>&nbsp;<\/p>\n<h2>Fonctions sp\u00e9ciales<\/h2>\n<ul>\n<li>Utilisation avec un clavier et un \u00e9cran, pilot\u00e9e par menu et prot\u00e9g\u00e9e par un mot de passe.<\/li>\n<li>Syst\u00e8me de contr\u00f4le du niveau<\/li>\n<li>Alarme de dur\u00e9e de vie avec rin\u00e7age automatique de la buse de m\u00e9lange.<\/li>\n<li>M\u00e9morisation de jusqu&rsquo;\u00e0 99 programmes de m\u00e9lange et de distribution diff\u00e9rents<\/li>\n<\/ul>\n<p>&nbsp;<\/p>\n<h2>Domaines d&rsquo;application<\/h2>\n<ul>\n<li>Sceller des assemblages et des composants \u00e9lectroniques<\/li>\n<li>\u00c9tanch\u00e9it\u00e9 des joints de cloison<\/li>\n<li>Application de cordons et de rev\u00eatements d&rsquo;\u00e9tanch\u00e9it\u00e9 et d&rsquo;adh\u00e9sifs<\/li>\n<\/ul>\n<p>&nbsp;<\/p>\n","protected":false},"excerpt":{"rendered":"<p>Syst\u00e8me de m\u00e9lange et de distribution.<\/p>\n","protected":false},"featured_media":3644,"comment_status":"open","ping_status":"closed","template":"","meta":{"_acf_changed":false},"product_brand":[],"product_cat":[340,413,498,376,411,384,489,375,445,360],"product_tag":[],"class_list":{"0":"post-3925","1":"product","2":"type-product","3":"status-publish","4":"has-post-thumbnail","6":"product_cat-automobile","7":"product_cat-batteries","8":"product_cat-dosage-adhesifs-et-pottings","9":"product_cat-e-mobilite","10":"product_cat-electronique","11":"product_cat-energie","12":"product_cat-equipement","13":"product_cat-ferroviaire","14":"product_cat-giebler","15":"product_cat-industrie-generale","16":"pa_brands-fritz-giebler-fr","18":"first","19":"instock","20":"shipping-taxable","21":"product-type-simple"},"acf":[],"_yoast_wpseo_focuskw":"2-K-DOS","_yoast_wpseo_metadesc":"Le syst\u00e8me de m\u00e9lange et de distribution permet de m\u00e9langer et de distribuer rapidement et exactement des compos\u00e9s de coul\u00e9e et des adh\u00e9sifs \u00e0 2 composants \u00e0 base de polyur\u00e9thane, d'\u00e9poxy ou de silicone.","yoast_head":"<!-- This site is optimized with the Yoast SEO Premium plugin v21.6 (Yoast SEO v27.4) - https:\/\/yoast.com\/product\/yoast-seo-premium-wordpress\/ -->\n<title>2-K-DOS - CREDIMEX<\/title>\n<meta name=\"description\" content=\"Le syst\u00e8me de m\u00e9lange et de distribution permet de m\u00e9langer et de distribuer rapidement et exactement des compos\u00e9s de coul\u00e9e et des adh\u00e9sifs \u00e0 2 composants \u00e0 base de polyur\u00e9thane, d&#039;\u00e9poxy ou de silicone.\" \/>\n<meta name=\"robots\" content=\"index, follow, max-snippet:-1, max-image-preview:large, max-video-preview:-1\" \/>\n<link rel=\"canonical\" href=\"https:\/\/www.credimex.ch\/fr\/produit\/2-k-dos\/\" \/>\n<meta property=\"og:locale\" content=\"fr_FR\" \/>\n<meta property=\"og:type\" content=\"article\" \/>\n<meta property=\"og:title\" content=\"2-K-DOS\" \/>\n<meta property=\"og:description\" content=\"Le syst\u00e8me de m\u00e9lange et de distribution permet de m\u00e9langer et de distribuer rapidement et exactement des compos\u00e9s de coul\u00e9e et des adh\u00e9sifs \u00e0 2 composants \u00e0 base de polyur\u00e9thane, d&#039;\u00e9poxy ou de silicone.\" \/>\n<meta property=\"og:url\" content=\"https:\/\/www.credimex.ch\/fr\/produit\/2-k-dos\/\" \/>\n<meta property=\"og:site_name\" content=\"CREDIMEX\" \/>\n<meta property=\"article:publisher\" content=\"https:\/\/www.facebook.com\/credimex.alpnach\/\" \/>\n<meta property=\"article:modified_time\" content=\"2023-06-19T15:21:03+00:00\" \/>\n<meta property=\"og:image\" content=\"https:\/\/www.credimex.ch\/wp-content\/uploads\/2022\/09\/2-K-DOS-e1662451685532.jpeg\" \/>\n\t<meta property=\"og:image:width\" content=\"586\" \/>\n\t<meta property=\"og:image:height\" content=\"586\" \/>\n\t<meta property=\"og:image:type\" content=\"image\/jpeg\" \/>\n<meta name=\"twitter:card\" content=\"summary_large_image\" \/>\n<meta name=\"twitter:label1\" content=\"Dur\u00e9e de lecture estim\u00e9e\" \/>\n\t<meta name=\"twitter:data1\" content=\"2 minutes\" \/>\n<script type=\"application\/ld+json\" class=\"yoast-schema-graph\">{\"@context\":\"https:\\\/\\\/schema.org\",\"@graph\":[{\"@type\":\"WebPage\",\"@id\":\"https:\\\/\\\/www.credimex.ch\\\/fr\\\/produit\\\/2-k-dos\\\/\",\"url\":\"https:\\\/\\\/www.credimex.ch\\\/fr\\\/produit\\\/2-k-dos\\\/\",\"name\":\"2-K-DOS - CREDIMEX\",\"isPartOf\":{\"@id\":\"https:\\\/\\\/www.credimex.ch\\\/fr\\\/#website\"},\"primaryImageOfPage\":{\"@id\":\"https:\\\/\\\/www.credimex.ch\\\/fr\\\/produit\\\/2-k-dos\\\/#primaryimage\"},\"image\":{\"@id\":\"https:\\\/\\\/www.credimex.ch\\\/fr\\\/produit\\\/2-k-dos\\\/#primaryimage\"},\"thumbnailUrl\":\"https:\\\/\\\/www.credimex.ch\\\/wp-content\\\/uploads\\\/2022\\\/09\\\/2-K-DOS-e1662451685532.jpeg\",\"datePublished\":\"2022-09-06T08:08:16+00:00\",\"dateModified\":\"2023-06-19T15:21:03+00:00\",\"description\":\"Le syst\u00e8me de m\u00e9lange et de distribution permet de m\u00e9langer et de distribuer rapidement et exactement des compos\u00e9s de coul\u00e9e et des adh\u00e9sifs \u00e0 2 composants \u00e0 base de polyur\u00e9thane, d'\u00e9poxy ou de silicone.\",\"breadcrumb\":{\"@id\":\"https:\\\/\\\/www.credimex.ch\\\/fr\\\/produit\\\/2-k-dos\\\/#breadcrumb\"},\"inLanguage\":\"fr-FR\",\"potentialAction\":[{\"@type\":\"ReadAction\",\"target\":[\"https:\\\/\\\/www.credimex.ch\\\/fr\\\/produit\\\/2-k-dos\\\/\"]}]},{\"@type\":\"ImageObject\",\"inLanguage\":\"fr-FR\",\"@id\":\"https:\\\/\\\/www.credimex.ch\\\/fr\\\/produit\\\/2-k-dos\\\/#primaryimage\",\"url\":\"https:\\\/\\\/www.credimex.ch\\\/wp-content\\\/uploads\\\/2022\\\/09\\\/2-K-DOS-e1662451685532.jpeg\",\"contentUrl\":\"https:\\\/\\\/www.credimex.ch\\\/wp-content\\\/uploads\\\/2022\\\/09\\\/2-K-DOS-e1662451685532.jpeg\",\"width\":586,\"height\":586},{\"@type\":\"BreadcrumbList\",\"@id\":\"https:\\\/\\\/www.credimex.ch\\\/fr\\\/produit\\\/2-k-dos\\\/#breadcrumb\",\"itemListElement\":[{\"@type\":\"ListItem\",\"position\":1,\"name\":\"Home\",\"item\":\"https:\\\/\\\/www.credimex.ch\\\/fr\\\/\"},{\"@type\":\"ListItem\",\"position\":2,\"name\":\"Produits\",\"item\":\"https:\\\/\\\/www.credimex.ch\\\/fr\\\/produits\\\/\"},{\"@type\":\"ListItem\",\"position\":3,\"name\":\"2-K-DOS\"}]},{\"@type\":\"WebSite\",\"@id\":\"https:\\\/\\\/www.credimex.ch\\\/fr\\\/#website\",\"url\":\"https:\\\/\\\/www.credimex.ch\\\/fr\\\/\",\"name\":\"CREDIMEX\",\"description\":\"Partner of Swiss Industrial Market\",\"publisher\":{\"@id\":\"https:\\\/\\\/www.credimex.ch\\\/fr\\\/#organization\"},\"potentialAction\":[{\"@type\":\"SearchAction\",\"target\":{\"@type\":\"EntryPoint\",\"urlTemplate\":\"https:\\\/\\\/www.credimex.ch\\\/fr\\\/?s={search_term_string}\"},\"query-input\":{\"@type\":\"PropertyValueSpecification\",\"valueRequired\":true,\"valueName\":\"search_term_string\"}}],\"inLanguage\":\"fr-FR\"},{\"@type\":\"Organization\",\"@id\":\"https:\\\/\\\/www.credimex.ch\\\/fr\\\/#organization\",\"name\":\"credimex\",\"url\":\"https:\\\/\\\/www.credimex.ch\\\/fr\\\/\",\"logo\":{\"@type\":\"ImageObject\",\"inLanguage\":\"fr-FR\",\"@id\":\"https:\\\/\\\/www.credimex.ch\\\/fr\\\/#\\\/schema\\\/logo\\\/image\\\/\",\"url\":\"https:\\\/\\\/www.credimex.ch\\\/wp-content\\\/uploads\\\/2022\\\/03\\\/cropped-logo-credimex.png\",\"contentUrl\":\"https:\\\/\\\/www.credimex.ch\\\/wp-content\\\/uploads\\\/2022\\\/03\\\/cropped-logo-credimex.png\",\"width\":512,\"height\":512,\"caption\":\"credimex\"},\"image\":{\"@id\":\"https:\\\/\\\/www.credimex.ch\\\/fr\\\/#\\\/schema\\\/logo\\\/image\\\/\"},\"sameAs\":[\"https:\\\/\\\/www.facebook.com\\\/credimex.alpnach\\\/\",\"https:\\\/\\\/www.linkedin.com\\\/company\\\/credimex\\\/\",\"https:\\\/\\\/www.youtube.com\\\/@CREDIMEX?sub_confirmation=1\"]}]}<\/script>\n<!-- \/ Yoast SEO Premium plugin. -->","yoast_head_json":{"title":"2-K-DOS - CREDIMEX","description":"Le syst\u00e8me de m\u00e9lange et de distribution permet de m\u00e9langer et de distribuer rapidement et exactement des compos\u00e9s de coul\u00e9e et des adh\u00e9sifs \u00e0 2 composants \u00e0 base de polyur\u00e9thane, d'\u00e9poxy ou de silicone.","robots":{"index":"index","follow":"follow","max-snippet":"max-snippet:-1","max-image-preview":"max-image-preview:large","max-video-preview":"max-video-preview:-1"},"canonical":"https:\/\/www.credimex.ch\/fr\/produit\/2-k-dos\/","og_locale":"fr_FR","og_type":"article","og_title":"2-K-DOS","og_description":"Le syst\u00e8me de m\u00e9lange et de distribution permet de m\u00e9langer et de distribuer rapidement et exactement des compos\u00e9s de coul\u00e9e et des adh\u00e9sifs \u00e0 2 composants \u00e0 base de polyur\u00e9thane, d'\u00e9poxy ou de silicone.","og_url":"https:\/\/www.credimex.ch\/fr\/produit\/2-k-dos\/","og_site_name":"CREDIMEX","article_publisher":"https:\/\/www.facebook.com\/credimex.alpnach\/","article_modified_time":"2023-06-19T15:21:03+00:00","og_image":[{"width":586,"height":586,"url":"https:\/\/www.credimex.ch\/wp-content\/uploads\/2022\/09\/2-K-DOS-e1662451685532.jpeg","type":"image\/jpeg"}],"twitter_card":"summary_large_image","twitter_misc":{"Dur\u00e9e de lecture estim\u00e9e":"2 minutes"},"schema":{"@context":"https:\/\/schema.org","@graph":[{"@type":"WebPage","@id":"https:\/\/www.credimex.ch\/fr\/produit\/2-k-dos\/","url":"https:\/\/www.credimex.ch\/fr\/produit\/2-k-dos\/","name":"2-K-DOS - CREDIMEX","isPartOf":{"@id":"https:\/\/www.credimex.ch\/fr\/#website"},"primaryImageOfPage":{"@id":"https:\/\/www.credimex.ch\/fr\/produit\/2-k-dos\/#primaryimage"},"image":{"@id":"https:\/\/www.credimex.ch\/fr\/produit\/2-k-dos\/#primaryimage"},"thumbnailUrl":"https:\/\/www.credimex.ch\/wp-content\/uploads\/2022\/09\/2-K-DOS-e1662451685532.jpeg","datePublished":"2022-09-06T08:08:16+00:00","dateModified":"2023-06-19T15:21:03+00:00","description":"Le syst\u00e8me de m\u00e9lange et de distribution permet de m\u00e9langer et de distribuer rapidement et exactement des compos\u00e9s de coul\u00e9e et des adh\u00e9sifs \u00e0 2 composants \u00e0 base de polyur\u00e9thane, d'\u00e9poxy ou de silicone.","breadcrumb":{"@id":"https:\/\/www.credimex.ch\/fr\/produit\/2-k-dos\/#breadcrumb"},"inLanguage":"fr-FR","potentialAction":[{"@type":"ReadAction","target":["https:\/\/www.credimex.ch\/fr\/produit\/2-k-dos\/"]}]},{"@type":"ImageObject","inLanguage":"fr-FR","@id":"https:\/\/www.credimex.ch\/fr\/produit\/2-k-dos\/#primaryimage","url":"https:\/\/www.credimex.ch\/wp-content\/uploads\/2022\/09\/2-K-DOS-e1662451685532.jpeg","contentUrl":"https:\/\/www.credimex.ch\/wp-content\/uploads\/2022\/09\/2-K-DOS-e1662451685532.jpeg","width":586,"height":586},{"@type":"BreadcrumbList","@id":"https:\/\/www.credimex.ch\/fr\/produit\/2-k-dos\/#breadcrumb","itemListElement":[{"@type":"ListItem","position":1,"name":"Home","item":"https:\/\/www.credimex.ch\/fr\/"},{"@type":"ListItem","position":2,"name":"Produits","item":"https:\/\/www.credimex.ch\/fr\/produits\/"},{"@type":"ListItem","position":3,"name":"2-K-DOS"}]},{"@type":"WebSite","@id":"https:\/\/www.credimex.ch\/fr\/#website","url":"https:\/\/www.credimex.ch\/fr\/","name":"CREDIMEX","description":"Partner of Swiss Industrial Market","publisher":{"@id":"https:\/\/www.credimex.ch\/fr\/#organization"},"potentialAction":[{"@type":"SearchAction","target":{"@type":"EntryPoint","urlTemplate":"https:\/\/www.credimex.ch\/fr\/?s={search_term_string}"},"query-input":{"@type":"PropertyValueSpecification","valueRequired":true,"valueName":"search_term_string"}}],"inLanguage":"fr-FR"},{"@type":"Organization","@id":"https:\/\/www.credimex.ch\/fr\/#organization","name":"credimex","url":"https:\/\/www.credimex.ch\/fr\/","logo":{"@type":"ImageObject","inLanguage":"fr-FR","@id":"https:\/\/www.credimex.ch\/fr\/#\/schema\/logo\/image\/","url":"https:\/\/www.credimex.ch\/wp-content\/uploads\/2022\/03\/cropped-logo-credimex.png","contentUrl":"https:\/\/www.credimex.ch\/wp-content\/uploads\/2022\/03\/cropped-logo-credimex.png","width":512,"height":512,"caption":"credimex"},"image":{"@id":"https:\/\/www.credimex.ch\/fr\/#\/schema\/logo\/image\/"},"sameAs":["https:\/\/www.facebook.com\/credimex.alpnach\/","https:\/\/www.linkedin.com\/company\/credimex\/","https:\/\/www.youtube.com\/@CREDIMEX?sub_confirmation=1"]}]}},"_links":{"self":[{"href":"https:\/\/www.credimex.ch\/fr\/wp-json\/wp\/v2\/product\/3925","targetHints":{"allow":["GET"]}}],"collection":[{"href":"https:\/\/www.credimex.ch\/fr\/wp-json\/wp\/v2\/product"}],"about":[{"href":"https:\/\/www.credimex.ch\/fr\/wp-json\/wp\/v2\/types\/product"}],"replies":[{"embeddable":true,"href":"https:\/\/www.credimex.ch\/fr\/wp-json\/wp\/v2\/comments?post=3925"}],"wp:featuredmedia":[{"embeddable":true,"href":"https:\/\/www.credimex.ch\/fr\/wp-json\/wp\/v2\/media\/3644"}],"wp:attachment":[{"href":"https:\/\/www.credimex.ch\/fr\/wp-json\/wp\/v2\/media?parent=3925"}],"wp:term":[{"taxonomy":"product_brand","embeddable":true,"href":"https:\/\/www.credimex.ch\/fr\/wp-json\/wp\/v2\/product_brand?post=3925"},{"taxonomy":"product_cat","embeddable":true,"href":"https:\/\/www.credimex.ch\/fr\/wp-json\/wp\/v2\/product_cat?post=3925"},{"taxonomy":"product_tag","embeddable":true,"href":"https:\/\/www.credimex.ch\/fr\/wp-json\/wp\/v2\/product_tag?post=3925"}],"curies":[{"name":"wp","href":"https:\/\/api.w.org\/{rel}","templated":true}]}}