{"id":3931,"date":"2022-09-05T12:51:45","date_gmt":"2022-09-05T10:51:45","guid":{"rendered":"https:\/\/www.credimex.ch.mialias.net\/product\/lin-dos-s\/"},"modified":"2022-09-05T12:51:45","modified_gmt":"2022-09-05T10:51:45","slug":"lin-dos-s-2","status":"publish","type":"product","link":"https:\/\/www.credimex.ch\/fr\/produit\/lin-dos-s-2\/","title":{"rendered":"LIN-DOS-S"},"content":{"rendered":"<p>Le LIN-DOS S est une unit\u00e9 lin\u00e9aire \u00e0 trois axes pour le moulage automatique de barres, en particulier de barres lumineuses \u00e0 LED, avec les unit\u00e9s de m\u00e9lange et de distribution 2-K-DOS et 2-K-MiniDOS.<\/p>\n<p>Le dispositif comprend un rail qui repr\u00e9sente l&rsquo;axe X sur lequel se d\u00e9place un wagon qui porte les dispositifs de m\u00e9lange et de distribution.<\/p>\n<p>Un bras mont\u00e9 sur le chariot et pouvant se d\u00e9placer sur l&rsquo;axe Y et l&rsquo;axe Z porte la t\u00eate de distribution du dispositif de distribution.<\/p>\n<p>La vitesse du wagon et les itin\u00e9raires ou points de d\u00e9placement et de distribution sont programm\u00e9s et command\u00e9s \u00e0 l&rsquo;aide d&rsquo;un \u00e9cran tactile pilot\u00e9 par menu.<\/p>\n<p>Il est ainsi possible de sceller automatiquement un certain nombre de barres de LED parall\u00e8les \u00e0 l&rsquo;axe X et situ\u00e9es les unes \u00e0 c\u00f4t\u00e9 des autres. Le LIN-DOS S r\u00e9gule la distribution.<\/p>\n<p>La vitesse du chariot et le taux de distribution peuvent \u00eatre finement ajust\u00e9s l&rsquo;un \u00e0 l&rsquo;autre.<\/p>\n<p>Le LIN-DOS S peut \u00eatre \u00e9quip\u00e9 en option d&rsquo;un double wagon pour 2 unit\u00e9s de distribution. Associ\u00e9 \u00e0 l&rsquo;adaptateur 4-K, le LIN-DOS S peut alors distribuer jusqu&rsquo;\u00e0 3 m\u00e9langes diff\u00e9rents, par exemple des m\u00e9langes avec diff\u00e9rents mat\u00e9riaux de remplissage diffusants ou opacifiants pour les barres de LED.<\/p>\n","protected":false},"excerpt":{"rendered":"<p>Syst\u00e8me de scellement automatique<\/p>\n","protected":false},"featured_media":3620,"comment_status":"open","ping_status":"closed","template":"","meta":{"_acf_changed":false},"product_brand":[],"product_cat":[340,413,498,376,411,384,489,375,445,360],"product_tag":[],"class_list":{"0":"post-3931","1":"product","2":"type-product","3":"status-publish","4":"has-post-thumbnail","6":"product_cat-automobile","7":"product_cat-batteries","8":"product_cat-dosage-adhesifs-et-pottings","9":"product_cat-e-mobilite","10":"product_cat-electronique","11":"product_cat-energie","12":"product_cat-equipement","13":"product_cat-ferroviaire","14":"product_cat-giebler","15":"product_cat-industrie-generale","16":"pa_brands-fritz-giebler-fr","18":"first","19":"instock","20":"shipping-taxable","21":"product-type-simple"},"acf":[],"_yoast_wpseo_focuskw":"LIN-DOS-S","_yoast_wpseo_metadesc":"Unit\u00e9 lin\u00e9aire pour le scellement automatique de barres, notamment de barres lumineuses \u00e0 LED, avec les unit\u00e9s de m\u00e9lange et de distribution 2-K-DOS ou 2-K-MiniDOS.","yoast_head":"<!-- This site is optimized with the Yoast SEO Premium plugin v21.6 (Yoast SEO v27.4) - https:\/\/yoast.com\/product\/yoast-seo-premium-wordpress\/ -->\n<title>LIN-DOS-S - CREDIMEX<\/title>\n<meta name=\"description\" content=\"Unit\u00e9 lin\u00e9aire pour le scellement automatique de barres, notamment de barres lumineuses \u00e0 LED, avec les unit\u00e9s de m\u00e9lange et de distribution 2-K-DOS ou 2-K-MiniDOS.\" \/>\n<meta name=\"robots\" content=\"index, follow, max-snippet:-1, max-image-preview:large, max-video-preview:-1\" \/>\n<link rel=\"canonical\" href=\"https:\/\/www.credimex.ch\/fr\/produit\/lin-dos-s-2\/\" \/>\n<meta property=\"og:locale\" content=\"fr_FR\" \/>\n<meta property=\"og:type\" content=\"article\" \/>\n<meta property=\"og:title\" content=\"LIN-DOS-S\" \/>\n<meta property=\"og:description\" content=\"Unit\u00e9 lin\u00e9aire pour le scellement automatique de barres, notamment de barres lumineuses \u00e0 LED, avec les unit\u00e9s de m\u00e9lange et de distribution 2-K-DOS ou 2-K-MiniDOS.\" \/>\n<meta property=\"og:url\" content=\"https:\/\/www.credimex.ch\/fr\/produit\/lin-dos-s-2\/\" \/>\n<meta property=\"og:site_name\" content=\"CREDIMEX\" \/>\n<meta property=\"article:publisher\" content=\"https:\/\/www.facebook.com\/credimex.alpnach\/\" \/>\n<meta property=\"og:image\" content=\"https:\/\/www.credimex.ch\/wp-content\/uploads\/2022\/09\/lin-dos.jpeg\" \/>\n\t<meta property=\"og:image:width\" content=\"726\" \/>\n\t<meta property=\"og:image:height\" content=\"587\" \/>\n\t<meta property=\"og:image:type\" content=\"image\/jpeg\" \/>\n<meta name=\"twitter:card\" content=\"summary_large_image\" \/>\n<meta name=\"twitter:label1\" content=\"Dur\u00e9e de lecture estim\u00e9e\" \/>\n\t<meta name=\"twitter:data1\" content=\"1 minute\" \/>\n<script type=\"application\/ld+json\" class=\"yoast-schema-graph\">{\"@context\":\"https:\\\/\\\/schema.org\",\"@graph\":[{\"@type\":\"WebPage\",\"@id\":\"https:\\\/\\\/www.credimex.ch\\\/fr\\\/produit\\\/lin-dos-s-2\\\/\",\"url\":\"https:\\\/\\\/www.credimex.ch\\\/fr\\\/produit\\\/lin-dos-s-2\\\/\",\"name\":\"LIN-DOS-S - CREDIMEX\",\"isPartOf\":{\"@id\":\"https:\\\/\\\/www.credimex.ch\\\/fr\\\/#website\"},\"primaryImageOfPage\":{\"@id\":\"https:\\\/\\\/www.credimex.ch\\\/fr\\\/produit\\\/lin-dos-s-2\\\/#primaryimage\"},\"image\":{\"@id\":\"https:\\\/\\\/www.credimex.ch\\\/fr\\\/produit\\\/lin-dos-s-2\\\/#primaryimage\"},\"thumbnailUrl\":\"https:\\\/\\\/www.credimex.ch\\\/wp-content\\\/uploads\\\/2022\\\/09\\\/lin-dos.jpeg\",\"datePublished\":\"2022-09-05T10:51:45+00:00\",\"description\":\"Unit\u00e9 lin\u00e9aire pour le scellement automatique de barres, notamment de barres lumineuses \u00e0 LED, avec les unit\u00e9s de m\u00e9lange et de distribution 2-K-DOS ou 2-K-MiniDOS.\",\"breadcrumb\":{\"@id\":\"https:\\\/\\\/www.credimex.ch\\\/fr\\\/produit\\\/lin-dos-s-2\\\/#breadcrumb\"},\"inLanguage\":\"fr-FR\",\"potentialAction\":[{\"@type\":\"ReadAction\",\"target\":[\"https:\\\/\\\/www.credimex.ch\\\/fr\\\/produit\\\/lin-dos-s-2\\\/\"]}]},{\"@type\":\"ImageObject\",\"inLanguage\":\"fr-FR\",\"@id\":\"https:\\\/\\\/www.credimex.ch\\\/fr\\\/produit\\\/lin-dos-s-2\\\/#primaryimage\",\"url\":\"https:\\\/\\\/www.credimex.ch\\\/wp-content\\\/uploads\\\/2022\\\/09\\\/lin-dos.jpeg\",\"contentUrl\":\"https:\\\/\\\/www.credimex.ch\\\/wp-content\\\/uploads\\\/2022\\\/09\\\/lin-dos.jpeg\",\"width\":726,\"height\":587},{\"@type\":\"BreadcrumbList\",\"@id\":\"https:\\\/\\\/www.credimex.ch\\\/fr\\\/produit\\\/lin-dos-s-2\\\/#breadcrumb\",\"itemListElement\":[{\"@type\":\"ListItem\",\"position\":1,\"name\":\"Home\",\"item\":\"https:\\\/\\\/www.credimex.ch\\\/fr\\\/\"},{\"@type\":\"ListItem\",\"position\":2,\"name\":\"Produits\",\"item\":\"https:\\\/\\\/www.credimex.ch\\\/fr\\\/produits\\\/\"},{\"@type\":\"ListItem\",\"position\":3,\"name\":\"LIN-DOS-S\"}]},{\"@type\":\"WebSite\",\"@id\":\"https:\\\/\\\/www.credimex.ch\\\/fr\\\/#website\",\"url\":\"https:\\\/\\\/www.credimex.ch\\\/fr\\\/\",\"name\":\"CREDIMEX\",\"description\":\"Partner of Swiss Industrial Market\",\"publisher\":{\"@id\":\"https:\\\/\\\/www.credimex.ch\\\/fr\\\/#organization\"},\"potentialAction\":[{\"@type\":\"SearchAction\",\"target\":{\"@type\":\"EntryPoint\",\"urlTemplate\":\"https:\\\/\\\/www.credimex.ch\\\/fr\\\/?s={search_term_string}\"},\"query-input\":{\"@type\":\"PropertyValueSpecification\",\"valueRequired\":true,\"valueName\":\"search_term_string\"}}],\"inLanguage\":\"fr-FR\"},{\"@type\":\"Organization\",\"@id\":\"https:\\\/\\\/www.credimex.ch\\\/fr\\\/#organization\",\"name\":\"credimex\",\"url\":\"https:\\\/\\\/www.credimex.ch\\\/fr\\\/\",\"logo\":{\"@type\":\"ImageObject\",\"inLanguage\":\"fr-FR\",\"@id\":\"https:\\\/\\\/www.credimex.ch\\\/fr\\\/#\\\/schema\\\/logo\\\/image\\\/\",\"url\":\"https:\\\/\\\/www.credimex.ch\\\/wp-content\\\/uploads\\\/2022\\\/03\\\/cropped-logo-credimex.png\",\"contentUrl\":\"https:\\\/\\\/www.credimex.ch\\\/wp-content\\\/uploads\\\/2022\\\/03\\\/cropped-logo-credimex.png\",\"width\":512,\"height\":512,\"caption\":\"credimex\"},\"image\":{\"@id\":\"https:\\\/\\\/www.credimex.ch\\\/fr\\\/#\\\/schema\\\/logo\\\/image\\\/\"},\"sameAs\":[\"https:\\\/\\\/www.facebook.com\\\/credimex.alpnach\\\/\",\"https:\\\/\\\/www.linkedin.com\\\/company\\\/credimex\\\/\",\"https:\\\/\\\/www.youtube.com\\\/@CREDIMEX?sub_confirmation=1\"]}]}<\/script>\n<!-- \/ Yoast SEO Premium plugin. -->","yoast_head_json":{"title":"LIN-DOS-S - CREDIMEX","description":"Unit\u00e9 lin\u00e9aire pour le scellement automatique de barres, notamment de barres lumineuses \u00e0 LED, avec les unit\u00e9s de m\u00e9lange et de distribution 2-K-DOS ou 2-K-MiniDOS.","robots":{"index":"index","follow":"follow","max-snippet":"max-snippet:-1","max-image-preview":"max-image-preview:large","max-video-preview":"max-video-preview:-1"},"canonical":"https:\/\/www.credimex.ch\/fr\/produit\/lin-dos-s-2\/","og_locale":"fr_FR","og_type":"article","og_title":"LIN-DOS-S","og_description":"Unit\u00e9 lin\u00e9aire pour le scellement automatique de barres, notamment de barres lumineuses \u00e0 LED, avec les unit\u00e9s de m\u00e9lange et de distribution 2-K-DOS ou 2-K-MiniDOS.","og_url":"https:\/\/www.credimex.ch\/fr\/produit\/lin-dos-s-2\/","og_site_name":"CREDIMEX","article_publisher":"https:\/\/www.facebook.com\/credimex.alpnach\/","og_image":[{"width":726,"height":587,"url":"https:\/\/www.credimex.ch\/wp-content\/uploads\/2022\/09\/lin-dos.jpeg","type":"image\/jpeg"}],"twitter_card":"summary_large_image","twitter_misc":{"Dur\u00e9e de lecture estim\u00e9e":"1 minute"},"schema":{"@context":"https:\/\/schema.org","@graph":[{"@type":"WebPage","@id":"https:\/\/www.credimex.ch\/fr\/produit\/lin-dos-s-2\/","url":"https:\/\/www.credimex.ch\/fr\/produit\/lin-dos-s-2\/","name":"LIN-DOS-S - CREDIMEX","isPartOf":{"@id":"https:\/\/www.credimex.ch\/fr\/#website"},"primaryImageOfPage":{"@id":"https:\/\/www.credimex.ch\/fr\/produit\/lin-dos-s-2\/#primaryimage"},"image":{"@id":"https:\/\/www.credimex.ch\/fr\/produit\/lin-dos-s-2\/#primaryimage"},"thumbnailUrl":"https:\/\/www.credimex.ch\/wp-content\/uploads\/2022\/09\/lin-dos.jpeg","datePublished":"2022-09-05T10:51:45+00:00","description":"Unit\u00e9 lin\u00e9aire pour le scellement automatique de barres, notamment de barres lumineuses \u00e0 LED, avec les unit\u00e9s de m\u00e9lange et de distribution 2-K-DOS ou 2-K-MiniDOS.","breadcrumb":{"@id":"https:\/\/www.credimex.ch\/fr\/produit\/lin-dos-s-2\/#breadcrumb"},"inLanguage":"fr-FR","potentialAction":[{"@type":"ReadAction","target":["https:\/\/www.credimex.ch\/fr\/produit\/lin-dos-s-2\/"]}]},{"@type":"ImageObject","inLanguage":"fr-FR","@id":"https:\/\/www.credimex.ch\/fr\/produit\/lin-dos-s-2\/#primaryimage","url":"https:\/\/www.credimex.ch\/wp-content\/uploads\/2022\/09\/lin-dos.jpeg","contentUrl":"https:\/\/www.credimex.ch\/wp-content\/uploads\/2022\/09\/lin-dos.jpeg","width":726,"height":587},{"@type":"BreadcrumbList","@id":"https:\/\/www.credimex.ch\/fr\/produit\/lin-dos-s-2\/#breadcrumb","itemListElement":[{"@type":"ListItem","position":1,"name":"Home","item":"https:\/\/www.credimex.ch\/fr\/"},{"@type":"ListItem","position":2,"name":"Produits","item":"https:\/\/www.credimex.ch\/fr\/produits\/"},{"@type":"ListItem","position":3,"name":"LIN-DOS-S"}]},{"@type":"WebSite","@id":"https:\/\/www.credimex.ch\/fr\/#website","url":"https:\/\/www.credimex.ch\/fr\/","name":"CREDIMEX","description":"Partner of Swiss Industrial Market","publisher":{"@id":"https:\/\/www.credimex.ch\/fr\/#organization"},"potentialAction":[{"@type":"SearchAction","target":{"@type":"EntryPoint","urlTemplate":"https:\/\/www.credimex.ch\/fr\/?s={search_term_string}"},"query-input":{"@type":"PropertyValueSpecification","valueRequired":true,"valueName":"search_term_string"}}],"inLanguage":"fr-FR"},{"@type":"Organization","@id":"https:\/\/www.credimex.ch\/fr\/#organization","name":"credimex","url":"https:\/\/www.credimex.ch\/fr\/","logo":{"@type":"ImageObject","inLanguage":"fr-FR","@id":"https:\/\/www.credimex.ch\/fr\/#\/schema\/logo\/image\/","url":"https:\/\/www.credimex.ch\/wp-content\/uploads\/2022\/03\/cropped-logo-credimex.png","contentUrl":"https:\/\/www.credimex.ch\/wp-content\/uploads\/2022\/03\/cropped-logo-credimex.png","width":512,"height":512,"caption":"credimex"},"image":{"@id":"https:\/\/www.credimex.ch\/fr\/#\/schema\/logo\/image\/"},"sameAs":["https:\/\/www.facebook.com\/credimex.alpnach\/","https:\/\/www.linkedin.com\/company\/credimex\/","https:\/\/www.youtube.com\/@CREDIMEX?sub_confirmation=1"]}]}},"_links":{"self":[{"href":"https:\/\/www.credimex.ch\/fr\/wp-json\/wp\/v2\/product\/3931","targetHints":{"allow":["GET"]}}],"collection":[{"href":"https:\/\/www.credimex.ch\/fr\/wp-json\/wp\/v2\/product"}],"about":[{"href":"https:\/\/www.credimex.ch\/fr\/wp-json\/wp\/v2\/types\/product"}],"replies":[{"embeddable":true,"href":"https:\/\/www.credimex.ch\/fr\/wp-json\/wp\/v2\/comments?post=3931"}],"wp:featuredmedia":[{"embeddable":true,"href":"https:\/\/www.credimex.ch\/fr\/wp-json\/wp\/v2\/media\/3620"}],"wp:attachment":[{"href":"https:\/\/www.credimex.ch\/fr\/wp-json\/wp\/v2\/media?parent=3931"}],"wp:term":[{"taxonomy":"product_brand","embeddable":true,"href":"https:\/\/www.credimex.ch\/fr\/wp-json\/wp\/v2\/product_brand?post=3931"},{"taxonomy":"product_cat","embeddable":true,"href":"https:\/\/www.credimex.ch\/fr\/wp-json\/wp\/v2\/product_cat?post=3931"},{"taxonomy":"product_tag","embeddable":true,"href":"https:\/\/www.credimex.ch\/fr\/wp-json\/wp\/v2\/product_tag?post=3931"}],"curies":[{"name":"wp","href":"https:\/\/api.w.org\/{rel}","templated":true}]}}