{"id":3933,"date":"2022-09-05T12:17:47","date_gmt":"2022-09-05T10:17:47","guid":{"rendered":"https:\/\/www.credimex.ch.mialias.net\/product\/robo-dos\/"},"modified":"2022-09-05T12:17:47","modified_gmt":"2022-09-05T10:17:47","slug":"robo-dos-2","status":"publish","type":"product","link":"https:\/\/www.credimex.ch\/fr\/produit\/robo-dos-2\/","title":{"rendered":"ROBO-DOS"},"content":{"rendered":"<p>Associ\u00e9e au syst\u00e8me de m\u00e9lange et de distribution 2-K-DOS, la table de coordonn\u00e9es \u00e0 trois axes ROBO-DOS constitue un syst\u00e8me permettant de sceller de mani\u00e8re enti\u00e8rement automatique des modules et des pi\u00e8ces tels que des assemblages \u00e9lectroniques, des capteurs, des billes de scellement et des rev\u00eatements.<\/p>\n<p>Les pi\u00e8ces peuvent \u00eatre scell\u00e9es en un point ou avec une rainure. Ils peuvent \u00eatre dispos\u00e9s en groupes sur une palette, puis le dispositif peut les sceller automatiquement, l&rsquo;un apr\u00e8s l&rsquo;autre.<\/p>\n<p>L&rsquo;appareil fonctionne \u00e0 l&rsquo;aide d&rsquo;un \u00e9cran tactile prot\u00e9g\u00e9 par un mot de passe et pilot\u00e9 par un menu. Les rainures de coul\u00e9e des pi\u00e8ces peuvent \u00eatre programm\u00e9es et m\u00e9moris\u00e9es. Des unit\u00e9s suppl\u00e9mentaires pour le contr\u00f4le de la trajectoire et de la taille du tir sont disponibles.<\/p>\n<h2><\/h2>\n<h2>Types<\/h2>\n<ul>\n<li>Diff\u00e9rentes tailles de la zone active, de 40 x 30 \u00e0 100 x 60 et plus.<\/li>\n<li>Appareil de table pour les dimensions standard, appareil au sol pour les grandes surfaces.<\/li>\n<\/ul>\n<p>&nbsp;<\/p>\n<h2>Applications<\/h2>\n<ul>\n<li>Scellement enti\u00e8rement automatique d&rsquo;assemblages \u00e9lectroniques et de capteurs<\/li>\n<li>Application de rainures et de rev\u00eatements \u00e9tanches et adh\u00e9sifs<\/li>\n<li>Fabrication de pi\u00e8ces avec des moules d&#8217;empotage<\/li>\n<\/ul>\n<p>&nbsp;<\/p>\n<h2>Accessoires et fonctions sp\u00e9ciales<\/h2>\n<p>&nbsp;<\/p>\n<ul>\n<li>Support et contr\u00f4leur pour 1 ou 2 t\u00eates de distribution<\/li>\n<li>Pes\u00e9e automatique des plans en guise de contr\u00f4le<\/li>\n<li>Contr\u00f4le de la position<\/li>\n<li>Stockage de 20 zones d&rsquo;op\u00e9ration, sauvegarde vers et depuis un PC<\/li>\n<li>Voyager dans trois coordonn\u00e9es simultan\u00e9ment<\/li>\n<li>D\u00e9placement en arc de cercle<\/li>\n<\/ul>\n<p>&nbsp;<\/p>\n<p>&nbsp;<\/p>\n","protected":false},"excerpt":{"rendered":"<p>Syst\u00e8me de m\u00e9lange et de distribution<\/p>\n","protected":false},"featured_media":3618,"comment_status":"open","ping_status":"closed","template":"","meta":{"_acf_changed":false},"product_brand":[],"product_cat":[340,413,376,411,384,375,445,360],"product_tag":[],"class_list":{"0":"post-3933","1":"product","2":"type-product","3":"status-publish","4":"has-post-thumbnail","6":"product_cat-automobile","7":"product_cat-batteries","8":"product_cat-e-mobilite","9":"product_cat-electronique","10":"product_cat-energie","11":"product_cat-ferroviaire","12":"product_cat-giebler","13":"product_cat-industrie-generale","14":"pa_brands-fritz-giebler-fr","16":"first","17":"instock","18":"shipping-taxable","19":"product-type-simple"},"acf":[],"_yoast_wpseo_focuskw":"ROBO-DOS","_yoast_wpseo_metadesc":"Associ\u00e9e au syst\u00e8me de distribution 2-K-DOS, la table de coordonn\u00e9es \u00e0 trois axes ROBO-DOS constitue un syst\u00e8me robotique pour le scellement enti\u00e8rement automatique des modules.","yoast_head":"<!-- This site is optimized with the Yoast SEO Premium plugin v21.6 (Yoast SEO v27.4) - https:\/\/yoast.com\/product\/yoast-seo-premium-wordpress\/ -->\n<title>ROBO-DOS - CREDIMEX<\/title>\n<meta name=\"description\" content=\"Associ\u00e9e au syst\u00e8me de distribution 2-K-DOS, la table de coordonn\u00e9es \u00e0 trois axes ROBO-DOS constitue un syst\u00e8me robotique pour le scellement enti\u00e8rement automatique des modules.\" \/>\n<meta name=\"robots\" content=\"index, follow, max-snippet:-1, max-image-preview:large, max-video-preview:-1\" \/>\n<link rel=\"canonical\" href=\"https:\/\/www.credimex.ch\/fr\/produit\/robo-dos-2\/\" \/>\n<meta property=\"og:locale\" content=\"fr_FR\" \/>\n<meta property=\"og:type\" content=\"article\" \/>\n<meta property=\"og:title\" content=\"ROBO-DOS\" \/>\n<meta property=\"og:description\" content=\"Associ\u00e9e au syst\u00e8me de distribution 2-K-DOS, la table de coordonn\u00e9es \u00e0 trois axes ROBO-DOS constitue un syst\u00e8me robotique pour le scellement enti\u00e8rement automatique des modules.\" \/>\n<meta property=\"og:url\" content=\"https:\/\/www.credimex.ch\/fr\/produit\/robo-dos-2\/\" \/>\n<meta property=\"og:site_name\" content=\"CREDIMEX\" \/>\n<meta property=\"article:publisher\" content=\"https:\/\/www.facebook.com\/credimex.alpnach\/\" \/>\n<meta property=\"og:image\" content=\"https:\/\/www.credimex.ch\/wp-content\/uploads\/2022\/09\/ROBO-DOS-e1662373053186.jpeg\" \/>\n\t<meta property=\"og:image:width\" content=\"586\" \/>\n\t<meta property=\"og:image:height\" content=\"586\" \/>\n\t<meta property=\"og:image:type\" content=\"image\/jpeg\" \/>\n<meta name=\"twitter:card\" content=\"summary_large_image\" \/>\n<meta name=\"twitter:label1\" content=\"Dur\u00e9e de lecture estim\u00e9e\" \/>\n\t<meta name=\"twitter:data1\" content=\"1 minute\" \/>\n<script type=\"application\/ld+json\" class=\"yoast-schema-graph\">{\"@context\":\"https:\\\/\\\/schema.org\",\"@graph\":[{\"@type\":\"WebPage\",\"@id\":\"https:\\\/\\\/www.credimex.ch\\\/fr\\\/produit\\\/robo-dos-2\\\/\",\"url\":\"https:\\\/\\\/www.credimex.ch\\\/fr\\\/produit\\\/robo-dos-2\\\/\",\"name\":\"ROBO-DOS - CREDIMEX\",\"isPartOf\":{\"@id\":\"https:\\\/\\\/www.credimex.ch\\\/fr\\\/#website\"},\"primaryImageOfPage\":{\"@id\":\"https:\\\/\\\/www.credimex.ch\\\/fr\\\/produit\\\/robo-dos-2\\\/#primaryimage\"},\"image\":{\"@id\":\"https:\\\/\\\/www.credimex.ch\\\/fr\\\/produit\\\/robo-dos-2\\\/#primaryimage\"},\"thumbnailUrl\":\"https:\\\/\\\/www.credimex.ch\\\/wp-content\\\/uploads\\\/2022\\\/09\\\/ROBO-DOS-e1662373053186.jpeg\",\"datePublished\":\"2022-09-05T10:17:47+00:00\",\"description\":\"Associ\u00e9e au syst\u00e8me de distribution 2-K-DOS, la table de coordonn\u00e9es \u00e0 trois axes ROBO-DOS constitue un syst\u00e8me robotique pour le scellement enti\u00e8rement automatique des modules.\",\"breadcrumb\":{\"@id\":\"https:\\\/\\\/www.credimex.ch\\\/fr\\\/produit\\\/robo-dos-2\\\/#breadcrumb\"},\"inLanguage\":\"fr-FR\",\"potentialAction\":[{\"@type\":\"ReadAction\",\"target\":[\"https:\\\/\\\/www.credimex.ch\\\/fr\\\/produit\\\/robo-dos-2\\\/\"]}]},{\"@type\":\"ImageObject\",\"inLanguage\":\"fr-FR\",\"@id\":\"https:\\\/\\\/www.credimex.ch\\\/fr\\\/produit\\\/robo-dos-2\\\/#primaryimage\",\"url\":\"https:\\\/\\\/www.credimex.ch\\\/wp-content\\\/uploads\\\/2022\\\/09\\\/ROBO-DOS-e1662373053186.jpeg\",\"contentUrl\":\"https:\\\/\\\/www.credimex.ch\\\/wp-content\\\/uploads\\\/2022\\\/09\\\/ROBO-DOS-e1662373053186.jpeg\",\"width\":586,\"height\":586},{\"@type\":\"BreadcrumbList\",\"@id\":\"https:\\\/\\\/www.credimex.ch\\\/fr\\\/produit\\\/robo-dos-2\\\/#breadcrumb\",\"itemListElement\":[{\"@type\":\"ListItem\",\"position\":1,\"name\":\"Home\",\"item\":\"https:\\\/\\\/www.credimex.ch\\\/fr\\\/\"},{\"@type\":\"ListItem\",\"position\":2,\"name\":\"Produits\",\"item\":\"https:\\\/\\\/www.credimex.ch\\\/fr\\\/produits\\\/\"},{\"@type\":\"ListItem\",\"position\":3,\"name\":\"ROBO-DOS\"}]},{\"@type\":\"WebSite\",\"@id\":\"https:\\\/\\\/www.credimex.ch\\\/fr\\\/#website\",\"url\":\"https:\\\/\\\/www.credimex.ch\\\/fr\\\/\",\"name\":\"CREDIMEX\",\"description\":\"Partner of Swiss Industrial Market\",\"publisher\":{\"@id\":\"https:\\\/\\\/www.credimex.ch\\\/fr\\\/#organization\"},\"potentialAction\":[{\"@type\":\"SearchAction\",\"target\":{\"@type\":\"EntryPoint\",\"urlTemplate\":\"https:\\\/\\\/www.credimex.ch\\\/fr\\\/?s={search_term_string}\"},\"query-input\":{\"@type\":\"PropertyValueSpecification\",\"valueRequired\":true,\"valueName\":\"search_term_string\"}}],\"inLanguage\":\"fr-FR\"},{\"@type\":\"Organization\",\"@id\":\"https:\\\/\\\/www.credimex.ch\\\/fr\\\/#organization\",\"name\":\"credimex\",\"url\":\"https:\\\/\\\/www.credimex.ch\\\/fr\\\/\",\"logo\":{\"@type\":\"ImageObject\",\"inLanguage\":\"fr-FR\",\"@id\":\"https:\\\/\\\/www.credimex.ch\\\/fr\\\/#\\\/schema\\\/logo\\\/image\\\/\",\"url\":\"https:\\\/\\\/www.credimex.ch\\\/wp-content\\\/uploads\\\/2022\\\/03\\\/cropped-logo-credimex.png\",\"contentUrl\":\"https:\\\/\\\/www.credimex.ch\\\/wp-content\\\/uploads\\\/2022\\\/03\\\/cropped-logo-credimex.png\",\"width\":512,\"height\":512,\"caption\":\"credimex\"},\"image\":{\"@id\":\"https:\\\/\\\/www.credimex.ch\\\/fr\\\/#\\\/schema\\\/logo\\\/image\\\/\"},\"sameAs\":[\"https:\\\/\\\/www.facebook.com\\\/credimex.alpnach\\\/\",\"https:\\\/\\\/www.linkedin.com\\\/company\\\/credimex\\\/\",\"https:\\\/\\\/www.youtube.com\\\/@CREDIMEX?sub_confirmation=1\"]}]}<\/script>\n<!-- \/ Yoast SEO Premium plugin. -->","yoast_head_json":{"title":"ROBO-DOS - CREDIMEX","description":"Associ\u00e9e au syst\u00e8me de distribution 2-K-DOS, la table de coordonn\u00e9es \u00e0 trois axes ROBO-DOS constitue un syst\u00e8me robotique pour le scellement enti\u00e8rement automatique des modules.","robots":{"index":"index","follow":"follow","max-snippet":"max-snippet:-1","max-image-preview":"max-image-preview:large","max-video-preview":"max-video-preview:-1"},"canonical":"https:\/\/www.credimex.ch\/fr\/produit\/robo-dos-2\/","og_locale":"fr_FR","og_type":"article","og_title":"ROBO-DOS","og_description":"Associ\u00e9e au syst\u00e8me de distribution 2-K-DOS, la table de coordonn\u00e9es \u00e0 trois axes ROBO-DOS constitue un syst\u00e8me robotique pour le scellement enti\u00e8rement automatique des modules.","og_url":"https:\/\/www.credimex.ch\/fr\/produit\/robo-dos-2\/","og_site_name":"CREDIMEX","article_publisher":"https:\/\/www.facebook.com\/credimex.alpnach\/","og_image":[{"width":586,"height":586,"url":"https:\/\/www.credimex.ch\/wp-content\/uploads\/2022\/09\/ROBO-DOS-e1662373053186.jpeg","type":"image\/jpeg"}],"twitter_card":"summary_large_image","twitter_misc":{"Dur\u00e9e de lecture estim\u00e9e":"1 minute"},"schema":{"@context":"https:\/\/schema.org","@graph":[{"@type":"WebPage","@id":"https:\/\/www.credimex.ch\/fr\/produit\/robo-dos-2\/","url":"https:\/\/www.credimex.ch\/fr\/produit\/robo-dos-2\/","name":"ROBO-DOS - CREDIMEX","isPartOf":{"@id":"https:\/\/www.credimex.ch\/fr\/#website"},"primaryImageOfPage":{"@id":"https:\/\/www.credimex.ch\/fr\/produit\/robo-dos-2\/#primaryimage"},"image":{"@id":"https:\/\/www.credimex.ch\/fr\/produit\/robo-dos-2\/#primaryimage"},"thumbnailUrl":"https:\/\/www.credimex.ch\/wp-content\/uploads\/2022\/09\/ROBO-DOS-e1662373053186.jpeg","datePublished":"2022-09-05T10:17:47+00:00","description":"Associ\u00e9e au syst\u00e8me de distribution 2-K-DOS, la table de coordonn\u00e9es \u00e0 trois axes ROBO-DOS constitue un syst\u00e8me robotique pour le scellement enti\u00e8rement automatique des modules.","breadcrumb":{"@id":"https:\/\/www.credimex.ch\/fr\/produit\/robo-dos-2\/#breadcrumb"},"inLanguage":"fr-FR","potentialAction":[{"@type":"ReadAction","target":["https:\/\/www.credimex.ch\/fr\/produit\/robo-dos-2\/"]}]},{"@type":"ImageObject","inLanguage":"fr-FR","@id":"https:\/\/www.credimex.ch\/fr\/produit\/robo-dos-2\/#primaryimage","url":"https:\/\/www.credimex.ch\/wp-content\/uploads\/2022\/09\/ROBO-DOS-e1662373053186.jpeg","contentUrl":"https:\/\/www.credimex.ch\/wp-content\/uploads\/2022\/09\/ROBO-DOS-e1662373053186.jpeg","width":586,"height":586},{"@type":"BreadcrumbList","@id":"https:\/\/www.credimex.ch\/fr\/produit\/robo-dos-2\/#breadcrumb","itemListElement":[{"@type":"ListItem","position":1,"name":"Home","item":"https:\/\/www.credimex.ch\/fr\/"},{"@type":"ListItem","position":2,"name":"Produits","item":"https:\/\/www.credimex.ch\/fr\/produits\/"},{"@type":"ListItem","position":3,"name":"ROBO-DOS"}]},{"@type":"WebSite","@id":"https:\/\/www.credimex.ch\/fr\/#website","url":"https:\/\/www.credimex.ch\/fr\/","name":"CREDIMEX","description":"Partner of Swiss Industrial Market","publisher":{"@id":"https:\/\/www.credimex.ch\/fr\/#organization"},"potentialAction":[{"@type":"SearchAction","target":{"@type":"EntryPoint","urlTemplate":"https:\/\/www.credimex.ch\/fr\/?s={search_term_string}"},"query-input":{"@type":"PropertyValueSpecification","valueRequired":true,"valueName":"search_term_string"}}],"inLanguage":"fr-FR"},{"@type":"Organization","@id":"https:\/\/www.credimex.ch\/fr\/#organization","name":"credimex","url":"https:\/\/www.credimex.ch\/fr\/","logo":{"@type":"ImageObject","inLanguage":"fr-FR","@id":"https:\/\/www.credimex.ch\/fr\/#\/schema\/logo\/image\/","url":"https:\/\/www.credimex.ch\/wp-content\/uploads\/2022\/03\/cropped-logo-credimex.png","contentUrl":"https:\/\/www.credimex.ch\/wp-content\/uploads\/2022\/03\/cropped-logo-credimex.png","width":512,"height":512,"caption":"credimex"},"image":{"@id":"https:\/\/www.credimex.ch\/fr\/#\/schema\/logo\/image\/"},"sameAs":["https:\/\/www.facebook.com\/credimex.alpnach\/","https:\/\/www.linkedin.com\/company\/credimex\/","https:\/\/www.youtube.com\/@CREDIMEX?sub_confirmation=1"]}]}},"_links":{"self":[{"href":"https:\/\/www.credimex.ch\/fr\/wp-json\/wp\/v2\/product\/3933","targetHints":{"allow":["GET"]}}],"collection":[{"href":"https:\/\/www.credimex.ch\/fr\/wp-json\/wp\/v2\/product"}],"about":[{"href":"https:\/\/www.credimex.ch\/fr\/wp-json\/wp\/v2\/types\/product"}],"replies":[{"embeddable":true,"href":"https:\/\/www.credimex.ch\/fr\/wp-json\/wp\/v2\/comments?post=3933"}],"wp:featuredmedia":[{"embeddable":true,"href":"https:\/\/www.credimex.ch\/fr\/wp-json\/wp\/v2\/media\/3618"}],"wp:attachment":[{"href":"https:\/\/www.credimex.ch\/fr\/wp-json\/wp\/v2\/media?parent=3933"}],"wp:term":[{"taxonomy":"product_brand","embeddable":true,"href":"https:\/\/www.credimex.ch\/fr\/wp-json\/wp\/v2\/product_brand?post=3933"},{"taxonomy":"product_cat","embeddable":true,"href":"https:\/\/www.credimex.ch\/fr\/wp-json\/wp\/v2\/product_cat?post=3933"},{"taxonomy":"product_tag","embeddable":true,"href":"https:\/\/www.credimex.ch\/fr\/wp-json\/wp\/v2\/product_tag?post=3933"}],"curies":[{"name":"wp","href":"https:\/\/api.w.org\/{rel}","templated":true}]}}