{"id":3937,"date":"2022-09-05T11:52:09","date_gmt":"2022-09-05T09:52:09","guid":{"rendered":"https:\/\/www.credimex.ch.mialias.net\/product\/merbenit-fs30\/"},"modified":"2022-09-05T11:52:09","modified_gmt":"2022-09-05T09:52:09","slug":"merbenit-fs30-2-2","status":"publish","type":"product","link":"https:\/\/www.credimex.ch\/fr\/produit\/merbenit-fs30-2-2\/","title":{"rendered":"Merbenit FS30"},"content":{"rendered":"<p>Merbenit FS30 est un mastic difficilement inflammable, \u00e9lastique et pouvant \u00eatre peint. Adh\u00e8re gr\u00e2ce \u00e0 la base SMP \u00e0 divers mat\u00e9riaux et surfaces. Merbenit FS30 r\u00e9pond aux normes les plus strictes de la branche ainsi qu&rsquo;aux exigences de l&rsquo;Organisation Maritime Internationale OMI.<\/p>\n<p>&nbsp;<\/p>\n<h2>Avantages du produit<\/h2>\n<ul>\n<li>Compatible avec les peintures<\/li>\n<li>Faible r\u00e9tr\u00e9cissement<\/li>\n<li>Elasticit\u00e9 permanente de -40\u00b0C \u00e0 +90\u00b0C<\/li>\n<li>Tr\u00e8s bonnes propri\u00e9t\u00e9s d&rsquo;\u00e9tanch\u00e9it\u00e9<\/li>\n<li>Exempt de solvants, d&rsquo;isocyanates et de silicones.<\/li>\n<li>Traitement simple<\/li>\n<li>Inodore<\/li>\n<li>R\u00e9pond \u00e0 de nombreuses normes de s\u00e9curit\u00e9 incendie<\/li>\n<li>Tr\u00e8s bien adapt\u00e9 \u00e0 Minergie-ECO<\/li>\n<\/ul>\n<p>&nbsp;<\/p>\n<h2>Application<\/h2>\n<p>Convient pour les joints de raccordement, l&rsquo;\u00e9tanch\u00e9it\u00e9 des canaux de c\u00e2bles, des conduits de tuyaux et des gaines ainsi que pour les barri\u00e8res coupe-feu et les couvertures g\u00e9n\u00e9rales.<\/p>\n","protected":false},"excerpt":{"rendered":"<p>Produit d&rsquo;\u00e9tanch\u00e9it\u00e9 difficilement inflammable, \u00e9lastique et pouvant \u00eatre peint en m\u00eame temps.<\/p>\n","protected":false},"featured_media":3614,"comment_status":"open","ping_status":"closed","template":"","meta":{"_acf_changed":false},"product_brand":[],"product_cat":[518,452,340,411,384,375,360,517,412],"product_tag":[],"class_list":{"0":"post-3937","1":"product","2":"type-product","3":"status-publish","4":"has-post-thumbnail","6":"product_cat-adhesif-smp","7":"product_cat-adhesifs-et-mastics","8":"product_cat-automobile","9":"product_cat-electronique","10":"product_cat-energie","11":"product_cat-ferroviaire","12":"product_cat-industrie-generale","13":"product_cat-merbenit-fr","14":"product_cat-telepheriques","15":"pa_brands-merbenit-fr","17":"first","18":"instock","19":"shipping-taxable","20":"product-type-simple"},"acf":[],"_yoast_wpseo_focuskw":"Merbenit FS30","_yoast_wpseo_metadesc":"Merbenit FS30 est un produit d'\u00e9tanch\u00e9it\u00e9 difficilement inflammable, \u00e9lastique et pouvant \u00eatre peint. Adh\u00e8re gr\u00e2ce \u00e0 la base SMP \u00e0 divers mat\u00e9riaux et surfaces.","yoast_head":"<!-- This site is optimized with the Yoast SEO Premium plugin v21.6 (Yoast SEO v27.4) - https:\/\/yoast.com\/product\/yoast-seo-premium-wordpress\/ -->\n<title>Merbenit FS30 - CREDIMEX<\/title>\n<meta name=\"description\" content=\"Merbenit FS30 est un produit d&#039;\u00e9tanch\u00e9it\u00e9 difficilement inflammable, \u00e9lastique et pouvant \u00eatre peint. Adh\u00e8re gr\u00e2ce \u00e0 la base SMP \u00e0 divers mat\u00e9riaux et surfaces.\" \/>\n<meta name=\"robots\" content=\"index, follow, max-snippet:-1, max-image-preview:large, max-video-preview:-1\" \/>\n<link rel=\"canonical\" href=\"https:\/\/www.credimex.ch\/fr\/produit\/merbenit-fs30-2-2\/\" \/>\n<meta property=\"og:locale\" content=\"fr_FR\" \/>\n<meta property=\"og:type\" content=\"article\" \/>\n<meta property=\"og:title\" content=\"Merbenit FS30\" \/>\n<meta property=\"og:description\" content=\"Merbenit FS30 est un produit d&#039;\u00e9tanch\u00e9it\u00e9 difficilement inflammable, \u00e9lastique et pouvant \u00eatre peint. Adh\u00e8re gr\u00e2ce \u00e0 la base SMP \u00e0 divers mat\u00e9riaux et surfaces.\" \/>\n<meta property=\"og:url\" content=\"https:\/\/www.credimex.ch\/fr\/produit\/merbenit-fs30-2-2\/\" \/>\n<meta property=\"og:site_name\" content=\"CREDIMEX\" \/>\n<meta property=\"article:publisher\" content=\"https:\/\/www.facebook.com\/credimex.alpnach\/\" \/>\n<meta property=\"og:image\" content=\"https:\/\/www.credimex.ch\/wp-content\/uploads\/2022\/09\/Merbenit-FS30--e1662371484323.jpeg\" \/>\n\t<meta property=\"og:image:width\" content=\"300\" \/>\n\t<meta property=\"og:image:height\" content=\"300\" \/>\n\t<meta property=\"og:image:type\" content=\"image\/jpeg\" \/>\n<meta name=\"twitter:card\" content=\"summary_large_image\" \/>\n<meta name=\"twitter:label1\" content=\"Dur\u00e9e de lecture estim\u00e9e\" \/>\n\t<meta name=\"twitter:data1\" content=\"1 minute\" \/>\n<script type=\"application\/ld+json\" class=\"yoast-schema-graph\">{\"@context\":\"https:\\\/\\\/schema.org\",\"@graph\":[{\"@type\":\"WebPage\",\"@id\":\"https:\\\/\\\/www.credimex.ch\\\/fr\\\/produit\\\/merbenit-fs30-2-2\\\/\",\"url\":\"https:\\\/\\\/www.credimex.ch\\\/fr\\\/produit\\\/merbenit-fs30-2-2\\\/\",\"name\":\"Merbenit FS30 - CREDIMEX\",\"isPartOf\":{\"@id\":\"https:\\\/\\\/www.credimex.ch\\\/fr\\\/#website\"},\"primaryImageOfPage\":{\"@id\":\"https:\\\/\\\/www.credimex.ch\\\/fr\\\/produit\\\/merbenit-fs30-2-2\\\/#primaryimage\"},\"image\":{\"@id\":\"https:\\\/\\\/www.credimex.ch\\\/fr\\\/produit\\\/merbenit-fs30-2-2\\\/#primaryimage\"},\"thumbnailUrl\":\"https:\\\/\\\/www.credimex.ch\\\/wp-content\\\/uploads\\\/2022\\\/09\\\/Merbenit-FS30--e1662371484323.jpeg\",\"datePublished\":\"2022-09-05T09:52:09+00:00\",\"description\":\"Merbenit FS30 est un produit d'\u00e9tanch\u00e9it\u00e9 difficilement inflammable, \u00e9lastique et pouvant \u00eatre peint. Adh\u00e8re gr\u00e2ce \u00e0 la base SMP \u00e0 divers mat\u00e9riaux et surfaces.\",\"breadcrumb\":{\"@id\":\"https:\\\/\\\/www.credimex.ch\\\/fr\\\/produit\\\/merbenit-fs30-2-2\\\/#breadcrumb\"},\"inLanguage\":\"fr-FR\",\"potentialAction\":[{\"@type\":\"ReadAction\",\"target\":[\"https:\\\/\\\/www.credimex.ch\\\/fr\\\/produit\\\/merbenit-fs30-2-2\\\/\"]}]},{\"@type\":\"ImageObject\",\"inLanguage\":\"fr-FR\",\"@id\":\"https:\\\/\\\/www.credimex.ch\\\/fr\\\/produit\\\/merbenit-fs30-2-2\\\/#primaryimage\",\"url\":\"https:\\\/\\\/www.credimex.ch\\\/wp-content\\\/uploads\\\/2022\\\/09\\\/Merbenit-FS30--e1662371484323.jpeg\",\"contentUrl\":\"https:\\\/\\\/www.credimex.ch\\\/wp-content\\\/uploads\\\/2022\\\/09\\\/Merbenit-FS30--e1662371484323.jpeg\",\"width\":300,\"height\":300},{\"@type\":\"BreadcrumbList\",\"@id\":\"https:\\\/\\\/www.credimex.ch\\\/fr\\\/produit\\\/merbenit-fs30-2-2\\\/#breadcrumb\",\"itemListElement\":[{\"@type\":\"ListItem\",\"position\":1,\"name\":\"Home\",\"item\":\"https:\\\/\\\/www.credimex.ch\\\/fr\\\/\"},{\"@type\":\"ListItem\",\"position\":2,\"name\":\"Produits\",\"item\":\"https:\\\/\\\/www.credimex.ch\\\/fr\\\/produits\\\/\"},{\"@type\":\"ListItem\",\"position\":3,\"name\":\"Merbenit FS30\"}]},{\"@type\":\"WebSite\",\"@id\":\"https:\\\/\\\/www.credimex.ch\\\/fr\\\/#website\",\"url\":\"https:\\\/\\\/www.credimex.ch\\\/fr\\\/\",\"name\":\"CREDIMEX\",\"description\":\"Partner of Swiss Industrial Market\",\"publisher\":{\"@id\":\"https:\\\/\\\/www.credimex.ch\\\/fr\\\/#organization\"},\"potentialAction\":[{\"@type\":\"SearchAction\",\"target\":{\"@type\":\"EntryPoint\",\"urlTemplate\":\"https:\\\/\\\/www.credimex.ch\\\/fr\\\/?s={search_term_string}\"},\"query-input\":{\"@type\":\"PropertyValueSpecification\",\"valueRequired\":true,\"valueName\":\"search_term_string\"}}],\"inLanguage\":\"fr-FR\"},{\"@type\":\"Organization\",\"@id\":\"https:\\\/\\\/www.credimex.ch\\\/fr\\\/#organization\",\"name\":\"credimex\",\"url\":\"https:\\\/\\\/www.credimex.ch\\\/fr\\\/\",\"logo\":{\"@type\":\"ImageObject\",\"inLanguage\":\"fr-FR\",\"@id\":\"https:\\\/\\\/www.credimex.ch\\\/fr\\\/#\\\/schema\\\/logo\\\/image\\\/\",\"url\":\"https:\\\/\\\/www.credimex.ch\\\/wp-content\\\/uploads\\\/2022\\\/03\\\/cropped-logo-credimex.png\",\"contentUrl\":\"https:\\\/\\\/www.credimex.ch\\\/wp-content\\\/uploads\\\/2022\\\/03\\\/cropped-logo-credimex.png\",\"width\":512,\"height\":512,\"caption\":\"credimex\"},\"image\":{\"@id\":\"https:\\\/\\\/www.credimex.ch\\\/fr\\\/#\\\/schema\\\/logo\\\/image\\\/\"},\"sameAs\":[\"https:\\\/\\\/www.facebook.com\\\/credimex.alpnach\\\/\",\"https:\\\/\\\/www.linkedin.com\\\/company\\\/credimex\\\/\",\"https:\\\/\\\/www.youtube.com\\\/@CREDIMEX?sub_confirmation=1\"]}]}<\/script>\n<!-- \/ Yoast SEO Premium plugin. -->","yoast_head_json":{"title":"Merbenit FS30 - CREDIMEX","description":"Merbenit FS30 est un produit d'\u00e9tanch\u00e9it\u00e9 difficilement inflammable, \u00e9lastique et pouvant \u00eatre peint. Adh\u00e8re gr\u00e2ce \u00e0 la base SMP \u00e0 divers mat\u00e9riaux et surfaces.","robots":{"index":"index","follow":"follow","max-snippet":"max-snippet:-1","max-image-preview":"max-image-preview:large","max-video-preview":"max-video-preview:-1"},"canonical":"https:\/\/www.credimex.ch\/fr\/produit\/merbenit-fs30-2-2\/","og_locale":"fr_FR","og_type":"article","og_title":"Merbenit FS30","og_description":"Merbenit FS30 est un produit d'\u00e9tanch\u00e9it\u00e9 difficilement inflammable, \u00e9lastique et pouvant \u00eatre peint. Adh\u00e8re gr\u00e2ce \u00e0 la base SMP \u00e0 divers mat\u00e9riaux et surfaces.","og_url":"https:\/\/www.credimex.ch\/fr\/produit\/merbenit-fs30-2-2\/","og_site_name":"CREDIMEX","article_publisher":"https:\/\/www.facebook.com\/credimex.alpnach\/","og_image":[{"width":300,"height":300,"url":"https:\/\/www.credimex.ch\/wp-content\/uploads\/2022\/09\/Merbenit-FS30--e1662371484323.jpeg","type":"image\/jpeg"}],"twitter_card":"summary_large_image","twitter_misc":{"Dur\u00e9e de lecture estim\u00e9e":"1 minute"},"schema":{"@context":"https:\/\/schema.org","@graph":[{"@type":"WebPage","@id":"https:\/\/www.credimex.ch\/fr\/produit\/merbenit-fs30-2-2\/","url":"https:\/\/www.credimex.ch\/fr\/produit\/merbenit-fs30-2-2\/","name":"Merbenit FS30 - CREDIMEX","isPartOf":{"@id":"https:\/\/www.credimex.ch\/fr\/#website"},"primaryImageOfPage":{"@id":"https:\/\/www.credimex.ch\/fr\/produit\/merbenit-fs30-2-2\/#primaryimage"},"image":{"@id":"https:\/\/www.credimex.ch\/fr\/produit\/merbenit-fs30-2-2\/#primaryimage"},"thumbnailUrl":"https:\/\/www.credimex.ch\/wp-content\/uploads\/2022\/09\/Merbenit-FS30--e1662371484323.jpeg","datePublished":"2022-09-05T09:52:09+00:00","description":"Merbenit FS30 est un produit d'\u00e9tanch\u00e9it\u00e9 difficilement inflammable, \u00e9lastique et pouvant \u00eatre peint. Adh\u00e8re gr\u00e2ce \u00e0 la base SMP \u00e0 divers mat\u00e9riaux et surfaces.","breadcrumb":{"@id":"https:\/\/www.credimex.ch\/fr\/produit\/merbenit-fs30-2-2\/#breadcrumb"},"inLanguage":"fr-FR","potentialAction":[{"@type":"ReadAction","target":["https:\/\/www.credimex.ch\/fr\/produit\/merbenit-fs30-2-2\/"]}]},{"@type":"ImageObject","inLanguage":"fr-FR","@id":"https:\/\/www.credimex.ch\/fr\/produit\/merbenit-fs30-2-2\/#primaryimage","url":"https:\/\/www.credimex.ch\/wp-content\/uploads\/2022\/09\/Merbenit-FS30--e1662371484323.jpeg","contentUrl":"https:\/\/www.credimex.ch\/wp-content\/uploads\/2022\/09\/Merbenit-FS30--e1662371484323.jpeg","width":300,"height":300},{"@type":"BreadcrumbList","@id":"https:\/\/www.credimex.ch\/fr\/produit\/merbenit-fs30-2-2\/#breadcrumb","itemListElement":[{"@type":"ListItem","position":1,"name":"Home","item":"https:\/\/www.credimex.ch\/fr\/"},{"@type":"ListItem","position":2,"name":"Produits","item":"https:\/\/www.credimex.ch\/fr\/produits\/"},{"@type":"ListItem","position":3,"name":"Merbenit FS30"}]},{"@type":"WebSite","@id":"https:\/\/www.credimex.ch\/fr\/#website","url":"https:\/\/www.credimex.ch\/fr\/","name":"CREDIMEX","description":"Partner of Swiss Industrial Market","publisher":{"@id":"https:\/\/www.credimex.ch\/fr\/#organization"},"potentialAction":[{"@type":"SearchAction","target":{"@type":"EntryPoint","urlTemplate":"https:\/\/www.credimex.ch\/fr\/?s={search_term_string}"},"query-input":{"@type":"PropertyValueSpecification","valueRequired":true,"valueName":"search_term_string"}}],"inLanguage":"fr-FR"},{"@type":"Organization","@id":"https:\/\/www.credimex.ch\/fr\/#organization","name":"credimex","url":"https:\/\/www.credimex.ch\/fr\/","logo":{"@type":"ImageObject","inLanguage":"fr-FR","@id":"https:\/\/www.credimex.ch\/fr\/#\/schema\/logo\/image\/","url":"https:\/\/www.credimex.ch\/wp-content\/uploads\/2022\/03\/cropped-logo-credimex.png","contentUrl":"https:\/\/www.credimex.ch\/wp-content\/uploads\/2022\/03\/cropped-logo-credimex.png","width":512,"height":512,"caption":"credimex"},"image":{"@id":"https:\/\/www.credimex.ch\/fr\/#\/schema\/logo\/image\/"},"sameAs":["https:\/\/www.facebook.com\/credimex.alpnach\/","https:\/\/www.linkedin.com\/company\/credimex\/","https:\/\/www.youtube.com\/@CREDIMEX?sub_confirmation=1"]}]}},"_links":{"self":[{"href":"https:\/\/www.credimex.ch\/fr\/wp-json\/wp\/v2\/product\/3937","targetHints":{"allow":["GET"]}}],"collection":[{"href":"https:\/\/www.credimex.ch\/fr\/wp-json\/wp\/v2\/product"}],"about":[{"href":"https:\/\/www.credimex.ch\/fr\/wp-json\/wp\/v2\/types\/product"}],"replies":[{"embeddable":true,"href":"https:\/\/www.credimex.ch\/fr\/wp-json\/wp\/v2\/comments?post=3937"}],"wp:featuredmedia":[{"embeddable":true,"href":"https:\/\/www.credimex.ch\/fr\/wp-json\/wp\/v2\/media\/3614"}],"wp:attachment":[{"href":"https:\/\/www.credimex.ch\/fr\/wp-json\/wp\/v2\/media?parent=3937"}],"wp:term":[{"taxonomy":"product_brand","embeddable":true,"href":"https:\/\/www.credimex.ch\/fr\/wp-json\/wp\/v2\/product_brand?post=3937"},{"taxonomy":"product_cat","embeddable":true,"href":"https:\/\/www.credimex.ch\/fr\/wp-json\/wp\/v2\/product_cat?post=3937"},{"taxonomy":"product_tag","embeddable":true,"href":"https:\/\/www.credimex.ch\/fr\/wp-json\/wp\/v2\/product_tag?post=3937"}],"curies":[{"name":"wp","href":"https:\/\/api.w.org\/{rel}","templated":true}]}}