{"id":3941,"date":"2022-09-05T11:17:50","date_gmt":"2022-09-05T09:17:50","guid":{"rendered":"https:\/\/www.credimex.ch.mialias.net\/product\/merbenit-ht50\/"},"modified":"2022-09-05T11:17:50","modified_gmt":"2022-09-05T09:17:50","slug":"merbenit-ht50-2","status":"publish","type":"product","link":"https:\/\/www.credimex.ch\/fr\/produit\/merbenit-ht50-2\/","title":{"rendered":"Merbenit HT50"},"content":{"rendered":"<p>Merbenit HT50 est un adh\u00e9sif \u00e0 \u00e9lasticit\u00e9 permanente et \u00e0 tack initial \u00e9lev\u00e9. Adh\u00e8re gr\u00e2ce \u00e0 la base SMP \u00e0 divers mat\u00e9riaux<br \/>\net les surfaces. Le Merbenit HT50 est \u00e9galement approuv\u00e9 pour une utilisation dans les zones li\u00e9es aux denr\u00e9es alimentaires.<\/p>\n<p>&nbsp;<\/p>\n<h2>Avantages du produit<\/h2>\n<ul>\n<li>Adh\u00e9sion initiale \u00e9lev\u00e9e<\/li>\n<li>Traitement simple<\/li>\n<li>Exempt de solvants, d&rsquo;isocyanates et de silicones.<\/li>\n<li>Tr\u00e8s large gamme d&rsquo;adh\u00e9rence<\/li>\n<li>Inodore<\/li>\n<li>Compatible avec les peintures<\/li>\n<li>R\u00e9sistance \u00e0 court terme jusqu&rsquo;\u00e0 +200\u00b0C pour le rev\u00eatement en poudre et thermique<\/li>\n<li>Tr\u00e8s stable<\/li>\n<li>R\u00e9glable<\/li>\n<li>Elasticit\u00e9 permanente de &#8211; 40\u00b0C \u00e0 + 90\u00b0C<\/li>\n<li>Tr\u00e8s bonnes propri\u00e9t\u00e9s d&rsquo;\u00e9tanch\u00e9it\u00e9<\/li>\n<li>Tr\u00e8s bonne durabilit\u00e9<\/li>\n<li>Non-corrosif sur les surfaces<\/li>\n<li>R\u00e9sistance aux impacts et aux vibrations (absorption des chocs)<\/li>\n<li>Tr\u00e8s bien adapt\u00e9 \u00e0 Minergie-ECO<\/li>\n<\/ul>\n<p>&nbsp;<\/p>\n<h2>Application<\/h2>\n<p>Liaison flexible et de soutien imm\u00e9diat dans la zone du m\u00e9tal,<br \/>\nappareils et construction de machines, technologie des mati\u00e8res plastiques, syst\u00e8mes de climatisation et de ventilation, carrosserie, wagons, v\u00e9hicules<br \/>\net la construction de conteneurs. Pour les obligations non soutenues et lorsque<br \/>\nun processus de travail rapide et continu<\/p>\n","protected":false},"excerpt":{"rendered":"<p>Adh\u00e9sif \u00e9lastique permanent avec un tack initial \u00e9lev\u00e9.<\/p>\n","protected":false},"featured_media":9319,"comment_status":"open","ping_status":"closed","template":"","meta":{"_acf_changed":false},"product_brand":[],"product_cat":[518,452,517,684],"product_tag":[],"class_list":{"0":"post-3941","1":"product","2":"type-product","3":"status-publish","4":"has-post-thumbnail","6":"product_cat-adhesif-smp","7":"product_cat-adhesifs-et-mastics","8":"product_cat-merbenit-fr","9":"product_cat-produits-chimiques-techniques","10":"pa_brands-merbenit-fr","12":"first","13":"instock","14":"shipping-taxable","15":"product-type-simple"},"acf":[],"_yoast_wpseo_focuskw":"Merbenit HT50","_yoast_wpseo_metadesc":"Merbenit HT50 est un adh\u00e9sif \u00e0 \u00e9lasticit\u00e9 permanente et \u00e0 tack initial \u00e9lev\u00e9. Adh\u00e8re gr\u00e2ce \u00e0 la base SMP \u00e0 divers mat\u00e9riaux et surfaces.","yoast_head":"<!-- This site is optimized with the Yoast SEO Premium plugin v21.6 (Yoast SEO v27.4) - https:\/\/yoast.com\/product\/yoast-seo-premium-wordpress\/ -->\n<title>Merbenit HT50 - CREDIMEX<\/title>\n<meta name=\"description\" content=\"Merbenit HT50 est un adh\u00e9sif \u00e0 \u00e9lasticit\u00e9 permanente et \u00e0 tack initial \u00e9lev\u00e9. Adh\u00e8re gr\u00e2ce \u00e0 la base SMP \u00e0 divers mat\u00e9riaux et surfaces.\" \/>\n<meta name=\"robots\" content=\"index, follow, max-snippet:-1, max-image-preview:large, max-video-preview:-1\" \/>\n<link rel=\"canonical\" href=\"https:\/\/www.credimex.ch\/fr\/produit\/merbenit-ht50-2\/\" \/>\n<meta property=\"og:locale\" content=\"fr_FR\" \/>\n<meta property=\"og:type\" content=\"article\" \/>\n<meta property=\"og:title\" content=\"Merbenit HT50\" \/>\n<meta property=\"og:description\" content=\"Merbenit HT50 est un adh\u00e9sif \u00e0 \u00e9lasticit\u00e9 permanente et \u00e0 tack initial \u00e9lev\u00e9. Adh\u00e8re gr\u00e2ce \u00e0 la base SMP \u00e0 divers mat\u00e9riaux et surfaces.\" \/>\n<meta property=\"og:url\" content=\"https:\/\/www.credimex.ch\/fr\/produit\/merbenit-ht50-2\/\" \/>\n<meta property=\"og:site_name\" content=\"CREDIMEX\" \/>\n<meta property=\"article:publisher\" content=\"https:\/\/www.facebook.com\/credimex.alpnach\/\" \/>\n<meta property=\"og:image\" content=\"https:\/\/www.credimex.ch\/wp-content\/uploads\/2022\/09\/Merbenit-HT-50.png\" \/>\n\t<meta property=\"og:image:width\" content=\"700\" \/>\n\t<meta property=\"og:image:height\" content=\"700\" \/>\n\t<meta property=\"og:image:type\" content=\"image\/png\" \/>\n<meta name=\"twitter:card\" content=\"summary_large_image\" \/>\n<meta name=\"twitter:label1\" content=\"Dur\u00e9e de lecture estim\u00e9e\" \/>\n\t<meta name=\"twitter:data1\" content=\"1 minute\" \/>\n<script type=\"application\/ld+json\" class=\"yoast-schema-graph\">{\"@context\":\"https:\\\/\\\/schema.org\",\"@graph\":[{\"@type\":\"WebPage\",\"@id\":\"https:\\\/\\\/www.credimex.ch\\\/fr\\\/produit\\\/merbenit-ht50-2\\\/\",\"url\":\"https:\\\/\\\/www.credimex.ch\\\/fr\\\/produit\\\/merbenit-ht50-2\\\/\",\"name\":\"Merbenit HT50 - CREDIMEX\",\"isPartOf\":{\"@id\":\"https:\\\/\\\/www.credimex.ch\\\/fr\\\/#website\"},\"primaryImageOfPage\":{\"@id\":\"https:\\\/\\\/www.credimex.ch\\\/fr\\\/produit\\\/merbenit-ht50-2\\\/#primaryimage\"},\"image\":{\"@id\":\"https:\\\/\\\/www.credimex.ch\\\/fr\\\/produit\\\/merbenit-ht50-2\\\/#primaryimage\"},\"thumbnailUrl\":\"https:\\\/\\\/www.credimex.ch\\\/wp-content\\\/uploads\\\/2022\\\/09\\\/Merbenit-HT-50.webp\",\"datePublished\":\"2022-09-05T09:17:50+00:00\",\"description\":\"Merbenit HT50 est un adh\u00e9sif \u00e0 \u00e9lasticit\u00e9 permanente et \u00e0 tack initial \u00e9lev\u00e9. Adh\u00e8re gr\u00e2ce \u00e0 la base SMP \u00e0 divers mat\u00e9riaux et surfaces.\",\"breadcrumb\":{\"@id\":\"https:\\\/\\\/www.credimex.ch\\\/fr\\\/produit\\\/merbenit-ht50-2\\\/#breadcrumb\"},\"inLanguage\":\"fr-FR\",\"potentialAction\":[{\"@type\":\"ReadAction\",\"target\":[\"https:\\\/\\\/www.credimex.ch\\\/fr\\\/produit\\\/merbenit-ht50-2\\\/\"]}]},{\"@type\":\"ImageObject\",\"inLanguage\":\"fr-FR\",\"@id\":\"https:\\\/\\\/www.credimex.ch\\\/fr\\\/produit\\\/merbenit-ht50-2\\\/#primaryimage\",\"url\":\"https:\\\/\\\/www.credimex.ch\\\/wp-content\\\/uploads\\\/2022\\\/09\\\/Merbenit-HT-50.webp\",\"contentUrl\":\"https:\\\/\\\/www.credimex.ch\\\/wp-content\\\/uploads\\\/2022\\\/09\\\/Merbenit-HT-50.webp\",\"width\":700,\"height\":700},{\"@type\":\"BreadcrumbList\",\"@id\":\"https:\\\/\\\/www.credimex.ch\\\/fr\\\/produit\\\/merbenit-ht50-2\\\/#breadcrumb\",\"itemListElement\":[{\"@type\":\"ListItem\",\"position\":1,\"name\":\"Home\",\"item\":\"https:\\\/\\\/www.credimex.ch\\\/fr\\\/\"},{\"@type\":\"ListItem\",\"position\":2,\"name\":\"Produits\",\"item\":\"https:\\\/\\\/www.credimex.ch\\\/fr\\\/produits\\\/\"},{\"@type\":\"ListItem\",\"position\":3,\"name\":\"Merbenit HT50\"}]},{\"@type\":\"WebSite\",\"@id\":\"https:\\\/\\\/www.credimex.ch\\\/fr\\\/#website\",\"url\":\"https:\\\/\\\/www.credimex.ch\\\/fr\\\/\",\"name\":\"CREDIMEX\",\"description\":\"Partner of Swiss Industrial Market\",\"publisher\":{\"@id\":\"https:\\\/\\\/www.credimex.ch\\\/fr\\\/#organization\"},\"potentialAction\":[{\"@type\":\"SearchAction\",\"target\":{\"@type\":\"EntryPoint\",\"urlTemplate\":\"https:\\\/\\\/www.credimex.ch\\\/fr\\\/?s={search_term_string}\"},\"query-input\":{\"@type\":\"PropertyValueSpecification\",\"valueRequired\":true,\"valueName\":\"search_term_string\"}}],\"inLanguage\":\"fr-FR\"},{\"@type\":\"Organization\",\"@id\":\"https:\\\/\\\/www.credimex.ch\\\/fr\\\/#organization\",\"name\":\"credimex\",\"url\":\"https:\\\/\\\/www.credimex.ch\\\/fr\\\/\",\"logo\":{\"@type\":\"ImageObject\",\"inLanguage\":\"fr-FR\",\"@id\":\"https:\\\/\\\/www.credimex.ch\\\/fr\\\/#\\\/schema\\\/logo\\\/image\\\/\",\"url\":\"https:\\\/\\\/www.credimex.ch\\\/wp-content\\\/uploads\\\/2022\\\/03\\\/cropped-logo-credimex.png\",\"contentUrl\":\"https:\\\/\\\/www.credimex.ch\\\/wp-content\\\/uploads\\\/2022\\\/03\\\/cropped-logo-credimex.png\",\"width\":512,\"height\":512,\"caption\":\"credimex\"},\"image\":{\"@id\":\"https:\\\/\\\/www.credimex.ch\\\/fr\\\/#\\\/schema\\\/logo\\\/image\\\/\"},\"sameAs\":[\"https:\\\/\\\/www.facebook.com\\\/credimex.alpnach\\\/\",\"https:\\\/\\\/www.linkedin.com\\\/company\\\/credimex\\\/\",\"https:\\\/\\\/www.youtube.com\\\/@CREDIMEX?sub_confirmation=1\"]}]}<\/script>\n<!-- \/ Yoast SEO Premium plugin. -->","yoast_head_json":{"title":"Merbenit HT50 - CREDIMEX","description":"Merbenit HT50 est un adh\u00e9sif \u00e0 \u00e9lasticit\u00e9 permanente et \u00e0 tack initial \u00e9lev\u00e9. Adh\u00e8re gr\u00e2ce \u00e0 la base SMP \u00e0 divers mat\u00e9riaux et surfaces.","robots":{"index":"index","follow":"follow","max-snippet":"max-snippet:-1","max-image-preview":"max-image-preview:large","max-video-preview":"max-video-preview:-1"},"canonical":"https:\/\/www.credimex.ch\/fr\/produit\/merbenit-ht50-2\/","og_locale":"fr_FR","og_type":"article","og_title":"Merbenit HT50","og_description":"Merbenit HT50 est un adh\u00e9sif \u00e0 \u00e9lasticit\u00e9 permanente et \u00e0 tack initial \u00e9lev\u00e9. Adh\u00e8re gr\u00e2ce \u00e0 la base SMP \u00e0 divers mat\u00e9riaux et surfaces.","og_url":"https:\/\/www.credimex.ch\/fr\/produit\/merbenit-ht50-2\/","og_site_name":"CREDIMEX","article_publisher":"https:\/\/www.facebook.com\/credimex.alpnach\/","og_image":[{"width":700,"height":700,"url":"https:\/\/www.credimex.ch\/wp-content\/uploads\/2022\/09\/Merbenit-HT-50.png","type":"image\/png"}],"twitter_card":"summary_large_image","twitter_misc":{"Dur\u00e9e de lecture estim\u00e9e":"1 minute"},"schema":{"@context":"https:\/\/schema.org","@graph":[{"@type":"WebPage","@id":"https:\/\/www.credimex.ch\/fr\/produit\/merbenit-ht50-2\/","url":"https:\/\/www.credimex.ch\/fr\/produit\/merbenit-ht50-2\/","name":"Merbenit HT50 - CREDIMEX","isPartOf":{"@id":"https:\/\/www.credimex.ch\/fr\/#website"},"primaryImageOfPage":{"@id":"https:\/\/www.credimex.ch\/fr\/produit\/merbenit-ht50-2\/#primaryimage"},"image":{"@id":"https:\/\/www.credimex.ch\/fr\/produit\/merbenit-ht50-2\/#primaryimage"},"thumbnailUrl":"https:\/\/www.credimex.ch\/wp-content\/uploads\/2022\/09\/Merbenit-HT-50.webp","datePublished":"2022-09-05T09:17:50+00:00","description":"Merbenit HT50 est un adh\u00e9sif \u00e0 \u00e9lasticit\u00e9 permanente et \u00e0 tack initial \u00e9lev\u00e9. Adh\u00e8re gr\u00e2ce \u00e0 la base SMP \u00e0 divers mat\u00e9riaux et surfaces.","breadcrumb":{"@id":"https:\/\/www.credimex.ch\/fr\/produit\/merbenit-ht50-2\/#breadcrumb"},"inLanguage":"fr-FR","potentialAction":[{"@type":"ReadAction","target":["https:\/\/www.credimex.ch\/fr\/produit\/merbenit-ht50-2\/"]}]},{"@type":"ImageObject","inLanguage":"fr-FR","@id":"https:\/\/www.credimex.ch\/fr\/produit\/merbenit-ht50-2\/#primaryimage","url":"https:\/\/www.credimex.ch\/wp-content\/uploads\/2022\/09\/Merbenit-HT-50.webp","contentUrl":"https:\/\/www.credimex.ch\/wp-content\/uploads\/2022\/09\/Merbenit-HT-50.webp","width":700,"height":700},{"@type":"BreadcrumbList","@id":"https:\/\/www.credimex.ch\/fr\/produit\/merbenit-ht50-2\/#breadcrumb","itemListElement":[{"@type":"ListItem","position":1,"name":"Home","item":"https:\/\/www.credimex.ch\/fr\/"},{"@type":"ListItem","position":2,"name":"Produits","item":"https:\/\/www.credimex.ch\/fr\/produits\/"},{"@type":"ListItem","position":3,"name":"Merbenit HT50"}]},{"@type":"WebSite","@id":"https:\/\/www.credimex.ch\/fr\/#website","url":"https:\/\/www.credimex.ch\/fr\/","name":"CREDIMEX","description":"Partner of Swiss Industrial Market","publisher":{"@id":"https:\/\/www.credimex.ch\/fr\/#organization"},"potentialAction":[{"@type":"SearchAction","target":{"@type":"EntryPoint","urlTemplate":"https:\/\/www.credimex.ch\/fr\/?s={search_term_string}"},"query-input":{"@type":"PropertyValueSpecification","valueRequired":true,"valueName":"search_term_string"}}],"inLanguage":"fr-FR"},{"@type":"Organization","@id":"https:\/\/www.credimex.ch\/fr\/#organization","name":"credimex","url":"https:\/\/www.credimex.ch\/fr\/","logo":{"@type":"ImageObject","inLanguage":"fr-FR","@id":"https:\/\/www.credimex.ch\/fr\/#\/schema\/logo\/image\/","url":"https:\/\/www.credimex.ch\/wp-content\/uploads\/2022\/03\/cropped-logo-credimex.png","contentUrl":"https:\/\/www.credimex.ch\/wp-content\/uploads\/2022\/03\/cropped-logo-credimex.png","width":512,"height":512,"caption":"credimex"},"image":{"@id":"https:\/\/www.credimex.ch\/fr\/#\/schema\/logo\/image\/"},"sameAs":["https:\/\/www.facebook.com\/credimex.alpnach\/","https:\/\/www.linkedin.com\/company\/credimex\/","https:\/\/www.youtube.com\/@CREDIMEX?sub_confirmation=1"]}]}},"_links":{"self":[{"href":"https:\/\/www.credimex.ch\/fr\/wp-json\/wp\/v2\/product\/3941","targetHints":{"allow":["GET"]}}],"collection":[{"href":"https:\/\/www.credimex.ch\/fr\/wp-json\/wp\/v2\/product"}],"about":[{"href":"https:\/\/www.credimex.ch\/fr\/wp-json\/wp\/v2\/types\/product"}],"replies":[{"embeddable":true,"href":"https:\/\/www.credimex.ch\/fr\/wp-json\/wp\/v2\/comments?post=3941"}],"wp:featuredmedia":[{"embeddable":true,"href":"https:\/\/www.credimex.ch\/fr\/wp-json\/wp\/v2\/media\/9319"}],"wp:attachment":[{"href":"https:\/\/www.credimex.ch\/fr\/wp-json\/wp\/v2\/media?parent=3941"}],"wp:term":[{"taxonomy":"product_brand","embeddable":true,"href":"https:\/\/www.credimex.ch\/fr\/wp-json\/wp\/v2\/product_brand?post=3941"},{"taxonomy":"product_cat","embeddable":true,"href":"https:\/\/www.credimex.ch\/fr\/wp-json\/wp\/v2\/product_cat?post=3941"},{"taxonomy":"product_tag","embeddable":true,"href":"https:\/\/www.credimex.ch\/fr\/wp-json\/wp\/v2\/product_tag?post=3941"}],"curies":[{"name":"wp","href":"https:\/\/api.w.org\/{rel}","templated":true}]}}