{"id":3944,"date":"2022-09-05T11:11:16","date_gmt":"2022-09-05T09:11:16","guid":{"rendered":"https:\/\/www.credimex.ch.mialias.net\/product\/merbenit-sk212\/"},"modified":"2022-09-05T11:11:16","modified_gmt":"2022-09-05T09:11:16","slug":"merbenit-sk212-2","status":"publish","type":"product","link":"https:\/\/www.credimex.ch\/fr\/produit\/merbenit-sk212-2\/","title":{"rendered":"Merbenit SK212"},"content":{"rendered":"<p>Merbenit SK212 est un adh\u00e9sif \u00e9lastique avec un tack initial et une r\u00e9sistance \u00e9lev\u00e9s. Gr\u00e2ce \u00e0 la base SMP, elle convient particuli\u00e8rement aux collages o\u00f9 une faible r\u00e9sistance \u00e0 la manipulation est requise, par exemple pour le collage des pare-brise sur les v\u00e9hicules. Le Merbenit SK212 est certifi\u00e9 selon les normes de la branche NCAP et FMVSS212.<\/p>\n<h2>Avantages du produit<\/h2>\n<ul>\n<li>Adh\u00e9sion initiale tr\u00e8s \u00e9lev\u00e9e<\/li>\n<li>Exempt de solvants, d&rsquo;isocyanates et de silicones.<\/li>\n<li>R\u00e9glable<\/li>\n<li>Durcissement complet et rapide<\/li>\n<li>Elasticit\u00e9 permanente de &#8211; 40\u00b0C \u00e0 + 90\u00b0C<\/li>\n<li>R\u00e9sistance m\u00e9canique tr\u00e8s \u00e9lev\u00e9e<\/li>\n<li>Tr\u00e8s bonnes propri\u00e9t\u00e9s d&rsquo;\u00e9tanch\u00e9it\u00e9<\/li>\n<li>Tr\u00e8s large gamme d&rsquo;adh\u00e9rence<\/li>\n<li>Inodore<\/li>\n<li>Compatible avec les peintures<\/li>\n<li>Polym\u00e9risation chimique neutre<\/li>\n<li>R\u00e9sistance \u00e0 court terme jusqu&rsquo;\u00e0 +200\u00b0C pour le rev\u00eatement en poudre et thermique<\/li>\n<li>Non-corrosif sur les surfaces<\/li>\n<li>R\u00e9sistance aux impacts et aux vibrations (absorption des chocs)<\/li>\n<li>R\u00e9siste \u00e0 la dilatation thermique et \u00e0 la tension des mat\u00e9riaux<\/li>\n<\/ul>\n<p>&nbsp;<\/p>\n<h2>Application<\/h2>\n<p>Collage des pare-brise dans la construction de v\u00e9hicules, de wagons et de cabines. Pour les liaisons non soutenues et lorsqu&rsquo;un processus de travail rapide et continu est n\u00e9cessaire. Lien de soutien flexible et imm\u00e9diat dans le domaine de la construction m\u00e9tallique, d&rsquo;appareils et de machines, de la technologie des mati\u00e8res plastiques, des syst\u00e8mes de climatisation et de ventilation, de la carrosserie automobile, des wagons, des v\u00e9hicules et de la construction de conteneurs.<\/p>\n","protected":false},"excerpt":{"rendered":"<p>Merbenit SK212 est un adh\u00e9sif \u00e9lastique avec un tack initial et une r\u00e9sistance \u00e9lev\u00e9s.<\/p>\n","protected":false},"featured_media":3608,"comment_status":"open","ping_status":"closed","template":"","meta":{"_acf_changed":false},"product_brand":[],"product_cat":[518,452,340,384,375,360,517,412],"product_tag":[],"class_list":{"0":"post-3944","1":"product","2":"type-product","3":"status-publish","4":"has-post-thumbnail","6":"product_cat-adhesif-smp","7":"product_cat-adhesifs-et-mastics","8":"product_cat-automobile","9":"product_cat-energie","10":"product_cat-ferroviaire","11":"product_cat-industrie-generale","12":"product_cat-merbenit-fr","13":"product_cat-telepheriques","14":"pa_brands-merbenit-fr","16":"first","17":"instock","18":"shipping-taxable","19":"product-type-simple"},"acf":[],"_yoast_wpseo_focuskw":"Merbenit SK212","_yoast_wpseo_metadesc":"Merbenit SK212 est un adh\u00e9sif \u00e9lastique avec un tack initial et une r\u00e9sistance \u00e9lev\u00e9s. Gr\u00e2ce \u00e0 la base SMP, elle est particuli\u00e8rement adapt\u00e9e aux collages o\u00f9 la r\u00e9sistance \u00e0 la manipulation est courte...","yoast_head":"<!-- This site is optimized with the Yoast SEO Premium plugin v21.6 (Yoast SEO v27.4) - https:\/\/yoast.com\/product\/yoast-seo-premium-wordpress\/ -->\n<title>Merbenit SK212 - CREDIMEX<\/title>\n<meta name=\"description\" content=\"Merbenit SK212 est un adh\u00e9sif \u00e9lastique avec un tack initial et une r\u00e9sistance \u00e9lev\u00e9s. Gr\u00e2ce \u00e0 la base SMP, elle est particuli\u00e8rement adapt\u00e9e aux collages o\u00f9 la r\u00e9sistance \u00e0 la manipulation est courte...\" \/>\n<meta name=\"robots\" content=\"index, follow, max-snippet:-1, max-image-preview:large, max-video-preview:-1\" \/>\n<link rel=\"canonical\" href=\"https:\/\/www.credimex.ch\/fr\/produit\/merbenit-sk212-2\/\" \/>\n<meta property=\"og:locale\" content=\"fr_FR\" \/>\n<meta property=\"og:type\" content=\"article\" \/>\n<meta property=\"og:title\" content=\"Merbenit SK212\" \/>\n<meta property=\"og:description\" content=\"Merbenit SK212 est un adh\u00e9sif \u00e9lastique avec un tack initial et une r\u00e9sistance \u00e9lev\u00e9s. Gr\u00e2ce \u00e0 la base SMP, elle est particuli\u00e8rement adapt\u00e9e aux collages o\u00f9 la r\u00e9sistance \u00e0 la manipulation est courte...\" \/>\n<meta property=\"og:url\" content=\"https:\/\/www.credimex.ch\/fr\/produit\/merbenit-sk212-2\/\" \/>\n<meta property=\"og:site_name\" content=\"CREDIMEX\" \/>\n<meta property=\"article:publisher\" content=\"https:\/\/www.facebook.com\/credimex.alpnach\/\" \/>\n<meta property=\"og:image\" content=\"https:\/\/www.credimex.ch\/wp-content\/uploads\/2022\/09\/Merbenit-SK212.jpeg\" \/>\n\t<meta property=\"og:image:width\" content=\"1200\" \/>\n\t<meta property=\"og:image:height\" content=\"1200\" \/>\n\t<meta property=\"og:image:type\" content=\"image\/jpeg\" \/>\n<meta name=\"twitter:card\" content=\"summary_large_image\" \/>\n<meta name=\"twitter:label1\" content=\"Dur\u00e9e de lecture estim\u00e9e\" \/>\n\t<meta name=\"twitter:data1\" content=\"1 minute\" \/>\n<script type=\"application\/ld+json\" class=\"yoast-schema-graph\">{\"@context\":\"https:\\\/\\\/schema.org\",\"@graph\":[{\"@type\":\"WebPage\",\"@id\":\"https:\\\/\\\/www.credimex.ch\\\/fr\\\/produit\\\/merbenit-sk212-2\\\/\",\"url\":\"https:\\\/\\\/www.credimex.ch\\\/fr\\\/produit\\\/merbenit-sk212-2\\\/\",\"name\":\"Merbenit SK212 - CREDIMEX\",\"isPartOf\":{\"@id\":\"https:\\\/\\\/www.credimex.ch\\\/fr\\\/#website\"},\"primaryImageOfPage\":{\"@id\":\"https:\\\/\\\/www.credimex.ch\\\/fr\\\/produit\\\/merbenit-sk212-2\\\/#primaryimage\"},\"image\":{\"@id\":\"https:\\\/\\\/www.credimex.ch\\\/fr\\\/produit\\\/merbenit-sk212-2\\\/#primaryimage\"},\"thumbnailUrl\":\"https:\\\/\\\/www.credimex.ch\\\/wp-content\\\/uploads\\\/2022\\\/09\\\/Merbenit-SK212.jpeg\",\"datePublished\":\"2022-09-05T09:11:16+00:00\",\"description\":\"Merbenit SK212 est un adh\u00e9sif \u00e9lastique avec un tack initial et une r\u00e9sistance \u00e9lev\u00e9s. Gr\u00e2ce \u00e0 la base SMP, elle est particuli\u00e8rement adapt\u00e9e aux collages o\u00f9 la r\u00e9sistance \u00e0 la manipulation est courte...\",\"breadcrumb\":{\"@id\":\"https:\\\/\\\/www.credimex.ch\\\/fr\\\/produit\\\/merbenit-sk212-2\\\/#breadcrumb\"},\"inLanguage\":\"fr-FR\",\"potentialAction\":[{\"@type\":\"ReadAction\",\"target\":[\"https:\\\/\\\/www.credimex.ch\\\/fr\\\/produit\\\/merbenit-sk212-2\\\/\"]}]},{\"@type\":\"ImageObject\",\"inLanguage\":\"fr-FR\",\"@id\":\"https:\\\/\\\/www.credimex.ch\\\/fr\\\/produit\\\/merbenit-sk212-2\\\/#primaryimage\",\"url\":\"https:\\\/\\\/www.credimex.ch\\\/wp-content\\\/uploads\\\/2022\\\/09\\\/Merbenit-SK212.jpeg\",\"contentUrl\":\"https:\\\/\\\/www.credimex.ch\\\/wp-content\\\/uploads\\\/2022\\\/09\\\/Merbenit-SK212.jpeg\",\"width\":1200,\"height\":1200},{\"@type\":\"BreadcrumbList\",\"@id\":\"https:\\\/\\\/www.credimex.ch\\\/fr\\\/produit\\\/merbenit-sk212-2\\\/#breadcrumb\",\"itemListElement\":[{\"@type\":\"ListItem\",\"position\":1,\"name\":\"Home\",\"item\":\"https:\\\/\\\/www.credimex.ch\\\/fr\\\/\"},{\"@type\":\"ListItem\",\"position\":2,\"name\":\"Produits\",\"item\":\"https:\\\/\\\/www.credimex.ch\\\/fr\\\/produits\\\/\"},{\"@type\":\"ListItem\",\"position\":3,\"name\":\"Merbenit SK212\"}]},{\"@type\":\"WebSite\",\"@id\":\"https:\\\/\\\/www.credimex.ch\\\/fr\\\/#website\",\"url\":\"https:\\\/\\\/www.credimex.ch\\\/fr\\\/\",\"name\":\"CREDIMEX\",\"description\":\"Partner of Swiss Industrial Market\",\"publisher\":{\"@id\":\"https:\\\/\\\/www.credimex.ch\\\/fr\\\/#organization\"},\"potentialAction\":[{\"@type\":\"SearchAction\",\"target\":{\"@type\":\"EntryPoint\",\"urlTemplate\":\"https:\\\/\\\/www.credimex.ch\\\/fr\\\/?s={search_term_string}\"},\"query-input\":{\"@type\":\"PropertyValueSpecification\",\"valueRequired\":true,\"valueName\":\"search_term_string\"}}],\"inLanguage\":\"fr-FR\"},{\"@type\":\"Organization\",\"@id\":\"https:\\\/\\\/www.credimex.ch\\\/fr\\\/#organization\",\"name\":\"credimex\",\"url\":\"https:\\\/\\\/www.credimex.ch\\\/fr\\\/\",\"logo\":{\"@type\":\"ImageObject\",\"inLanguage\":\"fr-FR\",\"@id\":\"https:\\\/\\\/www.credimex.ch\\\/fr\\\/#\\\/schema\\\/logo\\\/image\\\/\",\"url\":\"https:\\\/\\\/www.credimex.ch\\\/wp-content\\\/uploads\\\/2022\\\/03\\\/cropped-logo-credimex.png\",\"contentUrl\":\"https:\\\/\\\/www.credimex.ch\\\/wp-content\\\/uploads\\\/2022\\\/03\\\/cropped-logo-credimex.png\",\"width\":512,\"height\":512,\"caption\":\"credimex\"},\"image\":{\"@id\":\"https:\\\/\\\/www.credimex.ch\\\/fr\\\/#\\\/schema\\\/logo\\\/image\\\/\"},\"sameAs\":[\"https:\\\/\\\/www.facebook.com\\\/credimex.alpnach\\\/\",\"https:\\\/\\\/www.linkedin.com\\\/company\\\/credimex\\\/\",\"https:\\\/\\\/www.youtube.com\\\/@CREDIMEX?sub_confirmation=1\"]}]}<\/script>\n<!-- \/ Yoast SEO Premium plugin. -->","yoast_head_json":{"title":"Merbenit SK212 - CREDIMEX","description":"Merbenit SK212 est un adh\u00e9sif \u00e9lastique avec un tack initial et une r\u00e9sistance \u00e9lev\u00e9s. Gr\u00e2ce \u00e0 la base SMP, elle est particuli\u00e8rement adapt\u00e9e aux collages o\u00f9 la r\u00e9sistance \u00e0 la manipulation est courte...","robots":{"index":"index","follow":"follow","max-snippet":"max-snippet:-1","max-image-preview":"max-image-preview:large","max-video-preview":"max-video-preview:-1"},"canonical":"https:\/\/www.credimex.ch\/fr\/produit\/merbenit-sk212-2\/","og_locale":"fr_FR","og_type":"article","og_title":"Merbenit SK212","og_description":"Merbenit SK212 est un adh\u00e9sif \u00e9lastique avec un tack initial et une r\u00e9sistance \u00e9lev\u00e9s. Gr\u00e2ce \u00e0 la base SMP, elle est particuli\u00e8rement adapt\u00e9e aux collages o\u00f9 la r\u00e9sistance \u00e0 la manipulation est courte...","og_url":"https:\/\/www.credimex.ch\/fr\/produit\/merbenit-sk212-2\/","og_site_name":"CREDIMEX","article_publisher":"https:\/\/www.facebook.com\/credimex.alpnach\/","og_image":[{"width":1200,"height":1200,"url":"https:\/\/www.credimex.ch\/wp-content\/uploads\/2022\/09\/Merbenit-SK212.jpeg","type":"image\/jpeg"}],"twitter_card":"summary_large_image","twitter_misc":{"Dur\u00e9e de lecture estim\u00e9e":"1 minute"},"schema":{"@context":"https:\/\/schema.org","@graph":[{"@type":"WebPage","@id":"https:\/\/www.credimex.ch\/fr\/produit\/merbenit-sk212-2\/","url":"https:\/\/www.credimex.ch\/fr\/produit\/merbenit-sk212-2\/","name":"Merbenit SK212 - CREDIMEX","isPartOf":{"@id":"https:\/\/www.credimex.ch\/fr\/#website"},"primaryImageOfPage":{"@id":"https:\/\/www.credimex.ch\/fr\/produit\/merbenit-sk212-2\/#primaryimage"},"image":{"@id":"https:\/\/www.credimex.ch\/fr\/produit\/merbenit-sk212-2\/#primaryimage"},"thumbnailUrl":"https:\/\/www.credimex.ch\/wp-content\/uploads\/2022\/09\/Merbenit-SK212.jpeg","datePublished":"2022-09-05T09:11:16+00:00","description":"Merbenit SK212 est un adh\u00e9sif \u00e9lastique avec un tack initial et une r\u00e9sistance \u00e9lev\u00e9s. Gr\u00e2ce \u00e0 la base SMP, elle est particuli\u00e8rement adapt\u00e9e aux collages o\u00f9 la r\u00e9sistance \u00e0 la manipulation est courte...","breadcrumb":{"@id":"https:\/\/www.credimex.ch\/fr\/produit\/merbenit-sk212-2\/#breadcrumb"},"inLanguage":"fr-FR","potentialAction":[{"@type":"ReadAction","target":["https:\/\/www.credimex.ch\/fr\/produit\/merbenit-sk212-2\/"]}]},{"@type":"ImageObject","inLanguage":"fr-FR","@id":"https:\/\/www.credimex.ch\/fr\/produit\/merbenit-sk212-2\/#primaryimage","url":"https:\/\/www.credimex.ch\/wp-content\/uploads\/2022\/09\/Merbenit-SK212.jpeg","contentUrl":"https:\/\/www.credimex.ch\/wp-content\/uploads\/2022\/09\/Merbenit-SK212.jpeg","width":1200,"height":1200},{"@type":"BreadcrumbList","@id":"https:\/\/www.credimex.ch\/fr\/produit\/merbenit-sk212-2\/#breadcrumb","itemListElement":[{"@type":"ListItem","position":1,"name":"Home","item":"https:\/\/www.credimex.ch\/fr\/"},{"@type":"ListItem","position":2,"name":"Produits","item":"https:\/\/www.credimex.ch\/fr\/produits\/"},{"@type":"ListItem","position":3,"name":"Merbenit SK212"}]},{"@type":"WebSite","@id":"https:\/\/www.credimex.ch\/fr\/#website","url":"https:\/\/www.credimex.ch\/fr\/","name":"CREDIMEX","description":"Partner of Swiss Industrial Market","publisher":{"@id":"https:\/\/www.credimex.ch\/fr\/#organization"},"potentialAction":[{"@type":"SearchAction","target":{"@type":"EntryPoint","urlTemplate":"https:\/\/www.credimex.ch\/fr\/?s={search_term_string}"},"query-input":{"@type":"PropertyValueSpecification","valueRequired":true,"valueName":"search_term_string"}}],"inLanguage":"fr-FR"},{"@type":"Organization","@id":"https:\/\/www.credimex.ch\/fr\/#organization","name":"credimex","url":"https:\/\/www.credimex.ch\/fr\/","logo":{"@type":"ImageObject","inLanguage":"fr-FR","@id":"https:\/\/www.credimex.ch\/fr\/#\/schema\/logo\/image\/","url":"https:\/\/www.credimex.ch\/wp-content\/uploads\/2022\/03\/cropped-logo-credimex.png","contentUrl":"https:\/\/www.credimex.ch\/wp-content\/uploads\/2022\/03\/cropped-logo-credimex.png","width":512,"height":512,"caption":"credimex"},"image":{"@id":"https:\/\/www.credimex.ch\/fr\/#\/schema\/logo\/image\/"},"sameAs":["https:\/\/www.facebook.com\/credimex.alpnach\/","https:\/\/www.linkedin.com\/company\/credimex\/","https:\/\/www.youtube.com\/@CREDIMEX?sub_confirmation=1"]}]}},"_links":{"self":[{"href":"https:\/\/www.credimex.ch\/fr\/wp-json\/wp\/v2\/product\/3944","targetHints":{"allow":["GET"]}}],"collection":[{"href":"https:\/\/www.credimex.ch\/fr\/wp-json\/wp\/v2\/product"}],"about":[{"href":"https:\/\/www.credimex.ch\/fr\/wp-json\/wp\/v2\/types\/product"}],"replies":[{"embeddable":true,"href":"https:\/\/www.credimex.ch\/fr\/wp-json\/wp\/v2\/comments?post=3944"}],"wp:featuredmedia":[{"embeddable":true,"href":"https:\/\/www.credimex.ch\/fr\/wp-json\/wp\/v2\/media\/3608"}],"wp:attachment":[{"href":"https:\/\/www.credimex.ch\/fr\/wp-json\/wp\/v2\/media?parent=3944"}],"wp:term":[{"taxonomy":"product_brand","embeddable":true,"href":"https:\/\/www.credimex.ch\/fr\/wp-json\/wp\/v2\/product_brand?post=3944"},{"taxonomy":"product_cat","embeddable":true,"href":"https:\/\/www.credimex.ch\/fr\/wp-json\/wp\/v2\/product_cat?post=3944"},{"taxonomy":"product_tag","embeddable":true,"href":"https:\/\/www.credimex.ch\/fr\/wp-json\/wp\/v2\/product_tag?post=3944"}],"curies":[{"name":"wp","href":"https:\/\/api.w.org\/{rel}","templated":true}]}}