{"id":3948,"date":"2022-09-05T10:51:52","date_gmt":"2022-09-05T08:51:52","guid":{"rendered":"https:\/\/www.credimex.ch.mialias.net\/product\/as-1802\/"},"modified":"2023-03-24T17:19:46","modified_gmt":"2023-03-24T16:19:46","slug":"as-1802-2","status":"publish","type":"product","link":"https:\/\/www.credimex.ch\/fr\/produit\/as-1802-2\/","title":{"rendered":"CHT AS1802"},"content":{"rendered":"<p>Il s&rsquo;agit d&rsquo;un mastic silicone adh\u00e9sif non corrosif, \u00e0 durcissement neutre, \u00e0 un composant, RTV (Room Temperature Vulcanising). Il fait partie d&rsquo;une gamme de produits de cure \u00e0 l&rsquo;ac\u00e9tone qui sont sans solvant. Il pr\u00e9sente une excellente adh\u00e9rence sans primaire sur de nombreux substrats et durcit rapidement \u00e0 temp\u00e9rature ambiante au contact de l&rsquo;humidit\u00e9 atmosph\u00e9rique pour former un caoutchouc r\u00e9sistant. Ce produit ne corrodera pas le cuivre ou ses alliages et peut \u00eatre utilis\u00e9 avec des composants \u00e9lectroniques.<\/p>\n<p>&nbsp;<\/p>\n<h2>Caract\u00e9ristiques principales<\/h2>\n<ul>\n<li>Excellente conductivit\u00e9 thermique<\/li>\n<li>Non corrosif<\/li>\n<li>D\u00e9pouillement rapide<\/li>\n<li>Faible r\u00e9tr\u00e9cissement lin\u00e9aire<\/li>\n<\/ul>\n<p>&nbsp;<\/p>\n<h2>Application<\/h2>\n<p>Les applications comprennent entre autres l&rsquo;industrie automotive, le transfert de chaleur et le collage de PCB.<\/p>\n","protected":false},"excerpt":{"rendered":"<p>Adh\u00e9sif monocomposant \u00e0 r\u00e9ticulation neutre (qualit\u00e9 \u00e9lectronique)<\/p>\n","protected":false},"featured_media":3604,"comment_status":"open","ping_status":"closed","template":"","meta":{"_acf_changed":false},"product_brand":[],"product_cat":[526,340,413,525,376,411,384,375,360],"product_tag":[],"class_list":{"0":"post-3948","1":"product","2":"type-product","3":"status-publish","4":"has-post-thumbnail","6":"product_cat-adhesifs-silicone","7":"product_cat-automobile","8":"product_cat-batteries","9":"product_cat-cht","10":"product_cat-e-mobilite","11":"product_cat-electronique","12":"product_cat-energie","13":"product_cat-ferroviaire","14":"product_cat-industrie-generale","15":"pa_brands-cht-fr","17":"first","18":"instock","19":"shipping-taxable","20":"product-type-simple"},"acf":[],"_yoast_wpseo_focuskw":"AS 1802","_yoast_wpseo_metadesc":"AS 1802 CHT : il s'agit d'un mastic adh\u00e9sif silicone RTV (vulcanisation \u00e0 temp\u00e9rature ambiante), non corrosif, \u00e0 durcissement neutre, en 1 partie.","yoast_head":"<!-- This site is optimized with the Yoast SEO Premium plugin v21.6 (Yoast SEO v27.4) - https:\/\/yoast.com\/product\/yoast-seo-premium-wordpress\/ -->\n<title>CHT AS1802 - CREDIMEX<\/title>\n<meta name=\"description\" content=\"AS 1802 CHT : il s&#039;agit d&#039;un mastic adh\u00e9sif silicone RTV (vulcanisation \u00e0 temp\u00e9rature ambiante), non corrosif, \u00e0 durcissement neutre, en 1 partie.\" \/>\n<meta name=\"robots\" content=\"index, follow, max-snippet:-1, max-image-preview:large, max-video-preview:-1\" \/>\n<link rel=\"canonical\" href=\"https:\/\/www.credimex.ch\/fr\/produit\/as-1802-2\/\" \/>\n<meta property=\"og:locale\" content=\"fr_FR\" \/>\n<meta property=\"og:type\" content=\"article\" \/>\n<meta property=\"og:title\" content=\"CHT AS1802\" \/>\n<meta property=\"og:description\" content=\"AS 1802 CHT : il s&#039;agit d&#039;un mastic adh\u00e9sif silicone RTV (vulcanisation \u00e0 temp\u00e9rature ambiante), non corrosif, \u00e0 durcissement neutre, en 1 partie.\" \/>\n<meta property=\"og:url\" content=\"https:\/\/www.credimex.ch\/fr\/produit\/as-1802-2\/\" \/>\n<meta property=\"og:site_name\" content=\"CREDIMEX\" \/>\n<meta property=\"article:publisher\" content=\"https:\/\/www.facebook.com\/credimex.alpnach\/\" \/>\n<meta property=\"article:modified_time\" content=\"2023-03-24T16:19:46+00:00\" \/>\n<meta property=\"og:image\" content=\"https:\/\/www.credimex.ch\/wp-content\/uploads\/2022\/09\/CHT-AS1802.png\" \/>\n\t<meta property=\"og:image:width\" content=\"400\" \/>\n\t<meta property=\"og:image:height\" content=\"400\" \/>\n\t<meta property=\"og:image:type\" content=\"image\/png\" \/>\n<meta name=\"twitter:card\" content=\"summary_large_image\" \/>\n<meta name=\"twitter:label1\" content=\"Dur\u00e9e de lecture estim\u00e9e\" \/>\n\t<meta name=\"twitter:data1\" content=\"1 minute\" \/>\n<script type=\"application\/ld+json\" class=\"yoast-schema-graph\">{\"@context\":\"https:\\\/\\\/schema.org\",\"@graph\":[{\"@type\":\"WebPage\",\"@id\":\"https:\\\/\\\/www.credimex.ch\\\/fr\\\/produit\\\/as-1802-2\\\/\",\"url\":\"https:\\\/\\\/www.credimex.ch\\\/fr\\\/produit\\\/as-1802-2\\\/\",\"name\":\"CHT AS1802 - CREDIMEX\",\"isPartOf\":{\"@id\":\"https:\\\/\\\/www.credimex.ch\\\/fr\\\/#website\"},\"primaryImageOfPage\":{\"@id\":\"https:\\\/\\\/www.credimex.ch\\\/fr\\\/produit\\\/as-1802-2\\\/#primaryimage\"},\"image\":{\"@id\":\"https:\\\/\\\/www.credimex.ch\\\/fr\\\/produit\\\/as-1802-2\\\/#primaryimage\"},\"thumbnailUrl\":\"https:\\\/\\\/www.credimex.ch\\\/wp-content\\\/uploads\\\/2022\\\/09\\\/CHT-AS1802.png\",\"datePublished\":\"2022-09-05T08:51:52+00:00\",\"dateModified\":\"2023-03-24T16:19:46+00:00\",\"description\":\"AS 1802 CHT : il s'agit d'un mastic adh\u00e9sif silicone RTV (vulcanisation \u00e0 temp\u00e9rature ambiante), non corrosif, \u00e0 durcissement neutre, en 1 partie.\",\"breadcrumb\":{\"@id\":\"https:\\\/\\\/www.credimex.ch\\\/fr\\\/produit\\\/as-1802-2\\\/#breadcrumb\"},\"inLanguage\":\"fr-FR\",\"potentialAction\":[{\"@type\":\"ReadAction\",\"target\":[\"https:\\\/\\\/www.credimex.ch\\\/fr\\\/produit\\\/as-1802-2\\\/\"]}]},{\"@type\":\"ImageObject\",\"inLanguage\":\"fr-FR\",\"@id\":\"https:\\\/\\\/www.credimex.ch\\\/fr\\\/produit\\\/as-1802-2\\\/#primaryimage\",\"url\":\"https:\\\/\\\/www.credimex.ch\\\/wp-content\\\/uploads\\\/2022\\\/09\\\/CHT-AS1802.png\",\"contentUrl\":\"https:\\\/\\\/www.credimex.ch\\\/wp-content\\\/uploads\\\/2022\\\/09\\\/CHT-AS1802.png\",\"width\":400,\"height\":400},{\"@type\":\"BreadcrumbList\",\"@id\":\"https:\\\/\\\/www.credimex.ch\\\/fr\\\/produit\\\/as-1802-2\\\/#breadcrumb\",\"itemListElement\":[{\"@type\":\"ListItem\",\"position\":1,\"name\":\"Home\",\"item\":\"https:\\\/\\\/www.credimex.ch\\\/fr\\\/\"},{\"@type\":\"ListItem\",\"position\":2,\"name\":\"Produits\",\"item\":\"https:\\\/\\\/www.credimex.ch\\\/fr\\\/produits\\\/\"},{\"@type\":\"ListItem\",\"position\":3,\"name\":\"CHT AS1802\"}]},{\"@type\":\"WebSite\",\"@id\":\"https:\\\/\\\/www.credimex.ch\\\/fr\\\/#website\",\"url\":\"https:\\\/\\\/www.credimex.ch\\\/fr\\\/\",\"name\":\"CREDIMEX\",\"description\":\"Partner of Swiss Industrial Market\",\"publisher\":{\"@id\":\"https:\\\/\\\/www.credimex.ch\\\/fr\\\/#organization\"},\"potentialAction\":[{\"@type\":\"SearchAction\",\"target\":{\"@type\":\"EntryPoint\",\"urlTemplate\":\"https:\\\/\\\/www.credimex.ch\\\/fr\\\/?s={search_term_string}\"},\"query-input\":{\"@type\":\"PropertyValueSpecification\",\"valueRequired\":true,\"valueName\":\"search_term_string\"}}],\"inLanguage\":\"fr-FR\"},{\"@type\":\"Organization\",\"@id\":\"https:\\\/\\\/www.credimex.ch\\\/fr\\\/#organization\",\"name\":\"credimex\",\"url\":\"https:\\\/\\\/www.credimex.ch\\\/fr\\\/\",\"logo\":{\"@type\":\"ImageObject\",\"inLanguage\":\"fr-FR\",\"@id\":\"https:\\\/\\\/www.credimex.ch\\\/fr\\\/#\\\/schema\\\/logo\\\/image\\\/\",\"url\":\"https:\\\/\\\/www.credimex.ch\\\/wp-content\\\/uploads\\\/2022\\\/03\\\/cropped-logo-credimex.png\",\"contentUrl\":\"https:\\\/\\\/www.credimex.ch\\\/wp-content\\\/uploads\\\/2022\\\/03\\\/cropped-logo-credimex.png\",\"width\":512,\"height\":512,\"caption\":\"credimex\"},\"image\":{\"@id\":\"https:\\\/\\\/www.credimex.ch\\\/fr\\\/#\\\/schema\\\/logo\\\/image\\\/\"},\"sameAs\":[\"https:\\\/\\\/www.facebook.com\\\/credimex.alpnach\\\/\",\"https:\\\/\\\/www.linkedin.com\\\/company\\\/credimex\\\/\",\"https:\\\/\\\/www.youtube.com\\\/@CREDIMEX?sub_confirmation=1\"]}]}<\/script>\n<!-- \/ Yoast SEO Premium plugin. -->","yoast_head_json":{"title":"CHT AS1802 - CREDIMEX","description":"AS 1802 CHT : il s'agit d'un mastic adh\u00e9sif silicone RTV (vulcanisation \u00e0 temp\u00e9rature ambiante), non corrosif, \u00e0 durcissement neutre, en 1 partie.","robots":{"index":"index","follow":"follow","max-snippet":"max-snippet:-1","max-image-preview":"max-image-preview:large","max-video-preview":"max-video-preview:-1"},"canonical":"https:\/\/www.credimex.ch\/fr\/produit\/as-1802-2\/","og_locale":"fr_FR","og_type":"article","og_title":"CHT AS1802","og_description":"AS 1802 CHT : il s'agit d'un mastic adh\u00e9sif silicone RTV (vulcanisation \u00e0 temp\u00e9rature ambiante), non corrosif, \u00e0 durcissement neutre, en 1 partie.","og_url":"https:\/\/www.credimex.ch\/fr\/produit\/as-1802-2\/","og_site_name":"CREDIMEX","article_publisher":"https:\/\/www.facebook.com\/credimex.alpnach\/","article_modified_time":"2023-03-24T16:19:46+00:00","og_image":[{"width":400,"height":400,"url":"https:\/\/www.credimex.ch\/wp-content\/uploads\/2022\/09\/CHT-AS1802.png","type":"image\/png"}],"twitter_card":"summary_large_image","twitter_misc":{"Dur\u00e9e de lecture estim\u00e9e":"1 minute"},"schema":{"@context":"https:\/\/schema.org","@graph":[{"@type":"WebPage","@id":"https:\/\/www.credimex.ch\/fr\/produit\/as-1802-2\/","url":"https:\/\/www.credimex.ch\/fr\/produit\/as-1802-2\/","name":"CHT AS1802 - CREDIMEX","isPartOf":{"@id":"https:\/\/www.credimex.ch\/fr\/#website"},"primaryImageOfPage":{"@id":"https:\/\/www.credimex.ch\/fr\/produit\/as-1802-2\/#primaryimage"},"image":{"@id":"https:\/\/www.credimex.ch\/fr\/produit\/as-1802-2\/#primaryimage"},"thumbnailUrl":"https:\/\/www.credimex.ch\/wp-content\/uploads\/2022\/09\/CHT-AS1802.png","datePublished":"2022-09-05T08:51:52+00:00","dateModified":"2023-03-24T16:19:46+00:00","description":"AS 1802 CHT : il s'agit d'un mastic adh\u00e9sif silicone RTV (vulcanisation \u00e0 temp\u00e9rature ambiante), non corrosif, \u00e0 durcissement neutre, en 1 partie.","breadcrumb":{"@id":"https:\/\/www.credimex.ch\/fr\/produit\/as-1802-2\/#breadcrumb"},"inLanguage":"fr-FR","potentialAction":[{"@type":"ReadAction","target":["https:\/\/www.credimex.ch\/fr\/produit\/as-1802-2\/"]}]},{"@type":"ImageObject","inLanguage":"fr-FR","@id":"https:\/\/www.credimex.ch\/fr\/produit\/as-1802-2\/#primaryimage","url":"https:\/\/www.credimex.ch\/wp-content\/uploads\/2022\/09\/CHT-AS1802.png","contentUrl":"https:\/\/www.credimex.ch\/wp-content\/uploads\/2022\/09\/CHT-AS1802.png","width":400,"height":400},{"@type":"BreadcrumbList","@id":"https:\/\/www.credimex.ch\/fr\/produit\/as-1802-2\/#breadcrumb","itemListElement":[{"@type":"ListItem","position":1,"name":"Home","item":"https:\/\/www.credimex.ch\/fr\/"},{"@type":"ListItem","position":2,"name":"Produits","item":"https:\/\/www.credimex.ch\/fr\/produits\/"},{"@type":"ListItem","position":3,"name":"CHT AS1802"}]},{"@type":"WebSite","@id":"https:\/\/www.credimex.ch\/fr\/#website","url":"https:\/\/www.credimex.ch\/fr\/","name":"CREDIMEX","description":"Partner of Swiss Industrial Market","publisher":{"@id":"https:\/\/www.credimex.ch\/fr\/#organization"},"potentialAction":[{"@type":"SearchAction","target":{"@type":"EntryPoint","urlTemplate":"https:\/\/www.credimex.ch\/fr\/?s={search_term_string}"},"query-input":{"@type":"PropertyValueSpecification","valueRequired":true,"valueName":"search_term_string"}}],"inLanguage":"fr-FR"},{"@type":"Organization","@id":"https:\/\/www.credimex.ch\/fr\/#organization","name":"credimex","url":"https:\/\/www.credimex.ch\/fr\/","logo":{"@type":"ImageObject","inLanguage":"fr-FR","@id":"https:\/\/www.credimex.ch\/fr\/#\/schema\/logo\/image\/","url":"https:\/\/www.credimex.ch\/wp-content\/uploads\/2022\/03\/cropped-logo-credimex.png","contentUrl":"https:\/\/www.credimex.ch\/wp-content\/uploads\/2022\/03\/cropped-logo-credimex.png","width":512,"height":512,"caption":"credimex"},"image":{"@id":"https:\/\/www.credimex.ch\/fr\/#\/schema\/logo\/image\/"},"sameAs":["https:\/\/www.facebook.com\/credimex.alpnach\/","https:\/\/www.linkedin.com\/company\/credimex\/","https:\/\/www.youtube.com\/@CREDIMEX?sub_confirmation=1"]}]}},"_links":{"self":[{"href":"https:\/\/www.credimex.ch\/fr\/wp-json\/wp\/v2\/product\/3948","targetHints":{"allow":["GET"]}}],"collection":[{"href":"https:\/\/www.credimex.ch\/fr\/wp-json\/wp\/v2\/product"}],"about":[{"href":"https:\/\/www.credimex.ch\/fr\/wp-json\/wp\/v2\/types\/product"}],"replies":[{"embeddable":true,"href":"https:\/\/www.credimex.ch\/fr\/wp-json\/wp\/v2\/comments?post=3948"}],"wp:featuredmedia":[{"embeddable":true,"href":"https:\/\/www.credimex.ch\/fr\/wp-json\/wp\/v2\/media\/3604"}],"wp:attachment":[{"href":"https:\/\/www.credimex.ch\/fr\/wp-json\/wp\/v2\/media?parent=3948"}],"wp:term":[{"taxonomy":"product_brand","embeddable":true,"href":"https:\/\/www.credimex.ch\/fr\/wp-json\/wp\/v2\/product_brand?post=3948"},{"taxonomy":"product_cat","embeddable":true,"href":"https:\/\/www.credimex.ch\/fr\/wp-json\/wp\/v2\/product_cat?post=3948"},{"taxonomy":"product_tag","embeddable":true,"href":"https:\/\/www.credimex.ch\/fr\/wp-json\/wp\/v2\/product_tag?post=3948"}],"curies":[{"name":"wp","href":"https:\/\/api.w.org\/{rel}","templated":true}]}}