{"id":3950,"date":"2022-09-05T10:45:38","date_gmt":"2022-09-05T08:45:38","guid":{"rendered":"https:\/\/www.credimex.ch.mialias.net\/product\/as1502\/"},"modified":"2023-03-24T17:20:44","modified_gmt":"2023-03-24T16:20:44","slug":"as1502-2","status":"publish","type":"product","link":"https:\/\/www.credimex.ch\/fr\/produit\/as1502-2\/","title":{"rendered":"CHT AS1502"},"content":{"rendered":"<p>Il s&rsquo;agit d&rsquo;un mastic adh\u00e9sif silicone RTV (Room Temperature Vulcanizing) \u00e0 monocomposant. Il fait partie d&rsquo;une gamme de produits de cure ac\u00e9toxy ne contiennent pas de solvants. Pendant le durcissement, il lib\u00e8re une tr\u00e8s faible quantit\u00e9 d&rsquo;acide ac\u00e9tique, ce qui donne la fameuse odeur de \u00ab\u00a0vinaigre\u00a0\u00bb, qui s&rsquo;\u00e9vapore rapidement apr\u00e8s le durcissement. Il pr\u00e9sente une bonne adh\u00e9rence sans primaire sur de nombreux substrats, notamment l&rsquo;aluminium, les m\u00e9taux non ferreux, l&rsquo;acier, le verre, les surfaces \u00e9maill\u00e9es, les tissus c\u00e9ramiques, les r\u00e9sines thermodurcissables, les thermoplastiques et le bois. Il durcit rapidement \u00e0 temp\u00e9rature ambiante lorsqu&rsquo;il est en contact avec l&rsquo;humidit\u00e9 de l&rsquo;air. Ce produit n&rsquo;est pas recommand\u00e9 pour une utilisation avec les m\u00e9taux galvanis\u00e9s, les m\u00e9taux ferreux, le cuivre et ses alliages associ\u00e9s ou dans les assemblages \u00e9lectroniques.<\/p>\n<p>&nbsp;<\/p>\n<h2>Caract\u00e9ristiques principales<\/h2>\n<ul>\n<li>Durcissement rapide \u00e0 temp\u00e9rature ambiante<\/li>\n<li>FDA contact alimentaire indirect CFR 21 177,2600<\/li>\n<li>Migration globale de l&rsquo;UE Cadre CE 1935\/2004 EN1186-1 et<\/li>\n<li>EN1186-3<\/li>\n<li>Couleur: gris argent\u00e9<\/li>\n<\/ul>\n<p>&nbsp;<\/p>\n<h2>Application<\/h2>\n<p>Con\u00e7u pour des applications telles que l&rsquo;\u00e9clairage des pistes d&rsquo;a\u00e9roports,\u00a0 le scellement des cuisines industrielles et des \u00e9quipements et surfaces en acier inoxydable.<\/p>\n<p>Ces produits sont fortement r\u00e9sistants aux intemp\u00e9ries et au vieillissement, largement stables \u00e0 de nombreux solvants, huiles, eau, eau de mer, gaz polluants industriels, acides dilu\u00e9s, solutions salines, nettoyants, gaz propulseurs et acides de fruits.<\/p>\n","protected":false},"excerpt":{"rendered":"<p>Adh\u00e9sif\/mastic monocomposant industriel<\/p>\n","protected":false},"featured_media":3602,"comment_status":"open","ping_status":"closed","template":"","meta":{"_acf_changed":false},"product_brand":[],"product_cat":[452,526,340,413,525,376,411,384,375,360],"product_tag":[],"class_list":{"0":"post-3950","1":"product","2":"type-product","3":"status-publish","4":"has-post-thumbnail","6":"product_cat-adhesifs-et-mastics","7":"product_cat-adhesifs-silicone","8":"product_cat-automobile","9":"product_cat-batteries","10":"product_cat-cht","11":"product_cat-e-mobilite","12":"product_cat-electronique","13":"product_cat-energie","14":"product_cat-ferroviaire","15":"product_cat-industrie-generale","16":"pa_brands-cht-fr","18":"first","19":"instock","20":"shipping-taxable","21":"product-type-simple"},"acf":[],"_yoast_wpseo_focuskw":"AS1502","_yoast_wpseo_metadesc":"Il s'agit d'un mastic adh\u00e9sif silicone RTV (Room Temperature Vulcanizing) en une seule partie. Il fait partie d'une gamme de produits de cure ac\u00e9toxy qui sont sans solvant.","yoast_head":"<!-- This site is optimized with the Yoast SEO Premium plugin v21.6 (Yoast SEO v27.4) - https:\/\/yoast.com\/product\/yoast-seo-premium-wordpress\/ -->\n<title>CHT AS1502 - CREDIMEX<\/title>\n<meta name=\"description\" content=\"Il s&#039;agit d&#039;un mastic adh\u00e9sif silicone RTV (Room Temperature Vulcanizing) en une seule partie. Il fait partie d&#039;une gamme de produits de cure ac\u00e9toxy qui sont sans solvant.\" \/>\n<meta name=\"robots\" content=\"index, follow, max-snippet:-1, max-image-preview:large, max-video-preview:-1\" \/>\n<link rel=\"canonical\" href=\"https:\/\/www.credimex.ch\/fr\/produit\/as1502-2\/\" \/>\n<meta property=\"og:locale\" content=\"fr_FR\" \/>\n<meta property=\"og:type\" content=\"article\" \/>\n<meta property=\"og:title\" content=\"CHT AS1502\" \/>\n<meta property=\"og:description\" content=\"Il s&#039;agit d&#039;un mastic adh\u00e9sif silicone RTV (Room Temperature Vulcanizing) en une seule partie. Il fait partie d&#039;une gamme de produits de cure ac\u00e9toxy qui sont sans solvant.\" \/>\n<meta property=\"og:url\" content=\"https:\/\/www.credimex.ch\/fr\/produit\/as1502-2\/\" \/>\n<meta property=\"og:site_name\" content=\"CREDIMEX\" \/>\n<meta property=\"article:publisher\" content=\"https:\/\/www.facebook.com\/credimex.alpnach\/\" \/>\n<meta property=\"article:modified_time\" content=\"2023-03-24T16:20:44+00:00\" \/>\n<meta property=\"og:image\" content=\"https:\/\/www.credimex.ch\/wp-content\/uploads\/2022\/09\/Generic_Generic_Cartrdige_1.jpeg\" \/>\n\t<meta property=\"og:image:width\" content=\"400\" \/>\n\t<meta property=\"og:image:height\" content=\"400\" \/>\n\t<meta property=\"og:image:type\" content=\"image\/jpeg\" \/>\n<meta name=\"twitter:card\" content=\"summary_large_image\" \/>\n<meta name=\"twitter:label1\" content=\"Dur\u00e9e de lecture estim\u00e9e\" \/>\n\t<meta name=\"twitter:data1\" content=\"1 minute\" \/>\n<script type=\"application\/ld+json\" class=\"yoast-schema-graph\">{\"@context\":\"https:\\\/\\\/schema.org\",\"@graph\":[{\"@type\":\"WebPage\",\"@id\":\"https:\\\/\\\/www.credimex.ch\\\/fr\\\/produit\\\/as1502-2\\\/\",\"url\":\"https:\\\/\\\/www.credimex.ch\\\/fr\\\/produit\\\/as1502-2\\\/\",\"name\":\"CHT AS1502 - CREDIMEX\",\"isPartOf\":{\"@id\":\"https:\\\/\\\/www.credimex.ch\\\/fr\\\/#website\"},\"primaryImageOfPage\":{\"@id\":\"https:\\\/\\\/www.credimex.ch\\\/fr\\\/produit\\\/as1502-2\\\/#primaryimage\"},\"image\":{\"@id\":\"https:\\\/\\\/www.credimex.ch\\\/fr\\\/produit\\\/as1502-2\\\/#primaryimage\"},\"thumbnailUrl\":\"https:\\\/\\\/www.credimex.ch\\\/wp-content\\\/uploads\\\/2022\\\/09\\\/Generic_Generic_Cartrdige_1.jpeg\",\"datePublished\":\"2022-09-05T08:45:38+00:00\",\"dateModified\":\"2023-03-24T16:20:44+00:00\",\"description\":\"Il s'agit d'un mastic adh\u00e9sif silicone RTV (Room Temperature Vulcanizing) en une seule partie. Il fait partie d'une gamme de produits de cure ac\u00e9toxy qui sont sans solvant.\",\"breadcrumb\":{\"@id\":\"https:\\\/\\\/www.credimex.ch\\\/fr\\\/produit\\\/as1502-2\\\/#breadcrumb\"},\"inLanguage\":\"fr-FR\",\"potentialAction\":[{\"@type\":\"ReadAction\",\"target\":[\"https:\\\/\\\/www.credimex.ch\\\/fr\\\/produit\\\/as1502-2\\\/\"]}]},{\"@type\":\"ImageObject\",\"inLanguage\":\"fr-FR\",\"@id\":\"https:\\\/\\\/www.credimex.ch\\\/fr\\\/produit\\\/as1502-2\\\/#primaryimage\",\"url\":\"https:\\\/\\\/www.credimex.ch\\\/wp-content\\\/uploads\\\/2022\\\/09\\\/Generic_Generic_Cartrdige_1.jpeg\",\"contentUrl\":\"https:\\\/\\\/www.credimex.ch\\\/wp-content\\\/uploads\\\/2022\\\/09\\\/Generic_Generic_Cartrdige_1.jpeg\",\"width\":400,\"height\":400},{\"@type\":\"BreadcrumbList\",\"@id\":\"https:\\\/\\\/www.credimex.ch\\\/fr\\\/produit\\\/as1502-2\\\/#breadcrumb\",\"itemListElement\":[{\"@type\":\"ListItem\",\"position\":1,\"name\":\"Home\",\"item\":\"https:\\\/\\\/www.credimex.ch\\\/fr\\\/\"},{\"@type\":\"ListItem\",\"position\":2,\"name\":\"Produits\",\"item\":\"https:\\\/\\\/www.credimex.ch\\\/fr\\\/produits\\\/\"},{\"@type\":\"ListItem\",\"position\":3,\"name\":\"CHT AS1502\"}]},{\"@type\":\"WebSite\",\"@id\":\"https:\\\/\\\/www.credimex.ch\\\/fr\\\/#website\",\"url\":\"https:\\\/\\\/www.credimex.ch\\\/fr\\\/\",\"name\":\"CREDIMEX\",\"description\":\"Partner of Swiss Industrial Market\",\"publisher\":{\"@id\":\"https:\\\/\\\/www.credimex.ch\\\/fr\\\/#organization\"},\"potentialAction\":[{\"@type\":\"SearchAction\",\"target\":{\"@type\":\"EntryPoint\",\"urlTemplate\":\"https:\\\/\\\/www.credimex.ch\\\/fr\\\/?s={search_term_string}\"},\"query-input\":{\"@type\":\"PropertyValueSpecification\",\"valueRequired\":true,\"valueName\":\"search_term_string\"}}],\"inLanguage\":\"fr-FR\"},{\"@type\":\"Organization\",\"@id\":\"https:\\\/\\\/www.credimex.ch\\\/fr\\\/#organization\",\"name\":\"credimex\",\"url\":\"https:\\\/\\\/www.credimex.ch\\\/fr\\\/\",\"logo\":{\"@type\":\"ImageObject\",\"inLanguage\":\"fr-FR\",\"@id\":\"https:\\\/\\\/www.credimex.ch\\\/fr\\\/#\\\/schema\\\/logo\\\/image\\\/\",\"url\":\"https:\\\/\\\/www.credimex.ch\\\/wp-content\\\/uploads\\\/2022\\\/03\\\/cropped-logo-credimex.png\",\"contentUrl\":\"https:\\\/\\\/www.credimex.ch\\\/wp-content\\\/uploads\\\/2022\\\/03\\\/cropped-logo-credimex.png\",\"width\":512,\"height\":512,\"caption\":\"credimex\"},\"image\":{\"@id\":\"https:\\\/\\\/www.credimex.ch\\\/fr\\\/#\\\/schema\\\/logo\\\/image\\\/\"},\"sameAs\":[\"https:\\\/\\\/www.facebook.com\\\/credimex.alpnach\\\/\",\"https:\\\/\\\/www.linkedin.com\\\/company\\\/credimex\\\/\",\"https:\\\/\\\/www.youtube.com\\\/@CREDIMEX?sub_confirmation=1\"]}]}<\/script>\n<!-- \/ Yoast SEO Premium plugin. -->","yoast_head_json":{"title":"CHT AS1502 - CREDIMEX","description":"Il s'agit d'un mastic adh\u00e9sif silicone RTV (Room Temperature Vulcanizing) en une seule partie. Il fait partie d'une gamme de produits de cure ac\u00e9toxy qui sont sans solvant.","robots":{"index":"index","follow":"follow","max-snippet":"max-snippet:-1","max-image-preview":"max-image-preview:large","max-video-preview":"max-video-preview:-1"},"canonical":"https:\/\/www.credimex.ch\/fr\/produit\/as1502-2\/","og_locale":"fr_FR","og_type":"article","og_title":"CHT AS1502","og_description":"Il s'agit d'un mastic adh\u00e9sif silicone RTV (Room Temperature Vulcanizing) en une seule partie. Il fait partie d'une gamme de produits de cure ac\u00e9toxy qui sont sans solvant.","og_url":"https:\/\/www.credimex.ch\/fr\/produit\/as1502-2\/","og_site_name":"CREDIMEX","article_publisher":"https:\/\/www.facebook.com\/credimex.alpnach\/","article_modified_time":"2023-03-24T16:20:44+00:00","og_image":[{"width":400,"height":400,"url":"https:\/\/www.credimex.ch\/wp-content\/uploads\/2022\/09\/Generic_Generic_Cartrdige_1.jpeg","type":"image\/jpeg"}],"twitter_card":"summary_large_image","twitter_misc":{"Dur\u00e9e de lecture estim\u00e9e":"1 minute"},"schema":{"@context":"https:\/\/schema.org","@graph":[{"@type":"WebPage","@id":"https:\/\/www.credimex.ch\/fr\/produit\/as1502-2\/","url":"https:\/\/www.credimex.ch\/fr\/produit\/as1502-2\/","name":"CHT AS1502 - CREDIMEX","isPartOf":{"@id":"https:\/\/www.credimex.ch\/fr\/#website"},"primaryImageOfPage":{"@id":"https:\/\/www.credimex.ch\/fr\/produit\/as1502-2\/#primaryimage"},"image":{"@id":"https:\/\/www.credimex.ch\/fr\/produit\/as1502-2\/#primaryimage"},"thumbnailUrl":"https:\/\/www.credimex.ch\/wp-content\/uploads\/2022\/09\/Generic_Generic_Cartrdige_1.jpeg","datePublished":"2022-09-05T08:45:38+00:00","dateModified":"2023-03-24T16:20:44+00:00","description":"Il s'agit d'un mastic adh\u00e9sif silicone RTV (Room Temperature Vulcanizing) en une seule partie. Il fait partie d'une gamme de produits de cure ac\u00e9toxy qui sont sans solvant.","breadcrumb":{"@id":"https:\/\/www.credimex.ch\/fr\/produit\/as1502-2\/#breadcrumb"},"inLanguage":"fr-FR","potentialAction":[{"@type":"ReadAction","target":["https:\/\/www.credimex.ch\/fr\/produit\/as1502-2\/"]}]},{"@type":"ImageObject","inLanguage":"fr-FR","@id":"https:\/\/www.credimex.ch\/fr\/produit\/as1502-2\/#primaryimage","url":"https:\/\/www.credimex.ch\/wp-content\/uploads\/2022\/09\/Generic_Generic_Cartrdige_1.jpeg","contentUrl":"https:\/\/www.credimex.ch\/wp-content\/uploads\/2022\/09\/Generic_Generic_Cartrdige_1.jpeg","width":400,"height":400},{"@type":"BreadcrumbList","@id":"https:\/\/www.credimex.ch\/fr\/produit\/as1502-2\/#breadcrumb","itemListElement":[{"@type":"ListItem","position":1,"name":"Home","item":"https:\/\/www.credimex.ch\/fr\/"},{"@type":"ListItem","position":2,"name":"Produits","item":"https:\/\/www.credimex.ch\/fr\/produits\/"},{"@type":"ListItem","position":3,"name":"CHT AS1502"}]},{"@type":"WebSite","@id":"https:\/\/www.credimex.ch\/fr\/#website","url":"https:\/\/www.credimex.ch\/fr\/","name":"CREDIMEX","description":"Partner of Swiss Industrial Market","publisher":{"@id":"https:\/\/www.credimex.ch\/fr\/#organization"},"potentialAction":[{"@type":"SearchAction","target":{"@type":"EntryPoint","urlTemplate":"https:\/\/www.credimex.ch\/fr\/?s={search_term_string}"},"query-input":{"@type":"PropertyValueSpecification","valueRequired":true,"valueName":"search_term_string"}}],"inLanguage":"fr-FR"},{"@type":"Organization","@id":"https:\/\/www.credimex.ch\/fr\/#organization","name":"credimex","url":"https:\/\/www.credimex.ch\/fr\/","logo":{"@type":"ImageObject","inLanguage":"fr-FR","@id":"https:\/\/www.credimex.ch\/fr\/#\/schema\/logo\/image\/","url":"https:\/\/www.credimex.ch\/wp-content\/uploads\/2022\/03\/cropped-logo-credimex.png","contentUrl":"https:\/\/www.credimex.ch\/wp-content\/uploads\/2022\/03\/cropped-logo-credimex.png","width":512,"height":512,"caption":"credimex"},"image":{"@id":"https:\/\/www.credimex.ch\/fr\/#\/schema\/logo\/image\/"},"sameAs":["https:\/\/www.facebook.com\/credimex.alpnach\/","https:\/\/www.linkedin.com\/company\/credimex\/","https:\/\/www.youtube.com\/@CREDIMEX?sub_confirmation=1"]}]}},"_links":{"self":[{"href":"https:\/\/www.credimex.ch\/fr\/wp-json\/wp\/v2\/product\/3950","targetHints":{"allow":["GET"]}}],"collection":[{"href":"https:\/\/www.credimex.ch\/fr\/wp-json\/wp\/v2\/product"}],"about":[{"href":"https:\/\/www.credimex.ch\/fr\/wp-json\/wp\/v2\/types\/product"}],"replies":[{"embeddable":true,"href":"https:\/\/www.credimex.ch\/fr\/wp-json\/wp\/v2\/comments?post=3950"}],"wp:featuredmedia":[{"embeddable":true,"href":"https:\/\/www.credimex.ch\/fr\/wp-json\/wp\/v2\/media\/3602"}],"wp:attachment":[{"href":"https:\/\/www.credimex.ch\/fr\/wp-json\/wp\/v2\/media?parent=3950"}],"wp:term":[{"taxonomy":"product_brand","embeddable":true,"href":"https:\/\/www.credimex.ch\/fr\/wp-json\/wp\/v2\/product_brand?post=3950"},{"taxonomy":"product_cat","embeddable":true,"href":"https:\/\/www.credimex.ch\/fr\/wp-json\/wp\/v2\/product_cat?post=3950"},{"taxonomy":"product_tag","embeddable":true,"href":"https:\/\/www.credimex.ch\/fr\/wp-json\/wp\/v2\/product_tag?post=3950"}],"curies":[{"name":"wp","href":"https:\/\/api.w.org\/{rel}","templated":true}]}}