{"id":3958,"date":"2022-09-02T12:39:27","date_gmt":"2022-09-02T10:39:27","guid":{"rendered":"https:\/\/www.credimex.ch.mialias.net\/product\/silcoset-151-1-part-de-mastic-adhesif\/"},"modified":"2022-09-02T12:39:27","modified_gmt":"2022-09-02T10:39:27","slug":"silcoset-151-1-part-adhesive-sealant-2","status":"publish","type":"product","link":"https:\/\/www.credimex.ch\/fr\/produit\/silcoset-151-1-part-adhesive-sealant-2\/","title":{"rendered":"Silcoset 151 1 part de mastic adh\u00e9sif"},"content":{"rendered":"<p>Il s&rsquo;agit d&rsquo;un mastic adh\u00e9sif silicone RTV (Room Temperature Vulcanizing) en une seule partie. Il fait partie d&rsquo;une gamme de produits de cure ac\u00e9toxy qui sont sans solvant. Pendant la cuisson, il lib\u00e8re une tr\u00e8s petite quantit\u00e9 d&rsquo;acide ac\u00e9tique, ce qui donne lieu \u00e0 l&rsquo;odeur famili\u00e8re de \u00ab\u00a0vinaigre\u00a0\u00bb, qui se dissipe rapidement apr\u00e8s la cuisson. Il pr\u00e9sente une bonne adh\u00e9rence sans primaire sur de nombreux substrats, notamment l&rsquo;aluminium, les m\u00e9taux non ferreux, l&rsquo;acier, le verre, les surfaces \u00e9maill\u00e9es, les tissus en c\u00e9ramique, les thermodurcissables, les thermoplastiques et le bois. Il durcit rapidement \u00e0 temp\u00e9rature ambiante au contact de l&rsquo;humidit\u00e9 atmosph\u00e9rique. Ce produit n&rsquo;est pas recommand\u00e9 pour une utilisation avec les m\u00e9taux galvanis\u00e9s, les m\u00e9taux ferreux, le cuivre et ses alliages associ\u00e9s ou dans les assemblages \u00e9lectroniques.<\/p>\n<p>&nbsp;<\/p>\n<h2>Caract\u00e9ristiques principales<\/h2>\n<ul>\n<li>Approuv\u00e9 par l&rsquo;a\u00e9rospatiale MSRR 9085<\/li>\n<li>Flexible de -60\/-76\u00b0F \u00e0 +300\u00b0C\/572\u00b0F<\/li>\n<li>FDA CFR 177,2600 pour les aliments aqueux et gras<\/li>\n<li>Conformit\u00e9 au cadre CE 1935\/2004 EN 1186-1 \/ EN1186-3<\/li>\n<\/ul>\n<p>&nbsp;<\/p>\n<h2>Applications cl\u00e9s<\/h2>\n<ul>\n<li>Allemagne : approbation du contact alimentaire LFGB \u00a731 (1), \u00a735 LMBG L 00.90-7 et DIN 10955<\/li>\n<li>Flexibilit\u00e9 de &#8211; 60 \u00e0 +300\u00b0C<\/li>\n<li>NATO Stock ref : 5970-99-224-1408<\/li>\n<li>Rolls Royce MSRR 9085<\/li>\n<\/ul>\n<p>&nbsp;<\/p>\n<h2>Application<\/h2>\n<p>Bandes transporteuses dans l&rsquo;industrie alimentaire<\/p>\n<p>Ces produits sont tr\u00e8s r\u00e9sistants aux intemp\u00e9ries et au vieillissement, largement stables \u00e0 de nombreux solvants, huiles, eau, eau de mer, gaz r\u00e9siduaires industriels, acides dilu\u00e9s, solutions salines, d\u00e9tergents, nettoyants, propulseurs et acides de fruits.<\/p>\n<p>&nbsp;<\/p>\n","protected":false},"excerpt":{"rendered":"<p>Il s&rsquo;agit d&rsquo;un mastic adh\u00e9sif silicone RTV (Room Temperature Vulcanizing) en une seule partie. Il fait partie d&rsquo;une gamme de produits de cure ac\u00e9toxy qui sont sans solvant. Pendant la cuisson, il lib\u00e8re une tr\u00e8s petite quantit\u00e9 d&rsquo;acide ac\u00e9tique, ce qui donne lieu \u00e0 l&rsquo;odeur famili\u00e8re de \u00ab\u00a0vinaigre\u00a0\u00bb, qui se dissipe rapidement apr\u00e8s la cuisson. Il pr\u00e9sente une bonne adh\u00e9rence sans primaire sur de nombreux substrats, notamment l&rsquo;aluminium, les m\u00e9taux non ferreux, l&rsquo;acier, le verre, les surfaces \u00e9maill\u00e9es, les tissus en c\u00e9ramique, les thermodurcissables, les thermoplastiques et le bois. Il durcit rapidement \u00e0 temp\u00e9rature ambiante au contact de l&rsquo;humidit\u00e9 atmosph\u00e9rique. Ce produit n&rsquo;est pas recommand\u00e9 pour une utilisation avec les m\u00e9taux galvanis\u00e9s, les m\u00e9taux ferreux, le cuivre et ses alliages associ\u00e9s ou dans les assemblages \u00e9lectroniques.<\/p>\n","protected":false},"featured_media":3594,"comment_status":"open","ping_status":"closed","template":"","meta":{"_acf_changed":false},"product_brand":[],"product_cat":[340,413,525,376,411,384,375,360,431,430],"product_tag":[],"class_list":{"0":"post-3958","1":"product","2":"type-product","3":"status-publish","4":"has-post-thumbnail","6":"product_cat-automobile","7":"product_cat-batteries","8":"product_cat-cht","9":"product_cat-e-mobilite","10":"product_cat-electronique","11":"product_cat-energie","12":"product_cat-ferroviaire","13":"product_cat-industrie-generale","14":"product_cat-masses-denrobage-de-silicone","15":"product_cat-masses-de-scellement","16":"pa_brands-cht-fr","18":"first","19":"instock","20":"shipping-taxable","21":"product-type-simple"},"acf":[],"_yoast_wpseo_focuskw":"Silcoset 151","_yoast_wpseo_metadesc":"Il s'agit d'un mastic adh\u00e9sif silicone RTV (Room Temperature Vulcanizing) en une seule partie. Il fait partie d'une gamme de produits de cure ac\u00e9toxy qui sont sans solvant.","yoast_head":"<!-- This site is optimized with the Yoast SEO Premium plugin v21.6 (Yoast SEO v27.4) - https:\/\/yoast.com\/product\/yoast-seo-premium-wordpress\/ -->\n<title>Silcoset 151 1 part de mastic adh\u00e9sif - CREDIMEX<\/title>\n<meta name=\"description\" content=\"Il s&#039;agit d&#039;un mastic adh\u00e9sif silicone RTV (Room Temperature Vulcanizing) en une seule partie. Il fait partie d&#039;une gamme de produits de cure ac\u00e9toxy qui sont sans solvant.\" \/>\n<meta name=\"robots\" content=\"index, follow, max-snippet:-1, max-image-preview:large, max-video-preview:-1\" \/>\n<link rel=\"canonical\" href=\"https:\/\/www.credimex.ch\/fr\/produit\/silcoset-151-1-part-adhesive-sealant-2\/\" \/>\n<meta property=\"og:locale\" content=\"fr_FR\" \/>\n<meta property=\"og:type\" content=\"article\" \/>\n<meta property=\"og:title\" content=\"Silcoset 151 1 part de mastic adh\u00e9sif\" \/>\n<meta property=\"og:description\" content=\"Il s&#039;agit d&#039;un mastic adh\u00e9sif silicone RTV (Room Temperature Vulcanizing) en une seule partie. Il fait partie d&#039;une gamme de produits de cure ac\u00e9toxy qui sont sans solvant.\" \/>\n<meta property=\"og:url\" content=\"https:\/\/www.credimex.ch\/fr\/produit\/silcoset-151-1-part-adhesive-sealant-2\/\" \/>\n<meta property=\"og:site_name\" content=\"CREDIMEX\" \/>\n<meta property=\"article:publisher\" content=\"https:\/\/www.facebook.com\/credimex.alpnach\/\" \/>\n<meta property=\"og:image\" content=\"https:\/\/www.credimex.ch\/wp-content\/uploads\/2022\/09\/2387239-40.jpeg\" \/>\n\t<meta property=\"og:image:width\" content=\"1577\" \/>\n\t<meta property=\"og:image:height\" content=\"1577\" \/>\n\t<meta property=\"og:image:type\" content=\"image\/jpeg\" \/>\n<meta name=\"twitter:card\" content=\"summary_large_image\" \/>\n<meta name=\"twitter:label1\" content=\"Dur\u00e9e de lecture estim\u00e9e\" \/>\n\t<meta name=\"twitter:data1\" content=\"1 minute\" \/>\n<script type=\"application\/ld+json\" class=\"yoast-schema-graph\">{\"@context\":\"https:\\\/\\\/schema.org\",\"@graph\":[{\"@type\":\"WebPage\",\"@id\":\"https:\\\/\\\/www.credimex.ch\\\/fr\\\/produit\\\/silcoset-151-1-part-adhesive-sealant-2\\\/\",\"url\":\"https:\\\/\\\/www.credimex.ch\\\/fr\\\/produit\\\/silcoset-151-1-part-adhesive-sealant-2\\\/\",\"name\":\"Silcoset 151 1 part de mastic adh\u00e9sif - CREDIMEX\",\"isPartOf\":{\"@id\":\"https:\\\/\\\/www.credimex.ch\\\/fr\\\/#website\"},\"primaryImageOfPage\":{\"@id\":\"https:\\\/\\\/www.credimex.ch\\\/fr\\\/produit\\\/silcoset-151-1-part-adhesive-sealant-2\\\/#primaryimage\"},\"image\":{\"@id\":\"https:\\\/\\\/www.credimex.ch\\\/fr\\\/produit\\\/silcoset-151-1-part-adhesive-sealant-2\\\/#primaryimage\"},\"thumbnailUrl\":\"https:\\\/\\\/www.credimex.ch\\\/wp-content\\\/uploads\\\/2022\\\/09\\\/2387239-40.jpeg\",\"datePublished\":\"2022-09-02T10:39:27+00:00\",\"description\":\"Il s'agit d'un mastic adh\u00e9sif silicone RTV (Room Temperature Vulcanizing) en une seule partie. Il fait partie d'une gamme de produits de cure ac\u00e9toxy qui sont sans solvant.\",\"breadcrumb\":{\"@id\":\"https:\\\/\\\/www.credimex.ch\\\/fr\\\/produit\\\/silcoset-151-1-part-adhesive-sealant-2\\\/#breadcrumb\"},\"inLanguage\":\"fr-FR\",\"potentialAction\":[{\"@type\":\"ReadAction\",\"target\":[\"https:\\\/\\\/www.credimex.ch\\\/fr\\\/produit\\\/silcoset-151-1-part-adhesive-sealant-2\\\/\"]}]},{\"@type\":\"ImageObject\",\"inLanguage\":\"fr-FR\",\"@id\":\"https:\\\/\\\/www.credimex.ch\\\/fr\\\/produit\\\/silcoset-151-1-part-adhesive-sealant-2\\\/#primaryimage\",\"url\":\"https:\\\/\\\/www.credimex.ch\\\/wp-content\\\/uploads\\\/2022\\\/09\\\/2387239-40.jpeg\",\"contentUrl\":\"https:\\\/\\\/www.credimex.ch\\\/wp-content\\\/uploads\\\/2022\\\/09\\\/2387239-40.jpeg\",\"width\":1577,\"height\":1577},{\"@type\":\"BreadcrumbList\",\"@id\":\"https:\\\/\\\/www.credimex.ch\\\/fr\\\/produit\\\/silcoset-151-1-part-adhesive-sealant-2\\\/#breadcrumb\",\"itemListElement\":[{\"@type\":\"ListItem\",\"position\":1,\"name\":\"Home\",\"item\":\"https:\\\/\\\/www.credimex.ch\\\/fr\\\/\"},{\"@type\":\"ListItem\",\"position\":2,\"name\":\"Produits\",\"item\":\"https:\\\/\\\/www.credimex.ch\\\/fr\\\/produits\\\/\"},{\"@type\":\"ListItem\",\"position\":3,\"name\":\"Silcoset 151 1 part de mastic adh\u00e9sif\"}]},{\"@type\":\"WebSite\",\"@id\":\"https:\\\/\\\/www.credimex.ch\\\/fr\\\/#website\",\"url\":\"https:\\\/\\\/www.credimex.ch\\\/fr\\\/\",\"name\":\"CREDIMEX\",\"description\":\"Partner of Swiss Industrial Market\",\"publisher\":{\"@id\":\"https:\\\/\\\/www.credimex.ch\\\/fr\\\/#organization\"},\"potentialAction\":[{\"@type\":\"SearchAction\",\"target\":{\"@type\":\"EntryPoint\",\"urlTemplate\":\"https:\\\/\\\/www.credimex.ch\\\/fr\\\/?s={search_term_string}\"},\"query-input\":{\"@type\":\"PropertyValueSpecification\",\"valueRequired\":true,\"valueName\":\"search_term_string\"}}],\"inLanguage\":\"fr-FR\"},{\"@type\":\"Organization\",\"@id\":\"https:\\\/\\\/www.credimex.ch\\\/fr\\\/#organization\",\"name\":\"credimex\",\"url\":\"https:\\\/\\\/www.credimex.ch\\\/fr\\\/\",\"logo\":{\"@type\":\"ImageObject\",\"inLanguage\":\"fr-FR\",\"@id\":\"https:\\\/\\\/www.credimex.ch\\\/fr\\\/#\\\/schema\\\/logo\\\/image\\\/\",\"url\":\"https:\\\/\\\/www.credimex.ch\\\/wp-content\\\/uploads\\\/2022\\\/03\\\/cropped-logo-credimex.png\",\"contentUrl\":\"https:\\\/\\\/www.credimex.ch\\\/wp-content\\\/uploads\\\/2022\\\/03\\\/cropped-logo-credimex.png\",\"width\":512,\"height\":512,\"caption\":\"credimex\"},\"image\":{\"@id\":\"https:\\\/\\\/www.credimex.ch\\\/fr\\\/#\\\/schema\\\/logo\\\/image\\\/\"},\"sameAs\":[\"https:\\\/\\\/www.facebook.com\\\/credimex.alpnach\\\/\",\"https:\\\/\\\/www.linkedin.com\\\/company\\\/credimex\\\/\",\"https:\\\/\\\/www.youtube.com\\\/@CREDIMEX?sub_confirmation=1\"]}]}<\/script>\n<!-- \/ Yoast SEO Premium plugin. -->","yoast_head_json":{"title":"Silcoset 151 1 part de mastic adh\u00e9sif - CREDIMEX","description":"Il s'agit d'un mastic adh\u00e9sif silicone RTV (Room Temperature Vulcanizing) en une seule partie. Il fait partie d'une gamme de produits de cure ac\u00e9toxy qui sont sans solvant.","robots":{"index":"index","follow":"follow","max-snippet":"max-snippet:-1","max-image-preview":"max-image-preview:large","max-video-preview":"max-video-preview:-1"},"canonical":"https:\/\/www.credimex.ch\/fr\/produit\/silcoset-151-1-part-adhesive-sealant-2\/","og_locale":"fr_FR","og_type":"article","og_title":"Silcoset 151 1 part de mastic adh\u00e9sif","og_description":"Il s'agit d'un mastic adh\u00e9sif silicone RTV (Room Temperature Vulcanizing) en une seule partie. Il fait partie d'une gamme de produits de cure ac\u00e9toxy qui sont sans solvant.","og_url":"https:\/\/www.credimex.ch\/fr\/produit\/silcoset-151-1-part-adhesive-sealant-2\/","og_site_name":"CREDIMEX","article_publisher":"https:\/\/www.facebook.com\/credimex.alpnach\/","og_image":[{"width":1577,"height":1577,"url":"https:\/\/www.credimex.ch\/wp-content\/uploads\/2022\/09\/2387239-40.jpeg","type":"image\/jpeg"}],"twitter_card":"summary_large_image","twitter_misc":{"Dur\u00e9e de lecture estim\u00e9e":"1 minute"},"schema":{"@context":"https:\/\/schema.org","@graph":[{"@type":"WebPage","@id":"https:\/\/www.credimex.ch\/fr\/produit\/silcoset-151-1-part-adhesive-sealant-2\/","url":"https:\/\/www.credimex.ch\/fr\/produit\/silcoset-151-1-part-adhesive-sealant-2\/","name":"Silcoset 151 1 part de mastic adh\u00e9sif - CREDIMEX","isPartOf":{"@id":"https:\/\/www.credimex.ch\/fr\/#website"},"primaryImageOfPage":{"@id":"https:\/\/www.credimex.ch\/fr\/produit\/silcoset-151-1-part-adhesive-sealant-2\/#primaryimage"},"image":{"@id":"https:\/\/www.credimex.ch\/fr\/produit\/silcoset-151-1-part-adhesive-sealant-2\/#primaryimage"},"thumbnailUrl":"https:\/\/www.credimex.ch\/wp-content\/uploads\/2022\/09\/2387239-40.jpeg","datePublished":"2022-09-02T10:39:27+00:00","description":"Il s'agit d'un mastic adh\u00e9sif silicone RTV (Room Temperature Vulcanizing) en une seule partie. Il fait partie d'une gamme de produits de cure ac\u00e9toxy qui sont sans solvant.","breadcrumb":{"@id":"https:\/\/www.credimex.ch\/fr\/produit\/silcoset-151-1-part-adhesive-sealant-2\/#breadcrumb"},"inLanguage":"fr-FR","potentialAction":[{"@type":"ReadAction","target":["https:\/\/www.credimex.ch\/fr\/produit\/silcoset-151-1-part-adhesive-sealant-2\/"]}]},{"@type":"ImageObject","inLanguage":"fr-FR","@id":"https:\/\/www.credimex.ch\/fr\/produit\/silcoset-151-1-part-adhesive-sealant-2\/#primaryimage","url":"https:\/\/www.credimex.ch\/wp-content\/uploads\/2022\/09\/2387239-40.jpeg","contentUrl":"https:\/\/www.credimex.ch\/wp-content\/uploads\/2022\/09\/2387239-40.jpeg","width":1577,"height":1577},{"@type":"BreadcrumbList","@id":"https:\/\/www.credimex.ch\/fr\/produit\/silcoset-151-1-part-adhesive-sealant-2\/#breadcrumb","itemListElement":[{"@type":"ListItem","position":1,"name":"Home","item":"https:\/\/www.credimex.ch\/fr\/"},{"@type":"ListItem","position":2,"name":"Produits","item":"https:\/\/www.credimex.ch\/fr\/produits\/"},{"@type":"ListItem","position":3,"name":"Silcoset 151 1 part de mastic adh\u00e9sif"}]},{"@type":"WebSite","@id":"https:\/\/www.credimex.ch\/fr\/#website","url":"https:\/\/www.credimex.ch\/fr\/","name":"CREDIMEX","description":"Partner of Swiss Industrial Market","publisher":{"@id":"https:\/\/www.credimex.ch\/fr\/#organization"},"potentialAction":[{"@type":"SearchAction","target":{"@type":"EntryPoint","urlTemplate":"https:\/\/www.credimex.ch\/fr\/?s={search_term_string}"},"query-input":{"@type":"PropertyValueSpecification","valueRequired":true,"valueName":"search_term_string"}}],"inLanguage":"fr-FR"},{"@type":"Organization","@id":"https:\/\/www.credimex.ch\/fr\/#organization","name":"credimex","url":"https:\/\/www.credimex.ch\/fr\/","logo":{"@type":"ImageObject","inLanguage":"fr-FR","@id":"https:\/\/www.credimex.ch\/fr\/#\/schema\/logo\/image\/","url":"https:\/\/www.credimex.ch\/wp-content\/uploads\/2022\/03\/cropped-logo-credimex.png","contentUrl":"https:\/\/www.credimex.ch\/wp-content\/uploads\/2022\/03\/cropped-logo-credimex.png","width":512,"height":512,"caption":"credimex"},"image":{"@id":"https:\/\/www.credimex.ch\/fr\/#\/schema\/logo\/image\/"},"sameAs":["https:\/\/www.facebook.com\/credimex.alpnach\/","https:\/\/www.linkedin.com\/company\/credimex\/","https:\/\/www.youtube.com\/@CREDIMEX?sub_confirmation=1"]}]}},"_links":{"self":[{"href":"https:\/\/www.credimex.ch\/fr\/wp-json\/wp\/v2\/product\/3958","targetHints":{"allow":["GET"]}}],"collection":[{"href":"https:\/\/www.credimex.ch\/fr\/wp-json\/wp\/v2\/product"}],"about":[{"href":"https:\/\/www.credimex.ch\/fr\/wp-json\/wp\/v2\/types\/product"}],"replies":[{"embeddable":true,"href":"https:\/\/www.credimex.ch\/fr\/wp-json\/wp\/v2\/comments?post=3958"}],"wp:featuredmedia":[{"embeddable":true,"href":"https:\/\/www.credimex.ch\/fr\/wp-json\/wp\/v2\/media\/3594"}],"wp:attachment":[{"href":"https:\/\/www.credimex.ch\/fr\/wp-json\/wp\/v2\/media?parent=3958"}],"wp:term":[{"taxonomy":"product_brand","embeddable":true,"href":"https:\/\/www.credimex.ch\/fr\/wp-json\/wp\/v2\/product_brand?post=3958"},{"taxonomy":"product_cat","embeddable":true,"href":"https:\/\/www.credimex.ch\/fr\/wp-json\/wp\/v2\/product_cat?post=3958"},{"taxonomy":"product_tag","embeddable":true,"href":"https:\/\/www.credimex.ch\/fr\/wp-json\/wp\/v2\/product_tag?post=3958"}],"curies":[{"name":"wp","href":"https:\/\/api.w.org\/{rel}","templated":true}]}}