{"id":3964,"date":"2022-08-31T17:18:51","date_gmt":"2022-08-31T15:18:51","guid":{"rendered":"https:\/\/www.credimex.ch.mialias.net\/product\/kit-delastomere-silicone-sylgard-184\/"},"modified":"2022-08-31T17:18:51","modified_gmt":"2022-08-31T15:18:51","slug":"sylgard-184-silicone-elastomer-kit-2","status":"publish","type":"product","link":"https:\/\/www.credimex.ch\/fr\/produit\/sylgard-184-silicone-elastomer-kit-2\/","title":{"rendered":"Kit d&rsquo;\u00e9lastom\u00e8re silicone SYLGARD 184"},"content":{"rendered":"<h2 class=\"p1\">Caract\u00e9ristiques et avantages<\/h2>\n<ul>\n<li>Encapsulant transparent fluide<\/li>\n<li>Temp\u00e9rature ambiante ou cuisson \u00e0 chaud<\/li>\n<li>Traitement rapide, polyvalent et contr\u00f4l\u00e9 par la temp\u00e9rature<\/li>\n<li>Bonnes propri\u00e9t\u00e9s di\u00e9lectriques<\/li>\n<li>La haute transparence permet une inspection facile des composants<\/li>\n<li>Indice d&rsquo;inflammabilit\u00e9 UL 94 V-1<\/li>\n<li>Reconnu par UL 746C<\/li>\n<\/ul>\n<h2 class=\"p1\">Application<\/h2>\n<ul>\n<li>Encapsulation de l&rsquo;\u00e9clairage LED<\/li>\n<li>Alimentation \u00e9lectrique<\/li>\n<li>Connecteurs<\/li>\n<li>Capteurs<\/li>\n<li>Contr\u00f4les industriels<\/li>\n<li>Transformers<\/li>\n<li>Amplificateurs<\/li>\n<li>Packs de r\u00e9sistances haute tension<\/li>\n<li>Relais<\/li>\n<li>Adh\u00e9sif\/encapsulant pour les cellules solaires<\/li>\n<li>Circuits int\u00e9gr\u00e9s en plomb \u00e0 faisceau de manipulation adh\u00e9sif pendant le traitement<\/li>\n<\/ul>\n","protected":false},"excerpt":{"rendered":"<p>Le <strong>kit d&rsquo;\u00e9lastom\u00e8re silicone SYLGARD 184<\/strong> est un produit en deux parties, transparent, 10:1, \u00e0 r\u00e9ticulation par la chaleur et la temp\u00e9rature, de bonne r\u00e9sistance, UL et Mil Spec, avec une r\u00e9ticulation plus rapide par la chaleur.<\/p>\n","protected":false},"featured_media":3588,"comment_status":"open","ping_status":"closed","template":"","meta":{"_acf_changed":false},"product_brand":[],"product_cat":[340,413,511,376,411,384,375,360,431,430,412],"product_tag":[],"class_list":{"0":"post-3964","1":"product","2":"type-product","3":"status-publish","4":"has-post-thumbnail","6":"product_cat-automobile","7":"product_cat-batteries","8":"product_cat-dowsil","9":"product_cat-e-mobilite","10":"product_cat-electronique","11":"product_cat-energie","12":"product_cat-ferroviaire","13":"product_cat-industrie-generale","14":"product_cat-masses-denrobage-de-silicone","15":"product_cat-masses-de-scellement","16":"product_cat-telepheriques","17":"pa_brands-dowsil-fr","19":"first","20":"instock","21":"shipping-taxable","22":"product-type-simple"},"acf":[],"_yoast_wpseo_focuskw":"Kit d'\u00e9lastom\u00e8re silicone SYLGARD 184","_yoast_wpseo_metadesc":"Le kit d'\u00e9lastom\u00e8re silicone SYLGARD 184 est un produit en deux parties, transparent, 10:1, \u00e0 r\u00e9ticulation par la chaleur et la temp\u00e9rature, de bonne r\u00e9sistance, UL et Mil Spec, avec une r\u00e9ticulation plus rapide par la chaleur.","yoast_head":"<!-- This site is optimized with the Yoast SEO Premium plugin v21.6 (Yoast SEO v27.4) - https:\/\/yoast.com\/product\/yoast-seo-premium-wordpress\/ -->\n<title>Kit d&#039;\u00e9lastom\u00e8re silicone SYLGARD 184 - CREDIMEX<\/title>\n<meta name=\"description\" content=\"Le kit d&#039;\u00e9lastom\u00e8re silicone SYLGARD 184 est un produit en deux parties, transparent, 10:1, \u00e0 r\u00e9ticulation par la chaleur et la temp\u00e9rature, de bonne r\u00e9sistance, UL et Mil Spec, avec une r\u00e9ticulation plus rapide par la chaleur.\" \/>\n<meta name=\"robots\" content=\"index, follow, max-snippet:-1, max-image-preview:large, max-video-preview:-1\" \/>\n<link rel=\"canonical\" href=\"https:\/\/www.credimex.ch\/fr\/produit\/sylgard-184-silicone-elastomer-kit-2\/\" \/>\n<meta property=\"og:locale\" content=\"fr_FR\" \/>\n<meta property=\"og:type\" content=\"article\" \/>\n<meta property=\"og:title\" content=\"Kit d&#039;\u00e9lastom\u00e8re silicone SYLGARD 184\" \/>\n<meta property=\"og:description\" content=\"Le kit d&#039;\u00e9lastom\u00e8re silicone SYLGARD 184 est un produit en deux parties, transparent, 10:1, \u00e0 r\u00e9ticulation par la chaleur et la temp\u00e9rature, de bonne r\u00e9sistance, UL et Mil Spec, avec une r\u00e9ticulation plus rapide par la chaleur.\" \/>\n<meta property=\"og:url\" content=\"https:\/\/www.credimex.ch\/fr\/produit\/sylgard-184-silicone-elastomer-kit-2\/\" \/>\n<meta property=\"og:site_name\" content=\"CREDIMEX\" \/>\n<meta property=\"article:publisher\" content=\"https:\/\/www.facebook.com\/credimex.alpnach\/\" \/>\n<meta property=\"og:image\" content=\"https:\/\/www.credimex.ch\/wp-content\/uploads\/2022\/08\/sylg184.jpg\" \/>\n\t<meta property=\"og:image:width\" content=\"569\" \/>\n\t<meta property=\"og:image:height\" content=\"569\" \/>\n\t<meta property=\"og:image:type\" content=\"image\/jpeg\" \/>\n<meta name=\"twitter:card\" content=\"summary_large_image\" \/>\n<script type=\"application\/ld+json\" class=\"yoast-schema-graph\">{\"@context\":\"https:\\\/\\\/schema.org\",\"@graph\":[{\"@type\":\"WebPage\",\"@id\":\"https:\\\/\\\/www.credimex.ch\\\/fr\\\/produit\\\/sylgard-184-silicone-elastomer-kit-2\\\/\",\"url\":\"https:\\\/\\\/www.credimex.ch\\\/fr\\\/produit\\\/sylgard-184-silicone-elastomer-kit-2\\\/\",\"name\":\"Kit d'\u00e9lastom\u00e8re silicone SYLGARD 184 - CREDIMEX\",\"isPartOf\":{\"@id\":\"https:\\\/\\\/www.credimex.ch\\\/fr\\\/#website\"},\"primaryImageOfPage\":{\"@id\":\"https:\\\/\\\/www.credimex.ch\\\/fr\\\/produit\\\/sylgard-184-silicone-elastomer-kit-2\\\/#primaryimage\"},\"image\":{\"@id\":\"https:\\\/\\\/www.credimex.ch\\\/fr\\\/produit\\\/sylgard-184-silicone-elastomer-kit-2\\\/#primaryimage\"},\"thumbnailUrl\":\"https:\\\/\\\/www.credimex.ch\\\/wp-content\\\/uploads\\\/2022\\\/08\\\/sylg184.jpg\",\"datePublished\":\"2022-08-31T15:18:51+00:00\",\"description\":\"Le kit d'\u00e9lastom\u00e8re silicone SYLGARD 184 est un produit en deux parties, transparent, 10:1, \u00e0 r\u00e9ticulation par la chaleur et la temp\u00e9rature, de bonne r\u00e9sistance, UL et Mil Spec, avec une r\u00e9ticulation plus rapide par la chaleur.\",\"breadcrumb\":{\"@id\":\"https:\\\/\\\/www.credimex.ch\\\/fr\\\/produit\\\/sylgard-184-silicone-elastomer-kit-2\\\/#breadcrumb\"},\"inLanguage\":\"fr-FR\",\"potentialAction\":[{\"@type\":\"ReadAction\",\"target\":[\"https:\\\/\\\/www.credimex.ch\\\/fr\\\/produit\\\/sylgard-184-silicone-elastomer-kit-2\\\/\"]}]},{\"@type\":\"ImageObject\",\"inLanguage\":\"fr-FR\",\"@id\":\"https:\\\/\\\/www.credimex.ch\\\/fr\\\/produit\\\/sylgard-184-silicone-elastomer-kit-2\\\/#primaryimage\",\"url\":\"https:\\\/\\\/www.credimex.ch\\\/wp-content\\\/uploads\\\/2022\\\/08\\\/sylg184.jpg\",\"contentUrl\":\"https:\\\/\\\/www.credimex.ch\\\/wp-content\\\/uploads\\\/2022\\\/08\\\/sylg184.jpg\",\"width\":569,\"height\":569},{\"@type\":\"BreadcrumbList\",\"@id\":\"https:\\\/\\\/www.credimex.ch\\\/fr\\\/produit\\\/sylgard-184-silicone-elastomer-kit-2\\\/#breadcrumb\",\"itemListElement\":[{\"@type\":\"ListItem\",\"position\":1,\"name\":\"Home\",\"item\":\"https:\\\/\\\/www.credimex.ch\\\/fr\\\/\"},{\"@type\":\"ListItem\",\"position\":2,\"name\":\"Produits\",\"item\":\"https:\\\/\\\/www.credimex.ch\\\/fr\\\/produits\\\/\"},{\"@type\":\"ListItem\",\"position\":3,\"name\":\"Kit d&rsquo;\u00e9lastom\u00e8re silicone SYLGARD 184\"}]},{\"@type\":\"WebSite\",\"@id\":\"https:\\\/\\\/www.credimex.ch\\\/fr\\\/#website\",\"url\":\"https:\\\/\\\/www.credimex.ch\\\/fr\\\/\",\"name\":\"CREDIMEX\",\"description\":\"Partner of Swiss Industrial Market\",\"publisher\":{\"@id\":\"https:\\\/\\\/www.credimex.ch\\\/fr\\\/#organization\"},\"potentialAction\":[{\"@type\":\"SearchAction\",\"target\":{\"@type\":\"EntryPoint\",\"urlTemplate\":\"https:\\\/\\\/www.credimex.ch\\\/fr\\\/?s={search_term_string}\"},\"query-input\":{\"@type\":\"PropertyValueSpecification\",\"valueRequired\":true,\"valueName\":\"search_term_string\"}}],\"inLanguage\":\"fr-FR\"},{\"@type\":\"Organization\",\"@id\":\"https:\\\/\\\/www.credimex.ch\\\/fr\\\/#organization\",\"name\":\"credimex\",\"url\":\"https:\\\/\\\/www.credimex.ch\\\/fr\\\/\",\"logo\":{\"@type\":\"ImageObject\",\"inLanguage\":\"fr-FR\",\"@id\":\"https:\\\/\\\/www.credimex.ch\\\/fr\\\/#\\\/schema\\\/logo\\\/image\\\/\",\"url\":\"https:\\\/\\\/www.credimex.ch\\\/wp-content\\\/uploads\\\/2022\\\/03\\\/cropped-logo-credimex.png\",\"contentUrl\":\"https:\\\/\\\/www.credimex.ch\\\/wp-content\\\/uploads\\\/2022\\\/03\\\/cropped-logo-credimex.png\",\"width\":512,\"height\":512,\"caption\":\"credimex\"},\"image\":{\"@id\":\"https:\\\/\\\/www.credimex.ch\\\/fr\\\/#\\\/schema\\\/logo\\\/image\\\/\"},\"sameAs\":[\"https:\\\/\\\/www.facebook.com\\\/credimex.alpnach\\\/\",\"https:\\\/\\\/www.linkedin.com\\\/company\\\/credimex\\\/\",\"https:\\\/\\\/www.youtube.com\\\/@CREDIMEX?sub_confirmation=1\"]}]}<\/script>\n<!-- \/ Yoast SEO Premium plugin. -->","yoast_head_json":{"title":"Kit d'\u00e9lastom\u00e8re silicone SYLGARD 184 - CREDIMEX","description":"Le kit d'\u00e9lastom\u00e8re silicone SYLGARD 184 est un produit en deux parties, transparent, 10:1, \u00e0 r\u00e9ticulation par la chaleur et la temp\u00e9rature, de bonne r\u00e9sistance, UL et Mil Spec, avec une r\u00e9ticulation plus rapide par la chaleur.","robots":{"index":"index","follow":"follow","max-snippet":"max-snippet:-1","max-image-preview":"max-image-preview:large","max-video-preview":"max-video-preview:-1"},"canonical":"https:\/\/www.credimex.ch\/fr\/produit\/sylgard-184-silicone-elastomer-kit-2\/","og_locale":"fr_FR","og_type":"article","og_title":"Kit d'\u00e9lastom\u00e8re silicone SYLGARD 184","og_description":"Le kit d'\u00e9lastom\u00e8re silicone SYLGARD 184 est un produit en deux parties, transparent, 10:1, \u00e0 r\u00e9ticulation par la chaleur et la temp\u00e9rature, de bonne r\u00e9sistance, UL et Mil Spec, avec une r\u00e9ticulation plus rapide par la chaleur.","og_url":"https:\/\/www.credimex.ch\/fr\/produit\/sylgard-184-silicone-elastomer-kit-2\/","og_site_name":"CREDIMEX","article_publisher":"https:\/\/www.facebook.com\/credimex.alpnach\/","og_image":[{"width":569,"height":569,"url":"https:\/\/www.credimex.ch\/wp-content\/uploads\/2022\/08\/sylg184.jpg","type":"image\/jpeg"}],"twitter_card":"summary_large_image","schema":{"@context":"https:\/\/schema.org","@graph":[{"@type":"WebPage","@id":"https:\/\/www.credimex.ch\/fr\/produit\/sylgard-184-silicone-elastomer-kit-2\/","url":"https:\/\/www.credimex.ch\/fr\/produit\/sylgard-184-silicone-elastomer-kit-2\/","name":"Kit d'\u00e9lastom\u00e8re silicone SYLGARD 184 - CREDIMEX","isPartOf":{"@id":"https:\/\/www.credimex.ch\/fr\/#website"},"primaryImageOfPage":{"@id":"https:\/\/www.credimex.ch\/fr\/produit\/sylgard-184-silicone-elastomer-kit-2\/#primaryimage"},"image":{"@id":"https:\/\/www.credimex.ch\/fr\/produit\/sylgard-184-silicone-elastomer-kit-2\/#primaryimage"},"thumbnailUrl":"https:\/\/www.credimex.ch\/wp-content\/uploads\/2022\/08\/sylg184.jpg","datePublished":"2022-08-31T15:18:51+00:00","description":"Le kit d'\u00e9lastom\u00e8re silicone SYLGARD 184 est un produit en deux parties, transparent, 10:1, \u00e0 r\u00e9ticulation par la chaleur et la temp\u00e9rature, de bonne r\u00e9sistance, UL et Mil Spec, avec une r\u00e9ticulation plus rapide par la chaleur.","breadcrumb":{"@id":"https:\/\/www.credimex.ch\/fr\/produit\/sylgard-184-silicone-elastomer-kit-2\/#breadcrumb"},"inLanguage":"fr-FR","potentialAction":[{"@type":"ReadAction","target":["https:\/\/www.credimex.ch\/fr\/produit\/sylgard-184-silicone-elastomer-kit-2\/"]}]},{"@type":"ImageObject","inLanguage":"fr-FR","@id":"https:\/\/www.credimex.ch\/fr\/produit\/sylgard-184-silicone-elastomer-kit-2\/#primaryimage","url":"https:\/\/www.credimex.ch\/wp-content\/uploads\/2022\/08\/sylg184.jpg","contentUrl":"https:\/\/www.credimex.ch\/wp-content\/uploads\/2022\/08\/sylg184.jpg","width":569,"height":569},{"@type":"BreadcrumbList","@id":"https:\/\/www.credimex.ch\/fr\/produit\/sylgard-184-silicone-elastomer-kit-2\/#breadcrumb","itemListElement":[{"@type":"ListItem","position":1,"name":"Home","item":"https:\/\/www.credimex.ch\/fr\/"},{"@type":"ListItem","position":2,"name":"Produits","item":"https:\/\/www.credimex.ch\/fr\/produits\/"},{"@type":"ListItem","position":3,"name":"Kit d&rsquo;\u00e9lastom\u00e8re silicone SYLGARD 184"}]},{"@type":"WebSite","@id":"https:\/\/www.credimex.ch\/fr\/#website","url":"https:\/\/www.credimex.ch\/fr\/","name":"CREDIMEX","description":"Partner of Swiss Industrial Market","publisher":{"@id":"https:\/\/www.credimex.ch\/fr\/#organization"},"potentialAction":[{"@type":"SearchAction","target":{"@type":"EntryPoint","urlTemplate":"https:\/\/www.credimex.ch\/fr\/?s={search_term_string}"},"query-input":{"@type":"PropertyValueSpecification","valueRequired":true,"valueName":"search_term_string"}}],"inLanguage":"fr-FR"},{"@type":"Organization","@id":"https:\/\/www.credimex.ch\/fr\/#organization","name":"credimex","url":"https:\/\/www.credimex.ch\/fr\/","logo":{"@type":"ImageObject","inLanguage":"fr-FR","@id":"https:\/\/www.credimex.ch\/fr\/#\/schema\/logo\/image\/","url":"https:\/\/www.credimex.ch\/wp-content\/uploads\/2022\/03\/cropped-logo-credimex.png","contentUrl":"https:\/\/www.credimex.ch\/wp-content\/uploads\/2022\/03\/cropped-logo-credimex.png","width":512,"height":512,"caption":"credimex"},"image":{"@id":"https:\/\/www.credimex.ch\/fr\/#\/schema\/logo\/image\/"},"sameAs":["https:\/\/www.facebook.com\/credimex.alpnach\/","https:\/\/www.linkedin.com\/company\/credimex\/","https:\/\/www.youtube.com\/@CREDIMEX?sub_confirmation=1"]}]}},"_links":{"self":[{"href":"https:\/\/www.credimex.ch\/fr\/wp-json\/wp\/v2\/product\/3964","targetHints":{"allow":["GET"]}}],"collection":[{"href":"https:\/\/www.credimex.ch\/fr\/wp-json\/wp\/v2\/product"}],"about":[{"href":"https:\/\/www.credimex.ch\/fr\/wp-json\/wp\/v2\/types\/product"}],"replies":[{"embeddable":true,"href":"https:\/\/www.credimex.ch\/fr\/wp-json\/wp\/v2\/comments?post=3964"}],"wp:featuredmedia":[{"embeddable":true,"href":"https:\/\/www.credimex.ch\/fr\/wp-json\/wp\/v2\/media\/3588"}],"wp:attachment":[{"href":"https:\/\/www.credimex.ch\/fr\/wp-json\/wp\/v2\/media?parent=3964"}],"wp:term":[{"taxonomy":"product_brand","embeddable":true,"href":"https:\/\/www.credimex.ch\/fr\/wp-json\/wp\/v2\/product_brand?post=3964"},{"taxonomy":"product_cat","embeddable":true,"href":"https:\/\/www.credimex.ch\/fr\/wp-json\/wp\/v2\/product_cat?post=3964"},{"taxonomy":"product_tag","embeddable":true,"href":"https:\/\/www.credimex.ch\/fr\/wp-json\/wp\/v2\/product_tag?post=3964"}],"curies":[{"name":"wp","href":"https:\/\/api.w.org\/{rel}","templated":true}]}}