{"id":3966,"date":"2022-08-31T16:59:16","date_gmt":"2022-08-31T14:59:16","guid":{"rendered":"https:\/\/www.credimex.ch.mialias.net\/product\/graisses-synthetiques-multi-usages-molykote-g-4500-fm\/"},"modified":"2026-01-22T10:52:53","modified_gmt":"2026-01-22T09:52:53","slug":"molykote-g-4500-fms","status":"publish","type":"product","link":"https:\/\/www.credimex.ch\/fr\/produit\/molykote-g-4500-fms\/","title":{"rendered":"MOLYKOTE\u00ae G-4500 FMS"},"content":{"rendered":"<h2>Caract\u00e9ristiques<\/h2>\n<ul>\n<li>Large gamme de temp\u00e9ratures de service<\/li>\n<li>Compatible avec de nombreux plastiques et \u00e9lastom\u00e8res<\/li>\n<li>Respectent la r\u00e9glementation 21 CFR 178.3570 de la FDA et les classifications H1 de l&rsquo;USDA pour le contact accidentel avec les aliments.<\/li>\n<li>Huile de base enti\u00e8rement synth\u00e9tique<\/li>\n<li>Couleur blanche<\/li>\n<li>Disponible dans les classes de consistance NLGI 1 et 2<\/li>\n<\/ul>\n<h2>Avantages<\/h2>\n<ul>\n<li>Formul\u00e9 pour offrir une capacit\u00e9 de charge sup\u00e9rieure, une plus grande r\u00e9sistance \u00e0 l&rsquo;usure et une dur\u00e9e de vie plus longue que les lubrifiants conventionnels \u00e0 base de p\u00e9trole.<\/li>\n<li>offrent une bonne compatibilit\u00e9 avec la plupart des substrats industriels et d&rsquo;ing\u00e9nierie, y compris de nombreux mat\u00e9riaux en plastique et en caoutchouc<\/li>\n<li>Excellent couple \u00e0 basse temp\u00e9rature<\/li>\n<li>La graisse synth\u00e9tique multi-usages MOLYKOTE\u00ae G-4501 FM, dont la consistance est plus faible, peut \u00eatre utilis\u00e9e dans les syst\u00e8mes de distribution automatique.<\/li>\n<li>MOLYKOTE\u00ae G-4500 FMS est disponible sous forme de spray et peut \u00eatre utilis\u00e9e partout o\u00f9 une graisse sous forme de spray peut \u00eatre souhait\u00e9e.<\/li>\n<\/ul>\n<h2>Composition<\/h2>\n<ul>\n<li>Huile de base PAO<\/li>\n<li>Epaississant \u00e0 base de complexe d&rsquo;aluminium<\/li>\n<li>Renforc\u00e9 en polyt\u00e9trafluoro\u00e9thyl\u00e8ne (PTFE)<\/li>\n<\/ul>\n<h2>Applications<\/h2>\n<p>Les graisses synth\u00e9tiques blanches de consistance l\u00e9g\u00e8re d\u2019usage g\u00e9n\u00e9ral peuvent \u00eatre utilis\u00e9es dans les roulements et les paliers lisses, les pivots, les cames,<br \/>\nles guides, les chemins, les vis d\u2019entra\u00eenement, les engrenages, les cannelures et autres \u00e9l\u00e9ments de machine.<\/p>\n","protected":false},"excerpt":{"rendered":"<p><strong>MOLYKOTE\u00ae G-4500 FMS<\/strong> est une graisse haute performance qui combine les avantages d&rsquo;une large plage de temp\u00e9ratures de fonctionnement et d&rsquo;une grande compatibilit\u00e9 avec divers mat\u00e9riaux. Il est \u00e9paissi par un complexe d&rsquo;aluminium et contient des lubrifiants solides blancs. Il peut \u00eatre utilis\u00e9 pour lubrifier les roulements, les engrenages, les cha\u00eenes et les m\u00e9canismes de glissement dans les machines de traitement des aliments.<\/p>\n","protected":false},"featured_media":3760,"comment_status":"open","ping_status":"closed","template":"","meta":{"_acf_changed":false},"product_brand":[],"product_cat":[362,359],"product_tag":[],"class_list":{"0":"post-3966","1":"product","2":"type-product","3":"status-publish","4":"has-post-thumbnail","6":"product_cat-graisses","7":"product_cat-molykote","8":"pa_brands-molykote-fr","10":"first","11":"instock","12":"shipping-taxable","13":"product-type-simple"},"acf":[],"_yoast_wpseo_focuskw":"MOLYKOTE\u00ae G-4500 FMS","_yoast_wpseo_metadesc":"MOLYKOTE\u00ae G-4500 FMS est une graisse haute performance qui combine les avantages d'une large plage de temp\u00e9ratures de fonctionnement et d'une grande compatibilit\u00e9 avec divers mat\u00e9riaux.","yoast_head":"<!-- This site is optimized with the Yoast SEO Premium plugin v21.6 (Yoast SEO v27.4) - https:\/\/yoast.com\/product\/yoast-seo-premium-wordpress\/ -->\n<title>MOLYKOTE\u00ae G-4500 FMS - CREDIMEX<\/title>\n<meta name=\"description\" content=\"MOLYKOTE\u00ae G-4500 FMS est une graisse haute performance qui combine les avantages d&#039;une large plage de temp\u00e9ratures de fonctionnement et d&#039;une grande compatibilit\u00e9 avec divers mat\u00e9riaux.\" \/>\n<meta name=\"robots\" content=\"index, follow, max-snippet:-1, max-image-preview:large, max-video-preview:-1\" \/>\n<link rel=\"canonical\" href=\"https:\/\/www.credimex.ch\/fr\/produit\/molykote-g-4500-fms\/\" \/>\n<meta property=\"og:locale\" content=\"fr_FR\" \/>\n<meta property=\"og:type\" content=\"article\" \/>\n<meta property=\"og:title\" content=\"MOLYKOTE\u00ae G-4500 FMS\" \/>\n<meta property=\"og:description\" content=\"MOLYKOTE\u00ae G-4500 FMS est une graisse haute performance qui combine les avantages d&#039;une large plage de temp\u00e9ratures de fonctionnement et d&#039;une grande compatibilit\u00e9 avec divers mat\u00e9riaux.\" \/>\n<meta property=\"og:url\" content=\"https:\/\/www.credimex.ch\/fr\/produit\/molykote-g-4500-fms\/\" \/>\n<meta property=\"og:site_name\" content=\"CREDIMEX\" \/>\n<meta property=\"article:publisher\" content=\"https:\/\/www.facebook.com\/credimex.alpnach\/\" \/>\n<meta property=\"article:modified_time\" content=\"2026-01-22T09:52:53+00:00\" \/>\n<meta property=\"og:image\" content=\"https:\/\/www.credimex.ch\/wp-content\/uploads\/2022\/09\/Molykote_Generic_1_Can.png\" \/>\n\t<meta property=\"og:image:width\" content=\"400\" \/>\n\t<meta property=\"og:image:height\" content=\"400\" \/>\n\t<meta property=\"og:image:type\" content=\"image\/png\" \/>\n<meta name=\"twitter:card\" content=\"summary_large_image\" \/>\n<meta name=\"twitter:label1\" content=\"Dur\u00e9e de lecture estim\u00e9e\" \/>\n\t<meta name=\"twitter:data1\" content=\"1 minute\" \/>\n<script type=\"application\/ld+json\" class=\"yoast-schema-graph\">{\"@context\":\"https:\\\/\\\/schema.org\",\"@graph\":[{\"@type\":\"WebPage\",\"@id\":\"https:\\\/\\\/www.credimex.ch\\\/fr\\\/produit\\\/molykote-g-4500-fms\\\/\",\"url\":\"https:\\\/\\\/www.credimex.ch\\\/fr\\\/produit\\\/molykote-g-4500-fms\\\/\",\"name\":\"MOLYKOTE\u00ae G-4500 FMS - CREDIMEX\",\"isPartOf\":{\"@id\":\"https:\\\/\\\/www.credimex.ch\\\/fr\\\/#website\"},\"primaryImageOfPage\":{\"@id\":\"https:\\\/\\\/www.credimex.ch\\\/fr\\\/produit\\\/molykote-g-4500-fms\\\/#primaryimage\"},\"image\":{\"@id\":\"https:\\\/\\\/www.credimex.ch\\\/fr\\\/produit\\\/molykote-g-4500-fms\\\/#primaryimage\"},\"thumbnailUrl\":\"https:\\\/\\\/www.credimex.ch\\\/wp-content\\\/uploads\\\/2022\\\/09\\\/Molykote_Generic_1_Can.png\",\"datePublished\":\"2022-08-31T14:59:16+00:00\",\"dateModified\":\"2026-01-22T09:52:53+00:00\",\"description\":\"MOLYKOTE\u00ae G-4500 FMS est une graisse haute performance qui combine les avantages d'une large plage de temp\u00e9ratures de fonctionnement et d'une grande compatibilit\u00e9 avec divers mat\u00e9riaux.\",\"breadcrumb\":{\"@id\":\"https:\\\/\\\/www.credimex.ch\\\/fr\\\/produit\\\/molykote-g-4500-fms\\\/#breadcrumb\"},\"inLanguage\":\"fr-FR\",\"potentialAction\":[{\"@type\":\"ReadAction\",\"target\":[\"https:\\\/\\\/www.credimex.ch\\\/fr\\\/produit\\\/molykote-g-4500-fms\\\/\"]}]},{\"@type\":\"ImageObject\",\"inLanguage\":\"fr-FR\",\"@id\":\"https:\\\/\\\/www.credimex.ch\\\/fr\\\/produit\\\/molykote-g-4500-fms\\\/#primaryimage\",\"url\":\"https:\\\/\\\/www.credimex.ch\\\/wp-content\\\/uploads\\\/2022\\\/09\\\/Molykote_Generic_1_Can.png\",\"contentUrl\":\"https:\\\/\\\/www.credimex.ch\\\/wp-content\\\/uploads\\\/2022\\\/09\\\/Molykote_Generic_1_Can.png\",\"width\":400,\"height\":400},{\"@type\":\"BreadcrumbList\",\"@id\":\"https:\\\/\\\/www.credimex.ch\\\/fr\\\/produit\\\/molykote-g-4500-fms\\\/#breadcrumb\",\"itemListElement\":[{\"@type\":\"ListItem\",\"position\":1,\"name\":\"Home\",\"item\":\"https:\\\/\\\/www.credimex.ch\\\/fr\\\/\"},{\"@type\":\"ListItem\",\"position\":2,\"name\":\"Produits\",\"item\":\"https:\\\/\\\/www.credimex.ch\\\/fr\\\/produits\\\/\"},{\"@type\":\"ListItem\",\"position\":3,\"name\":\"MOLYKOTE\u00ae G-4500 FMS\"}]},{\"@type\":\"WebSite\",\"@id\":\"https:\\\/\\\/www.credimex.ch\\\/fr\\\/#website\",\"url\":\"https:\\\/\\\/www.credimex.ch\\\/fr\\\/\",\"name\":\"CREDIMEX\",\"description\":\"Partner of Swiss Industrial Market\",\"publisher\":{\"@id\":\"https:\\\/\\\/www.credimex.ch\\\/fr\\\/#organization\"},\"potentialAction\":[{\"@type\":\"SearchAction\",\"target\":{\"@type\":\"EntryPoint\",\"urlTemplate\":\"https:\\\/\\\/www.credimex.ch\\\/fr\\\/?s={search_term_string}\"},\"query-input\":{\"@type\":\"PropertyValueSpecification\",\"valueRequired\":true,\"valueName\":\"search_term_string\"}}],\"inLanguage\":\"fr-FR\"},{\"@type\":\"Organization\",\"@id\":\"https:\\\/\\\/www.credimex.ch\\\/fr\\\/#organization\",\"name\":\"credimex\",\"url\":\"https:\\\/\\\/www.credimex.ch\\\/fr\\\/\",\"logo\":{\"@type\":\"ImageObject\",\"inLanguage\":\"fr-FR\",\"@id\":\"https:\\\/\\\/www.credimex.ch\\\/fr\\\/#\\\/schema\\\/logo\\\/image\\\/\",\"url\":\"https:\\\/\\\/www.credimex.ch\\\/wp-content\\\/uploads\\\/2022\\\/03\\\/cropped-logo-credimex.png\",\"contentUrl\":\"https:\\\/\\\/www.credimex.ch\\\/wp-content\\\/uploads\\\/2022\\\/03\\\/cropped-logo-credimex.png\",\"width\":512,\"height\":512,\"caption\":\"credimex\"},\"image\":{\"@id\":\"https:\\\/\\\/www.credimex.ch\\\/fr\\\/#\\\/schema\\\/logo\\\/image\\\/\"},\"sameAs\":[\"https:\\\/\\\/www.facebook.com\\\/credimex.alpnach\\\/\",\"https:\\\/\\\/www.linkedin.com\\\/company\\\/credimex\\\/\",\"https:\\\/\\\/www.youtube.com\\\/@CREDIMEX?sub_confirmation=1\"]}]}<\/script>\n<!-- \/ Yoast SEO Premium plugin. -->","yoast_head_json":{"title":"MOLYKOTE\u00ae G-4500 FMS - CREDIMEX","description":"MOLYKOTE\u00ae G-4500 FMS est une graisse haute performance qui combine les avantages d'une large plage de temp\u00e9ratures de fonctionnement et d'une grande compatibilit\u00e9 avec divers mat\u00e9riaux.","robots":{"index":"index","follow":"follow","max-snippet":"max-snippet:-1","max-image-preview":"max-image-preview:large","max-video-preview":"max-video-preview:-1"},"canonical":"https:\/\/www.credimex.ch\/fr\/produit\/molykote-g-4500-fms\/","og_locale":"fr_FR","og_type":"article","og_title":"MOLYKOTE\u00ae G-4500 FMS","og_description":"MOLYKOTE\u00ae G-4500 FMS est une graisse haute performance qui combine les avantages d'une large plage de temp\u00e9ratures de fonctionnement et d'une grande compatibilit\u00e9 avec divers mat\u00e9riaux.","og_url":"https:\/\/www.credimex.ch\/fr\/produit\/molykote-g-4500-fms\/","og_site_name":"CREDIMEX","article_publisher":"https:\/\/www.facebook.com\/credimex.alpnach\/","article_modified_time":"2026-01-22T09:52:53+00:00","og_image":[{"width":400,"height":400,"url":"https:\/\/www.credimex.ch\/wp-content\/uploads\/2022\/09\/Molykote_Generic_1_Can.png","type":"image\/png"}],"twitter_card":"summary_large_image","twitter_misc":{"Dur\u00e9e de lecture estim\u00e9e":"1 minute"},"schema":{"@context":"https:\/\/schema.org","@graph":[{"@type":"WebPage","@id":"https:\/\/www.credimex.ch\/fr\/produit\/molykote-g-4500-fms\/","url":"https:\/\/www.credimex.ch\/fr\/produit\/molykote-g-4500-fms\/","name":"MOLYKOTE\u00ae G-4500 FMS - CREDIMEX","isPartOf":{"@id":"https:\/\/www.credimex.ch\/fr\/#website"},"primaryImageOfPage":{"@id":"https:\/\/www.credimex.ch\/fr\/produit\/molykote-g-4500-fms\/#primaryimage"},"image":{"@id":"https:\/\/www.credimex.ch\/fr\/produit\/molykote-g-4500-fms\/#primaryimage"},"thumbnailUrl":"https:\/\/www.credimex.ch\/wp-content\/uploads\/2022\/09\/Molykote_Generic_1_Can.png","datePublished":"2022-08-31T14:59:16+00:00","dateModified":"2026-01-22T09:52:53+00:00","description":"MOLYKOTE\u00ae G-4500 FMS est une graisse haute performance qui combine les avantages d'une large plage de temp\u00e9ratures de fonctionnement et d'une grande compatibilit\u00e9 avec divers mat\u00e9riaux.","breadcrumb":{"@id":"https:\/\/www.credimex.ch\/fr\/produit\/molykote-g-4500-fms\/#breadcrumb"},"inLanguage":"fr-FR","potentialAction":[{"@type":"ReadAction","target":["https:\/\/www.credimex.ch\/fr\/produit\/molykote-g-4500-fms\/"]}]},{"@type":"ImageObject","inLanguage":"fr-FR","@id":"https:\/\/www.credimex.ch\/fr\/produit\/molykote-g-4500-fms\/#primaryimage","url":"https:\/\/www.credimex.ch\/wp-content\/uploads\/2022\/09\/Molykote_Generic_1_Can.png","contentUrl":"https:\/\/www.credimex.ch\/wp-content\/uploads\/2022\/09\/Molykote_Generic_1_Can.png","width":400,"height":400},{"@type":"BreadcrumbList","@id":"https:\/\/www.credimex.ch\/fr\/produit\/molykote-g-4500-fms\/#breadcrumb","itemListElement":[{"@type":"ListItem","position":1,"name":"Home","item":"https:\/\/www.credimex.ch\/fr\/"},{"@type":"ListItem","position":2,"name":"Produits","item":"https:\/\/www.credimex.ch\/fr\/produits\/"},{"@type":"ListItem","position":3,"name":"MOLYKOTE\u00ae G-4500 FMS"}]},{"@type":"WebSite","@id":"https:\/\/www.credimex.ch\/fr\/#website","url":"https:\/\/www.credimex.ch\/fr\/","name":"CREDIMEX","description":"Partner of Swiss Industrial Market","publisher":{"@id":"https:\/\/www.credimex.ch\/fr\/#organization"},"potentialAction":[{"@type":"SearchAction","target":{"@type":"EntryPoint","urlTemplate":"https:\/\/www.credimex.ch\/fr\/?s={search_term_string}"},"query-input":{"@type":"PropertyValueSpecification","valueRequired":true,"valueName":"search_term_string"}}],"inLanguage":"fr-FR"},{"@type":"Organization","@id":"https:\/\/www.credimex.ch\/fr\/#organization","name":"credimex","url":"https:\/\/www.credimex.ch\/fr\/","logo":{"@type":"ImageObject","inLanguage":"fr-FR","@id":"https:\/\/www.credimex.ch\/fr\/#\/schema\/logo\/image\/","url":"https:\/\/www.credimex.ch\/wp-content\/uploads\/2022\/03\/cropped-logo-credimex.png","contentUrl":"https:\/\/www.credimex.ch\/wp-content\/uploads\/2022\/03\/cropped-logo-credimex.png","width":512,"height":512,"caption":"credimex"},"image":{"@id":"https:\/\/www.credimex.ch\/fr\/#\/schema\/logo\/image\/"},"sameAs":["https:\/\/www.facebook.com\/credimex.alpnach\/","https:\/\/www.linkedin.com\/company\/credimex\/","https:\/\/www.youtube.com\/@CREDIMEX?sub_confirmation=1"]}]}},"_links":{"self":[{"href":"https:\/\/www.credimex.ch\/fr\/wp-json\/wp\/v2\/product\/3966","targetHints":{"allow":["GET"]}}],"collection":[{"href":"https:\/\/www.credimex.ch\/fr\/wp-json\/wp\/v2\/product"}],"about":[{"href":"https:\/\/www.credimex.ch\/fr\/wp-json\/wp\/v2\/types\/product"}],"replies":[{"embeddable":true,"href":"https:\/\/www.credimex.ch\/fr\/wp-json\/wp\/v2\/comments?post=3966"}],"wp:featuredmedia":[{"embeddable":true,"href":"https:\/\/www.credimex.ch\/fr\/wp-json\/wp\/v2\/media\/3760"}],"wp:attachment":[{"href":"https:\/\/www.credimex.ch\/fr\/wp-json\/wp\/v2\/media?parent=3966"}],"wp:term":[{"taxonomy":"product_brand","embeddable":true,"href":"https:\/\/www.credimex.ch\/fr\/wp-json\/wp\/v2\/product_brand?post=3966"},{"taxonomy":"product_cat","embeddable":true,"href":"https:\/\/www.credimex.ch\/fr\/wp-json\/wp\/v2\/product_cat?post=3966"},{"taxonomy":"product_tag","embeddable":true,"href":"https:\/\/www.credimex.ch\/fr\/wp-json\/wp\/v2\/product_tag?post=3966"}],"curies":[{"name":"wp","href":"https:\/\/api.w.org\/{rel}","templated":true}]}}