{"id":3970,"date":"2022-08-31T16:45:53","date_gmt":"2022-08-31T14:45:53","guid":{"rendered":"https:\/\/www.credimex.ch.mialias.net\/product\/molykote-p-37-pate\/"},"modified":"2022-08-31T16:45:53","modified_gmt":"2022-08-31T14:45:53","slug":"molykote-p-37-pate","status":"publish","type":"product","link":"https:\/\/www.credimex.ch\/fr\/produit\/molykote-p-37-pate\/","title":{"rendered":"MOLYKOTE P-37 P\u00e2te"},"content":{"rendered":"<h2>Caract\u00e9ristiques et avantages<\/h2>\n<ul>\n<li>Compatible avec les hautes temp\u00e9ratures (1 400\u00b0C)<\/li>\n<li>Excellente capacit\u00e9 de charge et protection contre le grippage<\/li>\n<li>P\u00e2te de haute puret\u00e9 (les impuret\u00e9s de la teneur en soufre et en halog\u00e8ne total sont r\u00e9guli\u00e8rement contr\u00f4l\u00e9es)<\/li>\n<li>Faible infiltration, ce qui permet de l&rsquo;utiliser dans des endroits o\u00f9 la propret\u00e9 est requise.<\/li>\n<li>Permet de retirer facilement les vis, m\u00eame apr\u00e8s des p\u00e9riodes prolong\u00e9es d&rsquo;utilisation \u00e0 des temp\u00e9ratures \u00e9lev\u00e9es.<\/li>\n<li>Ne comprend pas les composants qui se fragilisent \u00e0 haute temp\u00e9rature.<\/li>\n<\/ul>\n<h2>Sp\u00e9cifications<\/h2>\n<ul>\n<li>R\u00e9pond aux exigences techniques de Siemens TLV 9600 02\/01.<\/li>\n<li>Remplit les exigences techniques de General Electric TIL 1117-3RI<\/li>\n<li>Remplit les exigences techniques de l&rsquo;EDF-PMUC<\/li>\n<li>R\u00e9pond aux exigences techniques de Pratt &amp; Whitney PWA-36246<\/li>\n<\/ul>\n<h2>Composition<\/h2>\n<ul>\n<li>Huile min\u00e9rale<\/li>\n<li>Lubrifiants solides sp\u00e9ciaux<\/li>\n<\/ul>\n<h2>Applications<\/h2>\n<p>Convient aux vis, \u00e9crous et boulons que l&rsquo;on trouve dans les \u00e9quipements industriels soumis \u00e0 des temp\u00e9ratures extr\u00eamement \u00e9lev\u00e9es.<\/p>\n","protected":false},"excerpt":{"rendered":"<p>La <strong>p\u00e2te MOLYKOTE P-37<\/strong> est une p\u00e2te lubrifiante extr\u00eamement pure et solide pour les assemblages boulonn\u00e9s ; elle ne contient pas de plomb, de nickel, de soufre, de chlore ou de fluor intentionnels.<\/p>\n","protected":false},"featured_media":3760,"comment_status":"open","ping_status":"closed","template":"","meta":{"_acf_changed":false},"product_brand":[],"product_cat":[359,532],"product_tag":[],"class_list":{"0":"post-3970","1":"product","2":"type-product","3":"status-publish","4":"has-post-thumbnail","6":"product_cat-molykote","7":"product_cat-pates","8":"pa_brands-molykote-fr","10":"first","11":"instock","12":"shipping-taxable","13":"product-type-simple"},"acf":[],"_yoast_wpseo_focuskw":"MOLYKOTE P-37 P\u00e2te","_yoast_wpseo_metadesc":"La p\u00e2te MOLYKOTE P-37 est une p\u00e2te lubrifiante extr\u00eamement pure et solide pour les assemblages boulonn\u00e9s ; elle ne contient pas de plomb, de nickel, de soufre, de chlore ou de fluor intentionnels.","yoast_head":"<!-- This site is optimized with the Yoast SEO Premium plugin v21.6 (Yoast SEO v27.4) - https:\/\/yoast.com\/product\/yoast-seo-premium-wordpress\/ -->\n<title>MOLYKOTE P-37 P\u00e2te - CREDIMEX<\/title>\n<meta name=\"description\" content=\"La p\u00e2te MOLYKOTE P-37 est une p\u00e2te lubrifiante extr\u00eamement pure et solide pour les assemblages boulonn\u00e9s ; elle ne contient pas de plomb, de nickel, de soufre, de chlore ou de fluor intentionnels.\" \/>\n<meta name=\"robots\" content=\"index, follow, max-snippet:-1, max-image-preview:large, max-video-preview:-1\" \/>\n<link rel=\"canonical\" href=\"https:\/\/www.credimex.ch\/fr\/produit\/molykote-p-37-pate\/\" \/>\n<meta property=\"og:locale\" content=\"fr_FR\" \/>\n<meta property=\"og:type\" content=\"article\" \/>\n<meta property=\"og:title\" content=\"MOLYKOTE P-37 P\u00e2te\" \/>\n<meta property=\"og:description\" content=\"La p\u00e2te MOLYKOTE P-37 est une p\u00e2te lubrifiante extr\u00eamement pure et solide pour les assemblages boulonn\u00e9s ; elle ne contient pas de plomb, de nickel, de soufre, de chlore ou de fluor intentionnels.\" \/>\n<meta property=\"og:url\" content=\"https:\/\/www.credimex.ch\/fr\/produit\/molykote-p-37-pate\/\" \/>\n<meta property=\"og:site_name\" content=\"CREDIMEX\" \/>\n<meta property=\"article:publisher\" content=\"https:\/\/www.facebook.com\/credimex.alpnach\/\" \/>\n<meta property=\"og:image\" content=\"https:\/\/www.credimex.ch\/wp-content\/uploads\/2022\/08\/molykote-bote-gener.jpg\" \/>\n\t<meta property=\"og:image:width\" content=\"900\" \/>\n\t<meta property=\"og:image:height\" content=\"900\" \/>\n\t<meta property=\"og:image:type\" content=\"image\/jpeg\" \/>\n<meta name=\"twitter:card\" content=\"summary_large_image\" \/>\n<meta name=\"twitter:label1\" content=\"Dur\u00e9e de lecture estim\u00e9e\" \/>\n\t<meta name=\"twitter:data1\" content=\"1 minute\" \/>\n<script type=\"application\/ld+json\" class=\"yoast-schema-graph\">{\"@context\":\"https:\\\/\\\/schema.org\",\"@graph\":[{\"@type\":\"WebPage\",\"@id\":\"https:\\\/\\\/www.credimex.ch\\\/fr\\\/produit\\\/molykote-p-37-pate\\\/\",\"url\":\"https:\\\/\\\/www.credimex.ch\\\/fr\\\/produit\\\/molykote-p-37-pate\\\/\",\"name\":\"MOLYKOTE P-37 P\u00e2te - CREDIMEX\",\"isPartOf\":{\"@id\":\"https:\\\/\\\/www.credimex.ch\\\/fr\\\/#website\"},\"primaryImageOfPage\":{\"@id\":\"https:\\\/\\\/www.credimex.ch\\\/fr\\\/produit\\\/molykote-p-37-pate\\\/#primaryimage\"},\"image\":{\"@id\":\"https:\\\/\\\/www.credimex.ch\\\/fr\\\/produit\\\/molykote-p-37-pate\\\/#primaryimage\"},\"thumbnailUrl\":\"https:\\\/\\\/www.credimex.ch\\\/wp-content\\\/uploads\\\/2022\\\/09\\\/Molykote_Generic_1_Can.png\",\"datePublished\":\"2022-08-31T14:45:53+00:00\",\"description\":\"La p\u00e2te MOLYKOTE P-37 est une p\u00e2te lubrifiante extr\u00eamement pure et solide pour les assemblages boulonn\u00e9s ; elle ne contient pas de plomb, de nickel, de soufre, de chlore ou de fluor intentionnels.\",\"breadcrumb\":{\"@id\":\"https:\\\/\\\/www.credimex.ch\\\/fr\\\/produit\\\/molykote-p-37-pate\\\/#breadcrumb\"},\"inLanguage\":\"fr-FR\",\"potentialAction\":[{\"@type\":\"ReadAction\",\"target\":[\"https:\\\/\\\/www.credimex.ch\\\/fr\\\/produit\\\/molykote-p-37-pate\\\/\"]}]},{\"@type\":\"ImageObject\",\"inLanguage\":\"fr-FR\",\"@id\":\"https:\\\/\\\/www.credimex.ch\\\/fr\\\/produit\\\/molykote-p-37-pate\\\/#primaryimage\",\"url\":\"https:\\\/\\\/www.credimex.ch\\\/wp-content\\\/uploads\\\/2022\\\/09\\\/Molykote_Generic_1_Can.png\",\"contentUrl\":\"https:\\\/\\\/www.credimex.ch\\\/wp-content\\\/uploads\\\/2022\\\/09\\\/Molykote_Generic_1_Can.png\",\"width\":400,\"height\":400},{\"@type\":\"BreadcrumbList\",\"@id\":\"https:\\\/\\\/www.credimex.ch\\\/fr\\\/produit\\\/molykote-p-37-pate\\\/#breadcrumb\",\"itemListElement\":[{\"@type\":\"ListItem\",\"position\":1,\"name\":\"Home\",\"item\":\"https:\\\/\\\/www.credimex.ch\\\/fr\\\/\"},{\"@type\":\"ListItem\",\"position\":2,\"name\":\"Produits\",\"item\":\"https:\\\/\\\/www.credimex.ch\\\/fr\\\/produits\\\/\"},{\"@type\":\"ListItem\",\"position\":3,\"name\":\"MOLYKOTE P-37 P\u00e2te\"}]},{\"@type\":\"WebSite\",\"@id\":\"https:\\\/\\\/www.credimex.ch\\\/fr\\\/#website\",\"url\":\"https:\\\/\\\/www.credimex.ch\\\/fr\\\/\",\"name\":\"CREDIMEX\",\"description\":\"Partner of Swiss Industrial Market\",\"publisher\":{\"@id\":\"https:\\\/\\\/www.credimex.ch\\\/fr\\\/#organization\"},\"potentialAction\":[{\"@type\":\"SearchAction\",\"target\":{\"@type\":\"EntryPoint\",\"urlTemplate\":\"https:\\\/\\\/www.credimex.ch\\\/fr\\\/?s={search_term_string}\"},\"query-input\":{\"@type\":\"PropertyValueSpecification\",\"valueRequired\":true,\"valueName\":\"search_term_string\"}}],\"inLanguage\":\"fr-FR\"},{\"@type\":\"Organization\",\"@id\":\"https:\\\/\\\/www.credimex.ch\\\/fr\\\/#organization\",\"name\":\"credimex\",\"url\":\"https:\\\/\\\/www.credimex.ch\\\/fr\\\/\",\"logo\":{\"@type\":\"ImageObject\",\"inLanguage\":\"fr-FR\",\"@id\":\"https:\\\/\\\/www.credimex.ch\\\/fr\\\/#\\\/schema\\\/logo\\\/image\\\/\",\"url\":\"https:\\\/\\\/www.credimex.ch\\\/wp-content\\\/uploads\\\/2022\\\/03\\\/cropped-logo-credimex.png\",\"contentUrl\":\"https:\\\/\\\/www.credimex.ch\\\/wp-content\\\/uploads\\\/2022\\\/03\\\/cropped-logo-credimex.png\",\"width\":512,\"height\":512,\"caption\":\"credimex\"},\"image\":{\"@id\":\"https:\\\/\\\/www.credimex.ch\\\/fr\\\/#\\\/schema\\\/logo\\\/image\\\/\"},\"sameAs\":[\"https:\\\/\\\/www.facebook.com\\\/credimex.alpnach\\\/\",\"https:\\\/\\\/www.linkedin.com\\\/company\\\/credimex\\\/\",\"https:\\\/\\\/www.youtube.com\\\/@CREDIMEX?sub_confirmation=1\"]}]}<\/script>\n<!-- \/ Yoast SEO Premium plugin. -->","yoast_head_json":{"title":"MOLYKOTE P-37 P\u00e2te - CREDIMEX","description":"La p\u00e2te MOLYKOTE P-37 est une p\u00e2te lubrifiante extr\u00eamement pure et solide pour les assemblages boulonn\u00e9s ; elle ne contient pas de plomb, de nickel, de soufre, de chlore ou de fluor intentionnels.","robots":{"index":"index","follow":"follow","max-snippet":"max-snippet:-1","max-image-preview":"max-image-preview:large","max-video-preview":"max-video-preview:-1"},"canonical":"https:\/\/www.credimex.ch\/fr\/produit\/molykote-p-37-pate\/","og_locale":"fr_FR","og_type":"article","og_title":"MOLYKOTE P-37 P\u00e2te","og_description":"La p\u00e2te MOLYKOTE P-37 est une p\u00e2te lubrifiante extr\u00eamement pure et solide pour les assemblages boulonn\u00e9s ; elle ne contient pas de plomb, de nickel, de soufre, de chlore ou de fluor intentionnels.","og_url":"https:\/\/www.credimex.ch\/fr\/produit\/molykote-p-37-pate\/","og_site_name":"CREDIMEX","article_publisher":"https:\/\/www.facebook.com\/credimex.alpnach\/","og_image":[{"width":900,"height":900,"url":"https:\/\/www.credimex.ch\/wp-content\/uploads\/2022\/08\/molykote-bote-gener.jpg","type":"image\/jpeg"}],"twitter_card":"summary_large_image","twitter_misc":{"Dur\u00e9e de lecture estim\u00e9e":"1 minute"},"schema":{"@context":"https:\/\/schema.org","@graph":[{"@type":"WebPage","@id":"https:\/\/www.credimex.ch\/fr\/produit\/molykote-p-37-pate\/","url":"https:\/\/www.credimex.ch\/fr\/produit\/molykote-p-37-pate\/","name":"MOLYKOTE P-37 P\u00e2te - CREDIMEX","isPartOf":{"@id":"https:\/\/www.credimex.ch\/fr\/#website"},"primaryImageOfPage":{"@id":"https:\/\/www.credimex.ch\/fr\/produit\/molykote-p-37-pate\/#primaryimage"},"image":{"@id":"https:\/\/www.credimex.ch\/fr\/produit\/molykote-p-37-pate\/#primaryimage"},"thumbnailUrl":"https:\/\/www.credimex.ch\/wp-content\/uploads\/2022\/09\/Molykote_Generic_1_Can.png","datePublished":"2022-08-31T14:45:53+00:00","description":"La p\u00e2te MOLYKOTE P-37 est une p\u00e2te lubrifiante extr\u00eamement pure et solide pour les assemblages boulonn\u00e9s ; elle ne contient pas de plomb, de nickel, de soufre, de chlore ou de fluor intentionnels.","breadcrumb":{"@id":"https:\/\/www.credimex.ch\/fr\/produit\/molykote-p-37-pate\/#breadcrumb"},"inLanguage":"fr-FR","potentialAction":[{"@type":"ReadAction","target":["https:\/\/www.credimex.ch\/fr\/produit\/molykote-p-37-pate\/"]}]},{"@type":"ImageObject","inLanguage":"fr-FR","@id":"https:\/\/www.credimex.ch\/fr\/produit\/molykote-p-37-pate\/#primaryimage","url":"https:\/\/www.credimex.ch\/wp-content\/uploads\/2022\/09\/Molykote_Generic_1_Can.png","contentUrl":"https:\/\/www.credimex.ch\/wp-content\/uploads\/2022\/09\/Molykote_Generic_1_Can.png","width":400,"height":400},{"@type":"BreadcrumbList","@id":"https:\/\/www.credimex.ch\/fr\/produit\/molykote-p-37-pate\/#breadcrumb","itemListElement":[{"@type":"ListItem","position":1,"name":"Home","item":"https:\/\/www.credimex.ch\/fr\/"},{"@type":"ListItem","position":2,"name":"Produits","item":"https:\/\/www.credimex.ch\/fr\/produits\/"},{"@type":"ListItem","position":3,"name":"MOLYKOTE P-37 P\u00e2te"}]},{"@type":"WebSite","@id":"https:\/\/www.credimex.ch\/fr\/#website","url":"https:\/\/www.credimex.ch\/fr\/","name":"CREDIMEX","description":"Partner of Swiss Industrial Market","publisher":{"@id":"https:\/\/www.credimex.ch\/fr\/#organization"},"potentialAction":[{"@type":"SearchAction","target":{"@type":"EntryPoint","urlTemplate":"https:\/\/www.credimex.ch\/fr\/?s={search_term_string}"},"query-input":{"@type":"PropertyValueSpecification","valueRequired":true,"valueName":"search_term_string"}}],"inLanguage":"fr-FR"},{"@type":"Organization","@id":"https:\/\/www.credimex.ch\/fr\/#organization","name":"credimex","url":"https:\/\/www.credimex.ch\/fr\/","logo":{"@type":"ImageObject","inLanguage":"fr-FR","@id":"https:\/\/www.credimex.ch\/fr\/#\/schema\/logo\/image\/","url":"https:\/\/www.credimex.ch\/wp-content\/uploads\/2022\/03\/cropped-logo-credimex.png","contentUrl":"https:\/\/www.credimex.ch\/wp-content\/uploads\/2022\/03\/cropped-logo-credimex.png","width":512,"height":512,"caption":"credimex"},"image":{"@id":"https:\/\/www.credimex.ch\/fr\/#\/schema\/logo\/image\/"},"sameAs":["https:\/\/www.facebook.com\/credimex.alpnach\/","https:\/\/www.linkedin.com\/company\/credimex\/","https:\/\/www.youtube.com\/@CREDIMEX?sub_confirmation=1"]}]}},"_links":{"self":[{"href":"https:\/\/www.credimex.ch\/fr\/wp-json\/wp\/v2\/product\/3970","targetHints":{"allow":["GET"]}}],"collection":[{"href":"https:\/\/www.credimex.ch\/fr\/wp-json\/wp\/v2\/product"}],"about":[{"href":"https:\/\/www.credimex.ch\/fr\/wp-json\/wp\/v2\/types\/product"}],"replies":[{"embeddable":true,"href":"https:\/\/www.credimex.ch\/fr\/wp-json\/wp\/v2\/comments?post=3970"}],"wp:featuredmedia":[{"embeddable":true,"href":"https:\/\/www.credimex.ch\/fr\/wp-json\/wp\/v2\/media\/3760"}],"wp:attachment":[{"href":"https:\/\/www.credimex.ch\/fr\/wp-json\/wp\/v2\/media?parent=3970"}],"wp:term":[{"taxonomy":"product_brand","embeddable":true,"href":"https:\/\/www.credimex.ch\/fr\/wp-json\/wp\/v2\/product_brand?post=3970"},{"taxonomy":"product_cat","embeddable":true,"href":"https:\/\/www.credimex.ch\/fr\/wp-json\/wp\/v2\/product_cat?post=3970"},{"taxonomy":"product_tag","embeddable":true,"href":"https:\/\/www.credimex.ch\/fr\/wp-json\/wp\/v2\/product_tag?post=3970"}],"curies":[{"name":"wp","href":"https:\/\/api.w.org\/{rel}","templated":true}]}}