{"id":3976,"date":"2022-08-24T16:11:25","date_gmt":"2022-08-24T14:11:25","guid":{"rendered":"https:\/\/www.credimex.ch.mialias.net\/product\/xiameter-afe-1530-emulsion-anti-mousse\/"},"modified":"2022-08-24T16:11:25","modified_gmt":"2022-08-24T14:11:25","slug":"xiameter-afe-1530-antifoam-emulsion-2","status":"publish","type":"product","link":"https:\/\/www.credimex.ch\/fr\/produit\/xiameter-afe-1530-antifoam-emulsion-2\/","title":{"rendered":"XIAMETER AFE-1530 Emulsion anti-mousse"},"content":{"rendered":"<h2>Caract\u00e9ristiques<\/h2>\n<ul>\n<li>Efficace \u00e0 faible concentration<\/li>\n<li>Des performances \u00e9prouv\u00e9es<\/li>\n<li>Conforme aux exigences r\u00e9glementaires et di\u00e9t\u00e9tiques<\/li>\n<li>\u00c9conomique : \u00c9conomies potentielles gr\u00e2ce \u00e0 la concentration et \u00e0 l&rsquo;utilisation de faibles doses.<\/li>\n<li>Compatible avec les syst\u00e8mes aqueux<\/li>\n<li>Diluable \u00e0 l&rsquo;eau<\/li>\n<li>Contr\u00f4le des mousses dans les processus alimentaires et chimiques<\/li>\n<li>Facile \u00e0 utiliser<\/li>\n<li>Excellente performance antimousse-persistance de qualit\u00e9 alimentaire<\/li>\n<li>Efficace dans les syst\u00e8mes chauds et froids<\/li>\n<\/ul>\n<h2>Composition<\/h2>\n<ul>\n<li>Emulsion de silicone<\/li>\n<\/ul>\n<h2>Applications<\/h2>\n<ul>\n<li>Traitement des aliments<\/li>\n<li>Fabrication de produits chimiques<\/li>\n<li>Produits chimiques agricoles<\/li>\n<li>Fabrication de boissons<\/li>\n<li>Applications pour la viande, la volaille et les fruits de mer<\/li>\n<li>Op\u00e9rations de fermentation chimique<\/li>\n<li>Traitement des eaux us\u00e9es<\/li>\n<li>Transformation des l\u00e9gumes<\/li>\n<li>Aide \u00e0 la formulation ou au traitement des produits de soins personnels<\/li>\n<\/ul>\n","protected":false},"excerpt":{"rendered":"<p>L&rsquo;\u00e9mulsion antimousse XIAMETER\u2122 AFE-1530 est une \u00e9mulsion de silicone de qualit\u00e9 alimentaire, active \u00e0 30 %. Cet antimousse est soluble dans l&rsquo;eau et est efficace dans les syst\u00e8mes chauds et froids.<\/p>\n","protected":false},"featured_media":3638,"comment_status":"open","ping_status":"closed","template":"","meta":{"_acf_changed":false},"product_brand":[],"product_cat":[538,361,537],"product_tag":[],"class_list":{"0":"post-3976","1":"product","2":"type-product","3":"status-publish","4":"has-post-thumbnail","6":"product_cat-antimousses","7":"product_cat-industrie-alimentaire","8":"product_cat-xiameter","9":"pa_brands-xiameter-fr","11":"first","12":"instock","13":"shipping-taxable","14":"product-type-simple"},"acf":[],"_yoast_wpseo_focuskw":"XIAM\u00c8TRE AFE-1530","_yoast_wpseo_metadesc":"L'\u00e9mulsion antimousse XIAMETER\u2122 AFE-1530 est une \u00e9mulsion de silicone de qualit\u00e9 alimentaire, active \u00e0 30 %. Cet antimousse est diluable \u00e0 l'eau et est efficace dans les syst\u00e8mes chauds et froids.","yoast_head":"<!-- This site is optimized with the Yoast SEO Premium plugin v21.6 (Yoast SEO v27.4) - https:\/\/yoast.com\/product\/yoast-seo-premium-wordpress\/ -->\n<title>XIAMETER AFE-1530 Emulsion anti-mousse - CREDIMEX<\/title>\n<meta name=\"description\" content=\"L&#039;\u00e9mulsion antimousse XIAMETER\u2122 AFE-1530 est une \u00e9mulsion de silicone de qualit\u00e9 alimentaire, active \u00e0 30 %. Cet antimousse est diluable \u00e0 l&#039;eau et est efficace dans les syst\u00e8mes chauds et froids.\" \/>\n<meta name=\"robots\" content=\"index, follow, max-snippet:-1, max-image-preview:large, max-video-preview:-1\" \/>\n<link rel=\"canonical\" href=\"https:\/\/www.credimex.ch\/fr\/produit\/xiameter-afe-1530-antifoam-emulsion-2\/\" \/>\n<meta property=\"og:locale\" content=\"fr_FR\" \/>\n<meta property=\"og:type\" content=\"article\" \/>\n<meta property=\"og:title\" content=\"XIAMETER AFE-1530 Emulsion anti-mousse\" \/>\n<meta property=\"og:description\" content=\"L&#039;\u00e9mulsion antimousse XIAMETER\u2122 AFE-1530 est une \u00e9mulsion de silicone de qualit\u00e9 alimentaire, active \u00e0 30 %. Cet antimousse est diluable \u00e0 l&#039;eau et est efficace dans les syst\u00e8mes chauds et froids.\" \/>\n<meta property=\"og:url\" content=\"https:\/\/www.credimex.ch\/fr\/produit\/xiameter-afe-1530-antifoam-emulsion-2\/\" \/>\n<meta property=\"og:site_name\" content=\"CREDIMEX\" \/>\n<meta property=\"article:publisher\" content=\"https:\/\/www.facebook.com\/credimex.alpnach\/\" \/>\n<meta property=\"og:image\" content=\"https:\/\/www.credimex.ch\/wp-content\/uploads\/2022\/06\/Xiameter.jpg\" \/>\n\t<meta property=\"og:image:width\" content=\"800\" \/>\n\t<meta property=\"og:image:height\" content=\"800\" \/>\n\t<meta property=\"og:image:type\" content=\"image\/jpeg\" \/>\n<meta name=\"twitter:card\" content=\"summary_large_image\" \/>\n<meta name=\"twitter:label1\" content=\"Dur\u00e9e de lecture estim\u00e9e\" \/>\n\t<meta name=\"twitter:data1\" content=\"1 minute\" \/>\n<script type=\"application\/ld+json\" class=\"yoast-schema-graph\">{\"@context\":\"https:\\\/\\\/schema.org\",\"@graph\":[{\"@type\":\"WebPage\",\"@id\":\"https:\\\/\\\/www.credimex.ch\\\/fr\\\/produit\\\/xiameter-afe-1530-antifoam-emulsion-2\\\/\",\"url\":\"https:\\\/\\\/www.credimex.ch\\\/fr\\\/produit\\\/xiameter-afe-1530-antifoam-emulsion-2\\\/\",\"name\":\"XIAMETER AFE-1530 Emulsion anti-mousse - CREDIMEX\",\"isPartOf\":{\"@id\":\"https:\\\/\\\/www.credimex.ch\\\/fr\\\/#website\"},\"primaryImageOfPage\":{\"@id\":\"https:\\\/\\\/www.credimex.ch\\\/fr\\\/produit\\\/xiameter-afe-1530-antifoam-emulsion-2\\\/#primaryimage\"},\"image\":{\"@id\":\"https:\\\/\\\/www.credimex.ch\\\/fr\\\/produit\\\/xiameter-afe-1530-antifoam-emulsion-2\\\/#primaryimage\"},\"thumbnailUrl\":\"https:\\\/\\\/www.credimex.ch\\\/wp-content\\\/uploads\\\/2022\\\/06\\\/Xiameter.jpg\",\"datePublished\":\"2022-08-24T14:11:25+00:00\",\"description\":\"L'\u00e9mulsion antimousse XIAMETER\u2122 AFE-1530 est une \u00e9mulsion de silicone de qualit\u00e9 alimentaire, active \u00e0 30 %. Cet antimousse est diluable \u00e0 l'eau et est efficace dans les syst\u00e8mes chauds et froids.\",\"breadcrumb\":{\"@id\":\"https:\\\/\\\/www.credimex.ch\\\/fr\\\/produit\\\/xiameter-afe-1530-antifoam-emulsion-2\\\/#breadcrumb\"},\"inLanguage\":\"fr-FR\",\"potentialAction\":[{\"@type\":\"ReadAction\",\"target\":[\"https:\\\/\\\/www.credimex.ch\\\/fr\\\/produit\\\/xiameter-afe-1530-antifoam-emulsion-2\\\/\"]}]},{\"@type\":\"ImageObject\",\"inLanguage\":\"fr-FR\",\"@id\":\"https:\\\/\\\/www.credimex.ch\\\/fr\\\/produit\\\/xiameter-afe-1530-antifoam-emulsion-2\\\/#primaryimage\",\"url\":\"https:\\\/\\\/www.credimex.ch\\\/wp-content\\\/uploads\\\/2022\\\/06\\\/Xiameter.jpg\",\"contentUrl\":\"https:\\\/\\\/www.credimex.ch\\\/wp-content\\\/uploads\\\/2022\\\/06\\\/Xiameter.jpg\",\"width\":800,\"height\":800},{\"@type\":\"BreadcrumbList\",\"@id\":\"https:\\\/\\\/www.credimex.ch\\\/fr\\\/produit\\\/xiameter-afe-1530-antifoam-emulsion-2\\\/#breadcrumb\",\"itemListElement\":[{\"@type\":\"ListItem\",\"position\":1,\"name\":\"Home\",\"item\":\"https:\\\/\\\/www.credimex.ch\\\/fr\\\/\"},{\"@type\":\"ListItem\",\"position\":2,\"name\":\"Produits\",\"item\":\"https:\\\/\\\/www.credimex.ch\\\/fr\\\/produits\\\/\"},{\"@type\":\"ListItem\",\"position\":3,\"name\":\"XIAMETER AFE-1530 Emulsion anti-mousse\"}]},{\"@type\":\"WebSite\",\"@id\":\"https:\\\/\\\/www.credimex.ch\\\/fr\\\/#website\",\"url\":\"https:\\\/\\\/www.credimex.ch\\\/fr\\\/\",\"name\":\"CREDIMEX\",\"description\":\"Partner of Swiss Industrial Market\",\"publisher\":{\"@id\":\"https:\\\/\\\/www.credimex.ch\\\/fr\\\/#organization\"},\"potentialAction\":[{\"@type\":\"SearchAction\",\"target\":{\"@type\":\"EntryPoint\",\"urlTemplate\":\"https:\\\/\\\/www.credimex.ch\\\/fr\\\/?s={search_term_string}\"},\"query-input\":{\"@type\":\"PropertyValueSpecification\",\"valueRequired\":true,\"valueName\":\"search_term_string\"}}],\"inLanguage\":\"fr-FR\"},{\"@type\":\"Organization\",\"@id\":\"https:\\\/\\\/www.credimex.ch\\\/fr\\\/#organization\",\"name\":\"credimex\",\"url\":\"https:\\\/\\\/www.credimex.ch\\\/fr\\\/\",\"logo\":{\"@type\":\"ImageObject\",\"inLanguage\":\"fr-FR\",\"@id\":\"https:\\\/\\\/www.credimex.ch\\\/fr\\\/#\\\/schema\\\/logo\\\/image\\\/\",\"url\":\"https:\\\/\\\/www.credimex.ch\\\/wp-content\\\/uploads\\\/2022\\\/03\\\/cropped-logo-credimex.png\",\"contentUrl\":\"https:\\\/\\\/www.credimex.ch\\\/wp-content\\\/uploads\\\/2022\\\/03\\\/cropped-logo-credimex.png\",\"width\":512,\"height\":512,\"caption\":\"credimex\"},\"image\":{\"@id\":\"https:\\\/\\\/www.credimex.ch\\\/fr\\\/#\\\/schema\\\/logo\\\/image\\\/\"},\"sameAs\":[\"https:\\\/\\\/www.facebook.com\\\/credimex.alpnach\\\/\",\"https:\\\/\\\/www.linkedin.com\\\/company\\\/credimex\\\/\",\"https:\\\/\\\/www.youtube.com\\\/@CREDIMEX?sub_confirmation=1\"]}]}<\/script>\n<!-- \/ Yoast SEO Premium plugin. -->","yoast_head_json":{"title":"XIAMETER AFE-1530 Emulsion anti-mousse - CREDIMEX","description":"L'\u00e9mulsion antimousse XIAMETER\u2122 AFE-1530 est une \u00e9mulsion de silicone de qualit\u00e9 alimentaire, active \u00e0 30 %. Cet antimousse est diluable \u00e0 l'eau et est efficace dans les syst\u00e8mes chauds et froids.","robots":{"index":"index","follow":"follow","max-snippet":"max-snippet:-1","max-image-preview":"max-image-preview:large","max-video-preview":"max-video-preview:-1"},"canonical":"https:\/\/www.credimex.ch\/fr\/produit\/xiameter-afe-1530-antifoam-emulsion-2\/","og_locale":"fr_FR","og_type":"article","og_title":"XIAMETER AFE-1530 Emulsion anti-mousse","og_description":"L'\u00e9mulsion antimousse XIAMETER\u2122 AFE-1530 est une \u00e9mulsion de silicone de qualit\u00e9 alimentaire, active \u00e0 30 %. Cet antimousse est diluable \u00e0 l'eau et est efficace dans les syst\u00e8mes chauds et froids.","og_url":"https:\/\/www.credimex.ch\/fr\/produit\/xiameter-afe-1530-antifoam-emulsion-2\/","og_site_name":"CREDIMEX","article_publisher":"https:\/\/www.facebook.com\/credimex.alpnach\/","og_image":[{"width":800,"height":800,"url":"https:\/\/www.credimex.ch\/wp-content\/uploads\/2022\/06\/Xiameter.jpg","type":"image\/jpeg"}],"twitter_card":"summary_large_image","twitter_misc":{"Dur\u00e9e de lecture estim\u00e9e":"1 minute"},"schema":{"@context":"https:\/\/schema.org","@graph":[{"@type":"WebPage","@id":"https:\/\/www.credimex.ch\/fr\/produit\/xiameter-afe-1530-antifoam-emulsion-2\/","url":"https:\/\/www.credimex.ch\/fr\/produit\/xiameter-afe-1530-antifoam-emulsion-2\/","name":"XIAMETER AFE-1530 Emulsion anti-mousse - CREDIMEX","isPartOf":{"@id":"https:\/\/www.credimex.ch\/fr\/#website"},"primaryImageOfPage":{"@id":"https:\/\/www.credimex.ch\/fr\/produit\/xiameter-afe-1530-antifoam-emulsion-2\/#primaryimage"},"image":{"@id":"https:\/\/www.credimex.ch\/fr\/produit\/xiameter-afe-1530-antifoam-emulsion-2\/#primaryimage"},"thumbnailUrl":"https:\/\/www.credimex.ch\/wp-content\/uploads\/2022\/06\/Xiameter.jpg","datePublished":"2022-08-24T14:11:25+00:00","description":"L'\u00e9mulsion antimousse XIAMETER\u2122 AFE-1530 est une \u00e9mulsion de silicone de qualit\u00e9 alimentaire, active \u00e0 30 %. Cet antimousse est diluable \u00e0 l'eau et est efficace dans les syst\u00e8mes chauds et froids.","breadcrumb":{"@id":"https:\/\/www.credimex.ch\/fr\/produit\/xiameter-afe-1530-antifoam-emulsion-2\/#breadcrumb"},"inLanguage":"fr-FR","potentialAction":[{"@type":"ReadAction","target":["https:\/\/www.credimex.ch\/fr\/produit\/xiameter-afe-1530-antifoam-emulsion-2\/"]}]},{"@type":"ImageObject","inLanguage":"fr-FR","@id":"https:\/\/www.credimex.ch\/fr\/produit\/xiameter-afe-1530-antifoam-emulsion-2\/#primaryimage","url":"https:\/\/www.credimex.ch\/wp-content\/uploads\/2022\/06\/Xiameter.jpg","contentUrl":"https:\/\/www.credimex.ch\/wp-content\/uploads\/2022\/06\/Xiameter.jpg","width":800,"height":800},{"@type":"BreadcrumbList","@id":"https:\/\/www.credimex.ch\/fr\/produit\/xiameter-afe-1530-antifoam-emulsion-2\/#breadcrumb","itemListElement":[{"@type":"ListItem","position":1,"name":"Home","item":"https:\/\/www.credimex.ch\/fr\/"},{"@type":"ListItem","position":2,"name":"Produits","item":"https:\/\/www.credimex.ch\/fr\/produits\/"},{"@type":"ListItem","position":3,"name":"XIAMETER AFE-1530 Emulsion anti-mousse"}]},{"@type":"WebSite","@id":"https:\/\/www.credimex.ch\/fr\/#website","url":"https:\/\/www.credimex.ch\/fr\/","name":"CREDIMEX","description":"Partner of Swiss Industrial Market","publisher":{"@id":"https:\/\/www.credimex.ch\/fr\/#organization"},"potentialAction":[{"@type":"SearchAction","target":{"@type":"EntryPoint","urlTemplate":"https:\/\/www.credimex.ch\/fr\/?s={search_term_string}"},"query-input":{"@type":"PropertyValueSpecification","valueRequired":true,"valueName":"search_term_string"}}],"inLanguage":"fr-FR"},{"@type":"Organization","@id":"https:\/\/www.credimex.ch\/fr\/#organization","name":"credimex","url":"https:\/\/www.credimex.ch\/fr\/","logo":{"@type":"ImageObject","inLanguage":"fr-FR","@id":"https:\/\/www.credimex.ch\/fr\/#\/schema\/logo\/image\/","url":"https:\/\/www.credimex.ch\/wp-content\/uploads\/2022\/03\/cropped-logo-credimex.png","contentUrl":"https:\/\/www.credimex.ch\/wp-content\/uploads\/2022\/03\/cropped-logo-credimex.png","width":512,"height":512,"caption":"credimex"},"image":{"@id":"https:\/\/www.credimex.ch\/fr\/#\/schema\/logo\/image\/"},"sameAs":["https:\/\/www.facebook.com\/credimex.alpnach\/","https:\/\/www.linkedin.com\/company\/credimex\/","https:\/\/www.youtube.com\/@CREDIMEX?sub_confirmation=1"]}]}},"_links":{"self":[{"href":"https:\/\/www.credimex.ch\/fr\/wp-json\/wp\/v2\/product\/3976","targetHints":{"allow":["GET"]}}],"collection":[{"href":"https:\/\/www.credimex.ch\/fr\/wp-json\/wp\/v2\/product"}],"about":[{"href":"https:\/\/www.credimex.ch\/fr\/wp-json\/wp\/v2\/types\/product"}],"replies":[{"embeddable":true,"href":"https:\/\/www.credimex.ch\/fr\/wp-json\/wp\/v2\/comments?post=3976"}],"wp:featuredmedia":[{"embeddable":true,"href":"https:\/\/www.credimex.ch\/fr\/wp-json\/wp\/v2\/media\/3638"}],"wp:attachment":[{"href":"https:\/\/www.credimex.ch\/fr\/wp-json\/wp\/v2\/media?parent=3976"}],"wp:term":[{"taxonomy":"product_brand","embeddable":true,"href":"https:\/\/www.credimex.ch\/fr\/wp-json\/wp\/v2\/product_brand?post=3976"},{"taxonomy":"product_cat","embeddable":true,"href":"https:\/\/www.credimex.ch\/fr\/wp-json\/wp\/v2\/product_cat?post=3976"},{"taxonomy":"product_tag","embeddable":true,"href":"https:\/\/www.credimex.ch\/fr\/wp-json\/wp\/v2\/product_tag?post=3976"}],"curies":[{"name":"wp","href":"https:\/\/api.w.org\/{rel}","templated":true}]}}