{"id":3978,"date":"2022-08-24T16:10:24","date_gmt":"2022-08-24T14:10:24","guid":{"rendered":"https:\/\/www.credimex.ch.mialias.net\/product\/xiameter-afe-1520-emulsion-anti-mousse\/"},"modified":"2022-08-24T16:10:24","modified_gmt":"2022-08-24T14:10:24","slug":"xiameter-afe-1520-antifoam-emulsion-2","status":"publish","type":"product","link":"https:\/\/www.credimex.ch\/fr\/produit\/xiameter-afe-1520-antifoam-emulsion-2\/","title":{"rendered":"XIAMETER AFE-1520 Emulsion anti-mousse"},"content":{"rendered":"<h2>Caract\u00e9ristiques<\/h2>\n<ul>\n<li>Diluable \u00e0 l&rsquo;eau<\/li>\n<li>Pr\u00e9vention des mousses dans les processus alimentaires et chimiques<\/li>\n<li>\u00c9conomique<\/li>\n<li>Facile \u00e0 utiliser<\/li>\n<li>Efficace dans les syst\u00e8mes chauds et froids<\/li>\n<li>Efficace \u00e0 faible concentration<\/li>\n<\/ul>\n<h2>Composition<\/h2>\n<ul>\n<li>Liquide blanc laiteux<\/li>\n<li>Emulsion de silicone<\/li>\n<\/ul>\n<h2>Applications<\/h2>\n<ul>\n<li>Traitement des aliments<\/li>\n<li>Produits chimiques<\/li>\n<li>Produits agrochimiques<\/li>\n<li>Fabrication de boissons<\/li>\n<li>Applications pour la viande, la volaille et les fruits de mer<\/li>\n<li>Op\u00e9rations de fermentation chimique<\/li>\n<li>Traitement des eaux us\u00e9es<\/li>\n<li>Transformation des l\u00e9gumes<\/li>\n<\/ul>\n","protected":false},"excerpt":{"rendered":"<p>XIAMETER\u2122 AFE-1520 Emulsion antimousse est une \u00e9mulsion de silicone de qualit\u00e9 alimentaire \u00e0 20 % d&rsquo;activit\u00e9, con\u00e7ue pour contr\u00f4ler la mousse dans les syst\u00e8mes aqueux chauds et froids. Il est efficace \u00e0 faible concentration et est conforme \u00e0 diverses r\u00e9glementations alimentaires et EPA. Convient pour la viande, les fruits de mer, la volaille, le traitement des boissons v\u00e9g\u00e9tales, la fermentation, l&rsquo;agrochimie et le traitement de l&rsquo;eau.<\/p>\n","protected":false},"featured_media":3638,"comment_status":"open","ping_status":"closed","template":"","meta":{"_acf_changed":false},"product_brand":[],"product_cat":[538,361,537],"product_tag":[],"class_list":{"0":"post-3978","1":"product","2":"type-product","3":"status-publish","4":"has-post-thumbnail","6":"product_cat-antimousses","7":"product_cat-industrie-alimentaire","8":"product_cat-xiameter","9":"pa_brands-xiameter-fr","11":"first","12":"instock","13":"shipping-taxable","14":"product-type-simple"},"acf":[],"_yoast_wpseo_focuskw":"XIAM\u00c8TRE AFE-1520","_yoast_wpseo_metadesc":"XIAMETER\u2122 AFE-1520 Emulsion antimousse est une \u00e9mulsion de silicone \u00e0 20 % d'activit\u00e9, de qualit\u00e9 alimentaire, utilis\u00e9e pour la pr\u00e9vention de la mousse dans l'industrie alimentaire.","yoast_head":"<!-- This site is optimized with the Yoast SEO Premium plugin v21.6 (Yoast SEO v27.4) - https:\/\/yoast.com\/product\/yoast-seo-premium-wordpress\/ -->\n<title>XIAMETER AFE-1520 Emulsion anti-mousse - CREDIMEX<\/title>\n<meta name=\"description\" content=\"XIAMETER\u2122 AFE-1520 Emulsion antimousse est une \u00e9mulsion de silicone \u00e0 20 % d&#039;activit\u00e9, de qualit\u00e9 alimentaire, utilis\u00e9e pour la pr\u00e9vention de la mousse dans l&#039;industrie alimentaire.\" \/>\n<meta name=\"robots\" content=\"index, follow, max-snippet:-1, max-image-preview:large, max-video-preview:-1\" \/>\n<link rel=\"canonical\" href=\"https:\/\/www.credimex.ch\/fr\/produit\/xiameter-afe-1520-antifoam-emulsion-2\/\" \/>\n<meta property=\"og:locale\" content=\"fr_FR\" \/>\n<meta property=\"og:type\" content=\"article\" \/>\n<meta property=\"og:title\" content=\"XIAMETER AFE-1520 Emulsion anti-mousse\" \/>\n<meta property=\"og:description\" content=\"XIAMETER\u2122 AFE-1520 Emulsion antimousse est une \u00e9mulsion de silicone \u00e0 20 % d&#039;activit\u00e9, de qualit\u00e9 alimentaire, utilis\u00e9e pour la pr\u00e9vention de la mousse dans l&#039;industrie alimentaire.\" \/>\n<meta property=\"og:url\" content=\"https:\/\/www.credimex.ch\/fr\/produit\/xiameter-afe-1520-antifoam-emulsion-2\/\" \/>\n<meta property=\"og:site_name\" content=\"CREDIMEX\" \/>\n<meta property=\"article:publisher\" content=\"https:\/\/www.facebook.com\/credimex.alpnach\/\" \/>\n<meta property=\"og:image\" content=\"https:\/\/www.credimex.ch\/wp-content\/uploads\/2022\/06\/Xiameter.jpg\" \/>\n\t<meta property=\"og:image:width\" content=\"800\" \/>\n\t<meta property=\"og:image:height\" content=\"800\" \/>\n\t<meta property=\"og:image:type\" content=\"image\/jpeg\" \/>\n<meta name=\"twitter:card\" content=\"summary_large_image\" \/>\n<script type=\"application\/ld+json\" class=\"yoast-schema-graph\">{\"@context\":\"https:\\\/\\\/schema.org\",\"@graph\":[{\"@type\":\"WebPage\",\"@id\":\"https:\\\/\\\/www.credimex.ch\\\/fr\\\/produit\\\/xiameter-afe-1520-antifoam-emulsion-2\\\/\",\"url\":\"https:\\\/\\\/www.credimex.ch\\\/fr\\\/produit\\\/xiameter-afe-1520-antifoam-emulsion-2\\\/\",\"name\":\"XIAMETER AFE-1520 Emulsion anti-mousse - CREDIMEX\",\"isPartOf\":{\"@id\":\"https:\\\/\\\/www.credimex.ch\\\/fr\\\/#website\"},\"primaryImageOfPage\":{\"@id\":\"https:\\\/\\\/www.credimex.ch\\\/fr\\\/produit\\\/xiameter-afe-1520-antifoam-emulsion-2\\\/#primaryimage\"},\"image\":{\"@id\":\"https:\\\/\\\/www.credimex.ch\\\/fr\\\/produit\\\/xiameter-afe-1520-antifoam-emulsion-2\\\/#primaryimage\"},\"thumbnailUrl\":\"https:\\\/\\\/www.credimex.ch\\\/wp-content\\\/uploads\\\/2022\\\/06\\\/Xiameter.jpg\",\"datePublished\":\"2022-08-24T14:10:24+00:00\",\"description\":\"XIAMETER\u2122 AFE-1520 Emulsion antimousse est une \u00e9mulsion de silicone \u00e0 20 % d'activit\u00e9, de qualit\u00e9 alimentaire, utilis\u00e9e pour la pr\u00e9vention de la mousse dans l'industrie alimentaire.\",\"breadcrumb\":{\"@id\":\"https:\\\/\\\/www.credimex.ch\\\/fr\\\/produit\\\/xiameter-afe-1520-antifoam-emulsion-2\\\/#breadcrumb\"},\"inLanguage\":\"fr-FR\",\"potentialAction\":[{\"@type\":\"ReadAction\",\"target\":[\"https:\\\/\\\/www.credimex.ch\\\/fr\\\/produit\\\/xiameter-afe-1520-antifoam-emulsion-2\\\/\"]}]},{\"@type\":\"ImageObject\",\"inLanguage\":\"fr-FR\",\"@id\":\"https:\\\/\\\/www.credimex.ch\\\/fr\\\/produit\\\/xiameter-afe-1520-antifoam-emulsion-2\\\/#primaryimage\",\"url\":\"https:\\\/\\\/www.credimex.ch\\\/wp-content\\\/uploads\\\/2022\\\/06\\\/Xiameter.jpg\",\"contentUrl\":\"https:\\\/\\\/www.credimex.ch\\\/wp-content\\\/uploads\\\/2022\\\/06\\\/Xiameter.jpg\",\"width\":800,\"height\":800},{\"@type\":\"BreadcrumbList\",\"@id\":\"https:\\\/\\\/www.credimex.ch\\\/fr\\\/produit\\\/xiameter-afe-1520-antifoam-emulsion-2\\\/#breadcrumb\",\"itemListElement\":[{\"@type\":\"ListItem\",\"position\":1,\"name\":\"Home\",\"item\":\"https:\\\/\\\/www.credimex.ch\\\/fr\\\/\"},{\"@type\":\"ListItem\",\"position\":2,\"name\":\"Produits\",\"item\":\"https:\\\/\\\/www.credimex.ch\\\/fr\\\/produits\\\/\"},{\"@type\":\"ListItem\",\"position\":3,\"name\":\"XIAMETER AFE-1520 Emulsion anti-mousse\"}]},{\"@type\":\"WebSite\",\"@id\":\"https:\\\/\\\/www.credimex.ch\\\/fr\\\/#website\",\"url\":\"https:\\\/\\\/www.credimex.ch\\\/fr\\\/\",\"name\":\"CREDIMEX\",\"description\":\"Partner of Swiss Industrial Market\",\"publisher\":{\"@id\":\"https:\\\/\\\/www.credimex.ch\\\/fr\\\/#organization\"},\"potentialAction\":[{\"@type\":\"SearchAction\",\"target\":{\"@type\":\"EntryPoint\",\"urlTemplate\":\"https:\\\/\\\/www.credimex.ch\\\/fr\\\/?s={search_term_string}\"},\"query-input\":{\"@type\":\"PropertyValueSpecification\",\"valueRequired\":true,\"valueName\":\"search_term_string\"}}],\"inLanguage\":\"fr-FR\"},{\"@type\":\"Organization\",\"@id\":\"https:\\\/\\\/www.credimex.ch\\\/fr\\\/#organization\",\"name\":\"credimex\",\"url\":\"https:\\\/\\\/www.credimex.ch\\\/fr\\\/\",\"logo\":{\"@type\":\"ImageObject\",\"inLanguage\":\"fr-FR\",\"@id\":\"https:\\\/\\\/www.credimex.ch\\\/fr\\\/#\\\/schema\\\/logo\\\/image\\\/\",\"url\":\"https:\\\/\\\/www.credimex.ch\\\/wp-content\\\/uploads\\\/2022\\\/03\\\/cropped-logo-credimex.png\",\"contentUrl\":\"https:\\\/\\\/www.credimex.ch\\\/wp-content\\\/uploads\\\/2022\\\/03\\\/cropped-logo-credimex.png\",\"width\":512,\"height\":512,\"caption\":\"credimex\"},\"image\":{\"@id\":\"https:\\\/\\\/www.credimex.ch\\\/fr\\\/#\\\/schema\\\/logo\\\/image\\\/\"},\"sameAs\":[\"https:\\\/\\\/www.facebook.com\\\/credimex.alpnach\\\/\",\"https:\\\/\\\/www.linkedin.com\\\/company\\\/credimex\\\/\",\"https:\\\/\\\/www.youtube.com\\\/@CREDIMEX?sub_confirmation=1\"]}]}<\/script>\n<!-- \/ Yoast SEO Premium plugin. -->","yoast_head_json":{"title":"XIAMETER AFE-1520 Emulsion anti-mousse - CREDIMEX","description":"XIAMETER\u2122 AFE-1520 Emulsion antimousse est une \u00e9mulsion de silicone \u00e0 20 % d'activit\u00e9, de qualit\u00e9 alimentaire, utilis\u00e9e pour la pr\u00e9vention de la mousse dans l'industrie alimentaire.","robots":{"index":"index","follow":"follow","max-snippet":"max-snippet:-1","max-image-preview":"max-image-preview:large","max-video-preview":"max-video-preview:-1"},"canonical":"https:\/\/www.credimex.ch\/fr\/produit\/xiameter-afe-1520-antifoam-emulsion-2\/","og_locale":"fr_FR","og_type":"article","og_title":"XIAMETER AFE-1520 Emulsion anti-mousse","og_description":"XIAMETER\u2122 AFE-1520 Emulsion antimousse est une \u00e9mulsion de silicone \u00e0 20 % d'activit\u00e9, de qualit\u00e9 alimentaire, utilis\u00e9e pour la pr\u00e9vention de la mousse dans l'industrie alimentaire.","og_url":"https:\/\/www.credimex.ch\/fr\/produit\/xiameter-afe-1520-antifoam-emulsion-2\/","og_site_name":"CREDIMEX","article_publisher":"https:\/\/www.facebook.com\/credimex.alpnach\/","og_image":[{"width":800,"height":800,"url":"https:\/\/www.credimex.ch\/wp-content\/uploads\/2022\/06\/Xiameter.jpg","type":"image\/jpeg"}],"twitter_card":"summary_large_image","schema":{"@context":"https:\/\/schema.org","@graph":[{"@type":"WebPage","@id":"https:\/\/www.credimex.ch\/fr\/produit\/xiameter-afe-1520-antifoam-emulsion-2\/","url":"https:\/\/www.credimex.ch\/fr\/produit\/xiameter-afe-1520-antifoam-emulsion-2\/","name":"XIAMETER AFE-1520 Emulsion anti-mousse - CREDIMEX","isPartOf":{"@id":"https:\/\/www.credimex.ch\/fr\/#website"},"primaryImageOfPage":{"@id":"https:\/\/www.credimex.ch\/fr\/produit\/xiameter-afe-1520-antifoam-emulsion-2\/#primaryimage"},"image":{"@id":"https:\/\/www.credimex.ch\/fr\/produit\/xiameter-afe-1520-antifoam-emulsion-2\/#primaryimage"},"thumbnailUrl":"https:\/\/www.credimex.ch\/wp-content\/uploads\/2022\/06\/Xiameter.jpg","datePublished":"2022-08-24T14:10:24+00:00","description":"XIAMETER\u2122 AFE-1520 Emulsion antimousse est une \u00e9mulsion de silicone \u00e0 20 % d'activit\u00e9, de qualit\u00e9 alimentaire, utilis\u00e9e pour la pr\u00e9vention de la mousse dans l'industrie alimentaire.","breadcrumb":{"@id":"https:\/\/www.credimex.ch\/fr\/produit\/xiameter-afe-1520-antifoam-emulsion-2\/#breadcrumb"},"inLanguage":"fr-FR","potentialAction":[{"@type":"ReadAction","target":["https:\/\/www.credimex.ch\/fr\/produit\/xiameter-afe-1520-antifoam-emulsion-2\/"]}]},{"@type":"ImageObject","inLanguage":"fr-FR","@id":"https:\/\/www.credimex.ch\/fr\/produit\/xiameter-afe-1520-antifoam-emulsion-2\/#primaryimage","url":"https:\/\/www.credimex.ch\/wp-content\/uploads\/2022\/06\/Xiameter.jpg","contentUrl":"https:\/\/www.credimex.ch\/wp-content\/uploads\/2022\/06\/Xiameter.jpg","width":800,"height":800},{"@type":"BreadcrumbList","@id":"https:\/\/www.credimex.ch\/fr\/produit\/xiameter-afe-1520-antifoam-emulsion-2\/#breadcrumb","itemListElement":[{"@type":"ListItem","position":1,"name":"Home","item":"https:\/\/www.credimex.ch\/fr\/"},{"@type":"ListItem","position":2,"name":"Produits","item":"https:\/\/www.credimex.ch\/fr\/produits\/"},{"@type":"ListItem","position":3,"name":"XIAMETER AFE-1520 Emulsion anti-mousse"}]},{"@type":"WebSite","@id":"https:\/\/www.credimex.ch\/fr\/#website","url":"https:\/\/www.credimex.ch\/fr\/","name":"CREDIMEX","description":"Partner of Swiss Industrial Market","publisher":{"@id":"https:\/\/www.credimex.ch\/fr\/#organization"},"potentialAction":[{"@type":"SearchAction","target":{"@type":"EntryPoint","urlTemplate":"https:\/\/www.credimex.ch\/fr\/?s={search_term_string}"},"query-input":{"@type":"PropertyValueSpecification","valueRequired":true,"valueName":"search_term_string"}}],"inLanguage":"fr-FR"},{"@type":"Organization","@id":"https:\/\/www.credimex.ch\/fr\/#organization","name":"credimex","url":"https:\/\/www.credimex.ch\/fr\/","logo":{"@type":"ImageObject","inLanguage":"fr-FR","@id":"https:\/\/www.credimex.ch\/fr\/#\/schema\/logo\/image\/","url":"https:\/\/www.credimex.ch\/wp-content\/uploads\/2022\/03\/cropped-logo-credimex.png","contentUrl":"https:\/\/www.credimex.ch\/wp-content\/uploads\/2022\/03\/cropped-logo-credimex.png","width":512,"height":512,"caption":"credimex"},"image":{"@id":"https:\/\/www.credimex.ch\/fr\/#\/schema\/logo\/image\/"},"sameAs":["https:\/\/www.facebook.com\/credimex.alpnach\/","https:\/\/www.linkedin.com\/company\/credimex\/","https:\/\/www.youtube.com\/@CREDIMEX?sub_confirmation=1"]}]}},"_links":{"self":[{"href":"https:\/\/www.credimex.ch\/fr\/wp-json\/wp\/v2\/product\/3978","targetHints":{"allow":["GET"]}}],"collection":[{"href":"https:\/\/www.credimex.ch\/fr\/wp-json\/wp\/v2\/product"}],"about":[{"href":"https:\/\/www.credimex.ch\/fr\/wp-json\/wp\/v2\/types\/product"}],"replies":[{"embeddable":true,"href":"https:\/\/www.credimex.ch\/fr\/wp-json\/wp\/v2\/comments?post=3978"}],"wp:featuredmedia":[{"embeddable":true,"href":"https:\/\/www.credimex.ch\/fr\/wp-json\/wp\/v2\/media\/3638"}],"wp:attachment":[{"href":"https:\/\/www.credimex.ch\/fr\/wp-json\/wp\/v2\/media?parent=3978"}],"wp:term":[{"taxonomy":"product_brand","embeddable":true,"href":"https:\/\/www.credimex.ch\/fr\/wp-json\/wp\/v2\/product_brand?post=3978"},{"taxonomy":"product_cat","embeddable":true,"href":"https:\/\/www.credimex.ch\/fr\/wp-json\/wp\/v2\/product_cat?post=3978"},{"taxonomy":"product_tag","embeddable":true,"href":"https:\/\/www.credimex.ch\/fr\/wp-json\/wp\/v2\/product_tag?post=3978"}],"curies":[{"name":"wp","href":"https:\/\/api.w.org\/{rel}","templated":true}]}}