{"id":3982,"date":"2022-08-10T16:10:03","date_gmt":"2022-08-10T14:10:03","guid":{"rendered":"https:\/\/www.credimex.ch.mialias.net\/product\/aditech-des-solutions-sur-mesure\/"},"modified":"2023-04-04T15:00:40","modified_gmt":"2023-04-04T13:00:40","slug":"aditech-costumized-solutions-2","status":"publish","type":"product","link":"https:\/\/www.credimex.ch\/fr\/produit\/aditech-costumized-solutions-2\/","title":{"rendered":"Aditech : des solutions sur mesure"},"content":{"rendered":"<p>Notre gamme de ressorts \u00e0 gaz, fabriqu\u00e9s en collaboration avec Aditech, est une solution fiable et efficace pour une multitude d&rsquo;applications. Nous proposons une large gamme de ressorts \u00e0 gaz adapt\u00e9s aux besoins sp\u00e9cifiques de nos clients.<\/p>\n<p>Nos ressorts \u00e0 gaz sont disponibles dans diff\u00e9rentes tailles et capacit\u00e9s et peuvent \u00eatre personnalis\u00e9s en fonction des besoins. Ils sont fabriqu\u00e9s \u00e0 partir de mat\u00e9riaux de haute qualit\u00e9 et soumis \u00e0 des contr\u00f4les de qualit\u00e9 stricts afin de garantir une longue dur\u00e9e de vie et des performances fiables.<\/p>\n<p>Nos ressorts \u00e0 gaz sont polyvalents et trouvent des applications dans un grand nombre de secteurs, notamment l&rsquo;automobile, l&rsquo;a\u00e9ronautique, l&rsquo;ameublement et l&rsquo;industrie m\u00e9canique. Ils sont id\u00e9aux pour des applications telles que l&rsquo;ouverture et la fermeture de portes, de trappes, de couvercles et de capots, ainsi que pour le soutien d&rsquo;installations et d&rsquo;\u00e9quipements.<\/p>\n<p>Notre \u00e9quipe exp\u00e9riment\u00e9e est \u00e0 votre disposition pour vous aider \u00e0 choisir et \u00e0 configurer le ressort \u00e0 gaz le mieux adapt\u00e9 \u00e0 vos besoins. Nous travaillons en \u00e9troite collaboration avec Aditech afin de garantir que chaque ressort \u00e0 gaz est parfaitement adapt\u00e9 \u00e0 vos besoins. Nous offrons \u00e9galement une livraison rapide et un excellent service \u00e0 la client\u00e8le afin de garantir que vous soyez enti\u00e8rement satisfait de votre achat.<\/p>\n<p>Dans l&rsquo;ensemble, nos ressorts \u00e0 gaz offrent une solution fiable, durable et efficace pour une grande vari\u00e9t\u00e9 d&rsquo;applications. Si vous \u00eates \u00e0 la recherche d&rsquo;un ressort \u00e0 gaz de haute qualit\u00e9 qui r\u00e9pond \u00e0 vos besoins, n&rsquo;h\u00e9sitez pas \u00e0 nous contacter. Nous sommes pr\u00eats \u00e0 vous aider \u00e0 trouver le ressort \u00e0 gaz parfait pour votre application.<\/p>\n","protected":false},"excerpt":{"rendered":"<p>Nous proposons des ressorts \u00e0 gaz sur mesure en collaboration avec Aditech &#8211; pour des exigences sp\u00e9cifiques ou des applications standard. Faites confiance \u00e0 notre longue exp\u00e9rience et \u00e0 notre comp\u00e9tence.<\/p>\n","protected":false},"featured_media":6046,"comment_status":"open","ping_status":"closed","template":"","meta":{"_acf_changed":false},"product_brand":[],"product_cat":[543,544],"product_tag":[],"class_list":{"0":"post-3982","1":"product","2":"type-product","3":"status-publish","4":"has-post-thumbnail","6":"product_cat-aditech","7":"product_cat-ressorts-a-gaz","9":"first","10":"instock","11":"shipping-taxable","12":"product-type-simple"},"acf":[],"_yoast_wpseo_focuskw":"Ressort \u00e0 gaz Aditech","_yoast_wpseo_metadesc":null,"yoast_head":"<!-- This site is optimized with the Yoast SEO Premium plugin v21.6 (Yoast SEO v27.4) - https:\/\/yoast.com\/product\/yoast-seo-premium-wordpress\/ -->\n<title>Aditech : des solutions sur mesure - CREDIMEX<\/title>\n<meta name=\"robots\" content=\"index, follow, max-snippet:-1, max-image-preview:large, max-video-preview:-1\" \/>\n<link rel=\"canonical\" href=\"https:\/\/www.credimex.ch\/fr\/produit\/aditech-costumized-solutions-2\/\" \/>\n<meta property=\"og:locale\" content=\"fr_FR\" \/>\n<meta property=\"og:type\" content=\"article\" \/>\n<meta property=\"og:title\" content=\"Aditech : des solutions sur mesure\" \/>\n<meta property=\"og:description\" content=\"Nous proposons des ressorts \u00e0 gaz sur mesure en collaboration avec Aditech - pour des exigences sp\u00e9cifiques ou des applications standard. Faites confiance \u00e0 notre longue exp\u00e9rience et \u00e0 notre comp\u00e9tence.\" \/>\n<meta property=\"og:url\" content=\"https:\/\/www.credimex.ch\/fr\/produit\/aditech-costumized-solutions-2\/\" \/>\n<meta property=\"og:site_name\" content=\"CREDIMEX\" \/>\n<meta property=\"article:publisher\" content=\"https:\/\/www.facebook.com\/credimex.alpnach\/\" \/>\n<meta property=\"article:modified_time\" content=\"2023-04-04T13:00:40+00:00\" \/>\n<meta property=\"og:image\" content=\"https:\/\/www.credimex.ch\/wp-content\/uploads\/2023\/03\/0J8A9927-Bearbeitet-scaled.jpg\" \/>\n\t<meta property=\"og:image:width\" content=\"2560\" \/>\n\t<meta property=\"og:image:height\" content=\"1706\" \/>\n\t<meta property=\"og:image:type\" content=\"image\/jpeg\" \/>\n<meta name=\"twitter:card\" content=\"summary_large_image\" \/>\n<meta name=\"twitter:label1\" content=\"Dur\u00e9e de lecture estim\u00e9e\" \/>\n\t<meta name=\"twitter:data1\" content=\"1 minute\" \/>\n<script type=\"application\/ld+json\" class=\"yoast-schema-graph\">{\"@context\":\"https:\\\/\\\/schema.org\",\"@graph\":[{\"@type\":\"WebPage\",\"@id\":\"https:\\\/\\\/www.credimex.ch\\\/fr\\\/produit\\\/aditech-costumized-solutions-2\\\/\",\"url\":\"https:\\\/\\\/www.credimex.ch\\\/fr\\\/produit\\\/aditech-costumized-solutions-2\\\/\",\"name\":\"Aditech : des solutions sur mesure - CREDIMEX\",\"isPartOf\":{\"@id\":\"https:\\\/\\\/www.credimex.ch\\\/fr\\\/#website\"},\"primaryImageOfPage\":{\"@id\":\"https:\\\/\\\/www.credimex.ch\\\/fr\\\/produit\\\/aditech-costumized-solutions-2\\\/#primaryimage\"},\"image\":{\"@id\":\"https:\\\/\\\/www.credimex.ch\\\/fr\\\/produit\\\/aditech-costumized-solutions-2\\\/#primaryimage\"},\"thumbnailUrl\":\"https:\\\/\\\/www.credimex.ch\\\/wp-content\\\/uploads\\\/2023\\\/03\\\/0J8A9927-Bearbeitet-scaled.jpg\",\"datePublished\":\"2022-08-10T14:10:03+00:00\",\"dateModified\":\"2023-04-04T13:00:40+00:00\",\"breadcrumb\":{\"@id\":\"https:\\\/\\\/www.credimex.ch\\\/fr\\\/produit\\\/aditech-costumized-solutions-2\\\/#breadcrumb\"},\"inLanguage\":\"fr-FR\",\"potentialAction\":[{\"@type\":\"ReadAction\",\"target\":[\"https:\\\/\\\/www.credimex.ch\\\/fr\\\/produit\\\/aditech-costumized-solutions-2\\\/\"]}]},{\"@type\":\"ImageObject\",\"inLanguage\":\"fr-FR\",\"@id\":\"https:\\\/\\\/www.credimex.ch\\\/fr\\\/produit\\\/aditech-costumized-solutions-2\\\/#primaryimage\",\"url\":\"https:\\\/\\\/www.credimex.ch\\\/wp-content\\\/uploads\\\/2023\\\/03\\\/0J8A9927-Bearbeitet-scaled.jpg\",\"contentUrl\":\"https:\\\/\\\/www.credimex.ch\\\/wp-content\\\/uploads\\\/2023\\\/03\\\/0J8A9927-Bearbeitet-scaled.jpg\",\"width\":2560,\"height\":1706},{\"@type\":\"BreadcrumbList\",\"@id\":\"https:\\\/\\\/www.credimex.ch\\\/fr\\\/produit\\\/aditech-costumized-solutions-2\\\/#breadcrumb\",\"itemListElement\":[{\"@type\":\"ListItem\",\"position\":1,\"name\":\"Home\",\"item\":\"https:\\\/\\\/www.credimex.ch\\\/fr\\\/\"},{\"@type\":\"ListItem\",\"position\":2,\"name\":\"Produits\",\"item\":\"https:\\\/\\\/www.credimex.ch\\\/fr\\\/produits\\\/\"},{\"@type\":\"ListItem\",\"position\":3,\"name\":\"Aditech : des solutions sur mesure\"}]},{\"@type\":\"WebSite\",\"@id\":\"https:\\\/\\\/www.credimex.ch\\\/fr\\\/#website\",\"url\":\"https:\\\/\\\/www.credimex.ch\\\/fr\\\/\",\"name\":\"CREDIMEX\",\"description\":\"Partner of Swiss Industrial Market\",\"publisher\":{\"@id\":\"https:\\\/\\\/www.credimex.ch\\\/fr\\\/#organization\"},\"potentialAction\":[{\"@type\":\"SearchAction\",\"target\":{\"@type\":\"EntryPoint\",\"urlTemplate\":\"https:\\\/\\\/www.credimex.ch\\\/fr\\\/?s={search_term_string}\"},\"query-input\":{\"@type\":\"PropertyValueSpecification\",\"valueRequired\":true,\"valueName\":\"search_term_string\"}}],\"inLanguage\":\"fr-FR\"},{\"@type\":\"Organization\",\"@id\":\"https:\\\/\\\/www.credimex.ch\\\/fr\\\/#organization\",\"name\":\"credimex\",\"url\":\"https:\\\/\\\/www.credimex.ch\\\/fr\\\/\",\"logo\":{\"@type\":\"ImageObject\",\"inLanguage\":\"fr-FR\",\"@id\":\"https:\\\/\\\/www.credimex.ch\\\/fr\\\/#\\\/schema\\\/logo\\\/image\\\/\",\"url\":\"https:\\\/\\\/www.credimex.ch\\\/wp-content\\\/uploads\\\/2022\\\/03\\\/cropped-logo-credimex.png\",\"contentUrl\":\"https:\\\/\\\/www.credimex.ch\\\/wp-content\\\/uploads\\\/2022\\\/03\\\/cropped-logo-credimex.png\",\"width\":512,\"height\":512,\"caption\":\"credimex\"},\"image\":{\"@id\":\"https:\\\/\\\/www.credimex.ch\\\/fr\\\/#\\\/schema\\\/logo\\\/image\\\/\"},\"sameAs\":[\"https:\\\/\\\/www.facebook.com\\\/credimex.alpnach\\\/\",\"https:\\\/\\\/www.linkedin.com\\\/company\\\/credimex\\\/\",\"https:\\\/\\\/www.youtube.com\\\/@CREDIMEX?sub_confirmation=1\"]}]}<\/script>\n<!-- \/ Yoast SEO Premium plugin. -->","yoast_head_json":{"title":"Aditech : des solutions sur mesure - CREDIMEX","robots":{"index":"index","follow":"follow","max-snippet":"max-snippet:-1","max-image-preview":"max-image-preview:large","max-video-preview":"max-video-preview:-1"},"canonical":"https:\/\/www.credimex.ch\/fr\/produit\/aditech-costumized-solutions-2\/","og_locale":"fr_FR","og_type":"article","og_title":"Aditech : des solutions sur mesure","og_description":"Nous proposons des ressorts \u00e0 gaz sur mesure en collaboration avec Aditech - pour des exigences sp\u00e9cifiques ou des applications standard. Faites confiance \u00e0 notre longue exp\u00e9rience et \u00e0 notre comp\u00e9tence.","og_url":"https:\/\/www.credimex.ch\/fr\/produit\/aditech-costumized-solutions-2\/","og_site_name":"CREDIMEX","article_publisher":"https:\/\/www.facebook.com\/credimex.alpnach\/","article_modified_time":"2023-04-04T13:00:40+00:00","og_image":[{"width":2560,"height":1706,"url":"https:\/\/www.credimex.ch\/wp-content\/uploads\/2023\/03\/0J8A9927-Bearbeitet-scaled.jpg","type":"image\/jpeg"}],"twitter_card":"summary_large_image","twitter_misc":{"Dur\u00e9e de lecture estim\u00e9e":"1 minute"},"schema":{"@context":"https:\/\/schema.org","@graph":[{"@type":"WebPage","@id":"https:\/\/www.credimex.ch\/fr\/produit\/aditech-costumized-solutions-2\/","url":"https:\/\/www.credimex.ch\/fr\/produit\/aditech-costumized-solutions-2\/","name":"Aditech : des solutions sur mesure - CREDIMEX","isPartOf":{"@id":"https:\/\/www.credimex.ch\/fr\/#website"},"primaryImageOfPage":{"@id":"https:\/\/www.credimex.ch\/fr\/produit\/aditech-costumized-solutions-2\/#primaryimage"},"image":{"@id":"https:\/\/www.credimex.ch\/fr\/produit\/aditech-costumized-solutions-2\/#primaryimage"},"thumbnailUrl":"https:\/\/www.credimex.ch\/wp-content\/uploads\/2023\/03\/0J8A9927-Bearbeitet-scaled.jpg","datePublished":"2022-08-10T14:10:03+00:00","dateModified":"2023-04-04T13:00:40+00:00","breadcrumb":{"@id":"https:\/\/www.credimex.ch\/fr\/produit\/aditech-costumized-solutions-2\/#breadcrumb"},"inLanguage":"fr-FR","potentialAction":[{"@type":"ReadAction","target":["https:\/\/www.credimex.ch\/fr\/produit\/aditech-costumized-solutions-2\/"]}]},{"@type":"ImageObject","inLanguage":"fr-FR","@id":"https:\/\/www.credimex.ch\/fr\/produit\/aditech-costumized-solutions-2\/#primaryimage","url":"https:\/\/www.credimex.ch\/wp-content\/uploads\/2023\/03\/0J8A9927-Bearbeitet-scaled.jpg","contentUrl":"https:\/\/www.credimex.ch\/wp-content\/uploads\/2023\/03\/0J8A9927-Bearbeitet-scaled.jpg","width":2560,"height":1706},{"@type":"BreadcrumbList","@id":"https:\/\/www.credimex.ch\/fr\/produit\/aditech-costumized-solutions-2\/#breadcrumb","itemListElement":[{"@type":"ListItem","position":1,"name":"Home","item":"https:\/\/www.credimex.ch\/fr\/"},{"@type":"ListItem","position":2,"name":"Produits","item":"https:\/\/www.credimex.ch\/fr\/produits\/"},{"@type":"ListItem","position":3,"name":"Aditech : des solutions sur mesure"}]},{"@type":"WebSite","@id":"https:\/\/www.credimex.ch\/fr\/#website","url":"https:\/\/www.credimex.ch\/fr\/","name":"CREDIMEX","description":"Partner of Swiss Industrial Market","publisher":{"@id":"https:\/\/www.credimex.ch\/fr\/#organization"},"potentialAction":[{"@type":"SearchAction","target":{"@type":"EntryPoint","urlTemplate":"https:\/\/www.credimex.ch\/fr\/?s={search_term_string}"},"query-input":{"@type":"PropertyValueSpecification","valueRequired":true,"valueName":"search_term_string"}}],"inLanguage":"fr-FR"},{"@type":"Organization","@id":"https:\/\/www.credimex.ch\/fr\/#organization","name":"credimex","url":"https:\/\/www.credimex.ch\/fr\/","logo":{"@type":"ImageObject","inLanguage":"fr-FR","@id":"https:\/\/www.credimex.ch\/fr\/#\/schema\/logo\/image\/","url":"https:\/\/www.credimex.ch\/wp-content\/uploads\/2022\/03\/cropped-logo-credimex.png","contentUrl":"https:\/\/www.credimex.ch\/wp-content\/uploads\/2022\/03\/cropped-logo-credimex.png","width":512,"height":512,"caption":"credimex"},"image":{"@id":"https:\/\/www.credimex.ch\/fr\/#\/schema\/logo\/image\/"},"sameAs":["https:\/\/www.facebook.com\/credimex.alpnach\/","https:\/\/www.linkedin.com\/company\/credimex\/","https:\/\/www.youtube.com\/@CREDIMEX?sub_confirmation=1"]}]}},"_links":{"self":[{"href":"https:\/\/www.credimex.ch\/fr\/wp-json\/wp\/v2\/product\/3982","targetHints":{"allow":["GET"]}}],"collection":[{"href":"https:\/\/www.credimex.ch\/fr\/wp-json\/wp\/v2\/product"}],"about":[{"href":"https:\/\/www.credimex.ch\/fr\/wp-json\/wp\/v2\/types\/product"}],"replies":[{"embeddable":true,"href":"https:\/\/www.credimex.ch\/fr\/wp-json\/wp\/v2\/comments?post=3982"}],"wp:featuredmedia":[{"embeddable":true,"href":"https:\/\/www.credimex.ch\/fr\/wp-json\/wp\/v2\/media\/6046"}],"wp:attachment":[{"href":"https:\/\/www.credimex.ch\/fr\/wp-json\/wp\/v2\/media?parent=3982"}],"wp:term":[{"taxonomy":"product_brand","embeddable":true,"href":"https:\/\/www.credimex.ch\/fr\/wp-json\/wp\/v2\/product_brand?post=3982"},{"taxonomy":"product_cat","embeddable":true,"href":"https:\/\/www.credimex.ch\/fr\/wp-json\/wp\/v2\/product_cat?post=3982"},{"taxonomy":"product_tag","embeddable":true,"href":"https:\/\/www.credimex.ch\/fr\/wp-json\/wp\/v2\/product_tag?post=3982"}],"curies":[{"name":"wp","href":"https:\/\/api.w.org\/{rel}","templated":true}]}}