{"id":3984,"date":"2022-07-14T10:28:55","date_gmt":"2022-07-14T08:28:55","guid":{"rendered":"https:\/\/www.credimex.ch.mialias.net\/product\/pare-chocs-airpot\/"},"modified":"2022-07-14T10:28:55","modified_gmt":"2022-07-14T08:28:55","slug":"airpot-bumpers-2","status":"publish","type":"product","link":"https:\/\/www.credimex.ch\/fr\/produit\/airpot-bumpers-2\/","title":{"rendered":"Pare-chocs Airpot"},"content":{"rendered":"<h2>Description<\/h2>\n<p>Avec les pare-chocs Airpot, la force est amortie est transmise par la bielle, qui d\u00e9place le piston \u00e0 l&rsquo;int\u00e9rieur du cylindre. Le piston est en plastique et permet un impact doux.<\/p>\n<p>Le milieu amortisseur est l&rsquo;air ambiant. La quantit\u00e9 d&rsquo;air transf\u00e9r\u00e9e est d\u00e9termin\u00e9e par le volume entre le piston et le cylindre et la buse. Il suffit d&rsquo;ajuster le d\u00e9gagement d&rsquo;air pour r\u00e9gler la quantit\u00e9 exacte d&rsquo;amortissement n\u00e9cessaire.<\/p>\n<p>Les snubbers d&rsquo;Airpot sont sp\u00e9cialement con\u00e7us pour offrir une pr\u00e9cision de dissipation d&rsquo;\u00e9nergie in\u00e9gal\u00e9e en \u00e9liminant la friction de leurs \u00e9l\u00e9ments de travail. Les mat\u00e9riaux utilis\u00e9s ont un pouvoir lubrifiant int\u00e9gr\u00e9, un rapport r\u00e9sistance\/poids \u00e9lev\u00e9, une excellente stabilit\u00e9 dans des conditions extr\u00eames de temp\u00e9rature et d&rsquo;humidit\u00e9, des coefficients de dilatation thermique proches et des performances qui ne se d\u00e9t\u00e9riorent pas avec l&rsquo;\u00e2ge ou la non-utilisation. Les pi\u00e8ces de base sont un piston en carbone graphit\u00e9, rectifi\u00e9 avec pr\u00e9cision au millioni\u00e8me de pouce TIR \u00e0 l&rsquo;int\u00e9rieur d&rsquo;un cylindre en verre borosilicate recuit avec un al\u00e9sage de pr\u00e9cision poli au feu. Les snubbers sont disponibles en 4 tailles d&rsquo;al\u00e9sage allant de 0,627&Prime; \u00e0 1,75&Prime; et des longueurs de course de 1,1&Prime; \u00e0 2,3&Prime;.<\/p>\n<h2>Avantages du produit<\/h2>\n<ul>\n<li>Pas de lien avec la masse amortie avec laquelle ils travaillent.<\/li>\n<li>Utilis\u00e9 dans des applications pr\u00e9cises de fin de course et d&rsquo;absorption des chocs.<\/li>\n<li>La fonction principale est la dissipation de l&rsquo;\u00e9nergie<\/li>\n<li>Un seul sens, (amortissement en compression)<\/li>\n<li>Ressort de rappel de faible force pour une remise \u00e0 z\u00e9ro automatique<\/li>\n<\/ul>\n<h2>Application<\/h2>\n<p>La gamme de produits est utilis\u00e9e dans une grande vari\u00e9t\u00e9 d&rsquo;industries.<\/p>\n","protected":false},"excerpt":{"rendered":"<p>Avec les <strong>pare-chocs Airpot<\/strong>, la force est amortie est transmise par la bielle, qui d\u00e9place le piston \u00e0 l&rsquo;int\u00e9rieur du cylindre.<\/p>\n","protected":false},"featured_media":3542,"comment_status":"open","ping_status":"closed","template":"","meta":{"_acf_changed":false},"product_brand":[],"product_cat":[550,341,549,340,413,376,411,384,475,375,361,360,414,412],"product_tag":[],"class_list":{"0":"post-3984","1":"product","2":"type-product","3":"status-publish","4":"has-post-thumbnail","6":"product_cat-absorption-denergie","7":"product_cat-aerospatiale","8":"product_cat-airpot","9":"product_cat-automobile","10":"product_cat-batteries","11":"product_cat-e-mobilite","12":"product_cat-electronique","13":"product_cat-energie","14":"product_cat-fabrication-de-montres","15":"product_cat-ferroviaire","16":"product_cat-industrie-alimentaire","17":"product_cat-industrie-generale","18":"product_cat-medical","19":"product_cat-telepheriques","20":"pa_brands-airpot-fr","22":"first","23":"instock","24":"shipping-taxable","25":"product-type-simple"},"acf":[],"_yoast_wpseo_focuskw":"Pare-chocs Airpot","_yoast_wpseo_metadesc":"Avec les pare-chocs Airpot, la force est amortie est transmise par la bielle, qui d\u00e9place le piston \u00e0 l'int\u00e9rieur du cylindre.","yoast_head":"<!-- This site is optimized with the Yoast SEO Premium plugin v21.6 (Yoast SEO v27.4) - https:\/\/yoast.com\/product\/yoast-seo-premium-wordpress\/ -->\n<title>Pare-chocs Airpot - CREDIMEX<\/title>\n<meta name=\"description\" content=\"Avec les pare-chocs Airpot, la force est amortie est transmise par la bielle, qui d\u00e9place le piston \u00e0 l&#039;int\u00e9rieur du cylindre.\" \/>\n<meta name=\"robots\" content=\"index, follow, max-snippet:-1, max-image-preview:large, max-video-preview:-1\" \/>\n<link rel=\"canonical\" href=\"https:\/\/www.credimex.ch\/fr\/produit\/airpot-bumpers-2\/\" \/>\n<meta property=\"og:locale\" content=\"fr_FR\" \/>\n<meta property=\"og:type\" content=\"article\" \/>\n<meta property=\"og:title\" content=\"Pare-chocs Airpot\" \/>\n<meta property=\"og:description\" content=\"Avec les pare-chocs Airpot, la force est amortie est transmise par la bielle, qui d\u00e9place le piston \u00e0 l&#039;int\u00e9rieur du cylindre.\" \/>\n<meta property=\"og:url\" content=\"https:\/\/www.credimex.ch\/fr\/produit\/airpot-bumpers-2\/\" \/>\n<meta property=\"og:site_name\" content=\"CREDIMEX\" \/>\n<meta property=\"article:publisher\" content=\"https:\/\/www.facebook.com\/credimex.alpnach\/\" \/>\n<meta property=\"og:image\" content=\"https:\/\/www.credimex.ch\/wp-content\/uploads\/2022\/07\/Airpot-bumpers.png\" \/>\n\t<meta property=\"og:image:width\" content=\"800\" \/>\n\t<meta property=\"og:image:height\" content=\"800\" \/>\n\t<meta property=\"og:image:type\" content=\"image\/png\" \/>\n<meta name=\"twitter:card\" content=\"summary_large_image\" \/>\n<meta name=\"twitter:label1\" content=\"Dur\u00e9e de lecture estim\u00e9e\" \/>\n\t<meta name=\"twitter:data1\" content=\"1 minute\" \/>\n<script type=\"application\/ld+json\" class=\"yoast-schema-graph\">{\"@context\":\"https:\\\/\\\/schema.org\",\"@graph\":[{\"@type\":\"WebPage\",\"@id\":\"https:\\\/\\\/www.credimex.ch\\\/fr\\\/produit\\\/airpot-bumpers-2\\\/\",\"url\":\"https:\\\/\\\/www.credimex.ch\\\/fr\\\/produit\\\/airpot-bumpers-2\\\/\",\"name\":\"Pare-chocs Airpot - CREDIMEX\",\"isPartOf\":{\"@id\":\"https:\\\/\\\/www.credimex.ch\\\/fr\\\/#website\"},\"primaryImageOfPage\":{\"@id\":\"https:\\\/\\\/www.credimex.ch\\\/fr\\\/produit\\\/airpot-bumpers-2\\\/#primaryimage\"},\"image\":{\"@id\":\"https:\\\/\\\/www.credimex.ch\\\/fr\\\/produit\\\/airpot-bumpers-2\\\/#primaryimage\"},\"thumbnailUrl\":\"https:\\\/\\\/www.credimex.ch\\\/wp-content\\\/uploads\\\/2022\\\/07\\\/Airpot-bumpers.png\",\"datePublished\":\"2022-07-14T08:28:55+00:00\",\"description\":\"Avec les pare-chocs Airpot, la force est amortie est transmise par la bielle, qui d\u00e9place le piston \u00e0 l'int\u00e9rieur du cylindre.\",\"breadcrumb\":{\"@id\":\"https:\\\/\\\/www.credimex.ch\\\/fr\\\/produit\\\/airpot-bumpers-2\\\/#breadcrumb\"},\"inLanguage\":\"fr-FR\",\"potentialAction\":[{\"@type\":\"ReadAction\",\"target\":[\"https:\\\/\\\/www.credimex.ch\\\/fr\\\/produit\\\/airpot-bumpers-2\\\/\"]}]},{\"@type\":\"ImageObject\",\"inLanguage\":\"fr-FR\",\"@id\":\"https:\\\/\\\/www.credimex.ch\\\/fr\\\/produit\\\/airpot-bumpers-2\\\/#primaryimage\",\"url\":\"https:\\\/\\\/www.credimex.ch\\\/wp-content\\\/uploads\\\/2022\\\/07\\\/Airpot-bumpers.png\",\"contentUrl\":\"https:\\\/\\\/www.credimex.ch\\\/wp-content\\\/uploads\\\/2022\\\/07\\\/Airpot-bumpers.png\",\"width\":800,\"height\":800},{\"@type\":\"BreadcrumbList\",\"@id\":\"https:\\\/\\\/www.credimex.ch\\\/fr\\\/produit\\\/airpot-bumpers-2\\\/#breadcrumb\",\"itemListElement\":[{\"@type\":\"ListItem\",\"position\":1,\"name\":\"Home\",\"item\":\"https:\\\/\\\/www.credimex.ch\\\/fr\\\/\"},{\"@type\":\"ListItem\",\"position\":2,\"name\":\"Produits\",\"item\":\"https:\\\/\\\/www.credimex.ch\\\/fr\\\/produits\\\/\"},{\"@type\":\"ListItem\",\"position\":3,\"name\":\"Pare-chocs Airpot\"}]},{\"@type\":\"WebSite\",\"@id\":\"https:\\\/\\\/www.credimex.ch\\\/fr\\\/#website\",\"url\":\"https:\\\/\\\/www.credimex.ch\\\/fr\\\/\",\"name\":\"CREDIMEX\",\"description\":\"Partner of Swiss Industrial Market\",\"publisher\":{\"@id\":\"https:\\\/\\\/www.credimex.ch\\\/fr\\\/#organization\"},\"potentialAction\":[{\"@type\":\"SearchAction\",\"target\":{\"@type\":\"EntryPoint\",\"urlTemplate\":\"https:\\\/\\\/www.credimex.ch\\\/fr\\\/?s={search_term_string}\"},\"query-input\":{\"@type\":\"PropertyValueSpecification\",\"valueRequired\":true,\"valueName\":\"search_term_string\"}}],\"inLanguage\":\"fr-FR\"},{\"@type\":\"Organization\",\"@id\":\"https:\\\/\\\/www.credimex.ch\\\/fr\\\/#organization\",\"name\":\"credimex\",\"url\":\"https:\\\/\\\/www.credimex.ch\\\/fr\\\/\",\"logo\":{\"@type\":\"ImageObject\",\"inLanguage\":\"fr-FR\",\"@id\":\"https:\\\/\\\/www.credimex.ch\\\/fr\\\/#\\\/schema\\\/logo\\\/image\\\/\",\"url\":\"https:\\\/\\\/www.credimex.ch\\\/wp-content\\\/uploads\\\/2022\\\/03\\\/cropped-logo-credimex.png\",\"contentUrl\":\"https:\\\/\\\/www.credimex.ch\\\/wp-content\\\/uploads\\\/2022\\\/03\\\/cropped-logo-credimex.png\",\"width\":512,\"height\":512,\"caption\":\"credimex\"},\"image\":{\"@id\":\"https:\\\/\\\/www.credimex.ch\\\/fr\\\/#\\\/schema\\\/logo\\\/image\\\/\"},\"sameAs\":[\"https:\\\/\\\/www.facebook.com\\\/credimex.alpnach\\\/\",\"https:\\\/\\\/www.linkedin.com\\\/company\\\/credimex\\\/\",\"https:\\\/\\\/www.youtube.com\\\/@CREDIMEX?sub_confirmation=1\"]}]}<\/script>\n<!-- \/ Yoast SEO Premium plugin. -->","yoast_head_json":{"title":"Pare-chocs Airpot - CREDIMEX","description":"Avec les pare-chocs Airpot, la force est amortie est transmise par la bielle, qui d\u00e9place le piston \u00e0 l'int\u00e9rieur du cylindre.","robots":{"index":"index","follow":"follow","max-snippet":"max-snippet:-1","max-image-preview":"max-image-preview:large","max-video-preview":"max-video-preview:-1"},"canonical":"https:\/\/www.credimex.ch\/fr\/produit\/airpot-bumpers-2\/","og_locale":"fr_FR","og_type":"article","og_title":"Pare-chocs Airpot","og_description":"Avec les pare-chocs Airpot, la force est amortie est transmise par la bielle, qui d\u00e9place le piston \u00e0 l'int\u00e9rieur du cylindre.","og_url":"https:\/\/www.credimex.ch\/fr\/produit\/airpot-bumpers-2\/","og_site_name":"CREDIMEX","article_publisher":"https:\/\/www.facebook.com\/credimex.alpnach\/","og_image":[{"width":800,"height":800,"url":"https:\/\/www.credimex.ch\/wp-content\/uploads\/2022\/07\/Airpot-bumpers.png","type":"image\/png"}],"twitter_card":"summary_large_image","twitter_misc":{"Dur\u00e9e de lecture estim\u00e9e":"1 minute"},"schema":{"@context":"https:\/\/schema.org","@graph":[{"@type":"WebPage","@id":"https:\/\/www.credimex.ch\/fr\/produit\/airpot-bumpers-2\/","url":"https:\/\/www.credimex.ch\/fr\/produit\/airpot-bumpers-2\/","name":"Pare-chocs Airpot - CREDIMEX","isPartOf":{"@id":"https:\/\/www.credimex.ch\/fr\/#website"},"primaryImageOfPage":{"@id":"https:\/\/www.credimex.ch\/fr\/produit\/airpot-bumpers-2\/#primaryimage"},"image":{"@id":"https:\/\/www.credimex.ch\/fr\/produit\/airpot-bumpers-2\/#primaryimage"},"thumbnailUrl":"https:\/\/www.credimex.ch\/wp-content\/uploads\/2022\/07\/Airpot-bumpers.png","datePublished":"2022-07-14T08:28:55+00:00","description":"Avec les pare-chocs Airpot, la force est amortie est transmise par la bielle, qui d\u00e9place le piston \u00e0 l'int\u00e9rieur du cylindre.","breadcrumb":{"@id":"https:\/\/www.credimex.ch\/fr\/produit\/airpot-bumpers-2\/#breadcrumb"},"inLanguage":"fr-FR","potentialAction":[{"@type":"ReadAction","target":["https:\/\/www.credimex.ch\/fr\/produit\/airpot-bumpers-2\/"]}]},{"@type":"ImageObject","inLanguage":"fr-FR","@id":"https:\/\/www.credimex.ch\/fr\/produit\/airpot-bumpers-2\/#primaryimage","url":"https:\/\/www.credimex.ch\/wp-content\/uploads\/2022\/07\/Airpot-bumpers.png","contentUrl":"https:\/\/www.credimex.ch\/wp-content\/uploads\/2022\/07\/Airpot-bumpers.png","width":800,"height":800},{"@type":"BreadcrumbList","@id":"https:\/\/www.credimex.ch\/fr\/produit\/airpot-bumpers-2\/#breadcrumb","itemListElement":[{"@type":"ListItem","position":1,"name":"Home","item":"https:\/\/www.credimex.ch\/fr\/"},{"@type":"ListItem","position":2,"name":"Produits","item":"https:\/\/www.credimex.ch\/fr\/produits\/"},{"@type":"ListItem","position":3,"name":"Pare-chocs Airpot"}]},{"@type":"WebSite","@id":"https:\/\/www.credimex.ch\/fr\/#website","url":"https:\/\/www.credimex.ch\/fr\/","name":"CREDIMEX","description":"Partner of Swiss Industrial Market","publisher":{"@id":"https:\/\/www.credimex.ch\/fr\/#organization"},"potentialAction":[{"@type":"SearchAction","target":{"@type":"EntryPoint","urlTemplate":"https:\/\/www.credimex.ch\/fr\/?s={search_term_string}"},"query-input":{"@type":"PropertyValueSpecification","valueRequired":true,"valueName":"search_term_string"}}],"inLanguage":"fr-FR"},{"@type":"Organization","@id":"https:\/\/www.credimex.ch\/fr\/#organization","name":"credimex","url":"https:\/\/www.credimex.ch\/fr\/","logo":{"@type":"ImageObject","inLanguage":"fr-FR","@id":"https:\/\/www.credimex.ch\/fr\/#\/schema\/logo\/image\/","url":"https:\/\/www.credimex.ch\/wp-content\/uploads\/2022\/03\/cropped-logo-credimex.png","contentUrl":"https:\/\/www.credimex.ch\/wp-content\/uploads\/2022\/03\/cropped-logo-credimex.png","width":512,"height":512,"caption":"credimex"},"image":{"@id":"https:\/\/www.credimex.ch\/fr\/#\/schema\/logo\/image\/"},"sameAs":["https:\/\/www.facebook.com\/credimex.alpnach\/","https:\/\/www.linkedin.com\/company\/credimex\/","https:\/\/www.youtube.com\/@CREDIMEX?sub_confirmation=1"]}]}},"_links":{"self":[{"href":"https:\/\/www.credimex.ch\/fr\/wp-json\/wp\/v2\/product\/3984","targetHints":{"allow":["GET"]}}],"collection":[{"href":"https:\/\/www.credimex.ch\/fr\/wp-json\/wp\/v2\/product"}],"about":[{"href":"https:\/\/www.credimex.ch\/fr\/wp-json\/wp\/v2\/types\/product"}],"replies":[{"embeddable":true,"href":"https:\/\/www.credimex.ch\/fr\/wp-json\/wp\/v2\/comments?post=3984"}],"wp:featuredmedia":[{"embeddable":true,"href":"https:\/\/www.credimex.ch\/fr\/wp-json\/wp\/v2\/media\/3542"}],"wp:attachment":[{"href":"https:\/\/www.credimex.ch\/fr\/wp-json\/wp\/v2\/media?parent=3984"}],"wp:term":[{"taxonomy":"product_brand","embeddable":true,"href":"https:\/\/www.credimex.ch\/fr\/wp-json\/wp\/v2\/product_brand?post=3984"},{"taxonomy":"product_cat","embeddable":true,"href":"https:\/\/www.credimex.ch\/fr\/wp-json\/wp\/v2\/product_cat?post=3984"},{"taxonomy":"product_tag","embeddable":true,"href":"https:\/\/www.credimex.ch\/fr\/wp-json\/wp\/v2\/product_tag?post=3984"}],"curies":[{"name":"wp","href":"https:\/\/api.w.org\/{rel}","templated":true}]}}