{"id":3994,"date":"2022-07-12T10:00:19","date_gmt":"2022-07-12T08:00:19","guid":{"rendered":"https:\/\/www.credimex.ch.mialias.net\/product\/arbres-de-guidage-credimex\/"},"modified":"2022-07-12T10:00:19","modified_gmt":"2022-07-12T08:00:19","slug":"credimex-guide-arbres","status":"publish","type":"product","link":"https:\/\/www.credimex.ch\/fr\/produit\/credimex-guide-arbres\/","title":{"rendered":"Arbres de guidage Credimex"},"content":{"rendered":"<h2>Description<\/h2>\n<p>La ligne d&rsquo;arbres de guidage de Credimex offre diff\u00e9rentes s\u00e9ries de produits :<\/p>\n<p><strong>WV<\/strong><\/p>\n<ul>\n<li>Duret\u00e9 de surface tr\u00e8s \u00e9lev\u00e9e<\/li>\n<li>Aucune r\u00e9sistance \u00e0 la corrosion<\/li>\n<\/ul>\n<p><strong>WV1<\/strong><\/p>\n<ul>\n<li>Diam\u00e8tre ext\u00e9rieur tremp\u00e9 et 5-10\u03bc chrom\u00e9 dur.<\/li>\n<li>R\u00e9sistant \u00e0 la corrosion<\/li>\n<\/ul>\n<p><strong>WRS 1<\/strong><\/p>\n<ul>\n<li>Duret\u00e9 de surface \u00e9lev\u00e9e<\/li>\n<li>R\u00e9sistant \u00e0 la corrosion<\/li>\n<\/ul>\n<p><strong>WRS 2<\/strong><\/p>\n<ul>\n<li>Duret\u00e9 de surface \u00e9lev\u00e9e<\/li>\n<li>R\u00e9sistant \u00e0 la corrosion et aux acides<\/li>\n<\/ul>\n<p><strong>WH<\/strong><\/p>\n<ul>\n<li>Duret\u00e9 de surface tr\u00e8s \u00e9lev\u00e9e<\/li>\n<li>Poids l\u00e9ger<\/li>\n<li>Possibilit\u00e9 d&rsquo;orientation vers le c\u00e2ble et les m\u00e9dias<\/li>\n<li>Aucune r\u00e9sistance \u00e0 la corrosion<\/li>\n<\/ul>\n<h2>Avantages du produit<\/h2>\n<p>Les arbres de guidage de pr\u00e9cision Credimex, disponibles dans divers mat\u00e9riaux et mod\u00e8les, ainsi que les roulements \u00e0 billes lin\u00e9aires, les blocs d&rsquo;arbres, les supports d&rsquo;arbres et les unit\u00e9s de logement lin\u00e9aires, constituent un syst\u00e8me de guidage lin\u00e9aire \u00e9prouv\u00e9 et \u00e9conomique. Les arbres de guidage de pr\u00e9cision sont tremp\u00e9s par induction. Ce traitement assure une duret\u00e9 uniforme dans les directions radiale et axiale sur la surface \/ le plan de roulement. Ce processus de durcissement permet d&rsquo;obtenir une plage de duret\u00e9 efficace de la surface ext\u00e9rieure et permet un usinage sans probl\u00e8me dans le c\u0153ur tendre de l&rsquo;arbre. Les arbres de guidage de pr\u00e9cision sont rectifi\u00e9s sans centre et sont soumis \u00e0 un contr\u00f4le strict de la circularit\u00e9, de la forme cylindrique, de la rectitude et de la rugosit\u00e9 de la surface. Choisissez l&rsquo;arbre de guidage de pr\u00e9cision appropri\u00e9 en fonction de vos besoins.<\/p>\n<h2>Application<\/h2>\n<p>La gamme de produits est con\u00e7ue pour une grande vari\u00e9t\u00e9 d&rsquo;applications industrielles.<\/p>\n","protected":false},"excerpt":{"rendered":"<p>  Les <strong> arbres de guidage Credimex<\/strong>, dans diff\u00e9rents mat\u00e9riaux et conceptions, fournissent un syst\u00e8me de guidage lin\u00e9aire \u00e9prouv\u00e9 et \u00e9conomique.<\/p>\n","protected":false},"featured_media":3530,"comment_status":"open","ping_status":"closed","template":"","meta":{"_acf_changed":false},"product_brand":[],"product_cat":[341,563,340,413,564,376,411,384,475,375,361,360,414,562,412],"product_tag":[],"class_list":{"0":"post-3994","1":"product","2":"type-product","3":"status-publish","4":"has-post-thumbnail","6":"product_cat-aerospatiale","7":"product_cat-arbres-de-guidage","8":"product_cat-automobile","9":"product_cat-batteries","10":"product_cat-credimex","11":"product_cat-e-mobilite","12":"product_cat-electronique","13":"product_cat-energie","14":"product_cat-fabrication-de-montres","15":"product_cat-ferroviaire","16":"product_cat-industrie-alimentaire","17":"product_cat-industrie-generale","18":"product_cat-medical","19":"product_cat-technique-de-guidage-lineaire","20":"product_cat-telepheriques","21":"pa_brands-credimex-fr","23":"first","24":"instock","25":"shipping-taxable","26":"product-type-simple"},"acf":[],"_yoast_wpseo_focuskw":"Arbres de guidage Credimex","_yoast_wpseo_metadesc":"Les arbres de guidage Credimex, dans diff\u00e9rents mat\u00e9riaux et conceptions, fournissent un syst\u00e8me de guidage lin\u00e9aire \u00e9prouv\u00e9 et \u00e9conomique.","yoast_head":"<!-- This site is optimized with the Yoast SEO Premium plugin v21.6 (Yoast SEO v27.4) - https:\/\/yoast.com\/product\/yoast-seo-premium-wordpress\/ -->\n<title>Arbres de guidage Credimex - CREDIMEX<\/title>\n<meta name=\"description\" content=\"Les arbres de guidage Credimex, dans diff\u00e9rents mat\u00e9riaux et conceptions, fournissent un syst\u00e8me de guidage lin\u00e9aire \u00e9prouv\u00e9 et \u00e9conomique.\" \/>\n<meta name=\"robots\" content=\"index, follow, max-snippet:-1, max-image-preview:large, max-video-preview:-1\" \/>\n<link rel=\"canonical\" href=\"https:\/\/www.credimex.ch\/fr\/produit\/credimex-guide-arbres\/\" \/>\n<meta property=\"og:locale\" content=\"fr_FR\" \/>\n<meta property=\"og:type\" content=\"article\" \/>\n<meta property=\"og:title\" content=\"Arbres de guidage Credimex\" \/>\n<meta property=\"og:description\" content=\"Les arbres de guidage Credimex, dans diff\u00e9rents mat\u00e9riaux et conceptions, fournissent un syst\u00e8me de guidage lin\u00e9aire \u00e9prouv\u00e9 et \u00e9conomique.\" \/>\n<meta property=\"og:url\" content=\"https:\/\/www.credimex.ch\/fr\/produit\/credimex-guide-arbres\/\" \/>\n<meta property=\"og:site_name\" content=\"CREDIMEX\" \/>\n<meta property=\"article:publisher\" content=\"https:\/\/www.facebook.com\/credimex.alpnach\/\" \/>\n<meta property=\"og:image\" content=\"https:\/\/www.credimex.ch\/wp-content\/uploads\/2022\/07\/CPC-2-1.png\" \/>\n\t<meta property=\"og:image:width\" content=\"800\" \/>\n\t<meta property=\"og:image:height\" content=\"800\" \/>\n\t<meta property=\"og:image:type\" content=\"image\/png\" \/>\n<meta name=\"twitter:card\" content=\"summary_large_image\" \/>\n<meta name=\"twitter:label1\" content=\"Dur\u00e9e de lecture estim\u00e9e\" \/>\n\t<meta name=\"twitter:data1\" content=\"1 minute\" \/>\n<script type=\"application\/ld+json\" class=\"yoast-schema-graph\">{\"@context\":\"https:\\\/\\\/schema.org\",\"@graph\":[{\"@type\":\"WebPage\",\"@id\":\"https:\\\/\\\/www.credimex.ch\\\/fr\\\/produit\\\/credimex-guide-arbres\\\/\",\"url\":\"https:\\\/\\\/www.credimex.ch\\\/fr\\\/produit\\\/credimex-guide-arbres\\\/\",\"name\":\"Arbres de guidage Credimex - CREDIMEX\",\"isPartOf\":{\"@id\":\"https:\\\/\\\/www.credimex.ch\\\/fr\\\/#website\"},\"primaryImageOfPage\":{\"@id\":\"https:\\\/\\\/www.credimex.ch\\\/fr\\\/produit\\\/credimex-guide-arbres\\\/#primaryimage\"},\"image\":{\"@id\":\"https:\\\/\\\/www.credimex.ch\\\/fr\\\/produit\\\/credimex-guide-arbres\\\/#primaryimage\"},\"thumbnailUrl\":\"https:\\\/\\\/www.credimex.ch\\\/wp-content\\\/uploads\\\/2022\\\/07\\\/CPC-2-1.png\",\"datePublished\":\"2022-07-12T08:00:19+00:00\",\"description\":\"Les arbres de guidage Credimex, dans diff\u00e9rents mat\u00e9riaux et conceptions, fournissent un syst\u00e8me de guidage lin\u00e9aire \u00e9prouv\u00e9 et \u00e9conomique.\",\"breadcrumb\":{\"@id\":\"https:\\\/\\\/www.credimex.ch\\\/fr\\\/produit\\\/credimex-guide-arbres\\\/#breadcrumb\"},\"inLanguage\":\"fr-FR\",\"potentialAction\":[{\"@type\":\"ReadAction\",\"target\":[\"https:\\\/\\\/www.credimex.ch\\\/fr\\\/produit\\\/credimex-guide-arbres\\\/\"]}]},{\"@type\":\"ImageObject\",\"inLanguage\":\"fr-FR\",\"@id\":\"https:\\\/\\\/www.credimex.ch\\\/fr\\\/produit\\\/credimex-guide-arbres\\\/#primaryimage\",\"url\":\"https:\\\/\\\/www.credimex.ch\\\/wp-content\\\/uploads\\\/2022\\\/07\\\/CPC-2-1.png\",\"contentUrl\":\"https:\\\/\\\/www.credimex.ch\\\/wp-content\\\/uploads\\\/2022\\\/07\\\/CPC-2-1.png\",\"width\":800,\"height\":800},{\"@type\":\"BreadcrumbList\",\"@id\":\"https:\\\/\\\/www.credimex.ch\\\/fr\\\/produit\\\/credimex-guide-arbres\\\/#breadcrumb\",\"itemListElement\":[{\"@type\":\"ListItem\",\"position\":1,\"name\":\"Home\",\"item\":\"https:\\\/\\\/www.credimex.ch\\\/fr\\\/\"},{\"@type\":\"ListItem\",\"position\":2,\"name\":\"Produits\",\"item\":\"https:\\\/\\\/www.credimex.ch\\\/fr\\\/produits\\\/\"},{\"@type\":\"ListItem\",\"position\":3,\"name\":\"Arbres de guidage Credimex\"}]},{\"@type\":\"WebSite\",\"@id\":\"https:\\\/\\\/www.credimex.ch\\\/fr\\\/#website\",\"url\":\"https:\\\/\\\/www.credimex.ch\\\/fr\\\/\",\"name\":\"CREDIMEX\",\"description\":\"Partner of Swiss Industrial Market\",\"publisher\":{\"@id\":\"https:\\\/\\\/www.credimex.ch\\\/fr\\\/#organization\"},\"potentialAction\":[{\"@type\":\"SearchAction\",\"target\":{\"@type\":\"EntryPoint\",\"urlTemplate\":\"https:\\\/\\\/www.credimex.ch\\\/fr\\\/?s={search_term_string}\"},\"query-input\":{\"@type\":\"PropertyValueSpecification\",\"valueRequired\":true,\"valueName\":\"search_term_string\"}}],\"inLanguage\":\"fr-FR\"},{\"@type\":\"Organization\",\"@id\":\"https:\\\/\\\/www.credimex.ch\\\/fr\\\/#organization\",\"name\":\"credimex\",\"url\":\"https:\\\/\\\/www.credimex.ch\\\/fr\\\/\",\"logo\":{\"@type\":\"ImageObject\",\"inLanguage\":\"fr-FR\",\"@id\":\"https:\\\/\\\/www.credimex.ch\\\/fr\\\/#\\\/schema\\\/logo\\\/image\\\/\",\"url\":\"https:\\\/\\\/www.credimex.ch\\\/wp-content\\\/uploads\\\/2022\\\/03\\\/cropped-logo-credimex.png\",\"contentUrl\":\"https:\\\/\\\/www.credimex.ch\\\/wp-content\\\/uploads\\\/2022\\\/03\\\/cropped-logo-credimex.png\",\"width\":512,\"height\":512,\"caption\":\"credimex\"},\"image\":{\"@id\":\"https:\\\/\\\/www.credimex.ch\\\/fr\\\/#\\\/schema\\\/logo\\\/image\\\/\"},\"sameAs\":[\"https:\\\/\\\/www.facebook.com\\\/credimex.alpnach\\\/\",\"https:\\\/\\\/www.linkedin.com\\\/company\\\/credimex\\\/\",\"https:\\\/\\\/www.youtube.com\\\/@CREDIMEX?sub_confirmation=1\"]}]}<\/script>\n<!-- \/ Yoast SEO Premium plugin. -->","yoast_head_json":{"title":"Arbres de guidage Credimex - CREDIMEX","description":"Les arbres de guidage Credimex, dans diff\u00e9rents mat\u00e9riaux et conceptions, fournissent un syst\u00e8me de guidage lin\u00e9aire \u00e9prouv\u00e9 et \u00e9conomique.","robots":{"index":"index","follow":"follow","max-snippet":"max-snippet:-1","max-image-preview":"max-image-preview:large","max-video-preview":"max-video-preview:-1"},"canonical":"https:\/\/www.credimex.ch\/fr\/produit\/credimex-guide-arbres\/","og_locale":"fr_FR","og_type":"article","og_title":"Arbres de guidage Credimex","og_description":"Les arbres de guidage Credimex, dans diff\u00e9rents mat\u00e9riaux et conceptions, fournissent un syst\u00e8me de guidage lin\u00e9aire \u00e9prouv\u00e9 et \u00e9conomique.","og_url":"https:\/\/www.credimex.ch\/fr\/produit\/credimex-guide-arbres\/","og_site_name":"CREDIMEX","article_publisher":"https:\/\/www.facebook.com\/credimex.alpnach\/","og_image":[{"width":800,"height":800,"url":"https:\/\/www.credimex.ch\/wp-content\/uploads\/2022\/07\/CPC-2-1.png","type":"image\/png"}],"twitter_card":"summary_large_image","twitter_misc":{"Dur\u00e9e de lecture estim\u00e9e":"1 minute"},"schema":{"@context":"https:\/\/schema.org","@graph":[{"@type":"WebPage","@id":"https:\/\/www.credimex.ch\/fr\/produit\/credimex-guide-arbres\/","url":"https:\/\/www.credimex.ch\/fr\/produit\/credimex-guide-arbres\/","name":"Arbres de guidage Credimex - CREDIMEX","isPartOf":{"@id":"https:\/\/www.credimex.ch\/fr\/#website"},"primaryImageOfPage":{"@id":"https:\/\/www.credimex.ch\/fr\/produit\/credimex-guide-arbres\/#primaryimage"},"image":{"@id":"https:\/\/www.credimex.ch\/fr\/produit\/credimex-guide-arbres\/#primaryimage"},"thumbnailUrl":"https:\/\/www.credimex.ch\/wp-content\/uploads\/2022\/07\/CPC-2-1.png","datePublished":"2022-07-12T08:00:19+00:00","description":"Les arbres de guidage Credimex, dans diff\u00e9rents mat\u00e9riaux et conceptions, fournissent un syst\u00e8me de guidage lin\u00e9aire \u00e9prouv\u00e9 et \u00e9conomique.","breadcrumb":{"@id":"https:\/\/www.credimex.ch\/fr\/produit\/credimex-guide-arbres\/#breadcrumb"},"inLanguage":"fr-FR","potentialAction":[{"@type":"ReadAction","target":["https:\/\/www.credimex.ch\/fr\/produit\/credimex-guide-arbres\/"]}]},{"@type":"ImageObject","inLanguage":"fr-FR","@id":"https:\/\/www.credimex.ch\/fr\/produit\/credimex-guide-arbres\/#primaryimage","url":"https:\/\/www.credimex.ch\/wp-content\/uploads\/2022\/07\/CPC-2-1.png","contentUrl":"https:\/\/www.credimex.ch\/wp-content\/uploads\/2022\/07\/CPC-2-1.png","width":800,"height":800},{"@type":"BreadcrumbList","@id":"https:\/\/www.credimex.ch\/fr\/produit\/credimex-guide-arbres\/#breadcrumb","itemListElement":[{"@type":"ListItem","position":1,"name":"Home","item":"https:\/\/www.credimex.ch\/fr\/"},{"@type":"ListItem","position":2,"name":"Produits","item":"https:\/\/www.credimex.ch\/fr\/produits\/"},{"@type":"ListItem","position":3,"name":"Arbres de guidage Credimex"}]},{"@type":"WebSite","@id":"https:\/\/www.credimex.ch\/fr\/#website","url":"https:\/\/www.credimex.ch\/fr\/","name":"CREDIMEX","description":"Partner of Swiss Industrial Market","publisher":{"@id":"https:\/\/www.credimex.ch\/fr\/#organization"},"potentialAction":[{"@type":"SearchAction","target":{"@type":"EntryPoint","urlTemplate":"https:\/\/www.credimex.ch\/fr\/?s={search_term_string}"},"query-input":{"@type":"PropertyValueSpecification","valueRequired":true,"valueName":"search_term_string"}}],"inLanguage":"fr-FR"},{"@type":"Organization","@id":"https:\/\/www.credimex.ch\/fr\/#organization","name":"credimex","url":"https:\/\/www.credimex.ch\/fr\/","logo":{"@type":"ImageObject","inLanguage":"fr-FR","@id":"https:\/\/www.credimex.ch\/fr\/#\/schema\/logo\/image\/","url":"https:\/\/www.credimex.ch\/wp-content\/uploads\/2022\/03\/cropped-logo-credimex.png","contentUrl":"https:\/\/www.credimex.ch\/wp-content\/uploads\/2022\/03\/cropped-logo-credimex.png","width":512,"height":512,"caption":"credimex"},"image":{"@id":"https:\/\/www.credimex.ch\/fr\/#\/schema\/logo\/image\/"},"sameAs":["https:\/\/www.facebook.com\/credimex.alpnach\/","https:\/\/www.linkedin.com\/company\/credimex\/","https:\/\/www.youtube.com\/@CREDIMEX?sub_confirmation=1"]}]}},"_links":{"self":[{"href":"https:\/\/www.credimex.ch\/fr\/wp-json\/wp\/v2\/product\/3994","targetHints":{"allow":["GET"]}}],"collection":[{"href":"https:\/\/www.credimex.ch\/fr\/wp-json\/wp\/v2\/product"}],"about":[{"href":"https:\/\/www.credimex.ch\/fr\/wp-json\/wp\/v2\/types\/product"}],"replies":[{"embeddable":true,"href":"https:\/\/www.credimex.ch\/fr\/wp-json\/wp\/v2\/comments?post=3994"}],"wp:featuredmedia":[{"embeddable":true,"href":"https:\/\/www.credimex.ch\/fr\/wp-json\/wp\/v2\/media\/3530"}],"wp:attachment":[{"href":"https:\/\/www.credimex.ch\/fr\/wp-json\/wp\/v2\/media?parent=3994"}],"wp:term":[{"taxonomy":"product_brand","embeddable":true,"href":"https:\/\/www.credimex.ch\/fr\/wp-json\/wp\/v2\/product_brand?post=3994"},{"taxonomy":"product_cat","embeddable":true,"href":"https:\/\/www.credimex.ch\/fr\/wp-json\/wp\/v2\/product_cat?post=3994"},{"taxonomy":"product_tag","embeddable":true,"href":"https:\/\/www.credimex.ch\/fr\/wp-json\/wp\/v2\/product_tag?post=3994"}],"curies":[{"name":"wp","href":"https:\/\/api.w.org\/{rel}","templated":true}]}}