{"id":3996,"date":"2022-07-08T15:06:51","date_gmt":"2022-07-08T13:06:51","guid":{"rendered":"https:\/\/www.credimex.ch.mialias.net\/product\/accessoires-pour-ressorts-a-gaz\/"},"modified":"2022-07-08T15:06:51","modified_gmt":"2022-07-08T13:06:51","slug":"accessoires-pour-ressorts-a-gaz","status":"publish","type":"product","link":"https:\/\/www.credimex.ch\/fr\/produit\/accessoires-pour-ressorts-a-gaz\/","title":{"rendered":"Accessoires pour ressorts \u00e0 gaz"},"content":{"rendered":"<h2>Description<\/h2>\n<p>Les accessoires pour ressorts \u00e0 gaz TGS comprennent les produits suivants :<\/p>\n<ul>\n<li>M-Joint<\/li>\n<li>Tube de protection de la tige<\/li>\n<li>Verrouillage de s\u00e9curit\u00e9<\/li>\n<li>Duster pour la s\u00e9rie T-Motion<\/li>\n<li>Commande \u00e0 levier pour T-Block<\/li>\n<li>Commande hydraulique pour T-Block<\/li>\n<li>Contr\u00f4le des fils pour le T-Block<\/li>\n<\/ul>\n<h2>Avantages du produit<\/h2>\n<p>TGS propose diff\u00e9rents types d&rsquo;accessoires pour ressorts \u00e0 gaz afin d&rsquo;offrir une s\u00e9curit\u00e9 et une fonctionnalit\u00e9 suppl\u00e9mentaires. Nous fournissons \u00e9galement des accessoires pour prot\u00e9ger et prolonger la dur\u00e9e de vie de nos produits.<\/p>\n<h2>Application<\/h2>\n<p>La gamme de produits est con\u00e7ue pour une grande vari\u00e9t\u00e9 d&rsquo;applications industrielles.<\/p>\n","protected":false},"excerpt":{"rendered":"<p>TGS propose diff\u00e9rents types d&rsquo;<strong>accessoires pour ressorts \u00e0 gaz TGS<\/strong> afin d&rsquo;offrir une s\u00e9curit\u00e9 et une fonctionnalit\u00e9 suppl\u00e9mentaires.<\/p>\n","protected":false},"featured_media":3514,"comment_status":"open","ping_status":"closed","template":"","meta":{"_acf_changed":false},"product_brand":[],"product_cat":[550,341,340,413,376,411,384,475,375,361,360,414,544,412,570],"product_tag":[],"class_list":{"0":"post-3996","1":"product","2":"type-product","3":"status-publish","4":"has-post-thumbnail","6":"product_cat-absorption-denergie","7":"product_cat-aerospatiale","8":"product_cat-automobile","9":"product_cat-batteries","10":"product_cat-e-mobilite","11":"product_cat-electronique","12":"product_cat-energie","13":"product_cat-fabrication-de-montres","14":"product_cat-ferroviaire","15":"product_cat-industrie-alimentaire","16":"product_cat-industrie-generale","17":"product_cat-medical","18":"product_cat-ressorts-a-gaz","19":"product_cat-telepheriques","20":"product_cat-tgs","21":"pa_brands-tgs-fr","23":"first","24":"instock","25":"shipping-taxable","26":"product-type-simple"},"acf":[],"_yoast_wpseo_focuskw":"Accessoires pour ressorts \u00e0 gaz TGS","_yoast_wpseo_metadesc":"TGS propose diff\u00e9rents types d'accessoires pour ressorts \u00e0 gaz afin d'offrir une s\u00e9curit\u00e9 et une fonctionnalit\u00e9 suppl\u00e9mentaires.","yoast_head":"<!-- This site is optimized with the Yoast SEO Premium plugin v21.6 (Yoast SEO v27.4) - https:\/\/yoast.com\/product\/yoast-seo-premium-wordpress\/ -->\n<title>Accessoires pour ressorts \u00e0 gaz - CREDIMEX<\/title>\n<meta name=\"description\" content=\"TGS propose diff\u00e9rents types d&#039;accessoires pour ressorts \u00e0 gaz afin d&#039;offrir une s\u00e9curit\u00e9 et une fonctionnalit\u00e9 suppl\u00e9mentaires.\" \/>\n<meta name=\"robots\" content=\"index, follow, max-snippet:-1, max-image-preview:large, max-video-preview:-1\" \/>\n<link rel=\"canonical\" href=\"https:\/\/www.credimex.ch\/fr\/produit\/accessoires-pour-ressorts-a-gaz\/\" \/>\n<meta property=\"og:locale\" content=\"fr_FR\" \/>\n<meta property=\"og:type\" content=\"article\" \/>\n<meta property=\"og:title\" content=\"Accessoires pour ressorts \u00e0 gaz\" \/>\n<meta property=\"og:description\" content=\"TGS propose diff\u00e9rents types d&#039;accessoires pour ressorts \u00e0 gaz afin d&#039;offrir une s\u00e9curit\u00e9 et une fonctionnalit\u00e9 suppl\u00e9mentaires.\" \/>\n<meta property=\"og:url\" content=\"https:\/\/www.credimex.ch\/fr\/produit\/accessoires-pour-ressorts-a-gaz\/\" \/>\n<meta property=\"og:site_name\" content=\"CREDIMEX\" \/>\n<meta property=\"article:publisher\" content=\"https:\/\/www.facebook.com\/credimex.alpnach\/\" \/>\n<meta property=\"og:image\" content=\"https:\/\/www.credimex.ch\/wp-content\/uploads\/2022\/07\/accessory.jpeg\" \/>\n\t<meta property=\"og:image:width\" content=\"300\" \/>\n\t<meta property=\"og:image:height\" content=\"207\" \/>\n\t<meta property=\"og:image:type\" content=\"image\/jpeg\" \/>\n<meta name=\"twitter:card\" content=\"summary_large_image\" \/>\n<script type=\"application\/ld+json\" class=\"yoast-schema-graph\">{\"@context\":\"https:\\\/\\\/schema.org\",\"@graph\":[{\"@type\":\"WebPage\",\"@id\":\"https:\\\/\\\/www.credimex.ch\\\/fr\\\/produit\\\/accessoires-pour-ressorts-a-gaz\\\/\",\"url\":\"https:\\\/\\\/www.credimex.ch\\\/fr\\\/produit\\\/accessoires-pour-ressorts-a-gaz\\\/\",\"name\":\"Accessoires pour ressorts \u00e0 gaz - CREDIMEX\",\"isPartOf\":{\"@id\":\"https:\\\/\\\/www.credimex.ch\\\/fr\\\/#website\"},\"primaryImageOfPage\":{\"@id\":\"https:\\\/\\\/www.credimex.ch\\\/fr\\\/produit\\\/accessoires-pour-ressorts-a-gaz\\\/#primaryimage\"},\"image\":{\"@id\":\"https:\\\/\\\/www.credimex.ch\\\/fr\\\/produit\\\/accessoires-pour-ressorts-a-gaz\\\/#primaryimage\"},\"thumbnailUrl\":\"https:\\\/\\\/www.credimex.ch\\\/wp-content\\\/uploads\\\/2022\\\/07\\\/accessory.jpeg\",\"datePublished\":\"2022-07-08T13:06:51+00:00\",\"description\":\"TGS propose diff\u00e9rents types d'accessoires pour ressorts \u00e0 gaz afin d'offrir une s\u00e9curit\u00e9 et une fonctionnalit\u00e9 suppl\u00e9mentaires.\",\"breadcrumb\":{\"@id\":\"https:\\\/\\\/www.credimex.ch\\\/fr\\\/produit\\\/accessoires-pour-ressorts-a-gaz\\\/#breadcrumb\"},\"inLanguage\":\"fr-FR\",\"potentialAction\":[{\"@type\":\"ReadAction\",\"target\":[\"https:\\\/\\\/www.credimex.ch\\\/fr\\\/produit\\\/accessoires-pour-ressorts-a-gaz\\\/\"]}]},{\"@type\":\"ImageObject\",\"inLanguage\":\"fr-FR\",\"@id\":\"https:\\\/\\\/www.credimex.ch\\\/fr\\\/produit\\\/accessoires-pour-ressorts-a-gaz\\\/#primaryimage\",\"url\":\"https:\\\/\\\/www.credimex.ch\\\/wp-content\\\/uploads\\\/2022\\\/07\\\/accessory.jpeg\",\"contentUrl\":\"https:\\\/\\\/www.credimex.ch\\\/wp-content\\\/uploads\\\/2022\\\/07\\\/accessory.jpeg\",\"width\":300,\"height\":207},{\"@type\":\"BreadcrumbList\",\"@id\":\"https:\\\/\\\/www.credimex.ch\\\/fr\\\/produit\\\/accessoires-pour-ressorts-a-gaz\\\/#breadcrumb\",\"itemListElement\":[{\"@type\":\"ListItem\",\"position\":1,\"name\":\"Home\",\"item\":\"https:\\\/\\\/www.credimex.ch\\\/fr\\\/\"},{\"@type\":\"ListItem\",\"position\":2,\"name\":\"Produits\",\"item\":\"https:\\\/\\\/www.credimex.ch\\\/fr\\\/produits\\\/\"},{\"@type\":\"ListItem\",\"position\":3,\"name\":\"Accessoires pour ressorts \u00e0 gaz\"}]},{\"@type\":\"WebSite\",\"@id\":\"https:\\\/\\\/www.credimex.ch\\\/fr\\\/#website\",\"url\":\"https:\\\/\\\/www.credimex.ch\\\/fr\\\/\",\"name\":\"CREDIMEX\",\"description\":\"Partner of Swiss Industrial Market\",\"publisher\":{\"@id\":\"https:\\\/\\\/www.credimex.ch\\\/fr\\\/#organization\"},\"potentialAction\":[{\"@type\":\"SearchAction\",\"target\":{\"@type\":\"EntryPoint\",\"urlTemplate\":\"https:\\\/\\\/www.credimex.ch\\\/fr\\\/?s={search_term_string}\"},\"query-input\":{\"@type\":\"PropertyValueSpecification\",\"valueRequired\":true,\"valueName\":\"search_term_string\"}}],\"inLanguage\":\"fr-FR\"},{\"@type\":\"Organization\",\"@id\":\"https:\\\/\\\/www.credimex.ch\\\/fr\\\/#organization\",\"name\":\"credimex\",\"url\":\"https:\\\/\\\/www.credimex.ch\\\/fr\\\/\",\"logo\":{\"@type\":\"ImageObject\",\"inLanguage\":\"fr-FR\",\"@id\":\"https:\\\/\\\/www.credimex.ch\\\/fr\\\/#\\\/schema\\\/logo\\\/image\\\/\",\"url\":\"https:\\\/\\\/www.credimex.ch\\\/wp-content\\\/uploads\\\/2022\\\/03\\\/cropped-logo-credimex.png\",\"contentUrl\":\"https:\\\/\\\/www.credimex.ch\\\/wp-content\\\/uploads\\\/2022\\\/03\\\/cropped-logo-credimex.png\",\"width\":512,\"height\":512,\"caption\":\"credimex\"},\"image\":{\"@id\":\"https:\\\/\\\/www.credimex.ch\\\/fr\\\/#\\\/schema\\\/logo\\\/image\\\/\"},\"sameAs\":[\"https:\\\/\\\/www.facebook.com\\\/credimex.alpnach\\\/\",\"https:\\\/\\\/www.linkedin.com\\\/company\\\/credimex\\\/\",\"https:\\\/\\\/www.youtube.com\\\/@CREDIMEX?sub_confirmation=1\"]}]}<\/script>\n<!-- \/ Yoast SEO Premium plugin. -->","yoast_head_json":{"title":"Accessoires pour ressorts \u00e0 gaz - CREDIMEX","description":"TGS propose diff\u00e9rents types d'accessoires pour ressorts \u00e0 gaz afin d'offrir une s\u00e9curit\u00e9 et une fonctionnalit\u00e9 suppl\u00e9mentaires.","robots":{"index":"index","follow":"follow","max-snippet":"max-snippet:-1","max-image-preview":"max-image-preview:large","max-video-preview":"max-video-preview:-1"},"canonical":"https:\/\/www.credimex.ch\/fr\/produit\/accessoires-pour-ressorts-a-gaz\/","og_locale":"fr_FR","og_type":"article","og_title":"Accessoires pour ressorts \u00e0 gaz","og_description":"TGS propose diff\u00e9rents types d'accessoires pour ressorts \u00e0 gaz afin d'offrir une s\u00e9curit\u00e9 et une fonctionnalit\u00e9 suppl\u00e9mentaires.","og_url":"https:\/\/www.credimex.ch\/fr\/produit\/accessoires-pour-ressorts-a-gaz\/","og_site_name":"CREDIMEX","article_publisher":"https:\/\/www.facebook.com\/credimex.alpnach\/","og_image":[{"width":300,"height":207,"url":"https:\/\/www.credimex.ch\/wp-content\/uploads\/2022\/07\/accessory.jpeg","type":"image\/jpeg"}],"twitter_card":"summary_large_image","schema":{"@context":"https:\/\/schema.org","@graph":[{"@type":"WebPage","@id":"https:\/\/www.credimex.ch\/fr\/produit\/accessoires-pour-ressorts-a-gaz\/","url":"https:\/\/www.credimex.ch\/fr\/produit\/accessoires-pour-ressorts-a-gaz\/","name":"Accessoires pour ressorts \u00e0 gaz - CREDIMEX","isPartOf":{"@id":"https:\/\/www.credimex.ch\/fr\/#website"},"primaryImageOfPage":{"@id":"https:\/\/www.credimex.ch\/fr\/produit\/accessoires-pour-ressorts-a-gaz\/#primaryimage"},"image":{"@id":"https:\/\/www.credimex.ch\/fr\/produit\/accessoires-pour-ressorts-a-gaz\/#primaryimage"},"thumbnailUrl":"https:\/\/www.credimex.ch\/wp-content\/uploads\/2022\/07\/accessory.jpeg","datePublished":"2022-07-08T13:06:51+00:00","description":"TGS propose diff\u00e9rents types d'accessoires pour ressorts \u00e0 gaz afin d'offrir une s\u00e9curit\u00e9 et une fonctionnalit\u00e9 suppl\u00e9mentaires.","breadcrumb":{"@id":"https:\/\/www.credimex.ch\/fr\/produit\/accessoires-pour-ressorts-a-gaz\/#breadcrumb"},"inLanguage":"fr-FR","potentialAction":[{"@type":"ReadAction","target":["https:\/\/www.credimex.ch\/fr\/produit\/accessoires-pour-ressorts-a-gaz\/"]}]},{"@type":"ImageObject","inLanguage":"fr-FR","@id":"https:\/\/www.credimex.ch\/fr\/produit\/accessoires-pour-ressorts-a-gaz\/#primaryimage","url":"https:\/\/www.credimex.ch\/wp-content\/uploads\/2022\/07\/accessory.jpeg","contentUrl":"https:\/\/www.credimex.ch\/wp-content\/uploads\/2022\/07\/accessory.jpeg","width":300,"height":207},{"@type":"BreadcrumbList","@id":"https:\/\/www.credimex.ch\/fr\/produit\/accessoires-pour-ressorts-a-gaz\/#breadcrumb","itemListElement":[{"@type":"ListItem","position":1,"name":"Home","item":"https:\/\/www.credimex.ch\/fr\/"},{"@type":"ListItem","position":2,"name":"Produits","item":"https:\/\/www.credimex.ch\/fr\/produits\/"},{"@type":"ListItem","position":3,"name":"Accessoires pour ressorts \u00e0 gaz"}]},{"@type":"WebSite","@id":"https:\/\/www.credimex.ch\/fr\/#website","url":"https:\/\/www.credimex.ch\/fr\/","name":"CREDIMEX","description":"Partner of Swiss Industrial Market","publisher":{"@id":"https:\/\/www.credimex.ch\/fr\/#organization"},"potentialAction":[{"@type":"SearchAction","target":{"@type":"EntryPoint","urlTemplate":"https:\/\/www.credimex.ch\/fr\/?s={search_term_string}"},"query-input":{"@type":"PropertyValueSpecification","valueRequired":true,"valueName":"search_term_string"}}],"inLanguage":"fr-FR"},{"@type":"Organization","@id":"https:\/\/www.credimex.ch\/fr\/#organization","name":"credimex","url":"https:\/\/www.credimex.ch\/fr\/","logo":{"@type":"ImageObject","inLanguage":"fr-FR","@id":"https:\/\/www.credimex.ch\/fr\/#\/schema\/logo\/image\/","url":"https:\/\/www.credimex.ch\/wp-content\/uploads\/2022\/03\/cropped-logo-credimex.png","contentUrl":"https:\/\/www.credimex.ch\/wp-content\/uploads\/2022\/03\/cropped-logo-credimex.png","width":512,"height":512,"caption":"credimex"},"image":{"@id":"https:\/\/www.credimex.ch\/fr\/#\/schema\/logo\/image\/"},"sameAs":["https:\/\/www.facebook.com\/credimex.alpnach\/","https:\/\/www.linkedin.com\/company\/credimex\/","https:\/\/www.youtube.com\/@CREDIMEX?sub_confirmation=1"]}]}},"_links":{"self":[{"href":"https:\/\/www.credimex.ch\/fr\/wp-json\/wp\/v2\/product\/3996","targetHints":{"allow":["GET"]}}],"collection":[{"href":"https:\/\/www.credimex.ch\/fr\/wp-json\/wp\/v2\/product"}],"about":[{"href":"https:\/\/www.credimex.ch\/fr\/wp-json\/wp\/v2\/types\/product"}],"replies":[{"embeddable":true,"href":"https:\/\/www.credimex.ch\/fr\/wp-json\/wp\/v2\/comments?post=3996"}],"wp:featuredmedia":[{"embeddable":true,"href":"https:\/\/www.credimex.ch\/fr\/wp-json\/wp\/v2\/media\/3514"}],"wp:attachment":[{"href":"https:\/\/www.credimex.ch\/fr\/wp-json\/wp\/v2\/media?parent=3996"}],"wp:term":[{"taxonomy":"product_brand","embeddable":true,"href":"https:\/\/www.credimex.ch\/fr\/wp-json\/wp\/v2\/product_brand?post=3996"},{"taxonomy":"product_cat","embeddable":true,"href":"https:\/\/www.credimex.ch\/fr\/wp-json\/wp\/v2\/product_cat?post=3996"},{"taxonomy":"product_tag","embeddable":true,"href":"https:\/\/www.credimex.ch\/fr\/wp-json\/wp\/v2\/product_tag?post=3996"}],"curies":[{"name":"wp","href":"https:\/\/api.w.org\/{rel}","templated":true}]}}