{"id":4000,"date":"2022-07-08T12:27:25","date_gmt":"2022-07-08T10:27:25","guid":{"rendered":"https:\/\/www.credimex.ch.mialias.net\/product\/connecteurs\/"},"modified":"2022-07-08T12:27:25","modified_gmt":"2022-07-08T10:27:25","slug":"connecteurs","status":"publish","type":"product","link":"https:\/\/www.credimex.ch\/fr\/produit\/connecteurs\/","title":{"rendered":"Connecteurs"},"content":{"rendered":"<h2>Description<\/h2>\n<p>Les connecteurs TGS pour ressorts \u00e0 gaz sont fabriqu\u00e9s en acier, en acier inoxydable, en aluminium et en plastique et sont disponibles avec de nombreuses options de traitement de surface. En plus de notre gamme de produits standard, nous proposons \u00e9galement des embouts de ressort \u00e0 gaz sur mesure.<\/p>\n<h2>Avantages du produit<\/h2>\n<ul>\n<li>Les connecteurs \u00e0 bille TGS sont fabriqu\u00e9s en acier de d\u00e9colletage 11SMnPb30+C (DIN 1.0718) qui est disponible avec 4 traitements de surface. En plus des douilles en acier, nous proposons \u00e9galement des options en plastique (PA66 GF30) avec un filetage en laiton.<\/li>\n<li>Les connecteurs \u00e0 rotule TGS sont fabriqu\u00e9s en acier de d\u00e9colletage 11SMnPb30+C (DIN 1.0718) qui est disponible avec 4 traitements de surface. En plus des douilles en acier, nous proposons \u00e9galement des options en plastique (PA66 GF30) avec un filetage en laiton et des goujons en acier.<\/li>\n<li>Les raccords \u00e0 oeil TGS sont fabriqu\u00e9s en acier de d\u00e9colletage 11SMnPb30+C (DIN 1.0718) qui est disponible avec 4 traitements de surface.<\/li>\n<li>Les connecteurs de chape TGS sont fabriqu\u00e9s en acier de d\u00e9colletage 11SMnPb30+C (DIN 1.0718) qui est disponible avec 4 traitements de surface.<\/li>\n<li>Les accessoires TGS Connector sont fabriqu\u00e9s \u00e0 partir de diff\u00e9rents types d&rsquo;acier avec 4 traitements de surface diff\u00e9rents.<\/li>\n<li>Les connecteurs de chape TGS M-Joint sont fabriqu\u00e9s en acier de d\u00e9colletage 11SMnPb30+C (DIN 1.0718) qui est disponible avec 4 traitements de surface.<\/li>\n<\/ul>\n<h2>Application<\/h2>\n<p>La gamme de produits est con\u00e7ue pour une grande vari\u00e9t\u00e9 d&rsquo;applications industrielles.<\/p>\n","protected":false},"excerpt":{"rendered":"<p>Les <strong>connecteurs TGS pour ressorts \u00e0 gaz<\/strong> sont fabriqu\u00e9s en acier, en acier inoxydable, en aluminium et en plastique et sont disponibles avec de nombreuses options de traitement de surface.<\/p>\n","protected":false},"featured_media":3510,"comment_status":"open","ping_status":"closed","template":"","meta":{"_acf_changed":false},"product_brand":[],"product_cat":[550,341,340,413,376,411,384,475,375,361,360,414,544,412,570],"product_tag":[],"class_list":{"0":"post-4000","1":"product","2":"type-product","3":"status-publish","4":"has-post-thumbnail","6":"product_cat-absorption-denergie","7":"product_cat-aerospatiale","8":"product_cat-automobile","9":"product_cat-batteries","10":"product_cat-e-mobilite","11":"product_cat-electronique","12":"product_cat-energie","13":"product_cat-fabrication-de-montres","14":"product_cat-ferroviaire","15":"product_cat-industrie-alimentaire","16":"product_cat-industrie-generale","17":"product_cat-medical","18":"product_cat-ressorts-a-gaz","19":"product_cat-telepheriques","20":"product_cat-tgs","21":"pa_brands-tgs-fr","23":"first","24":"instock","25":"shipping-taxable","26":"product-type-simple"},"acf":[],"_yoast_wpseo_focuskw":"Ressort \u00e0 gaz TGS Connecteurs","_yoast_wpseo_metadesc":"Les connecteurs TGS pour ressorts \u00e0 gaz sont fabriqu\u00e9s en acier, en acier inoxydable, en aluminium et en plastique et sont disponibles avec de nombreuses options de traitement de surface.","yoast_head":"<!-- This site is optimized with the Yoast SEO Premium plugin v21.6 (Yoast SEO v27.4) - https:\/\/yoast.com\/product\/yoast-seo-premium-wordpress\/ -->\n<title>Connecteurs - CREDIMEX<\/title>\n<meta name=\"description\" content=\"Les connecteurs TGS pour ressorts \u00e0 gaz sont fabriqu\u00e9s en acier, en acier inoxydable, en aluminium et en plastique et sont disponibles avec de nombreuses options de traitement de surface.\" \/>\n<meta name=\"robots\" content=\"index, follow, max-snippet:-1, max-image-preview:large, max-video-preview:-1\" \/>\n<link rel=\"canonical\" href=\"https:\/\/www.credimex.ch\/fr\/produit\/connecteurs\/\" \/>\n<meta property=\"og:locale\" content=\"fr_FR\" \/>\n<meta property=\"og:type\" content=\"article\" \/>\n<meta property=\"og:title\" content=\"Connecteurs\" \/>\n<meta property=\"og:description\" content=\"Les connecteurs TGS pour ressorts \u00e0 gaz sont fabriqu\u00e9s en acier, en acier inoxydable, en aluminium et en plastique et sont disponibles avec de nombreuses options de traitement de surface.\" \/>\n<meta property=\"og:url\" content=\"https:\/\/www.credimex.ch\/fr\/produit\/connecteurs\/\" \/>\n<meta property=\"og:site_name\" content=\"CREDIMEX\" \/>\n<meta property=\"article:publisher\" content=\"https:\/\/www.facebook.com\/credimex.alpnach\/\" \/>\n<meta property=\"og:image\" content=\"https:\/\/www.credimex.ch\/wp-content\/uploads\/2022\/07\/connector.jpeg\" \/>\n\t<meta property=\"og:image:width\" content=\"300\" \/>\n\t<meta property=\"og:image:height\" content=\"207\" \/>\n\t<meta property=\"og:image:type\" content=\"image\/jpeg\" \/>\n<meta name=\"twitter:card\" content=\"summary_large_image\" \/>\n<meta name=\"twitter:label1\" content=\"Dur\u00e9e de lecture estim\u00e9e\" \/>\n\t<meta name=\"twitter:data1\" content=\"1 minute\" \/>\n<script type=\"application\/ld+json\" class=\"yoast-schema-graph\">{\"@context\":\"https:\\\/\\\/schema.org\",\"@graph\":[{\"@type\":\"WebPage\",\"@id\":\"https:\\\/\\\/www.credimex.ch\\\/fr\\\/produit\\\/connecteurs\\\/\",\"url\":\"https:\\\/\\\/www.credimex.ch\\\/fr\\\/produit\\\/connecteurs\\\/\",\"name\":\"Connecteurs - CREDIMEX\",\"isPartOf\":{\"@id\":\"https:\\\/\\\/www.credimex.ch\\\/fr\\\/#website\"},\"primaryImageOfPage\":{\"@id\":\"https:\\\/\\\/www.credimex.ch\\\/fr\\\/produit\\\/connecteurs\\\/#primaryimage\"},\"image\":{\"@id\":\"https:\\\/\\\/www.credimex.ch\\\/fr\\\/produit\\\/connecteurs\\\/#primaryimage\"},\"thumbnailUrl\":\"https:\\\/\\\/www.credimex.ch\\\/wp-content\\\/uploads\\\/2022\\\/07\\\/connector.jpeg\",\"datePublished\":\"2022-07-08T10:27:25+00:00\",\"description\":\"Les connecteurs TGS pour ressorts \u00e0 gaz sont fabriqu\u00e9s en acier, en acier inoxydable, en aluminium et en plastique et sont disponibles avec de nombreuses options de traitement de surface.\",\"breadcrumb\":{\"@id\":\"https:\\\/\\\/www.credimex.ch\\\/fr\\\/produit\\\/connecteurs\\\/#breadcrumb\"},\"inLanguage\":\"fr-FR\",\"potentialAction\":[{\"@type\":\"ReadAction\",\"target\":[\"https:\\\/\\\/www.credimex.ch\\\/fr\\\/produit\\\/connecteurs\\\/\"]}]},{\"@type\":\"ImageObject\",\"inLanguage\":\"fr-FR\",\"@id\":\"https:\\\/\\\/www.credimex.ch\\\/fr\\\/produit\\\/connecteurs\\\/#primaryimage\",\"url\":\"https:\\\/\\\/www.credimex.ch\\\/wp-content\\\/uploads\\\/2022\\\/07\\\/connector.jpeg\",\"contentUrl\":\"https:\\\/\\\/www.credimex.ch\\\/wp-content\\\/uploads\\\/2022\\\/07\\\/connector.jpeg\",\"width\":300,\"height\":207},{\"@type\":\"BreadcrumbList\",\"@id\":\"https:\\\/\\\/www.credimex.ch\\\/fr\\\/produit\\\/connecteurs\\\/#breadcrumb\",\"itemListElement\":[{\"@type\":\"ListItem\",\"position\":1,\"name\":\"Home\",\"item\":\"https:\\\/\\\/www.credimex.ch\\\/fr\\\/\"},{\"@type\":\"ListItem\",\"position\":2,\"name\":\"Produits\",\"item\":\"https:\\\/\\\/www.credimex.ch\\\/fr\\\/produits\\\/\"},{\"@type\":\"ListItem\",\"position\":3,\"name\":\"Connecteurs\"}]},{\"@type\":\"WebSite\",\"@id\":\"https:\\\/\\\/www.credimex.ch\\\/fr\\\/#website\",\"url\":\"https:\\\/\\\/www.credimex.ch\\\/fr\\\/\",\"name\":\"CREDIMEX\",\"description\":\"Partner of Swiss Industrial Market\",\"publisher\":{\"@id\":\"https:\\\/\\\/www.credimex.ch\\\/fr\\\/#organization\"},\"potentialAction\":[{\"@type\":\"SearchAction\",\"target\":{\"@type\":\"EntryPoint\",\"urlTemplate\":\"https:\\\/\\\/www.credimex.ch\\\/fr\\\/?s={search_term_string}\"},\"query-input\":{\"@type\":\"PropertyValueSpecification\",\"valueRequired\":true,\"valueName\":\"search_term_string\"}}],\"inLanguage\":\"fr-FR\"},{\"@type\":\"Organization\",\"@id\":\"https:\\\/\\\/www.credimex.ch\\\/fr\\\/#organization\",\"name\":\"credimex\",\"url\":\"https:\\\/\\\/www.credimex.ch\\\/fr\\\/\",\"logo\":{\"@type\":\"ImageObject\",\"inLanguage\":\"fr-FR\",\"@id\":\"https:\\\/\\\/www.credimex.ch\\\/fr\\\/#\\\/schema\\\/logo\\\/image\\\/\",\"url\":\"https:\\\/\\\/www.credimex.ch\\\/wp-content\\\/uploads\\\/2022\\\/03\\\/cropped-logo-credimex.png\",\"contentUrl\":\"https:\\\/\\\/www.credimex.ch\\\/wp-content\\\/uploads\\\/2022\\\/03\\\/cropped-logo-credimex.png\",\"width\":512,\"height\":512,\"caption\":\"credimex\"},\"image\":{\"@id\":\"https:\\\/\\\/www.credimex.ch\\\/fr\\\/#\\\/schema\\\/logo\\\/image\\\/\"},\"sameAs\":[\"https:\\\/\\\/www.facebook.com\\\/credimex.alpnach\\\/\",\"https:\\\/\\\/www.linkedin.com\\\/company\\\/credimex\\\/\",\"https:\\\/\\\/www.youtube.com\\\/@CREDIMEX?sub_confirmation=1\"]}]}<\/script>\n<!-- \/ Yoast SEO Premium plugin. -->","yoast_head_json":{"title":"Connecteurs - CREDIMEX","description":"Les connecteurs TGS pour ressorts \u00e0 gaz sont fabriqu\u00e9s en acier, en acier inoxydable, en aluminium et en plastique et sont disponibles avec de nombreuses options de traitement de surface.","robots":{"index":"index","follow":"follow","max-snippet":"max-snippet:-1","max-image-preview":"max-image-preview:large","max-video-preview":"max-video-preview:-1"},"canonical":"https:\/\/www.credimex.ch\/fr\/produit\/connecteurs\/","og_locale":"fr_FR","og_type":"article","og_title":"Connecteurs","og_description":"Les connecteurs TGS pour ressorts \u00e0 gaz sont fabriqu\u00e9s en acier, en acier inoxydable, en aluminium et en plastique et sont disponibles avec de nombreuses options de traitement de surface.","og_url":"https:\/\/www.credimex.ch\/fr\/produit\/connecteurs\/","og_site_name":"CREDIMEX","article_publisher":"https:\/\/www.facebook.com\/credimex.alpnach\/","og_image":[{"width":300,"height":207,"url":"https:\/\/www.credimex.ch\/wp-content\/uploads\/2022\/07\/connector.jpeg","type":"image\/jpeg"}],"twitter_card":"summary_large_image","twitter_misc":{"Dur\u00e9e de lecture estim\u00e9e":"1 minute"},"schema":{"@context":"https:\/\/schema.org","@graph":[{"@type":"WebPage","@id":"https:\/\/www.credimex.ch\/fr\/produit\/connecteurs\/","url":"https:\/\/www.credimex.ch\/fr\/produit\/connecteurs\/","name":"Connecteurs - CREDIMEX","isPartOf":{"@id":"https:\/\/www.credimex.ch\/fr\/#website"},"primaryImageOfPage":{"@id":"https:\/\/www.credimex.ch\/fr\/produit\/connecteurs\/#primaryimage"},"image":{"@id":"https:\/\/www.credimex.ch\/fr\/produit\/connecteurs\/#primaryimage"},"thumbnailUrl":"https:\/\/www.credimex.ch\/wp-content\/uploads\/2022\/07\/connector.jpeg","datePublished":"2022-07-08T10:27:25+00:00","description":"Les connecteurs TGS pour ressorts \u00e0 gaz sont fabriqu\u00e9s en acier, en acier inoxydable, en aluminium et en plastique et sont disponibles avec de nombreuses options de traitement de surface.","breadcrumb":{"@id":"https:\/\/www.credimex.ch\/fr\/produit\/connecteurs\/#breadcrumb"},"inLanguage":"fr-FR","potentialAction":[{"@type":"ReadAction","target":["https:\/\/www.credimex.ch\/fr\/produit\/connecteurs\/"]}]},{"@type":"ImageObject","inLanguage":"fr-FR","@id":"https:\/\/www.credimex.ch\/fr\/produit\/connecteurs\/#primaryimage","url":"https:\/\/www.credimex.ch\/wp-content\/uploads\/2022\/07\/connector.jpeg","contentUrl":"https:\/\/www.credimex.ch\/wp-content\/uploads\/2022\/07\/connector.jpeg","width":300,"height":207},{"@type":"BreadcrumbList","@id":"https:\/\/www.credimex.ch\/fr\/produit\/connecteurs\/#breadcrumb","itemListElement":[{"@type":"ListItem","position":1,"name":"Home","item":"https:\/\/www.credimex.ch\/fr\/"},{"@type":"ListItem","position":2,"name":"Produits","item":"https:\/\/www.credimex.ch\/fr\/produits\/"},{"@type":"ListItem","position":3,"name":"Connecteurs"}]},{"@type":"WebSite","@id":"https:\/\/www.credimex.ch\/fr\/#website","url":"https:\/\/www.credimex.ch\/fr\/","name":"CREDIMEX","description":"Partner of Swiss Industrial Market","publisher":{"@id":"https:\/\/www.credimex.ch\/fr\/#organization"},"potentialAction":[{"@type":"SearchAction","target":{"@type":"EntryPoint","urlTemplate":"https:\/\/www.credimex.ch\/fr\/?s={search_term_string}"},"query-input":{"@type":"PropertyValueSpecification","valueRequired":true,"valueName":"search_term_string"}}],"inLanguage":"fr-FR"},{"@type":"Organization","@id":"https:\/\/www.credimex.ch\/fr\/#organization","name":"credimex","url":"https:\/\/www.credimex.ch\/fr\/","logo":{"@type":"ImageObject","inLanguage":"fr-FR","@id":"https:\/\/www.credimex.ch\/fr\/#\/schema\/logo\/image\/","url":"https:\/\/www.credimex.ch\/wp-content\/uploads\/2022\/03\/cropped-logo-credimex.png","contentUrl":"https:\/\/www.credimex.ch\/wp-content\/uploads\/2022\/03\/cropped-logo-credimex.png","width":512,"height":512,"caption":"credimex"},"image":{"@id":"https:\/\/www.credimex.ch\/fr\/#\/schema\/logo\/image\/"},"sameAs":["https:\/\/www.facebook.com\/credimex.alpnach\/","https:\/\/www.linkedin.com\/company\/credimex\/","https:\/\/www.youtube.com\/@CREDIMEX?sub_confirmation=1"]}]}},"_links":{"self":[{"href":"https:\/\/www.credimex.ch\/fr\/wp-json\/wp\/v2\/product\/4000","targetHints":{"allow":["GET"]}}],"collection":[{"href":"https:\/\/www.credimex.ch\/fr\/wp-json\/wp\/v2\/product"}],"about":[{"href":"https:\/\/www.credimex.ch\/fr\/wp-json\/wp\/v2\/types\/product"}],"replies":[{"embeddable":true,"href":"https:\/\/www.credimex.ch\/fr\/wp-json\/wp\/v2\/comments?post=4000"}],"wp:featuredmedia":[{"embeddable":true,"href":"https:\/\/www.credimex.ch\/fr\/wp-json\/wp\/v2\/media\/3510"}],"wp:attachment":[{"href":"https:\/\/www.credimex.ch\/fr\/wp-json\/wp\/v2\/media?parent=4000"}],"wp:term":[{"taxonomy":"product_brand","embeddable":true,"href":"https:\/\/www.credimex.ch\/fr\/wp-json\/wp\/v2\/product_brand?post=4000"},{"taxonomy":"product_cat","embeddable":true,"href":"https:\/\/www.credimex.ch\/fr\/wp-json\/wp\/v2\/product_cat?post=4000"},{"taxonomy":"product_tag","embeddable":true,"href":"https:\/\/www.credimex.ch\/fr\/wp-json\/wp\/v2\/product_tag?post=4000"}],"curies":[{"name":"wp","href":"https:\/\/api.w.org\/{rel}","templated":true}]}}