{"id":4004,"date":"2022-07-08T12:16:49","date_gmt":"2022-07-08T10:16:49","guid":{"rendered":"https:\/\/www.credimex.ch.mialias.net\/product\/t-traction\/"},"modified":"2022-07-08T12:16:49","modified_gmt":"2022-07-08T10:16:49","slug":"t-traction-2","status":"publish","type":"product","link":"https:\/\/www.credimex.ch\/fr\/produit\/t-traction-2\/","title":{"rendered":"T-Traction"},"content":{"rendered":"<h2>Description<\/h2>\n<p>Les ressorts \u00e0 gaz T-Traction fonctionnent de mani\u00e8re oppos\u00e9e aux ressorts \u00e0 gaz standard de type lift. La tige du piston est dans un \u00e9tat non charg\u00e9 \u00e0 l&rsquo;int\u00e9rieur du cylindre, et lorsqu&rsquo;elle est sortie, la force va tenter de la ramener dans le cylindre. La s\u00e9rie T-Traction est disponible en acier peint en noir et en acier inoxydable AISI316.<\/p>\n<h2>Avantages du produit<\/h2>\n<ul>\n<li>Les ressorts \u00e0 gaz TGS T-Traction fonctionnent \u00e0 l&rsquo;inverse des ressorts \u00e0 gaz de compression (usage g\u00e9n\u00e9ral) ; ils se r\u00e9tractent plut\u00f4t que de s&rsquo;\u00e9tendre.<\/li>\n<li>Le piston est dans un \u00e9tat non charg\u00e9 \u00e0 l&rsquo;int\u00e9rieur du cylindre, et lorsqu&rsquo;il est charg\u00e9 et sorti, la force va tenter de le ramener dans le cylindre.<\/li>\n<li>Le tube est peint en noir et la tige a re\u00e7u un traitement anti-corrosion appel\u00e9 Nitrider. Cependant, selon vos besoins, nous sommes en mesure de proposer cette s\u00e9rie en acier inoxydable (SAE316).<\/li>\n<\/ul>\n<h2>Application<\/h2>\n<p>La gamme de produits est con\u00e7ue pour une grande vari\u00e9t\u00e9 d&rsquo;applications industrielles.<\/p>\n","protected":false},"excerpt":{"rendered":"<p>Les ressorts \u00e0 gaz <strong>TGS T-Traction<\/strong> fonctionnent de mani\u00e8re oppos\u00e9e aux ressorts \u00e0 gaz standard de type lift.<\/p>\n","protected":false},"featured_media":3504,"comment_status":"open","ping_status":"closed","template":"","meta":{"_acf_changed":false},"product_brand":[],"product_cat":[550,341,340,413,376,411,384,475,375,361,360,414,544,412,570],"product_tag":[],"class_list":{"0":"post-4004","1":"product","2":"type-product","3":"status-publish","4":"has-post-thumbnail","6":"product_cat-absorption-denergie","7":"product_cat-aerospatiale","8":"product_cat-automobile","9":"product_cat-batteries","10":"product_cat-e-mobilite","11":"product_cat-electronique","12":"product_cat-energie","13":"product_cat-fabrication-de-montres","14":"product_cat-ferroviaire","15":"product_cat-industrie-alimentaire","16":"product_cat-industrie-generale","17":"product_cat-medical","18":"product_cat-ressorts-a-gaz","19":"product_cat-telepheriques","20":"product_cat-tgs","21":"pa_brands-tgs-fr","23":"first","24":"instock","25":"shipping-taxable","26":"product-type-simple"},"acf":[],"_yoast_wpseo_focuskw":"TGS T-traction","_yoast_wpseo_metadesc":"Les ressorts \u00e0 gaz TGS T-Traction fonctionnent de mani\u00e8re oppos\u00e9e aux ressorts \u00e0 gaz standard de type lift.","yoast_head":"<!-- This site is optimized with the Yoast SEO Premium plugin v21.6 (Yoast SEO v27.4) - https:\/\/yoast.com\/product\/yoast-seo-premium-wordpress\/ -->\n<title>T-Traction - CREDIMEX<\/title>\n<meta name=\"description\" content=\"Les ressorts \u00e0 gaz TGS T-Traction fonctionnent de mani\u00e8re oppos\u00e9e aux ressorts \u00e0 gaz standard de type lift.\" \/>\n<meta name=\"robots\" content=\"index, follow, max-snippet:-1, max-image-preview:large, max-video-preview:-1\" \/>\n<link rel=\"canonical\" href=\"https:\/\/www.credimex.ch\/fr\/produit\/t-traction-2\/\" \/>\n<meta property=\"og:locale\" content=\"fr_FR\" \/>\n<meta property=\"og:type\" content=\"article\" \/>\n<meta property=\"og:title\" content=\"T-Traction\" \/>\n<meta property=\"og:description\" content=\"Les ressorts \u00e0 gaz TGS T-Traction fonctionnent de mani\u00e8re oppos\u00e9e aux ressorts \u00e0 gaz standard de type lift.\" \/>\n<meta property=\"og:url\" content=\"https:\/\/www.credimex.ch\/fr\/produit\/t-traction-2\/\" \/>\n<meta property=\"og:site_name\" content=\"CREDIMEX\" \/>\n<meta property=\"article:publisher\" content=\"https:\/\/www.facebook.com\/credimex.alpnach\/\" \/>\n<meta property=\"og:image\" content=\"https:\/\/www.credimex.ch\/wp-content\/uploads\/2022\/07\/t-traction.jpeg\" \/>\n\t<meta property=\"og:image:width\" content=\"300\" \/>\n\t<meta property=\"og:image:height\" content=\"207\" \/>\n\t<meta property=\"og:image:type\" content=\"image\/jpeg\" \/>\n<meta name=\"twitter:card\" content=\"summary_large_image\" \/>\n<meta name=\"twitter:label1\" content=\"Dur\u00e9e de lecture estim\u00e9e\" \/>\n\t<meta name=\"twitter:data1\" content=\"1 minute\" \/>\n<script type=\"application\/ld+json\" class=\"yoast-schema-graph\">{\"@context\":\"https:\\\/\\\/schema.org\",\"@graph\":[{\"@type\":\"WebPage\",\"@id\":\"https:\\\/\\\/www.credimex.ch\\\/fr\\\/produit\\\/t-traction-2\\\/\",\"url\":\"https:\\\/\\\/www.credimex.ch\\\/fr\\\/produit\\\/t-traction-2\\\/\",\"name\":\"T-Traction - CREDIMEX\",\"isPartOf\":{\"@id\":\"https:\\\/\\\/www.credimex.ch\\\/fr\\\/#website\"},\"primaryImageOfPage\":{\"@id\":\"https:\\\/\\\/www.credimex.ch\\\/fr\\\/produit\\\/t-traction-2\\\/#primaryimage\"},\"image\":{\"@id\":\"https:\\\/\\\/www.credimex.ch\\\/fr\\\/produit\\\/t-traction-2\\\/#primaryimage\"},\"thumbnailUrl\":\"https:\\\/\\\/www.credimex.ch\\\/wp-content\\\/uploads\\\/2022\\\/07\\\/t-traction.jpeg\",\"datePublished\":\"2022-07-08T10:16:49+00:00\",\"description\":\"Les ressorts \u00e0 gaz TGS T-Traction fonctionnent de mani\u00e8re oppos\u00e9e aux ressorts \u00e0 gaz standard de type lift.\",\"breadcrumb\":{\"@id\":\"https:\\\/\\\/www.credimex.ch\\\/fr\\\/produit\\\/t-traction-2\\\/#breadcrumb\"},\"inLanguage\":\"fr-FR\",\"potentialAction\":[{\"@type\":\"ReadAction\",\"target\":[\"https:\\\/\\\/www.credimex.ch\\\/fr\\\/produit\\\/t-traction-2\\\/\"]}]},{\"@type\":\"ImageObject\",\"inLanguage\":\"fr-FR\",\"@id\":\"https:\\\/\\\/www.credimex.ch\\\/fr\\\/produit\\\/t-traction-2\\\/#primaryimage\",\"url\":\"https:\\\/\\\/www.credimex.ch\\\/wp-content\\\/uploads\\\/2022\\\/07\\\/t-traction.jpeg\",\"contentUrl\":\"https:\\\/\\\/www.credimex.ch\\\/wp-content\\\/uploads\\\/2022\\\/07\\\/t-traction.jpeg\",\"width\":300,\"height\":207},{\"@type\":\"BreadcrumbList\",\"@id\":\"https:\\\/\\\/www.credimex.ch\\\/fr\\\/produit\\\/t-traction-2\\\/#breadcrumb\",\"itemListElement\":[{\"@type\":\"ListItem\",\"position\":1,\"name\":\"Home\",\"item\":\"https:\\\/\\\/www.credimex.ch\\\/fr\\\/\"},{\"@type\":\"ListItem\",\"position\":2,\"name\":\"Produits\",\"item\":\"https:\\\/\\\/www.credimex.ch\\\/fr\\\/produits\\\/\"},{\"@type\":\"ListItem\",\"position\":3,\"name\":\"T-Traction\"}]},{\"@type\":\"WebSite\",\"@id\":\"https:\\\/\\\/www.credimex.ch\\\/fr\\\/#website\",\"url\":\"https:\\\/\\\/www.credimex.ch\\\/fr\\\/\",\"name\":\"CREDIMEX\",\"description\":\"Partner of Swiss Industrial Market\",\"publisher\":{\"@id\":\"https:\\\/\\\/www.credimex.ch\\\/fr\\\/#organization\"},\"potentialAction\":[{\"@type\":\"SearchAction\",\"target\":{\"@type\":\"EntryPoint\",\"urlTemplate\":\"https:\\\/\\\/www.credimex.ch\\\/fr\\\/?s={search_term_string}\"},\"query-input\":{\"@type\":\"PropertyValueSpecification\",\"valueRequired\":true,\"valueName\":\"search_term_string\"}}],\"inLanguage\":\"fr-FR\"},{\"@type\":\"Organization\",\"@id\":\"https:\\\/\\\/www.credimex.ch\\\/fr\\\/#organization\",\"name\":\"credimex\",\"url\":\"https:\\\/\\\/www.credimex.ch\\\/fr\\\/\",\"logo\":{\"@type\":\"ImageObject\",\"inLanguage\":\"fr-FR\",\"@id\":\"https:\\\/\\\/www.credimex.ch\\\/fr\\\/#\\\/schema\\\/logo\\\/image\\\/\",\"url\":\"https:\\\/\\\/www.credimex.ch\\\/wp-content\\\/uploads\\\/2022\\\/03\\\/cropped-logo-credimex.png\",\"contentUrl\":\"https:\\\/\\\/www.credimex.ch\\\/wp-content\\\/uploads\\\/2022\\\/03\\\/cropped-logo-credimex.png\",\"width\":512,\"height\":512,\"caption\":\"credimex\"},\"image\":{\"@id\":\"https:\\\/\\\/www.credimex.ch\\\/fr\\\/#\\\/schema\\\/logo\\\/image\\\/\"},\"sameAs\":[\"https:\\\/\\\/www.facebook.com\\\/credimex.alpnach\\\/\",\"https:\\\/\\\/www.linkedin.com\\\/company\\\/credimex\\\/\",\"https:\\\/\\\/www.youtube.com\\\/@CREDIMEX?sub_confirmation=1\"]}]}<\/script>\n<!-- \/ Yoast SEO Premium plugin. -->","yoast_head_json":{"title":"T-Traction - CREDIMEX","description":"Les ressorts \u00e0 gaz TGS T-Traction fonctionnent de mani\u00e8re oppos\u00e9e aux ressorts \u00e0 gaz standard de type lift.","robots":{"index":"index","follow":"follow","max-snippet":"max-snippet:-1","max-image-preview":"max-image-preview:large","max-video-preview":"max-video-preview:-1"},"canonical":"https:\/\/www.credimex.ch\/fr\/produit\/t-traction-2\/","og_locale":"fr_FR","og_type":"article","og_title":"T-Traction","og_description":"Les ressorts \u00e0 gaz TGS T-Traction fonctionnent de mani\u00e8re oppos\u00e9e aux ressorts \u00e0 gaz standard de type lift.","og_url":"https:\/\/www.credimex.ch\/fr\/produit\/t-traction-2\/","og_site_name":"CREDIMEX","article_publisher":"https:\/\/www.facebook.com\/credimex.alpnach\/","og_image":[{"width":300,"height":207,"url":"https:\/\/www.credimex.ch\/wp-content\/uploads\/2022\/07\/t-traction.jpeg","type":"image\/jpeg"}],"twitter_card":"summary_large_image","twitter_misc":{"Dur\u00e9e de lecture estim\u00e9e":"1 minute"},"schema":{"@context":"https:\/\/schema.org","@graph":[{"@type":"WebPage","@id":"https:\/\/www.credimex.ch\/fr\/produit\/t-traction-2\/","url":"https:\/\/www.credimex.ch\/fr\/produit\/t-traction-2\/","name":"T-Traction - CREDIMEX","isPartOf":{"@id":"https:\/\/www.credimex.ch\/fr\/#website"},"primaryImageOfPage":{"@id":"https:\/\/www.credimex.ch\/fr\/produit\/t-traction-2\/#primaryimage"},"image":{"@id":"https:\/\/www.credimex.ch\/fr\/produit\/t-traction-2\/#primaryimage"},"thumbnailUrl":"https:\/\/www.credimex.ch\/wp-content\/uploads\/2022\/07\/t-traction.jpeg","datePublished":"2022-07-08T10:16:49+00:00","description":"Les ressorts \u00e0 gaz TGS T-Traction fonctionnent de mani\u00e8re oppos\u00e9e aux ressorts \u00e0 gaz standard de type lift.","breadcrumb":{"@id":"https:\/\/www.credimex.ch\/fr\/produit\/t-traction-2\/#breadcrumb"},"inLanguage":"fr-FR","potentialAction":[{"@type":"ReadAction","target":["https:\/\/www.credimex.ch\/fr\/produit\/t-traction-2\/"]}]},{"@type":"ImageObject","inLanguage":"fr-FR","@id":"https:\/\/www.credimex.ch\/fr\/produit\/t-traction-2\/#primaryimage","url":"https:\/\/www.credimex.ch\/wp-content\/uploads\/2022\/07\/t-traction.jpeg","contentUrl":"https:\/\/www.credimex.ch\/wp-content\/uploads\/2022\/07\/t-traction.jpeg","width":300,"height":207},{"@type":"BreadcrumbList","@id":"https:\/\/www.credimex.ch\/fr\/produit\/t-traction-2\/#breadcrumb","itemListElement":[{"@type":"ListItem","position":1,"name":"Home","item":"https:\/\/www.credimex.ch\/fr\/"},{"@type":"ListItem","position":2,"name":"Produits","item":"https:\/\/www.credimex.ch\/fr\/produits\/"},{"@type":"ListItem","position":3,"name":"T-Traction"}]},{"@type":"WebSite","@id":"https:\/\/www.credimex.ch\/fr\/#website","url":"https:\/\/www.credimex.ch\/fr\/","name":"CREDIMEX","description":"Partner of Swiss Industrial Market","publisher":{"@id":"https:\/\/www.credimex.ch\/fr\/#organization"},"potentialAction":[{"@type":"SearchAction","target":{"@type":"EntryPoint","urlTemplate":"https:\/\/www.credimex.ch\/fr\/?s={search_term_string}"},"query-input":{"@type":"PropertyValueSpecification","valueRequired":true,"valueName":"search_term_string"}}],"inLanguage":"fr-FR"},{"@type":"Organization","@id":"https:\/\/www.credimex.ch\/fr\/#organization","name":"credimex","url":"https:\/\/www.credimex.ch\/fr\/","logo":{"@type":"ImageObject","inLanguage":"fr-FR","@id":"https:\/\/www.credimex.ch\/fr\/#\/schema\/logo\/image\/","url":"https:\/\/www.credimex.ch\/wp-content\/uploads\/2022\/03\/cropped-logo-credimex.png","contentUrl":"https:\/\/www.credimex.ch\/wp-content\/uploads\/2022\/03\/cropped-logo-credimex.png","width":512,"height":512,"caption":"credimex"},"image":{"@id":"https:\/\/www.credimex.ch\/fr\/#\/schema\/logo\/image\/"},"sameAs":["https:\/\/www.facebook.com\/credimex.alpnach\/","https:\/\/www.linkedin.com\/company\/credimex\/","https:\/\/www.youtube.com\/@CREDIMEX?sub_confirmation=1"]}]}},"_links":{"self":[{"href":"https:\/\/www.credimex.ch\/fr\/wp-json\/wp\/v2\/product\/4004","targetHints":{"allow":["GET"]}}],"collection":[{"href":"https:\/\/www.credimex.ch\/fr\/wp-json\/wp\/v2\/product"}],"about":[{"href":"https:\/\/www.credimex.ch\/fr\/wp-json\/wp\/v2\/types\/product"}],"replies":[{"embeddable":true,"href":"https:\/\/www.credimex.ch\/fr\/wp-json\/wp\/v2\/comments?post=4004"}],"wp:featuredmedia":[{"embeddable":true,"href":"https:\/\/www.credimex.ch\/fr\/wp-json\/wp\/v2\/media\/3504"}],"wp:attachment":[{"href":"https:\/\/www.credimex.ch\/fr\/wp-json\/wp\/v2\/media?parent=4004"}],"wp:term":[{"taxonomy":"product_brand","embeddable":true,"href":"https:\/\/www.credimex.ch\/fr\/wp-json\/wp\/v2\/product_brand?post=4004"},{"taxonomy":"product_cat","embeddable":true,"href":"https:\/\/www.credimex.ch\/fr\/wp-json\/wp\/v2\/product_cat?post=4004"},{"taxonomy":"product_tag","embeddable":true,"href":"https:\/\/www.credimex.ch\/fr\/wp-json\/wp\/v2\/product_tag?post=4004"}],"curies":[{"name":"wp","href":"https:\/\/api.w.org\/{rel}","templated":true}]}}