{"id":4006,"date":"2022-07-08T12:12:51","date_gmt":"2022-07-08T10:12:51","guid":{"rendered":"https:\/\/www.credimex.ch.mialias.net\/product\/t-click\/"},"modified":"2022-07-08T12:12:51","modified_gmt":"2022-07-08T10:12:51","slug":"t-cliquez-sur","status":"publish","type":"product","link":"https:\/\/www.credimex.ch\/fr\/produit\/t-cliquez-sur\/","title":{"rendered":"T-Click"},"content":{"rendered":"<h2>Description<\/h2>\n<p>Les ressorts \u00e0 gaz de la s\u00e9rie Lift sont le groupe de produits le plus populaire de TGS depuis des d\u00e9cennies. La fonction principale de ce type est de soulever ou de contrebalancer des couvercles, des trappes ou des applications similaires.<\/p>\n<h2>Avantages du produit<\/h2>\n<ul>\n<li>T-CLICK\u00ae est un nouveau membre de la gamme de production TGS avec de nouvelles caract\u00e9ristiques.<\/li>\n<li>L&rsquo;arr\u00eat en position comprim\u00e9e est sa principale caract\u00e9ristique. Comme le principe du stylo \u00e0 bille, le verrou peut \u00eatre d\u00e9verrouill\u00e9 par une l\u00e9g\u00e8re pression ; le ressort \u00e0 gaz s&rsquo;\u00e9tend alors de lui-m\u00eame.<\/li>\n<li>Le T-CLICK est g\u00e9n\u00e9ralement utilis\u00e9 dans l&rsquo;ameublement, par exemple dans les bandes de connexion encastr\u00e9es dans les compartiments de bar, les tables de conf\u00e9rence, les dossiers de canap\u00e9s, les accoudoirs et le r\u00e9glage des appuie-t\u00eate.<\/li>\n<li>En plus du soutien de la force, le ressort \u00e0 gaz T-CLICK avec but\u00e9e de fin de course assure \u00e9galement un verrouillage m\u00e9canique s\u00fbr de l&rsquo;application en position sortie.<\/li>\n<li>Le T-CLICK est produit avec un diam\u00e8tre de tige\/tube de 8\/18 mm. La force varie de 300N \u00e0 500N selon l&rsquo;endroit o\u00f9 elle est utilis\u00e9e.<\/li>\n<\/ul>\n<h2>Application<\/h2>\n<p>Les ressorts \u00e0 gaz de type levage sont faciles \u00e0 observer dans presque toutes les industries, telles que l&rsquo;ameublement, l&rsquo;automobile, le m\u00e9dical, l&rsquo;a\u00e9rospatiale, la marine, les machines, etc.<\/p>\n","protected":false},"excerpt":{"rendered":"<p>Le ressort \u00e0 gaz <strong>TGS T-Click<\/strong> avec but\u00e9e de fin de course assure un verrouillage m\u00e9canique s\u00fbr de l&rsquo;application en position sortie.<\/p>\n","protected":false},"featured_media":3502,"comment_status":"open","ping_status":"closed","template":"","meta":{"_acf_changed":false},"product_brand":[],"product_cat":[550,341,340,413,376,411,384,475,375,361,360,414,544,412,570],"product_tag":[],"class_list":{"0":"post-4006","1":"product","2":"type-product","3":"status-publish","4":"has-post-thumbnail","6":"product_cat-absorption-denergie","7":"product_cat-aerospatiale","8":"product_cat-automobile","9":"product_cat-batteries","10":"product_cat-e-mobilite","11":"product_cat-electronique","12":"product_cat-energie","13":"product_cat-fabrication-de-montres","14":"product_cat-ferroviaire","15":"product_cat-industrie-alimentaire","16":"product_cat-industrie-generale","17":"product_cat-medical","18":"product_cat-ressorts-a-gaz","19":"product_cat-telepheriques","20":"product_cat-tgs","21":"pa_brands-tgs-fr","23":"first","24":"instock","25":"shipping-taxable","26":"product-type-simple"},"acf":[],"_yoast_wpseo_focuskw":"TGS T-click","_yoast_wpseo_metadesc":"Le ressort \u00e0 gaz TGS T-Click avec but\u00e9e de fin de course assure un verrouillage m\u00e9canique s\u00fbr de l'application en position sortie.","yoast_head":"<!-- This site is optimized with the Yoast SEO Premium plugin v21.6 (Yoast SEO v27.4) - https:\/\/yoast.com\/product\/yoast-seo-premium-wordpress\/ -->\n<title>T-Click - CREDIMEX<\/title>\n<meta name=\"description\" content=\"Le ressort \u00e0 gaz TGS T-Click avec but\u00e9e de fin de course assure un verrouillage m\u00e9canique s\u00fbr de l&#039;application en position sortie.\" \/>\n<meta name=\"robots\" content=\"index, follow, max-snippet:-1, max-image-preview:large, max-video-preview:-1\" \/>\n<link rel=\"canonical\" href=\"https:\/\/www.credimex.ch\/fr\/produit\/t-cliquez-sur\/\" \/>\n<meta property=\"og:locale\" content=\"fr_FR\" \/>\n<meta property=\"og:type\" content=\"article\" \/>\n<meta property=\"og:title\" content=\"T-Click\" \/>\n<meta property=\"og:description\" content=\"Le ressort \u00e0 gaz TGS T-Click avec but\u00e9e de fin de course assure un verrouillage m\u00e9canique s\u00fbr de l&#039;application en position sortie.\" \/>\n<meta property=\"og:url\" content=\"https:\/\/www.credimex.ch\/fr\/produit\/t-cliquez-sur\/\" \/>\n<meta property=\"og:site_name\" content=\"CREDIMEX\" \/>\n<meta property=\"article:publisher\" content=\"https:\/\/www.facebook.com\/credimex.alpnach\/\" \/>\n<meta property=\"og:image\" content=\"https:\/\/www.credimex.ch\/wp-content\/uploads\/2022\/07\/t-click.jpeg\" \/>\n\t<meta property=\"og:image:width\" content=\"300\" \/>\n\t<meta property=\"og:image:height\" content=\"207\" \/>\n\t<meta property=\"og:image:type\" content=\"image\/jpeg\" \/>\n<meta name=\"twitter:card\" content=\"summary_large_image\" \/>\n<meta name=\"twitter:label1\" content=\"Dur\u00e9e de lecture estim\u00e9e\" \/>\n\t<meta name=\"twitter:data1\" content=\"1 minute\" \/>\n<script type=\"application\/ld+json\" class=\"yoast-schema-graph\">{\"@context\":\"https:\\\/\\\/schema.org\",\"@graph\":[{\"@type\":\"WebPage\",\"@id\":\"https:\\\/\\\/www.credimex.ch\\\/fr\\\/produit\\\/t-cliquez-sur\\\/\",\"url\":\"https:\\\/\\\/www.credimex.ch\\\/fr\\\/produit\\\/t-cliquez-sur\\\/\",\"name\":\"T-Click - CREDIMEX\",\"isPartOf\":{\"@id\":\"https:\\\/\\\/www.credimex.ch\\\/fr\\\/#website\"},\"primaryImageOfPage\":{\"@id\":\"https:\\\/\\\/www.credimex.ch\\\/fr\\\/produit\\\/t-cliquez-sur\\\/#primaryimage\"},\"image\":{\"@id\":\"https:\\\/\\\/www.credimex.ch\\\/fr\\\/produit\\\/t-cliquez-sur\\\/#primaryimage\"},\"thumbnailUrl\":\"https:\\\/\\\/www.credimex.ch\\\/wp-content\\\/uploads\\\/2022\\\/07\\\/t-click.jpeg\",\"datePublished\":\"2022-07-08T10:12:51+00:00\",\"description\":\"Le ressort \u00e0 gaz TGS T-Click avec but\u00e9e de fin de course assure un verrouillage m\u00e9canique s\u00fbr de l'application en position sortie.\",\"breadcrumb\":{\"@id\":\"https:\\\/\\\/www.credimex.ch\\\/fr\\\/produit\\\/t-cliquez-sur\\\/#breadcrumb\"},\"inLanguage\":\"fr-FR\",\"potentialAction\":[{\"@type\":\"ReadAction\",\"target\":[\"https:\\\/\\\/www.credimex.ch\\\/fr\\\/produit\\\/t-cliquez-sur\\\/\"]}]},{\"@type\":\"ImageObject\",\"inLanguage\":\"fr-FR\",\"@id\":\"https:\\\/\\\/www.credimex.ch\\\/fr\\\/produit\\\/t-cliquez-sur\\\/#primaryimage\",\"url\":\"https:\\\/\\\/www.credimex.ch\\\/wp-content\\\/uploads\\\/2022\\\/07\\\/t-click.jpeg\",\"contentUrl\":\"https:\\\/\\\/www.credimex.ch\\\/wp-content\\\/uploads\\\/2022\\\/07\\\/t-click.jpeg\",\"width\":300,\"height\":207},{\"@type\":\"BreadcrumbList\",\"@id\":\"https:\\\/\\\/www.credimex.ch\\\/fr\\\/produit\\\/t-cliquez-sur\\\/#breadcrumb\",\"itemListElement\":[{\"@type\":\"ListItem\",\"position\":1,\"name\":\"Home\",\"item\":\"https:\\\/\\\/www.credimex.ch\\\/fr\\\/\"},{\"@type\":\"ListItem\",\"position\":2,\"name\":\"Produits\",\"item\":\"https:\\\/\\\/www.credimex.ch\\\/fr\\\/produits\\\/\"},{\"@type\":\"ListItem\",\"position\":3,\"name\":\"T-Click\"}]},{\"@type\":\"WebSite\",\"@id\":\"https:\\\/\\\/www.credimex.ch\\\/fr\\\/#website\",\"url\":\"https:\\\/\\\/www.credimex.ch\\\/fr\\\/\",\"name\":\"CREDIMEX\",\"description\":\"Partner of Swiss Industrial Market\",\"publisher\":{\"@id\":\"https:\\\/\\\/www.credimex.ch\\\/fr\\\/#organization\"},\"potentialAction\":[{\"@type\":\"SearchAction\",\"target\":{\"@type\":\"EntryPoint\",\"urlTemplate\":\"https:\\\/\\\/www.credimex.ch\\\/fr\\\/?s={search_term_string}\"},\"query-input\":{\"@type\":\"PropertyValueSpecification\",\"valueRequired\":true,\"valueName\":\"search_term_string\"}}],\"inLanguage\":\"fr-FR\"},{\"@type\":\"Organization\",\"@id\":\"https:\\\/\\\/www.credimex.ch\\\/fr\\\/#organization\",\"name\":\"credimex\",\"url\":\"https:\\\/\\\/www.credimex.ch\\\/fr\\\/\",\"logo\":{\"@type\":\"ImageObject\",\"inLanguage\":\"fr-FR\",\"@id\":\"https:\\\/\\\/www.credimex.ch\\\/fr\\\/#\\\/schema\\\/logo\\\/image\\\/\",\"url\":\"https:\\\/\\\/www.credimex.ch\\\/wp-content\\\/uploads\\\/2022\\\/03\\\/cropped-logo-credimex.png\",\"contentUrl\":\"https:\\\/\\\/www.credimex.ch\\\/wp-content\\\/uploads\\\/2022\\\/03\\\/cropped-logo-credimex.png\",\"width\":512,\"height\":512,\"caption\":\"credimex\"},\"image\":{\"@id\":\"https:\\\/\\\/www.credimex.ch\\\/fr\\\/#\\\/schema\\\/logo\\\/image\\\/\"},\"sameAs\":[\"https:\\\/\\\/www.facebook.com\\\/credimex.alpnach\\\/\",\"https:\\\/\\\/www.linkedin.com\\\/company\\\/credimex\\\/\",\"https:\\\/\\\/www.youtube.com\\\/@CREDIMEX?sub_confirmation=1\"]}]}<\/script>\n<!-- \/ Yoast SEO Premium plugin. -->","yoast_head_json":{"title":"T-Click - CREDIMEX","description":"Le ressort \u00e0 gaz TGS T-Click avec but\u00e9e de fin de course assure un verrouillage m\u00e9canique s\u00fbr de l'application en position sortie.","robots":{"index":"index","follow":"follow","max-snippet":"max-snippet:-1","max-image-preview":"max-image-preview:large","max-video-preview":"max-video-preview:-1"},"canonical":"https:\/\/www.credimex.ch\/fr\/produit\/t-cliquez-sur\/","og_locale":"fr_FR","og_type":"article","og_title":"T-Click","og_description":"Le ressort \u00e0 gaz TGS T-Click avec but\u00e9e de fin de course assure un verrouillage m\u00e9canique s\u00fbr de l'application en position sortie.","og_url":"https:\/\/www.credimex.ch\/fr\/produit\/t-cliquez-sur\/","og_site_name":"CREDIMEX","article_publisher":"https:\/\/www.facebook.com\/credimex.alpnach\/","og_image":[{"width":300,"height":207,"url":"https:\/\/www.credimex.ch\/wp-content\/uploads\/2022\/07\/t-click.jpeg","type":"image\/jpeg"}],"twitter_card":"summary_large_image","twitter_misc":{"Dur\u00e9e de lecture estim\u00e9e":"1 minute"},"schema":{"@context":"https:\/\/schema.org","@graph":[{"@type":"WebPage","@id":"https:\/\/www.credimex.ch\/fr\/produit\/t-cliquez-sur\/","url":"https:\/\/www.credimex.ch\/fr\/produit\/t-cliquez-sur\/","name":"T-Click - CREDIMEX","isPartOf":{"@id":"https:\/\/www.credimex.ch\/fr\/#website"},"primaryImageOfPage":{"@id":"https:\/\/www.credimex.ch\/fr\/produit\/t-cliquez-sur\/#primaryimage"},"image":{"@id":"https:\/\/www.credimex.ch\/fr\/produit\/t-cliquez-sur\/#primaryimage"},"thumbnailUrl":"https:\/\/www.credimex.ch\/wp-content\/uploads\/2022\/07\/t-click.jpeg","datePublished":"2022-07-08T10:12:51+00:00","description":"Le ressort \u00e0 gaz TGS T-Click avec but\u00e9e de fin de course assure un verrouillage m\u00e9canique s\u00fbr de l'application en position sortie.","breadcrumb":{"@id":"https:\/\/www.credimex.ch\/fr\/produit\/t-cliquez-sur\/#breadcrumb"},"inLanguage":"fr-FR","potentialAction":[{"@type":"ReadAction","target":["https:\/\/www.credimex.ch\/fr\/produit\/t-cliquez-sur\/"]}]},{"@type":"ImageObject","inLanguage":"fr-FR","@id":"https:\/\/www.credimex.ch\/fr\/produit\/t-cliquez-sur\/#primaryimage","url":"https:\/\/www.credimex.ch\/wp-content\/uploads\/2022\/07\/t-click.jpeg","contentUrl":"https:\/\/www.credimex.ch\/wp-content\/uploads\/2022\/07\/t-click.jpeg","width":300,"height":207},{"@type":"BreadcrumbList","@id":"https:\/\/www.credimex.ch\/fr\/produit\/t-cliquez-sur\/#breadcrumb","itemListElement":[{"@type":"ListItem","position":1,"name":"Home","item":"https:\/\/www.credimex.ch\/fr\/"},{"@type":"ListItem","position":2,"name":"Produits","item":"https:\/\/www.credimex.ch\/fr\/produits\/"},{"@type":"ListItem","position":3,"name":"T-Click"}]},{"@type":"WebSite","@id":"https:\/\/www.credimex.ch\/fr\/#website","url":"https:\/\/www.credimex.ch\/fr\/","name":"CREDIMEX","description":"Partner of Swiss Industrial Market","publisher":{"@id":"https:\/\/www.credimex.ch\/fr\/#organization"},"potentialAction":[{"@type":"SearchAction","target":{"@type":"EntryPoint","urlTemplate":"https:\/\/www.credimex.ch\/fr\/?s={search_term_string}"},"query-input":{"@type":"PropertyValueSpecification","valueRequired":true,"valueName":"search_term_string"}}],"inLanguage":"fr-FR"},{"@type":"Organization","@id":"https:\/\/www.credimex.ch\/fr\/#organization","name":"credimex","url":"https:\/\/www.credimex.ch\/fr\/","logo":{"@type":"ImageObject","inLanguage":"fr-FR","@id":"https:\/\/www.credimex.ch\/fr\/#\/schema\/logo\/image\/","url":"https:\/\/www.credimex.ch\/wp-content\/uploads\/2022\/03\/cropped-logo-credimex.png","contentUrl":"https:\/\/www.credimex.ch\/wp-content\/uploads\/2022\/03\/cropped-logo-credimex.png","width":512,"height":512,"caption":"credimex"},"image":{"@id":"https:\/\/www.credimex.ch\/fr\/#\/schema\/logo\/image\/"},"sameAs":["https:\/\/www.facebook.com\/credimex.alpnach\/","https:\/\/www.linkedin.com\/company\/credimex\/","https:\/\/www.youtube.com\/@CREDIMEX?sub_confirmation=1"]}]}},"_links":{"self":[{"href":"https:\/\/www.credimex.ch\/fr\/wp-json\/wp\/v2\/product\/4006","targetHints":{"allow":["GET"]}}],"collection":[{"href":"https:\/\/www.credimex.ch\/fr\/wp-json\/wp\/v2\/product"}],"about":[{"href":"https:\/\/www.credimex.ch\/fr\/wp-json\/wp\/v2\/types\/product"}],"replies":[{"embeddable":true,"href":"https:\/\/www.credimex.ch\/fr\/wp-json\/wp\/v2\/comments?post=4006"}],"wp:featuredmedia":[{"embeddable":true,"href":"https:\/\/www.credimex.ch\/fr\/wp-json\/wp\/v2\/media\/3502"}],"wp:attachment":[{"href":"https:\/\/www.credimex.ch\/fr\/wp-json\/wp\/v2\/media?parent=4006"}],"wp:term":[{"taxonomy":"product_brand","embeddable":true,"href":"https:\/\/www.credimex.ch\/fr\/wp-json\/wp\/v2\/product_brand?post=4006"},{"taxonomy":"product_cat","embeddable":true,"href":"https:\/\/www.credimex.ch\/fr\/wp-json\/wp\/v2\/product_cat?post=4006"},{"taxonomy":"product_tag","embeddable":true,"href":"https:\/\/www.credimex.ch\/fr\/wp-json\/wp\/v2\/product_tag?post=4006"}],"curies":[{"name":"wp","href":"https:\/\/api.w.org\/{rel}","templated":true}]}}