{"id":4014,"date":"2022-07-08T11:30:47","date_gmt":"2022-07-08T09:30:47","guid":{"rendered":"https:\/\/www.credimex.ch.mialias.net\/product\/porte-robot-sbc\/"},"modified":"2022-07-08T11:30:47","modified_gmt":"2022-07-08T09:30:47","slug":"sbc-robot-porteur","status":"publish","type":"product","link":"https:\/\/www.credimex.ch\/fr\/produit\/sbc-robot-porteur\/","title":{"rendered":"Porte-robot SBC"},"content":{"rendered":"<h2>Description<\/h2>\n<p>La gamme de porte-robots SBC comprend les s\u00e9ries de produits suivantes :<\/p>\n<ul>\n<li>Chariot 3 rouleaux<\/li>\n<li>Chariot 5 rouleaux<\/li>\n<li>Option chariot : Roulement \u00e0 rouleaux, pignon, essuie-glace et unit\u00e9 de lubrification.<\/li>\n<li>Rail plat : F308, F312<\/li>\n<li>Rack Rail : R308, R312<\/li>\n<\/ul>\n<h2>Avantages du produit<\/h2>\n<p>Le syst\u00e8me de guidage du support du robot se compose de rails \u00e0 cr\u00e9maill\u00e8re, de rails plats et de pignons. Il s&rsquo;agit d&rsquo;un syst\u00e8me de guidage qui permet une charge \u00e9lev\u00e9e, une grande rigidit\u00e9 et une vitesse \u00e9lev\u00e9e gr\u00e2ce \u00e0 un chariot \u00e0 rouleaux d\u00e9di\u00e9.<\/p>\n<p>Le chariot est compos\u00e9 de 3 ou 5 galets. Un rouleau est concentrique (fixe) et deux\/quatre rouleaux sont excentriques (r\u00e9glables). Un r\u00e9glage correct permettra d&rsquo;atteindre des vitesses \u00e9lev\u00e9es avec des charges importantes.<\/p>\n<h2>Application<\/h2>\n<p>Les produits sont cr\u00e9\u00e9s pour une grande vari\u00e9t\u00e9 d&rsquo;applications industrielles.<\/p>\n","protected":false},"excerpt":{"rendered":"<p>Le <strong>support de robot SBC<\/strong> est un syst\u00e8me de guidage qui permet une charge \u00e9lev\u00e9e, une grande rigidit\u00e9 et une conduite \u00e0 grande vitesse en utilisant un chariot \u00e0 rouleaux d\u00e9di\u00e9.<\/p>\n","protected":false},"featured_media":3490,"comment_status":"open","ping_status":"closed","template":"","meta":{"_acf_changed":false},"product_brand":[],"product_cat":[341,340,413,376,411,384,475,375,361,360,414,574,562,412],"product_tag":[],"class_list":{"0":"post-4014","1":"product","2":"type-product","3":"status-publish","4":"has-post-thumbnail","6":"product_cat-aerospatiale","7":"product_cat-automobile","8":"product_cat-batteries","9":"product_cat-e-mobilite","10":"product_cat-electronique","11":"product_cat-energie","12":"product_cat-fabrication-de-montres","13":"product_cat-ferroviaire","14":"product_cat-industrie-alimentaire","15":"product_cat-industrie-generale","16":"product_cat-medical","17":"product_cat-sbc","18":"product_cat-technique-de-guidage-lineaire","19":"product_cat-telepheriques","20":"pa_brands-sbc-fr","22":"first","23":"instock","24":"shipping-taxable","25":"product-type-simple"},"acf":[],"_yoast_wpseo_focuskw":"Porte-robot SBC","_yoast_wpseo_metadesc":"Le support de robot SBC est un syst\u00e8me de guidage qui permet une charge \u00e9lev\u00e9e, une grande rigidit\u00e9 et une conduite \u00e0 grande vitesse en utilisant un chariot \u00e0 rouleaux d\u00e9di\u00e9.","yoast_head":"<!-- This site is optimized with the Yoast SEO Premium plugin v21.6 (Yoast SEO v27.4) - https:\/\/yoast.com\/product\/yoast-seo-premium-wordpress\/ -->\n<title>Porte-robot SBC - CREDIMEX<\/title>\n<meta name=\"description\" content=\"Le support de robot SBC est un syst\u00e8me de guidage qui permet une charge \u00e9lev\u00e9e, une grande rigidit\u00e9 et une conduite \u00e0 grande vitesse en utilisant un chariot \u00e0 rouleaux d\u00e9di\u00e9.\" \/>\n<meta name=\"robots\" content=\"index, follow, max-snippet:-1, max-image-preview:large, max-video-preview:-1\" \/>\n<link rel=\"canonical\" href=\"https:\/\/www.credimex.ch\/fr\/produit\/sbc-robot-porteur\/\" \/>\n<meta property=\"og:locale\" content=\"fr_FR\" \/>\n<meta property=\"og:type\" content=\"article\" \/>\n<meta property=\"og:title\" content=\"Porte-robot SBC\" \/>\n<meta property=\"og:description\" content=\"Le support de robot SBC est un syst\u00e8me de guidage qui permet une charge \u00e9lev\u00e9e, une grande rigidit\u00e9 et une conduite \u00e0 grande vitesse en utilisant un chariot \u00e0 rouleaux d\u00e9di\u00e9.\" \/>\n<meta property=\"og:url\" content=\"https:\/\/www.credimex.ch\/fr\/produit\/sbc-robot-porteur\/\" \/>\n<meta property=\"og:site_name\" content=\"CREDIMEX\" \/>\n<meta property=\"article:publisher\" content=\"https:\/\/www.facebook.com\/credimex.alpnach\/\" \/>\n<meta property=\"og:image\" content=\"https:\/\/www.credimex.ch\/wp-content\/uploads\/2022\/07\/carrige3.jpeg\" \/>\n\t<meta property=\"og:image:width\" content=\"1500\" \/>\n\t<meta property=\"og:image:height\" content=\"1500\" \/>\n\t<meta property=\"og:image:type\" content=\"image\/jpeg\" \/>\n<meta name=\"twitter:card\" content=\"summary_large_image\" \/>\n<meta name=\"twitter:label1\" content=\"Dur\u00e9e de lecture estim\u00e9e\" \/>\n\t<meta name=\"twitter:data1\" content=\"1 minute\" \/>\n<script type=\"application\/ld+json\" class=\"yoast-schema-graph\">{\"@context\":\"https:\\\/\\\/schema.org\",\"@graph\":[{\"@type\":\"WebPage\",\"@id\":\"https:\\\/\\\/www.credimex.ch\\\/fr\\\/produit\\\/sbc-robot-porteur\\\/\",\"url\":\"https:\\\/\\\/www.credimex.ch\\\/fr\\\/produit\\\/sbc-robot-porteur\\\/\",\"name\":\"Porte-robot SBC - CREDIMEX\",\"isPartOf\":{\"@id\":\"https:\\\/\\\/www.credimex.ch\\\/fr\\\/#website\"},\"primaryImageOfPage\":{\"@id\":\"https:\\\/\\\/www.credimex.ch\\\/fr\\\/produit\\\/sbc-robot-porteur\\\/#primaryimage\"},\"image\":{\"@id\":\"https:\\\/\\\/www.credimex.ch\\\/fr\\\/produit\\\/sbc-robot-porteur\\\/#primaryimage\"},\"thumbnailUrl\":\"https:\\\/\\\/www.credimex.ch\\\/wp-content\\\/uploads\\\/2022\\\/07\\\/carrige3.jpeg\",\"datePublished\":\"2022-07-08T09:30:47+00:00\",\"description\":\"Le support de robot SBC est un syst\u00e8me de guidage qui permet une charge \u00e9lev\u00e9e, une grande rigidit\u00e9 et une conduite \u00e0 grande vitesse en utilisant un chariot \u00e0 rouleaux d\u00e9di\u00e9.\",\"breadcrumb\":{\"@id\":\"https:\\\/\\\/www.credimex.ch\\\/fr\\\/produit\\\/sbc-robot-porteur\\\/#breadcrumb\"},\"inLanguage\":\"fr-FR\",\"potentialAction\":[{\"@type\":\"ReadAction\",\"target\":[\"https:\\\/\\\/www.credimex.ch\\\/fr\\\/produit\\\/sbc-robot-porteur\\\/\"]}]},{\"@type\":\"ImageObject\",\"inLanguage\":\"fr-FR\",\"@id\":\"https:\\\/\\\/www.credimex.ch\\\/fr\\\/produit\\\/sbc-robot-porteur\\\/#primaryimage\",\"url\":\"https:\\\/\\\/www.credimex.ch\\\/wp-content\\\/uploads\\\/2022\\\/07\\\/carrige3.jpeg\",\"contentUrl\":\"https:\\\/\\\/www.credimex.ch\\\/wp-content\\\/uploads\\\/2022\\\/07\\\/carrige3.jpeg\",\"width\":1500,\"height\":1500},{\"@type\":\"BreadcrumbList\",\"@id\":\"https:\\\/\\\/www.credimex.ch\\\/fr\\\/produit\\\/sbc-robot-porteur\\\/#breadcrumb\",\"itemListElement\":[{\"@type\":\"ListItem\",\"position\":1,\"name\":\"Home\",\"item\":\"https:\\\/\\\/www.credimex.ch\\\/fr\\\/\"},{\"@type\":\"ListItem\",\"position\":2,\"name\":\"Produits\",\"item\":\"https:\\\/\\\/www.credimex.ch\\\/fr\\\/produits\\\/\"},{\"@type\":\"ListItem\",\"position\":3,\"name\":\"Porte-robot SBC\"}]},{\"@type\":\"WebSite\",\"@id\":\"https:\\\/\\\/www.credimex.ch\\\/fr\\\/#website\",\"url\":\"https:\\\/\\\/www.credimex.ch\\\/fr\\\/\",\"name\":\"CREDIMEX\",\"description\":\"Partner of Swiss Industrial Market\",\"publisher\":{\"@id\":\"https:\\\/\\\/www.credimex.ch\\\/fr\\\/#organization\"},\"potentialAction\":[{\"@type\":\"SearchAction\",\"target\":{\"@type\":\"EntryPoint\",\"urlTemplate\":\"https:\\\/\\\/www.credimex.ch\\\/fr\\\/?s={search_term_string}\"},\"query-input\":{\"@type\":\"PropertyValueSpecification\",\"valueRequired\":true,\"valueName\":\"search_term_string\"}}],\"inLanguage\":\"fr-FR\"},{\"@type\":\"Organization\",\"@id\":\"https:\\\/\\\/www.credimex.ch\\\/fr\\\/#organization\",\"name\":\"credimex\",\"url\":\"https:\\\/\\\/www.credimex.ch\\\/fr\\\/\",\"logo\":{\"@type\":\"ImageObject\",\"inLanguage\":\"fr-FR\",\"@id\":\"https:\\\/\\\/www.credimex.ch\\\/fr\\\/#\\\/schema\\\/logo\\\/image\\\/\",\"url\":\"https:\\\/\\\/www.credimex.ch\\\/wp-content\\\/uploads\\\/2022\\\/03\\\/cropped-logo-credimex.png\",\"contentUrl\":\"https:\\\/\\\/www.credimex.ch\\\/wp-content\\\/uploads\\\/2022\\\/03\\\/cropped-logo-credimex.png\",\"width\":512,\"height\":512,\"caption\":\"credimex\"},\"image\":{\"@id\":\"https:\\\/\\\/www.credimex.ch\\\/fr\\\/#\\\/schema\\\/logo\\\/image\\\/\"},\"sameAs\":[\"https:\\\/\\\/www.facebook.com\\\/credimex.alpnach\\\/\",\"https:\\\/\\\/www.linkedin.com\\\/company\\\/credimex\\\/\",\"https:\\\/\\\/www.youtube.com\\\/@CREDIMEX?sub_confirmation=1\"]}]}<\/script>\n<!-- \/ Yoast SEO Premium plugin. -->","yoast_head_json":{"title":"Porte-robot SBC - CREDIMEX","description":"Le support de robot SBC est un syst\u00e8me de guidage qui permet une charge \u00e9lev\u00e9e, une grande rigidit\u00e9 et une conduite \u00e0 grande vitesse en utilisant un chariot \u00e0 rouleaux d\u00e9di\u00e9.","robots":{"index":"index","follow":"follow","max-snippet":"max-snippet:-1","max-image-preview":"max-image-preview:large","max-video-preview":"max-video-preview:-1"},"canonical":"https:\/\/www.credimex.ch\/fr\/produit\/sbc-robot-porteur\/","og_locale":"fr_FR","og_type":"article","og_title":"Porte-robot SBC","og_description":"Le support de robot SBC est un syst\u00e8me de guidage qui permet une charge \u00e9lev\u00e9e, une grande rigidit\u00e9 et une conduite \u00e0 grande vitesse en utilisant un chariot \u00e0 rouleaux d\u00e9di\u00e9.","og_url":"https:\/\/www.credimex.ch\/fr\/produit\/sbc-robot-porteur\/","og_site_name":"CREDIMEX","article_publisher":"https:\/\/www.facebook.com\/credimex.alpnach\/","og_image":[{"width":1500,"height":1500,"url":"https:\/\/www.credimex.ch\/wp-content\/uploads\/2022\/07\/carrige3.jpeg","type":"image\/jpeg"}],"twitter_card":"summary_large_image","twitter_misc":{"Dur\u00e9e de lecture estim\u00e9e":"1 minute"},"schema":{"@context":"https:\/\/schema.org","@graph":[{"@type":"WebPage","@id":"https:\/\/www.credimex.ch\/fr\/produit\/sbc-robot-porteur\/","url":"https:\/\/www.credimex.ch\/fr\/produit\/sbc-robot-porteur\/","name":"Porte-robot SBC - CREDIMEX","isPartOf":{"@id":"https:\/\/www.credimex.ch\/fr\/#website"},"primaryImageOfPage":{"@id":"https:\/\/www.credimex.ch\/fr\/produit\/sbc-robot-porteur\/#primaryimage"},"image":{"@id":"https:\/\/www.credimex.ch\/fr\/produit\/sbc-robot-porteur\/#primaryimage"},"thumbnailUrl":"https:\/\/www.credimex.ch\/wp-content\/uploads\/2022\/07\/carrige3.jpeg","datePublished":"2022-07-08T09:30:47+00:00","description":"Le support de robot SBC est un syst\u00e8me de guidage qui permet une charge \u00e9lev\u00e9e, une grande rigidit\u00e9 et une conduite \u00e0 grande vitesse en utilisant un chariot \u00e0 rouleaux d\u00e9di\u00e9.","breadcrumb":{"@id":"https:\/\/www.credimex.ch\/fr\/produit\/sbc-robot-porteur\/#breadcrumb"},"inLanguage":"fr-FR","potentialAction":[{"@type":"ReadAction","target":["https:\/\/www.credimex.ch\/fr\/produit\/sbc-robot-porteur\/"]}]},{"@type":"ImageObject","inLanguage":"fr-FR","@id":"https:\/\/www.credimex.ch\/fr\/produit\/sbc-robot-porteur\/#primaryimage","url":"https:\/\/www.credimex.ch\/wp-content\/uploads\/2022\/07\/carrige3.jpeg","contentUrl":"https:\/\/www.credimex.ch\/wp-content\/uploads\/2022\/07\/carrige3.jpeg","width":1500,"height":1500},{"@type":"BreadcrumbList","@id":"https:\/\/www.credimex.ch\/fr\/produit\/sbc-robot-porteur\/#breadcrumb","itemListElement":[{"@type":"ListItem","position":1,"name":"Home","item":"https:\/\/www.credimex.ch\/fr\/"},{"@type":"ListItem","position":2,"name":"Produits","item":"https:\/\/www.credimex.ch\/fr\/produits\/"},{"@type":"ListItem","position":3,"name":"Porte-robot SBC"}]},{"@type":"WebSite","@id":"https:\/\/www.credimex.ch\/fr\/#website","url":"https:\/\/www.credimex.ch\/fr\/","name":"CREDIMEX","description":"Partner of Swiss Industrial Market","publisher":{"@id":"https:\/\/www.credimex.ch\/fr\/#organization"},"potentialAction":[{"@type":"SearchAction","target":{"@type":"EntryPoint","urlTemplate":"https:\/\/www.credimex.ch\/fr\/?s={search_term_string}"},"query-input":{"@type":"PropertyValueSpecification","valueRequired":true,"valueName":"search_term_string"}}],"inLanguage":"fr-FR"},{"@type":"Organization","@id":"https:\/\/www.credimex.ch\/fr\/#organization","name":"credimex","url":"https:\/\/www.credimex.ch\/fr\/","logo":{"@type":"ImageObject","inLanguage":"fr-FR","@id":"https:\/\/www.credimex.ch\/fr\/#\/schema\/logo\/image\/","url":"https:\/\/www.credimex.ch\/wp-content\/uploads\/2022\/03\/cropped-logo-credimex.png","contentUrl":"https:\/\/www.credimex.ch\/wp-content\/uploads\/2022\/03\/cropped-logo-credimex.png","width":512,"height":512,"caption":"credimex"},"image":{"@id":"https:\/\/www.credimex.ch\/fr\/#\/schema\/logo\/image\/"},"sameAs":["https:\/\/www.facebook.com\/credimex.alpnach\/","https:\/\/www.linkedin.com\/company\/credimex\/","https:\/\/www.youtube.com\/@CREDIMEX?sub_confirmation=1"]}]}},"_links":{"self":[{"href":"https:\/\/www.credimex.ch\/fr\/wp-json\/wp\/v2\/product\/4014","targetHints":{"allow":["GET"]}}],"collection":[{"href":"https:\/\/www.credimex.ch\/fr\/wp-json\/wp\/v2\/product"}],"about":[{"href":"https:\/\/www.credimex.ch\/fr\/wp-json\/wp\/v2\/types\/product"}],"replies":[{"embeddable":true,"href":"https:\/\/www.credimex.ch\/fr\/wp-json\/wp\/v2\/comments?post=4014"}],"wp:featuredmedia":[{"embeddable":true,"href":"https:\/\/www.credimex.ch\/fr\/wp-json\/wp\/v2\/media\/3490"}],"wp:attachment":[{"href":"https:\/\/www.credimex.ch\/fr\/wp-json\/wp\/v2\/media?parent=4014"}],"wp:term":[{"taxonomy":"product_brand","embeddable":true,"href":"https:\/\/www.credimex.ch\/fr\/wp-json\/wp\/v2\/product_brand?post=4014"},{"taxonomy":"product_cat","embeddable":true,"href":"https:\/\/www.credimex.ch\/fr\/wp-json\/wp\/v2\/product_cat?post=4014"},{"taxonomy":"product_tag","embeddable":true,"href":"https:\/\/www.credimex.ch\/fr\/wp-json\/wp\/v2\/product_tag?post=4014"}],"curies":[{"name":"wp","href":"https:\/\/api.w.org\/{rel}","templated":true}]}}