{"id":4016,"date":"2022-07-08T11:22:44","date_gmt":"2022-07-08T09:22:44","guid":{"rendered":"https:\/\/www.credimex.ch.mialias.net\/product\/unite-de-soutien-sbc\/"},"modified":"2022-07-08T11:22:44","modified_gmt":"2022-07-08T09:22:44","slug":"sbc-support-unit-2","status":"publish","type":"product","link":"https:\/\/www.credimex.ch\/fr\/produit\/sbc-support-unit-2\/","title":{"rendered":"Unit\u00e9 de soutien SBC"},"content":{"rendered":"<h2>Description<\/h2>\n<p>La gamme d&rsquo;unit\u00e9s de support SBC comprend les s\u00e9ries de produits suivantes :<\/p>\n<ul>\n<li>Fixe BK10<\/li>\n<li>Fixe EK10<\/li>\n<li>Fixe FK10<\/li>\n<li>Support\u00e9 BF10<\/li>\n<li>Support\u00e9 EF10<\/li>\n<li>Support\u00e9 FF10<\/li>\n<li>C\u00f4t\u00e9 fixe : Usinage recommand\u00e9 de l&rsquo;extr\u00e9mit\u00e9 de la vis pour l&rsquo;unit\u00e9 de support \u00e0 extr\u00e9mit\u00e9 fixe.<\/li>\n<li>C\u00f4t\u00e9 support\u00e9 : Usinage recommand\u00e9 de l&rsquo;extr\u00e9mit\u00e9 de la vis pour l&rsquo;unit\u00e9 de support du c\u00f4t\u00e9 support\u00e9.<\/li>\n<\/ul>\n<h2>Avantages du produit<\/h2>\n<p>Accessoires recommand\u00e9s pour la vis \u00e0 billes roul\u00e9es SBC.<\/p>\n<h2>Application<\/h2>\n<p>Les produits sont cr\u00e9\u00e9s pour une grande vari\u00e9t\u00e9 d&rsquo;applications industrielles.<\/p>\n","protected":false},"excerpt":{"rendered":"<p>L&rsquo;<strong>unit\u00e9 de support SBC<\/strong> fournit les accessoires recommand\u00e9s pour la vis \u00e0 billes roul\u00e9es SBC.<\/p>\n","protected":false},"featured_media":3488,"comment_status":"open","ping_status":"closed","template":"","meta":{"_acf_changed":false},"product_brand":[],"product_cat":[341,340,413,376,411,384,475,375,361,360,414,574,562,412],"product_tag":[],"class_list":{"0":"post-4016","1":"product","2":"type-product","3":"status-publish","4":"has-post-thumbnail","6":"product_cat-aerospatiale","7":"product_cat-automobile","8":"product_cat-batteries","9":"product_cat-e-mobilite","10":"product_cat-electronique","11":"product_cat-energie","12":"product_cat-fabrication-de-montres","13":"product_cat-ferroviaire","14":"product_cat-industrie-alimentaire","15":"product_cat-industrie-generale","16":"product_cat-medical","17":"product_cat-sbc","18":"product_cat-technique-de-guidage-lineaire","19":"product_cat-telepheriques","20":"pa_brands-sbc-fr","22":"first","23":"instock","24":"shipping-taxable","25":"product-type-simple"},"acf":[],"_yoast_wpseo_focuskw":"Unit\u00e9 de soutien SBC","_yoast_wpseo_metadesc":"L'unit\u00e9 de support SBC fournit les accessoires recommand\u00e9s pour la vis \u00e0 billes roul\u00e9es SBC.","yoast_head":"<!-- This site is optimized with the Yoast SEO Premium plugin v21.6 (Yoast SEO v27.4) - https:\/\/yoast.com\/product\/yoast-seo-premium-wordpress\/ -->\n<title>Unit\u00e9 de soutien SBC - CREDIMEX<\/title>\n<meta name=\"description\" content=\"L&#039;unit\u00e9 de support SBC fournit les accessoires recommand\u00e9s pour la vis \u00e0 billes roul\u00e9es SBC.\" \/>\n<meta name=\"robots\" content=\"index, follow, max-snippet:-1, max-image-preview:large, max-video-preview:-1\" \/>\n<link rel=\"canonical\" href=\"https:\/\/www.credimex.ch\/fr\/produit\/sbc-support-unit-2\/\" \/>\n<meta property=\"og:locale\" content=\"fr_FR\" \/>\n<meta property=\"og:type\" content=\"article\" \/>\n<meta property=\"og:title\" content=\"Unit\u00e9 de soutien SBC\" \/>\n<meta property=\"og:description\" content=\"L&#039;unit\u00e9 de support SBC fournit les accessoires recommand\u00e9s pour la vis \u00e0 billes roul\u00e9es SBC.\" \/>\n<meta property=\"og:url\" content=\"https:\/\/www.credimex.ch\/fr\/produit\/sbc-support-unit-2\/\" \/>\n<meta property=\"og:site_name\" content=\"CREDIMEX\" \/>\n<meta property=\"article:publisher\" content=\"https:\/\/www.facebook.com\/credimex.alpnach\/\" \/>\n<meta property=\"og:image\" content=\"https:\/\/www.credimex.ch\/wp-content\/uploads\/2022\/07\/DSC_2942.jpeg\" \/>\n\t<meta property=\"og:image:width\" content=\"1500\" \/>\n\t<meta property=\"og:image:height\" content=\"1500\" \/>\n\t<meta property=\"og:image:type\" content=\"image\/jpeg\" \/>\n<meta name=\"twitter:card\" content=\"summary_large_image\" \/>\n<script type=\"application\/ld+json\" class=\"yoast-schema-graph\">{\"@context\":\"https:\\\/\\\/schema.org\",\"@graph\":[{\"@type\":\"WebPage\",\"@id\":\"https:\\\/\\\/www.credimex.ch\\\/fr\\\/produit\\\/sbc-support-unit-2\\\/\",\"url\":\"https:\\\/\\\/www.credimex.ch\\\/fr\\\/produit\\\/sbc-support-unit-2\\\/\",\"name\":\"Unit\u00e9 de soutien SBC - CREDIMEX\",\"isPartOf\":{\"@id\":\"https:\\\/\\\/www.credimex.ch\\\/fr\\\/#website\"},\"primaryImageOfPage\":{\"@id\":\"https:\\\/\\\/www.credimex.ch\\\/fr\\\/produit\\\/sbc-support-unit-2\\\/#primaryimage\"},\"image\":{\"@id\":\"https:\\\/\\\/www.credimex.ch\\\/fr\\\/produit\\\/sbc-support-unit-2\\\/#primaryimage\"},\"thumbnailUrl\":\"https:\\\/\\\/www.credimex.ch\\\/wp-content\\\/uploads\\\/2022\\\/07\\\/DSC_2942.jpeg\",\"datePublished\":\"2022-07-08T09:22:44+00:00\",\"description\":\"L'unit\u00e9 de support SBC fournit les accessoires recommand\u00e9s pour la vis \u00e0 billes roul\u00e9es SBC.\",\"breadcrumb\":{\"@id\":\"https:\\\/\\\/www.credimex.ch\\\/fr\\\/produit\\\/sbc-support-unit-2\\\/#breadcrumb\"},\"inLanguage\":\"fr-FR\",\"potentialAction\":[{\"@type\":\"ReadAction\",\"target\":[\"https:\\\/\\\/www.credimex.ch\\\/fr\\\/produit\\\/sbc-support-unit-2\\\/\"]}]},{\"@type\":\"ImageObject\",\"inLanguage\":\"fr-FR\",\"@id\":\"https:\\\/\\\/www.credimex.ch\\\/fr\\\/produit\\\/sbc-support-unit-2\\\/#primaryimage\",\"url\":\"https:\\\/\\\/www.credimex.ch\\\/wp-content\\\/uploads\\\/2022\\\/07\\\/DSC_2942.jpeg\",\"contentUrl\":\"https:\\\/\\\/www.credimex.ch\\\/wp-content\\\/uploads\\\/2022\\\/07\\\/DSC_2942.jpeg\",\"width\":1500,\"height\":1500},{\"@type\":\"BreadcrumbList\",\"@id\":\"https:\\\/\\\/www.credimex.ch\\\/fr\\\/produit\\\/sbc-support-unit-2\\\/#breadcrumb\",\"itemListElement\":[{\"@type\":\"ListItem\",\"position\":1,\"name\":\"Home\",\"item\":\"https:\\\/\\\/www.credimex.ch\\\/fr\\\/\"},{\"@type\":\"ListItem\",\"position\":2,\"name\":\"Produits\",\"item\":\"https:\\\/\\\/www.credimex.ch\\\/fr\\\/produits\\\/\"},{\"@type\":\"ListItem\",\"position\":3,\"name\":\"Unit\u00e9 de soutien SBC\"}]},{\"@type\":\"WebSite\",\"@id\":\"https:\\\/\\\/www.credimex.ch\\\/fr\\\/#website\",\"url\":\"https:\\\/\\\/www.credimex.ch\\\/fr\\\/\",\"name\":\"CREDIMEX\",\"description\":\"Partner of Swiss Industrial Market\",\"publisher\":{\"@id\":\"https:\\\/\\\/www.credimex.ch\\\/fr\\\/#organization\"},\"potentialAction\":[{\"@type\":\"SearchAction\",\"target\":{\"@type\":\"EntryPoint\",\"urlTemplate\":\"https:\\\/\\\/www.credimex.ch\\\/fr\\\/?s={search_term_string}\"},\"query-input\":{\"@type\":\"PropertyValueSpecification\",\"valueRequired\":true,\"valueName\":\"search_term_string\"}}],\"inLanguage\":\"fr-FR\"},{\"@type\":\"Organization\",\"@id\":\"https:\\\/\\\/www.credimex.ch\\\/fr\\\/#organization\",\"name\":\"credimex\",\"url\":\"https:\\\/\\\/www.credimex.ch\\\/fr\\\/\",\"logo\":{\"@type\":\"ImageObject\",\"inLanguage\":\"fr-FR\",\"@id\":\"https:\\\/\\\/www.credimex.ch\\\/fr\\\/#\\\/schema\\\/logo\\\/image\\\/\",\"url\":\"https:\\\/\\\/www.credimex.ch\\\/wp-content\\\/uploads\\\/2022\\\/03\\\/cropped-logo-credimex.png\",\"contentUrl\":\"https:\\\/\\\/www.credimex.ch\\\/wp-content\\\/uploads\\\/2022\\\/03\\\/cropped-logo-credimex.png\",\"width\":512,\"height\":512,\"caption\":\"credimex\"},\"image\":{\"@id\":\"https:\\\/\\\/www.credimex.ch\\\/fr\\\/#\\\/schema\\\/logo\\\/image\\\/\"},\"sameAs\":[\"https:\\\/\\\/www.facebook.com\\\/credimex.alpnach\\\/\",\"https:\\\/\\\/www.linkedin.com\\\/company\\\/credimex\\\/\",\"https:\\\/\\\/www.youtube.com\\\/@CREDIMEX?sub_confirmation=1\"]}]}<\/script>\n<!-- \/ Yoast SEO Premium plugin. -->","yoast_head_json":{"title":"Unit\u00e9 de soutien SBC - CREDIMEX","description":"L'unit\u00e9 de support SBC fournit les accessoires recommand\u00e9s pour la vis \u00e0 billes roul\u00e9es SBC.","robots":{"index":"index","follow":"follow","max-snippet":"max-snippet:-1","max-image-preview":"max-image-preview:large","max-video-preview":"max-video-preview:-1"},"canonical":"https:\/\/www.credimex.ch\/fr\/produit\/sbc-support-unit-2\/","og_locale":"fr_FR","og_type":"article","og_title":"Unit\u00e9 de soutien SBC","og_description":"L'unit\u00e9 de support SBC fournit les accessoires recommand\u00e9s pour la vis \u00e0 billes roul\u00e9es SBC.","og_url":"https:\/\/www.credimex.ch\/fr\/produit\/sbc-support-unit-2\/","og_site_name":"CREDIMEX","article_publisher":"https:\/\/www.facebook.com\/credimex.alpnach\/","og_image":[{"width":1500,"height":1500,"url":"https:\/\/www.credimex.ch\/wp-content\/uploads\/2022\/07\/DSC_2942.jpeg","type":"image\/jpeg"}],"twitter_card":"summary_large_image","schema":{"@context":"https:\/\/schema.org","@graph":[{"@type":"WebPage","@id":"https:\/\/www.credimex.ch\/fr\/produit\/sbc-support-unit-2\/","url":"https:\/\/www.credimex.ch\/fr\/produit\/sbc-support-unit-2\/","name":"Unit\u00e9 de soutien SBC - CREDIMEX","isPartOf":{"@id":"https:\/\/www.credimex.ch\/fr\/#website"},"primaryImageOfPage":{"@id":"https:\/\/www.credimex.ch\/fr\/produit\/sbc-support-unit-2\/#primaryimage"},"image":{"@id":"https:\/\/www.credimex.ch\/fr\/produit\/sbc-support-unit-2\/#primaryimage"},"thumbnailUrl":"https:\/\/www.credimex.ch\/wp-content\/uploads\/2022\/07\/DSC_2942.jpeg","datePublished":"2022-07-08T09:22:44+00:00","description":"L'unit\u00e9 de support SBC fournit les accessoires recommand\u00e9s pour la vis \u00e0 billes roul\u00e9es SBC.","breadcrumb":{"@id":"https:\/\/www.credimex.ch\/fr\/produit\/sbc-support-unit-2\/#breadcrumb"},"inLanguage":"fr-FR","potentialAction":[{"@type":"ReadAction","target":["https:\/\/www.credimex.ch\/fr\/produit\/sbc-support-unit-2\/"]}]},{"@type":"ImageObject","inLanguage":"fr-FR","@id":"https:\/\/www.credimex.ch\/fr\/produit\/sbc-support-unit-2\/#primaryimage","url":"https:\/\/www.credimex.ch\/wp-content\/uploads\/2022\/07\/DSC_2942.jpeg","contentUrl":"https:\/\/www.credimex.ch\/wp-content\/uploads\/2022\/07\/DSC_2942.jpeg","width":1500,"height":1500},{"@type":"BreadcrumbList","@id":"https:\/\/www.credimex.ch\/fr\/produit\/sbc-support-unit-2\/#breadcrumb","itemListElement":[{"@type":"ListItem","position":1,"name":"Home","item":"https:\/\/www.credimex.ch\/fr\/"},{"@type":"ListItem","position":2,"name":"Produits","item":"https:\/\/www.credimex.ch\/fr\/produits\/"},{"@type":"ListItem","position":3,"name":"Unit\u00e9 de soutien SBC"}]},{"@type":"WebSite","@id":"https:\/\/www.credimex.ch\/fr\/#website","url":"https:\/\/www.credimex.ch\/fr\/","name":"CREDIMEX","description":"Partner of Swiss Industrial Market","publisher":{"@id":"https:\/\/www.credimex.ch\/fr\/#organization"},"potentialAction":[{"@type":"SearchAction","target":{"@type":"EntryPoint","urlTemplate":"https:\/\/www.credimex.ch\/fr\/?s={search_term_string}"},"query-input":{"@type":"PropertyValueSpecification","valueRequired":true,"valueName":"search_term_string"}}],"inLanguage":"fr-FR"},{"@type":"Organization","@id":"https:\/\/www.credimex.ch\/fr\/#organization","name":"credimex","url":"https:\/\/www.credimex.ch\/fr\/","logo":{"@type":"ImageObject","inLanguage":"fr-FR","@id":"https:\/\/www.credimex.ch\/fr\/#\/schema\/logo\/image\/","url":"https:\/\/www.credimex.ch\/wp-content\/uploads\/2022\/03\/cropped-logo-credimex.png","contentUrl":"https:\/\/www.credimex.ch\/wp-content\/uploads\/2022\/03\/cropped-logo-credimex.png","width":512,"height":512,"caption":"credimex"},"image":{"@id":"https:\/\/www.credimex.ch\/fr\/#\/schema\/logo\/image\/"},"sameAs":["https:\/\/www.facebook.com\/credimex.alpnach\/","https:\/\/www.linkedin.com\/company\/credimex\/","https:\/\/www.youtube.com\/@CREDIMEX?sub_confirmation=1"]}]}},"_links":{"self":[{"href":"https:\/\/www.credimex.ch\/fr\/wp-json\/wp\/v2\/product\/4016","targetHints":{"allow":["GET"]}}],"collection":[{"href":"https:\/\/www.credimex.ch\/fr\/wp-json\/wp\/v2\/product"}],"about":[{"href":"https:\/\/www.credimex.ch\/fr\/wp-json\/wp\/v2\/types\/product"}],"replies":[{"embeddable":true,"href":"https:\/\/www.credimex.ch\/fr\/wp-json\/wp\/v2\/comments?post=4016"}],"wp:featuredmedia":[{"embeddable":true,"href":"https:\/\/www.credimex.ch\/fr\/wp-json\/wp\/v2\/media\/3488"}],"wp:attachment":[{"href":"https:\/\/www.credimex.ch\/fr\/wp-json\/wp\/v2\/media?parent=4016"}],"wp:term":[{"taxonomy":"product_brand","embeddable":true,"href":"https:\/\/www.credimex.ch\/fr\/wp-json\/wp\/v2\/product_brand?post=4016"},{"taxonomy":"product_cat","embeddable":true,"href":"https:\/\/www.credimex.ch\/fr\/wp-json\/wp\/v2\/product_cat?post=4016"},{"taxonomy":"product_tag","embeddable":true,"href":"https:\/\/www.credimex.ch\/fr\/wp-json\/wp\/v2\/product_tag?post=4016"}],"curies":[{"name":"wp","href":"https:\/\/api.w.org\/{rel}","templated":true}]}}