{"id":4018,"date":"2022-07-08T11:11:38","date_gmt":"2022-07-08T09:11:38","guid":{"rendered":"https:\/\/www.credimex.ch.mialias.net\/product\/vis-a-billes-roulees-sbc\/"},"modified":"2022-07-08T11:11:38","modified_gmt":"2022-07-08T09:11:38","slug":"vis-a-billes-roulees-sbc","status":"publish","type":"product","link":"https:\/\/www.credimex.ch\/fr\/produit\/vis-a-billes-roulees-sbc\/","title":{"rendered":"Vis \u00e0 billes roul\u00e9es SBC"},"content":{"rendered":"<h2>Description<\/h2>\n<p>La gamme de vis \u00e0 billes roul\u00e9es SBC comprend les s\u00e9ries de produits suivantes :<\/p>\n<ul>\n<li>Normes JIS STK\/STC<\/li>\n<li>Normes JIS SLK<\/li>\n<li>Normes JIS MBS<\/li>\n<li>Normes DIN SDK<\/li>\n<li>Normes DIN SDH<\/li>\n<\/ul>\n<h2>Avantages du produit<\/h2>\n<ul>\n<li>Les vis \u00e0 billes roul\u00e9es de pr\u00e9cision SBC se caract\u00e9risent par une grande fiabilit\u00e9, un fonctionnement r\u00e9gulier et une grande rigidit\u00e9 sans jeu.<\/li>\n<li>Haute fiabilit\u00e9<\/li>\n<li>Un fonctionnement sans heurts<\/li>\n<li>Grande rigidit\u00e9 sans jeu<\/li>\n<li>Une vis \u00e0 billes atteint un rendement \u00e9lev\u00e9 m\u00eame si le couple d&rsquo;entra\u00eenement est faible, car les billes roulent entre l&rsquo;arbre de la vis et l&rsquo;\u00e9crou \u00e0 billes pour obtenir un coefficient de frottement inf\u00e9rieur \u00e0 celui d&rsquo;une vis-m\u00e8re.<\/li>\n<li>Faible coefficient de frottement et haute efficacit\u00e9<\/li>\n<li>Haute v\u00e9locit\u00e9 et acc\u00e9l\u00e9ration.<\/li>\n<li>Longue dur\u00e9e de vie.<\/li>\n<\/ul>\n<h2>Application<\/h2>\n<p>Les produits sont cr\u00e9\u00e9s pour une grande vari\u00e9t\u00e9 d&rsquo;applications industrielles.<\/p>\n","protected":false},"excerpt":{"rendered":"<p>Les <strong>vis \u00e0 billes roul\u00e9es de pr\u00e9cision SBC<\/strong> se caract\u00e9risent par une grande fiabilit\u00e9, un fonctionnement r\u00e9gulier et une grande rigidit\u00e9 sans jeu.<\/p>\n","protected":false},"featured_media":3486,"comment_status":"open","ping_status":"closed","template":"","meta":{"_acf_changed":false},"product_brand":[],"product_cat":[341,340,413,376,411,384,475,375,361,360,414,574,562,412],"product_tag":[],"class_list":{"0":"post-4018","1":"product","2":"type-product","3":"status-publish","4":"has-post-thumbnail","6":"product_cat-aerospatiale","7":"product_cat-automobile","8":"product_cat-batteries","9":"product_cat-e-mobilite","10":"product_cat-electronique","11":"product_cat-energie","12":"product_cat-fabrication-de-montres","13":"product_cat-ferroviaire","14":"product_cat-industrie-alimentaire","15":"product_cat-industrie-generale","16":"product_cat-medical","17":"product_cat-sbc","18":"product_cat-technique-de-guidage-lineaire","19":"product_cat-telepheriques","20":"pa_brands-sbc-fr","22":"first","23":"instock","24":"shipping-taxable","25":"product-type-simple"},"acf":[],"_yoast_wpseo_focuskw":"Vis \u00e0 billes roul\u00e9es SBC","_yoast_wpseo_metadesc":"Les vis \u00e0 billes roul\u00e9es de pr\u00e9cision SBC se caract\u00e9risent par une grande fiabilit\u00e9, un fonctionnement r\u00e9gulier et une grande rigidit\u00e9 sans jeu.","yoast_head":"<!-- This site is optimized with the Yoast SEO Premium plugin v21.6 (Yoast SEO v27.4) - https:\/\/yoast.com\/product\/yoast-seo-premium-wordpress\/ -->\n<title>Vis \u00e0 billes roul\u00e9es SBC - CREDIMEX<\/title>\n<meta name=\"description\" content=\"Les vis \u00e0 billes roul\u00e9es de pr\u00e9cision SBC se caract\u00e9risent par une grande fiabilit\u00e9, un fonctionnement r\u00e9gulier et une grande rigidit\u00e9 sans jeu.\" \/>\n<meta name=\"robots\" content=\"index, follow, max-snippet:-1, max-image-preview:large, max-video-preview:-1\" \/>\n<link rel=\"canonical\" href=\"https:\/\/www.credimex.ch\/fr\/produit\/vis-a-billes-roulees-sbc\/\" \/>\n<meta property=\"og:locale\" content=\"fr_FR\" \/>\n<meta property=\"og:type\" content=\"article\" \/>\n<meta property=\"og:title\" content=\"Vis \u00e0 billes roul\u00e9es SBC\" \/>\n<meta property=\"og:description\" content=\"Les vis \u00e0 billes roul\u00e9es de pr\u00e9cision SBC se caract\u00e9risent par une grande fiabilit\u00e9, un fonctionnement r\u00e9gulier et une grande rigidit\u00e9 sans jeu.\" \/>\n<meta property=\"og:url\" content=\"https:\/\/www.credimex.ch\/fr\/produit\/vis-a-billes-roulees-sbc\/\" \/>\n<meta property=\"og:site_name\" content=\"CREDIMEX\" \/>\n<meta property=\"article:publisher\" content=\"https:\/\/www.facebook.com\/credimex.alpnach\/\" \/>\n<meta property=\"og:image\" content=\"https:\/\/www.credimex.ch\/wp-content\/uploads\/2022\/07\/DSC_2900.jpeg\" \/>\n\t<meta property=\"og:image:width\" content=\"1500\" \/>\n\t<meta property=\"og:image:height\" content=\"1500\" \/>\n\t<meta property=\"og:image:type\" content=\"image\/jpeg\" \/>\n<meta name=\"twitter:card\" content=\"summary_large_image\" \/>\n<meta name=\"twitter:label1\" content=\"Dur\u00e9e de lecture estim\u00e9e\" \/>\n\t<meta name=\"twitter:data1\" content=\"1 minute\" \/>\n<script type=\"application\/ld+json\" class=\"yoast-schema-graph\">{\"@context\":\"https:\\\/\\\/schema.org\",\"@graph\":[{\"@type\":\"WebPage\",\"@id\":\"https:\\\/\\\/www.credimex.ch\\\/fr\\\/produit\\\/vis-a-billes-roulees-sbc\\\/\",\"url\":\"https:\\\/\\\/www.credimex.ch\\\/fr\\\/produit\\\/vis-a-billes-roulees-sbc\\\/\",\"name\":\"Vis \u00e0 billes roul\u00e9es SBC - CREDIMEX\",\"isPartOf\":{\"@id\":\"https:\\\/\\\/www.credimex.ch\\\/fr\\\/#website\"},\"primaryImageOfPage\":{\"@id\":\"https:\\\/\\\/www.credimex.ch\\\/fr\\\/produit\\\/vis-a-billes-roulees-sbc\\\/#primaryimage\"},\"image\":{\"@id\":\"https:\\\/\\\/www.credimex.ch\\\/fr\\\/produit\\\/vis-a-billes-roulees-sbc\\\/#primaryimage\"},\"thumbnailUrl\":\"https:\\\/\\\/www.credimex.ch\\\/wp-content\\\/uploads\\\/2022\\\/07\\\/DSC_2900.jpeg\",\"datePublished\":\"2022-07-08T09:11:38+00:00\",\"description\":\"Les vis \u00e0 billes roul\u00e9es de pr\u00e9cision SBC se caract\u00e9risent par une grande fiabilit\u00e9, un fonctionnement r\u00e9gulier et une grande rigidit\u00e9 sans jeu.\",\"breadcrumb\":{\"@id\":\"https:\\\/\\\/www.credimex.ch\\\/fr\\\/produit\\\/vis-a-billes-roulees-sbc\\\/#breadcrumb\"},\"inLanguage\":\"fr-FR\",\"potentialAction\":[{\"@type\":\"ReadAction\",\"target\":[\"https:\\\/\\\/www.credimex.ch\\\/fr\\\/produit\\\/vis-a-billes-roulees-sbc\\\/\"]}]},{\"@type\":\"ImageObject\",\"inLanguage\":\"fr-FR\",\"@id\":\"https:\\\/\\\/www.credimex.ch\\\/fr\\\/produit\\\/vis-a-billes-roulees-sbc\\\/#primaryimage\",\"url\":\"https:\\\/\\\/www.credimex.ch\\\/wp-content\\\/uploads\\\/2022\\\/07\\\/DSC_2900.jpeg\",\"contentUrl\":\"https:\\\/\\\/www.credimex.ch\\\/wp-content\\\/uploads\\\/2022\\\/07\\\/DSC_2900.jpeg\",\"width\":1500,\"height\":1500},{\"@type\":\"BreadcrumbList\",\"@id\":\"https:\\\/\\\/www.credimex.ch\\\/fr\\\/produit\\\/vis-a-billes-roulees-sbc\\\/#breadcrumb\",\"itemListElement\":[{\"@type\":\"ListItem\",\"position\":1,\"name\":\"Home\",\"item\":\"https:\\\/\\\/www.credimex.ch\\\/fr\\\/\"},{\"@type\":\"ListItem\",\"position\":2,\"name\":\"Produits\",\"item\":\"https:\\\/\\\/www.credimex.ch\\\/fr\\\/produits\\\/\"},{\"@type\":\"ListItem\",\"position\":3,\"name\":\"Vis \u00e0 billes roul\u00e9es SBC\"}]},{\"@type\":\"WebSite\",\"@id\":\"https:\\\/\\\/www.credimex.ch\\\/fr\\\/#website\",\"url\":\"https:\\\/\\\/www.credimex.ch\\\/fr\\\/\",\"name\":\"CREDIMEX\",\"description\":\"Partner of Swiss Industrial Market\",\"publisher\":{\"@id\":\"https:\\\/\\\/www.credimex.ch\\\/fr\\\/#organization\"},\"potentialAction\":[{\"@type\":\"SearchAction\",\"target\":{\"@type\":\"EntryPoint\",\"urlTemplate\":\"https:\\\/\\\/www.credimex.ch\\\/fr\\\/?s={search_term_string}\"},\"query-input\":{\"@type\":\"PropertyValueSpecification\",\"valueRequired\":true,\"valueName\":\"search_term_string\"}}],\"inLanguage\":\"fr-FR\"},{\"@type\":\"Organization\",\"@id\":\"https:\\\/\\\/www.credimex.ch\\\/fr\\\/#organization\",\"name\":\"credimex\",\"url\":\"https:\\\/\\\/www.credimex.ch\\\/fr\\\/\",\"logo\":{\"@type\":\"ImageObject\",\"inLanguage\":\"fr-FR\",\"@id\":\"https:\\\/\\\/www.credimex.ch\\\/fr\\\/#\\\/schema\\\/logo\\\/image\\\/\",\"url\":\"https:\\\/\\\/www.credimex.ch\\\/wp-content\\\/uploads\\\/2022\\\/03\\\/cropped-logo-credimex.png\",\"contentUrl\":\"https:\\\/\\\/www.credimex.ch\\\/wp-content\\\/uploads\\\/2022\\\/03\\\/cropped-logo-credimex.png\",\"width\":512,\"height\":512,\"caption\":\"credimex\"},\"image\":{\"@id\":\"https:\\\/\\\/www.credimex.ch\\\/fr\\\/#\\\/schema\\\/logo\\\/image\\\/\"},\"sameAs\":[\"https:\\\/\\\/www.facebook.com\\\/credimex.alpnach\\\/\",\"https:\\\/\\\/www.linkedin.com\\\/company\\\/credimex\\\/\",\"https:\\\/\\\/www.youtube.com\\\/@CREDIMEX?sub_confirmation=1\"]}]}<\/script>\n<!-- \/ Yoast SEO Premium plugin. -->","yoast_head_json":{"title":"Vis \u00e0 billes roul\u00e9es SBC - CREDIMEX","description":"Les vis \u00e0 billes roul\u00e9es de pr\u00e9cision SBC se caract\u00e9risent par une grande fiabilit\u00e9, un fonctionnement r\u00e9gulier et une grande rigidit\u00e9 sans jeu.","robots":{"index":"index","follow":"follow","max-snippet":"max-snippet:-1","max-image-preview":"max-image-preview:large","max-video-preview":"max-video-preview:-1"},"canonical":"https:\/\/www.credimex.ch\/fr\/produit\/vis-a-billes-roulees-sbc\/","og_locale":"fr_FR","og_type":"article","og_title":"Vis \u00e0 billes roul\u00e9es SBC","og_description":"Les vis \u00e0 billes roul\u00e9es de pr\u00e9cision SBC se caract\u00e9risent par une grande fiabilit\u00e9, un fonctionnement r\u00e9gulier et une grande rigidit\u00e9 sans jeu.","og_url":"https:\/\/www.credimex.ch\/fr\/produit\/vis-a-billes-roulees-sbc\/","og_site_name":"CREDIMEX","article_publisher":"https:\/\/www.facebook.com\/credimex.alpnach\/","og_image":[{"width":1500,"height":1500,"url":"https:\/\/www.credimex.ch\/wp-content\/uploads\/2022\/07\/DSC_2900.jpeg","type":"image\/jpeg"}],"twitter_card":"summary_large_image","twitter_misc":{"Dur\u00e9e de lecture estim\u00e9e":"1 minute"},"schema":{"@context":"https:\/\/schema.org","@graph":[{"@type":"WebPage","@id":"https:\/\/www.credimex.ch\/fr\/produit\/vis-a-billes-roulees-sbc\/","url":"https:\/\/www.credimex.ch\/fr\/produit\/vis-a-billes-roulees-sbc\/","name":"Vis \u00e0 billes roul\u00e9es SBC - CREDIMEX","isPartOf":{"@id":"https:\/\/www.credimex.ch\/fr\/#website"},"primaryImageOfPage":{"@id":"https:\/\/www.credimex.ch\/fr\/produit\/vis-a-billes-roulees-sbc\/#primaryimage"},"image":{"@id":"https:\/\/www.credimex.ch\/fr\/produit\/vis-a-billes-roulees-sbc\/#primaryimage"},"thumbnailUrl":"https:\/\/www.credimex.ch\/wp-content\/uploads\/2022\/07\/DSC_2900.jpeg","datePublished":"2022-07-08T09:11:38+00:00","description":"Les vis \u00e0 billes roul\u00e9es de pr\u00e9cision SBC se caract\u00e9risent par une grande fiabilit\u00e9, un fonctionnement r\u00e9gulier et une grande rigidit\u00e9 sans jeu.","breadcrumb":{"@id":"https:\/\/www.credimex.ch\/fr\/produit\/vis-a-billes-roulees-sbc\/#breadcrumb"},"inLanguage":"fr-FR","potentialAction":[{"@type":"ReadAction","target":["https:\/\/www.credimex.ch\/fr\/produit\/vis-a-billes-roulees-sbc\/"]}]},{"@type":"ImageObject","inLanguage":"fr-FR","@id":"https:\/\/www.credimex.ch\/fr\/produit\/vis-a-billes-roulees-sbc\/#primaryimage","url":"https:\/\/www.credimex.ch\/wp-content\/uploads\/2022\/07\/DSC_2900.jpeg","contentUrl":"https:\/\/www.credimex.ch\/wp-content\/uploads\/2022\/07\/DSC_2900.jpeg","width":1500,"height":1500},{"@type":"BreadcrumbList","@id":"https:\/\/www.credimex.ch\/fr\/produit\/vis-a-billes-roulees-sbc\/#breadcrumb","itemListElement":[{"@type":"ListItem","position":1,"name":"Home","item":"https:\/\/www.credimex.ch\/fr\/"},{"@type":"ListItem","position":2,"name":"Produits","item":"https:\/\/www.credimex.ch\/fr\/produits\/"},{"@type":"ListItem","position":3,"name":"Vis \u00e0 billes roul\u00e9es SBC"}]},{"@type":"WebSite","@id":"https:\/\/www.credimex.ch\/fr\/#website","url":"https:\/\/www.credimex.ch\/fr\/","name":"CREDIMEX","description":"Partner of Swiss Industrial Market","publisher":{"@id":"https:\/\/www.credimex.ch\/fr\/#organization"},"potentialAction":[{"@type":"SearchAction","target":{"@type":"EntryPoint","urlTemplate":"https:\/\/www.credimex.ch\/fr\/?s={search_term_string}"},"query-input":{"@type":"PropertyValueSpecification","valueRequired":true,"valueName":"search_term_string"}}],"inLanguage":"fr-FR"},{"@type":"Organization","@id":"https:\/\/www.credimex.ch\/fr\/#organization","name":"credimex","url":"https:\/\/www.credimex.ch\/fr\/","logo":{"@type":"ImageObject","inLanguage":"fr-FR","@id":"https:\/\/www.credimex.ch\/fr\/#\/schema\/logo\/image\/","url":"https:\/\/www.credimex.ch\/wp-content\/uploads\/2022\/03\/cropped-logo-credimex.png","contentUrl":"https:\/\/www.credimex.ch\/wp-content\/uploads\/2022\/03\/cropped-logo-credimex.png","width":512,"height":512,"caption":"credimex"},"image":{"@id":"https:\/\/www.credimex.ch\/fr\/#\/schema\/logo\/image\/"},"sameAs":["https:\/\/www.facebook.com\/credimex.alpnach\/","https:\/\/www.linkedin.com\/company\/credimex\/","https:\/\/www.youtube.com\/@CREDIMEX?sub_confirmation=1"]}]}},"_links":{"self":[{"href":"https:\/\/www.credimex.ch\/fr\/wp-json\/wp\/v2\/product\/4018","targetHints":{"allow":["GET"]}}],"collection":[{"href":"https:\/\/www.credimex.ch\/fr\/wp-json\/wp\/v2\/product"}],"about":[{"href":"https:\/\/www.credimex.ch\/fr\/wp-json\/wp\/v2\/types\/product"}],"replies":[{"embeddable":true,"href":"https:\/\/www.credimex.ch\/fr\/wp-json\/wp\/v2\/comments?post=4018"}],"wp:featuredmedia":[{"embeddable":true,"href":"https:\/\/www.credimex.ch\/fr\/wp-json\/wp\/v2\/media\/3486"}],"wp:attachment":[{"href":"https:\/\/www.credimex.ch\/fr\/wp-json\/wp\/v2\/media?parent=4018"}],"wp:term":[{"taxonomy":"product_brand","embeddable":true,"href":"https:\/\/www.credimex.ch\/fr\/wp-json\/wp\/v2\/product_brand?post=4018"},{"taxonomy":"product_cat","embeddable":true,"href":"https:\/\/www.credimex.ch\/fr\/wp-json\/wp\/v2\/product_cat?post=4018"},{"taxonomy":"product_tag","embeddable":true,"href":"https:\/\/www.credimex.ch\/fr\/wp-json\/wp\/v2\/product_tag?post=4018"}],"curies":[{"name":"wp","href":"https:\/\/api.w.org\/{rel}","templated":true}]}}