{"id":4022,"date":"2022-07-08T10:46:04","date_gmt":"2022-07-08T08:46:04","guid":{"rendered":"https:\/\/www.credimex.ch.mialias.net\/product\/guide-du-rouleau-sbc-sbr\/"},"modified":"2022-07-08T10:46:04","modified_gmt":"2022-07-08T08:46:04","slug":"sbc-sbr-roller-guide-copie","status":"publish","type":"product","link":"https:\/\/www.credimex.ch\/fr\/produit\/sbc-sbr-roller-guide-copie\/","title":{"rendered":"Guide du rouleau SBC SBR"},"content":{"rendered":"<h2>Description<\/h2>\n<p>Le guide des rouleaux SBC SBR comprend les s\u00e9ries de produits suivantes :<\/p>\n<ul>\n<li>Bride \u00e0 rouleaux de type SBR-FL\/FLL<\/li>\n<li>HRoller Type Slim SBR-SL\/SLL<\/li>\n<\/ul>\n<h2>Avantages du produit<\/h2>\n<ul>\n<li>Le syst\u00e8me de rail \u00e0 rouleaux lin\u00e9aires SBR est sp\u00e9cialis\u00e9 dans la rigidit\u00e9 et la charge \u00e9lev\u00e9es avec une douceur de fonctionnement exceptionnelle. Largement utilis\u00e9 dans de nombreuses applications de machines-outils.<\/li>\n<li>Angle de course du bloc optimis\u00e9 en fonction de chaque pr\u00e9charge<\/li>\n<li>Structure de la plaque d&rsquo;extr\u00e9mit\u00e9 renforc\u00e9e contre les charges externes<\/li>\n<li>Distance entre les rouleaux pour minimiser l&rsquo;inclinaison.<\/li>\n<li>Rouleaux \u00e0 profil logarithmique optimis\u00e9<\/li>\n<li>Dur\u00e9e de vie prolong\u00e9e et faible couple<\/li>\n<li>Syst\u00e8me de recirculation en douceur<\/li>\n<li>Syst\u00e8me de lubrification innovant<\/li>\n<\/ul>\n<h2>Application<\/h2>\n<p>Les produits sont cr\u00e9\u00e9s pour une grande vari\u00e9t\u00e9 d&rsquo;applications industrielles. La s\u00e9rie SBR avec syst\u00e8me de rail lin\u00e9aire \u00e0 rouleaux est adapt\u00e9e aux charges \u00e9lev\u00e9es, \u00e0 une grande rigidit\u00e9 et \u00e0 une grande fiabilit\u00e9, en particulier pour les machines-outils de pr\u00e9cision.<\/p>\n","protected":false},"excerpt":{"rendered":"<p>Le <strong>syst\u00e8me de guidage \u00e0 rouleaux SBC SBR<\/strong> est sp\u00e9cialis\u00e9 dans la rigidit\u00e9 et la charge \u00e9lev\u00e9es avec une douceur de fonctionnement exceptionnelle.<\/p>\n","protected":false},"featured_media":3482,"comment_status":"open","ping_status":"closed","template":"","meta":{"_acf_changed":false},"product_brand":[],"product_cat":[341,340,413,376,411,384,475,375,579,361,360,414,574,562,412],"product_tag":[],"class_list":{"0":"post-4022","1":"product","2":"type-product","3":"status-publish","4":"has-post-thumbnail","6":"product_cat-aerospatiale","7":"product_cat-automobile","8":"product_cat-batteries","9":"product_cat-e-mobilite","10":"product_cat-electronique","11":"product_cat-energie","12":"product_cat-fabrication-de-montres","13":"product_cat-ferroviaire","14":"product_cat-guides-lineaires","15":"product_cat-industrie-alimentaire","16":"product_cat-industrie-generale","17":"product_cat-medical","18":"product_cat-sbc","19":"product_cat-technique-de-guidage-lineaire","20":"product_cat-telepheriques","21":"pa_brands-sbc-fr","23":"first","24":"instock","25":"shipping-taxable","26":"product-type-simple"},"acf":[],"_yoast_wpseo_focuskw":"Guide SBC SBR","_yoast_wpseo_metadesc":"Le syst\u00e8me de guidage \u00e0 rouleaux SBC SBR est sp\u00e9cialis\u00e9 dans la rigidit\u00e9 et la charge \u00e9lev\u00e9es avec une douceur de fonctionnement exceptionnelle.","yoast_head":"<!-- This site is optimized with the Yoast SEO Premium plugin v21.6 (Yoast SEO v27.4) - https:\/\/yoast.com\/product\/yoast-seo-premium-wordpress\/ -->\n<title>Guide du rouleau SBC SBR - CREDIMEX<\/title>\n<meta name=\"description\" content=\"Le syst\u00e8me de guidage \u00e0 rouleaux SBC SBR est sp\u00e9cialis\u00e9 dans la rigidit\u00e9 et la charge \u00e9lev\u00e9es avec une douceur de fonctionnement exceptionnelle.\" \/>\n<meta name=\"robots\" content=\"index, follow, max-snippet:-1, max-image-preview:large, max-video-preview:-1\" \/>\n<link rel=\"canonical\" href=\"https:\/\/www.credimex.ch\/fr\/produit\/sbc-sbr-roller-guide-copie\/\" \/>\n<meta property=\"og:locale\" content=\"fr_FR\" \/>\n<meta property=\"og:type\" content=\"article\" \/>\n<meta property=\"og:title\" content=\"Guide du rouleau SBC SBR\" \/>\n<meta property=\"og:description\" content=\"Le syst\u00e8me de guidage \u00e0 rouleaux SBC SBR est sp\u00e9cialis\u00e9 dans la rigidit\u00e9 et la charge \u00e9lev\u00e9es avec une douceur de fonctionnement exceptionnelle.\" \/>\n<meta property=\"og:url\" content=\"https:\/\/www.credimex.ch\/fr\/produit\/sbc-sbr-roller-guide-copie\/\" \/>\n<meta property=\"og:site_name\" content=\"CREDIMEX\" \/>\n<meta property=\"article:publisher\" content=\"https:\/\/www.facebook.com\/credimex.alpnach\/\" \/>\n<meta property=\"og:image\" content=\"https:\/\/www.credimex.ch\/wp-content\/uploads\/2022\/07\/DSC_2837.jpeg\" \/>\n\t<meta property=\"og:image:width\" content=\"1500\" \/>\n\t<meta property=\"og:image:height\" content=\"1500\" \/>\n\t<meta property=\"og:image:type\" content=\"image\/jpeg\" \/>\n<meta name=\"twitter:card\" content=\"summary_large_image\" \/>\n<meta name=\"twitter:label1\" content=\"Dur\u00e9e de lecture estim\u00e9e\" \/>\n\t<meta name=\"twitter:data1\" content=\"1 minute\" \/>\n<script type=\"application\/ld+json\" class=\"yoast-schema-graph\">{\"@context\":\"https:\\\/\\\/schema.org\",\"@graph\":[{\"@type\":\"WebPage\",\"@id\":\"https:\\\/\\\/www.credimex.ch\\\/fr\\\/produit\\\/sbc-sbr-roller-guide-copie\\\/\",\"url\":\"https:\\\/\\\/www.credimex.ch\\\/fr\\\/produit\\\/sbc-sbr-roller-guide-copie\\\/\",\"name\":\"Guide du rouleau SBC SBR - CREDIMEX\",\"isPartOf\":{\"@id\":\"https:\\\/\\\/www.credimex.ch\\\/fr\\\/#website\"},\"primaryImageOfPage\":{\"@id\":\"https:\\\/\\\/www.credimex.ch\\\/fr\\\/produit\\\/sbc-sbr-roller-guide-copie\\\/#primaryimage\"},\"image\":{\"@id\":\"https:\\\/\\\/www.credimex.ch\\\/fr\\\/produit\\\/sbc-sbr-roller-guide-copie\\\/#primaryimage\"},\"thumbnailUrl\":\"https:\\\/\\\/www.credimex.ch\\\/wp-content\\\/uploads\\\/2022\\\/07\\\/DSC_2837.jpeg\",\"datePublished\":\"2022-07-08T08:46:04+00:00\",\"description\":\"Le syst\u00e8me de guidage \u00e0 rouleaux SBC SBR est sp\u00e9cialis\u00e9 dans la rigidit\u00e9 et la charge \u00e9lev\u00e9es avec une douceur de fonctionnement exceptionnelle.\",\"breadcrumb\":{\"@id\":\"https:\\\/\\\/www.credimex.ch\\\/fr\\\/produit\\\/sbc-sbr-roller-guide-copie\\\/#breadcrumb\"},\"inLanguage\":\"fr-FR\",\"potentialAction\":[{\"@type\":\"ReadAction\",\"target\":[\"https:\\\/\\\/www.credimex.ch\\\/fr\\\/produit\\\/sbc-sbr-roller-guide-copie\\\/\"]}]},{\"@type\":\"ImageObject\",\"inLanguage\":\"fr-FR\",\"@id\":\"https:\\\/\\\/www.credimex.ch\\\/fr\\\/produit\\\/sbc-sbr-roller-guide-copie\\\/#primaryimage\",\"url\":\"https:\\\/\\\/www.credimex.ch\\\/wp-content\\\/uploads\\\/2022\\\/07\\\/DSC_2837.jpeg\",\"contentUrl\":\"https:\\\/\\\/www.credimex.ch\\\/wp-content\\\/uploads\\\/2022\\\/07\\\/DSC_2837.jpeg\",\"width\":1500,\"height\":1500},{\"@type\":\"BreadcrumbList\",\"@id\":\"https:\\\/\\\/www.credimex.ch\\\/fr\\\/produit\\\/sbc-sbr-roller-guide-copie\\\/#breadcrumb\",\"itemListElement\":[{\"@type\":\"ListItem\",\"position\":1,\"name\":\"Home\",\"item\":\"https:\\\/\\\/www.credimex.ch\\\/fr\\\/\"},{\"@type\":\"ListItem\",\"position\":2,\"name\":\"Produits\",\"item\":\"https:\\\/\\\/www.credimex.ch\\\/fr\\\/produits\\\/\"},{\"@type\":\"ListItem\",\"position\":3,\"name\":\"Guide du rouleau SBC SBR\"}]},{\"@type\":\"WebSite\",\"@id\":\"https:\\\/\\\/www.credimex.ch\\\/fr\\\/#website\",\"url\":\"https:\\\/\\\/www.credimex.ch\\\/fr\\\/\",\"name\":\"CREDIMEX\",\"description\":\"Partner of Swiss Industrial Market\",\"publisher\":{\"@id\":\"https:\\\/\\\/www.credimex.ch\\\/fr\\\/#organization\"},\"potentialAction\":[{\"@type\":\"SearchAction\",\"target\":{\"@type\":\"EntryPoint\",\"urlTemplate\":\"https:\\\/\\\/www.credimex.ch\\\/fr\\\/?s={search_term_string}\"},\"query-input\":{\"@type\":\"PropertyValueSpecification\",\"valueRequired\":true,\"valueName\":\"search_term_string\"}}],\"inLanguage\":\"fr-FR\"},{\"@type\":\"Organization\",\"@id\":\"https:\\\/\\\/www.credimex.ch\\\/fr\\\/#organization\",\"name\":\"credimex\",\"url\":\"https:\\\/\\\/www.credimex.ch\\\/fr\\\/\",\"logo\":{\"@type\":\"ImageObject\",\"inLanguage\":\"fr-FR\",\"@id\":\"https:\\\/\\\/www.credimex.ch\\\/fr\\\/#\\\/schema\\\/logo\\\/image\\\/\",\"url\":\"https:\\\/\\\/www.credimex.ch\\\/wp-content\\\/uploads\\\/2022\\\/03\\\/cropped-logo-credimex.png\",\"contentUrl\":\"https:\\\/\\\/www.credimex.ch\\\/wp-content\\\/uploads\\\/2022\\\/03\\\/cropped-logo-credimex.png\",\"width\":512,\"height\":512,\"caption\":\"credimex\"},\"image\":{\"@id\":\"https:\\\/\\\/www.credimex.ch\\\/fr\\\/#\\\/schema\\\/logo\\\/image\\\/\"},\"sameAs\":[\"https:\\\/\\\/www.facebook.com\\\/credimex.alpnach\\\/\",\"https:\\\/\\\/www.linkedin.com\\\/company\\\/credimex\\\/\",\"https:\\\/\\\/www.youtube.com\\\/@CREDIMEX?sub_confirmation=1\"]}]}<\/script>\n<!-- \/ Yoast SEO Premium plugin. -->","yoast_head_json":{"title":"Guide du rouleau SBC SBR - CREDIMEX","description":"Le syst\u00e8me de guidage \u00e0 rouleaux SBC SBR est sp\u00e9cialis\u00e9 dans la rigidit\u00e9 et la charge \u00e9lev\u00e9es avec une douceur de fonctionnement exceptionnelle.","robots":{"index":"index","follow":"follow","max-snippet":"max-snippet:-1","max-image-preview":"max-image-preview:large","max-video-preview":"max-video-preview:-1"},"canonical":"https:\/\/www.credimex.ch\/fr\/produit\/sbc-sbr-roller-guide-copie\/","og_locale":"fr_FR","og_type":"article","og_title":"Guide du rouleau SBC SBR","og_description":"Le syst\u00e8me de guidage \u00e0 rouleaux SBC SBR est sp\u00e9cialis\u00e9 dans la rigidit\u00e9 et la charge \u00e9lev\u00e9es avec une douceur de fonctionnement exceptionnelle.","og_url":"https:\/\/www.credimex.ch\/fr\/produit\/sbc-sbr-roller-guide-copie\/","og_site_name":"CREDIMEX","article_publisher":"https:\/\/www.facebook.com\/credimex.alpnach\/","og_image":[{"width":1500,"height":1500,"url":"https:\/\/www.credimex.ch\/wp-content\/uploads\/2022\/07\/DSC_2837.jpeg","type":"image\/jpeg"}],"twitter_card":"summary_large_image","twitter_misc":{"Dur\u00e9e de lecture estim\u00e9e":"1 minute"},"schema":{"@context":"https:\/\/schema.org","@graph":[{"@type":"WebPage","@id":"https:\/\/www.credimex.ch\/fr\/produit\/sbc-sbr-roller-guide-copie\/","url":"https:\/\/www.credimex.ch\/fr\/produit\/sbc-sbr-roller-guide-copie\/","name":"Guide du rouleau SBC SBR - CREDIMEX","isPartOf":{"@id":"https:\/\/www.credimex.ch\/fr\/#website"},"primaryImageOfPage":{"@id":"https:\/\/www.credimex.ch\/fr\/produit\/sbc-sbr-roller-guide-copie\/#primaryimage"},"image":{"@id":"https:\/\/www.credimex.ch\/fr\/produit\/sbc-sbr-roller-guide-copie\/#primaryimage"},"thumbnailUrl":"https:\/\/www.credimex.ch\/wp-content\/uploads\/2022\/07\/DSC_2837.jpeg","datePublished":"2022-07-08T08:46:04+00:00","description":"Le syst\u00e8me de guidage \u00e0 rouleaux SBC SBR est sp\u00e9cialis\u00e9 dans la rigidit\u00e9 et la charge \u00e9lev\u00e9es avec une douceur de fonctionnement exceptionnelle.","breadcrumb":{"@id":"https:\/\/www.credimex.ch\/fr\/produit\/sbc-sbr-roller-guide-copie\/#breadcrumb"},"inLanguage":"fr-FR","potentialAction":[{"@type":"ReadAction","target":["https:\/\/www.credimex.ch\/fr\/produit\/sbc-sbr-roller-guide-copie\/"]}]},{"@type":"ImageObject","inLanguage":"fr-FR","@id":"https:\/\/www.credimex.ch\/fr\/produit\/sbc-sbr-roller-guide-copie\/#primaryimage","url":"https:\/\/www.credimex.ch\/wp-content\/uploads\/2022\/07\/DSC_2837.jpeg","contentUrl":"https:\/\/www.credimex.ch\/wp-content\/uploads\/2022\/07\/DSC_2837.jpeg","width":1500,"height":1500},{"@type":"BreadcrumbList","@id":"https:\/\/www.credimex.ch\/fr\/produit\/sbc-sbr-roller-guide-copie\/#breadcrumb","itemListElement":[{"@type":"ListItem","position":1,"name":"Home","item":"https:\/\/www.credimex.ch\/fr\/"},{"@type":"ListItem","position":2,"name":"Produits","item":"https:\/\/www.credimex.ch\/fr\/produits\/"},{"@type":"ListItem","position":3,"name":"Guide du rouleau SBC SBR"}]},{"@type":"WebSite","@id":"https:\/\/www.credimex.ch\/fr\/#website","url":"https:\/\/www.credimex.ch\/fr\/","name":"CREDIMEX","description":"Partner of Swiss Industrial Market","publisher":{"@id":"https:\/\/www.credimex.ch\/fr\/#organization"},"potentialAction":[{"@type":"SearchAction","target":{"@type":"EntryPoint","urlTemplate":"https:\/\/www.credimex.ch\/fr\/?s={search_term_string}"},"query-input":{"@type":"PropertyValueSpecification","valueRequired":true,"valueName":"search_term_string"}}],"inLanguage":"fr-FR"},{"@type":"Organization","@id":"https:\/\/www.credimex.ch\/fr\/#organization","name":"credimex","url":"https:\/\/www.credimex.ch\/fr\/","logo":{"@type":"ImageObject","inLanguage":"fr-FR","@id":"https:\/\/www.credimex.ch\/fr\/#\/schema\/logo\/image\/","url":"https:\/\/www.credimex.ch\/wp-content\/uploads\/2022\/03\/cropped-logo-credimex.png","contentUrl":"https:\/\/www.credimex.ch\/wp-content\/uploads\/2022\/03\/cropped-logo-credimex.png","width":512,"height":512,"caption":"credimex"},"image":{"@id":"https:\/\/www.credimex.ch\/fr\/#\/schema\/logo\/image\/"},"sameAs":["https:\/\/www.facebook.com\/credimex.alpnach\/","https:\/\/www.linkedin.com\/company\/credimex\/","https:\/\/www.youtube.com\/@CREDIMEX?sub_confirmation=1"]}]}},"_links":{"self":[{"href":"https:\/\/www.credimex.ch\/fr\/wp-json\/wp\/v2\/product\/4022","targetHints":{"allow":["GET"]}}],"collection":[{"href":"https:\/\/www.credimex.ch\/fr\/wp-json\/wp\/v2\/product"}],"about":[{"href":"https:\/\/www.credimex.ch\/fr\/wp-json\/wp\/v2\/types\/product"}],"replies":[{"embeddable":true,"href":"https:\/\/www.credimex.ch\/fr\/wp-json\/wp\/v2\/comments?post=4022"}],"wp:featuredmedia":[{"embeddable":true,"href":"https:\/\/www.credimex.ch\/fr\/wp-json\/wp\/v2\/media\/3482"}],"wp:attachment":[{"href":"https:\/\/www.credimex.ch\/fr\/wp-json\/wp\/v2\/media?parent=4022"}],"wp:term":[{"taxonomy":"product_brand","embeddable":true,"href":"https:\/\/www.credimex.ch\/fr\/wp-json\/wp\/v2\/product_brand?post=4022"},{"taxonomy":"product_cat","embeddable":true,"href":"https:\/\/www.credimex.ch\/fr\/wp-json\/wp\/v2\/product_cat?post=4022"},{"taxonomy":"product_tag","embeddable":true,"href":"https:\/\/www.credimex.ch\/fr\/wp-json\/wp\/v2\/product_tag?post=4022"}],"curies":[{"name":"wp","href":"https:\/\/api.w.org\/{rel}","templated":true}]}}