{"id":4026,"date":"2022-07-08T09:57:46","date_gmt":"2022-07-08T07:57:46","guid":{"rendered":"https:\/\/www.credimex.ch.mialias.net\/product\/redi-rail-pbc\/"},"modified":"2022-07-08T09:57:46","modified_gmt":"2022-07-08T07:57:46","slug":"pbc-redi-rail-2","status":"publish","type":"product","link":"https:\/\/www.credimex.ch\/fr\/produit\/pbc-redi-rail-2\/","title":{"rendered":"Redi-Rail PBC"},"content":{"rendered":"<h2>Description<\/h2>\n<p>Le Redi-Rail de PBC utilise des glissi\u00e8res de galets de came sp\u00e9cialement con\u00e7ues avec notre option brevet\u00e9e de pr\u00e9charge r\u00e9glable lat\u00e9ralement pour un r\u00e9glage fin rapide et une adaptation optimale \u00e0 l&rsquo;application.<\/p>\n<p>Les rails en alliage d&rsquo;aluminium usin\u00e9s avec pr\u00e9cision sont int\u00e9gr\u00e9s \u00e0 des bagues en acier tremp\u00e9 pour garantir la solidit\u00e9 d&rsquo;une conception l\u00e9g\u00e8re.<\/p>\n<p>Les rails m\u00e9triques Redi-Rail\u00ae sont usin\u00e9s avec pr\u00e9cision pour une pr\u00e9cision et un parall\u00e9lisme optimaux. Un rail en aluminium int\u00e9gr\u00e9 \u00e0 des courses en acier tremp\u00e9 assure une conception l\u00e9g\u00e8re sans sacrifier la r\u00e9sistance. Les rails m\u00e9triques Redi-Rail sont \u00e9quip\u00e9s de trous de montage contre-perc\u00e9s pour une installation rapide sur plusieurs orientations.<\/p>\n<p>Les chariots m\u00e9triques Redi-Rail sont une solution \u00e9conomique con\u00e7ue pour un guidage lin\u00e9aire de pr\u00e9cision. La gamme de produits Redi-Rail s&rsquo;est \u00e9largie pour inclure une option de chariot \u00e0 4 et 5 rouleaux, en plus du chariot traditionnel \u00e0 3 rouleaux. Les clients peuvent ainsi b\u00e9n\u00e9ficier d&rsquo;une plus grande souplesse de conception, de capacit\u00e9s de charge plus \u00e9lev\u00e9es et d&rsquo;\u00e9conomies substantielles.<\/p>\n<h2>Avantages du produit<\/h2>\n<p>Les avantages des Redi-Rails PBC :<\/p>\n<ul>\n<li>Disponible en longueurs jusqu&rsquo;\u00e0 6m (19ft)<\/li>\n<li>Disponible en options de chariot \u00e0 3, 4 et 5 rouleaux.<\/li>\n<li>Transfert \u00e0 grande vitesse 8 m\/s (315 in\/s) Maximum<\/li>\n<li>Charge maximale jusqu&rsquo;\u00e0 5950 N (1340lbs)<\/li>\n<li>R\u00e9siste \u00e0 des temp\u00e9ratures allant jusqu&rsquo;\u00e0 80\u00b0C (176\u00b0F)<\/li>\n<li>Rouleaux en arc gothique et chemins de roulement de l&rsquo;arbre en acier tremp\u00e9 ou en acier inoxydable 440 pour un d\u00e9placement de haute pr\u00e9cision.<\/li>\n<li>Rail usin\u00e9 avec pr\u00e9cision pour un parall\u00e9lisme \u00e9lev\u00e9 &#8211; Les chemins de roulement des arbres sont parall\u00e8les \u00e0 0,050 mm pr\u00e8s (.002 in)<\/li>\n<li>Rectitude des rails +\/-0,50 mm\/300 mm (+\/-0,002 in\/foot)<\/li>\n<li>Possibilit\u00e9 de joindre les extr\u00e9mit\u00e9s pour les applications de grande longueur<\/li>\n<li>Les roues comprennent des joints int\u00e9gr\u00e9s pour assurer une protection dans les environnements contamin\u00e9s.<\/li>\n<li>Pr\u00e9charge de la glissi\u00e8re r\u00e9glable brevet\u00e9e de s\u00e9rie<\/li>\n<li>Joints racleurs standard \u00e0 glissement impr\u00e9gn\u00e9s d&rsquo;huile pour l&rsquo;autolubrification des chemins de roulement d&rsquo;arbres sur rail<\/li>\n<li>Rouleaux lubrifi\u00e9s \u00e0 vie<\/li>\n<li>Version r\u00e9sistante \u00e0 la corrosion disponible<\/li>\n<\/ul>\n<h2>Application<\/h2>\n<ul>\n<li>Guidage lin\u00e9aire industriel<\/li>\n<li>Cadres de porte grand format<\/li>\n<li>Manutention des mat\u00e9riaux<\/li>\n<li>Distribution robotis\u00e9e<\/li>\n<li>Distribution automatique<\/li>\n<\/ul>\n","protected":false},"excerpt":{"rendered":"<p>Le <strong>Redi-Rail de PBC<\/strong> utilise des glissi\u00e8res de galets de came sp\u00e9cialement con\u00e7ues avec notre option brevet\u00e9e de pr\u00e9charge r\u00e9glable lat\u00e9ralement pour un r\u00e9glage fin rapide et une adaptation optimale \u00e0 l&rsquo;application.<\/p>\n","protected":false},"featured_media":3478,"comment_status":"open","ping_status":"closed","template":"","meta":{"_acf_changed":false},"product_brand":[],"product_cat":[341,340,413,376,411,384,475,375,579,361,360,414,582,562,412],"product_tag":[],"class_list":{"0":"post-4026","1":"product","2":"type-product","3":"status-publish","4":"has-post-thumbnail","6":"product_cat-aerospatiale","7":"product_cat-automobile","8":"product_cat-batteries","9":"product_cat-e-mobilite","10":"product_cat-electronique","11":"product_cat-energie","12":"product_cat-fabrication-de-montres","13":"product_cat-ferroviaire","14":"product_cat-guides-lineaires","15":"product_cat-industrie-alimentaire","16":"product_cat-industrie-generale","17":"product_cat-medical","18":"product_cat-pbc","19":"product_cat-technique-de-guidage-lineaire","20":"product_cat-telepheriques","21":"pa_brands-pbc-fr","23":"first","24":"instock","25":"shipping-taxable","26":"product-type-simple"},"acf":[],"_yoast_wpseo_focuskw":"Redi-Rail PBC","_yoast_wpseo_metadesc":"Le Redi-Rail de PBC utilise des glissi\u00e8res de galets de came sp\u00e9cialement con\u00e7ues avec notre option brevet\u00e9e de pr\u00e9charge r\u00e9glable lat\u00e9ralement pour un r\u00e9glage fin rapide et une adaptation optimale \u00e0 l'application.","yoast_head":"<!-- This site is optimized with the Yoast SEO Premium plugin v21.6 (Yoast SEO v27.4) - https:\/\/yoast.com\/product\/yoast-seo-premium-wordpress\/ -->\n<title>Redi-Rail PBC - CREDIMEX<\/title>\n<meta name=\"description\" content=\"Le Redi-Rail de PBC utilise des glissi\u00e8res de galets de came sp\u00e9cialement con\u00e7ues avec notre option brevet\u00e9e de pr\u00e9charge r\u00e9glable lat\u00e9ralement pour un r\u00e9glage fin rapide et une adaptation optimale \u00e0 l&#039;application.\" \/>\n<meta name=\"robots\" content=\"index, follow, max-snippet:-1, max-image-preview:large, max-video-preview:-1\" \/>\n<link rel=\"canonical\" href=\"https:\/\/www.credimex.ch\/fr\/produit\/pbc-redi-rail-2\/\" \/>\n<meta property=\"og:locale\" content=\"fr_FR\" \/>\n<meta property=\"og:type\" content=\"article\" \/>\n<meta property=\"og:title\" content=\"Redi-Rail PBC\" \/>\n<meta property=\"og:description\" content=\"Le Redi-Rail de PBC utilise des glissi\u00e8res de galets de came sp\u00e9cialement con\u00e7ues avec notre option brevet\u00e9e de pr\u00e9charge r\u00e9glable lat\u00e9ralement pour un r\u00e9glage fin rapide et une adaptation optimale \u00e0 l&#039;application.\" \/>\n<meta property=\"og:url\" content=\"https:\/\/www.credimex.ch\/fr\/produit\/pbc-redi-rail-2\/\" \/>\n<meta property=\"og:site_name\" content=\"CREDIMEX\" \/>\n<meta property=\"article:publisher\" content=\"https:\/\/www.facebook.com\/credimex.alpnach\/\" \/>\n<meta property=\"og:image\" content=\"https:\/\/www.credimex.ch\/wp-content\/uploads\/2022\/07\/RR-RollerRail-Metric.jpeg\" \/>\n\t<meta property=\"og:image:width\" content=\"800\" \/>\n\t<meta property=\"og:image:height\" content=\"425\" \/>\n\t<meta property=\"og:image:type\" content=\"image\/jpeg\" \/>\n<meta name=\"twitter:card\" content=\"summary_large_image\" \/>\n<meta name=\"twitter:label1\" content=\"Dur\u00e9e de lecture estim\u00e9e\" \/>\n\t<meta name=\"twitter:data1\" content=\"2 minutes\" \/>\n<script type=\"application\/ld+json\" class=\"yoast-schema-graph\">{\"@context\":\"https:\\\/\\\/schema.org\",\"@graph\":[{\"@type\":\"WebPage\",\"@id\":\"https:\\\/\\\/www.credimex.ch\\\/fr\\\/produit\\\/pbc-redi-rail-2\\\/\",\"url\":\"https:\\\/\\\/www.credimex.ch\\\/fr\\\/produit\\\/pbc-redi-rail-2\\\/\",\"name\":\"Redi-Rail PBC - CREDIMEX\",\"isPartOf\":{\"@id\":\"https:\\\/\\\/www.credimex.ch\\\/fr\\\/#website\"},\"primaryImageOfPage\":{\"@id\":\"https:\\\/\\\/www.credimex.ch\\\/fr\\\/produit\\\/pbc-redi-rail-2\\\/#primaryimage\"},\"image\":{\"@id\":\"https:\\\/\\\/www.credimex.ch\\\/fr\\\/produit\\\/pbc-redi-rail-2\\\/#primaryimage\"},\"thumbnailUrl\":\"https:\\\/\\\/www.credimex.ch\\\/wp-content\\\/uploads\\\/2022\\\/07\\\/RR-RollerRail-Metric.jpeg\",\"datePublished\":\"2022-07-08T07:57:46+00:00\",\"description\":\"Le Redi-Rail de PBC utilise des glissi\u00e8res de galets de came sp\u00e9cialement con\u00e7ues avec notre option brevet\u00e9e de pr\u00e9charge r\u00e9glable lat\u00e9ralement pour un r\u00e9glage fin rapide et une adaptation optimale \u00e0 l'application.\",\"breadcrumb\":{\"@id\":\"https:\\\/\\\/www.credimex.ch\\\/fr\\\/produit\\\/pbc-redi-rail-2\\\/#breadcrumb\"},\"inLanguage\":\"fr-FR\",\"potentialAction\":[{\"@type\":\"ReadAction\",\"target\":[\"https:\\\/\\\/www.credimex.ch\\\/fr\\\/produit\\\/pbc-redi-rail-2\\\/\"]}]},{\"@type\":\"ImageObject\",\"inLanguage\":\"fr-FR\",\"@id\":\"https:\\\/\\\/www.credimex.ch\\\/fr\\\/produit\\\/pbc-redi-rail-2\\\/#primaryimage\",\"url\":\"https:\\\/\\\/www.credimex.ch\\\/wp-content\\\/uploads\\\/2022\\\/07\\\/RR-RollerRail-Metric.jpeg\",\"contentUrl\":\"https:\\\/\\\/www.credimex.ch\\\/wp-content\\\/uploads\\\/2022\\\/07\\\/RR-RollerRail-Metric.jpeg\",\"width\":800,\"height\":425},{\"@type\":\"BreadcrumbList\",\"@id\":\"https:\\\/\\\/www.credimex.ch\\\/fr\\\/produit\\\/pbc-redi-rail-2\\\/#breadcrumb\",\"itemListElement\":[{\"@type\":\"ListItem\",\"position\":1,\"name\":\"Home\",\"item\":\"https:\\\/\\\/www.credimex.ch\\\/fr\\\/\"},{\"@type\":\"ListItem\",\"position\":2,\"name\":\"Produits\",\"item\":\"https:\\\/\\\/www.credimex.ch\\\/fr\\\/produits\\\/\"},{\"@type\":\"ListItem\",\"position\":3,\"name\":\"Redi-Rail PBC\"}]},{\"@type\":\"WebSite\",\"@id\":\"https:\\\/\\\/www.credimex.ch\\\/fr\\\/#website\",\"url\":\"https:\\\/\\\/www.credimex.ch\\\/fr\\\/\",\"name\":\"CREDIMEX\",\"description\":\"Partner of Swiss Industrial Market\",\"publisher\":{\"@id\":\"https:\\\/\\\/www.credimex.ch\\\/fr\\\/#organization\"},\"potentialAction\":[{\"@type\":\"SearchAction\",\"target\":{\"@type\":\"EntryPoint\",\"urlTemplate\":\"https:\\\/\\\/www.credimex.ch\\\/fr\\\/?s={search_term_string}\"},\"query-input\":{\"@type\":\"PropertyValueSpecification\",\"valueRequired\":true,\"valueName\":\"search_term_string\"}}],\"inLanguage\":\"fr-FR\"},{\"@type\":\"Organization\",\"@id\":\"https:\\\/\\\/www.credimex.ch\\\/fr\\\/#organization\",\"name\":\"credimex\",\"url\":\"https:\\\/\\\/www.credimex.ch\\\/fr\\\/\",\"logo\":{\"@type\":\"ImageObject\",\"inLanguage\":\"fr-FR\",\"@id\":\"https:\\\/\\\/www.credimex.ch\\\/fr\\\/#\\\/schema\\\/logo\\\/image\\\/\",\"url\":\"https:\\\/\\\/www.credimex.ch\\\/wp-content\\\/uploads\\\/2022\\\/03\\\/cropped-logo-credimex.png\",\"contentUrl\":\"https:\\\/\\\/www.credimex.ch\\\/wp-content\\\/uploads\\\/2022\\\/03\\\/cropped-logo-credimex.png\",\"width\":512,\"height\":512,\"caption\":\"credimex\"},\"image\":{\"@id\":\"https:\\\/\\\/www.credimex.ch\\\/fr\\\/#\\\/schema\\\/logo\\\/image\\\/\"},\"sameAs\":[\"https:\\\/\\\/www.facebook.com\\\/credimex.alpnach\\\/\",\"https:\\\/\\\/www.linkedin.com\\\/company\\\/credimex\\\/\",\"https:\\\/\\\/www.youtube.com\\\/@CREDIMEX?sub_confirmation=1\"]}]}<\/script>\n<!-- \/ Yoast SEO Premium plugin. -->","yoast_head_json":{"title":"Redi-Rail PBC - CREDIMEX","description":"Le Redi-Rail de PBC utilise des glissi\u00e8res de galets de came sp\u00e9cialement con\u00e7ues avec notre option brevet\u00e9e de pr\u00e9charge r\u00e9glable lat\u00e9ralement pour un r\u00e9glage fin rapide et une adaptation optimale \u00e0 l'application.","robots":{"index":"index","follow":"follow","max-snippet":"max-snippet:-1","max-image-preview":"max-image-preview:large","max-video-preview":"max-video-preview:-1"},"canonical":"https:\/\/www.credimex.ch\/fr\/produit\/pbc-redi-rail-2\/","og_locale":"fr_FR","og_type":"article","og_title":"Redi-Rail PBC","og_description":"Le Redi-Rail de PBC utilise des glissi\u00e8res de galets de came sp\u00e9cialement con\u00e7ues avec notre option brevet\u00e9e de pr\u00e9charge r\u00e9glable lat\u00e9ralement pour un r\u00e9glage fin rapide et une adaptation optimale \u00e0 l'application.","og_url":"https:\/\/www.credimex.ch\/fr\/produit\/pbc-redi-rail-2\/","og_site_name":"CREDIMEX","article_publisher":"https:\/\/www.facebook.com\/credimex.alpnach\/","og_image":[{"width":800,"height":425,"url":"https:\/\/www.credimex.ch\/wp-content\/uploads\/2022\/07\/RR-RollerRail-Metric.jpeg","type":"image\/jpeg"}],"twitter_card":"summary_large_image","twitter_misc":{"Dur\u00e9e de lecture estim\u00e9e":"2 minutes"},"schema":{"@context":"https:\/\/schema.org","@graph":[{"@type":"WebPage","@id":"https:\/\/www.credimex.ch\/fr\/produit\/pbc-redi-rail-2\/","url":"https:\/\/www.credimex.ch\/fr\/produit\/pbc-redi-rail-2\/","name":"Redi-Rail PBC - CREDIMEX","isPartOf":{"@id":"https:\/\/www.credimex.ch\/fr\/#website"},"primaryImageOfPage":{"@id":"https:\/\/www.credimex.ch\/fr\/produit\/pbc-redi-rail-2\/#primaryimage"},"image":{"@id":"https:\/\/www.credimex.ch\/fr\/produit\/pbc-redi-rail-2\/#primaryimage"},"thumbnailUrl":"https:\/\/www.credimex.ch\/wp-content\/uploads\/2022\/07\/RR-RollerRail-Metric.jpeg","datePublished":"2022-07-08T07:57:46+00:00","description":"Le Redi-Rail de PBC utilise des glissi\u00e8res de galets de came sp\u00e9cialement con\u00e7ues avec notre option brevet\u00e9e de pr\u00e9charge r\u00e9glable lat\u00e9ralement pour un r\u00e9glage fin rapide et une adaptation optimale \u00e0 l'application.","breadcrumb":{"@id":"https:\/\/www.credimex.ch\/fr\/produit\/pbc-redi-rail-2\/#breadcrumb"},"inLanguage":"fr-FR","potentialAction":[{"@type":"ReadAction","target":["https:\/\/www.credimex.ch\/fr\/produit\/pbc-redi-rail-2\/"]}]},{"@type":"ImageObject","inLanguage":"fr-FR","@id":"https:\/\/www.credimex.ch\/fr\/produit\/pbc-redi-rail-2\/#primaryimage","url":"https:\/\/www.credimex.ch\/wp-content\/uploads\/2022\/07\/RR-RollerRail-Metric.jpeg","contentUrl":"https:\/\/www.credimex.ch\/wp-content\/uploads\/2022\/07\/RR-RollerRail-Metric.jpeg","width":800,"height":425},{"@type":"BreadcrumbList","@id":"https:\/\/www.credimex.ch\/fr\/produit\/pbc-redi-rail-2\/#breadcrumb","itemListElement":[{"@type":"ListItem","position":1,"name":"Home","item":"https:\/\/www.credimex.ch\/fr\/"},{"@type":"ListItem","position":2,"name":"Produits","item":"https:\/\/www.credimex.ch\/fr\/produits\/"},{"@type":"ListItem","position":3,"name":"Redi-Rail PBC"}]},{"@type":"WebSite","@id":"https:\/\/www.credimex.ch\/fr\/#website","url":"https:\/\/www.credimex.ch\/fr\/","name":"CREDIMEX","description":"Partner of Swiss Industrial Market","publisher":{"@id":"https:\/\/www.credimex.ch\/fr\/#organization"},"potentialAction":[{"@type":"SearchAction","target":{"@type":"EntryPoint","urlTemplate":"https:\/\/www.credimex.ch\/fr\/?s={search_term_string}"},"query-input":{"@type":"PropertyValueSpecification","valueRequired":true,"valueName":"search_term_string"}}],"inLanguage":"fr-FR"},{"@type":"Organization","@id":"https:\/\/www.credimex.ch\/fr\/#organization","name":"credimex","url":"https:\/\/www.credimex.ch\/fr\/","logo":{"@type":"ImageObject","inLanguage":"fr-FR","@id":"https:\/\/www.credimex.ch\/fr\/#\/schema\/logo\/image\/","url":"https:\/\/www.credimex.ch\/wp-content\/uploads\/2022\/03\/cropped-logo-credimex.png","contentUrl":"https:\/\/www.credimex.ch\/wp-content\/uploads\/2022\/03\/cropped-logo-credimex.png","width":512,"height":512,"caption":"credimex"},"image":{"@id":"https:\/\/www.credimex.ch\/fr\/#\/schema\/logo\/image\/"},"sameAs":["https:\/\/www.facebook.com\/credimex.alpnach\/","https:\/\/www.linkedin.com\/company\/credimex\/","https:\/\/www.youtube.com\/@CREDIMEX?sub_confirmation=1"]}]}},"_links":{"self":[{"href":"https:\/\/www.credimex.ch\/fr\/wp-json\/wp\/v2\/product\/4026","targetHints":{"allow":["GET"]}}],"collection":[{"href":"https:\/\/www.credimex.ch\/fr\/wp-json\/wp\/v2\/product"}],"about":[{"href":"https:\/\/www.credimex.ch\/fr\/wp-json\/wp\/v2\/types\/product"}],"replies":[{"embeddable":true,"href":"https:\/\/www.credimex.ch\/fr\/wp-json\/wp\/v2\/comments?post=4026"}],"wp:featuredmedia":[{"embeddable":true,"href":"https:\/\/www.credimex.ch\/fr\/wp-json\/wp\/v2\/media\/3478"}],"wp:attachment":[{"href":"https:\/\/www.credimex.ch\/fr\/wp-json\/wp\/v2\/media?parent=4026"}],"wp:term":[{"taxonomy":"product_brand","embeddable":true,"href":"https:\/\/www.credimex.ch\/fr\/wp-json\/wp\/v2\/product_brand?post=4026"},{"taxonomy":"product_cat","embeddable":true,"href":"https:\/\/www.credimex.ch\/fr\/wp-json\/wp\/v2\/product_cat?post=4026"},{"taxonomy":"product_tag","embeddable":true,"href":"https:\/\/www.credimex.ch\/fr\/wp-json\/wp\/v2\/product_tag?post=4026"}],"curies":[{"name":"wp","href":"https:\/\/api.w.org\/{rel}","templated":true}]}}