{"id":4028,"date":"2022-07-08T09:48:29","date_gmt":"2022-07-08T07:48:29","guid":{"rendered":"https:\/\/www.credimex.ch.mialias.net\/product\/guide-coulissant-pbc-uni-guide\/"},"modified":"2022-07-08T09:48:29","modified_gmt":"2022-07-08T07:48:29","slug":"serie-uni-guide-guide-coulissant","status":"publish","type":"product","link":"https:\/\/www.credimex.ch\/fr\/produit\/serie-uni-guide-guide-coulissant\/","title":{"rendered":"Guide coulissant PBC Uni-Guide"},"content":{"rendered":"<h2>Description<\/h2>\n<p>PBC Linear a appliqu\u00e9 la technologie \u00e9prouv\u00e9e SIMPLICITY\u00ae \u00e0 une conception en aluminium en deux parties pour cr\u00e9er la s\u00e9rie de guides coulissants Uni-Guide.<\/p>\n<p>L&rsquo;assemblage en deux parties facilite l&rsquo;int\u00e9gration rapide et facile dans des syst\u00e8mes nouveaux ou existants. Le rev\u00eatement Frelon\u00ae autolubrifiant d&rsquo;Uni-Guide lui permet d&rsquo;exceller dans les environnements les plus exigeants. Le syst\u00e8me de glissi\u00e8re lin\u00e9aire Uni-Guide\u2122 r\u00e9duit le nombre de pi\u00e8ces encombrantes gr\u00e2ce \u00e0 son assemblage en deux parties, ce qui simplifie l&rsquo;int\u00e9gration dans les applications nouvelles et existantes. Accompagn\u00e9 du rev\u00eatement FrelonGOLD\u00ae de PBC Linear, Uni-Guide facilite un d\u00e9placement fluide et sans entretien pendant toute la dur\u00e9e de vie du syst\u00e8me. Con\u00e7u pour prosp\u00e9rer dans des environnements difficiles, Uni-Guide offre les meilleures performances de sa cat\u00e9gorie en mati\u00e8re de mouvement lin\u00e9aire.<\/p>\n<h2>Avantages du produit<\/h2>\n<p>Les avantages du guide coulissant PBC Uni-Guide :<\/p>\n<ul>\n<li>Rev\u00eatement c\u00e9ramique, rail en aluminium et chariot anodis\u00e9<\/li>\n<li>FrelonGOLD Liner autolubrifiant et sans entretien<\/li>\n<li>L&rsquo;assemblage en deux parties permet une int\u00e9gration rapide et facile tout en \u00e9liminant le besoin d&rsquo;alignement dans les applications nouvelles et existantes.<\/li>\n<li>Excelle dans des conditions extr\u00eames telles que la temp\u00e9rature, les particules lourdes, le lavage et les vibrations extr\u00eames.<\/li>\n<li>Pas d&rsquo;\u00e9l\u00e9ments roulants, ce qui \u00e9limine la possibilit\u00e9 d&rsquo;une d\u00e9faillance catastrophique.<\/li>\n<li>Unit\u00e9 facile \u00e0 installer &#8211; aucun alignement n\u00e9cessaire<\/li>\n<li>Tailles des lames allant de 75, 100 et 125 mm<\/li>\n<li>Longueurs continues jusqu&rsquo;\u00e0 10 pieds (3,048 m)<\/li>\n<li>Rails et ensembles de chariots standard coup\u00e9s \u00e0 longueur<\/li>\n<\/ul>\n<h2>Application<\/h2>\n<ul>\n<li>Pince pour l&rsquo;automatisation et les lignes d&rsquo;assemblage<\/li>\n<li>Mat\u00e9riel m\u00e9dical et de laboratoire<\/li>\n<li>\u00c9tau \u00e0 usage intensif<\/li>\n<li>Support pour \u00e9cran audio\/visuel<\/li>\n<\/ul>\n","protected":false},"excerpt":{"rendered":"<p>PBC Linear a appliqu\u00e9 la technologie \u00e9prouv\u00e9e SIMPLICITY\u00ae \u00e0 une conception en aluminium en deux parties pour cr\u00e9er la <strong>s\u00e9rie de guides coulissants Uni-Guide.<\/strong><\/p>\n","protected":false},"featured_media":3476,"comment_status":"open","ping_status":"closed","template":"","meta":{"_acf_changed":false},"product_brand":[],"product_cat":[341,340,413,376,411,384,475,375,579,361,360,414,582,562,412],"product_tag":[],"class_list":{"0":"post-4028","1":"product","2":"type-product","3":"status-publish","4":"has-post-thumbnail","6":"product_cat-aerospatiale","7":"product_cat-automobile","8":"product_cat-batteries","9":"product_cat-e-mobilite","10":"product_cat-electronique","11":"product_cat-energie","12":"product_cat-fabrication-de-montres","13":"product_cat-ferroviaire","14":"product_cat-guides-lineaires","15":"product_cat-industrie-alimentaire","16":"product_cat-industrie-generale","17":"product_cat-medical","18":"product_cat-pbc","19":"product_cat-technique-de-guidage-lineaire","20":"product_cat-telepheriques","21":"pa_brands-pbc-fr","23":"first","24":"instock","25":"shipping-taxable","26":"product-type-simple"},"acf":[],"_yoast_wpseo_focuskw":"Guide coulissant Uni-Guide","_yoast_wpseo_metadesc":"PBC Linear a appliqu\u00e9 la technologie \u00e9prouv\u00e9e SIMPLICITY\u00ae \u00e0 une conception en aluminium en deux parties pour cr\u00e9er la s\u00e9rie de guides coulissants Uni-Guide.","yoast_head":"<!-- This site is optimized with the Yoast SEO Premium plugin v21.6 (Yoast SEO v27.4) - https:\/\/yoast.com\/product\/yoast-seo-premium-wordpress\/ -->\n<title>Guide coulissant PBC Uni-Guide - CREDIMEX<\/title>\n<meta name=\"description\" content=\"PBC Linear a appliqu\u00e9 la technologie \u00e9prouv\u00e9e SIMPLICITY\u00ae \u00e0 une conception en aluminium en deux parties pour cr\u00e9er la s\u00e9rie de guides coulissants Uni-Guide.\" \/>\n<meta name=\"robots\" content=\"index, follow, max-snippet:-1, max-image-preview:large, max-video-preview:-1\" \/>\n<link rel=\"canonical\" href=\"https:\/\/www.credimex.ch\/fr\/produit\/serie-uni-guide-guide-coulissant\/\" \/>\n<meta property=\"og:locale\" content=\"fr_FR\" \/>\n<meta property=\"og:type\" content=\"article\" \/>\n<meta property=\"og:title\" content=\"Guide coulissant PBC Uni-Guide\" \/>\n<meta property=\"og:description\" content=\"PBC Linear a appliqu\u00e9 la technologie \u00e9prouv\u00e9e SIMPLICITY\u00ae \u00e0 une conception en aluminium en deux parties pour cr\u00e9er la s\u00e9rie de guides coulissants Uni-Guide.\" \/>\n<meta property=\"og:url\" content=\"https:\/\/www.credimex.ch\/fr\/produit\/serie-uni-guide-guide-coulissant\/\" \/>\n<meta property=\"og:site_name\" content=\"CREDIMEX\" \/>\n<meta property=\"article:publisher\" content=\"https:\/\/www.facebook.com\/credimex.alpnach\/\" \/>\n<meta property=\"og:image\" content=\"https:\/\/www.credimex.ch\/wp-content\/uploads\/2022\/07\/Uni-Guide-Linear-Slide-System.jpeg\" \/>\n\t<meta property=\"og:image:width\" content=\"800\" \/>\n\t<meta property=\"og:image:height\" content=\"425\" \/>\n\t<meta property=\"og:image:type\" content=\"image\/jpeg\" \/>\n<meta name=\"twitter:card\" content=\"summary_large_image\" \/>\n<meta name=\"twitter:label1\" content=\"Dur\u00e9e de lecture estim\u00e9e\" \/>\n\t<meta name=\"twitter:data1\" content=\"1 minute\" \/>\n<script type=\"application\/ld+json\" class=\"yoast-schema-graph\">{\"@context\":\"https:\\\/\\\/schema.org\",\"@graph\":[{\"@type\":\"WebPage\",\"@id\":\"https:\\\/\\\/www.credimex.ch\\\/fr\\\/produit\\\/serie-uni-guide-guide-coulissant\\\/\",\"url\":\"https:\\\/\\\/www.credimex.ch\\\/fr\\\/produit\\\/serie-uni-guide-guide-coulissant\\\/\",\"name\":\"Guide coulissant PBC Uni-Guide - CREDIMEX\",\"isPartOf\":{\"@id\":\"https:\\\/\\\/www.credimex.ch\\\/fr\\\/#website\"},\"primaryImageOfPage\":{\"@id\":\"https:\\\/\\\/www.credimex.ch\\\/fr\\\/produit\\\/serie-uni-guide-guide-coulissant\\\/#primaryimage\"},\"image\":{\"@id\":\"https:\\\/\\\/www.credimex.ch\\\/fr\\\/produit\\\/serie-uni-guide-guide-coulissant\\\/#primaryimage\"},\"thumbnailUrl\":\"https:\\\/\\\/www.credimex.ch\\\/wp-content\\\/uploads\\\/2022\\\/07\\\/Uni-Guide-Linear-Slide-System.jpeg\",\"datePublished\":\"2022-07-08T07:48:29+00:00\",\"description\":\"PBC Linear a appliqu\u00e9 la technologie \u00e9prouv\u00e9e SIMPLICITY\u00ae \u00e0 une conception en aluminium en deux parties pour cr\u00e9er la s\u00e9rie de guides coulissants Uni-Guide.\",\"breadcrumb\":{\"@id\":\"https:\\\/\\\/www.credimex.ch\\\/fr\\\/produit\\\/serie-uni-guide-guide-coulissant\\\/#breadcrumb\"},\"inLanguage\":\"fr-FR\",\"potentialAction\":[{\"@type\":\"ReadAction\",\"target\":[\"https:\\\/\\\/www.credimex.ch\\\/fr\\\/produit\\\/serie-uni-guide-guide-coulissant\\\/\"]}]},{\"@type\":\"ImageObject\",\"inLanguage\":\"fr-FR\",\"@id\":\"https:\\\/\\\/www.credimex.ch\\\/fr\\\/produit\\\/serie-uni-guide-guide-coulissant\\\/#primaryimage\",\"url\":\"https:\\\/\\\/www.credimex.ch\\\/wp-content\\\/uploads\\\/2022\\\/07\\\/Uni-Guide-Linear-Slide-System.jpeg\",\"contentUrl\":\"https:\\\/\\\/www.credimex.ch\\\/wp-content\\\/uploads\\\/2022\\\/07\\\/Uni-Guide-Linear-Slide-System.jpeg\",\"width\":800,\"height\":425},{\"@type\":\"BreadcrumbList\",\"@id\":\"https:\\\/\\\/www.credimex.ch\\\/fr\\\/produit\\\/serie-uni-guide-guide-coulissant\\\/#breadcrumb\",\"itemListElement\":[{\"@type\":\"ListItem\",\"position\":1,\"name\":\"Home\",\"item\":\"https:\\\/\\\/www.credimex.ch\\\/fr\\\/\"},{\"@type\":\"ListItem\",\"position\":2,\"name\":\"Produits\",\"item\":\"https:\\\/\\\/www.credimex.ch\\\/fr\\\/produits\\\/\"},{\"@type\":\"ListItem\",\"position\":3,\"name\":\"Guide coulissant PBC Uni-Guide\"}]},{\"@type\":\"WebSite\",\"@id\":\"https:\\\/\\\/www.credimex.ch\\\/fr\\\/#website\",\"url\":\"https:\\\/\\\/www.credimex.ch\\\/fr\\\/\",\"name\":\"CREDIMEX\",\"description\":\"Partner of Swiss Industrial Market\",\"publisher\":{\"@id\":\"https:\\\/\\\/www.credimex.ch\\\/fr\\\/#organization\"},\"potentialAction\":[{\"@type\":\"SearchAction\",\"target\":{\"@type\":\"EntryPoint\",\"urlTemplate\":\"https:\\\/\\\/www.credimex.ch\\\/fr\\\/?s={search_term_string}\"},\"query-input\":{\"@type\":\"PropertyValueSpecification\",\"valueRequired\":true,\"valueName\":\"search_term_string\"}}],\"inLanguage\":\"fr-FR\"},{\"@type\":\"Organization\",\"@id\":\"https:\\\/\\\/www.credimex.ch\\\/fr\\\/#organization\",\"name\":\"credimex\",\"url\":\"https:\\\/\\\/www.credimex.ch\\\/fr\\\/\",\"logo\":{\"@type\":\"ImageObject\",\"inLanguage\":\"fr-FR\",\"@id\":\"https:\\\/\\\/www.credimex.ch\\\/fr\\\/#\\\/schema\\\/logo\\\/image\\\/\",\"url\":\"https:\\\/\\\/www.credimex.ch\\\/wp-content\\\/uploads\\\/2022\\\/03\\\/cropped-logo-credimex.png\",\"contentUrl\":\"https:\\\/\\\/www.credimex.ch\\\/wp-content\\\/uploads\\\/2022\\\/03\\\/cropped-logo-credimex.png\",\"width\":512,\"height\":512,\"caption\":\"credimex\"},\"image\":{\"@id\":\"https:\\\/\\\/www.credimex.ch\\\/fr\\\/#\\\/schema\\\/logo\\\/image\\\/\"},\"sameAs\":[\"https:\\\/\\\/www.facebook.com\\\/credimex.alpnach\\\/\",\"https:\\\/\\\/www.linkedin.com\\\/company\\\/credimex\\\/\",\"https:\\\/\\\/www.youtube.com\\\/@CREDIMEX?sub_confirmation=1\"]}]}<\/script>\n<!-- \/ Yoast SEO Premium plugin. -->","yoast_head_json":{"title":"Guide coulissant PBC Uni-Guide - CREDIMEX","description":"PBC Linear a appliqu\u00e9 la technologie \u00e9prouv\u00e9e SIMPLICITY\u00ae \u00e0 une conception en aluminium en deux parties pour cr\u00e9er la s\u00e9rie de guides coulissants Uni-Guide.","robots":{"index":"index","follow":"follow","max-snippet":"max-snippet:-1","max-image-preview":"max-image-preview:large","max-video-preview":"max-video-preview:-1"},"canonical":"https:\/\/www.credimex.ch\/fr\/produit\/serie-uni-guide-guide-coulissant\/","og_locale":"fr_FR","og_type":"article","og_title":"Guide coulissant PBC Uni-Guide","og_description":"PBC Linear a appliqu\u00e9 la technologie \u00e9prouv\u00e9e SIMPLICITY\u00ae \u00e0 une conception en aluminium en deux parties pour cr\u00e9er la s\u00e9rie de guides coulissants Uni-Guide.","og_url":"https:\/\/www.credimex.ch\/fr\/produit\/serie-uni-guide-guide-coulissant\/","og_site_name":"CREDIMEX","article_publisher":"https:\/\/www.facebook.com\/credimex.alpnach\/","og_image":[{"width":800,"height":425,"url":"https:\/\/www.credimex.ch\/wp-content\/uploads\/2022\/07\/Uni-Guide-Linear-Slide-System.jpeg","type":"image\/jpeg"}],"twitter_card":"summary_large_image","twitter_misc":{"Dur\u00e9e de lecture estim\u00e9e":"1 minute"},"schema":{"@context":"https:\/\/schema.org","@graph":[{"@type":"WebPage","@id":"https:\/\/www.credimex.ch\/fr\/produit\/serie-uni-guide-guide-coulissant\/","url":"https:\/\/www.credimex.ch\/fr\/produit\/serie-uni-guide-guide-coulissant\/","name":"Guide coulissant PBC Uni-Guide - CREDIMEX","isPartOf":{"@id":"https:\/\/www.credimex.ch\/fr\/#website"},"primaryImageOfPage":{"@id":"https:\/\/www.credimex.ch\/fr\/produit\/serie-uni-guide-guide-coulissant\/#primaryimage"},"image":{"@id":"https:\/\/www.credimex.ch\/fr\/produit\/serie-uni-guide-guide-coulissant\/#primaryimage"},"thumbnailUrl":"https:\/\/www.credimex.ch\/wp-content\/uploads\/2022\/07\/Uni-Guide-Linear-Slide-System.jpeg","datePublished":"2022-07-08T07:48:29+00:00","description":"PBC Linear a appliqu\u00e9 la technologie \u00e9prouv\u00e9e SIMPLICITY\u00ae \u00e0 une conception en aluminium en deux parties pour cr\u00e9er la s\u00e9rie de guides coulissants Uni-Guide.","breadcrumb":{"@id":"https:\/\/www.credimex.ch\/fr\/produit\/serie-uni-guide-guide-coulissant\/#breadcrumb"},"inLanguage":"fr-FR","potentialAction":[{"@type":"ReadAction","target":["https:\/\/www.credimex.ch\/fr\/produit\/serie-uni-guide-guide-coulissant\/"]}]},{"@type":"ImageObject","inLanguage":"fr-FR","@id":"https:\/\/www.credimex.ch\/fr\/produit\/serie-uni-guide-guide-coulissant\/#primaryimage","url":"https:\/\/www.credimex.ch\/wp-content\/uploads\/2022\/07\/Uni-Guide-Linear-Slide-System.jpeg","contentUrl":"https:\/\/www.credimex.ch\/wp-content\/uploads\/2022\/07\/Uni-Guide-Linear-Slide-System.jpeg","width":800,"height":425},{"@type":"BreadcrumbList","@id":"https:\/\/www.credimex.ch\/fr\/produit\/serie-uni-guide-guide-coulissant\/#breadcrumb","itemListElement":[{"@type":"ListItem","position":1,"name":"Home","item":"https:\/\/www.credimex.ch\/fr\/"},{"@type":"ListItem","position":2,"name":"Produits","item":"https:\/\/www.credimex.ch\/fr\/produits\/"},{"@type":"ListItem","position":3,"name":"Guide coulissant PBC Uni-Guide"}]},{"@type":"WebSite","@id":"https:\/\/www.credimex.ch\/fr\/#website","url":"https:\/\/www.credimex.ch\/fr\/","name":"CREDIMEX","description":"Partner of Swiss Industrial Market","publisher":{"@id":"https:\/\/www.credimex.ch\/fr\/#organization"},"potentialAction":[{"@type":"SearchAction","target":{"@type":"EntryPoint","urlTemplate":"https:\/\/www.credimex.ch\/fr\/?s={search_term_string}"},"query-input":{"@type":"PropertyValueSpecification","valueRequired":true,"valueName":"search_term_string"}}],"inLanguage":"fr-FR"},{"@type":"Organization","@id":"https:\/\/www.credimex.ch\/fr\/#organization","name":"credimex","url":"https:\/\/www.credimex.ch\/fr\/","logo":{"@type":"ImageObject","inLanguage":"fr-FR","@id":"https:\/\/www.credimex.ch\/fr\/#\/schema\/logo\/image\/","url":"https:\/\/www.credimex.ch\/wp-content\/uploads\/2022\/03\/cropped-logo-credimex.png","contentUrl":"https:\/\/www.credimex.ch\/wp-content\/uploads\/2022\/03\/cropped-logo-credimex.png","width":512,"height":512,"caption":"credimex"},"image":{"@id":"https:\/\/www.credimex.ch\/fr\/#\/schema\/logo\/image\/"},"sameAs":["https:\/\/www.facebook.com\/credimex.alpnach\/","https:\/\/www.linkedin.com\/company\/credimex\/","https:\/\/www.youtube.com\/@CREDIMEX?sub_confirmation=1"]}]}},"_links":{"self":[{"href":"https:\/\/www.credimex.ch\/fr\/wp-json\/wp\/v2\/product\/4028","targetHints":{"allow":["GET"]}}],"collection":[{"href":"https:\/\/www.credimex.ch\/fr\/wp-json\/wp\/v2\/product"}],"about":[{"href":"https:\/\/www.credimex.ch\/fr\/wp-json\/wp\/v2\/types\/product"}],"replies":[{"embeddable":true,"href":"https:\/\/www.credimex.ch\/fr\/wp-json\/wp\/v2\/comments?post=4028"}],"wp:featuredmedia":[{"embeddable":true,"href":"https:\/\/www.credimex.ch\/fr\/wp-json\/wp\/v2\/media\/3476"}],"wp:attachment":[{"href":"https:\/\/www.credimex.ch\/fr\/wp-json\/wp\/v2\/media?parent=4028"}],"wp:term":[{"taxonomy":"product_brand","embeddable":true,"href":"https:\/\/www.credimex.ch\/fr\/wp-json\/wp\/v2\/product_brand?post=4028"},{"taxonomy":"product_cat","embeddable":true,"href":"https:\/\/www.credimex.ch\/fr\/wp-json\/wp\/v2\/product_cat?post=4028"},{"taxonomy":"product_tag","embeddable":true,"href":"https:\/\/www.credimex.ch\/fr\/wp-json\/wp\/v2\/product_tag?post=4028"}],"curies":[{"name":"wp","href":"https:\/\/api.w.org\/{rel}","templated":true}]}}