{"id":4030,"date":"2022-07-08T09:40:08","date_gmt":"2022-07-08T07:40:08","guid":{"rendered":"https:\/\/www.credimex.ch.mialias.net\/product\/guides-coulissants-pbc-mini-rail\/"},"modified":"2022-07-08T09:40:08","modified_gmt":"2022-07-08T07:40:08","slug":"pbc-mini-rail-sliding-guides-2","status":"publish","type":"product","link":"https:\/\/www.credimex.ch\/fr\/produit\/pbc-mini-rail-sliding-guides-2\/","title":{"rendered":"Guides coulissants PBC Mini-Rail"},"content":{"rendered":"<h2>Description<\/h2>\n<p>Bas\u00e9s sur la technologie SIMPLICITY\u00ae, les deux configurations de conception efficaces des guides coulissants PBC Mini-Rail (Pr\u00e9cision et Compens\u00e9) permettent une installation rapide et offrent des performances exceptionnelles dans les applications de mouvement lin\u00e9aire exigeantes.<\/p>\n<p>Alternative \u00e9conomique aux guides lin\u00e9aires miniatures conventionnels, le Mini-Rail n\u00e9cessite peu d&rsquo;entretien, est interchangeable avec les dimensions standard de l&rsquo;industrie et est maintenu en stock pour une livraison rapide. Les guides lin\u00e9aires miniatures Mini-Rail sont disponibles dans des longueurs allant jusqu&rsquo;\u00e0 3600 mm, ce qui signifie qu&rsquo;il n&rsquo;y a pas de joints bout \u00e0 bout encombrants. Ces guides sont fabriqu\u00e9s avec pr\u00e9cision \u00e0 partir d&rsquo;alliages d&rsquo;aluminium l\u00e9gers pour garantir une longue dur\u00e9e de vie et une r\u00e9sistance \u00e0 la corrosion.<\/p>\n<h2>Avantages du produit<\/h2>\n<p>Les avantages des guides coulissants PBC Mini-Rail :<\/p>\n<ul>\n<li>Capacit\u00e9 de charge statique jusqu&rsquo;\u00e0 1350 lb<\/li>\n<li>Disponible en 5 tailles, de 7 mm \u00e0 20 mm de largeur de base.<\/li>\n<li>Longueurs de rail jusqu&rsquo;\u00e0 3600 mm<\/li>\n<li>FrelonGOLD\u00ae autolubrifiant<\/li>\n<li>Pas d&rsquo;\u00e9l\u00e9ments roulants et pas de d\u00e9faillance catastrophique<\/li>\n<li>Doux, silencieux et r\u00e9p\u00e9table<\/li>\n<li>R\u00e9siste aux vibrations et aux chocs<\/li>\n<li>Deux configurations de conception : Pr\u00e9cision et compens\u00e9<\/li>\n<li>Rail en aluminium \u00e0 rev\u00eatement c\u00e9ramique<\/li>\n<li>Chariot en aluminium anodis\u00e9<\/li>\n<li>Longue dur\u00e9e de vie et r\u00e9sistance \u00e0 la corrosion<\/li>\n<li>Conception compacte<\/li>\n<li>Options vis-m\u00e8re et moteur pas \u00e0 pas disponibles<\/li>\n<li>Interchangeable avec les syst\u00e8mes comparables \u00e0 bille<\/li>\n<\/ul>\n<h2>Application<\/h2>\n<ul>\n<li>Pr\u00e9cision m\u00e9dicale<\/li>\n<li>Composants des maisons mobiles<\/li>\n<li>Emballage<\/li>\n<li>Transformation des aliments<\/li>\n<li>Mouvement des produits<\/li>\n<li>Automatisation<\/li>\n<li>Semi-conducteurs<\/li>\n<li>Impression<\/li>\n<li>\u00c9lectronique<\/li>\n<\/ul>\n","protected":false},"excerpt":{"rendered":"<p>Les <strong>guides coulissants PBC Mini-Rail<\/strong> permettent une installation rapide et offrent des performances exceptionnelles dans les applications de mouvement lin\u00e9aire exigeantes.<\/p>\n","protected":false},"featured_media":3474,"comment_status":"open","ping_status":"closed","template":"","meta":{"_acf_changed":false},"product_brand":[],"product_cat":[341,340,413,376,411,384,475,375,577,361,360,414,582,562,412],"product_tag":[],"class_list":{"0":"post-4030","1":"product","2":"type-product","3":"status-publish","4":"has-post-thumbnail","6":"product_cat-aerospatiale","7":"product_cat-automobile","8":"product_cat-batteries","9":"product_cat-e-mobilite","10":"product_cat-electronique","11":"product_cat-energie","12":"product_cat-fabrication-de-montres","13":"product_cat-ferroviaire","14":"product_cat-guides-miniatures","15":"product_cat-industrie-alimentaire","16":"product_cat-industrie-generale","17":"product_cat-medical","18":"product_cat-pbc","19":"product_cat-technique-de-guidage-lineaire","20":"product_cat-telepheriques","21":"pa_brands-pbc-fr","23":"first","24":"instock","25":"shipping-taxable","26":"product-type-simple"},"acf":[],"_yoast_wpseo_focuskw":"Guides coulissants PBC Mini-Rail","_yoast_wpseo_metadesc":"Les guides coulissants PBC Mini-Rail permettent une installation rapide et offrent des performances exceptionnelles dans les applications de mouvement lin\u00e9aire exigeantes.","yoast_head":"<!-- This site is optimized with the Yoast SEO Premium plugin v21.6 (Yoast SEO v27.4) - https:\/\/yoast.com\/product\/yoast-seo-premium-wordpress\/ -->\n<title>Guides coulissants PBC Mini-Rail - CREDIMEX<\/title>\n<meta name=\"description\" content=\"Les guides coulissants PBC Mini-Rail permettent une installation rapide et offrent des performances exceptionnelles dans les applications de mouvement lin\u00e9aire exigeantes.\" \/>\n<meta name=\"robots\" content=\"index, follow, max-snippet:-1, max-image-preview:large, max-video-preview:-1\" \/>\n<link rel=\"canonical\" href=\"https:\/\/www.credimex.ch\/fr\/produit\/pbc-mini-rail-sliding-guides-2\/\" \/>\n<meta property=\"og:locale\" content=\"fr_FR\" \/>\n<meta property=\"og:type\" content=\"article\" \/>\n<meta property=\"og:title\" content=\"Guides coulissants PBC Mini-Rail\" \/>\n<meta property=\"og:description\" content=\"Les guides coulissants PBC Mini-Rail permettent une installation rapide et offrent des performances exceptionnelles dans les applications de mouvement lin\u00e9aire exigeantes.\" \/>\n<meta property=\"og:url\" content=\"https:\/\/www.credimex.ch\/fr\/produit\/pbc-mini-rail-sliding-guides-2\/\" \/>\n<meta property=\"og:site_name\" content=\"CREDIMEX\" \/>\n<meta property=\"article:publisher\" content=\"https:\/\/www.facebook.com\/credimex.alpnach\/\" \/>\n<meta property=\"og:image\" content=\"https:\/\/www.credimex.ch\/wp-content\/uploads\/2022\/07\/mini-rail-MR2.jpeg\" \/>\n\t<meta property=\"og:image:width\" content=\"800\" \/>\n\t<meta property=\"og:image:height\" content=\"425\" \/>\n\t<meta property=\"og:image:type\" content=\"image\/jpeg\" \/>\n<meta name=\"twitter:card\" content=\"summary_large_image\" \/>\n<meta name=\"twitter:label1\" content=\"Dur\u00e9e de lecture estim\u00e9e\" \/>\n\t<meta name=\"twitter:data1\" content=\"1 minute\" \/>\n<script type=\"application\/ld+json\" class=\"yoast-schema-graph\">{\"@context\":\"https:\\\/\\\/schema.org\",\"@graph\":[{\"@type\":\"WebPage\",\"@id\":\"https:\\\/\\\/www.credimex.ch\\\/fr\\\/produit\\\/pbc-mini-rail-sliding-guides-2\\\/\",\"url\":\"https:\\\/\\\/www.credimex.ch\\\/fr\\\/produit\\\/pbc-mini-rail-sliding-guides-2\\\/\",\"name\":\"Guides coulissants PBC Mini-Rail - CREDIMEX\",\"isPartOf\":{\"@id\":\"https:\\\/\\\/www.credimex.ch\\\/fr\\\/#website\"},\"primaryImageOfPage\":{\"@id\":\"https:\\\/\\\/www.credimex.ch\\\/fr\\\/produit\\\/pbc-mini-rail-sliding-guides-2\\\/#primaryimage\"},\"image\":{\"@id\":\"https:\\\/\\\/www.credimex.ch\\\/fr\\\/produit\\\/pbc-mini-rail-sliding-guides-2\\\/#primaryimage\"},\"thumbnailUrl\":\"https:\\\/\\\/www.credimex.ch\\\/wp-content\\\/uploads\\\/2022\\\/07\\\/mini-rail-MR2.jpeg\",\"datePublished\":\"2022-07-08T07:40:08+00:00\",\"description\":\"Les guides coulissants PBC Mini-Rail permettent une installation rapide et offrent des performances exceptionnelles dans les applications de mouvement lin\u00e9aire exigeantes.\",\"breadcrumb\":{\"@id\":\"https:\\\/\\\/www.credimex.ch\\\/fr\\\/produit\\\/pbc-mini-rail-sliding-guides-2\\\/#breadcrumb\"},\"inLanguage\":\"fr-FR\",\"potentialAction\":[{\"@type\":\"ReadAction\",\"target\":[\"https:\\\/\\\/www.credimex.ch\\\/fr\\\/produit\\\/pbc-mini-rail-sliding-guides-2\\\/\"]}]},{\"@type\":\"ImageObject\",\"inLanguage\":\"fr-FR\",\"@id\":\"https:\\\/\\\/www.credimex.ch\\\/fr\\\/produit\\\/pbc-mini-rail-sliding-guides-2\\\/#primaryimage\",\"url\":\"https:\\\/\\\/www.credimex.ch\\\/wp-content\\\/uploads\\\/2022\\\/07\\\/mini-rail-MR2.jpeg\",\"contentUrl\":\"https:\\\/\\\/www.credimex.ch\\\/wp-content\\\/uploads\\\/2022\\\/07\\\/mini-rail-MR2.jpeg\",\"width\":800,\"height\":425},{\"@type\":\"BreadcrumbList\",\"@id\":\"https:\\\/\\\/www.credimex.ch\\\/fr\\\/produit\\\/pbc-mini-rail-sliding-guides-2\\\/#breadcrumb\",\"itemListElement\":[{\"@type\":\"ListItem\",\"position\":1,\"name\":\"Home\",\"item\":\"https:\\\/\\\/www.credimex.ch\\\/fr\\\/\"},{\"@type\":\"ListItem\",\"position\":2,\"name\":\"Produits\",\"item\":\"https:\\\/\\\/www.credimex.ch\\\/fr\\\/produits\\\/\"},{\"@type\":\"ListItem\",\"position\":3,\"name\":\"Guides coulissants PBC Mini-Rail\"}]},{\"@type\":\"WebSite\",\"@id\":\"https:\\\/\\\/www.credimex.ch\\\/fr\\\/#website\",\"url\":\"https:\\\/\\\/www.credimex.ch\\\/fr\\\/\",\"name\":\"CREDIMEX\",\"description\":\"Partner of Swiss Industrial Market\",\"publisher\":{\"@id\":\"https:\\\/\\\/www.credimex.ch\\\/fr\\\/#organization\"},\"potentialAction\":[{\"@type\":\"SearchAction\",\"target\":{\"@type\":\"EntryPoint\",\"urlTemplate\":\"https:\\\/\\\/www.credimex.ch\\\/fr\\\/?s={search_term_string}\"},\"query-input\":{\"@type\":\"PropertyValueSpecification\",\"valueRequired\":true,\"valueName\":\"search_term_string\"}}],\"inLanguage\":\"fr-FR\"},{\"@type\":\"Organization\",\"@id\":\"https:\\\/\\\/www.credimex.ch\\\/fr\\\/#organization\",\"name\":\"credimex\",\"url\":\"https:\\\/\\\/www.credimex.ch\\\/fr\\\/\",\"logo\":{\"@type\":\"ImageObject\",\"inLanguage\":\"fr-FR\",\"@id\":\"https:\\\/\\\/www.credimex.ch\\\/fr\\\/#\\\/schema\\\/logo\\\/image\\\/\",\"url\":\"https:\\\/\\\/www.credimex.ch\\\/wp-content\\\/uploads\\\/2022\\\/03\\\/cropped-logo-credimex.png\",\"contentUrl\":\"https:\\\/\\\/www.credimex.ch\\\/wp-content\\\/uploads\\\/2022\\\/03\\\/cropped-logo-credimex.png\",\"width\":512,\"height\":512,\"caption\":\"credimex\"},\"image\":{\"@id\":\"https:\\\/\\\/www.credimex.ch\\\/fr\\\/#\\\/schema\\\/logo\\\/image\\\/\"},\"sameAs\":[\"https:\\\/\\\/www.facebook.com\\\/credimex.alpnach\\\/\",\"https:\\\/\\\/www.linkedin.com\\\/company\\\/credimex\\\/\",\"https:\\\/\\\/www.youtube.com\\\/@CREDIMEX?sub_confirmation=1\"]}]}<\/script>\n<!-- \/ Yoast SEO Premium plugin. -->","yoast_head_json":{"title":"Guides coulissants PBC Mini-Rail - CREDIMEX","description":"Les guides coulissants PBC Mini-Rail permettent une installation rapide et offrent des performances exceptionnelles dans les applications de mouvement lin\u00e9aire exigeantes.","robots":{"index":"index","follow":"follow","max-snippet":"max-snippet:-1","max-image-preview":"max-image-preview:large","max-video-preview":"max-video-preview:-1"},"canonical":"https:\/\/www.credimex.ch\/fr\/produit\/pbc-mini-rail-sliding-guides-2\/","og_locale":"fr_FR","og_type":"article","og_title":"Guides coulissants PBC Mini-Rail","og_description":"Les guides coulissants PBC Mini-Rail permettent une installation rapide et offrent des performances exceptionnelles dans les applications de mouvement lin\u00e9aire exigeantes.","og_url":"https:\/\/www.credimex.ch\/fr\/produit\/pbc-mini-rail-sliding-guides-2\/","og_site_name":"CREDIMEX","article_publisher":"https:\/\/www.facebook.com\/credimex.alpnach\/","og_image":[{"width":800,"height":425,"url":"https:\/\/www.credimex.ch\/wp-content\/uploads\/2022\/07\/mini-rail-MR2.jpeg","type":"image\/jpeg"}],"twitter_card":"summary_large_image","twitter_misc":{"Dur\u00e9e de lecture estim\u00e9e":"1 minute"},"schema":{"@context":"https:\/\/schema.org","@graph":[{"@type":"WebPage","@id":"https:\/\/www.credimex.ch\/fr\/produit\/pbc-mini-rail-sliding-guides-2\/","url":"https:\/\/www.credimex.ch\/fr\/produit\/pbc-mini-rail-sliding-guides-2\/","name":"Guides coulissants PBC Mini-Rail - CREDIMEX","isPartOf":{"@id":"https:\/\/www.credimex.ch\/fr\/#website"},"primaryImageOfPage":{"@id":"https:\/\/www.credimex.ch\/fr\/produit\/pbc-mini-rail-sliding-guides-2\/#primaryimage"},"image":{"@id":"https:\/\/www.credimex.ch\/fr\/produit\/pbc-mini-rail-sliding-guides-2\/#primaryimage"},"thumbnailUrl":"https:\/\/www.credimex.ch\/wp-content\/uploads\/2022\/07\/mini-rail-MR2.jpeg","datePublished":"2022-07-08T07:40:08+00:00","description":"Les guides coulissants PBC Mini-Rail permettent une installation rapide et offrent des performances exceptionnelles dans les applications de mouvement lin\u00e9aire exigeantes.","breadcrumb":{"@id":"https:\/\/www.credimex.ch\/fr\/produit\/pbc-mini-rail-sliding-guides-2\/#breadcrumb"},"inLanguage":"fr-FR","potentialAction":[{"@type":"ReadAction","target":["https:\/\/www.credimex.ch\/fr\/produit\/pbc-mini-rail-sliding-guides-2\/"]}]},{"@type":"ImageObject","inLanguage":"fr-FR","@id":"https:\/\/www.credimex.ch\/fr\/produit\/pbc-mini-rail-sliding-guides-2\/#primaryimage","url":"https:\/\/www.credimex.ch\/wp-content\/uploads\/2022\/07\/mini-rail-MR2.jpeg","contentUrl":"https:\/\/www.credimex.ch\/wp-content\/uploads\/2022\/07\/mini-rail-MR2.jpeg","width":800,"height":425},{"@type":"BreadcrumbList","@id":"https:\/\/www.credimex.ch\/fr\/produit\/pbc-mini-rail-sliding-guides-2\/#breadcrumb","itemListElement":[{"@type":"ListItem","position":1,"name":"Home","item":"https:\/\/www.credimex.ch\/fr\/"},{"@type":"ListItem","position":2,"name":"Produits","item":"https:\/\/www.credimex.ch\/fr\/produits\/"},{"@type":"ListItem","position":3,"name":"Guides coulissants PBC Mini-Rail"}]},{"@type":"WebSite","@id":"https:\/\/www.credimex.ch\/fr\/#website","url":"https:\/\/www.credimex.ch\/fr\/","name":"CREDIMEX","description":"Partner of Swiss Industrial Market","publisher":{"@id":"https:\/\/www.credimex.ch\/fr\/#organization"},"potentialAction":[{"@type":"SearchAction","target":{"@type":"EntryPoint","urlTemplate":"https:\/\/www.credimex.ch\/fr\/?s={search_term_string}"},"query-input":{"@type":"PropertyValueSpecification","valueRequired":true,"valueName":"search_term_string"}}],"inLanguage":"fr-FR"},{"@type":"Organization","@id":"https:\/\/www.credimex.ch\/fr\/#organization","name":"credimex","url":"https:\/\/www.credimex.ch\/fr\/","logo":{"@type":"ImageObject","inLanguage":"fr-FR","@id":"https:\/\/www.credimex.ch\/fr\/#\/schema\/logo\/image\/","url":"https:\/\/www.credimex.ch\/wp-content\/uploads\/2022\/03\/cropped-logo-credimex.png","contentUrl":"https:\/\/www.credimex.ch\/wp-content\/uploads\/2022\/03\/cropped-logo-credimex.png","width":512,"height":512,"caption":"credimex"},"image":{"@id":"https:\/\/www.credimex.ch\/fr\/#\/schema\/logo\/image\/"},"sameAs":["https:\/\/www.facebook.com\/credimex.alpnach\/","https:\/\/www.linkedin.com\/company\/credimex\/","https:\/\/www.youtube.com\/@CREDIMEX?sub_confirmation=1"]}]}},"_links":{"self":[{"href":"https:\/\/www.credimex.ch\/fr\/wp-json\/wp\/v2\/product\/4030","targetHints":{"allow":["GET"]}}],"collection":[{"href":"https:\/\/www.credimex.ch\/fr\/wp-json\/wp\/v2\/product"}],"about":[{"href":"https:\/\/www.credimex.ch\/fr\/wp-json\/wp\/v2\/types\/product"}],"replies":[{"embeddable":true,"href":"https:\/\/www.credimex.ch\/fr\/wp-json\/wp\/v2\/comments?post=4030"}],"wp:featuredmedia":[{"embeddable":true,"href":"https:\/\/www.credimex.ch\/fr\/wp-json\/wp\/v2\/media\/3474"}],"wp:attachment":[{"href":"https:\/\/www.credimex.ch\/fr\/wp-json\/wp\/v2\/media?parent=4030"}],"wp:term":[{"taxonomy":"product_brand","embeddable":true,"href":"https:\/\/www.credimex.ch\/fr\/wp-json\/wp\/v2\/product_brand?post=4030"},{"taxonomy":"product_cat","embeddable":true,"href":"https:\/\/www.credimex.ch\/fr\/wp-json\/wp\/v2\/product_cat?post=4030"},{"taxonomy":"product_tag","embeddable":true,"href":"https:\/\/www.credimex.ch\/fr\/wp-json\/wp\/v2\/product_tag?post=4030"}],"curies":[{"name":"wp","href":"https:\/\/api.w.org\/{rel}","templated":true}]}}